{"id":9995,"date":"2025-04-02T18:12:39","date_gmt":"2025-04-02T18:12:39","guid":{"rendered":"https:\/\/iberoid-shop.com\/?post_type=product&#038;p=9995"},"modified":"2026-02-02T17:22:31","modified_gmt":"2026-02-02T17:22:31","slug":"pack3testosteronpropionate-mp-pharm","status":"publish","type":"product","link":"https:\/\/iberoid-shop.com\/it\/product\/pack3testosteronpropionate-mp-pharm\/","title":{"rendered":"PACK 3 &#8211; Testosterone Propionate"},"content":{"rendered":"<p><\/p>\n<p class=\"\" data-start=\"0\" data-end=\"351\">Il propionato di testosterone viene utilizzato nel trattamento del deficit androgenico dopo castrazione, eunquismo, impotenza di origine ormonale, segni del climax maschile (diminuzione della libido e dell&#8217;attivit\u00e0 fisica e intellettuale) nell&#8217;acromegalia, nell&#8217;ipertrofia prostatica nelle prime fasi, osteoporosi causata da insufficienza androgenica.<\/p>\n<p class=\"\" data-start=\"353\" data-end=\"757\">Nelle donne, il propionato di testosterone viene utilizzato per trattare disturbi vascolari e nervosi del climaterio, quando vengono utilizzati preparati contro gli estrogeni (cancro ovarico e mammario, sanguinamento uterino) insieme alla radioterapia nel cancro al seno e alle ovaie (di solito nelle donne di et\u00e0 inferiore ai 60 anni) nelle donne con sanguinamento uterino disfunzionale sopra i 45 anni.<\/p>\n<p class=\"\" data-start=\"759\" data-end=\"777\">Controindicazioni:<\/p>\n<p class=\"\" data-start=\"779\" data-end=\"1257\">Persone con ipersensibilit\u00e0 al propionato di testosterone e ai suoi componenti, con problemi alla prostata o forse cancro al seno, ipertrofia prostatica con sintomi di problemi urinari, sindrome nefrotica o anche il periodo nefrotico associato a nefriti, edema, ipercalcemia, disfunzione epatica, diabete mellito e malattie coronariche, infarto miocardico con anamnesi, aterosclerosi negli uomini anziani, gravidanza, allattamento non devono usare il propionato di testosterone.<\/p>\n<p class=\"\" data-start=\"1259\" data-end=\"1276\">Somministrazione:<\/p>\n<p class=\"\" data-start=\"1278\" data-end=\"1498\">Il Test-Propionato pu\u00f2 essere somministrato solo mediante iniezione intramuscolare, nel muscolo gluteo. Il ciclo di dosaggio viene adattato individualmente in base alla malattia, al sesso, all&#8217;et\u00e0 e al risultato clinico.<\/p>\n<p class=\"\" data-start=\"1500\" data-end=\"1668\">La dose pi\u00f9 ottimale da somministrare \u00e8 di 50 mg aumentata fino a 100 mg, giornalmente o ogni due giorni. La dose settimanale totale sar\u00e0 nell&#8217;intervallo di 300-700 mg.<\/p>\n<p class=\"\" data-start=\"1670\" data-end=\"1684\">Azione medica:<\/p>\n<p class=\"\" data-start=\"1686\" data-end=\"2401\">Il testosterone \u00e8 l&#8217;ormone androgeno principale prodotto dai testicoli. Il testosterone \u00e8 responsabile dello sviluppo degli organi sessuali maschili e anche delle caratteristiche sessuali secondarie (sviluppo della prostata, vescicole seminali, pene e scroto), distribuzione dei peli maschili (viso, osso pubico, torace), sviluppo dei muscoli della laringe e distribuzione del peso corporeo. Mantiene l&#8217;equilibrio di sodio, potassio e fosforo, aumenta il metabolismo costruttivo delle proteine e riduce il catabolismo. Aumenta le concentrazioni plasmatiche, nella fase prepuberale provoca crescita stentata e chiusura epifisaria. Il propionato di testosterone favorisce la produzione di glicoproteine ed eritrociti.<\/p>\n<p class=\"\" data-start=\"2403\" data-end=\"2415\">Precauzioni:<\/p>\n<p class=\"\" data-start=\"2417\" data-end=\"3094\">Le persone che soffrono di malattie cardiache latenti o manifeste, funzionalit\u00e0 renale compromessa, ipertensione, epilessia o emicrania (o con una storia di presenza di queste condizioni) devono essere monitorate costantemente poich\u00e9 il testosterone pu\u00f2 causare ritenzione di sodio e acqua. Durante il trattamento, le funzioni epatiche devono essere monitorate. Nei pazienti con carcinoma mammario, ipernefroma, cancro polmonare con metastasi ossee, sar\u00e0 controllato il livello di calcio nel sangue e nelle urine. La somministrazione di testosterone in adolescenti prepuberi deve essere effettuata con cautela per evitare la cessazione prematura della crescita e della pubert\u00e0.<\/p>\n<p><\/p>","protected":false},"excerpt":{"rendered":"<p>Il propionato di testosterone viene utilizzato nel trattamento del deficit androgenico dopo castrazione, eunquismo, impotenza di origine ormonale, segni del<\/p>\n","protected":false},"featured_media":9996,"comment_status":"open","ping_status":"closed","template":"","meta":[],"product_brand":[],"product_cat":[69,3474],"product_tag":[],"class_list":{"0":"post-9995","1":"product","2":"type-product","3":"status-publish","4":"has-post-thumbnail","6":"product_cat-esteroides_inyectables","7":"product_cat-packs","9":"first","10":"instock","11":"sale","12":"shipping-taxable","13":"purchasable","14":"product-type-simple"},"yoast_head":"<!-- This site is optimized with the Yoast SEO Premium plugin v24.4 (Yoast SEO v27.0) - https:\/\/yoast.com\/product\/yoast-seo-premium-wordpress\/ -->\n<title>PACK 3 - Testosterone Propionate - Steroidi in linea<\/title>\n<meta name=\"description\" content=\"L&#039;iniezione di testosterone propionato tratta la carenza di androgeni, i problemi del climaterio maschile e l&#039;osteoporosi. Usato anche per alcune condizioni femminili. Dose tipica 50-100mg al giorno\/a giorni alterni. Controindicato in caso di cancro, gravidanza, problemi cardiaci\/epatici\/renali. Solo iniezione IM.\" \/>\n<meta name=\"robots\" content=\"index, follow, max-snippet:-1, max-image-preview:large, max-video-preview:-1\" \/>\n<link rel=\"canonical\" href=\"https:\/\/iberoid-shop.com\/it\/product\/pack3testosteronpropionate-mp-pharm\/\" \/>\n<meta property=\"og:locale\" content=\"it_IT\" \/>\n<meta property=\"og:type\" content=\"article\" \/>\n<meta property=\"og:title\" content=\"PACK 3 - Testosterone Propionate\" \/>\n<meta property=\"og:description\" content=\"L&#039;iniezione di testosterone propionato tratta la carenza di androgeni, i problemi del climaterio maschile e l&#039;osteoporosi. Usato anche per alcune condizioni femminili. Dose tipica 50-100mg al giorno\/a giorni alterni. Controindicato in caso di cancro, gravidanza, problemi cardiaci\/epatici\/renali. Solo iniezione IM.\" \/>\n<meta property=\"og:url\" content=\"https:\/\/iberoid-shop.com\/it\/product\/pack3testosteronpropionate-mp-pharm\/\" \/>\n<meta property=\"og:site_name\" content=\"Steroidi in linea\" \/>\n<meta property=\"article:modified_time\" content=\"2026-02-02T17:22:31+00:00\" \/>\n<meta property=\"og:image\" content=\"https:\/\/iberoid-shop.com\/wp-content\/uploads\/2025\/04\/TP3-scaled.jpg?v=1743617477\" \/>\n\t<meta property=\"og:image:width\" content=\"2560\" \/>\n\t<meta property=\"og:image:height\" content=\"2073\" \/>\n\t<meta property=\"og:image:type\" content=\"image\/jpeg\" \/>\n<meta name=\"twitter:card\" content=\"summary_large_image\" \/>\n<meta name=\"twitter:label1\" content=\"Prezzo\" \/>\n\t<meta name=\"twitter:data1\" content=\"&euro;40.00\" \/>\n\t<meta name=\"twitter:label2\" content=\"Disponibilit\u00e0\" \/>\n\t<meta name=\"twitter:data2\" content=\"In stock\" \/>\n<script type=\"application\/ld+json\" class=\"yoast-schema-graph\">{\"@context\":\"https:\/\/schema.org\",\"@graph\":[{\"@type\":\"WebPage\",\"@id\":\"https:\/\/iberoid-shop.com\/it\/product\/pack3testosteronpropionate-mp-pharm\/\",\"url\":\"https:\/\/iberoid-shop.com\/it\/product\/pack3testosteronpropionate-mp-pharm\/\",\"name\":\"PACK 3 - Testosterone Propionate - Steroidi in linea\",\"isPartOf\":{\"@id\":\"https:\/\/iberoid-shop.com\/it\/#website\"},\"primaryImageOfPage\":{\"@id\":\"https:\/\/iberoid-shop.com\/it\/product\/pack3testosteronpropionate-mp-pharm\/#primaryimage\"},\"image\":{\"@id\":\"https:\/\/iberoid-shop.com\/it\/product\/pack3testosteronpropionate-mp-pharm\/#primaryimage\"},\"thumbnailUrl\":\"https:\/\/iberoid-shop.com\/wp-content\/uploads\/2025\/04\/TP3-scaled.jpg?v=1743617477\",\"datePublished\":\"2025-04-02T18:12:39+00:00\",\"dateModified\":\"2026-02-02T17:22:31+00:00\",\"description\":\"L'iniezione di testosterone propionato tratta la carenza di androgeni, i problemi del climaterio maschile e l'osteoporosi. Usato anche per alcune condizioni femminili. Dose tipica 50-100mg al giorno\/a giorni alterni. Controindicato in caso di cancro, gravidanza, problemi cardiaci\/epatici\/renali. Solo iniezione IM.\",\"breadcrumb\":{\"@id\":\"https:\/\/iberoid-shop.com\/it\/product\/pack3testosteronpropionate-mp-pharm\/#breadcrumb\"},\"inLanguage\":\"it-IT\",\"potentialAction\":[{\"@type\":\"ReadAction\",\"target\":[[\"https:\/\/iberoid-shop.com\/it\/product\/pack3testosteronpropionate-mp-pharm\/\"]]}]},{\"@type\":\"ImageObject\",\"inLanguage\":\"it-IT\",\"@id\":\"https:\/\/iberoid-shop.com\/it\/product\/pack3testosteronpropionate-mp-pharm\/#primaryimage\",\"url\":\"https:\/\/iberoid-shop.com\/wp-content\/uploads\/2025\/04\/TP3-scaled.jpg?v=1743617477\",\"contentUrl\":\"https:\/\/iberoid-shop.com\/wp-content\/uploads\/2025\/04\/TP3-scaled.jpg?v=1743617477\",\"width\":2560,\"height\":2073},{\"@type\":\"BreadcrumbList\",\"@id\":\"https:\/\/iberoid-shop.com\/it\/product\/pack3testosteronpropionate-mp-pharm\/#breadcrumb\",\"itemListElement\":[{\"@type\":\"ListItem\",\"position\":1,\"name\":\"Portada\",\"item\":\"https:\/\/iberoid-shop.com\/it\/\"},{\"@type\":\"ListItem\",\"position\":2,\"name\":\"Negozio\",\"item\":\"https:\/\/iberoid-shop.com\/it\/shop\/\"},{\"@type\":\"ListItem\",\"position\":3,\"name\":\"PACK 3 &#8211; Testosterone Propionate\"}]},{\"@type\":\"WebSite\",\"@id\":\"https:\/\/iberoid-shop.com\/it\/#website\",\"url\":\"https:\/\/iberoid-shop.com\/it\/\",\"name\":\"Steroidi in linea\",\"description\":\"Acquista steroidi online oggi in Spagna e Portogallo. Abbiamo il miglior servizio clienti del settore e prodotti di altissima qualit\u00e0\",\"potentialAction\":[{\"@type\":\"SearchAction\",\"target\":{\"@type\":\"EntryPoint\",\"urlTemplate\":\"https:\/\/iberoid-shop.com\/it\/?s={search_term_string}\"},\"query-input\":{\"@type\":\"PropertyValueSpecification\",\"valueRequired\":true,\"valueName\":\"search_term_string\"}}],\"inLanguage\":\"it-IT\"}]}<\/script>\n<meta property=\"product:price:amount\" content=\"40.00\" \/>\n<meta property=\"product:price:currency\" content=\"EUR\" \/>\n<meta property=\"og:availability\" content=\"instock\" \/>\n<meta property=\"product:availability\" content=\"instock\" \/>\n<meta property=\"product:condition\" content=\"new\" \/>\n<!-- \/ Yoast SEO Premium plugin. -->","yoast_head_json":{"title":"PACK 3 - Testosterone Propionate - Steroidi in linea","description":"L'iniezione di testosterone propionato tratta la carenza di androgeni, i problemi del climaterio maschile e l'osteoporosi. Usato anche per alcune condizioni femminili. Dose tipica 50-100mg al giorno\/a giorni alterni. Controindicato in caso di cancro, gravidanza, problemi cardiaci\/epatici\/renali. Solo iniezione IM.","robots":{"index":"index","follow":"follow","max-snippet":"max-snippet:-1","max-image-preview":"max-image-preview:large","max-video-preview":"max-video-preview:-1"},"canonical":"https:\/\/iberoid-shop.com\/it\/product\/pack3testosteronpropionate-mp-pharm\/","og_locale":"it_IT","og_type":"article","og_title":"PACK 3 - Testosterone Propionate","og_description":"L'iniezione di testosterone propionato tratta la carenza di androgeni, i problemi del climaterio maschile e l'osteoporosi. Usato anche per alcune condizioni femminili. Dose tipica 50-100mg al giorno\/a giorni alterni. Controindicato in caso di cancro, gravidanza, problemi cardiaci\/epatici\/renali. Solo iniezione IM.","og_url":"https:\/\/iberoid-shop.com\/it\/product\/pack3testosteronpropionate-mp-pharm\/","og_site_name":"Steroidi in linea","article_modified_time":"2026-02-02T17:22:31+00:00","og_image":[{"width":2560,"height":2073,"url":"https:\/\/iberoid-shop.com\/wp-content\/uploads\/2025\/04\/TP3-scaled.jpg?v=1743617477","type":"image\/jpeg"}],"twitter_card":"summary_large_image","twitter_misc":{"Prezzo":"&euro;40.00","Disponibilit\u00e0":"In stock"},"schema":{"@context":"https:\/\/schema.org","@graph":[{"@type":"WebPage","@id":"https:\/\/iberoid-shop.com\/it\/product\/pack3testosteronpropionate-mp-pharm\/","url":"https:\/\/iberoid-shop.com\/it\/product\/pack3testosteronpropionate-mp-pharm\/","name":"PACK 3 - Testosterone Propionate - Steroidi in linea","isPartOf":{"@id":"https:\/\/iberoid-shop.com\/it\/#website"},"primaryImageOfPage":{"@id":"https:\/\/iberoid-shop.com\/it\/product\/pack3testosteronpropionate-mp-pharm\/#primaryimage"},"image":{"@id":"https:\/\/iberoid-shop.com\/it\/product\/pack3testosteronpropionate-mp-pharm\/#primaryimage"},"thumbnailUrl":"https:\/\/iberoid-shop.com\/wp-content\/uploads\/2025\/04\/TP3-scaled.jpg?v=1743617477","datePublished":"2025-04-02T18:12:39+00:00","dateModified":"2026-02-02T17:22:31+00:00","description":"L'iniezione di testosterone propionato tratta la carenza di androgeni, i problemi del climaterio maschile e l'osteoporosi. Usato anche per alcune condizioni femminili. Dose tipica 50-100mg al giorno\/a giorni alterni. Controindicato in caso di cancro, gravidanza, problemi cardiaci\/epatici\/renali. Solo iniezione IM.","breadcrumb":{"@id":"https:\/\/iberoid-shop.com\/it\/product\/pack3testosteronpropionate-mp-pharm\/#breadcrumb"},"inLanguage":"it-IT","potentialAction":[{"@type":"ReadAction","target":[["https:\/\/iberoid-shop.com\/it\/product\/pack3testosteronpropionate-mp-pharm\/"]]}]},{"@type":"ImageObject","inLanguage":"it-IT","@id":"https:\/\/iberoid-shop.com\/it\/product\/pack3testosteronpropionate-mp-pharm\/#primaryimage","url":"https:\/\/iberoid-shop.com\/wp-content\/uploads\/2025\/04\/TP3-scaled.jpg?v=1743617477","contentUrl":"https:\/\/iberoid-shop.com\/wp-content\/uploads\/2025\/04\/TP3-scaled.jpg?v=1743617477","width":2560,"height":2073},{"@type":"BreadcrumbList","@id":"https:\/\/iberoid-shop.com\/it\/product\/pack3testosteronpropionate-mp-pharm\/#breadcrumb","itemListElement":[{"@type":"ListItem","position":1,"name":"Portada","item":"https:\/\/iberoid-shop.com\/it\/"},{"@type":"ListItem","position":2,"name":"Negozio","item":"https:\/\/iberoid-shop.com\/it\/shop\/"},{"@type":"ListItem","position":3,"name":"PACK 3 &#8211; Testosterone Propionate"}]},{"@type":"WebSite","@id":"https:\/\/iberoid-shop.com\/it\/#website","url":"https:\/\/iberoid-shop.com\/it\/","name":"Steroidi in linea","description":"Acquista steroidi online oggi in Spagna e Portogallo. Abbiamo il miglior servizio clienti del settore e prodotti di altissima qualit\u00e0","potentialAction":[{"@type":"SearchAction","target":{"@type":"EntryPoint","urlTemplate":"https:\/\/iberoid-shop.com\/it\/?s={search_term_string}"},"query-input":{"@type":"PropertyValueSpecification","valueRequired":true,"valueName":"search_term_string"}}],"inLanguage":"it-IT"}]},"product_price_amount":"40.00","product_price_currency":"EUR","og_availability":"instock","product_availability":"instock","product_condition":"new"},"_links":{"self":[{"href":"https:\/\/iberoid-shop.com\/it\/wp-json\/wp\/v2\/product\/9995","targetHints":{"allow":["GET"]}}],"collection":[{"href":"https:\/\/iberoid-shop.com\/it\/wp-json\/wp\/v2\/product"}],"about":[{"href":"https:\/\/iberoid-shop.com\/it\/wp-json\/wp\/v2\/types\/product"}],"replies":[{"embeddable":true,"href":"https:\/\/iberoid-shop.com\/it\/wp-json\/wp\/v2\/comments?post=9995"}],"wp:featuredmedia":[{"embeddable":true,"href":"https:\/\/iberoid-shop.com\/it\/wp-json\/wp\/v2\/media\/9996"}],"wp:attachment":[{"href":"https:\/\/iberoid-shop.com\/it\/wp-json\/wp\/v2\/media?parent=9995"}],"wp:term":[{"taxonomy":"product_brand","embeddable":true,"href":"https:\/\/iberoid-shop.com\/it\/wp-json\/wp\/v2\/product_brand?post=9995"},{"taxonomy":"product_cat","embeddable":true,"href":"https:\/\/iberoid-shop.com\/it\/wp-json\/wp\/v2\/product_cat?post=9995"},{"taxonomy":"product_tag","embeddable":true,"href":"https:\/\/iberoid-shop.com\/it\/wp-json\/wp\/v2\/product_tag?post=9995"}],"curies":[{"name":"wp","href":"https:\/\/api.w.org\/{rel}","templated":true}]}}