{"id":9936,"date":"2025-02-16T09:07:21","date_gmt":"2025-02-16T09:07:21","guid":{"rendered":"https:\/\/iberoid-shop.com\/?post_type=product&#038;p=9936"},"modified":"2025-06-13T12:12:26","modified_gmt":"2025-06-13T12:12:26","slug":"pack3-stanozolol-suspension-water-genetic","status":"publish","type":"product","link":"https:\/\/iberoid-shop.com\/it\/product\/pack3-stanozolol-suspension-water-genetic\/","title":{"rendered":"PACK 3 STANOZOLOL  water suspension"},"content":{"rendered":"<p><strong>STANOZOLOL 50mg<\/strong>\u00a0\u2013 \u00e8 un farmaco efficace se somministrato correttamente. \u00c8 importante conoscere le 2 diverse forme di questo farmaco: orale e iniettabile. Mentre &#8220;STANOZOLOL&#8221; si riferisce spesso alle compresse, &#8220;Stanozolol&#8221; si riferisce alla forma iniettabile di questo farmaco per applicazione intramuscolare.<\/p>\n<p>Una delle propriet\u00e0 dello Stanozolol \u00e8 la seguente: il principio attivo \u00e8 disciolto in acqua, non in olio.<br \/>\n<strong>Stanozolol 50mg<\/strong>\u00a0\u2013 pu\u00f2 essere utilizzato sia per esigenze terapeutiche che atletiche. Questo farmaco pu\u00f2 essere prescritto in caso di anemia e angioedema di tipo ereditario. Mentre l&#8217;anemia \u00e8 una malattia conosciuta da molte persone, \u00e8 importante menzionare cosa rappresenta l&#8217;angioedema. Si tratta di un rapido gonfiore del derma, della mucosa, dei tessuti sottocutanei e sottomucosi.<\/p>\n<p>Per quanto riguarda le esigenze atletiche, lo Stanozolol viene utilizzato efficacemente principalmente per le fasi di definizione, ma pu\u00f2 essere utile anche per i cicli di massa. Molti bodybuilder e altri atleti preferiscono utilizzare questo farmaco rispetto ad altri steroidi. Ci sono alcune ragioni che possono spiegare questo fattore. Questo farmaco non causa un aumento di peso significativo n\u00e9 ritenzione idrica. Pertanto, coloro che usano questo steroide non si preoccupano di questi spiacevoli effetti. Inoltre, si dice che questo preparato agisca come un diuretico, aumentando l&#8217;escrezione di acqua dal corpo degli utenti. Cos\u00ec, gli atleti possono guadagnare massa muscolare senza accumulo di liquidi e grasso grazie all&#8217;uso di questo farmaco. Se la somministrazione di Stanozolol \u00e8 accompagnata da una dieta adeguata, gli utenti ottengono muscoli duri.<\/p>\n<p>Si afferma che\u00a0<strong>25-50 mg di Stanozolol orale<\/strong>\u00a0siano una dose giornaliera normale. Ma cosa si pu\u00f2 dire riguardo alla dose della forma iniettabile di questo farmaco? Ci sono molte opinioni degli utenti che possono essere piuttosto controverse. Diversi bodybuilder avanzati confermano che\u00a0<strong>100 mg di Stanozolol<\/strong>\u00a0possono essere assunti quotidianamente durante un ciclo che dura circa 2 mesi. Non \u00e8 possibile confermare che non sperimentino alcuna conseguenza indesiderata utilizzando una dose cos\u00ec elevata di questo farmaco. I principianti confermano che una dose cos\u00ec alta di questo farmaco provoca perdita di capelli e acne. Allora, qual \u00e8 la quantit\u00e0 adeguata di Stanozolol per gli uomini? Si afferma che\u00a0<strong>35-75 mg<\/strong>\u00a0di questo farmaco siano una dose sufficiente per gli uomini.<\/p>","protected":false},"excerpt":{"rendered":"<p>STANOZOLOL 50mg\u00a0\u2013 \u00e8 un farmaco efficace se somministrato correttamente. \u00c8 importante conoscere le 2 diverse forme di questo farmaco: orale<\/p>\n","protected":false},"featured_media":9901,"comment_status":"open","ping_status":"closed","template":"","meta":[],"product_brand":[],"product_cat":[69,3474],"product_tag":[],"class_list":{"0":"post-9936","1":"product","2":"type-product","3":"status-publish","4":"has-post-thumbnail","6":"product_cat-esteroides_inyectables","7":"product_cat-packs","9":"first","10":"outofstock","11":"shipping-taxable","12":"purchasable","13":"product-type-simple"},"yoast_head":"<!-- This site is optimized with the Yoast SEO Premium plugin v24.4 (Yoast SEO v27.0) - https:\/\/yoast.com\/product\/yoast-seo-premium-wordpress\/ -->\n<title>PACK 3 STANOZOLOL water suspension - Steroidi in linea<\/title>\n<meta name=\"description\" content=\"Stanozolol 50 mg: Efficace per anemia, angioedema e uso atletico. Disponibile in forme orali e iniettabili. Promuove la crescita muscolare con ritenzione idrica minima.\" \/>\n<meta name=\"robots\" content=\"index, follow, max-snippet:-1, max-image-preview:large, max-video-preview:-1\" \/>\n<link rel=\"canonical\" href=\"https:\/\/iberoid-shop.com\/it\/product\/pack3-stanozolol-suspension-water-genetic\/\" \/>\n<meta property=\"og:locale\" content=\"it_IT\" \/>\n<meta property=\"og:type\" content=\"article\" \/>\n<meta property=\"og:title\" content=\"PACK 3 STANOZOLOL water suspension\" \/>\n<meta property=\"og:description\" content=\"Stanozolol 50 mg: Efficace per anemia, angioedema e uso atletico. Disponibile in forme orali e iniettabili. Promuove la crescita muscolare con ritenzione idrica minima.\" \/>\n<meta property=\"og:url\" content=\"https:\/\/iberoid-shop.com\/it\/product\/pack3-stanozolol-suspension-water-genetic\/\" \/>\n<meta property=\"og:site_name\" content=\"Steroidi in linea\" \/>\n<meta property=\"article:modified_time\" content=\"2025-06-13T12:12:26+00:00\" \/>\n<meta property=\"og:image\" content=\"https:\/\/iberoid-shop.com\/wp-content\/uploads\/2025\/01\/stan-gene.jpg?v=1737898379\" \/>\n\t<meta property=\"og:image:width\" content=\"2200\" \/>\n\t<meta property=\"og:image:height\" content=\"1540\" \/>\n\t<meta property=\"og:image:type\" content=\"image\/jpeg\" \/>\n<meta name=\"twitter:card\" content=\"summary_large_image\" \/>\n<meta name=\"twitter:label1\" content=\"Prezzo\" \/>\n\t<meta name=\"twitter:data1\" content=\"&euro;90.00\" \/>\n\t<meta name=\"twitter:label2\" content=\"Disponibilit\u00e0\" \/>\n\t<meta name=\"twitter:data2\" content=\"Esaurito\" \/>\n<script type=\"application\/ld+json\" class=\"yoast-schema-graph\">{\"@context\":\"https:\/\/schema.org\",\"@graph\":[{\"@type\":\"WebPage\",\"@id\":\"https:\/\/iberoid-shop.com\/it\/product\/pack3-stanozolol-suspension-water-genetic\/\",\"url\":\"https:\/\/iberoid-shop.com\/it\/product\/pack3-stanozolol-suspension-water-genetic\/\",\"name\":\"PACK 3 STANOZOLOL water suspension - Steroidi in linea\",\"isPartOf\":{\"@id\":\"https:\/\/iberoid-shop.com\/it\/#website\"},\"primaryImageOfPage\":{\"@id\":\"https:\/\/iberoid-shop.com\/it\/product\/pack3-stanozolol-suspension-water-genetic\/#primaryimage\"},\"image\":{\"@id\":\"https:\/\/iberoid-shop.com\/it\/product\/pack3-stanozolol-suspension-water-genetic\/#primaryimage\"},\"thumbnailUrl\":\"https:\/\/iberoid-shop.com\/wp-content\/uploads\/2025\/01\/stan-gene.jpg?v=1737898379\",\"datePublished\":\"2025-02-16T09:07:21+00:00\",\"dateModified\":\"2025-06-13T12:12:26+00:00\",\"description\":\"Stanozolol 50 mg: Efficace per anemia, angioedema e uso atletico. Disponibile in forme orali e iniettabili. Promuove la crescita muscolare con ritenzione idrica minima.\",\"breadcrumb\":{\"@id\":\"https:\/\/iberoid-shop.com\/it\/product\/pack3-stanozolol-suspension-water-genetic\/#breadcrumb\"},\"inLanguage\":\"it-IT\",\"potentialAction\":[{\"@type\":\"ReadAction\",\"target\":[[\"https:\/\/iberoid-shop.com\/it\/product\/pack3-stanozolol-suspension-water-genetic\/\"]]}]},{\"@type\":\"ImageObject\",\"inLanguage\":\"it-IT\",\"@id\":\"https:\/\/iberoid-shop.com\/it\/product\/pack3-stanozolol-suspension-water-genetic\/#primaryimage\",\"url\":\"https:\/\/iberoid-shop.com\/wp-content\/uploads\/2025\/01\/stan-gene.jpg?v=1737898379\",\"contentUrl\":\"https:\/\/iberoid-shop.com\/wp-content\/uploads\/2025\/01\/stan-gene.jpg?v=1737898379\",\"width\":2200,\"height\":1540},{\"@type\":\"BreadcrumbList\",\"@id\":\"https:\/\/iberoid-shop.com\/it\/product\/pack3-stanozolol-suspension-water-genetic\/#breadcrumb\",\"itemListElement\":[{\"@type\":\"ListItem\",\"position\":1,\"name\":\"Portada\",\"item\":\"https:\/\/iberoid-shop.com\/it\/\"},{\"@type\":\"ListItem\",\"position\":2,\"name\":\"Negozio\",\"item\":\"https:\/\/iberoid-shop.com\/it\/shop\/\"},{\"@type\":\"ListItem\",\"position\":3,\"name\":\"PACK 3 STANOZOLOL water suspension\"}]},{\"@type\":\"WebSite\",\"@id\":\"https:\/\/iberoid-shop.com\/it\/#website\",\"url\":\"https:\/\/iberoid-shop.com\/it\/\",\"name\":\"Steroidi in linea\",\"description\":\"Acquista steroidi online oggi in Spagna e Portogallo. Abbiamo il miglior servizio clienti del settore e prodotti di altissima qualit\u00e0\",\"potentialAction\":[{\"@type\":\"SearchAction\",\"target\":{\"@type\":\"EntryPoint\",\"urlTemplate\":\"https:\/\/iberoid-shop.com\/it\/?s={search_term_string}\"},\"query-input\":{\"@type\":\"PropertyValueSpecification\",\"valueRequired\":true,\"valueName\":\"search_term_string\"}}],\"inLanguage\":\"it-IT\"}]}<\/script>\n<meta property=\"product:brand\" content=\"Genetic Life Science\" \/>\n<meta property=\"product:price:amount\" content=\"90.00\" \/>\n<meta property=\"product:price:currency\" content=\"EUR\" \/>\n<meta property=\"og:availability\" content=\"out of stock\" \/>\n<meta property=\"product:availability\" content=\"out of stock\" \/>\n<meta property=\"product:condition\" content=\"new\" \/>\n<!-- \/ Yoast SEO Premium plugin. -->","yoast_head_json":{"title":"PACK 3 STANOZOLOL water suspension - Steroidi in linea","description":"Stanozolol 50 mg: Efficace per anemia, angioedema e uso atletico. Disponibile in forme orali e iniettabili. Promuove la crescita muscolare con ritenzione idrica minima.","robots":{"index":"index","follow":"follow","max-snippet":"max-snippet:-1","max-image-preview":"max-image-preview:large","max-video-preview":"max-video-preview:-1"},"canonical":"https:\/\/iberoid-shop.com\/it\/product\/pack3-stanozolol-suspension-water-genetic\/","og_locale":"it_IT","og_type":"article","og_title":"PACK 3 STANOZOLOL water suspension","og_description":"Stanozolol 50 mg: Efficace per anemia, angioedema e uso atletico. Disponibile in forme orali e iniettabili. Promuove la crescita muscolare con ritenzione idrica minima.","og_url":"https:\/\/iberoid-shop.com\/it\/product\/pack3-stanozolol-suspension-water-genetic\/","og_site_name":"Steroidi in linea","article_modified_time":"2025-06-13T12:12:26+00:00","og_image":[{"width":2200,"height":1540,"url":"https:\/\/iberoid-shop.com\/wp-content\/uploads\/2025\/01\/stan-gene.jpg?v=1737898379","type":"image\/jpeg"}],"twitter_card":"summary_large_image","twitter_misc":{"Prezzo":"&euro;90.00","Disponibilit\u00e0":"Esaurito"},"schema":{"@context":"https:\/\/schema.org","@graph":[{"@type":"WebPage","@id":"https:\/\/iberoid-shop.com\/it\/product\/pack3-stanozolol-suspension-water-genetic\/","url":"https:\/\/iberoid-shop.com\/it\/product\/pack3-stanozolol-suspension-water-genetic\/","name":"PACK 3 STANOZOLOL water suspension - Steroidi in linea","isPartOf":{"@id":"https:\/\/iberoid-shop.com\/it\/#website"},"primaryImageOfPage":{"@id":"https:\/\/iberoid-shop.com\/it\/product\/pack3-stanozolol-suspension-water-genetic\/#primaryimage"},"image":{"@id":"https:\/\/iberoid-shop.com\/it\/product\/pack3-stanozolol-suspension-water-genetic\/#primaryimage"},"thumbnailUrl":"https:\/\/iberoid-shop.com\/wp-content\/uploads\/2025\/01\/stan-gene.jpg?v=1737898379","datePublished":"2025-02-16T09:07:21+00:00","dateModified":"2025-06-13T12:12:26+00:00","description":"Stanozolol 50 mg: Efficace per anemia, angioedema e uso atletico. Disponibile in forme orali e iniettabili. Promuove la crescita muscolare con ritenzione idrica minima.","breadcrumb":{"@id":"https:\/\/iberoid-shop.com\/it\/product\/pack3-stanozolol-suspension-water-genetic\/#breadcrumb"},"inLanguage":"it-IT","potentialAction":[{"@type":"ReadAction","target":[["https:\/\/iberoid-shop.com\/it\/product\/pack3-stanozolol-suspension-water-genetic\/"]]}]},{"@type":"ImageObject","inLanguage":"it-IT","@id":"https:\/\/iberoid-shop.com\/it\/product\/pack3-stanozolol-suspension-water-genetic\/#primaryimage","url":"https:\/\/iberoid-shop.com\/wp-content\/uploads\/2025\/01\/stan-gene.jpg?v=1737898379","contentUrl":"https:\/\/iberoid-shop.com\/wp-content\/uploads\/2025\/01\/stan-gene.jpg?v=1737898379","width":2200,"height":1540},{"@type":"BreadcrumbList","@id":"https:\/\/iberoid-shop.com\/it\/product\/pack3-stanozolol-suspension-water-genetic\/#breadcrumb","itemListElement":[{"@type":"ListItem","position":1,"name":"Portada","item":"https:\/\/iberoid-shop.com\/it\/"},{"@type":"ListItem","position":2,"name":"Negozio","item":"https:\/\/iberoid-shop.com\/it\/shop\/"},{"@type":"ListItem","position":3,"name":"PACK 3 STANOZOLOL water suspension"}]},{"@type":"WebSite","@id":"https:\/\/iberoid-shop.com\/it\/#website","url":"https:\/\/iberoid-shop.com\/it\/","name":"Steroidi in linea","description":"Acquista steroidi online oggi in Spagna e Portogallo. Abbiamo il miglior servizio clienti del settore e prodotti di altissima qualit\u00e0","potentialAction":[{"@type":"SearchAction","target":{"@type":"EntryPoint","urlTemplate":"https:\/\/iberoid-shop.com\/it\/?s={search_term_string}"},"query-input":{"@type":"PropertyValueSpecification","valueRequired":true,"valueName":"search_term_string"}}],"inLanguage":"it-IT"}]},"product_brand":"Genetic Life Science","product_price_amount":"90.00","product_price_currency":"EUR","og_availability":"out of stock","product_availability":"out of stock","product_condition":"new"},"_links":{"self":[{"href":"https:\/\/iberoid-shop.com\/it\/wp-json\/wp\/v2\/product\/9936","targetHints":{"allow":["GET"]}}],"collection":[{"href":"https:\/\/iberoid-shop.com\/it\/wp-json\/wp\/v2\/product"}],"about":[{"href":"https:\/\/iberoid-shop.com\/it\/wp-json\/wp\/v2\/types\/product"}],"replies":[{"embeddable":true,"href":"https:\/\/iberoid-shop.com\/it\/wp-json\/wp\/v2\/comments?post=9936"}],"wp:featuredmedia":[{"embeddable":true,"href":"https:\/\/iberoid-shop.com\/it\/wp-json\/wp\/v2\/media\/9901"}],"wp:attachment":[{"href":"https:\/\/iberoid-shop.com\/it\/wp-json\/wp\/v2\/media?parent=9936"}],"wp:term":[{"taxonomy":"product_brand","embeddable":true,"href":"https:\/\/iberoid-shop.com\/it\/wp-json\/wp\/v2\/product_brand?post=9936"},{"taxonomy":"product_cat","embeddable":true,"href":"https:\/\/iberoid-shop.com\/it\/wp-json\/wp\/v2\/product_cat?post=9936"},{"taxonomy":"product_tag","embeddable":true,"href":"https:\/\/iberoid-shop.com\/it\/wp-json\/wp\/v2\/product_tag?post=9936"}],"curies":[{"name":"wp","href":"https:\/\/api.w.org\/{rel}","templated":true}]}}