{"id":9847,"date":"2024-12-14T11:00:10","date_gmt":"2024-12-14T11:00:10","guid":{"rendered":"https:\/\/iberoid-shop.com\/?post_type=product&#038;p=9847"},"modified":"2026-03-29T16:00:17","modified_gmt":"2026-03-29T16:00:17","slug":"pack3stanozolol10-mg-epfpremium","status":"publish","type":"product","link":"https:\/\/iberoid-shop.com\/it\/product\/pack3stanozolol10-mg-epfpremium\/","title":{"rendered":"PACK 3 Stanozolol 10 mg"},"content":{"rendered":"<p>Stanozolol di EPF \u00e8 un prodotto molto ricercato nel mercato farmacologico moderno. I prodotti di questa azienda moldava sono estremamente popolari tra gli atleti di diversi Paesi in tutto il mondo. La caratteristica principale di questo steroide anabolizzante \u00e8 la sua capacit\u00e0 di migliorare significativamente la resistenza. Vale la pena notare che la maggior parte degli steroidi anabolico-androgeni stimola principalmente l&#8217;aumento degli indicatori di forza. I rappresentanti di sport ciclici possono acquistare lo Stanozolol di EPF.<\/p>\n<p>Questo prodotto si distingue per il suo alto livello di sicurezza. Per questo motivo, anche le atlete possono utilizzarlo. Le donne hanno l&#8217;opportunit\u00e0 di usare questo prodotto con rischi minimi per la salute.<\/p>\n<p><strong>Effetti principali dello Stanozolol EPF<\/strong><\/p>\n<p>Lo steroide si basa sulla sostanza attiva omonima, che \u00e8 un derivato del diidrotestosterone. Come l&#8217;ormone originale, lo Stanozolol non \u00e8 in grado di interagire con l&#8217;enzima aromatasi. Tuttavia, la sua attivit\u00e0 androgena \u00e8 significativamente inferiore rispetto al diidrotestosterone, attestandosi a solo il 30%. Nel frattempo, l&#8217;attivit\u00e0 anabolizzante del prodotto \u00e8 del 320%.<\/p>\n<p>I principali effetti positivi dell&#8217;anabolizzante includono:<\/p>\n<ul>\n<li>Potenti propriet\u00e0 brucia-grassi;<\/li>\n<li>Miglioramento della definizione muscolare;<\/li>\n<li>Stimolazione della forza, delle prestazioni e della resistenza;<\/li>\n<li>Accelerazione dell&#8217;eliminazione dei liquidi dal corpo;<\/li>\n<li>Funzione di potente anticatabolico.<\/li>\n<\/ul>\n<p><strong>Linee guida per un ciclo singolo di Strombaged EPF<\/strong><\/p>\n<p>Poich\u00e9 il principio attivo dello steroide ha una breve emivita, le compresse devono essere assunte quotidianamente. Il dosaggio giornaliero dipende dal sesso dell&#8217;atleta. Si consiglia vivamente alle donne di non superare una dose giornaliera di 20 mg. Per gli uomini, il dosaggio massimo giornaliero \u00e8 di 60 mg.<\/p>\n<p>I cicli raramente superano i due mesi di durata. Questo perch\u00e9 tutti gli steroidi anabolizzanti orali hanno un certo livello di epatotossicit\u00e0, che pu\u00f2 influire sulla funzionalit\u00e0 epatica. Per evitare ci\u00f2, non utilizzare steroidi anabolizzanti orali per pi\u00f9 di 8 settimane. Inoltre, si consiglia di effettuare una terapia post-ciclo dopo l&#8217;interruzione dello steroide.<\/p>\n<p><strong>Caratteristiche della combinazione di steroidi<\/strong><\/p>\n<p>La combinazione di cicli pu\u00f2 migliorare l&#8217;efficacia dell&#8217;uso farmacologico, mentre i rischi di effetti collaterali rimangono pressoch\u00e9 invariati. Poich\u00e9 lo Stanozolol \u00e8 un potente brucia-grassi, viene utilizzato pi\u00f9 frequentemente dai bodybuilder durante le fasi di definizione. Ci\u00f2 significa che \u00e8 comunemente combinato con Testosterone Fenilpropionato, Masteron, Primobolan, Testosterone Propionato e Trenbolone Acetato. Queste combinazioni di Strombaged di EPF sono molto popolari tra gli atleti.<\/p>\n<p>Anche le atlete esperte possono condurre cicli combinati che includono questo steroide. Tuttavia, dovrebbero combinarlo solo con Primobolan, poich\u00e9 l&#8217;uso di altre combinazioni aumenta significativamente il rischio di effetti collaterali.<\/p>","protected":false},"excerpt":{"rendered":"<p>Stanozolol di EPF \u00e8 un prodotto molto ricercato nel mercato farmacologico moderno. I prodotti di questa azienda moldava sono estremamente<\/p>\n","protected":false},"featured_media":9848,"comment_status":"open","ping_status":"closed","template":"","meta":[],"product_brand":[],"product_cat":[73,3474],"product_tag":[],"class_list":{"0":"post-9847","1":"product","2":"type-product","3":"status-publish","4":"has-post-thumbnail","6":"product_cat-ssteroides_orales","7":"product_cat-packs","9":"first","10":"instock","11":"sale","12":"shipping-taxable","13":"purchasable","14":"product-type-simple"},"yoast_head":"<!-- This site is optimized with the Yoast SEO Premium plugin v24.4 (Yoast SEO v27.0) - https:\/\/yoast.com\/product\/yoast-seo-premium-wordpress\/ -->\n<title>PACK 3 Stanozolol 10 mg - Steroidi in linea<\/title>\n<meta name=\"description\" content=\"Stanozolol di EPF: Aumenta la resistenza, brucia i grassi e migliora le prestazioni. Popolare tra gli atleti per la sua sicurezza ed efficacia.\" \/>\n<meta name=\"robots\" content=\"index, follow, max-snippet:-1, max-image-preview:large, max-video-preview:-1\" \/>\n<link rel=\"canonical\" href=\"https:\/\/iberoid-shop.com\/it\/product\/pack3stanozolol10-mg-epfpremium\/\" \/>\n<meta property=\"og:locale\" content=\"it_IT\" \/>\n<meta property=\"og:type\" content=\"article\" \/>\n<meta property=\"og:title\" content=\"PACK 3 Stanozolol 10 mg\" \/>\n<meta property=\"og:description\" content=\"Stanozolol di EPF: Aumenta la resistenza, brucia i grassi e migliora le prestazioni. Popolare tra gli atleti per la sua sicurezza ed efficacia.\" \/>\n<meta property=\"og:url\" content=\"https:\/\/iberoid-shop.com\/it\/product\/pack3stanozolol10-mg-epfpremium\/\" \/>\n<meta property=\"og:site_name\" content=\"Steroidi in linea\" \/>\n<meta property=\"article:modified_time\" content=\"2026-03-29T16:00:17+00:00\" \/>\n<meta property=\"og:image\" content=\"https:\/\/iberoid-shop.com\/wp-content\/uploads\/2024\/12\/stromba3-scaled.jpeg?v=1734173928\" \/>\n\t<meta property=\"og:image:width\" content=\"2416\" \/>\n\t<meta property=\"og:image:height\" content=\"2560\" \/>\n\t<meta property=\"og:image:type\" content=\"image\/jpeg\" \/>\n<meta name=\"twitter:card\" content=\"summary_large_image\" \/>\n<meta name=\"twitter:label1\" content=\"Prezzo\" \/>\n\t<meta name=\"twitter:data1\" content=\"&euro;55.00\" \/>\n\t<meta name=\"twitter:label2\" content=\"Disponibilit\u00e0\" \/>\n\t<meta name=\"twitter:data2\" content=\"In stock\" \/>\n<script type=\"application\/ld+json\" class=\"yoast-schema-graph\">{\"@context\":\"https:\/\/schema.org\",\"@graph\":[{\"@type\":\"WebPage\",\"@id\":\"https:\/\/iberoid-shop.com\/it\/product\/pack3stanozolol10-mg-epfpremium\/\",\"url\":\"https:\/\/iberoid-shop.com\/it\/product\/pack3stanozolol10-mg-epfpremium\/\",\"name\":\"PACK 3 Stanozolol 10 mg - Steroidi in linea\",\"isPartOf\":{\"@id\":\"https:\/\/iberoid-shop.com\/it\/#website\"},\"primaryImageOfPage\":{\"@id\":\"https:\/\/iberoid-shop.com\/it\/product\/pack3stanozolol10-mg-epfpremium\/#primaryimage\"},\"image\":{\"@id\":\"https:\/\/iberoid-shop.com\/it\/product\/pack3stanozolol10-mg-epfpremium\/#primaryimage\"},\"thumbnailUrl\":\"https:\/\/iberoid-shop.com\/wp-content\/uploads\/2024\/12\/stromba3-scaled.jpeg?v=1734173928\",\"datePublished\":\"2024-12-14T11:00:10+00:00\",\"dateModified\":\"2026-03-29T16:00:17+00:00\",\"description\":\"Stanozolol di EPF: Aumenta la resistenza, brucia i grassi e migliora le prestazioni. Popolare tra gli atleti per la sua sicurezza ed efficacia.\",\"breadcrumb\":{\"@id\":\"https:\/\/iberoid-shop.com\/it\/product\/pack3stanozolol10-mg-epfpremium\/#breadcrumb\"},\"inLanguage\":\"it-IT\",\"potentialAction\":[{\"@type\":\"ReadAction\",\"target\":[[\"https:\/\/iberoid-shop.com\/it\/product\/pack3stanozolol10-mg-epfpremium\/\"]]}]},{\"@type\":\"ImageObject\",\"inLanguage\":\"it-IT\",\"@id\":\"https:\/\/iberoid-shop.com\/it\/product\/pack3stanozolol10-mg-epfpremium\/#primaryimage\",\"url\":\"https:\/\/iberoid-shop.com\/wp-content\/uploads\/2024\/12\/stromba3-scaled.jpeg?v=1734173928\",\"contentUrl\":\"https:\/\/iberoid-shop.com\/wp-content\/uploads\/2024\/12\/stromba3-scaled.jpeg?v=1734173928\",\"width\":2416,\"height\":2560},{\"@type\":\"BreadcrumbList\",\"@id\":\"https:\/\/iberoid-shop.com\/it\/product\/pack3stanozolol10-mg-epfpremium\/#breadcrumb\",\"itemListElement\":[{\"@type\":\"ListItem\",\"position\":1,\"name\":\"Portada\",\"item\":\"https:\/\/iberoid-shop.com\/it\/\"},{\"@type\":\"ListItem\",\"position\":2,\"name\":\"Negozio\",\"item\":\"https:\/\/iberoid-shop.com\/it\/shop\/\"},{\"@type\":\"ListItem\",\"position\":3,\"name\":\"PACK 3 Stanozolol 10 mg\"}]},{\"@type\":\"WebSite\",\"@id\":\"https:\/\/iberoid-shop.com\/it\/#website\",\"url\":\"https:\/\/iberoid-shop.com\/it\/\",\"name\":\"Steroidi in linea\",\"description\":\"Acquista steroidi online oggi in Spagna e Portogallo. Abbiamo il miglior servizio clienti del settore e prodotti di altissima qualit\u00e0\",\"potentialAction\":[{\"@type\":\"SearchAction\",\"target\":{\"@type\":\"EntryPoint\",\"urlTemplate\":\"https:\/\/iberoid-shop.com\/it\/?s={search_term_string}\"},\"query-input\":{\"@type\":\"PropertyValueSpecification\",\"valueRequired\":true,\"valueName\":\"search_term_string\"}}],\"inLanguage\":\"it-IT\"}]}<\/script>\n<meta property=\"product:brand\" content=\"Euro Prime Pharmaceuticals (EPF)\" \/>\n<meta property=\"product:price:amount\" content=\"55.00\" \/>\n<meta property=\"product:price:currency\" content=\"EUR\" \/>\n<meta property=\"og:availability\" content=\"instock\" \/>\n<meta property=\"product:availability\" content=\"instock\" \/>\n<meta property=\"product:condition\" content=\"new\" \/>\n<!-- \/ Yoast SEO Premium plugin. -->","yoast_head_json":{"title":"PACK 3 Stanozolol 10 mg - Steroidi in linea","description":"Stanozolol di EPF: Aumenta la resistenza, brucia i grassi e migliora le prestazioni. Popolare tra gli atleti per la sua sicurezza ed efficacia.","robots":{"index":"index","follow":"follow","max-snippet":"max-snippet:-1","max-image-preview":"max-image-preview:large","max-video-preview":"max-video-preview:-1"},"canonical":"https:\/\/iberoid-shop.com\/it\/product\/pack3stanozolol10-mg-epfpremium\/","og_locale":"it_IT","og_type":"article","og_title":"PACK 3 Stanozolol 10 mg","og_description":"Stanozolol di EPF: Aumenta la resistenza, brucia i grassi e migliora le prestazioni. Popolare tra gli atleti per la sua sicurezza ed efficacia.","og_url":"https:\/\/iberoid-shop.com\/it\/product\/pack3stanozolol10-mg-epfpremium\/","og_site_name":"Steroidi in linea","article_modified_time":"2026-03-29T16:00:17+00:00","og_image":[{"width":2416,"height":2560,"url":"https:\/\/iberoid-shop.com\/wp-content\/uploads\/2024\/12\/stromba3-scaled.jpeg?v=1734173928","type":"image\/jpeg"}],"twitter_card":"summary_large_image","twitter_misc":{"Prezzo":"&euro;55.00","Disponibilit\u00e0":"In stock"},"schema":{"@context":"https:\/\/schema.org","@graph":[{"@type":"WebPage","@id":"https:\/\/iberoid-shop.com\/it\/product\/pack3stanozolol10-mg-epfpremium\/","url":"https:\/\/iberoid-shop.com\/it\/product\/pack3stanozolol10-mg-epfpremium\/","name":"PACK 3 Stanozolol 10 mg - Steroidi in linea","isPartOf":{"@id":"https:\/\/iberoid-shop.com\/it\/#website"},"primaryImageOfPage":{"@id":"https:\/\/iberoid-shop.com\/it\/product\/pack3stanozolol10-mg-epfpremium\/#primaryimage"},"image":{"@id":"https:\/\/iberoid-shop.com\/it\/product\/pack3stanozolol10-mg-epfpremium\/#primaryimage"},"thumbnailUrl":"https:\/\/iberoid-shop.com\/wp-content\/uploads\/2024\/12\/stromba3-scaled.jpeg?v=1734173928","datePublished":"2024-12-14T11:00:10+00:00","dateModified":"2026-03-29T16:00:17+00:00","description":"Stanozolol di EPF: Aumenta la resistenza, brucia i grassi e migliora le prestazioni. Popolare tra gli atleti per la sua sicurezza ed efficacia.","breadcrumb":{"@id":"https:\/\/iberoid-shop.com\/it\/product\/pack3stanozolol10-mg-epfpremium\/#breadcrumb"},"inLanguage":"it-IT","potentialAction":[{"@type":"ReadAction","target":[["https:\/\/iberoid-shop.com\/it\/product\/pack3stanozolol10-mg-epfpremium\/"]]}]},{"@type":"ImageObject","inLanguage":"it-IT","@id":"https:\/\/iberoid-shop.com\/it\/product\/pack3stanozolol10-mg-epfpremium\/#primaryimage","url":"https:\/\/iberoid-shop.com\/wp-content\/uploads\/2024\/12\/stromba3-scaled.jpeg?v=1734173928","contentUrl":"https:\/\/iberoid-shop.com\/wp-content\/uploads\/2024\/12\/stromba3-scaled.jpeg?v=1734173928","width":2416,"height":2560},{"@type":"BreadcrumbList","@id":"https:\/\/iberoid-shop.com\/it\/product\/pack3stanozolol10-mg-epfpremium\/#breadcrumb","itemListElement":[{"@type":"ListItem","position":1,"name":"Portada","item":"https:\/\/iberoid-shop.com\/it\/"},{"@type":"ListItem","position":2,"name":"Negozio","item":"https:\/\/iberoid-shop.com\/it\/shop\/"},{"@type":"ListItem","position":3,"name":"PACK 3 Stanozolol 10 mg"}]},{"@type":"WebSite","@id":"https:\/\/iberoid-shop.com\/it\/#website","url":"https:\/\/iberoid-shop.com\/it\/","name":"Steroidi in linea","description":"Acquista steroidi online oggi in Spagna e Portogallo. Abbiamo il miglior servizio clienti del settore e prodotti di altissima qualit\u00e0","potentialAction":[{"@type":"SearchAction","target":{"@type":"EntryPoint","urlTemplate":"https:\/\/iberoid-shop.com\/it\/?s={search_term_string}"},"query-input":{"@type":"PropertyValueSpecification","valueRequired":true,"valueName":"search_term_string"}}],"inLanguage":"it-IT"}]},"product_brand":"Euro Prime Pharmaceuticals (EPF)","product_price_amount":"55.00","product_price_currency":"EUR","og_availability":"instock","product_availability":"instock","product_condition":"new"},"_links":{"self":[{"href":"https:\/\/iberoid-shop.com\/it\/wp-json\/wp\/v2\/product\/9847","targetHints":{"allow":["GET"]}}],"collection":[{"href":"https:\/\/iberoid-shop.com\/it\/wp-json\/wp\/v2\/product"}],"about":[{"href":"https:\/\/iberoid-shop.com\/it\/wp-json\/wp\/v2\/types\/product"}],"replies":[{"embeddable":true,"href":"https:\/\/iberoid-shop.com\/it\/wp-json\/wp\/v2\/comments?post=9847"}],"wp:featuredmedia":[{"embeddable":true,"href":"https:\/\/iberoid-shop.com\/it\/wp-json\/wp\/v2\/media\/9848"}],"wp:attachment":[{"href":"https:\/\/iberoid-shop.com\/it\/wp-json\/wp\/v2\/media?parent=9847"}],"wp:term":[{"taxonomy":"product_brand","embeddable":true,"href":"https:\/\/iberoid-shop.com\/it\/wp-json\/wp\/v2\/product_brand?post=9847"},{"taxonomy":"product_cat","embeddable":true,"href":"https:\/\/iberoid-shop.com\/it\/wp-json\/wp\/v2\/product_cat?post=9847"},{"taxonomy":"product_tag","embeddable":true,"href":"https:\/\/iberoid-shop.com\/it\/wp-json\/wp\/v2\/product_tag?post=9847"}],"curies":[{"name":"wp","href":"https:\/\/api.w.org\/{rel}","templated":true}]}}