{"id":9782,"date":"2024-10-27T11:38:57","date_gmt":"2024-10-27T11:38:57","guid":{"rendered":"https:\/\/iberoid-shop.com\/?post_type=product&#038;p=9782"},"modified":"2025-08-17T10:24:28","modified_gmt":"2025-08-17T10:24:28","slug":"dianabol-methandiienone-driada-10mg-100tabs","status":"publish","type":"product","link":"https:\/\/iberoid-shop.com\/it\/product\/dianabol-methandiienone-driada-10mg-100tabs\/","title":{"rendered":"DIANABOL \/ METHANDIIENONE &#8211; 10MG \/ 100tabs"},"content":{"rendered":"<p><\/p>\n<ul>\n<li>Ingrediente attivo: Methandienone<\/li>\n<li>Tipo: Steroide Anabolizzante (Derivato del Testosterone)<\/li>\n<li>Forma: Orale (Pillola)<\/li>\n<\/ul>\n<h2>Cos&#8217;\u00e8 Dianabol (Methadienone)?<\/h2>\n<p>Methandienone, comunemente noto come Dianabol, Danabol o Dbol, \u00e8 uno steroide orale molto conosciuto nel bodybuilding e in altri sport. La sua struttura include un gruppo 17-alfa-metile, che consente l&#8217;assunzione orale grazie all&#8217;alchilazione C17-alfa, che produce effetti corporei pronunciati ma affatica anche il fegato.<\/p>\n<p>Con un&#8217;emivita di 4,5-6 ore, il Methandienone ha lievi effetti estrogenici. La sua conversione in un metabolita pi\u00f9 androgeno tramite l&#8217;enzima 5-alfa reduttasi \u00e8 minima. La sua\u00a0<b>efficacia nel potenziare le dimensioni muscolari<\/b>\u00a0e la forza lo ha reso un favorito tra gli atleti e i bodybuilder.<\/p>\n<p>Disponibili in vendita sono compresse di Dianabol da 10 mg, apprezzate per il prezzo relativamente conveniente di un singolo pacchetto.<\/p>\n<h3>Composizione chimica del Methandienone<\/h3>\n<p>Structurally, it can be described as 17\u03b1-methyl-17\u03b2-hydroxy-1,4-androstadien-3-one. La struttura molecolare consiste in un nucleo di quattro anelli cicloalcani interconnessi &#8211; tre anelli cicloesano a sei membri e un anello ciclopentano a cinque membri, tipico degli steroidi.<\/p>\n<p>Il Methandienone contiene un gruppo 17-alfa-metile. \u00c8 l&#8217;alchilazione del C17-alfa che rende possibile l&#8217;uso orale di questo steroide anabolizzante, con un effetto molto evidente sul corpo (e un effetto negativo sul fegato).<\/p>\n<h3>Benefici per il corpo e la salute<\/h3>\n<ul>\n<li>Aumento della sintesi proteica;<\/li>\n<li>Promuove un\u00a0<b>rapido aumento della forza<\/b>\u00a0e della massa muscolare;<\/li>\n<li>Migliora il recupero;<\/li>\n<li>Aumenta il livello di glicogeno;<\/li>\n<li>Aumento dell&#8217;appetito;<\/li>\n<li><b>Migliora l&#8217;umore<\/b>\u00a0e supporta la motivazione all&#8217;allenamento.<\/li>\n<\/ul>\n<h3>Applicazione del Dbol<\/h3>\n<p>La dose minima di dbol per\u00a0<b>uomini<\/b>\u00a0\u00e8 di 20 mg al giorno, ma la media \u00e8 di 30 mg a causa della breve emivita di 6-8 ore, quindi la frequenza dell&#8217;assunzione \u00e8 divisa in 2-3 volte al giorno.<\/p>\n<p>Il Dbol pu\u00f2 causare effetti collaterali mascolinizzanti nelle donne. Tuttavia, alcune donne potrebbero gestire piccole dosi senza effetti collaterali gravi. Se una\u00a0<b>donna<\/b>\u00a0vuole provare il Dbol, \u00e8 consigliabile iniziare con un&#8217;assunzione giornaliera di 2,5 mg. Se questa si dimostra tollerabile, possono considerare di aumentarla a 5 mg al giorno. Una minoranza di donne potrebbe tentare una dose giornaliera di 10 mg, ma questo aumenta il rischio di sviluppare tratti maschili. Per la maggior parte delle donne, non \u00e8 consigliato superare i 5 mg, poich\u00e9 anche a questa dose, le forti propriet\u00e0 anabolizzanti del Dbol possono produrre risultati significativi.<\/p>\n<p>Consultare sempre uno specialista sanitario quando si pensa di utilizzare steroidi o altri farmaci. Driada fornisce tali consulenze gratuitamente.<\/p>","protected":false},"excerpt":{"rendered":"<p>Ingrediente attivo: Methandienone Tipo: Steroide Anabolizzante (Derivato del Testosterone) Forma: Orale (Pillola) Cos&#8217;\u00e8 Dianabol (Methadienone)? Methandienone, comunemente noto come Dianabol,<\/p>\n","protected":false},"featured_media":9783,"comment_status":"open","ping_status":"closed","template":"","meta":[],"product_brand":[],"product_cat":[73],"product_tag":[],"class_list":{"0":"post-9782","1":"product","2":"type-product","3":"status-publish","4":"has-post-thumbnail","6":"product_cat-ssteroides_orales","8":"first","9":"outofstock","10":"sale","11":"shipping-taxable","12":"purchasable","13":"product-type-simple"},"yoast_head":"<!-- This site is optimized with the Yoast SEO Premium plugin v24.4 (Yoast SEO v27.0) - https:\/\/yoast.com\/product\/yoast-seo-premium-wordpress\/ -->\n<title>DIANABOL \/ METHANDIIENONE - 10MG \/ 100tabs - Steroidi in linea<\/title>\n<meta name=\"description\" content=\"Dianabol (Metandienone): Steroide orale per rapido guadagno muscolare\/forza e recupero. Tossico epatico (alchilazione C17-alfa).\" \/>\n<meta name=\"robots\" content=\"index, follow, max-snippet:-1, max-image-preview:large, max-video-preview:-1\" \/>\n<link rel=\"canonical\" href=\"https:\/\/iberoid-shop.com\/it\/product\/dianabol-methandiienone-driada-10mg-100tabs\/\" \/>\n<meta property=\"og:locale\" content=\"it_IT\" \/>\n<meta property=\"og:type\" content=\"article\" \/>\n<meta property=\"og:title\" content=\"DIANABOL \/ METHANDIIENONE - 10MG \/ 100tabs\" \/>\n<meta property=\"og:description\" content=\"Dianabol (Metandienone): Steroide orale per rapido guadagno muscolare\/forza e recupero. Tossico epatico (alchilazione C17-alfa).\" \/>\n<meta property=\"og:url\" content=\"https:\/\/iberoid-shop.com\/it\/product\/dianabol-methandiienone-driada-10mg-100tabs\/\" \/>\n<meta property=\"og:site_name\" content=\"Steroidi in linea\" \/>\n<meta property=\"article:modified_time\" content=\"2025-08-17T10:24:28+00:00\" \/>\n<meta property=\"og:image\" content=\"https:\/\/iberoid-shop.com\/wp-content\/uploads\/2024\/10\/dinabolyn-driada-medical.webp\" \/>\n\t<meta property=\"og:image:width\" content=\"1000\" \/>\n\t<meta property=\"og:image:height\" content=\"1000\" \/>\n\t<meta property=\"og:image:type\" content=\"image\/webp\" \/>\n<meta name=\"twitter:card\" content=\"summary_large_image\" \/>\n<meta name=\"twitter:label1\" content=\"Prezzo\" \/>\n\t<meta name=\"twitter:data1\" content=\"&euro;25.00\" \/>\n\t<meta name=\"twitter:label2\" content=\"Disponibilit\u00e0\" \/>\n\t<meta name=\"twitter:data2\" content=\"Esaurito\" \/>\n<script type=\"application\/ld+json\" class=\"yoast-schema-graph\">{\"@context\":\"https:\/\/schema.org\",\"@graph\":[{\"@type\":\"WebPage\",\"@id\":\"https:\/\/iberoid-shop.com\/it\/product\/dianabol-methandiienone-driada-10mg-100tabs\/\",\"url\":\"https:\/\/iberoid-shop.com\/it\/product\/dianabol-methandiienone-driada-10mg-100tabs\/\",\"name\":\"DIANABOL \/ METHANDIIENONE - 10MG \/ 100tabs - Steroidi in linea\",\"isPartOf\":{\"@id\":\"https:\/\/iberoid-shop.com\/it\/#website\"},\"primaryImageOfPage\":{\"@id\":\"https:\/\/iberoid-shop.com\/it\/product\/dianabol-methandiienone-driada-10mg-100tabs\/#primaryimage\"},\"image\":{\"@id\":\"https:\/\/iberoid-shop.com\/it\/product\/dianabol-methandiienone-driada-10mg-100tabs\/#primaryimage\"},\"thumbnailUrl\":\"https:\/\/iberoid-shop.com\/wp-content\/uploads\/2024\/10\/dinabolyn-driada-medical.webp\",\"datePublished\":\"2024-10-27T11:38:57+00:00\",\"dateModified\":\"2025-08-17T10:24:28+00:00\",\"description\":\"Dianabol (Metandienone): Steroide orale per rapido guadagno muscolare\/forza e recupero. Tossico epatico (alchilazione C17-alfa).\",\"breadcrumb\":{\"@id\":\"https:\/\/iberoid-shop.com\/it\/product\/dianabol-methandiienone-driada-10mg-100tabs\/#breadcrumb\"},\"inLanguage\":\"it-IT\",\"potentialAction\":[{\"@type\":\"ReadAction\",\"target\":[[\"https:\/\/iberoid-shop.com\/it\/product\/dianabol-methandiienone-driada-10mg-100tabs\/\"]]}]},{\"@type\":\"ImageObject\",\"inLanguage\":\"it-IT\",\"@id\":\"https:\/\/iberoid-shop.com\/it\/product\/dianabol-methandiienone-driada-10mg-100tabs\/#primaryimage\",\"url\":\"https:\/\/iberoid-shop.com\/wp-content\/uploads\/2024\/10\/dinabolyn-driada-medical.webp\",\"contentUrl\":\"https:\/\/iberoid-shop.com\/wp-content\/uploads\/2024\/10\/dinabolyn-driada-medical.webp\",\"width\":1000,\"height\":1000},{\"@type\":\"BreadcrumbList\",\"@id\":\"https:\/\/iberoid-shop.com\/it\/product\/dianabol-methandiienone-driada-10mg-100tabs\/#breadcrumb\",\"itemListElement\":[{\"@type\":\"ListItem\",\"position\":1,\"name\":\"Portada\",\"item\":\"https:\/\/iberoid-shop.com\/it\/\"},{\"@type\":\"ListItem\",\"position\":2,\"name\":\"Negozio\",\"item\":\"https:\/\/iberoid-shop.com\/it\/shop\/\"},{\"@type\":\"ListItem\",\"position\":3,\"name\":\"DIANABOL \/ METHANDIIENONE &#8211; 10MG \/ 100tabs\"}]},{\"@type\":\"WebSite\",\"@id\":\"https:\/\/iberoid-shop.com\/it\/#website\",\"url\":\"https:\/\/iberoid-shop.com\/it\/\",\"name\":\"Steroidi in linea\",\"description\":\"Acquista steroidi online oggi in Spagna e Portogallo. Abbiamo il miglior servizio clienti del settore e prodotti di altissima qualit\u00e0\",\"potentialAction\":[{\"@type\":\"SearchAction\",\"target\":{\"@type\":\"EntryPoint\",\"urlTemplate\":\"https:\/\/iberoid-shop.com\/it\/?s={search_term_string}\"},\"query-input\":{\"@type\":\"PropertyValueSpecification\",\"valueRequired\":true,\"valueName\":\"search_term_string\"}}],\"inLanguage\":\"it-IT\"}]}<\/script>\n<meta property=\"product:brand\" content=\"Driada\" \/>\n<meta property=\"product:price:amount\" content=\"25.00\" \/>\n<meta property=\"product:price:currency\" content=\"EUR\" \/>\n<meta property=\"og:availability\" content=\"out of stock\" \/>\n<meta property=\"product:availability\" content=\"out of stock\" \/>\n<meta property=\"product:condition\" content=\"new\" \/>\n<!-- \/ Yoast SEO Premium plugin. -->","yoast_head_json":{"title":"DIANABOL \/ METHANDIIENONE - 10MG \/ 100tabs - Steroidi in linea","description":"Dianabol (Metandienone): Steroide orale per rapido guadagno muscolare\/forza e recupero. Tossico epatico (alchilazione C17-alfa).","robots":{"index":"index","follow":"follow","max-snippet":"max-snippet:-1","max-image-preview":"max-image-preview:large","max-video-preview":"max-video-preview:-1"},"canonical":"https:\/\/iberoid-shop.com\/it\/product\/dianabol-methandiienone-driada-10mg-100tabs\/","og_locale":"it_IT","og_type":"article","og_title":"DIANABOL \/ METHANDIIENONE - 10MG \/ 100tabs","og_description":"Dianabol (Metandienone): Steroide orale per rapido guadagno muscolare\/forza e recupero. Tossico epatico (alchilazione C17-alfa).","og_url":"https:\/\/iberoid-shop.com\/it\/product\/dianabol-methandiienone-driada-10mg-100tabs\/","og_site_name":"Steroidi in linea","article_modified_time":"2025-08-17T10:24:28+00:00","og_image":[{"width":1000,"height":1000,"url":"https:\/\/iberoid-shop.com\/wp-content\/uploads\/2024\/10\/dinabolyn-driada-medical.webp","type":"image\/webp"}],"twitter_card":"summary_large_image","twitter_misc":{"Prezzo":"&euro;25.00","Disponibilit\u00e0":"Esaurito"},"schema":{"@context":"https:\/\/schema.org","@graph":[{"@type":"WebPage","@id":"https:\/\/iberoid-shop.com\/it\/product\/dianabol-methandiienone-driada-10mg-100tabs\/","url":"https:\/\/iberoid-shop.com\/it\/product\/dianabol-methandiienone-driada-10mg-100tabs\/","name":"DIANABOL \/ METHANDIIENONE - 10MG \/ 100tabs - Steroidi in linea","isPartOf":{"@id":"https:\/\/iberoid-shop.com\/it\/#website"},"primaryImageOfPage":{"@id":"https:\/\/iberoid-shop.com\/it\/product\/dianabol-methandiienone-driada-10mg-100tabs\/#primaryimage"},"image":{"@id":"https:\/\/iberoid-shop.com\/it\/product\/dianabol-methandiienone-driada-10mg-100tabs\/#primaryimage"},"thumbnailUrl":"https:\/\/iberoid-shop.com\/wp-content\/uploads\/2024\/10\/dinabolyn-driada-medical.webp","datePublished":"2024-10-27T11:38:57+00:00","dateModified":"2025-08-17T10:24:28+00:00","description":"Dianabol (Metandienone): Steroide orale per rapido guadagno muscolare\/forza e recupero. Tossico epatico (alchilazione C17-alfa).","breadcrumb":{"@id":"https:\/\/iberoid-shop.com\/it\/product\/dianabol-methandiienone-driada-10mg-100tabs\/#breadcrumb"},"inLanguage":"it-IT","potentialAction":[{"@type":"ReadAction","target":[["https:\/\/iberoid-shop.com\/it\/product\/dianabol-methandiienone-driada-10mg-100tabs\/"]]}]},{"@type":"ImageObject","inLanguage":"it-IT","@id":"https:\/\/iberoid-shop.com\/it\/product\/dianabol-methandiienone-driada-10mg-100tabs\/#primaryimage","url":"https:\/\/iberoid-shop.com\/wp-content\/uploads\/2024\/10\/dinabolyn-driada-medical.webp","contentUrl":"https:\/\/iberoid-shop.com\/wp-content\/uploads\/2024\/10\/dinabolyn-driada-medical.webp","width":1000,"height":1000},{"@type":"BreadcrumbList","@id":"https:\/\/iberoid-shop.com\/it\/product\/dianabol-methandiienone-driada-10mg-100tabs\/#breadcrumb","itemListElement":[{"@type":"ListItem","position":1,"name":"Portada","item":"https:\/\/iberoid-shop.com\/it\/"},{"@type":"ListItem","position":2,"name":"Negozio","item":"https:\/\/iberoid-shop.com\/it\/shop\/"},{"@type":"ListItem","position":3,"name":"DIANABOL \/ METHANDIIENONE &#8211; 10MG \/ 100tabs"}]},{"@type":"WebSite","@id":"https:\/\/iberoid-shop.com\/it\/#website","url":"https:\/\/iberoid-shop.com\/it\/","name":"Steroidi in linea","description":"Acquista steroidi online oggi in Spagna e Portogallo. Abbiamo il miglior servizio clienti del settore e prodotti di altissima qualit\u00e0","potentialAction":[{"@type":"SearchAction","target":{"@type":"EntryPoint","urlTemplate":"https:\/\/iberoid-shop.com\/it\/?s={search_term_string}"},"query-input":{"@type":"PropertyValueSpecification","valueRequired":true,"valueName":"search_term_string"}}],"inLanguage":"it-IT"}]},"product_brand":"Driada","product_price_amount":"25.00","product_price_currency":"EUR","og_availability":"out of stock","product_availability":"out of stock","product_condition":"new"},"_links":{"self":[{"href":"https:\/\/iberoid-shop.com\/it\/wp-json\/wp\/v2\/product\/9782","targetHints":{"allow":["GET"]}}],"collection":[{"href":"https:\/\/iberoid-shop.com\/it\/wp-json\/wp\/v2\/product"}],"about":[{"href":"https:\/\/iberoid-shop.com\/it\/wp-json\/wp\/v2\/types\/product"}],"replies":[{"embeddable":true,"href":"https:\/\/iberoid-shop.com\/it\/wp-json\/wp\/v2\/comments?post=9782"}],"wp:featuredmedia":[{"embeddable":true,"href":"https:\/\/iberoid-shop.com\/it\/wp-json\/wp\/v2\/media\/9783"}],"wp:attachment":[{"href":"https:\/\/iberoid-shop.com\/it\/wp-json\/wp\/v2\/media?parent=9782"}],"wp:term":[{"taxonomy":"product_brand","embeddable":true,"href":"https:\/\/iberoid-shop.com\/it\/wp-json\/wp\/v2\/product_brand?post=9782"},{"taxonomy":"product_cat","embeddable":true,"href":"https:\/\/iberoid-shop.com\/it\/wp-json\/wp\/v2\/product_cat?post=9782"},{"taxonomy":"product_tag","embeddable":true,"href":"https:\/\/iberoid-shop.com\/it\/wp-json\/wp\/v2\/product_tag?post=9782"}],"curies":[{"name":"wp","href":"https:\/\/api.w.org\/{rel}","templated":true}]}}