{"id":9769,"date":"2024-10-26T09:51:12","date_gmt":"2024-10-26T09:51:12","guid":{"rendered":"https:\/\/iberoid-shop.com\/?post_type=product&#038;p=9769"},"modified":"2025-12-01T09:40:15","modified_gmt":"2025-12-01T09:40:15","slug":"clomiphene-citrate-anpharm-hellas","status":"publish","type":"product","link":"https:\/\/iberoid-shop.com\/it\/product\/clomiphene-citrate-anpharm-hellas\/","title":{"rendered":"Clomiphene Citrate 50mg"},"content":{"rendered":"<p><\/p>\n<div class=\"descriptionPart\"><i id=\"contents-0\"><\/i><span style=\"vertical-align: inherit;\"><span style=\"vertical-align: inherit;\">Clomifene citrato 50 mg Anfarm Hellas ( <\/span><\/span><span style=\"vertical-align: inherit;\"><span style=\"vertical-align: inherit;\">clomid<\/span><\/span><span style=\"vertical-align: inherit;\"><span style=\"vertical-align: inherit;\"> ) \u00e8 una sostanza appartenente al gruppo degli antiestrogeni. Questo medicinale \u00e8 uno dei mezzi efficaci per la terapia post ciclo ( <\/span><\/span><span style=\"vertical-align: inherit;\"><span style=\"vertical-align: inherit;\">PCT<\/span><\/span><span style=\"vertical-align: inherit;\"><span style=\"vertical-align: inherit;\"> ). \u00c8 molto popolare tra gli atleti che assumono steroidi anabolizzanti per migliorare le proprie prestazioni fisiche e di forza, creando un aspetto muscolare definito e sagomato. Clomiphene Citrate 50mg della societ\u00e0 farmaceutica greca Anfarm Hellas aiuta gli atleti a controllare gli effetti indesiderati che si verificano dopo l&#8217;assunzione di anabolizzanti.<\/span><\/span><\/p>\n<h2 class=\"jsHandle\"><span style=\"vertical-align: inherit;\"><span style=\"vertical-align: inherit;\">Indicazioni per l&#8217;uso di Clomifene Citrato 50 mg Anfarm Hellas<\/span><\/span><\/h2>\n<div><span style=\"vertical-align: inherit;\"><span style=\"vertical-align: inherit;\">Il clomifene aiuta a ripristinare la produzione naturale degli ormoni sessuali maschili ( <\/span><\/span><span style=\"vertical-align: inherit;\"><span style=\"vertical-align: inherit;\">testosterone<\/span><\/span><span style=\"vertical-align: inherit;\"><span style=\"vertical-align: inherit;\"> ) e blocca gli estrogeni.<\/span><\/span><\/div>\n<div><span style=\"vertical-align: inherit;\"><span style=\"vertical-align: inherit;\">Il medicinale consente di prevenire sintomi quali:<\/span><\/span><\/div>\n<ul>\n<li><span style=\"vertical-align: inherit;\"><span style=\"vertical-align: inherit;\">alopecia;<\/span><\/span><\/li>\n<li><span style=\"vertical-align: inherit;\"><span style=\"vertical-align: inherit;\">accumulo di tessuto adiposo;<\/span><\/span><\/li>\n<li><span style=\"vertical-align: inherit;\"><span style=\"vertical-align: inherit;\">ginecomastia, ecc.<\/span><\/span><\/li>\n<\/ul>\n<div><span style=\"vertical-align: inherit;\"><span style=\"vertical-align: inherit;\">Gli atleti che assumono clomifene notano i seguenti effetti positivi:<\/span><\/span><\/div>\n<ul>\n<li><span style=\"vertical-align: inherit;\"><span style=\"vertical-align: inherit;\">ripristino dell&#8217;equilibrio ormonale;<\/span><\/span><\/li>\n<li><span style=\"vertical-align: inherit;\"><span style=\"vertical-align: inherit;\">prevenzione dell&#8217;effetto rimbalzo;<\/span><\/span><\/li>\n<li><span style=\"vertical-align: inherit;\"><span style=\"vertical-align: inherit;\">prevenzione delle conseguenze indesiderate dell&#8217;assunzione di steroidi anabolizzanti.<\/span><\/span><\/li>\n<\/ul>\n<p>El medicamento Citrato de clomifeno permite mantener y sostener la masa muscular ganada durante el ciclo de esteroides anab\u00f3licos.\u00a0Asimismo, el compuesto evita la disminuci\u00f3n de la densidad mineral \u00f3sea, lo cual disminuye la posibilidad de sufrir lesiones en el sistema musculoesquel\u00e9tico.<\/p>\n<h2 class=\"jsHandle\">Efectos secundarios<\/h2>\n<div><span style=\"font-variant-numeric: normal; font-variant-east-asian: normal; font-variant-alternates: normal; font-variant-position: normal; vertical-align: baseline;\">El clomifeno se considera seguro para el cuerpo humano, siempre y cuando se siga estrictamente el tratamiento prescrito por el m\u00e9dico.<\/span><\/div>\n<div>De lo contrario, pueden ocurrir las siguientes consecuencias:<\/div>\n<ul>\n<li>acn\u00e9;<\/li>\n<li>estado depresivo;<\/li>\n<li>excitabilidad excesiva, agresi\u00f3n;<\/li>\n<li>insomnio;<\/li>\n<li>dolor de cabeza.<\/li>\n<\/ul>\n<p>Tambi\u00e9n son posibles problemas de visi\u00f3n y fatiga r\u00e1pida.<\/p>\n<h2 class=\"jsHandle\">Contraindicaciones\u00a0Clomifen Citrate 50 mg Anfarm Hellas<\/h2>\n<div>Las contraindicaciones generales para tomar clomifeno incluyen:<\/div>\n<ul>\n<li>tumores pituitarios;<\/li>\n<li>sangrado uterino de origen desconocido;<\/li>\n<li>insuficiencia renal y hep\u00e1tica.<\/li>\n<\/ul>\n<p><span style=\"font-variant-numeric: normal; font-variant-east-asian: normal; font-variant-alternates: normal; font-variant-position: normal; vertical-align: baseline;\">Adicionalmente, es posible considerar la intolerancia individual hacia los componentes del medicamento, as\u00ed como el embarazo y el per\u00edodo de lactancia.<\/span><\/p>\n<h2 class=\"jsHandle\">Caracter\u00edsticas de la contrataci\u00f3n<\/h2>\n<div>El m\u00e9dico calcula la dosis y la duraci\u00f3n del ciclo de citrato de clomifeno 50 mg. Por lo general, los atletas comienzan a tomar la sustancia al d\u00eda siguiente del final del ciclo de esteroides. La duraci\u00f3n y la dosis diaria se prescriben de acuerdo con la severidad y potencia de los esteroides tomados durante el ciclo.\u00a0<span style=\"font-variant-numeric: normal; font-variant-east-asian: normal; font-variant-alternates: normal; font-variant-position: normal; vertical-align: baseline;\">Adicionalmente, se toma en cuenta el equilibrio hormonal actual y las caracter\u00edsticas individuales del atleta.<\/span>\u00a0Est\u00e1 prohibida la ingesta de bebidas alcoh\u00f3licas en combinaci\u00f3n con clomifeno.<\/div>\n<p>En las atletas, la droga puede causar insuficiencia hormonal, la producci\u00f3n excesiva de testosterona y estr\u00f3geno empeorar\u00e1 la forma. A las mujeres se les recomienda la dosis m\u00ednima.<\/p>\n<\/div>\n<p><\/p>","protected":false},"excerpt":{"rendered":"<p>Clomifene citrato 50 mg Anfarm Hellas ( clomid ) \u00e8 una sostanza appartenente al gruppo degli antiestrogeni. Questo medicinale \u00e8<\/p>\n","protected":false},"featured_media":9770,"comment_status":"open","ping_status":"closed","template":"","meta":[],"product_brand":[],"product_cat":[73],"product_tag":[],"class_list":{"0":"post-9769","1":"product","2":"type-product","3":"status-publish","4":"has-post-thumbnail","6":"product_cat-ssteroides_orales","8":"first","9":"outofstock","10":"shipping-taxable","11":"purchasable","12":"product-type-simple"},"yoast_head":"<!-- This site is optimized with the Yoast SEO Premium plugin v24.4 (Yoast SEO v27.0) - https:\/\/yoast.com\/product\/yoast-seo-premium-wordpress\/ -->\n<title>Clomiphene Citrate 50mg - Steroidi in linea<\/title>\n<meta name=\"description\" content=\"Il Clomifene Citrato 50 mg di Anfarm Hellas \u00e8 un antiestrogeno utilizzato nella terapia post-ciclo (PCT) per ripristinare il testosterone, prevenire effetti collaterali come la ginecomastia e mantenere la massa muscolare dopo cicli di steroidi.\" \/>\n<meta name=\"robots\" content=\"index, follow, max-snippet:-1, max-image-preview:large, max-video-preview:-1\" \/>\n<link rel=\"canonical\" href=\"https:\/\/iberoid-shop.com\/it\/product\/clomiphene-citrate-anpharm-hellas\/\" \/>\n<meta property=\"og:locale\" content=\"it_IT\" \/>\n<meta property=\"og:type\" content=\"article\" \/>\n<meta property=\"og:title\" content=\"Clomiphene Citrate 50mg\" \/>\n<meta property=\"og:description\" content=\"Il Clomifene Citrato 50 mg di Anfarm Hellas \u00e8 un antiestrogeno utilizzato nella terapia post-ciclo (PCT) per ripristinare il testosterone, prevenire effetti collaterali come la ginecomastia e mantenere la massa muscolare dopo cicli di steroidi.\" \/>\n<meta property=\"og:url\" content=\"https:\/\/iberoid-shop.com\/it\/product\/clomiphene-citrate-anpharm-hellas\/\" \/>\n<meta property=\"og:site_name\" content=\"Steroidi in linea\" \/>\n<meta property=\"article:modified_time\" content=\"2025-12-01T09:40:15+00:00\" \/>\n<meta property=\"og:image\" content=\"https:\/\/iberoid-shop.com\/wp-content\/uploads\/2024\/10\/clomiphene-citrate-1.jpg?v=1729936265\" \/>\n\t<meta property=\"og:image:width\" content=\"1000\" \/>\n\t<meta property=\"og:image:height\" content=\"1000\" \/>\n\t<meta property=\"og:image:type\" content=\"image\/jpeg\" \/>\n<meta name=\"twitter:card\" content=\"summary_large_image\" \/>\n<meta name=\"twitter:label1\" content=\"Prezzo\" \/>\n\t<meta name=\"twitter:data1\" content=\"&euro;20.00\" \/>\n\t<meta name=\"twitter:label2\" content=\"Disponibilit\u00e0\" \/>\n\t<meta name=\"twitter:data2\" content=\"Esaurito\" \/>\n<script type=\"application\/ld+json\" class=\"yoast-schema-graph\">{\"@context\":\"https:\/\/schema.org\",\"@graph\":[{\"@type\":\"WebPage\",\"@id\":\"https:\/\/iberoid-shop.com\/it\/product\/clomiphene-citrate-anpharm-hellas\/\",\"url\":\"https:\/\/iberoid-shop.com\/it\/product\/clomiphene-citrate-anpharm-hellas\/\",\"name\":\"Clomiphene Citrate 50mg - Steroidi in linea\",\"isPartOf\":{\"@id\":\"https:\/\/iberoid-shop.com\/it\/#website\"},\"primaryImageOfPage\":{\"@id\":\"https:\/\/iberoid-shop.com\/it\/product\/clomiphene-citrate-anpharm-hellas\/#primaryimage\"},\"image\":{\"@id\":\"https:\/\/iberoid-shop.com\/it\/product\/clomiphene-citrate-anpharm-hellas\/#primaryimage\"},\"thumbnailUrl\":\"https:\/\/iberoid-shop.com\/wp-content\/uploads\/2024\/10\/clomiphene-citrate-1.jpg?v=1729936265\",\"datePublished\":\"2024-10-26T09:51:12+00:00\",\"dateModified\":\"2025-12-01T09:40:15+00:00\",\"description\":\"Il Clomifene Citrato 50 mg di Anfarm Hellas \u00e8 un antiestrogeno utilizzato nella terapia post-ciclo (PCT) per ripristinare il testosterone, prevenire effetti collaterali come la ginecomastia e mantenere la massa muscolare dopo cicli di steroidi.\",\"breadcrumb\":{\"@id\":\"https:\/\/iberoid-shop.com\/it\/product\/clomiphene-citrate-anpharm-hellas\/#breadcrumb\"},\"inLanguage\":\"it-IT\",\"potentialAction\":[{\"@type\":\"ReadAction\",\"target\":[[\"https:\/\/iberoid-shop.com\/it\/product\/clomiphene-citrate-anpharm-hellas\/\"]]}]},{\"@type\":\"ImageObject\",\"inLanguage\":\"it-IT\",\"@id\":\"https:\/\/iberoid-shop.com\/it\/product\/clomiphene-citrate-anpharm-hellas\/#primaryimage\",\"url\":\"https:\/\/iberoid-shop.com\/wp-content\/uploads\/2024\/10\/clomiphene-citrate-1.jpg?v=1729936265\",\"contentUrl\":\"https:\/\/iberoid-shop.com\/wp-content\/uploads\/2024\/10\/clomiphene-citrate-1.jpg?v=1729936265\",\"width\":1000,\"height\":1000},{\"@type\":\"BreadcrumbList\",\"@id\":\"https:\/\/iberoid-shop.com\/it\/product\/clomiphene-citrate-anpharm-hellas\/#breadcrumb\",\"itemListElement\":[{\"@type\":\"ListItem\",\"position\":1,\"name\":\"Portada\",\"item\":\"https:\/\/iberoid-shop.com\/it\/\"},{\"@type\":\"ListItem\",\"position\":2,\"name\":\"Negozio\",\"item\":\"https:\/\/iberoid-shop.com\/it\/shop\/\"},{\"@type\":\"ListItem\",\"position\":3,\"name\":\"Clomiphene Citrate 50mg\"}]},{\"@type\":\"WebSite\",\"@id\":\"https:\/\/iberoid-shop.com\/it\/#website\",\"url\":\"https:\/\/iberoid-shop.com\/it\/\",\"name\":\"Steroidi in linea\",\"description\":\"Acquista steroidi online oggi in Spagna e Portogallo. Abbiamo il miglior servizio clienti del settore e prodotti di altissima qualit\u00e0\",\"potentialAction\":[{\"@type\":\"SearchAction\",\"target\":{\"@type\":\"EntryPoint\",\"urlTemplate\":\"https:\/\/iberoid-shop.com\/it\/?s={search_term_string}\"},\"query-input\":{\"@type\":\"PropertyValueSpecification\",\"valueRequired\":true,\"valueName\":\"search_term_string\"}}],\"inLanguage\":\"it-IT\"}]}<\/script>\n<meta property=\"product:brand\" content=\"Anfarm\" \/>\n<meta property=\"product:price:amount\" content=\"20.00\" \/>\n<meta property=\"product:price:currency\" content=\"EUR\" \/>\n<meta property=\"og:availability\" content=\"out of stock\" \/>\n<meta property=\"product:availability\" content=\"out of stock\" \/>\n<meta property=\"product:condition\" content=\"new\" \/>\n<!-- \/ Yoast SEO Premium plugin. -->","yoast_head_json":{"title":"Clomiphene Citrate 50mg - Steroidi in linea","description":"Il Clomifene Citrato 50 mg di Anfarm Hellas \u00e8 un antiestrogeno utilizzato nella terapia post-ciclo (PCT) per ripristinare il testosterone, prevenire effetti collaterali come la ginecomastia e mantenere la massa muscolare dopo cicli di steroidi.","robots":{"index":"index","follow":"follow","max-snippet":"max-snippet:-1","max-image-preview":"max-image-preview:large","max-video-preview":"max-video-preview:-1"},"canonical":"https:\/\/iberoid-shop.com\/it\/product\/clomiphene-citrate-anpharm-hellas\/","og_locale":"it_IT","og_type":"article","og_title":"Clomiphene Citrate 50mg","og_description":"Il Clomifene Citrato 50 mg di Anfarm Hellas \u00e8 un antiestrogeno utilizzato nella terapia post-ciclo (PCT) per ripristinare il testosterone, prevenire effetti collaterali come la ginecomastia e mantenere la massa muscolare dopo cicli di steroidi.","og_url":"https:\/\/iberoid-shop.com\/it\/product\/clomiphene-citrate-anpharm-hellas\/","og_site_name":"Steroidi in linea","article_modified_time":"2025-12-01T09:40:15+00:00","og_image":[{"width":1000,"height":1000,"url":"https:\/\/iberoid-shop.com\/wp-content\/uploads\/2024\/10\/clomiphene-citrate-1.jpg?v=1729936265","type":"image\/jpeg"}],"twitter_card":"summary_large_image","twitter_misc":{"Prezzo":"&euro;20.00","Disponibilit\u00e0":"Esaurito"},"schema":{"@context":"https:\/\/schema.org","@graph":[{"@type":"WebPage","@id":"https:\/\/iberoid-shop.com\/it\/product\/clomiphene-citrate-anpharm-hellas\/","url":"https:\/\/iberoid-shop.com\/it\/product\/clomiphene-citrate-anpharm-hellas\/","name":"Clomiphene Citrate 50mg - Steroidi in linea","isPartOf":{"@id":"https:\/\/iberoid-shop.com\/it\/#website"},"primaryImageOfPage":{"@id":"https:\/\/iberoid-shop.com\/it\/product\/clomiphene-citrate-anpharm-hellas\/#primaryimage"},"image":{"@id":"https:\/\/iberoid-shop.com\/it\/product\/clomiphene-citrate-anpharm-hellas\/#primaryimage"},"thumbnailUrl":"https:\/\/iberoid-shop.com\/wp-content\/uploads\/2024\/10\/clomiphene-citrate-1.jpg?v=1729936265","datePublished":"2024-10-26T09:51:12+00:00","dateModified":"2025-12-01T09:40:15+00:00","description":"Il Clomifene Citrato 50 mg di Anfarm Hellas \u00e8 un antiestrogeno utilizzato nella terapia post-ciclo (PCT) per ripristinare il testosterone, prevenire effetti collaterali come la ginecomastia e mantenere la massa muscolare dopo cicli di steroidi.","breadcrumb":{"@id":"https:\/\/iberoid-shop.com\/it\/product\/clomiphene-citrate-anpharm-hellas\/#breadcrumb"},"inLanguage":"it-IT","potentialAction":[{"@type":"ReadAction","target":[["https:\/\/iberoid-shop.com\/it\/product\/clomiphene-citrate-anpharm-hellas\/"]]}]},{"@type":"ImageObject","inLanguage":"it-IT","@id":"https:\/\/iberoid-shop.com\/it\/product\/clomiphene-citrate-anpharm-hellas\/#primaryimage","url":"https:\/\/iberoid-shop.com\/wp-content\/uploads\/2024\/10\/clomiphene-citrate-1.jpg?v=1729936265","contentUrl":"https:\/\/iberoid-shop.com\/wp-content\/uploads\/2024\/10\/clomiphene-citrate-1.jpg?v=1729936265","width":1000,"height":1000},{"@type":"BreadcrumbList","@id":"https:\/\/iberoid-shop.com\/it\/product\/clomiphene-citrate-anpharm-hellas\/#breadcrumb","itemListElement":[{"@type":"ListItem","position":1,"name":"Portada","item":"https:\/\/iberoid-shop.com\/it\/"},{"@type":"ListItem","position":2,"name":"Negozio","item":"https:\/\/iberoid-shop.com\/it\/shop\/"},{"@type":"ListItem","position":3,"name":"Clomiphene Citrate 50mg"}]},{"@type":"WebSite","@id":"https:\/\/iberoid-shop.com\/it\/#website","url":"https:\/\/iberoid-shop.com\/it\/","name":"Steroidi in linea","description":"Acquista steroidi online oggi in Spagna e Portogallo. Abbiamo il miglior servizio clienti del settore e prodotti di altissima qualit\u00e0","potentialAction":[{"@type":"SearchAction","target":{"@type":"EntryPoint","urlTemplate":"https:\/\/iberoid-shop.com\/it\/?s={search_term_string}"},"query-input":{"@type":"PropertyValueSpecification","valueRequired":true,"valueName":"search_term_string"}}],"inLanguage":"it-IT"}]},"product_brand":"Anfarm","product_price_amount":"20.00","product_price_currency":"EUR","og_availability":"out of stock","product_availability":"out of stock","product_condition":"new"},"_links":{"self":[{"href":"https:\/\/iberoid-shop.com\/it\/wp-json\/wp\/v2\/product\/9769","targetHints":{"allow":["GET"]}}],"collection":[{"href":"https:\/\/iberoid-shop.com\/it\/wp-json\/wp\/v2\/product"}],"about":[{"href":"https:\/\/iberoid-shop.com\/it\/wp-json\/wp\/v2\/types\/product"}],"replies":[{"embeddable":true,"href":"https:\/\/iberoid-shop.com\/it\/wp-json\/wp\/v2\/comments?post=9769"}],"wp:featuredmedia":[{"embeddable":true,"href":"https:\/\/iberoid-shop.com\/it\/wp-json\/wp\/v2\/media\/9770"}],"wp:attachment":[{"href":"https:\/\/iberoid-shop.com\/it\/wp-json\/wp\/v2\/media?parent=9769"}],"wp:term":[{"taxonomy":"product_brand","embeddable":true,"href":"https:\/\/iberoid-shop.com\/it\/wp-json\/wp\/v2\/product_brand?post=9769"},{"taxonomy":"product_cat","embeddable":true,"href":"https:\/\/iberoid-shop.com\/it\/wp-json\/wp\/v2\/product_cat?post=9769"},{"taxonomy":"product_tag","embeddable":true,"href":"https:\/\/iberoid-shop.com\/it\/wp-json\/wp\/v2\/product_tag?post=9769"}],"curies":[{"name":"wp","href":"https:\/\/api.w.org\/{rel}","templated":true}]}}