{"id":9726,"date":"2024-10-20T10:26:53","date_gmt":"2024-10-20T10:26:53","guid":{"rendered":"https:\/\/iberoid-shop.com\/?post_type=product&#038;p=9726"},"modified":"2024-11-11T09:24:05","modified_gmt":"2024-11-11T09:24:05","slug":"tritrenbolone150mg-driada","status":"publish","type":"product","link":"https:\/\/iberoid-shop.com\/it\/product\/tritrenbolone150mg-driada\/","title":{"rendered":"Tremilad 150 mg\/ml (Trenbolone Mix)"},"content":{"rendered":"<p><\/p>\n<ul>\n<li>Principio attivo: Acetato di Trenbolone: 50 mg\/ml, esahydrobenzylcarbonato di trenbolone: 50 mg\/ml, enantato di trenbolone 50 mg\/ml<\/li>\n<li>Tipo: Steroide anabolizzante (derivato del 19-nortestosterone)<\/li>\n<li>Forma: Iniezione<\/li>\n<li><b>Olio vettore:\u00a0<\/b>Olio di sesamo<\/li>\n<\/ul>\n<h2><b>Descrizione<\/b><\/h2>\n<p>Il Trenbolone \u00e8 un noto steroide anabolizzante iniettabile. \u00c8 il pi\u00f9 potente dei farmaci disponibili in commercio. Il Trenbolone non \u00e8 cos\u00ec duro come viene talvolta descritto, ma sicuramente non \u00e8 un farmaco per principianti. Viene tipicamente utilizzato da atleti avanzati che sono familiari con gli steroidi. Il Trenbolone \u00e8 un derivato del Nandrolone, parte di un gruppo di steroidi anabolizzanti noti come il composto 19-nor (19-nortestosterone).<\/p>\n<p>Questa categoria \u00e8 caratterizzata da una struttura molecolare specifica che non \u00e8 paragonabile ad altri gruppi. Questa differenza, insieme ad altre caratteristiche, conferisce al farmaco la capacit\u00e0 di creare una connessione stabile con il recettore degli androgeni e resistenza alla distruzione metabolica nel corpo. Ci\u00f2 dimostra un fatto estremamente importante (che tutti dovrebbero ricordare): il Trenbolone \u00e8 uno steroide anabolizzante di eccezionale forza, il pi\u00f9 potente e disponibile. Le cifre sopra indicate indicano che \u00e8 possibile ottenere risultati impressionanti con piccole dosi. Il Trenbolone \u00e8 una scorciatoia per raggiungere l&#8217;effetto desiderato.<\/p>\n<p>Il Trenbolone mostra attivit\u00e0 androgenica e anabolizzante con un indice di 500, che \u00e8 cinque volte la forza del Testosterone (indice 100). Per una migliore comprensione, possiamo dire che 200 mg di Trenbolone corrispondono a 1000 mg di Testosterone, e 500 mg equivalgono a 2500 mg.<\/p>\n<p>Lo steroide mostra alti tassi di crescita muscolare. Non trattiene acqua (in qualsiasi concentrazione) a causa della mancanza di aromatizzazione (la capacit\u00e0 di convertirsi in estrogeni). \u00c8 stato anche scoperto che il Trenbolone stimola la produzione di IGF-1 (fattore di crescita insulino-simile 1) nei tessuti muscolari.<\/p>\n<p>Oggi, il Trenbolone \u00e8 legalmente utilizzato come farmaco veterinario progettato per stimolare la crescita del bestiame. Tuttavia, \u00e8 ancora di particolare interesse per la comunit\u00e0 medica. Ma il trenbolone non ha ancora ricevuto l&#8217;approvazione della FDA e non pu\u00f2 essere ufficialmente utilizzato negli esseri umani.<\/p>\n<p>Per quanto riguarda i processi metabolici, il Trenbolone \u00e8 assolutamente resistente all&#8217;enzima aromatasi, responsabile della conversione degli androgeni in estrogeni. Ha una bassa attivit\u00e0 estrogenica e non pu\u00f2 essere convertito in estrogeni. Il Trenbolone \u00e8 anche completamente resistente all&#8217;enzima 5-alfa reduttasi, responsabile della conversione del Testosterone in il pi\u00f9 potente androgeno Dihydrotestosterone (DHT). Non interagisce con l&#8217;enzima 5-alfa reduttasi e non pu\u00f2 essere convertito in DHT.<\/p>\n<p>I cicli di Trenbolone sono molto efficaci nella combustione dei grassi o nella costruzione muscolare. Come accennato in precedenza, il farmaco si lega ai recettori dell&#8217;ormone catabolico e blocca la loro partecipazione nel segnalare alle cellule muscolari. Questo \u00e8 di particolare importanza quando si tratta dell&#8217;ormone catabolico Cortisolo, che inibisce la crescita muscolare, e il Trenbolone \u00e8 il suo inibitore attivo. A livello cellulare, attraverso la sua azione anti-catabolica, il Trenbolone riduce gli effetti negativi del catabolismo, accorciando cos\u00ec la durata delle diete e dei programmi di allenamento per le competizioni. Inoltre, l&#8217;influenza del Trenbolone \u00e8 ampiamente nota per le sue propriet\u00e0 di taglio: i recettori degli androgeni sono presenti nelle cellule adipose e, quando attivati, coinvolgono la cellula nel processo di combustione dei grassi. Il Trenbolone \u00e8 in grado di trattenere l&#8217;azoto nei tessuti muscolari, il che \u00e8 importante per mantenere massa e volume.<\/p>\n<h3><b>Effetti<\/b><\/h3>\n<ul>\n<li>Crescita muscolare rapida<\/li>\n<li>Bruciatura dei grassi<\/li>\n<li>Aumento della forza<\/li>\n<\/ul>\n<h3><b>Effetti collaterali<\/b><\/h3>\n<ul>\n<li>Soppressione della funzione testicolare<\/li>\n<li>Problemi di sonno<\/li>\n<li>Umore negativo<\/li>\n<li>Aumento del livello di prolattina<\/li>\n<\/ul>\n<h3><b>Dosaggio<\/b><\/h3>\n<ul>\n<li>La variazione dei protocolli di dosaggio del trenbolone \u00e8 estremamente ampia. Va da 150 mg a 800 mg per settimana.<\/li>\n<li>Ma la maggior parte delle dosi medie sono 200-600 mg per settimana.<\/li>\n<\/ul>\n<p>Una tale preparazione \u00e8 stata creata per creare una concentrazione della sostanza nel sangue il pi\u00f9 uniforme e prolungata possibile, per accelerare l&#8217;inizio dell&#8217;effetto e per prolungare l&#8217;emivita. \u00c8 conveniente somministrare il farmaco 1-2 volte a settimana.<\/p>\n<h3><b>Forma farmaceutica<\/b><\/h3>\n<ul>\n<li>Soluzione oleosa per iniezione intramuscolare.<\/li>\n<\/ul>\n<h3><b>Profilo<\/b><\/h3>\n<ul>\n<li>Emivita: &#8211;<\/li>\n<li>Frequenza di assunzione: 2 volte a settimana<\/li>\n<\/ul>\n<p><\/p>","protected":false},"excerpt":{"rendered":"<p>Principio attivo: Acetato di Trenbolone: 50 mg\/ml, esahydrobenzylcarbonato di trenbolone: 50 mg\/ml, enantato di trenbolone 50 mg\/ml Tipo: Steroide anabolizzante<\/p>\n","protected":false},"featured_media":9727,"comment_status":"open","ping_status":"closed","template":"","meta":[],"product_brand":[],"product_cat":[69],"product_tag":[],"class_list":{"0":"post-9726","1":"product","2":"type-product","3":"status-publish","4":"has-post-thumbnail","6":"product_cat-esteroides_inyectables","8":"first","9":"outofstock","10":"sale","11":"shipping-taxable","12":"purchasable","13":"product-type-simple"},"yoast_head":"<!-- This site is optimized with the Yoast SEO Premium plugin v24.4 (Yoast SEO v27.3) - https:\/\/yoast.com\/product\/yoast-seo-premium-wordpress\/ -->\n<title>Tremilad 150 mg\/ml (Trenbolone Mix) - Steroidi in linea<\/title>\n<meta name=\"robots\" content=\"index, follow, max-snippet:-1, max-image-preview:large, max-video-preview:-1\" \/>\n<link rel=\"canonical\" href=\"https:\/\/iberoid-shop.com\/it\/product\/tritrenbolone150mg-driada\/\" \/>\n<meta property=\"og:locale\" content=\"it_IT\" \/>\n<meta property=\"og:type\" content=\"article\" \/>\n<meta property=\"og:title\" content=\"Tremilad 150 mg\/ml (Trenbolone Mix)\" \/>\n<meta property=\"og:description\" content=\"Principio attivo: Acetato di Trenbolone: 50 mg\/ml, esahydrobenzylcarbonato di trenbolone: 50 mg\/ml, enantato di trenbolone 50 mg\/ml Tipo: Steroide anabolizzante\" \/>\n<meta property=\"og:url\" content=\"https:\/\/iberoid-shop.com\/it\/product\/tritrenbolone150mg-driada\/\" \/>\n<meta property=\"og:site_name\" content=\"Steroidi in linea\" \/>\n<meta property=\"article:modified_time\" content=\"2024-11-11T09:24:05+00:00\" \/>\n<meta property=\"og:image\" content=\"https:\/\/iberoid-shop.com\/wp-content\/uploads\/2024\/10\/tritrenbo-driada-scaled.webp\" \/>\n\t<meta property=\"og:image:width\" content=\"2560\" \/>\n\t<meta property=\"og:image:height\" content=\"2560\" \/>\n\t<meta property=\"og:image:type\" content=\"image\/webp\" \/>\n<meta name=\"twitter:card\" content=\"summary_large_image\" \/>\n<meta name=\"twitter:label1\" content=\"Prezzo\" \/>\n\t<meta name=\"twitter:data1\" content=\"&euro;60.00\" \/>\n\t<meta name=\"twitter:label2\" content=\"Disponibilit\u00e0\" \/>\n\t<meta name=\"twitter:data2\" content=\"Esaurito\" \/>\n<script type=\"application\/ld+json\" class=\"yoast-schema-graph\">{\"@context\":\"https:\\\/\\\/schema.org\",\"@graph\":[{\"@type\":\"WebPage\",\"@id\":\"https:\\\/\\\/iberoid-shop.com\\\/it\\\/product\\\/tritrenbolone150mg-driada\\\/\",\"url\":\"https:\\\/\\\/iberoid-shop.com\\\/it\\\/product\\\/tritrenbolone150mg-driada\\\/\",\"name\":\"Tremilad 150 mg\\\/ml (Trenbolone Mix) - Steroidi in linea\",\"isPartOf\":{\"@id\":\"https:\\\/\\\/iberoid-shop.com\\\/it\\\/#website\"},\"primaryImageOfPage\":{\"@id\":\"https:\\\/\\\/iberoid-shop.com\\\/it\\\/product\\\/tritrenbolone150mg-driada\\\/#primaryimage\"},\"image\":{\"@id\":\"https:\\\/\\\/iberoid-shop.com\\\/it\\\/product\\\/tritrenbolone150mg-driada\\\/#primaryimage\"},\"thumbnailUrl\":\"https:\\\/\\\/iberoid-shop.com\\\/wp-content\\\/uploads\\\/2024\\\/10\\\/tritrenbo-driada-scaled.webp\",\"datePublished\":\"2024-10-20T10:26:53+00:00\",\"dateModified\":\"2024-11-11T09:24:05+00:00\",\"breadcrumb\":{\"@id\":\"https:\\\/\\\/iberoid-shop.com\\\/it\\\/product\\\/tritrenbolone150mg-driada\\\/#breadcrumb\"},\"inLanguage\":\"it-IT\",\"potentialAction\":[{\"@type\":\"ReadAction\",\"target\":[[\"https:\\\/\\\/iberoid-shop.com\\\/it\\\/product\\\/tritrenbolone150mg-driada\\\/\"]]}]},{\"@type\":\"ImageObject\",\"inLanguage\":\"it-IT\",\"@id\":\"https:\\\/\\\/iberoid-shop.com\\\/it\\\/product\\\/tritrenbolone150mg-driada\\\/#primaryimage\",\"url\":\"https:\\\/\\\/iberoid-shop.com\\\/wp-content\\\/uploads\\\/2024\\\/10\\\/tritrenbo-driada-scaled.webp\",\"contentUrl\":\"https:\\\/\\\/iberoid-shop.com\\\/wp-content\\\/uploads\\\/2024\\\/10\\\/tritrenbo-driada-scaled.webp\",\"width\":2560,\"height\":2560},{\"@type\":\"BreadcrumbList\",\"@id\":\"https:\\\/\\\/iberoid-shop.com\\\/it\\\/product\\\/tritrenbolone150mg-driada\\\/#breadcrumb\",\"itemListElement\":[{\"@type\":\"ListItem\",\"position\":1,\"name\":\"Portada\",\"item\":\"https:\\\/\\\/iberoid-shop.com\\\/it\\\/\"},{\"@type\":\"ListItem\",\"position\":2,\"name\":\"Negozio\",\"item\":\"https:\\\/\\\/iberoid-shop.com\\\/it\\\/shop\\\/\"},{\"@type\":\"ListItem\",\"position\":3,\"name\":\"Tremilad 150 mg\\\/ml (Trenbolone Mix)\"}]},{\"@type\":\"WebSite\",\"@id\":\"https:\\\/\\\/iberoid-shop.com\\\/it\\\/#website\",\"url\":\"https:\\\/\\\/iberoid-shop.com\\\/it\\\/\",\"name\":\"Steroidi in linea\",\"description\":\"Acquista steroidi online oggi in Spagna e Portogallo. Abbiamo il miglior servizio clienti del settore e prodotti di altissima qualit\u00e0\",\"potentialAction\":[{\"@type\":\"SearchAction\",\"target\":{\"@type\":\"EntryPoint\",\"urlTemplate\":\"https:\\\/\\\/iberoid-shop.com\\\/it\\\/?s={search_term_string}\"},\"query-input\":{\"@type\":\"PropertyValueSpecification\",\"valueRequired\":true,\"valueName\":\"search_term_string\"}}],\"inLanguage\":\"it-IT\"}]}<\/script>\n<meta property=\"product:brand\" content=\"Driada\" \/>\n<meta property=\"product:price:amount\" content=\"60.00\" \/>\n<meta property=\"product:price:currency\" content=\"EUR\" \/>\n<meta property=\"og:availability\" content=\"out of stock\" \/>\n<meta property=\"product:availability\" content=\"out of stock\" \/>\n<meta property=\"product:condition\" content=\"new\" \/>\n<!-- \/ Yoast SEO Premium plugin. -->","yoast_head_json":{"title":"Tremilad 150 mg\/ml (Trenbolone Mix) - Steroidi in linea","robots":{"index":"index","follow":"follow","max-snippet":"max-snippet:-1","max-image-preview":"max-image-preview:large","max-video-preview":"max-video-preview:-1"},"canonical":"https:\/\/iberoid-shop.com\/it\/product\/tritrenbolone150mg-driada\/","og_locale":"it_IT","og_type":"article","og_title":"Tremilad 150 mg\/ml (Trenbolone Mix)","og_description":"Principio attivo: Acetato di Trenbolone: 50 mg\/ml, esahydrobenzylcarbonato di trenbolone: 50 mg\/ml, enantato di trenbolone 50 mg\/ml Tipo: Steroide anabolizzante","og_url":"https:\/\/iberoid-shop.com\/it\/product\/tritrenbolone150mg-driada\/","og_site_name":"Steroidi in linea","article_modified_time":"2024-11-11T09:24:05+00:00","og_image":[{"width":2560,"height":2560,"url":"https:\/\/iberoid-shop.com\/wp-content\/uploads\/2024\/10\/tritrenbo-driada-scaled.webp","type":"image\/webp"}],"twitter_card":"summary_large_image","twitter_misc":{"Prezzo":"&euro;60.00","Disponibilit\u00e0":"Esaurito"},"schema":{"@context":"https:\/\/schema.org","@graph":[{"@type":"WebPage","@id":"https:\/\/iberoid-shop.com\/it\/product\/tritrenbolone150mg-driada\/","url":"https:\/\/iberoid-shop.com\/it\/product\/tritrenbolone150mg-driada\/","name":"Tremilad 150 mg\/ml (Trenbolone Mix) - Steroidi in linea","isPartOf":{"@id":"https:\/\/iberoid-shop.com\/it\/#website"},"primaryImageOfPage":{"@id":"https:\/\/iberoid-shop.com\/it\/product\/tritrenbolone150mg-driada\/#primaryimage"},"image":{"@id":"https:\/\/iberoid-shop.com\/it\/product\/tritrenbolone150mg-driada\/#primaryimage"},"thumbnailUrl":"https:\/\/iberoid-shop.com\/wp-content\/uploads\/2024\/10\/tritrenbo-driada-scaled.webp","datePublished":"2024-10-20T10:26:53+00:00","dateModified":"2024-11-11T09:24:05+00:00","breadcrumb":{"@id":"https:\/\/iberoid-shop.com\/it\/product\/tritrenbolone150mg-driada\/#breadcrumb"},"inLanguage":"it-IT","potentialAction":[{"@type":"ReadAction","target":[["https:\/\/iberoid-shop.com\/it\/product\/tritrenbolone150mg-driada\/"]]}]},{"@type":"ImageObject","inLanguage":"it-IT","@id":"https:\/\/iberoid-shop.com\/it\/product\/tritrenbolone150mg-driada\/#primaryimage","url":"https:\/\/iberoid-shop.com\/wp-content\/uploads\/2024\/10\/tritrenbo-driada-scaled.webp","contentUrl":"https:\/\/iberoid-shop.com\/wp-content\/uploads\/2024\/10\/tritrenbo-driada-scaled.webp","width":2560,"height":2560},{"@type":"BreadcrumbList","@id":"https:\/\/iberoid-shop.com\/it\/product\/tritrenbolone150mg-driada\/#breadcrumb","itemListElement":[{"@type":"ListItem","position":1,"name":"Portada","item":"https:\/\/iberoid-shop.com\/it\/"},{"@type":"ListItem","position":2,"name":"Negozio","item":"https:\/\/iberoid-shop.com\/it\/shop\/"},{"@type":"ListItem","position":3,"name":"Tremilad 150 mg\/ml (Trenbolone Mix)"}]},{"@type":"WebSite","@id":"https:\/\/iberoid-shop.com\/it\/#website","url":"https:\/\/iberoid-shop.com\/it\/","name":"Steroidi in linea","description":"Acquista steroidi online oggi in Spagna e Portogallo. Abbiamo il miglior servizio clienti del settore e prodotti di altissima qualit\u00e0","potentialAction":[{"@type":"SearchAction","target":{"@type":"EntryPoint","urlTemplate":"https:\/\/iberoid-shop.com\/it\/?s={search_term_string}"},"query-input":{"@type":"PropertyValueSpecification","valueRequired":true,"valueName":"search_term_string"}}],"inLanguage":"it-IT"}]},"product_brand":"Driada","product_price_amount":"60.00","product_price_currency":"EUR","og_availability":"out of stock","product_availability":"out of stock","product_condition":"new"},"_links":{"self":[{"href":"https:\/\/iberoid-shop.com\/it\/wp-json\/wp\/v2\/product\/9726","targetHints":{"allow":["GET"]}}],"collection":[{"href":"https:\/\/iberoid-shop.com\/it\/wp-json\/wp\/v2\/product"}],"about":[{"href":"https:\/\/iberoid-shop.com\/it\/wp-json\/wp\/v2\/types\/product"}],"replies":[{"embeddable":true,"href":"https:\/\/iberoid-shop.com\/it\/wp-json\/wp\/v2\/comments?post=9726"}],"wp:featuredmedia":[{"embeddable":true,"href":"https:\/\/iberoid-shop.com\/it\/wp-json\/wp\/v2\/media\/9727"}],"wp:attachment":[{"href":"https:\/\/iberoid-shop.com\/it\/wp-json\/wp\/v2\/media?parent=9726"}],"wp:term":[{"taxonomy":"product_brand","embeddable":true,"href":"https:\/\/iberoid-shop.com\/it\/wp-json\/wp\/v2\/product_brand?post=9726"},{"taxonomy":"product_cat","embeddable":true,"href":"https:\/\/iberoid-shop.com\/it\/wp-json\/wp\/v2\/product_cat?post=9726"},{"taxonomy":"product_tag","embeddable":true,"href":"https:\/\/iberoid-shop.com\/it\/wp-json\/wp\/v2\/product_tag?post=9726"}],"curies":[{"name":"wp","href":"https:\/\/api.w.org\/{rel}","templated":true}]}}