{"id":9717,"date":"2024-10-20T10:12:34","date_gmt":"2024-10-20T10:12:34","guid":{"rendered":"https:\/\/iberoid-shop.com\/?post_type=product&#038;p=9717"},"modified":"2024-11-18T15:13:02","modified_gmt":"2024-11-18T15:13:02","slug":"testosteron-cypionate-driada","status":"publish","type":"product","link":"https:\/\/iberoid-shop.com\/it\/product\/testosteron-cypionate-driada\/","title":{"rendered":"Cypilos 250 mg\/ml (Testosterone Cypionate)"},"content":{"rendered":"<p><\/p>\n<ul>\n<li><strong>Ingrediente attivo:<\/strong>\u00a0Testosterone Cypionate<\/li>\n<li><strong>Tipo:<\/strong>\u00a0Steroide anabolizzante (derivato del Testosterone)<\/li>\n<li><strong>Forma:<\/strong>\u00a0Iniezioni<\/li>\n<li><strong>Olio vettore:<\/strong>\u00a0Olio di sesamo<\/li>\n<\/ul>\n<h2>Che cos&#8217;\u00e8 il Testosterone Cypionate?<\/h2>\n<p>Il Testosterone Cypionate 250 mg \u00e8 un estere lungo del Testosterone \u2014 il principale ormone maschile, la cui mancanza porta alla perdita di massa muscolare, problemi di potenza e psiche, oltre ad altri problemi di salute. Per compensare la carenza di testosterone legata all&#8217;et\u00e0, \u00e8 opportuno integrarlo con farmaci iniettabili.<\/p>\n<p><strong>Testosterone Cypionate<\/strong>\u00a0\u00e8 una versione sintetica dell&#8217;ormone testosterone naturale, utilizzato principalmente nella terapia ormonale. Viene somministrato come iniezione per trattare condizioni causate da bassi livelli di testosterone, come l&#8217;ipogonadismo e altri squilibri ormonali. \u00c8 efficace nel promuovere lo sviluppo sessuale maschile e nel combattere le malattie che provocano la perdita di massa muscolare. Questo farmaco \u00e8 tipicamente prescritto a individui con bassi livelli di testosterone, in particolare uomini che manifestano sintomi come riduzione della libido, affaticamento e perdita di massa muscolare. \u00c8 importante che i pazienti usino questo farmaco sotto supervisione medica a causa dei suoi effetti potenti e della possibilit\u00e0 di effetti collaterali.<\/p>\n<p>Il Testosterone Cypionate 250 mg \u00e8 un farmaco molto efficiente ma oggi \u00e8 difficile da trovare nelle farmacie, ma puoi sempre ordinare Testosterone Cypionate 250 mg online su Driada Medical shop o rivenditori ufficiali.<\/p>\n<h2>Cosa fa il Testosterone Cypionate<\/h2>\n<p>Il Testosterone Cypionate compensa la mancanza di testosterone nel corpo attivando i corrispondenti recettori. Una volta iniettato, il Testosterone Cypionate viene rilasciato lentamente nel flusso sanguigno. Viene convertito in testosterone dall&#8217;enzima esterasi.<\/p>\n<p>Il testosterone poi viaggia attraverso il sangue ed entra nei vari tessuti del corpo. In questi tessuti, si lega a specifici recettori degli androgeni sulle cellule.<\/p>\n<p>Il legame del testosterone a questi recettori innesca modifiche nell&#8217;espressione genica. Ci\u00f2 significa che pu\u00f2 attivare o disattivare determinati geni cruciali per processi come la sintesi proteica e la crescita cellulare.<\/p>\n<p>Oltre a influenzare l&#8217;espressione genica, il testosterone pu\u00f2 anche attivare vie che portano a cambiamenti immediati nella funzione cellulare che non coinvolgono modifiche al DNA.<\/p>\n<p>Gli effetti complessivi di queste azioni sono un aumento della sintesi proteica, che favorisce la crescita muscolare e il recupero; la ritenzione di azoto, fosforo e potassio; una maggiore produzione di globuli rossi; e miglioramenti complessivi nella massa muscolare, densit\u00e0 ossea e funzione sessuale. Inoltre, influisce sull&#8217;umore e sui livelli di energia, contribuendo a ridurre i sentimenti di affaticamento e depressione nelle persone con bassi livelli di testosterone.<\/p>\n<h2>Pro e Contro del Testosterone Cypionate<\/h2>\n<p>Il Testosterone Cypionate \u00e8 popolare nelle comunit\u00e0 di bodybuilding: promuove un aumento muscolare sano e aiuta nella perdita di grasso, soprattutto negli uomini che faticano a vedere i massimi benefici dall&#8217;esercizio a causa dei bassi livelli di ormone.<\/p>\n<p>\u00c8 importante notare che l&#8217;uso di questo steroide ha senso solo con uno stile di vita sano.<\/p>\n<p>Altri benefici del Testosterone Cypionate:<\/p>\n<ul>\n<li>Aumento della libido.<\/li>\n<li>Miglioramento dell&#8217;attenzione.<\/li>\n<li>Alta forza, potenza e dimensione muscolare.<\/li>\n<li>Miglioramento delle prestazioni atletiche.<\/li>\n<li>Miglioramento della densit\u00e0 ossea.<\/li>\n<li>Miglioramento dell&#8217;umore e del benessere mentale.<\/li>\n<\/ul>\n<p>L&#8217;elenco degli effetti collaterali del testosterone \u00e8 piuttosto lungo, ma ci\u00f2 non indica un particolare pericolo di questo farmaco. \u00c8 il pi\u00f9 studiato e naturale di tutti gli ormoni androgeni-anabolizzanti. L&#8217;incidenza degli effetti collaterali a dosi terapeutiche varia da rara a molto rara, e tutti i possibili effetti collaterali sono stati conosciuti e studiati il pi\u00f9 possibile:<\/p>\n<ul>\n<li>Effetti collaterali estrogenici (causati dall&#8217;aromatizzazione).<\/li>\n<li>Aumento delle LDL.<\/li>\n<li>Acne.<\/li>\n<li>Perdita di capelli.<\/li>\n<li>Aggressione.<\/li>\n<li>Ansia.<\/li>\n<li>Depressione.<\/li>\n<li>Disturbi del sonno.<\/li>\n<li>Cambiamenti d&#8217;umore.<\/li>\n<li>Coaguli di sangue.<\/li>\n<li>Problemi alla prostata.<\/li>\n<li>Sensibilit\u00e0 al seno.<\/li>\n<li>Vampate di calore.<\/li>\n<\/ul>\n<p>Tali effetti collaterali come aumento della ritenzione idrica, ginecomastia e accumulo di grasso corporeo possono essere eliminati con l&#8217;applicazione di anti-estrogeni.<\/p>\n<p>Acne, pelle grassa e aumento dei peli corporei e facciali possono essere risolti con una pulizia regolare per controllare brufoli e oleosit\u00e0 e farmaci inibitori della cinque-alfa reduttasi.<\/p>\n<p>Se si verificano uno o pi\u00f9 effetti collaterali, consultare immediatamente il proprio medico!<\/p>\n<h2>Come Usare il Testosterone Cypionate<\/h2>\n<p>Ecco alcuni punti su come usare il Testosterone Cypionate:<\/p>\n<ul>\n<li>Il Testosterone Cypionate contiene esteri lunghi quindi \u00e8 pi\u00f9 applicabile per cicli lunghi di 6-12 settimane o pi\u00f9. I dosaggi, a seconda dei compiti, possono partire da 250 mg fino a diversi grammi.<\/li>\n<li>Il Testosterone Cypionate ha diverse controindicazioni e precauzioni che dovrebbero essere considerate prima dell&#8217;uso. \u00c8 controindicato negli individui con cancro alla prostata o al seno, poich\u00e9 il testosterone pu\u00f2 esacerbare la crescita tumorale.\u00a0<strong>Le persone in gravidanza o in allattamento dovrebbero evitare il Testosterone Cypionate a causa dei potenziali danni al feto o al neonato.<\/strong>\u00a0Inoltre, chi ha ipersensibilit\u00e0 a qualsiasi componente del Testosterone Cypionate dovrebbe astenersi dall&#8217;uso. Un monitoraggio regolare e la supervisione medica sono cruciali per mitigare i potenziali rischi.<\/li>\n<li>Il Testosterone Cypionate dovrebbe essere conservato a temperatura ambiente, tipicamente tra 15\u00b0C e 25\u00b0C. Evitare l&#8217;esposizione a temperature estreme. Tenerlo in un luogo buio per proteggerlo dalla luce e dall&#8217;umidit\u00e0, che possono degradare il Testosterone Cypionate. Evitare il congelamento e tenerlo fuori dalla portata di bambini e animali domestici.<\/li>\n<\/ul>\n<p>Quindi, se il tuo obiettivo \u00e8 acquistare testosterone di buona qualit\u00e0 per la terapia ormonale sostitutiva o per scopi di bodybuilding, allora dovresti prestare attenzione al prodotto Driada, la cui qualit\u00e0 \u00e8 stata confermata da numerosi test di laboratorio.<\/p>\n<p>Driada \u00e8 un negozio online affidabile costruito sulla fiducia. All&#8217;inizio della nostra collaborazione, sappi che la nostra massima priorit\u00e0 \u00e8 creare un rapporto duraturo e di fiducia con te. Promettiamo di mantenere onest\u00e0 e integrit\u00e0 in tutte le nostre interazioni. Saremo onorati se sceglierai di fidarti di noi per aiutarti a raggiungere i tuoi obiettivi.<\/p>\n<p>Potresti imbatterti in Testosterone Cypionate per bodybuilding in vendita online, ma solo i prodotti Driada sono testati in laboratorio e meritano la tua fiducia. Puoi trovare i test di laboratorio sul nostro sito web nella pagina del prodotto.<\/p>","protected":false},"excerpt":{"rendered":"<p>Ingrediente attivo:\u00a0Testosterone Cypionate Tipo:\u00a0Steroide anabolizzante (derivato del Testosterone) Forma:\u00a0Iniezioni Olio vettore:\u00a0Olio di sesamo Che cos&#8217;\u00e8 il Testosterone Cypionate? Il Testosterone<\/p>\n","protected":false},"featured_media":9719,"comment_status":"open","ping_status":"closed","template":"","meta":[],"product_brand":[],"product_cat":[69],"product_tag":[],"class_list":{"0":"post-9717","1":"product","2":"type-product","3":"status-publish","4":"has-post-thumbnail","6":"product_cat-esteroides_inyectables","8":"first","9":"outofstock","10":"sale","11":"shipping-taxable","12":"purchasable","13":"product-type-simple"},"yoast_head":"<!-- This site is optimized with the Yoast SEO Premium plugin v24.4 (Yoast SEO v27.0) - https:\/\/yoast.com\/product\/yoast-seo-premium-wordpress\/ -->\n<title>Cypilos 250 mg\/ml (Testosterone Cypionate) - Steroidi in linea<\/title>\n<meta name=\"robots\" content=\"index, follow, max-snippet:-1, max-image-preview:large, max-video-preview:-1\" \/>\n<link rel=\"canonical\" href=\"https:\/\/iberoid-shop.com\/it\/product\/testosteron-cypionate-driada\/\" \/>\n<meta property=\"og:locale\" content=\"it_IT\" \/>\n<meta property=\"og:type\" content=\"article\" \/>\n<meta property=\"og:title\" content=\"Cypilos 250 mg\/ml (Testosterone Cypionate)\" \/>\n<meta property=\"og:description\" content=\"Ingrediente attivo:\u00a0Testosterone Cypionate Tipo:\u00a0Steroide anabolizzante (derivato del Testosterone) Forma:\u00a0Iniezioni Olio vettore:\u00a0Olio di sesamo Che cos&#8217;\u00e8 il Testosterone Cypionate? Il Testosterone\" \/>\n<meta property=\"og:url\" content=\"https:\/\/iberoid-shop.com\/it\/product\/testosteron-cypionate-driada\/\" \/>\n<meta property=\"og:site_name\" content=\"Steroidi in linea\" \/>\n<meta property=\"article:modified_time\" content=\"2024-11-18T15:13:02+00:00\" \/>\n<meta property=\"og:image\" content=\"https:\/\/iberoid-shop.com\/wp-content\/uploads\/2024\/10\/driada-cipi.webp\" \/>\n\t<meta property=\"og:image:width\" content=\"2000\" \/>\n\t<meta property=\"og:image:height\" content=\"2000\" \/>\n\t<meta property=\"og:image:type\" content=\"image\/webp\" \/>\n<meta name=\"twitter:card\" content=\"summary_large_image\" \/>\n<meta name=\"twitter:label1\" content=\"Prezzo\" \/>\n\t<meta name=\"twitter:data1\" content=\"&euro;40.00\" \/>\n\t<meta name=\"twitter:label2\" content=\"Disponibilit\u00e0\" \/>\n\t<meta name=\"twitter:data2\" content=\"Esaurito\" \/>\n<script type=\"application\/ld+json\" class=\"yoast-schema-graph\">{\"@context\":\"https:\/\/schema.org\",\"@graph\":[{\"@type\":\"WebPage\",\"@id\":\"https:\/\/iberoid-shop.com\/it\/product\/testosteron-cypionate-driada\/\",\"url\":\"https:\/\/iberoid-shop.com\/it\/product\/testosteron-cypionate-driada\/\",\"name\":\"Cypilos 250 mg\/ml (Testosterone Cypionate) - Steroidi in linea\",\"isPartOf\":{\"@id\":\"https:\/\/iberoid-shop.com\/it\/#website\"},\"primaryImageOfPage\":{\"@id\":\"https:\/\/iberoid-shop.com\/it\/product\/testosteron-cypionate-driada\/#primaryimage\"},\"image\":{\"@id\":\"https:\/\/iberoid-shop.com\/it\/product\/testosteron-cypionate-driada\/#primaryimage\"},\"thumbnailUrl\":\"https:\/\/iberoid-shop.com\/wp-content\/uploads\/2024\/10\/driada-cipi.webp\",\"datePublished\":\"2024-10-20T10:12:34+00:00\",\"dateModified\":\"2024-11-18T15:13:02+00:00\",\"breadcrumb\":{\"@id\":\"https:\/\/iberoid-shop.com\/it\/product\/testosteron-cypionate-driada\/#breadcrumb\"},\"inLanguage\":\"it-IT\",\"potentialAction\":[{\"@type\":\"ReadAction\",\"target\":[[\"https:\/\/iberoid-shop.com\/it\/product\/testosteron-cypionate-driada\/\"]]}]},{\"@type\":\"ImageObject\",\"inLanguage\":\"it-IT\",\"@id\":\"https:\/\/iberoid-shop.com\/it\/product\/testosteron-cypionate-driada\/#primaryimage\",\"url\":\"https:\/\/iberoid-shop.com\/wp-content\/uploads\/2024\/10\/driada-cipi.webp\",\"contentUrl\":\"https:\/\/iberoid-shop.com\/wp-content\/uploads\/2024\/10\/driada-cipi.webp\",\"width\":2000,\"height\":2000},{\"@type\":\"BreadcrumbList\",\"@id\":\"https:\/\/iberoid-shop.com\/it\/product\/testosteron-cypionate-driada\/#breadcrumb\",\"itemListElement\":[{\"@type\":\"ListItem\",\"position\":1,\"name\":\"Portada\",\"item\":\"https:\/\/iberoid-shop.com\/it\/\"},{\"@type\":\"ListItem\",\"position\":2,\"name\":\"Negozio\",\"item\":\"https:\/\/iberoid-shop.com\/it\/shop\/\"},{\"@type\":\"ListItem\",\"position\":3,\"name\":\"Cypilos 250 mg\/ml (Testosterone Cypionate)\"}]},{\"@type\":\"WebSite\",\"@id\":\"https:\/\/iberoid-shop.com\/it\/#website\",\"url\":\"https:\/\/iberoid-shop.com\/it\/\",\"name\":\"Steroidi in linea\",\"description\":\"Acquista steroidi online oggi in Spagna e Portogallo. Abbiamo il miglior servizio clienti del settore e prodotti di altissima qualit\u00e0\",\"potentialAction\":[{\"@type\":\"SearchAction\",\"target\":{\"@type\":\"EntryPoint\",\"urlTemplate\":\"https:\/\/iberoid-shop.com\/it\/?s={search_term_string}\"},\"query-input\":{\"@type\":\"PropertyValueSpecification\",\"valueRequired\":true,\"valueName\":\"search_term_string\"}}],\"inLanguage\":\"it-IT\"}]}<\/script>\n<meta property=\"product:brand\" content=\"Driada\" \/>\n<meta property=\"product:price:amount\" content=\"40.00\" \/>\n<meta property=\"product:price:currency\" content=\"EUR\" \/>\n<meta property=\"og:availability\" content=\"out of stock\" \/>\n<meta property=\"product:availability\" content=\"out of stock\" \/>\n<meta property=\"product:condition\" content=\"new\" \/>\n<!-- \/ Yoast SEO Premium plugin. -->","yoast_head_json":{"title":"Cypilos 250 mg\/ml (Testosterone Cypionate) - Steroidi in linea","robots":{"index":"index","follow":"follow","max-snippet":"max-snippet:-1","max-image-preview":"max-image-preview:large","max-video-preview":"max-video-preview:-1"},"canonical":"https:\/\/iberoid-shop.com\/it\/product\/testosteron-cypionate-driada\/","og_locale":"it_IT","og_type":"article","og_title":"Cypilos 250 mg\/ml (Testosterone Cypionate)","og_description":"Ingrediente attivo:\u00a0Testosterone Cypionate Tipo:\u00a0Steroide anabolizzante (derivato del Testosterone) Forma:\u00a0Iniezioni Olio vettore:\u00a0Olio di sesamo Che cos&#8217;\u00e8 il Testosterone Cypionate? Il Testosterone","og_url":"https:\/\/iberoid-shop.com\/it\/product\/testosteron-cypionate-driada\/","og_site_name":"Steroidi in linea","article_modified_time":"2024-11-18T15:13:02+00:00","og_image":[{"width":2000,"height":2000,"url":"https:\/\/iberoid-shop.com\/wp-content\/uploads\/2024\/10\/driada-cipi.webp","type":"image\/webp"}],"twitter_card":"summary_large_image","twitter_misc":{"Prezzo":"&euro;40.00","Disponibilit\u00e0":"Esaurito"},"schema":{"@context":"https:\/\/schema.org","@graph":[{"@type":"WebPage","@id":"https:\/\/iberoid-shop.com\/it\/product\/testosteron-cypionate-driada\/","url":"https:\/\/iberoid-shop.com\/it\/product\/testosteron-cypionate-driada\/","name":"Cypilos 250 mg\/ml (Testosterone Cypionate) - Steroidi in linea","isPartOf":{"@id":"https:\/\/iberoid-shop.com\/it\/#website"},"primaryImageOfPage":{"@id":"https:\/\/iberoid-shop.com\/it\/product\/testosteron-cypionate-driada\/#primaryimage"},"image":{"@id":"https:\/\/iberoid-shop.com\/it\/product\/testosteron-cypionate-driada\/#primaryimage"},"thumbnailUrl":"https:\/\/iberoid-shop.com\/wp-content\/uploads\/2024\/10\/driada-cipi.webp","datePublished":"2024-10-20T10:12:34+00:00","dateModified":"2024-11-18T15:13:02+00:00","breadcrumb":{"@id":"https:\/\/iberoid-shop.com\/it\/product\/testosteron-cypionate-driada\/#breadcrumb"},"inLanguage":"it-IT","potentialAction":[{"@type":"ReadAction","target":[["https:\/\/iberoid-shop.com\/it\/product\/testosteron-cypionate-driada\/"]]}]},{"@type":"ImageObject","inLanguage":"it-IT","@id":"https:\/\/iberoid-shop.com\/it\/product\/testosteron-cypionate-driada\/#primaryimage","url":"https:\/\/iberoid-shop.com\/wp-content\/uploads\/2024\/10\/driada-cipi.webp","contentUrl":"https:\/\/iberoid-shop.com\/wp-content\/uploads\/2024\/10\/driada-cipi.webp","width":2000,"height":2000},{"@type":"BreadcrumbList","@id":"https:\/\/iberoid-shop.com\/it\/product\/testosteron-cypionate-driada\/#breadcrumb","itemListElement":[{"@type":"ListItem","position":1,"name":"Portada","item":"https:\/\/iberoid-shop.com\/it\/"},{"@type":"ListItem","position":2,"name":"Negozio","item":"https:\/\/iberoid-shop.com\/it\/shop\/"},{"@type":"ListItem","position":3,"name":"Cypilos 250 mg\/ml (Testosterone Cypionate)"}]},{"@type":"WebSite","@id":"https:\/\/iberoid-shop.com\/it\/#website","url":"https:\/\/iberoid-shop.com\/it\/","name":"Steroidi in linea","description":"Acquista steroidi online oggi in Spagna e Portogallo. Abbiamo il miglior servizio clienti del settore e prodotti di altissima qualit\u00e0","potentialAction":[{"@type":"SearchAction","target":{"@type":"EntryPoint","urlTemplate":"https:\/\/iberoid-shop.com\/it\/?s={search_term_string}"},"query-input":{"@type":"PropertyValueSpecification","valueRequired":true,"valueName":"search_term_string"}}],"inLanguage":"it-IT"}]},"product_brand":"Driada","product_price_amount":"40.00","product_price_currency":"EUR","og_availability":"out of stock","product_availability":"out of stock","product_condition":"new"},"_links":{"self":[{"href":"https:\/\/iberoid-shop.com\/it\/wp-json\/wp\/v2\/product\/9717","targetHints":{"allow":["GET"]}}],"collection":[{"href":"https:\/\/iberoid-shop.com\/it\/wp-json\/wp\/v2\/product"}],"about":[{"href":"https:\/\/iberoid-shop.com\/it\/wp-json\/wp\/v2\/types\/product"}],"replies":[{"embeddable":true,"href":"https:\/\/iberoid-shop.com\/it\/wp-json\/wp\/v2\/comments?post=9717"}],"wp:featuredmedia":[{"embeddable":true,"href":"https:\/\/iberoid-shop.com\/it\/wp-json\/wp\/v2\/media\/9719"}],"wp:attachment":[{"href":"https:\/\/iberoid-shop.com\/it\/wp-json\/wp\/v2\/media?parent=9717"}],"wp:term":[{"taxonomy":"product_brand","embeddable":true,"href":"https:\/\/iberoid-shop.com\/it\/wp-json\/wp\/v2\/product_brand?post=9717"},{"taxonomy":"product_cat","embeddable":true,"href":"https:\/\/iberoid-shop.com\/it\/wp-json\/wp\/v2\/product_cat?post=9717"},{"taxonomy":"product_tag","embeddable":true,"href":"https:\/\/iberoid-shop.com\/it\/wp-json\/wp\/v2\/product_tag?post=9717"}],"curies":[{"name":"wp","href":"https:\/\/api.w.org\/{rel}","templated":true}]}}