{"id":9715,"date":"2024-10-20T10:09:48","date_gmt":"2024-10-20T10:09:48","guid":{"rendered":"https:\/\/iberoid-shop.com\/?post_type=product&#038;p=9715"},"modified":"2024-11-11T09:34:45","modified_gmt":"2024-11-11T09:34:45","slug":"nandrolone-decanoste-driada","status":"publish","type":"product","link":"https:\/\/iberoid-shop.com\/it\/product\/nandrolone-decanoste-driada\/","title":{"rendered":"Nandecos 200 mg\/ml (Nandrolone Decanoate)"},"content":{"rendered":"<p><\/p>\n<ul>\n<li><strong>Ingrediente attivo:<\/strong>\u00a0Nandrolone Decanoate<\/li>\n<li><strong>Tipo:<\/strong>\u00a0Steroide anabolizzante (derivato del 19-nortestosterone)<\/li>\n<li><strong>Forma:<\/strong>\u00a0Iniezione<\/li>\n<li><strong>Olio vettore:<\/strong>\u00a0Olio di sesamo<\/li>\n<\/ul>\n<h2>Che cos&#8217;\u00e8 il Nandrolone Decanoate?<\/h2>\n<p><strong>Nandrolone Decanoate<\/strong>, comunemente conosciuto con il nome commerciale\u00a0<strong>Deca Durabolin<\/strong>, \u00e8 uno steroide anabolizzante androgenico (AAS) utilizzato in campo medico per trattare una variet\u00e0 di condizioni di salute, tra cui anemia, osteoporosi e alcune forme di neoplasia, inclusi i tumori al seno. Viene anche utilizzato per preservare la massa magra in pazienti affetti da sindromi di deperimento o in casi di gravi ustioni, traumi o terapie corticosteroidi a lungo termine.<\/p>\n<p>Come il testosterone, il nandrolone presenta propriet\u00e0 anabolizzanti relativamente forti. Tuttavia, a differenza del testosterone, la sua attivit\u00e0 di costruzione dei tessuti \u00e8 accompagnata da deboli propriet\u00e0 androgeniche. Gran parte di ci\u00f2 \u00e8 dovuta alla riduzione del nandrolone a uno steroide pi\u00f9 debole, il diidronandrolone, negli stessi tessuti bersaglio sensibili agli androgeni che potenziano l&#8217;azione del testosterone (convertendolo in DHT). Le propriet\u00e0 miti del nandrolone decanoate lo hanno reso uno degli steroidi iniettabili pi\u00f9 popolari al mondo, molto apprezzato dagli atleti per la sua capacit\u00e0 di promuovere significativi aumenti di forza e massa muscolare magra senza forti effetti collaterali androgenici o estrogenici.<\/p>\n<p>Pu\u00f2 essere trovato in varie concentrazioni, 50 mg\/ml, 100 mg\/ml, ma la pi\u00f9 comune \u00e8 il nandrolone decanoate 200mg\/ml.<\/p>\n<p>Il nandrolone decanoate 10ml viene venduto in fiale ed \u00e8 il formato pi\u00f9 comune di questo farmaco. Anche se il costo del nandrolone non \u00e8 cos\u00ec elevato, il prezzo dell&#8217;iniezione di nandrolone decanoate in fiale \u00e8 inferiore rispetto alle ampolle, quindi le fiale sono molto popolari tra i bodybuilder.<\/p>\n<h2>Il Meccanismo d&#8217;Azione del Nandrolone Decanoate<\/h2>\n<p>Il nandrolone si lega ai recettori degli androgeni, migliorando la sintesi proteica e la ritenzione di azoto nei muscoli, portando a una crescita muscolare aumentata. Riduce gli effetti catabolici degli ormoni glucocorticoidi come il cortisolo e aumenta la produzione di IGF-1, supportando ulteriormente lo sviluppo muscolare. A differenza del testosterone, si converte meno in estrogeno ma ha una certa attivit\u00e0 progestinica, influenzando gli effetti collaterali. Il nandrolone migliora anche la sintesi del collagene e la densit\u00e0 ossea, il che \u00e8 benefico per la salute delle articolazioni e delle ossa.<\/p>\n<h2>I Benefici del Nandrolone Decanoate per il Corpo<\/h2>\n<p>Tra i benefici comuni a tutti gli steroidi anabolizzanti, i benefici unici del nandrolone sono:<\/p>\n<ul>\n<li><strong>Crescita muscolare pronunciata.<\/strong><\/li>\n<li><strong>Aumento della forza.<\/strong><\/li>\n<li><strong>Tempo di recupero migliorato<\/strong>\u00a0tra le serie e le sessioni di allenamento.<\/li>\n<li><strong>Aumento della ritenzione di azoto.<\/strong><\/li>\n<li><strong>Aumento della sintesi proteica<\/strong>\u00a0nei muscoli e riduzione del deperimento muscolare.<\/li>\n<\/ul>\n<h2>Effetti Collaterali del Nandrolone<\/h2>\n<p>Prima di considerare l&#8217;uso del nandrolone, \u00e8 essenziale comprendere i suoi potenziali effetti e considerazioni:<\/p>\n<ul>\n<li><strong>Sostegno per la Salute delle Articolazioni e delle Ossa.<\/strong>\u00a0Il nandrolone aiuta nella salute delle articolazioni e delle ossa migliorando la sintesi del collagene e la densit\u00e0 ossea.<\/li>\n<li><strong>Crescita del Tessuto Canceroso.<\/strong>\u00a0Gli steroidi possono stimolare la crescita del tessuto canceroso, rendendoli inadatti ai pazienti maschi con cancro alla prostata o al seno.<\/li>\n<li><strong>Riduzione della Crescita Prostatica.<\/strong>\u00a0A differenza di alcuni altri steroidi, il nandrolone pu\u00f2 ridurre la crescita prostatica, potenzialmente alleviando i sintomi del tratto urinario inferiore associati a condizioni come l&#8217;iperplasia prostatica benigna (IPB).<\/li>\n<li><strong>Riduzione dell&#8217;Alopecia.<\/strong>\u00a0C&#8217;\u00e8 una possibilit\u00e0 teorica di riduzione dei tassi di alopecia con l&#8217;uso di nandrolone.<\/li>\n<li><strong>Trattamento del Cancro al Seno Avanzato.<\/strong>\u00a0Il nandrolone decanoate \u00e8 utilizzato nel trattamento del cancro al seno avanzato, offrendo una possibile opzione di trattamento per i pazienti.<\/li>\n<li><strong>Effetti Cardiovascolari.<\/strong>\u00a0Il nandrolone decanoate, uno steroide anabolizzante, pu\u00f2 avere effetti cardiovascolari avversi. Questi includono un aumento del colesterolo LDL (il &#8220;colesterolo cattivo&#8221;) e una diminuzione del colesterolo HDL (il &#8220;colesterolo buono&#8221;), aumentando potenzialmente il rischio di aterosclerosi ed eventi cardiovascolari. Inoltre, pu\u00f2 aumentare la pressione sanguigna, contribuendo ulteriormente allo stress cardiovascolare. Cautela e monitoraggio sono essenziali, specialmente per le persone con condizioni cardiovascolari preesistenti.<\/li>\n<li><strong>Tossicit\u00e0 Epatica.<\/strong>\u00a0Evitare il consumo di alcol per mitigare i rischi di tossicit\u00e0 epatica associati all&#8217;uso di nandrolone.<\/li>\n<li><strong>Virilizzazione nelle Donne.<\/strong>\u00a0Il nandrolone decanoate induce comunemente virilizzazione nelle donne, caratterizzata da sintomi come acne, raucedine della voce, crescita eccessiva di peli sul viso\/corpo (irsutismo) e cambiamenti della libido. L&#8217;ingrossamento del clitoride, sebbene meno frequente, pu\u00f2 anche verificarsi.<\/li>\n<li><strong>Cambiamenti dell&#8217;Umore e Aggressivit\u00e0.<\/strong>\u00a0L&#8217;uso a lungo termine del nandrolone pu\u00f2 aumentare i livelli di prolattina nel sangue, portando potenzialmente a cambiamenti dell&#8217;umore come depressione, perdita di interesse e stanchezza. Sono consigliati esami del sangue regolari per monitorare i livelli di prolattina.<\/li>\n<\/ul>\n<h2>Come usare il Nandrolone Decanoate?<\/h2>\n<p>Cicli e dosaggio. Il nandrolone \u00e8 perfetto per cicli di massa e costruzione della forza. Un ciclo tipico potrebbe prevedere iniezioni settimanali di nandrolone decanoate a una dose di 200-400 mg per 8-12 settimane. Si noti che il decanoate \u00e8 un estere lungo, quindi ci vorranno 3-4 settimane affinch\u00e9 non rimangano concentrazioni significative di nandrolone nel sangue.\u00a0<strong>\u00c8 vietato usare il nandrolone durante la gravidanza; in caso di sindromi oncologiche, \u00e8 necessaria la consultazione poich\u00e9 alcuni tipi di cancro possono essere curati con il nandrolone, tuttavia, questo argomento esula dallo scopo di questo articolo e richiede supervisione medica.<\/strong><\/p>\n<p>Conservare il nandrolone decanoate a temperatura ambiente, tipicamente tra 20\u00b0C e 25\u00b0C (68\u00b0F e 77\u00b0F). Evitare l&#8217;esposizione a temperature estreme.<\/p>\n<p>Conservarlo in un luogo buio per proteggerlo dalla luce e dall&#8217;umidit\u00e0, che possono degradare il nandrolone decanoate. Evitare il congelamento e tenerlo fuori dalla portata di bambini e animali domestici.<\/p>\n<p>Se desideri recuperare da un infortunio, accelerare la rigenerazione delle articolazioni o aumentare di peso, allora il nandrolone \u00e8 un&#8217;ottima soluzione. Cicli di aumento di massa da 8 a 12 settimane, rara frequenza di effetti collaterali e alta efficienza: queste sono le principali propriet\u00e0 del ciclo di nandrolone.<\/p>","protected":false},"excerpt":{"rendered":"<p>Ingrediente attivo:\u00a0Nandrolone Decanoate Tipo:\u00a0Steroide anabolizzante (derivato del 19-nortestosterone) Forma:\u00a0Iniezione Olio vettore:\u00a0Olio di sesamo Che cos&#8217;\u00e8 il Nandrolone Decanoate? Nandrolone Decanoate,<\/p>\n","protected":false},"featured_media":9716,"comment_status":"open","ping_status":"closed","template":"","meta":[],"product_brand":[],"product_cat":[69],"product_tag":[],"class_list":{"0":"post-9715","1":"product","2":"type-product","3":"status-publish","4":"has-post-thumbnail","6":"product_cat-esteroides_inyectables","8":"first","9":"outofstock","10":"sale","11":"shipping-taxable","12":"purchasable","13":"product-type-simple"},"yoast_head":"<!-- This site is optimized with the Yoast SEO Premium plugin v24.4 (Yoast SEO v27.0) - https:\/\/yoast.com\/product\/yoast-seo-premium-wordpress\/ -->\n<title>Nandecos 200 mg\/ml (Nandrolone Decanoate) - Steroidi in linea<\/title>\n<meta name=\"robots\" content=\"index, follow, max-snippet:-1, max-image-preview:large, max-video-preview:-1\" \/>\n<link rel=\"canonical\" href=\"https:\/\/iberoid-shop.com\/it\/product\/nandrolone-decanoste-driada\/\" \/>\n<meta property=\"og:locale\" content=\"it_IT\" \/>\n<meta property=\"og:type\" content=\"article\" \/>\n<meta property=\"og:title\" content=\"Nandecos 200 mg\/ml (Nandrolone Decanoate)\" \/>\n<meta property=\"og:description\" content=\"Ingrediente attivo:\u00a0Nandrolone Decanoate Tipo:\u00a0Steroide anabolizzante (derivato del 19-nortestosterone) Forma:\u00a0Iniezione Olio vettore:\u00a0Olio di sesamo Che cos&#8217;\u00e8 il Nandrolone Decanoate? Nandrolone Decanoate,\" \/>\n<meta property=\"og:url\" content=\"https:\/\/iberoid-shop.com\/it\/product\/nandrolone-decanoste-driada\/\" \/>\n<meta property=\"og:site_name\" content=\"Steroidi in linea\" \/>\n<meta property=\"article:modified_time\" content=\"2024-11-11T09:34:45+00:00\" \/>\n<meta property=\"og:image\" content=\"https:\/\/iberoid-shop.com\/wp-content\/uploads\/2024\/10\/nandecos-driada-medical.webp\" \/>\n\t<meta property=\"og:image:width\" content=\"1000\" \/>\n\t<meta property=\"og:image:height\" content=\"1000\" \/>\n\t<meta property=\"og:image:type\" content=\"image\/webp\" \/>\n<meta name=\"twitter:card\" content=\"summary_large_image\" \/>\n<meta name=\"twitter:label1\" content=\"Prezzo\" \/>\n\t<meta name=\"twitter:data1\" content=\"&euro;45.00\" \/>\n\t<meta name=\"twitter:label2\" content=\"Disponibilit\u00e0\" \/>\n\t<meta name=\"twitter:data2\" content=\"Esaurito\" \/>\n<script type=\"application\/ld+json\" class=\"yoast-schema-graph\">{\"@context\":\"https:\/\/schema.org\",\"@graph\":[{\"@type\":\"WebPage\",\"@id\":\"https:\/\/iberoid-shop.com\/it\/product\/nandrolone-decanoste-driada\/\",\"url\":\"https:\/\/iberoid-shop.com\/it\/product\/nandrolone-decanoste-driada\/\",\"name\":\"Nandecos 200 mg\/ml (Nandrolone Decanoate) - Steroidi in linea\",\"isPartOf\":{\"@id\":\"https:\/\/iberoid-shop.com\/it\/#website\"},\"primaryImageOfPage\":{\"@id\":\"https:\/\/iberoid-shop.com\/it\/product\/nandrolone-decanoste-driada\/#primaryimage\"},\"image\":{\"@id\":\"https:\/\/iberoid-shop.com\/it\/product\/nandrolone-decanoste-driada\/#primaryimage\"},\"thumbnailUrl\":\"https:\/\/iberoid-shop.com\/wp-content\/uploads\/2024\/10\/nandecos-driada-medical.webp\",\"datePublished\":\"2024-10-20T10:09:48+00:00\",\"dateModified\":\"2024-11-11T09:34:45+00:00\",\"breadcrumb\":{\"@id\":\"https:\/\/iberoid-shop.com\/it\/product\/nandrolone-decanoste-driada\/#breadcrumb\"},\"inLanguage\":\"it-IT\",\"potentialAction\":[{\"@type\":\"ReadAction\",\"target\":[[\"https:\/\/iberoid-shop.com\/it\/product\/nandrolone-decanoste-driada\/\"]]}]},{\"@type\":\"ImageObject\",\"inLanguage\":\"it-IT\",\"@id\":\"https:\/\/iberoid-shop.com\/it\/product\/nandrolone-decanoste-driada\/#primaryimage\",\"url\":\"https:\/\/iberoid-shop.com\/wp-content\/uploads\/2024\/10\/nandecos-driada-medical.webp\",\"contentUrl\":\"https:\/\/iberoid-shop.com\/wp-content\/uploads\/2024\/10\/nandecos-driada-medical.webp\",\"width\":1000,\"height\":1000},{\"@type\":\"BreadcrumbList\",\"@id\":\"https:\/\/iberoid-shop.com\/it\/product\/nandrolone-decanoste-driada\/#breadcrumb\",\"itemListElement\":[{\"@type\":\"ListItem\",\"position\":1,\"name\":\"Portada\",\"item\":\"https:\/\/iberoid-shop.com\/it\/\"},{\"@type\":\"ListItem\",\"position\":2,\"name\":\"Negozio\",\"item\":\"https:\/\/iberoid-shop.com\/it\/shop\/\"},{\"@type\":\"ListItem\",\"position\":3,\"name\":\"Nandecos 200 mg\/ml (Nandrolone Decanoate)\"}]},{\"@type\":\"WebSite\",\"@id\":\"https:\/\/iberoid-shop.com\/it\/#website\",\"url\":\"https:\/\/iberoid-shop.com\/it\/\",\"name\":\"Steroidi in linea\",\"description\":\"Acquista steroidi online oggi in Spagna e Portogallo. Abbiamo il miglior servizio clienti del settore e prodotti di altissima qualit\u00e0\",\"potentialAction\":[{\"@type\":\"SearchAction\",\"target\":{\"@type\":\"EntryPoint\",\"urlTemplate\":\"https:\/\/iberoid-shop.com\/it\/?s={search_term_string}\"},\"query-input\":{\"@type\":\"PropertyValueSpecification\",\"valueRequired\":true,\"valueName\":\"search_term_string\"}}],\"inLanguage\":\"it-IT\"}]}<\/script>\n<meta property=\"product:brand\" content=\"Driada\" \/>\n<meta property=\"product:price:amount\" content=\"45.00\" \/>\n<meta property=\"product:price:currency\" content=\"EUR\" \/>\n<meta property=\"og:availability\" content=\"out of stock\" \/>\n<meta property=\"product:availability\" content=\"out of stock\" \/>\n<meta property=\"product:condition\" content=\"new\" \/>\n<!-- \/ Yoast SEO Premium plugin. -->","yoast_head_json":{"title":"Nandecos 200 mg\/ml (Nandrolone Decanoate) - Steroidi in linea","robots":{"index":"index","follow":"follow","max-snippet":"max-snippet:-1","max-image-preview":"max-image-preview:large","max-video-preview":"max-video-preview:-1"},"canonical":"https:\/\/iberoid-shop.com\/it\/product\/nandrolone-decanoste-driada\/","og_locale":"it_IT","og_type":"article","og_title":"Nandecos 200 mg\/ml (Nandrolone Decanoate)","og_description":"Ingrediente attivo:\u00a0Nandrolone Decanoate Tipo:\u00a0Steroide anabolizzante (derivato del 19-nortestosterone) Forma:\u00a0Iniezione Olio vettore:\u00a0Olio di sesamo Che cos&#8217;\u00e8 il Nandrolone Decanoate? Nandrolone Decanoate,","og_url":"https:\/\/iberoid-shop.com\/it\/product\/nandrolone-decanoste-driada\/","og_site_name":"Steroidi in linea","article_modified_time":"2024-11-11T09:34:45+00:00","og_image":[{"width":1000,"height":1000,"url":"https:\/\/iberoid-shop.com\/wp-content\/uploads\/2024\/10\/nandecos-driada-medical.webp","type":"image\/webp"}],"twitter_card":"summary_large_image","twitter_misc":{"Prezzo":"&euro;45.00","Disponibilit\u00e0":"Esaurito"},"schema":{"@context":"https:\/\/schema.org","@graph":[{"@type":"WebPage","@id":"https:\/\/iberoid-shop.com\/it\/product\/nandrolone-decanoste-driada\/","url":"https:\/\/iberoid-shop.com\/it\/product\/nandrolone-decanoste-driada\/","name":"Nandecos 200 mg\/ml (Nandrolone Decanoate) - Steroidi in linea","isPartOf":{"@id":"https:\/\/iberoid-shop.com\/it\/#website"},"primaryImageOfPage":{"@id":"https:\/\/iberoid-shop.com\/it\/product\/nandrolone-decanoste-driada\/#primaryimage"},"image":{"@id":"https:\/\/iberoid-shop.com\/it\/product\/nandrolone-decanoste-driada\/#primaryimage"},"thumbnailUrl":"https:\/\/iberoid-shop.com\/wp-content\/uploads\/2024\/10\/nandecos-driada-medical.webp","datePublished":"2024-10-20T10:09:48+00:00","dateModified":"2024-11-11T09:34:45+00:00","breadcrumb":{"@id":"https:\/\/iberoid-shop.com\/it\/product\/nandrolone-decanoste-driada\/#breadcrumb"},"inLanguage":"it-IT","potentialAction":[{"@type":"ReadAction","target":[["https:\/\/iberoid-shop.com\/it\/product\/nandrolone-decanoste-driada\/"]]}]},{"@type":"ImageObject","inLanguage":"it-IT","@id":"https:\/\/iberoid-shop.com\/it\/product\/nandrolone-decanoste-driada\/#primaryimage","url":"https:\/\/iberoid-shop.com\/wp-content\/uploads\/2024\/10\/nandecos-driada-medical.webp","contentUrl":"https:\/\/iberoid-shop.com\/wp-content\/uploads\/2024\/10\/nandecos-driada-medical.webp","width":1000,"height":1000},{"@type":"BreadcrumbList","@id":"https:\/\/iberoid-shop.com\/it\/product\/nandrolone-decanoste-driada\/#breadcrumb","itemListElement":[{"@type":"ListItem","position":1,"name":"Portada","item":"https:\/\/iberoid-shop.com\/it\/"},{"@type":"ListItem","position":2,"name":"Negozio","item":"https:\/\/iberoid-shop.com\/it\/shop\/"},{"@type":"ListItem","position":3,"name":"Nandecos 200 mg\/ml (Nandrolone Decanoate)"}]},{"@type":"WebSite","@id":"https:\/\/iberoid-shop.com\/it\/#website","url":"https:\/\/iberoid-shop.com\/it\/","name":"Steroidi in linea","description":"Acquista steroidi online oggi in Spagna e Portogallo. Abbiamo il miglior servizio clienti del settore e prodotti di altissima qualit\u00e0","potentialAction":[{"@type":"SearchAction","target":{"@type":"EntryPoint","urlTemplate":"https:\/\/iberoid-shop.com\/it\/?s={search_term_string}"},"query-input":{"@type":"PropertyValueSpecification","valueRequired":true,"valueName":"search_term_string"}}],"inLanguage":"it-IT"}]},"product_brand":"Driada","product_price_amount":"45.00","product_price_currency":"EUR","og_availability":"out of stock","product_availability":"out of stock","product_condition":"new"},"_links":{"self":[{"href":"https:\/\/iberoid-shop.com\/it\/wp-json\/wp\/v2\/product\/9715","targetHints":{"allow":["GET"]}}],"collection":[{"href":"https:\/\/iberoid-shop.com\/it\/wp-json\/wp\/v2\/product"}],"about":[{"href":"https:\/\/iberoid-shop.com\/it\/wp-json\/wp\/v2\/types\/product"}],"replies":[{"embeddable":true,"href":"https:\/\/iberoid-shop.com\/it\/wp-json\/wp\/v2\/comments?post=9715"}],"wp:featuredmedia":[{"embeddable":true,"href":"https:\/\/iberoid-shop.com\/it\/wp-json\/wp\/v2\/media\/9716"}],"wp:attachment":[{"href":"https:\/\/iberoid-shop.com\/it\/wp-json\/wp\/v2\/media?parent=9715"}],"wp:term":[{"taxonomy":"product_brand","embeddable":true,"href":"https:\/\/iberoid-shop.com\/it\/wp-json\/wp\/v2\/product_brand?post=9715"},{"taxonomy":"product_cat","embeddable":true,"href":"https:\/\/iberoid-shop.com\/it\/wp-json\/wp\/v2\/product_cat?post=9715"},{"taxonomy":"product_tag","embeddable":true,"href":"https:\/\/iberoid-shop.com\/it\/wp-json\/wp\/v2\/product_tag?post=9715"}],"curies":[{"name":"wp","href":"https:\/\/api.w.org\/{rel}","templated":true}]}}