{"id":9656,"date":"2024-09-15T12:45:14","date_gmt":"2024-09-15T12:45:14","guid":{"rendered":"https:\/\/iberoid-shop.com\/?post_type=product&#038;p=9656"},"modified":"2025-01-26T14:03:48","modified_gmt":"2025-01-26T14:03:48","slug":"testosteronecypionate250mg-imperia-labs","status":"publish","type":"product","link":"https:\/\/iberoid-shop.com\/it\/product\/testosteronecypionate250mg-imperia-labs\/","title":{"rendered":"TESTOSTERONE CYPIONATE 250mg"},"content":{"rendered":"<p>TESTOSTERONE CYPIONATE 250mg \u00e8 un prodotto iniettabile che viene spesso utilizzato dai bodybuilder in un ciclo di steroidi. Il principio attivo di questo farmaco \u00e8 il Testosterone Cypionate.<\/p>\n<p>Caratteristiche del Testosterone Cypionate:<br \/>\nAumenta la sintesi proteica nel corpo;<br \/>\nAumenta la capacit\u00e0 di recupero dopo l&#8217;allenamento (l&#8217;utente recupera molto pi\u00f9 velocemente);<br \/>\nAiuta a ripristinare le articolazioni doloranti;<br \/>\nAumenta la capacit\u00e0 di ossigeno nel sangue.<br \/>\nEffetti positivi:<br \/>\nEfficace crescita muscolare (si possono aggiungere da 6 a 10 kg di muscolo in 6 settimane);<br \/>\nImpatto minimo sul processo di combustione del grasso corporeo;<br \/>\nEfficace crescita degli indicatori di forza;<br \/>\nAumento della libido (aumento dell&#8217;erezione e del desiderio sessuale).<br \/>\nDosaggio e durata del ciclo<\/p>\n<p>I dosaggi per gli uomini non superano i 500 mg a settimana, che vengono divisi in due dosi uguali in giorni diversi, ad esempio, luned\u00ec e gioved\u00ec, 250 mg ciascuna. Un ciclo di Testosterone Cypionate dura solitamente da 5 a 6 settimane.<\/p>\n<p>Compatibilit\u00e0 con altri steroidi<\/p>\n<p>Il Cypionate 250 pu\u00f2 essere assunto con nandrolone, testosterone o altri steroidi iniettabili, che sono discretamente inondati di acqua, ma aumentano anche la massa. Ci\u00f2 \u00e8 necessario per ottenere una migliore massa muscolare, ma dopo questo, \u00e8 necessario il PCT. Nel processo di essiccazione, viene spesso utilizzato con Stanozolol iniettabile, in modo da non sovraccaricare il fegato. Se c&#8217;\u00e8 una combinazione di farmaci, allora, ovviamente, il dosaggio di Cypionate 250 viene ridotto.<\/p>","protected":false},"excerpt":{"rendered":"<p>TESTOSTERONE CYPIONATE 250mg \u00e8 un prodotto iniettabile che viene spesso utilizzato dai bodybuilder in un ciclo di steroidi. Il principio<\/p>\n","protected":false},"featured_media":9657,"comment_status":"open","ping_status":"closed","template":"","meta":[],"product_brand":[],"product_cat":[69],"product_tag":[],"class_list":{"0":"post-9656","1":"product","2":"type-product","3":"status-publish","4":"has-post-thumbnail","6":"product_cat-esteroides_inyectables","8":"first","9":"outofstock","10":"sale","11":"shipping-taxable","12":"purchasable","13":"product-type-simple"},"yoast_head":"<!-- This site is optimized with the Yoast SEO Premium plugin v24.4 (Yoast SEO v27.0) - https:\/\/yoast.com\/product\/yoast-seo-premium-wordpress\/ -->\n<title>TESTOSTERONE CYPIONATE 250mg - Steroidi in linea<\/title>\n<meta name=\"robots\" content=\"index, follow, max-snippet:-1, max-image-preview:large, max-video-preview:-1\" \/>\n<link rel=\"canonical\" href=\"https:\/\/iberoid-shop.com\/it\/product\/testosteronecypionate250mg-imperia-labs\/\" \/>\n<meta property=\"og:locale\" content=\"it_IT\" \/>\n<meta property=\"og:type\" content=\"article\" \/>\n<meta property=\"og:title\" content=\"TESTOSTERONE CYPIONATE 250mg\" \/>\n<meta property=\"og:description\" content=\"TESTOSTERONE CYPIONATE 250mg \u00e8 un prodotto iniettabile che viene spesso utilizzato dai bodybuilder in un ciclo di steroidi. Il principio\" \/>\n<meta property=\"og:url\" content=\"https:\/\/iberoid-shop.com\/it\/product\/testosteronecypionate250mg-imperia-labs\/\" \/>\n<meta property=\"og:site_name\" content=\"Steroidi in linea\" \/>\n<meta property=\"article:modified_time\" content=\"2025-01-26T14:03:48+00:00\" \/>\n<meta property=\"og:image\" content=\"https:\/\/iberoid-shop.com\/wp-content\/uploads\/2024\/09\/CYPIONATE-scaled.jpg?v=1726404301\" \/>\n\t<meta property=\"og:image:width\" content=\"1920\" \/>\n\t<meta property=\"og:image:height\" content=\"2560\" \/>\n\t<meta property=\"og:image:type\" content=\"image\/jpeg\" \/>\n<meta name=\"twitter:card\" content=\"summary_large_image\" \/>\n<meta name=\"twitter:label1\" content=\"Prezzo\" \/>\n\t<meta name=\"twitter:data1\" content=\"&euro;55.00\" \/>\n\t<meta name=\"twitter:label2\" content=\"Disponibilit\u00e0\" \/>\n\t<meta name=\"twitter:data2\" content=\"Esaurito\" \/>\n<script type=\"application\/ld+json\" class=\"yoast-schema-graph\">{\"@context\":\"https:\/\/schema.org\",\"@graph\":[{\"@type\":\"WebPage\",\"@id\":\"https:\/\/iberoid-shop.com\/it\/product\/testosteronecypionate250mg-imperia-labs\/\",\"url\":\"https:\/\/iberoid-shop.com\/it\/product\/testosteronecypionate250mg-imperia-labs\/\",\"name\":\"TESTOSTERONE CYPIONATE 250mg - Steroidi in linea\",\"isPartOf\":{\"@id\":\"https:\/\/iberoid-shop.com\/it\/#website\"},\"primaryImageOfPage\":{\"@id\":\"https:\/\/iberoid-shop.com\/it\/product\/testosteronecypionate250mg-imperia-labs\/#primaryimage\"},\"image\":{\"@id\":\"https:\/\/iberoid-shop.com\/it\/product\/testosteronecypionate250mg-imperia-labs\/#primaryimage\"},\"thumbnailUrl\":\"https:\/\/iberoid-shop.com\/wp-content\/uploads\/2024\/09\/CYPIONATE-scaled.jpg?v=1726404301\",\"datePublished\":\"2024-09-15T12:45:14+00:00\",\"dateModified\":\"2025-01-26T14:03:48+00:00\",\"breadcrumb\":{\"@id\":\"https:\/\/iberoid-shop.com\/it\/product\/testosteronecypionate250mg-imperia-labs\/#breadcrumb\"},\"inLanguage\":\"it-IT\",\"potentialAction\":[{\"@type\":\"ReadAction\",\"target\":[[\"https:\/\/iberoid-shop.com\/it\/product\/testosteronecypionate250mg-imperia-labs\/\"]]}]},{\"@type\":\"ImageObject\",\"inLanguage\":\"it-IT\",\"@id\":\"https:\/\/iberoid-shop.com\/it\/product\/testosteronecypionate250mg-imperia-labs\/#primaryimage\",\"url\":\"https:\/\/iberoid-shop.com\/wp-content\/uploads\/2024\/09\/CYPIONATE-scaled.jpg?v=1726404301\",\"contentUrl\":\"https:\/\/iberoid-shop.com\/wp-content\/uploads\/2024\/09\/CYPIONATE-scaled.jpg?v=1726404301\",\"width\":1920,\"height\":2560},{\"@type\":\"BreadcrumbList\",\"@id\":\"https:\/\/iberoid-shop.com\/it\/product\/testosteronecypionate250mg-imperia-labs\/#breadcrumb\",\"itemListElement\":[{\"@type\":\"ListItem\",\"position\":1,\"name\":\"Portada\",\"item\":\"https:\/\/iberoid-shop.com\/it\/\"},{\"@type\":\"ListItem\",\"position\":2,\"name\":\"Negozio\",\"item\":\"https:\/\/iberoid-shop.com\/it\/shop\/\"},{\"@type\":\"ListItem\",\"position\":3,\"name\":\"TESTOSTERONE CYPIONATE 250mg\"}]},{\"@type\":\"WebSite\",\"@id\":\"https:\/\/iberoid-shop.com\/it\/#website\",\"url\":\"https:\/\/iberoid-shop.com\/it\/\",\"name\":\"Steroidi in linea\",\"description\":\"Acquista steroidi online oggi in Spagna e Portogallo. Abbiamo il miglior servizio clienti del settore e prodotti di altissima qualit\u00e0\",\"potentialAction\":[{\"@type\":\"SearchAction\",\"target\":{\"@type\":\"EntryPoint\",\"urlTemplate\":\"https:\/\/iberoid-shop.com\/it\/?s={search_term_string}\"},\"query-input\":{\"@type\":\"PropertyValueSpecification\",\"valueRequired\":true,\"valueName\":\"search_term_string\"}}],\"inLanguage\":\"it-IT\"}]}<\/script>\n<meta property=\"product:brand\" content=\"IMPERIA LABS\" \/>\n<meta property=\"product:price:amount\" content=\"55.00\" \/>\n<meta property=\"product:price:currency\" content=\"EUR\" \/>\n<meta property=\"og:availability\" content=\"out of stock\" \/>\n<meta property=\"product:availability\" content=\"out of stock\" \/>\n<meta property=\"product:condition\" content=\"new\" \/>\n<!-- \/ Yoast SEO Premium plugin. -->","yoast_head_json":{"title":"TESTOSTERONE CYPIONATE 250mg - Steroidi in linea","robots":{"index":"index","follow":"follow","max-snippet":"max-snippet:-1","max-image-preview":"max-image-preview:large","max-video-preview":"max-video-preview:-1"},"canonical":"https:\/\/iberoid-shop.com\/it\/product\/testosteronecypionate250mg-imperia-labs\/","og_locale":"it_IT","og_type":"article","og_title":"TESTOSTERONE CYPIONATE 250mg","og_description":"TESTOSTERONE CYPIONATE 250mg \u00e8 un prodotto iniettabile che viene spesso utilizzato dai bodybuilder in un ciclo di steroidi. Il principio","og_url":"https:\/\/iberoid-shop.com\/it\/product\/testosteronecypionate250mg-imperia-labs\/","og_site_name":"Steroidi in linea","article_modified_time":"2025-01-26T14:03:48+00:00","og_image":[{"width":1920,"height":2560,"url":"https:\/\/iberoid-shop.com\/wp-content\/uploads\/2024\/09\/CYPIONATE-scaled.jpg?v=1726404301","type":"image\/jpeg"}],"twitter_card":"summary_large_image","twitter_misc":{"Prezzo":"&euro;55.00","Disponibilit\u00e0":"Esaurito"},"schema":{"@context":"https:\/\/schema.org","@graph":[{"@type":"WebPage","@id":"https:\/\/iberoid-shop.com\/it\/product\/testosteronecypionate250mg-imperia-labs\/","url":"https:\/\/iberoid-shop.com\/it\/product\/testosteronecypionate250mg-imperia-labs\/","name":"TESTOSTERONE CYPIONATE 250mg - Steroidi in linea","isPartOf":{"@id":"https:\/\/iberoid-shop.com\/it\/#website"},"primaryImageOfPage":{"@id":"https:\/\/iberoid-shop.com\/it\/product\/testosteronecypionate250mg-imperia-labs\/#primaryimage"},"image":{"@id":"https:\/\/iberoid-shop.com\/it\/product\/testosteronecypionate250mg-imperia-labs\/#primaryimage"},"thumbnailUrl":"https:\/\/iberoid-shop.com\/wp-content\/uploads\/2024\/09\/CYPIONATE-scaled.jpg?v=1726404301","datePublished":"2024-09-15T12:45:14+00:00","dateModified":"2025-01-26T14:03:48+00:00","breadcrumb":{"@id":"https:\/\/iberoid-shop.com\/it\/product\/testosteronecypionate250mg-imperia-labs\/#breadcrumb"},"inLanguage":"it-IT","potentialAction":[{"@type":"ReadAction","target":[["https:\/\/iberoid-shop.com\/it\/product\/testosteronecypionate250mg-imperia-labs\/"]]}]},{"@type":"ImageObject","inLanguage":"it-IT","@id":"https:\/\/iberoid-shop.com\/it\/product\/testosteronecypionate250mg-imperia-labs\/#primaryimage","url":"https:\/\/iberoid-shop.com\/wp-content\/uploads\/2024\/09\/CYPIONATE-scaled.jpg?v=1726404301","contentUrl":"https:\/\/iberoid-shop.com\/wp-content\/uploads\/2024\/09\/CYPIONATE-scaled.jpg?v=1726404301","width":1920,"height":2560},{"@type":"BreadcrumbList","@id":"https:\/\/iberoid-shop.com\/it\/product\/testosteronecypionate250mg-imperia-labs\/#breadcrumb","itemListElement":[{"@type":"ListItem","position":1,"name":"Portada","item":"https:\/\/iberoid-shop.com\/it\/"},{"@type":"ListItem","position":2,"name":"Negozio","item":"https:\/\/iberoid-shop.com\/it\/shop\/"},{"@type":"ListItem","position":3,"name":"TESTOSTERONE CYPIONATE 250mg"}]},{"@type":"WebSite","@id":"https:\/\/iberoid-shop.com\/it\/#website","url":"https:\/\/iberoid-shop.com\/it\/","name":"Steroidi in linea","description":"Acquista steroidi online oggi in Spagna e Portogallo. Abbiamo il miglior servizio clienti del settore e prodotti di altissima qualit\u00e0","potentialAction":[{"@type":"SearchAction","target":{"@type":"EntryPoint","urlTemplate":"https:\/\/iberoid-shop.com\/it\/?s={search_term_string}"},"query-input":{"@type":"PropertyValueSpecification","valueRequired":true,"valueName":"search_term_string"}}],"inLanguage":"it-IT"}]},"product_brand":"IMPERIA LABS","product_price_amount":"55.00","product_price_currency":"EUR","og_availability":"out of stock","product_availability":"out of stock","product_condition":"new"},"_links":{"self":[{"href":"https:\/\/iberoid-shop.com\/it\/wp-json\/wp\/v2\/product\/9656","targetHints":{"allow":["GET"]}}],"collection":[{"href":"https:\/\/iberoid-shop.com\/it\/wp-json\/wp\/v2\/product"}],"about":[{"href":"https:\/\/iberoid-shop.com\/it\/wp-json\/wp\/v2\/types\/product"}],"replies":[{"embeddable":true,"href":"https:\/\/iberoid-shop.com\/it\/wp-json\/wp\/v2\/comments?post=9656"}],"wp:featuredmedia":[{"embeddable":true,"href":"https:\/\/iberoid-shop.com\/it\/wp-json\/wp\/v2\/media\/9657"}],"wp:attachment":[{"href":"https:\/\/iberoid-shop.com\/it\/wp-json\/wp\/v2\/media?parent=9656"}],"wp:term":[{"taxonomy":"product_brand","embeddable":true,"href":"https:\/\/iberoid-shop.com\/it\/wp-json\/wp\/v2\/product_brand?post=9656"},{"taxonomy":"product_cat","embeddable":true,"href":"https:\/\/iberoid-shop.com\/it\/wp-json\/wp\/v2\/product_cat?post=9656"},{"taxonomy":"product_tag","embeddable":true,"href":"https:\/\/iberoid-shop.com\/it\/wp-json\/wp\/v2\/product_tag?post=9656"}],"curies":[{"name":"wp","href":"https:\/\/api.w.org\/{rel}","templated":true}]}}