{"id":9650,"date":"2024-09-15T12:24:00","date_gmt":"2024-09-15T12:24:00","guid":{"rendered":"https:\/\/iberoid-shop.com\/?post_type=product&#038;p=9650"},"modified":"2026-02-13T16:05:15","modified_gmt":"2026-02-13T16:05:15","slug":"primobolan-100mg-imperia-labs","status":"publish","type":"product","link":"https:\/\/iberoid-shop.com\/it\/product\/primobolan-100mg-imperia-labs\/","title":{"rendered":"Primobolan 100mg"},"content":{"rendered":"<p>Primobolan 100 \u00e8 un farmaco con attivit\u00e0 androgena e anabolica noto a molti atleti come Primobolan. Il principale principio attivo \u00e8 il Methenolone Enanthate che \u00e8 la forma iniettabile di Primobolan. In base alla sua struttura chimica, il farmaco \u00e8 un derivato del diidrotestosterone. Penetrando nel corpo, i componenti attivi del Methenolone Enanthate si accumulano nello strato di grasso, dopodich\u00e9 entrano gradualmente nel flusso sanguigno.<\/p>\n<p>Azione di Primobolan<\/p>\n<p>Gli atleti esperti preferiscono la forma iniettabile dello steroide. Secondo loro, le iniezioni sono pi\u00f9 efficaci e hanno effetti sulla salute leggermente meno negativi. Tra l&#8217;enorme numero di effetti benefici, gli atleti scelgono il farmaco perch\u00e9, con il suo aiuto, \u00e8 possibile ottenere:<\/p>\n<p>Crescita muscolare accelerata;<br \/>\nAumento degli indicatori di forza;<br \/>\nEliminazione dei depositi di grasso;<br \/>\nMiglioramento della qualit\u00e0 dei muscoli, aumentandone la definizione e il tracciamento.<\/p>\n<p>Fondamentalmente, questo farmaco ha trovato un uso diffuso nei cicli progettati per migliorare la qualit\u00e0 dei muscoli. Allo stesso tempo, dopo la fine dell&#8217;assunzione, l&#8217;effetto rollback \u00e8 minimo.<\/p>\n<p>Raccomandazioni per l&#8217;uso di Primobolan<\/p>\n<p>In pratica, questo steroide viene utilizzato dagli atleti nei casi in cui \u00e8 necessario migliorare la qualit\u00e0 della muscolatura, nonch\u00e9 per conferirle tracciabilit\u00e0 e vascolarizzazione. Molti esperti raccomandano di effettuare l&#8217;intera serie di test necessari e di consultare un medico prima di assumere il farmaco, il che consentir\u00e0 di tenere sotto controllo i principali indicatori fisiologici. La somministrazione in monoterapia del farmaco non pu\u00f2 durare pi\u00f9 di 8 settimane, mentre il dosaggio settimanale non deve superare i 400 mg. La PCT deve essere eseguita 3 settimane dopo l&#8217;ultima iniezione. Primobolan pu\u00f2 essere assunto con altri steroidi. Ad esempio, per aumentare la massa muscolare, \u00e8 possibile assumere il farmaco insieme a Nandrolone, Metandrostenolone, vari testosterone, Sustanon e Oxymetholone. Se assunto correttamente, un ciclo combinato consente di ottenere risultati eccellenti con effetti collaterali minimi. Gli esperti non raccomandano di assumere uno steroide in combinazione con pi\u00f9 di due farmaci steroidei. Per una maggiore efficacia del ciclo combinato, si consiglia di utilizzare met\u00e0 delle dosi. \u00c8 estremamente controindicato per le donne assumere un ciclo combinato di steroidi.<\/p>","protected":false},"excerpt":{"rendered":"<p>Primobolan 100 \u00e8 un farmaco con attivit\u00e0 androgena e anabolica noto a molti atleti come Primobolan. Il principale principio attivo<\/p>\n","protected":false},"featured_media":9651,"comment_status":"open","ping_status":"closed","template":"","meta":[],"product_brand":[3532],"product_cat":[69],"product_tag":[],"class_list":{"0":"post-9650","1":"product","2":"type-product","3":"status-publish","4":"has-post-thumbnail","6":"product_brand-imperia-labs","7":"product_cat-esteroides_inyectables","9":"first","10":"instock","11":"sale","12":"shipping-taxable","13":"purchasable","14":"product-type-simple"},"yoast_head":"<!-- This site is optimized with the Yoast SEO Premium plugin v24.4 (Yoast SEO v27.3) - https:\/\/yoast.com\/product\/yoast-seo-premium-wordpress\/ -->\n<title>Primobolan 100mg - Steroidi in linea<\/title>\n<meta name=\"description\" content=\"Primobolan 100 (Methenolone Enanthate) \u00e8 uno steroide anabolizzante iniettabile utilizzato dagli atleti per la crescita muscolare, l&#039;aumento della forza, la perdita di grasso e il miglioramento della definizione muscolare\" \/>\n<meta name=\"robots\" content=\"index, follow, max-snippet:-1, max-image-preview:large, max-video-preview:-1\" \/>\n<link rel=\"canonical\" href=\"https:\/\/iberoid-shop.com\/it\/product\/primobolan-100mg-imperia-labs\/\" \/>\n<meta property=\"og:locale\" content=\"it_IT\" \/>\n<meta property=\"og:type\" content=\"article\" \/>\n<meta property=\"og:title\" content=\"Primobolan 100mg\" \/>\n<meta property=\"og:description\" content=\"Primobolan 100 (Methenolone Enanthate) \u00e8 uno steroide anabolizzante iniettabile utilizzato dagli atleti per la crescita muscolare, l&#039;aumento della forza, la perdita di grasso e il miglioramento della definizione muscolare\" \/>\n<meta property=\"og:url\" content=\"https:\/\/iberoid-shop.com\/it\/product\/primobolan-100mg-imperia-labs\/\" \/>\n<meta property=\"og:site_name\" content=\"Steroidi in linea\" \/>\n<meta property=\"article:modified_time\" content=\"2026-02-13T16:05:15+00:00\" \/>\n<meta property=\"og:image\" content=\"https:\/\/iberoid-shop.com\/wp-content\/uploads\/2024\/09\/Imperia-Labs-Primobolan-100-1.jpg?v=1726403007\" \/>\n\t<meta property=\"og:image:width\" content=\"2560\" \/>\n\t<meta property=\"og:image:height\" content=\"1707\" \/>\n\t<meta property=\"og:image:type\" content=\"image\/jpeg\" \/>\n<meta name=\"twitter:card\" content=\"summary_large_image\" \/>\n<meta name=\"twitter:label1\" content=\"Prezzo\" \/>\n\t<meta name=\"twitter:data1\" content=\"&euro;75.00\" \/>\n\t<meta name=\"twitter:label2\" content=\"Disponibilit\u00e0\" \/>\n\t<meta name=\"twitter:data2\" content=\"In stock\" \/>\n<script type=\"application\/ld+json\" class=\"yoast-schema-graph\">{\"@context\":\"https:\\\/\\\/schema.org\",\"@graph\":[{\"@type\":\"WebPage\",\"@id\":\"https:\\\/\\\/iberoid-shop.com\\\/it\\\/product\\\/primobolan-100mg-imperia-labs\\\/\",\"url\":\"https:\\\/\\\/iberoid-shop.com\\\/it\\\/product\\\/primobolan-100mg-imperia-labs\\\/\",\"name\":\"Primobolan 100mg - Steroidi in linea\",\"isPartOf\":{\"@id\":\"https:\\\/\\\/iberoid-shop.com\\\/it\\\/#website\"},\"primaryImageOfPage\":{\"@id\":\"https:\\\/\\\/iberoid-shop.com\\\/it\\\/product\\\/primobolan-100mg-imperia-labs\\\/#primaryimage\"},\"image\":{\"@id\":\"https:\\\/\\\/iberoid-shop.com\\\/it\\\/product\\\/primobolan-100mg-imperia-labs\\\/#primaryimage\"},\"thumbnailUrl\":\"https:\\\/\\\/iberoid-shop.com\\\/wp-content\\\/uploads\\\/2024\\\/09\\\/Imperia-Labs-Primobolan-100-1.jpg?v=1726403007\",\"datePublished\":\"2024-09-15T12:24:00+00:00\",\"dateModified\":\"2026-02-13T16:05:15+00:00\",\"description\":\"Primobolan 100 (Methenolone Enanthate) \u00e8 uno steroide anabolizzante iniettabile utilizzato dagli atleti per la crescita muscolare, l'aumento della forza, la perdita di grasso e il miglioramento della definizione muscolare\",\"breadcrumb\":{\"@id\":\"https:\\\/\\\/iberoid-shop.com\\\/it\\\/product\\\/primobolan-100mg-imperia-labs\\\/#breadcrumb\"},\"inLanguage\":\"it-IT\",\"potentialAction\":[{\"@type\":\"ReadAction\",\"target\":[[\"https:\\\/\\\/iberoid-shop.com\\\/it\\\/product\\\/primobolan-100mg-imperia-labs\\\/\"]]}]},{\"@type\":\"ImageObject\",\"inLanguage\":\"it-IT\",\"@id\":\"https:\\\/\\\/iberoid-shop.com\\\/it\\\/product\\\/primobolan-100mg-imperia-labs\\\/#primaryimage\",\"url\":\"https:\\\/\\\/iberoid-shop.com\\\/wp-content\\\/uploads\\\/2024\\\/09\\\/Imperia-Labs-Primobolan-100-1.jpg?v=1726403007\",\"contentUrl\":\"https:\\\/\\\/iberoid-shop.com\\\/wp-content\\\/uploads\\\/2024\\\/09\\\/Imperia-Labs-Primobolan-100-1.jpg?v=1726403007\",\"width\":2560,\"height\":1707},{\"@type\":\"BreadcrumbList\",\"@id\":\"https:\\\/\\\/iberoid-shop.com\\\/it\\\/product\\\/primobolan-100mg-imperia-labs\\\/#breadcrumb\",\"itemListElement\":[{\"@type\":\"ListItem\",\"position\":1,\"name\":\"Portada\",\"item\":\"https:\\\/\\\/iberoid-shop.com\\\/it\\\/\"},{\"@type\":\"ListItem\",\"position\":2,\"name\":\"Negozio\",\"item\":\"https:\\\/\\\/iberoid-shop.com\\\/it\\\/shop\\\/\"},{\"@type\":\"ListItem\",\"position\":3,\"name\":\"Primobolan 100mg\"}]},{\"@type\":\"WebSite\",\"@id\":\"https:\\\/\\\/iberoid-shop.com\\\/it\\\/#website\",\"url\":\"https:\\\/\\\/iberoid-shop.com\\\/it\\\/\",\"name\":\"Steroidi in linea\",\"description\":\"Acquista steroidi online oggi in Spagna e Portogallo. Abbiamo il miglior servizio clienti del settore e prodotti di altissima qualit\u00e0\",\"potentialAction\":[{\"@type\":\"SearchAction\",\"target\":{\"@type\":\"EntryPoint\",\"urlTemplate\":\"https:\\\/\\\/iberoid-shop.com\\\/it\\\/?s={search_term_string}\"},\"query-input\":{\"@type\":\"PropertyValueSpecification\",\"valueRequired\":true,\"valueName\":\"search_term_string\"}}],\"inLanguage\":\"it-IT\"}]}<\/script>\n<meta property=\"product:brand\" content=\"IMPERIA LABS\" \/>\n<meta property=\"product:price:amount\" content=\"75.00\" \/>\n<meta property=\"product:price:currency\" content=\"EUR\" \/>\n<meta property=\"og:availability\" content=\"instock\" \/>\n<meta property=\"product:availability\" content=\"instock\" \/>\n<meta property=\"product:condition\" content=\"new\" \/>\n<!-- \/ Yoast SEO Premium plugin. -->","yoast_head_json":{"title":"Primobolan 100mg - Steroidi in linea","description":"Primobolan 100 (Methenolone Enanthate) \u00e8 uno steroide anabolizzante iniettabile utilizzato dagli atleti per la crescita muscolare, l'aumento della forza, la perdita di grasso e il miglioramento della definizione muscolare","robots":{"index":"index","follow":"follow","max-snippet":"max-snippet:-1","max-image-preview":"max-image-preview:large","max-video-preview":"max-video-preview:-1"},"canonical":"https:\/\/iberoid-shop.com\/it\/product\/primobolan-100mg-imperia-labs\/","og_locale":"it_IT","og_type":"article","og_title":"Primobolan 100mg","og_description":"Primobolan 100 (Methenolone Enanthate) \u00e8 uno steroide anabolizzante iniettabile utilizzato dagli atleti per la crescita muscolare, l'aumento della forza, la perdita di grasso e il miglioramento della definizione muscolare","og_url":"https:\/\/iberoid-shop.com\/it\/product\/primobolan-100mg-imperia-labs\/","og_site_name":"Steroidi in linea","article_modified_time":"2026-02-13T16:05:15+00:00","og_image":[{"width":2560,"height":1707,"url":"https:\/\/iberoid-shop.com\/wp-content\/uploads\/2024\/09\/Imperia-Labs-Primobolan-100-1.jpg?v=1726403007","type":"image\/jpeg"}],"twitter_card":"summary_large_image","twitter_misc":{"Prezzo":"&euro;75.00","Disponibilit\u00e0":"In stock"},"schema":{"@context":"https:\/\/schema.org","@graph":[{"@type":"WebPage","@id":"https:\/\/iberoid-shop.com\/it\/product\/primobolan-100mg-imperia-labs\/","url":"https:\/\/iberoid-shop.com\/it\/product\/primobolan-100mg-imperia-labs\/","name":"Primobolan 100mg - Steroidi in linea","isPartOf":{"@id":"https:\/\/iberoid-shop.com\/it\/#website"},"primaryImageOfPage":{"@id":"https:\/\/iberoid-shop.com\/it\/product\/primobolan-100mg-imperia-labs\/#primaryimage"},"image":{"@id":"https:\/\/iberoid-shop.com\/it\/product\/primobolan-100mg-imperia-labs\/#primaryimage"},"thumbnailUrl":"https:\/\/iberoid-shop.com\/wp-content\/uploads\/2024\/09\/Imperia-Labs-Primobolan-100-1.jpg?v=1726403007","datePublished":"2024-09-15T12:24:00+00:00","dateModified":"2026-02-13T16:05:15+00:00","description":"Primobolan 100 (Methenolone Enanthate) \u00e8 uno steroide anabolizzante iniettabile utilizzato dagli atleti per la crescita muscolare, l'aumento della forza, la perdita di grasso e il miglioramento della definizione muscolare","breadcrumb":{"@id":"https:\/\/iberoid-shop.com\/it\/product\/primobolan-100mg-imperia-labs\/#breadcrumb"},"inLanguage":"it-IT","potentialAction":[{"@type":"ReadAction","target":[["https:\/\/iberoid-shop.com\/it\/product\/primobolan-100mg-imperia-labs\/"]]}]},{"@type":"ImageObject","inLanguage":"it-IT","@id":"https:\/\/iberoid-shop.com\/it\/product\/primobolan-100mg-imperia-labs\/#primaryimage","url":"https:\/\/iberoid-shop.com\/wp-content\/uploads\/2024\/09\/Imperia-Labs-Primobolan-100-1.jpg?v=1726403007","contentUrl":"https:\/\/iberoid-shop.com\/wp-content\/uploads\/2024\/09\/Imperia-Labs-Primobolan-100-1.jpg?v=1726403007","width":2560,"height":1707},{"@type":"BreadcrumbList","@id":"https:\/\/iberoid-shop.com\/it\/product\/primobolan-100mg-imperia-labs\/#breadcrumb","itemListElement":[{"@type":"ListItem","position":1,"name":"Portada","item":"https:\/\/iberoid-shop.com\/it\/"},{"@type":"ListItem","position":2,"name":"Negozio","item":"https:\/\/iberoid-shop.com\/it\/shop\/"},{"@type":"ListItem","position":3,"name":"Primobolan 100mg"}]},{"@type":"WebSite","@id":"https:\/\/iberoid-shop.com\/it\/#website","url":"https:\/\/iberoid-shop.com\/it\/","name":"Steroidi in linea","description":"Acquista steroidi online oggi in Spagna e Portogallo. Abbiamo il miglior servizio clienti del settore e prodotti di altissima qualit\u00e0","potentialAction":[{"@type":"SearchAction","target":{"@type":"EntryPoint","urlTemplate":"https:\/\/iberoid-shop.com\/it\/?s={search_term_string}"},"query-input":{"@type":"PropertyValueSpecification","valueRequired":true,"valueName":"search_term_string"}}],"inLanguage":"it-IT"}]},"product_brand":"IMPERIA LABS","product_price_amount":"75.00","product_price_currency":"EUR","og_availability":"instock","product_availability":"instock","product_condition":"new"},"_links":{"self":[{"href":"https:\/\/iberoid-shop.com\/it\/wp-json\/wp\/v2\/product\/9650","targetHints":{"allow":["GET"]}}],"collection":[{"href":"https:\/\/iberoid-shop.com\/it\/wp-json\/wp\/v2\/product"}],"about":[{"href":"https:\/\/iberoid-shop.com\/it\/wp-json\/wp\/v2\/types\/product"}],"replies":[{"embeddable":true,"href":"https:\/\/iberoid-shop.com\/it\/wp-json\/wp\/v2\/comments?post=9650"}],"wp:featuredmedia":[{"embeddable":true,"href":"https:\/\/iberoid-shop.com\/it\/wp-json\/wp\/v2\/media\/9651"}],"wp:attachment":[{"href":"https:\/\/iberoid-shop.com\/it\/wp-json\/wp\/v2\/media?parent=9650"}],"wp:term":[{"taxonomy":"product_brand","embeddable":true,"href":"https:\/\/iberoid-shop.com\/it\/wp-json\/wp\/v2\/product_brand?post=9650"},{"taxonomy":"product_cat","embeddable":true,"href":"https:\/\/iberoid-shop.com\/it\/wp-json\/wp\/v2\/product_cat?post=9650"},{"taxonomy":"product_tag","embeddable":true,"href":"https:\/\/iberoid-shop.com\/it\/wp-json\/wp\/v2\/product_tag?post=9650"}],"curies":[{"name":"wp","href":"https:\/\/api.w.org\/{rel}","templated":true}]}}