{"id":9619,"date":"2024-08-06T19:48:03","date_gmt":"2024-08-06T19:48:03","guid":{"rendered":"https:\/\/iberoid-shop.com\/?post_type=product&#038;p=9619"},"modified":"2026-03-29T16:18:00","modified_gmt":"2026-03-29T16:18:00","slug":"gonadotropin-hcg-5000","status":"publish","type":"product","link":"https:\/\/iberoid-shop.com\/it\/product\/gonadotropin-hcg-5000\/","title":{"rendered":"GONADOTROPIN \/ HCG 5000"},"content":{"rendered":"<p><strong>GONADOTROPINA \/ HCG 5000 <\/strong> Iniezione viene utilizzata nel trattamento dell&#8217;infertilit\u00e0 nelle donne. \u00c8 anche utile nel trattamento dell&#8217;ipogonadismo maschile (pubert\u00e0 ritardata e basso conteggio degli spermatozoi). Funziona rilasciando gli ovuli dall&#8217;ovaio nelle donne e aumentando il livello di testosterone negli uomini.<\/p>\n<p><strong>GONADOTROPINA \/ HCG 5000 <\/strong> Iniezione viene somministrata come iniezione sotto la supervisione di un medico. Il medico decider\u00e0 il momento giusto per somministrare l&#8217;iniezione; pertanto, segui sempre il consiglio del tuo medico. Inoltre, la dose e la frequenza di somministrazione dipendono dalla condizione trattata. Di conseguenza, devi assumere questo medicinale per l&#8217;intera durata prescritta.<\/p>\n<p>Gli effetti collaterali pi\u00f9 comuni di questo medicinale includono dolore nel sito di iniezione, mal di testa, affaticamento e depressione. Se questi effetti ti danno fastidio o sembrano gravi, informa il tuo medico. Potrebbero esserci modi per ridurli o prevenirli. Gli uomini potrebbero notare acne, sudorazione e approfondimento della voce. Se sperimenti vertigini, svenimenti, dolore addominale e vomito dopo aver ricevuto l&#8217;iniezione, informa immediatamente il tuo medico.<\/p>\n<p>Prima di assumere questo medicinale, informa il tuo medico se hai mai avuto malattie cardiache, un cisto ovarico o un disturbo della ghiandola tiroidea. Inoltre, il tuo medico dovrebbe essere a conoscenza di tutti gli altri farmaci che stai assumendo, poich\u00e9 molti di essi potrebbero ridurre l&#8217;efficacia di questo medicinale o alterarne il funzionamento. Inoltre, assicurati di informare il tuo medico se sei incinta o stai allattando. Inoltre, dovresti evitare l&#8217;alcol e seguire qualsiasi consiglio dietetico fornito dal tuo medico mentre assumi questo medicinale.<\/p>\n<p><strong>Usi di GONADOTROPINA \/ HCG 5000<\/strong><\/p>\n<ul>\n<li>Trattamento dell&#8217;infertilit\u00e0 femminile<\/li>\n<li>Trattamento dell&#8217;ipogonadismo maschile<\/li>\n<\/ul>\n<p><strong>Benefici dell&#8217;iniezione di HCG<\/strong><\/p>\n<ul>\n<li>Nel trattamento dell&#8217;infertilit\u00e0 femminile<\/li>\n<li>L&#8217;iniezione di HCG 5000UI contiene un ormone che aiuta nello sviluppo normale di un ovulo nell&#8217;ovaio di una donna (organo riproduttivo femminile) e stimola il rilascio dell&#8217;ovulo durante un processo chiamato ovulazione. I medici lo usano per indurre l&#8217;ovulazione, il che aiuta a trattare l&#8217;infertilit\u00e0 nelle donne e aumenta le possibilit\u00e0 di una gravidanza di successo. Un medico o un&#8217;infermiera somministra il medicinale. Devi utilizzare il medicinale come prescritto per garantirne l&#8217;efficacia. Inoltre, potrebbe essere necessario continuare con questo trattamento per un periodo dopo essere rimasta incinta.<\/li>\n<\/ul>\n<p><strong>Effetti collaterali di GONADOTROPINA \/ HCG 5000<\/strong><\/p>\n<p>La maggior parte degli effetti collaterali non richiede assistenza medica e scompaiono man mano che il tuo corpo si adatta al medicinale. Consulta il tuo medico se persistono o se sei preoccupato per loro.<\/p>\n<p><strong>Effetti collaterali comuni di HCG<\/strong><\/p>\n<ul>\n<li style=\"list-style-type: none;\">\n<ul>\n<li>Dolore nel sito di iniezione<\/li>\n<li>Mal di testa<\/li>\n<li>Affaticamento<\/li>\n<li>Depressione<\/li>\n<li>Irritazione<\/li>\n<li>Inquietudine<\/li>\n<\/ul>\n<\/li>\n<\/ul>\n<p><strong>Come utilizzare l&#8217;iniezione di HCG<\/strong><\/p>\n<p>Il tuo medico o l&#8217;infermiera ti somministreranno questo medicinale. Ti preghiamo di non auto-somministrarti.<\/p>\n<p><strong>Come funziona GONADOTROPINA \/ HCG 5000<\/strong><\/p>\n<p>L&#8217;iniezione di HCG 5000UI \u00e8 un ormone sessuale. Nelle donne, aiuta nel rilascio degli ovuli dall&#8217;ovaio. Negli uomini, funziona aumentando la produzione di testosterone; di conseguenza, questo aiuta a trattare condizioni come la pubert\u00e0 ritardata e il basso conteggio degli spermatozoi.<\/p>","protected":false},"excerpt":{"rendered":"<p>GONADOTROPINA \/ HCG 5000 Iniezione viene utilizzata nel trattamento dell&#8217;infertilit\u00e0 nelle donne. \u00c8 anche utile nel trattamento dell&#8217;ipogonadismo maschile (pubert\u00e0<\/p>\n","protected":false},"featured_media":10563,"comment_status":"open","ping_status":"closed","template":"","meta":[],"product_brand":[3531],"product_cat":[76],"product_tag":[],"class_list":{"0":"post-9619","1":"product","2":"type-product","3":"status-publish","4":"has-post-thumbnail","6":"product_brand-adam-pharm","7":"product_cat-hgh_peptido","9":"first","10":"instock","11":"sale","12":"shipping-taxable","13":"purchasable","14":"product-type-simple"},"yoast_head":"<!-- This site is optimized with the Yoast SEO Premium plugin v24.4 (Yoast SEO v27.0) - https:\/\/yoast.com\/product\/yoast-seo-premium-wordpress\/ -->\n<title>GONADOTROPIN \/ HCG 5000 - Steroidi in linea<\/title>\n<meta name=\"description\" content=\"GONADOTROPIN \/ HCG 5000 Injection is used in the treatment of infertility in women. It is also helpful in the treatment of male hypogonadism\" \/>\n<meta name=\"robots\" content=\"index, follow, max-snippet:-1, max-image-preview:large, max-video-preview:-1\" \/>\n<link rel=\"canonical\" href=\"https:\/\/iberoid-shop.com\/it\/product\/gonadotropin-hcg-5000\/\" \/>\n<meta property=\"og:locale\" content=\"it_IT\" \/>\n<meta property=\"og:type\" content=\"article\" \/>\n<meta property=\"og:title\" content=\"GONADOTROPIN \/ HCG 5000\" \/>\n<meta property=\"og:description\" content=\"GONADOTROPIN \/ HCG 5000 Injection is used in the treatment of infertility in women. It is also helpful in the treatment of male hypogonadism\" \/>\n<meta property=\"og:url\" content=\"https:\/\/iberoid-shop.com\/it\/product\/gonadotropin-hcg-5000\/\" \/>\n<meta property=\"og:site_name\" content=\"Steroidi in linea\" \/>\n<meta property=\"article:modified_time\" content=\"2026-03-29T16:18:00+00:00\" \/>\n<meta property=\"og:image\" content=\"https:\/\/iberoid-shop.com\/wp-content\/uploads\/2024\/08\/hcg1.jpeg?v=1770549099\" \/>\n\t<meta property=\"og:image:width\" content=\"1131\" \/>\n\t<meta property=\"og:image:height\" content=\"1600\" \/>\n\t<meta property=\"og:image:type\" content=\"image\/jpeg\" \/>\n<meta name=\"twitter:card\" content=\"summary_large_image\" \/>\n<meta name=\"twitter:label1\" content=\"Prezzo\" \/>\n\t<meta name=\"twitter:data1\" content=\"&euro;25.00\" \/>\n\t<meta name=\"twitter:label2\" content=\"Disponibilit\u00e0\" \/>\n\t<meta name=\"twitter:data2\" content=\"In stock\" \/>\n<script type=\"application\/ld+json\" class=\"yoast-schema-graph\">{\"@context\":\"https:\/\/schema.org\",\"@graph\":[{\"@type\":\"WebPage\",\"@id\":\"https:\/\/iberoid-shop.com\/it\/product\/gonadotropin-hcg-5000\/\",\"url\":\"https:\/\/iberoid-shop.com\/it\/product\/gonadotropin-hcg-5000\/\",\"name\":\"GONADOTROPIN \/ HCG 5000 - Steroidi in linea\",\"isPartOf\":{\"@id\":\"https:\/\/iberoid-shop.com\/it\/#website\"},\"primaryImageOfPage\":{\"@id\":\"https:\/\/iberoid-shop.com\/it\/product\/gonadotropin-hcg-5000\/#primaryimage\"},\"image\":{\"@id\":\"https:\/\/iberoid-shop.com\/product\/gonadotropin-hcg-5000\/#primaryimage\"},\"thumbnailUrl\":\"https:\/\/iberoid-shop.com\/wp-content\/uploads\/2024\/08\/hcg1.jpeg?v=1770549099\",\"datePublished\":\"2024-08-06T19:48:03+00:00\",\"dateModified\":\"2026-03-29T16:18:00+00:00\",\"description\":\"GONADOTROPIN \/ HCG 5000 Injection is used in the treatment of infertility in women. It is also helpful in the treatment of male hypogonadism\",\"breadcrumb\":{\"@id\":\"https:\/\/iberoid-shop.com\/it\/product\/gonadotropin-hcg-5000\/#breadcrumb\"},\"inLanguage\":\"it-IT\",\"potentialAction\":[{\"@type\":\"ReadAction\",\"target\":[[\"https:\/\/iberoid-shop.com\/it\/product\/gonadotropin-hcg-5000\/\"]]}]},{\"@type\":\"ImageObject\",\"inLanguage\":\"it-IT\",\"@id\":\"https:\/\/iberoid-shop.com\/it\/product\/gonadotropin-hcg-5000\/#primaryimage\",\"url\":\"https:\/\/iberoid-shop.com\/wp-content\/uploads\/2024\/08\/hcg1.jpeg?v=1770549099\",\"contentUrl\":\"https:\/\/iberoid-shop.com\/wp-content\/uploads\/2024\/08\/hcg1.jpeg?v=1770549099\",\"width\":1131,\"height\":1600},{\"@type\":\"BreadcrumbList\",\"@id\":\"https:\/\/iberoid-shop.com\/it\/product\/gonadotropin-hcg-5000\/#breadcrumb\",\"itemListElement\":[{\"@type\":\"ListItem\",\"position\":1,\"name\":\"Portada\",\"item\":\"https:\/\/iberoid-shop.com\/it\/\"},{\"@type\":\"ListItem\",\"position\":2,\"name\":\"Negozio\",\"item\":\"https:\/\/iberoid-shop.com\/it\/shop\/\"},{\"@type\":\"ListItem\",\"position\":3,\"name\":\"GONADOTROPIN \/ HCG 5000\"}]},{\"@type\":\"WebSite\",\"@id\":\"https:\/\/iberoid-shop.com\/it\/#website\",\"url\":\"https:\/\/iberoid-shop.com\/it\/\",\"name\":\"Steroidi in linea\",\"description\":\"Acquista steroidi online oggi in Spagna e Portogallo. Abbiamo il miglior servizio clienti del settore e prodotti di altissima qualit\u00e0\",\"potentialAction\":[{\"@type\":\"SearchAction\",\"target\":{\"@type\":\"EntryPoint\",\"urlTemplate\":\"https:\/\/iberoid-shop.com\/it\/?s={search_term_string}\"},\"query-input\":{\"@type\":\"PropertyValueSpecification\",\"valueRequired\":true,\"valueName\":\"search_term_string\"}}],\"inLanguage\":\"it-IT\"}]}<\/script>\n<meta property=\"product:brand\" content=\"AdamLabs\" \/>\n<meta property=\"product:price:amount\" content=\"25.00\" \/>\n<meta property=\"product:price:currency\" content=\"EUR\" \/>\n<meta property=\"og:availability\" content=\"instock\" \/>\n<meta property=\"product:availability\" content=\"instock\" \/>\n<meta property=\"product:condition\" content=\"new\" \/>\n<!-- \/ Yoast SEO Premium plugin. -->","yoast_head_json":{"title":"GONADOTROPIN \/ HCG 5000 - Steroidi in linea","description":"GONADOTROPIN \/ HCG 5000 Injection is used in the treatment of infertility in women. It is also helpful in the treatment of male hypogonadism","robots":{"index":"index","follow":"follow","max-snippet":"max-snippet:-1","max-image-preview":"max-image-preview:large","max-video-preview":"max-video-preview:-1"},"canonical":"https:\/\/iberoid-shop.com\/it\/product\/gonadotropin-hcg-5000\/","og_locale":"it_IT","og_type":"article","og_title":"GONADOTROPIN \/ HCG 5000","og_description":"GONADOTROPIN \/ HCG 5000 Injection is used in the treatment of infertility in women. It is also helpful in the treatment of male hypogonadism","og_url":"https:\/\/iberoid-shop.com\/it\/product\/gonadotropin-hcg-5000\/","og_site_name":"Steroidi in linea","article_modified_time":"2026-03-29T16:18:00+00:00","og_image":[{"width":1131,"height":1600,"url":"https:\/\/iberoid-shop.com\/wp-content\/uploads\/2024\/08\/hcg1.jpeg?v=1770549099","type":"image\/jpeg"}],"twitter_card":"summary_large_image","twitter_misc":{"Prezzo":"&euro;25.00","Disponibilit\u00e0":"In stock"},"schema":{"@context":"https:\/\/schema.org","@graph":[{"@type":"WebPage","@id":"https:\/\/iberoid-shop.com\/it\/product\/gonadotropin-hcg-5000\/","url":"https:\/\/iberoid-shop.com\/it\/product\/gonadotropin-hcg-5000\/","name":"GONADOTROPIN \/ HCG 5000 - Steroidi in linea","isPartOf":{"@id":"https:\/\/iberoid-shop.com\/it\/#website"},"primaryImageOfPage":{"@id":"https:\/\/iberoid-shop.com\/it\/product\/gonadotropin-hcg-5000\/#primaryimage"},"image":{"@id":"https:\/\/iberoid-shop.com\/product\/gonadotropin-hcg-5000\/#primaryimage"},"thumbnailUrl":"https:\/\/iberoid-shop.com\/wp-content\/uploads\/2024\/08\/hcg1.jpeg?v=1770549099","datePublished":"2024-08-06T19:48:03+00:00","dateModified":"2026-03-29T16:18:00+00:00","description":"GONADOTROPIN \/ HCG 5000 Injection is used in the treatment of infertility in women. It is also helpful in the treatment of male hypogonadism","breadcrumb":{"@id":"https:\/\/iberoid-shop.com\/it\/product\/gonadotropin-hcg-5000\/#breadcrumb"},"inLanguage":"it-IT","potentialAction":[{"@type":"ReadAction","target":[["https:\/\/iberoid-shop.com\/it\/product\/gonadotropin-hcg-5000\/"]]}]},{"@type":"ImageObject","inLanguage":"it-IT","@id":"https:\/\/iberoid-shop.com\/it\/product\/gonadotropin-hcg-5000\/#primaryimage","url":"https:\/\/iberoid-shop.com\/wp-content\/uploads\/2024\/08\/hcg1.jpeg?v=1770549099","contentUrl":"https:\/\/iberoid-shop.com\/wp-content\/uploads\/2024\/08\/hcg1.jpeg?v=1770549099","width":1131,"height":1600},{"@type":"BreadcrumbList","@id":"https:\/\/iberoid-shop.com\/it\/product\/gonadotropin-hcg-5000\/#breadcrumb","itemListElement":[{"@type":"ListItem","position":1,"name":"Portada","item":"https:\/\/iberoid-shop.com\/it\/"},{"@type":"ListItem","position":2,"name":"Negozio","item":"https:\/\/iberoid-shop.com\/it\/shop\/"},{"@type":"ListItem","position":3,"name":"GONADOTROPIN \/ HCG 5000"}]},{"@type":"WebSite","@id":"https:\/\/iberoid-shop.com\/it\/#website","url":"https:\/\/iberoid-shop.com\/it\/","name":"Steroidi in linea","description":"Acquista steroidi online oggi in Spagna e Portogallo. Abbiamo il miglior servizio clienti del settore e prodotti di altissima qualit\u00e0","potentialAction":[{"@type":"SearchAction","target":{"@type":"EntryPoint","urlTemplate":"https:\/\/iberoid-shop.com\/it\/?s={search_term_string}"},"query-input":{"@type":"PropertyValueSpecification","valueRequired":true,"valueName":"search_term_string"}}],"inLanguage":"it-IT"}]},"product_brand":"AdamLabs","product_price_amount":"25.00","product_price_currency":"EUR","og_availability":"instock","product_availability":"instock","product_condition":"new"},"_links":{"self":[{"href":"https:\/\/iberoid-shop.com\/it\/wp-json\/wp\/v2\/product\/9619","targetHints":{"allow":["GET"]}}],"collection":[{"href":"https:\/\/iberoid-shop.com\/it\/wp-json\/wp\/v2\/product"}],"about":[{"href":"https:\/\/iberoid-shop.com\/it\/wp-json\/wp\/v2\/types\/product"}],"replies":[{"embeddable":true,"href":"https:\/\/iberoid-shop.com\/it\/wp-json\/wp\/v2\/comments?post=9619"}],"wp:featuredmedia":[{"embeddable":true,"href":"https:\/\/iberoid-shop.com\/it\/wp-json\/wp\/v2\/media\/10563"}],"wp:attachment":[{"href":"https:\/\/iberoid-shop.com\/it\/wp-json\/wp\/v2\/media?parent=9619"}],"wp:term":[{"taxonomy":"product_brand","embeddable":true,"href":"https:\/\/iberoid-shop.com\/it\/wp-json\/wp\/v2\/product_brand?post=9619"},{"taxonomy":"product_cat","embeddable":true,"href":"https:\/\/iberoid-shop.com\/it\/wp-json\/wp\/v2\/product_cat?post=9619"},{"taxonomy":"product_tag","embeddable":true,"href":"https:\/\/iberoid-shop.com\/it\/wp-json\/wp\/v2\/product_tag?post=9619"}],"curies":[{"name":"wp","href":"https:\/\/api.w.org\/{rel}","templated":true}]}}