{"id":9597,"date":"2024-08-02T09:54:21","date_gmt":"2024-08-02T09:54:21","guid":{"rendered":"https:\/\/iberoid-shop.com\/?post_type=product&#038;p=9597"},"modified":"2025-08-06T07:01:21","modified_gmt":"2025-08-06T07:01:21","slug":"pack-3-kamagra-effervescent","status":"publish","type":"product","link":"https:\/\/iberoid-shop.com\/it\/product\/pack-3-kamagra-effervescent\/","title":{"rendered":"PACK 3 KAMAGRA EFFERVESCENT"},"content":{"rendered":"<p><strong>PACK 3 KAMAGRA EFFERVESCENT <\/strong>\/ 7 compresse da 100 mg \u00e8 un trattamento innovativo per la disfunzione erettile (DE), che offre un&#8217;alternativa comoda ed efficace alle tradizionali compresse orali. Contiene sildenafil citrato, un farmaco noto e comprovato che migliora il flusso sanguigno al pene, facilitando un&#8217;erezione naturale e ferma in risposta alla stimolazione sessuale.<\/p>\n<p><strong>Kamagra Effervescent <\/strong>\u00e8 una forma effervescente ad azione rapida di sildenafil citrato progettata per aiutare gli uomini a raggiungere e mantenere un&#8217;erezione. La compressa effervescente si dissolve rapidamente in acqua, determinando un assorbimento pi\u00f9 rapido e un inizio d&#8217;azione pi\u00f9 rapido rispetto alle compresse tradizionali. Solitamente assunto 30-60 minuti prima dell&#8217;attivit\u00e0 sessuale, Kamagra Effervescent pu\u00f2 migliorare il flusso sanguigno al pene e migliorare le prestazioni sessuali. \u00c8 importante seguire le istruzioni sul dosaggio e consultare un medico per assicurarsi che sia appropriato per le proprie esigenze di salute individuali.<\/p>\n<p><strong>Caratteristiche principali di PACK 3 KAMAGRA EFFERVESCENT:<\/strong><\/p>\n<ul>\n<li><strong>Formulazione effervescente <\/strong>: la compressa effervescente si dissolve rapidamente in acqua, il che accelera l&#8217;assorbimento del principio attivo nel flusso sanguigno. Ci\u00f2 pu\u00f2 portare a un inizio pi\u00f9 rapido degli effetti, spesso entro 15-30 minuti.<\/li>\n<li><strong>Dosaggio e somministrazione: <\/strong>in genere, sciogliere una compressa in un bicchiere d&#8217;acqua e berla circa 30-60 minuti prima di impegnarsi in un&#8217;attivit\u00e0 sessuale. Evitare di consumare pasti pesanti o ricchi di grassi prima di assumere il farmaco, poich\u00e9 possono ritardarne l&#8217;efficacia.<\/li>\n<li><strong>Efficacia <\/strong>: Kamagra Effervescent agisce inibendo l&#8217;enzima fosfodiesterasi di tipo 5 (PDE5), che aiuta ad aumentare il flusso sanguigno al pene e a migliorare la capacit\u00e0 di raggiungere e mantenere un&#8217;erezione.<\/li>\n<li><strong>Durata <\/strong>: gli effetti di Kamagra Effervescent possono durare diverse ore, consentendo un&#8217;esperienza sessuale pi\u00f9 spontanea e soddisfacente.<\/li>\n<li><strong>Sicurezza e consulenza <\/strong>: sebbene Kamagra Effervescent sia efficace per molti utenti, \u00e8 fondamentale consultare un medico prima dell&#8217;uso, soprattutto se si hanno problemi di salute preesistenti o si stanno assumendo altri farmaci. Questo aiuta a garantire che sia sicuro e appropriato per la tua situazione specifica.<\/li>\n<\/ul>\n<p><strong>Kamagra Effervescent <\/strong>offre un approccio moderno alla gestione della disfunzione erettile con la praticit\u00e0 aggiuntiva di una compressa a rapido scioglimento, rendendolo una scelta popolare per molti che cercano di migliorare la propria salute sessuale.<\/p>\n<p>&nbsp;<\/p>","protected":false},"excerpt":{"rendered":"<p>PACK 3 KAMAGRA EFFERVESCENT \/ 7 compresse da 100 mg \u00e8 un trattamento innovativo per la disfunzione erettile (DE), che<\/p>\n","protected":false},"featured_media":9598,"comment_status":"open","ping_status":"closed","template":"","meta":[],"product_brand":[],"product_cat":[73,3474],"product_tag":[],"class_list":{"0":"post-9597","1":"product","2":"type-product","3":"status-publish","4":"has-post-thumbnail","6":"product_cat-ssteroides_orales","7":"product_cat-packs","9":"first","10":"outofstock","11":"shipping-taxable","12":"purchasable","13":"product-type-simple"},"yoast_head":"<!-- This site is optimized with the Yoast SEO Premium plugin v24.4 (Yoast SEO v27.0) - https:\/\/yoast.com\/product\/yoast-seo-premium-wordpress\/ -->\n<title>PACK 3 KAMAGRA EFFERVESCENT - Steroidi in linea<\/title>\n<meta name=\"description\" content=\"PACK 3 KAMAGRA EFFERVESCENT\u00a0is an innovative treatment for erectile dysfunction , offering a convenient and effective alternative to traditional oral tablet\" \/>\n<meta name=\"robots\" content=\"index, follow, max-snippet:-1, max-image-preview:large, max-video-preview:-1\" \/>\n<link rel=\"canonical\" href=\"https:\/\/iberoid-shop.com\/it\/product\/pack-3-kamagra-effervescent\/\" \/>\n<meta property=\"og:locale\" content=\"it_IT\" \/>\n<meta property=\"og:type\" content=\"article\" \/>\n<meta property=\"og:title\" content=\"PACK 3 KAMAGRA EFFERVESCENT\" \/>\n<meta property=\"og:description\" content=\"PACK 3 KAMAGRA EFFERVESCENT\u00a0is an innovative treatment for erectile dysfunction , offering a convenient and effective alternative to traditional oral tablet\" \/>\n<meta property=\"og:url\" content=\"https:\/\/iberoid-shop.com\/it\/product\/pack-3-kamagra-effervescent\/\" \/>\n<meta property=\"og:site_name\" content=\"Steroidi in linea\" \/>\n<meta property=\"article:modified_time\" content=\"2025-08-06T07:01:21+00:00\" \/>\n<meta property=\"og:image\" content=\"https:\/\/iberoid-shop.com\/wp-content\/uploads\/2024\/08\/3-kamaefe.webp\" \/>\n\t<meta property=\"og:image:width\" content=\"563\" \/>\n\t<meta property=\"og:image:height\" content=\"1000\" \/>\n\t<meta property=\"og:image:type\" content=\"image\/webp\" \/>\n<meta name=\"twitter:card\" content=\"summary_large_image\" \/>\n<meta name=\"twitter:label1\" content=\"Prezzo\" \/>\n\t<meta name=\"twitter:data1\" content=\"&euro;55.00\" \/>\n\t<meta name=\"twitter:label2\" content=\"Disponibilit\u00e0\" \/>\n\t<meta name=\"twitter:data2\" content=\"Esaurito\" \/>\n<script type=\"application\/ld+json\" class=\"yoast-schema-graph\">{\"@context\":\"https:\/\/schema.org\",\"@graph\":[{\"@type\":\"WebPage\",\"@id\":\"https:\/\/iberoid-shop.com\/it\/product\/pack-3-kamagra-effervescent\/\",\"url\":\"https:\/\/iberoid-shop.com\/it\/product\/pack-3-kamagra-effervescent\/\",\"name\":\"PACK 3 KAMAGRA EFFERVESCENT - Steroidi in linea\",\"isPartOf\":{\"@id\":\"https:\/\/iberoid-shop.com\/it\/#website\"},\"primaryImageOfPage\":{\"@id\":\"https:\/\/iberoid-shop.com\/it\/product\/pack-3-kamagra-effervescent\/#primaryimage\"},\"image\":{\"@id\":\"https:\/\/iberoid-shop.com\/it\/product\/pack-3-kamagra-effervescent\/#primaryimage\"},\"thumbnailUrl\":\"https:\/\/iberoid-shop.com\/wp-content\/uploads\/2024\/08\/3-kamaefe.webp\",\"datePublished\":\"2024-08-02T09:54:21+00:00\",\"dateModified\":\"2025-08-06T07:01:21+00:00\",\"description\":\"PACK 3 KAMAGRA EFFERVESCENT\u00a0is an innovative treatment for erectile dysfunction , offering a convenient and effective alternative to traditional oral tablet\",\"breadcrumb\":{\"@id\":\"https:\/\/iberoid-shop.com\/it\/product\/pack-3-kamagra-effervescent\/#breadcrumb\"},\"inLanguage\":\"it-IT\",\"potentialAction\":[{\"@type\":\"ReadAction\",\"target\":[[\"https:\/\/iberoid-shop.com\/it\/product\/pack-3-kamagra-effervescent\/\"]]}]},{\"@type\":\"ImageObject\",\"inLanguage\":\"it-IT\",\"@id\":\"https:\/\/iberoid-shop.com\/it\/product\/pack-3-kamagra-effervescent\/#primaryimage\",\"url\":\"https:\/\/iberoid-shop.com\/wp-content\/uploads\/2024\/08\/3-kamaefe.webp\",\"contentUrl\":\"https:\/\/iberoid-shop.com\/wp-content\/uploads\/2024\/08\/3-kamaefe.webp\",\"width\":563,\"height\":1000,\"caption\":\"PACK 3 KAMAGRA EFFERVESCENT\"},{\"@type\":\"BreadcrumbList\",\"@id\":\"https:\/\/iberoid-shop.com\/it\/product\/pack-3-kamagra-effervescent\/#breadcrumb\",\"itemListElement\":[{\"@type\":\"ListItem\",\"position\":1,\"name\":\"Portada\",\"item\":\"https:\/\/iberoid-shop.com\/it\/\"},{\"@type\":\"ListItem\",\"position\":2,\"name\":\"Negozio\",\"item\":\"https:\/\/iberoid-shop.com\/it\/shop\/\"},{\"@type\":\"ListItem\",\"position\":3,\"name\":\"PACK 3 KAMAGRA EFFERVESCENT\"}]},{\"@type\":\"WebSite\",\"@id\":\"https:\/\/iberoid-shop.com\/it\/#website\",\"url\":\"https:\/\/iberoid-shop.com\/it\/\",\"name\":\"Steroidi in linea\",\"description\":\"Acquista steroidi online oggi in Spagna e Portogallo. Abbiamo il miglior servizio clienti del settore e prodotti di altissima qualit\u00e0\",\"potentialAction\":[{\"@type\":\"SearchAction\",\"target\":{\"@type\":\"EntryPoint\",\"urlTemplate\":\"https:\/\/iberoid-shop.com\/it\/?s={search_term_string}\"},\"query-input\":{\"@type\":\"PropertyValueSpecification\",\"valueRequired\":true,\"valueName\":\"search_term_string\"}}],\"inLanguage\":\"it-IT\"}]}<\/script>\n<meta property=\"product:price:amount\" content=\"55.00\" \/>\n<meta property=\"product:price:currency\" content=\"EUR\" \/>\n<meta property=\"og:availability\" content=\"out of stock\" \/>\n<meta property=\"product:availability\" content=\"out of stock\" \/>\n<meta property=\"product:condition\" content=\"new\" \/>\n<!-- \/ Yoast SEO Premium plugin. -->","yoast_head_json":{"title":"PACK 3 KAMAGRA EFFERVESCENT - Steroidi in linea","description":"PACK 3 KAMAGRA EFFERVESCENT\u00a0is an innovative treatment for erectile dysfunction , offering a convenient and effective alternative to traditional oral tablet","robots":{"index":"index","follow":"follow","max-snippet":"max-snippet:-1","max-image-preview":"max-image-preview:large","max-video-preview":"max-video-preview:-1"},"canonical":"https:\/\/iberoid-shop.com\/it\/product\/pack-3-kamagra-effervescent\/","og_locale":"it_IT","og_type":"article","og_title":"PACK 3 KAMAGRA EFFERVESCENT","og_description":"PACK 3 KAMAGRA EFFERVESCENT\u00a0is an innovative treatment for erectile dysfunction , offering a convenient and effective alternative to traditional oral tablet","og_url":"https:\/\/iberoid-shop.com\/it\/product\/pack-3-kamagra-effervescent\/","og_site_name":"Steroidi in linea","article_modified_time":"2025-08-06T07:01:21+00:00","og_image":[{"width":563,"height":1000,"url":"https:\/\/iberoid-shop.com\/wp-content\/uploads\/2024\/08\/3-kamaefe.webp","type":"image\/webp"}],"twitter_card":"summary_large_image","twitter_misc":{"Prezzo":"&euro;55.00","Disponibilit\u00e0":"Esaurito"},"schema":{"@context":"https:\/\/schema.org","@graph":[{"@type":"WebPage","@id":"https:\/\/iberoid-shop.com\/it\/product\/pack-3-kamagra-effervescent\/","url":"https:\/\/iberoid-shop.com\/it\/product\/pack-3-kamagra-effervescent\/","name":"PACK 3 KAMAGRA EFFERVESCENT - Steroidi in linea","isPartOf":{"@id":"https:\/\/iberoid-shop.com\/it\/#website"},"primaryImageOfPage":{"@id":"https:\/\/iberoid-shop.com\/it\/product\/pack-3-kamagra-effervescent\/#primaryimage"},"image":{"@id":"https:\/\/iberoid-shop.com\/it\/product\/pack-3-kamagra-effervescent\/#primaryimage"},"thumbnailUrl":"https:\/\/iberoid-shop.com\/wp-content\/uploads\/2024\/08\/3-kamaefe.webp","datePublished":"2024-08-02T09:54:21+00:00","dateModified":"2025-08-06T07:01:21+00:00","description":"PACK 3 KAMAGRA EFFERVESCENT\u00a0is an innovative treatment for erectile dysfunction , offering a convenient and effective alternative to traditional oral tablet","breadcrumb":{"@id":"https:\/\/iberoid-shop.com\/it\/product\/pack-3-kamagra-effervescent\/#breadcrumb"},"inLanguage":"it-IT","potentialAction":[{"@type":"ReadAction","target":[["https:\/\/iberoid-shop.com\/it\/product\/pack-3-kamagra-effervescent\/"]]}]},{"@type":"ImageObject","inLanguage":"it-IT","@id":"https:\/\/iberoid-shop.com\/it\/product\/pack-3-kamagra-effervescent\/#primaryimage","url":"https:\/\/iberoid-shop.com\/wp-content\/uploads\/2024\/08\/3-kamaefe.webp","contentUrl":"https:\/\/iberoid-shop.com\/wp-content\/uploads\/2024\/08\/3-kamaefe.webp","width":563,"height":1000,"caption":"PACK 3 KAMAGRA EFFERVESCENT"},{"@type":"BreadcrumbList","@id":"https:\/\/iberoid-shop.com\/it\/product\/pack-3-kamagra-effervescent\/#breadcrumb","itemListElement":[{"@type":"ListItem","position":1,"name":"Portada","item":"https:\/\/iberoid-shop.com\/it\/"},{"@type":"ListItem","position":2,"name":"Negozio","item":"https:\/\/iberoid-shop.com\/it\/shop\/"},{"@type":"ListItem","position":3,"name":"PACK 3 KAMAGRA EFFERVESCENT"}]},{"@type":"WebSite","@id":"https:\/\/iberoid-shop.com\/it\/#website","url":"https:\/\/iberoid-shop.com\/it\/","name":"Steroidi in linea","description":"Acquista steroidi online oggi in Spagna e Portogallo. Abbiamo il miglior servizio clienti del settore e prodotti di altissima qualit\u00e0","potentialAction":[{"@type":"SearchAction","target":{"@type":"EntryPoint","urlTemplate":"https:\/\/iberoid-shop.com\/it\/?s={search_term_string}"},"query-input":{"@type":"PropertyValueSpecification","valueRequired":true,"valueName":"search_term_string"}}],"inLanguage":"it-IT"}]},"product_price_amount":"55.00","product_price_currency":"EUR","og_availability":"out of stock","product_availability":"out of stock","product_condition":"new"},"_links":{"self":[{"href":"https:\/\/iberoid-shop.com\/it\/wp-json\/wp\/v2\/product\/9597","targetHints":{"allow":["GET"]}}],"collection":[{"href":"https:\/\/iberoid-shop.com\/it\/wp-json\/wp\/v2\/product"}],"about":[{"href":"https:\/\/iberoid-shop.com\/it\/wp-json\/wp\/v2\/types\/product"}],"replies":[{"embeddable":true,"href":"https:\/\/iberoid-shop.com\/it\/wp-json\/wp\/v2\/comments?post=9597"}],"wp:featuredmedia":[{"embeddable":true,"href":"https:\/\/iberoid-shop.com\/it\/wp-json\/wp\/v2\/media\/9598"}],"wp:attachment":[{"href":"https:\/\/iberoid-shop.com\/it\/wp-json\/wp\/v2\/media?parent=9597"}],"wp:term":[{"taxonomy":"product_brand","embeddable":true,"href":"https:\/\/iberoid-shop.com\/it\/wp-json\/wp\/v2\/product_brand?post=9597"},{"taxonomy":"product_cat","embeddable":true,"href":"https:\/\/iberoid-shop.com\/it\/wp-json\/wp\/v2\/product_cat?post=9597"},{"taxonomy":"product_tag","embeddable":true,"href":"https:\/\/iberoid-shop.com\/it\/wp-json\/wp\/v2\/product_tag?post=9597"}],"curies":[{"name":"wp","href":"https:\/\/api.w.org\/{rel}","templated":true}]}}