{"id":9593,"date":"2024-08-02T09:45:17","date_gmt":"2024-08-02T09:45:17","guid":{"rendered":"https:\/\/iberoid-shop.com\/?post_type=product&#038;p=9593"},"modified":"2024-12-05T20:16:40","modified_gmt":"2024-12-05T20:16:40","slug":"pack-3-super-kamagra","status":"publish","type":"product","link":"https:\/\/iberoid-shop.com\/it\/product\/pack-3-super-kamagra\/","title":{"rendered":"PACK 3 SUPER KAMAGRA"},"content":{"rendered":"<p><strong>PACK 3 SUPER KAMAGRA <\/strong>\/4 compresse 100mg \u00e8 una soluzione completa per gli uomini che hanno a che fare sia con la disfunzione erettile (DE) che con l&#8217;eiaculazione precoce (PE). Combina due ingredienti efficaci per affrontare questi problemi contemporaneamente:<\/p>\n<ol>\n<li><strong>Sildenafil <\/strong>: \u00e8 un noto inibitore della PDE5 che aumenta il flusso sanguigno al pene, rendendo pi\u00f9 facile raggiungere e mantenere un&#8217;erezione salda. Agisce rilassando i vasi sanguigni nel pene, migliorando le prestazioni sessuali.<\/li>\n<li><strong>Dapoxetina <\/strong>: un SSRI specificamente progettato per ritardare l&#8217;eiaculazione. Aumentando i livelli di serotonina nel cervello, la dapoxetina aiuta a prolungare il tempo prima dell&#8217;eiaculazione, migliorando il controllo e prolungando il piacere sessuale.<\/li>\n<\/ol>\n<p><strong>Descrizione:<\/strong> <strong>PACK 3 SUPER KAMAGRA <\/strong>\u00e8 formulato per gli uomini che hanno bisogno di aiuto sia con la DE che con la PE. Il componente sildenafil supporta la funzione erettile, mentre la dapoxetina affronta l&#8217;eiaculazione precoce, risultando in un&#8217;esperienza sessuale pi\u00f9 appagante e controllata.<\/p>\n<p>In genere, la compressa deve essere assunta circa 30-60 minuti prima dell&#8217;attivit\u00e0 sessuale. I suoi effetti durano generalmente diverse ore, offrendo ampio tempo per un&#8217;intimit\u00e0 spontanea. Per risultati ottimali, evitare di consumare pasti pesanti o ricchi di grassi prima dell&#8217;uso, poich\u00e9 possono influire sull&#8217;efficacia. Chiedere sempre consiglio a un medico prima di usare <strong>PACK 3 SUPER KAMAGRA <\/strong>, soprattutto se si hanno problemi di salute preesistenti o si stanno assumendo altri farmaci, per assicurarsi che sia sicuro e appropriato per la propria situazione.<\/p>\n<p>&nbsp;<\/p>","protected":false},"excerpt":{"rendered":"<p>PACK 3 SUPER KAMAGRA \/4 compresse 100mg \u00e8 una soluzione completa per gli uomini che hanno a che fare sia<\/p>\n","protected":false},"featured_media":9594,"comment_status":"open","ping_status":"closed","template":"","meta":[],"product_brand":[],"product_cat":[73,3474],"product_tag":[],"class_list":{"0":"post-9593","1":"product","2":"type-product","3":"status-publish","4":"has-post-thumbnail","6":"product_cat-ssteroides_orales","7":"product_cat-packs","9":"first","10":"outofstock","11":"shipping-taxable","12":"purchasable","13":"product-type-simple"},"yoast_head":"<!-- This site is optimized with the Yoast SEO Premium plugin v24.4 (Yoast SEO v27.3) - https:\/\/yoast.com\/product\/yoast-seo-premium-wordpress\/ -->\n<title>PACK 3 SUPER KAMAGRA - Steroidi in linea<\/title>\n<meta name=\"description\" content=\"PACK 3 SUPER KAMAGRA is formulated for men who need help with both ED and PE. The sildenafil component supports erectile function, while dapoxetine\" \/>\n<meta name=\"robots\" content=\"index, follow, max-snippet:-1, max-image-preview:large, max-video-preview:-1\" \/>\n<link rel=\"canonical\" href=\"https:\/\/iberoid-shop.com\/it\/product\/pack-3-super-kamagra\/\" \/>\n<meta property=\"og:locale\" content=\"it_IT\" \/>\n<meta property=\"og:type\" content=\"article\" \/>\n<meta property=\"og:title\" content=\"PACK 3 SUPER KAMAGRA\" \/>\n<meta property=\"og:description\" content=\"PACK 3 SUPER KAMAGRA is formulated for men who need help with both ED and PE. The sildenafil component supports erectile function, while dapoxetine\" \/>\n<meta property=\"og:url\" content=\"https:\/\/iberoid-shop.com\/it\/product\/pack-3-super-kamagra\/\" \/>\n<meta property=\"og:site_name\" content=\"Steroidi in linea\" \/>\n<meta property=\"article:modified_time\" content=\"2024-12-05T20:16:40+00:00\" \/>\n<meta property=\"og:image\" content=\"https:\/\/iberoid-shop.com\/wp-content\/uploads\/2024\/08\/super_kamagra-3.jpg?v=1722591882\" \/>\n\t<meta property=\"og:image:width\" content=\"200\" \/>\n\t<meta property=\"og:image:height\" content=\"200\" \/>\n\t<meta property=\"og:image:type\" content=\"image\/jpeg\" \/>\n<meta name=\"twitter:card\" content=\"summary_large_image\" \/>\n<meta name=\"twitter:label1\" content=\"Prezzo\" \/>\n\t<meta name=\"twitter:data1\" content=\"&euro;55.00\" \/>\n\t<meta name=\"twitter:label2\" content=\"Disponibilit\u00e0\" \/>\n\t<meta name=\"twitter:data2\" content=\"Esaurito\" \/>\n<script type=\"application\/ld+json\" class=\"yoast-schema-graph\">{\"@context\":\"https:\\\/\\\/schema.org\",\"@graph\":[{\"@type\":\"WebPage\",\"@id\":\"https:\\\/\\\/iberoid-shop.com\\\/it\\\/product\\\/pack-3-super-kamagra\\\/\",\"url\":\"https:\\\/\\\/iberoid-shop.com\\\/it\\\/product\\\/pack-3-super-kamagra\\\/\",\"name\":\"PACK 3 SUPER KAMAGRA - Steroidi in linea\",\"isPartOf\":{\"@id\":\"https:\\\/\\\/iberoid.com\\\/#website\"},\"primaryImageOfPage\":{\"@id\":\"https:\\\/\\\/iberoid-shop.com\\\/it\\\/product\\\/pack-3-super-kamagra\\\/#primaryimage\"},\"image\":{\"@id\":\"https:\\\/\\\/iberoid-shop.com\\\/it\\\/product\\\/pack-3-super-kamagra\\\/#primaryimage\"},\"thumbnailUrl\":\"https:\\\/\\\/iberoid-shop.com\\\/wp-content\\\/uploads\\\/2024\\\/08\\\/super_kamagra-3.jpg?v=1722591882\",\"datePublished\":\"2024-08-02T09:45:17+00:00\",\"dateModified\":\"2024-12-05T20:16:40+00:00\",\"description\":\"PACK 3 SUPER KAMAGRA is formulated for men who need help with both ED and PE. The sildenafil component supports erectile function, while dapoxetine\",\"breadcrumb\":{\"@id\":\"https:\\\/\\\/iberoid-shop.com\\\/it\\\/product\\\/pack-3-super-kamagra\\\/#breadcrumb\"},\"inLanguage\":\"it-IT\",\"potentialAction\":[{\"@type\":\"ReadAction\",\"target\":[[\"https:\\\/\\\/iberoid-shop.com\\\/it\\\/product\\\/pack-3-super-kamagra\\\/\"]]}]},{\"@type\":\"ImageObject\",\"inLanguage\":\"it-IT\",\"@id\":\"https:\\\/\\\/iberoid-shop.com\\\/it\\\/product\\\/pack-3-super-kamagra\\\/#primaryimage\",\"url\":\"https:\\\/\\\/iberoid-shop.com\\\/wp-content\\\/uploads\\\/2024\\\/08\\\/super_kamagra-3.jpg?v=1722591882\",\"contentUrl\":\"https:\\\/\\\/iberoid-shop.com\\\/wp-content\\\/uploads\\\/2024\\\/08\\\/super_kamagra-3.jpg?v=1722591882\",\"width\":200,\"height\":200,\"caption\":\"PACK 3 SUPER KAMAGRA\"},{\"@type\":\"BreadcrumbList\",\"@id\":\"https:\\\/\\\/iberoid-shop.com\\\/it\\\/product\\\/pack-3-super-kamagra\\\/#breadcrumb\",\"itemListElement\":[{\"@type\":\"ListItem\",\"position\":1,\"name\":\"Portada\",\"item\":\"https:\\\/\\\/iberoid.com\\\/\"},{\"@type\":\"ListItem\",\"position\":2,\"name\":\"Negozio\",\"item\":\"https:\\\/\\\/iberoid-shop.com\\\/it\\\/shop\\\/\"},{\"@type\":\"ListItem\",\"position\":3,\"name\":\"PACK 3 SUPER KAMAGRA\"}]},{\"@type\":\"WebSite\",\"@id\":\"https:\\\/\\\/iberoid.com\\\/#website\",\"url\":\"https:\\\/\\\/iberoid.com\\\/\",\"name\":\"Steroidi in linea\",\"description\":\"Acquista steroidi online oggi in Spagna e Portogallo. Abbiamo il miglior servizio clienti del settore e prodotti di altissima qualit\u00e0\",\"potentialAction\":[{\"@type\":\"SearchAction\",\"target\":{\"@type\":\"EntryPoint\",\"urlTemplate\":\"https:\\\/\\\/iberoid.com\\\/?s={search_term_string}\"},\"query-input\":{\"@type\":\"PropertyValueSpecification\",\"valueRequired\":true,\"valueName\":\"search_term_string\"}}],\"inLanguage\":\"it-IT\"}]}<\/script>\n<meta property=\"product:price:amount\" content=\"55.00\" \/>\n<meta property=\"product:price:currency\" content=\"EUR\" \/>\n<meta property=\"og:availability\" content=\"out of stock\" \/>\n<meta property=\"product:availability\" content=\"out of stock\" \/>\n<meta property=\"product:condition\" content=\"new\" \/>\n<!-- \/ Yoast SEO Premium plugin. -->","yoast_head_json":{"title":"PACK 3 SUPER KAMAGRA - Steroidi in linea","description":"PACK 3 SUPER KAMAGRA is formulated for men who need help with both ED and PE. The sildenafil component supports erectile function, while dapoxetine","robots":{"index":"index","follow":"follow","max-snippet":"max-snippet:-1","max-image-preview":"max-image-preview:large","max-video-preview":"max-video-preview:-1"},"canonical":"https:\/\/iberoid-shop.com\/it\/product\/pack-3-super-kamagra\/","og_locale":"it_IT","og_type":"article","og_title":"PACK 3 SUPER KAMAGRA","og_description":"PACK 3 SUPER KAMAGRA is formulated for men who need help with both ED and PE. The sildenafil component supports erectile function, while dapoxetine","og_url":"https:\/\/iberoid-shop.com\/it\/product\/pack-3-super-kamagra\/","og_site_name":"Steroidi in linea","article_modified_time":"2024-12-05T20:16:40+00:00","og_image":[{"width":200,"height":200,"url":"https:\/\/iberoid-shop.com\/wp-content\/uploads\/2024\/08\/super_kamagra-3.jpg?v=1722591882","type":"image\/jpeg"}],"twitter_card":"summary_large_image","twitter_misc":{"Prezzo":"&euro;55.00","Disponibilit\u00e0":"Esaurito"},"schema":{"@context":"https:\/\/schema.org","@graph":[{"@type":"WebPage","@id":"https:\/\/iberoid-shop.com\/it\/product\/pack-3-super-kamagra\/","url":"https:\/\/iberoid-shop.com\/it\/product\/pack-3-super-kamagra\/","name":"PACK 3 SUPER KAMAGRA - Steroidi in linea","isPartOf":{"@id":"https:\/\/iberoid.com\/#website"},"primaryImageOfPage":{"@id":"https:\/\/iberoid-shop.com\/it\/product\/pack-3-super-kamagra\/#primaryimage"},"image":{"@id":"https:\/\/iberoid-shop.com\/it\/product\/pack-3-super-kamagra\/#primaryimage"},"thumbnailUrl":"https:\/\/iberoid-shop.com\/wp-content\/uploads\/2024\/08\/super_kamagra-3.jpg?v=1722591882","datePublished":"2024-08-02T09:45:17+00:00","dateModified":"2024-12-05T20:16:40+00:00","description":"PACK 3 SUPER KAMAGRA is formulated for men who need help with both ED and PE. The sildenafil component supports erectile function, while dapoxetine","breadcrumb":{"@id":"https:\/\/iberoid-shop.com\/it\/product\/pack-3-super-kamagra\/#breadcrumb"},"inLanguage":"it-IT","potentialAction":[{"@type":"ReadAction","target":[["https:\/\/iberoid-shop.com\/it\/product\/pack-3-super-kamagra\/"]]}]},{"@type":"ImageObject","inLanguage":"it-IT","@id":"https:\/\/iberoid-shop.com\/it\/product\/pack-3-super-kamagra\/#primaryimage","url":"https:\/\/iberoid-shop.com\/wp-content\/uploads\/2024\/08\/super_kamagra-3.jpg?v=1722591882","contentUrl":"https:\/\/iberoid-shop.com\/wp-content\/uploads\/2024\/08\/super_kamagra-3.jpg?v=1722591882","width":200,"height":200,"caption":"PACK 3 SUPER KAMAGRA"},{"@type":"BreadcrumbList","@id":"https:\/\/iberoid-shop.com\/it\/product\/pack-3-super-kamagra\/#breadcrumb","itemListElement":[{"@type":"ListItem","position":1,"name":"Portada","item":"https:\/\/iberoid.com\/"},{"@type":"ListItem","position":2,"name":"Negozio","item":"https:\/\/iberoid-shop.com\/it\/shop\/"},{"@type":"ListItem","position":3,"name":"PACK 3 SUPER KAMAGRA"}]},{"@type":"WebSite","@id":"https:\/\/iberoid.com\/#website","url":"https:\/\/iberoid.com\/","name":"Steroidi in linea","description":"Acquista steroidi online oggi in Spagna e Portogallo. Abbiamo il miglior servizio clienti del settore e prodotti di altissima qualit\u00e0","potentialAction":[{"@type":"SearchAction","target":{"@type":"EntryPoint","urlTemplate":"https:\/\/iberoid.com\/?s={search_term_string}"},"query-input":{"@type":"PropertyValueSpecification","valueRequired":true,"valueName":"search_term_string"}}],"inLanguage":"it-IT"}]},"product_price_amount":"55.00","product_price_currency":"EUR","og_availability":"out of stock","product_availability":"out of stock","product_condition":"new"},"_links":{"self":[{"href":"https:\/\/iberoid-shop.com\/it\/wp-json\/wp\/v2\/product\/9593","targetHints":{"allow":["GET"]}}],"collection":[{"href":"https:\/\/iberoid-shop.com\/it\/wp-json\/wp\/v2\/product"}],"about":[{"href":"https:\/\/iberoid-shop.com\/it\/wp-json\/wp\/v2\/types\/product"}],"replies":[{"embeddable":true,"href":"https:\/\/iberoid-shop.com\/it\/wp-json\/wp\/v2\/comments?post=9593"}],"wp:featuredmedia":[{"embeddable":true,"href":"https:\/\/iberoid-shop.com\/it\/wp-json\/wp\/v2\/media\/9594"}],"wp:attachment":[{"href":"https:\/\/iberoid-shop.com\/it\/wp-json\/wp\/v2\/media?parent=9593"}],"wp:term":[{"taxonomy":"product_brand","embeddable":true,"href":"https:\/\/iberoid-shop.com\/it\/wp-json\/wp\/v2\/product_brand?post=9593"},{"taxonomy":"product_cat","embeddable":true,"href":"https:\/\/iberoid-shop.com\/it\/wp-json\/wp\/v2\/product_cat?post=9593"},{"taxonomy":"product_tag","embeddable":true,"href":"https:\/\/iberoid-shop.com\/it\/wp-json\/wp\/v2\/product_tag?post=9593"}],"curies":[{"name":"wp","href":"https:\/\/api.w.org\/{rel}","templated":true}]}}