{"id":9559,"date":"2024-07-16T18:27:49","date_gmt":"2024-07-16T18:27:49","guid":{"rendered":"https:\/\/iberoid-shop.com\/?post_type=product&#038;p=9559"},"modified":"2024-09-25T11:46:54","modified_gmt":"2024-09-25T11:46:54","slug":"danamax-dianabol","status":"publish","type":"product","link":"https:\/\/iberoid-shop.com\/it\/product\/danamax-dianabol\/","title":{"rendered":"DANAMAX ( DIANABOL )"},"content":{"rendered":"<p>DANAMAX (DIANABOL), noto anche come metano, \u00e8 un potente steroide orale di origine testosterone.<\/p>\n<p>Fornisce un aumento significativo della massa e della forza muscolare grazie alle sue forti propriet\u00e0 anaboliche e androgeniche moderate. La composizione del metano previene un&#8217;aromatizzazione significativa, che limita la ritenzione idrica a livelli moderati. Spesso utilizzato all&#8217;inizio dei cicli di steroidi per risultati rapidi nell&#8217;aumento della massa muscolare , Dianabol \u00e8 popolare tra i bodybuilder e gli atleti nelle discipline in cui il peso non \u00e8 un fattore decisivo.<\/p>\n<p>Effetti dell&#8217;utilizzo di DANAMAX (DIANABOL)<br \/>\nDianabol aumenta significativamente la forza e la massa muscolare migliorando l&#8217;appetito e la sintesi proteica, soprattutto se combinato con diete ad alto contenuto proteico. Ci\u00f2 lo rende ideale per aumentare rapidamente la massa muscolare e accelerare i processi di recupero.<\/p>\n<p>Metodo d&#8217;uso:<br \/>\nLa dose giornaliera raccomandata di Dianabol \u00e8 compresa tra 30 e 50 mg. Per evitare effetti collaterali come gonfiore e ritenzione idrica, \u00e8 importante seguire questi dosaggi. Si consiglia che l&#8217;uso di Dianabol non duri pi\u00f9 di 10 settimane a causa di parametri epatici potenzialmente elevati.<\/p>\n<p>Dianabol pu\u00f2 essere combinato con successo con altri steroidi anabolizzanti in vari regimi per ottimizzare i risultati, tenendo sempre conto delle esigenze e degli obiettivi individuali dell&#8217;atleta.<\/p>","protected":false},"excerpt":{"rendered":"<p>DANAMAX (DIANABOL), noto anche come metano, \u00e8 un potente steroide orale di origine testosterone. Fornisce un aumento significativo della massa<\/p>\n","protected":false},"featured_media":9560,"comment_status":"open","ping_status":"closed","template":"","meta":[],"product_brand":[],"product_cat":[73,69],"product_tag":[],"class_list":{"0":"post-9559","1":"product","2":"type-product","3":"status-publish","4":"has-post-thumbnail","6":"product_cat-ssteroides_orales","7":"product_cat-esteroides_inyectables","9":"first","10":"outofstock","11":"shipping-taxable","12":"purchasable","13":"product-type-simple"},"yoast_head":"<!-- This site is optimized with the Yoast SEO Premium plugin v24.4 (Yoast SEO v27.0) - https:\/\/yoast.com\/product\/yoast-seo-premium-wordpress\/ -->\n<title>DANAMAX ( DIANABOL ) - Steroidi in linea<\/title>\n<meta name=\"description\" content=\"DANAMAX ( DIANABOL ) provides a significant increase in muscle mass and strength thanks to its strong anabolic and moderate androgenic properties.\" \/>\n<meta name=\"robots\" content=\"index, follow, max-snippet:-1, max-image-preview:large, max-video-preview:-1\" \/>\n<link rel=\"canonical\" href=\"https:\/\/iberoid-shop.com\/it\/product\/danamax-dianabol\/\" \/>\n<meta property=\"og:locale\" content=\"it_IT\" \/>\n<meta property=\"og:type\" content=\"article\" \/>\n<meta property=\"og:title\" content=\"DANAMAX ( DIANABOL )\" \/>\n<meta property=\"og:description\" content=\"DANAMAX ( DIANABOL ) provides a significant increase in muscle mass and strength thanks to its strong anabolic and moderate androgenic properties.\" \/>\n<meta property=\"og:url\" content=\"https:\/\/iberoid-shop.com\/it\/product\/danamax-dianabol\/\" \/>\n<meta property=\"og:site_name\" content=\"Steroidi in linea\" \/>\n<meta property=\"article:modified_time\" content=\"2024-09-25T11:46:54+00:00\" \/>\n<meta property=\"og:image\" content=\"https:\/\/iberoid-shop.com\/wp-content\/uploads\/2024\/07\/danamax.jpg?v=1721154417\" \/>\n\t<meta property=\"og:image:width\" content=\"1928\" \/>\n\t<meta property=\"og:image:height\" content=\"1003\" \/>\n\t<meta property=\"og:image:type\" content=\"image\/jpeg\" \/>\n<meta name=\"twitter:card\" content=\"summary_large_image\" \/>\n<meta name=\"twitter:label1\" content=\"Prezzo\" \/>\n\t<meta name=\"twitter:data1\" content=\"&euro;35.00\" \/>\n\t<meta name=\"twitter:label2\" content=\"Disponibilit\u00e0\" \/>\n\t<meta name=\"twitter:data2\" content=\"Esaurito\" \/>\n<script type=\"application\/ld+json\" class=\"yoast-schema-graph\">{\"@context\":\"https:\/\/schema.org\",\"@graph\":[{\"@type\":\"WebPage\",\"@id\":\"https:\/\/iberoid-shop.com\/it\/product\/danamax-dianabol\/\",\"url\":\"https:\/\/iberoid-shop.com\/it\/product\/danamax-dianabol\/\",\"name\":\"DANAMAX ( DIANABOL ) - Steroidi in linea\",\"isPartOf\":{\"@id\":\"https:\/\/iberoid-shop.com\/it\/#website\"},\"primaryImageOfPage\":{\"@id\":\"https:\/\/iberoid-shop.com\/it\/product\/danamax-dianabol\/#primaryimage\"},\"image\":{\"@id\":\"https:\/\/iberoid-shop.com\/it\/product\/danamax-dianabol\/#primaryimage\"},\"thumbnailUrl\":\"https:\/\/iberoid-shop.com\/wp-content\/uploads\/2024\/07\/danamax.jpg?v=1721154417\",\"datePublished\":\"2024-07-16T18:27:49+00:00\",\"dateModified\":\"2024-09-25T11:46:54+00:00\",\"description\":\"DANAMAX ( DIANABOL ) provides a significant increase in muscle mass and strength thanks to its strong anabolic and moderate androgenic properties.\",\"breadcrumb\":{\"@id\":\"https:\/\/iberoid-shop.com\/it\/product\/danamax-dianabol\/#breadcrumb\"},\"inLanguage\":\"it-IT\",\"potentialAction\":[{\"@type\":\"ReadAction\",\"target\":[[\"https:\/\/iberoid-shop.com\/it\/product\/danamax-dianabol\/\"]]}]},{\"@type\":\"ImageObject\",\"inLanguage\":\"it-IT\",\"@id\":\"https:\/\/iberoid-shop.com\/it\/product\/danamax-dianabol\/#primaryimage\",\"url\":\"https:\/\/iberoid-shop.com\/wp-content\/uploads\/2024\/07\/danamax.jpg?v=1721154417\",\"contentUrl\":\"https:\/\/iberoid-shop.com\/wp-content\/uploads\/2024\/07\/danamax.jpg?v=1721154417\",\"width\":1928,\"height\":1003,\"caption\":\"DANAMAX ( DIANABOL )\"},{\"@type\":\"BreadcrumbList\",\"@id\":\"https:\/\/iberoid-shop.com\/it\/product\/danamax-dianabol\/#breadcrumb\",\"itemListElement\":[{\"@type\":\"ListItem\",\"position\":1,\"name\":\"Portada\",\"item\":\"https:\/\/iberoid-shop.com\/it\/\"},{\"@type\":\"ListItem\",\"position\":2,\"name\":\"Negozio\",\"item\":\"https:\/\/iberoid-shop.com\/it\/shop\/\"},{\"@type\":\"ListItem\",\"position\":3,\"name\":\"DANAMAX ( DIANABOL )\"}]},{\"@type\":\"WebSite\",\"@id\":\"https:\/\/iberoid-shop.com\/it\/#website\",\"url\":\"https:\/\/iberoid-shop.com\/it\/\",\"name\":\"Steroidi in linea\",\"description\":\"Acquista steroidi online oggi in Spagna e Portogallo. Abbiamo il miglior servizio clienti del settore e prodotti di altissima qualit\u00e0\",\"potentialAction\":[{\"@type\":\"SearchAction\",\"target\":{\"@type\":\"EntryPoint\",\"urlTemplate\":\"https:\/\/iberoid-shop.com\/it\/?s={search_term_string}\"},\"query-input\":{\"@type\":\"PropertyValueSpecification\",\"valueRequired\":true,\"valueName\":\"search_term_string\"}}],\"inLanguage\":\"it-IT\"}]}<\/script>\n<meta property=\"product:brand\" content=\"MaxLab\" \/>\n<meta property=\"product:price:amount\" content=\"35.00\" \/>\n<meta property=\"product:price:currency\" content=\"EUR\" \/>\n<meta property=\"og:availability\" content=\"out of stock\" \/>\n<meta property=\"product:availability\" content=\"out of stock\" \/>\n<meta property=\"product:condition\" content=\"new\" \/>\n<!-- \/ Yoast SEO Premium plugin. -->","yoast_head_json":{"title":"DANAMAX ( DIANABOL ) - Steroidi in linea","description":"DANAMAX ( DIANABOL ) provides a significant increase in muscle mass and strength thanks to its strong anabolic and moderate androgenic properties.","robots":{"index":"index","follow":"follow","max-snippet":"max-snippet:-1","max-image-preview":"max-image-preview:large","max-video-preview":"max-video-preview:-1"},"canonical":"https:\/\/iberoid-shop.com\/it\/product\/danamax-dianabol\/","og_locale":"it_IT","og_type":"article","og_title":"DANAMAX ( DIANABOL )","og_description":"DANAMAX ( DIANABOL ) provides a significant increase in muscle mass and strength thanks to its strong anabolic and moderate androgenic properties.","og_url":"https:\/\/iberoid-shop.com\/it\/product\/danamax-dianabol\/","og_site_name":"Steroidi in linea","article_modified_time":"2024-09-25T11:46:54+00:00","og_image":[{"width":1928,"height":1003,"url":"https:\/\/iberoid-shop.com\/wp-content\/uploads\/2024\/07\/danamax.jpg?v=1721154417","type":"image\/jpeg"}],"twitter_card":"summary_large_image","twitter_misc":{"Prezzo":"&euro;35.00","Disponibilit\u00e0":"Esaurito"},"schema":{"@context":"https:\/\/schema.org","@graph":[{"@type":"WebPage","@id":"https:\/\/iberoid-shop.com\/it\/product\/danamax-dianabol\/","url":"https:\/\/iberoid-shop.com\/it\/product\/danamax-dianabol\/","name":"DANAMAX ( DIANABOL ) - Steroidi in linea","isPartOf":{"@id":"https:\/\/iberoid-shop.com\/it\/#website"},"primaryImageOfPage":{"@id":"https:\/\/iberoid-shop.com\/it\/product\/danamax-dianabol\/#primaryimage"},"image":{"@id":"https:\/\/iberoid-shop.com\/it\/product\/danamax-dianabol\/#primaryimage"},"thumbnailUrl":"https:\/\/iberoid-shop.com\/wp-content\/uploads\/2024\/07\/danamax.jpg?v=1721154417","datePublished":"2024-07-16T18:27:49+00:00","dateModified":"2024-09-25T11:46:54+00:00","description":"DANAMAX ( DIANABOL ) provides a significant increase in muscle mass and strength thanks to its strong anabolic and moderate androgenic properties.","breadcrumb":{"@id":"https:\/\/iberoid-shop.com\/it\/product\/danamax-dianabol\/#breadcrumb"},"inLanguage":"it-IT","potentialAction":[{"@type":"ReadAction","target":[["https:\/\/iberoid-shop.com\/it\/product\/danamax-dianabol\/"]]}]},{"@type":"ImageObject","inLanguage":"it-IT","@id":"https:\/\/iberoid-shop.com\/it\/product\/danamax-dianabol\/#primaryimage","url":"https:\/\/iberoid-shop.com\/wp-content\/uploads\/2024\/07\/danamax.jpg?v=1721154417","contentUrl":"https:\/\/iberoid-shop.com\/wp-content\/uploads\/2024\/07\/danamax.jpg?v=1721154417","width":1928,"height":1003,"caption":"DANAMAX ( DIANABOL )"},{"@type":"BreadcrumbList","@id":"https:\/\/iberoid-shop.com\/it\/product\/danamax-dianabol\/#breadcrumb","itemListElement":[{"@type":"ListItem","position":1,"name":"Portada","item":"https:\/\/iberoid-shop.com\/it\/"},{"@type":"ListItem","position":2,"name":"Negozio","item":"https:\/\/iberoid-shop.com\/it\/shop\/"},{"@type":"ListItem","position":3,"name":"DANAMAX ( DIANABOL )"}]},{"@type":"WebSite","@id":"https:\/\/iberoid-shop.com\/it\/#website","url":"https:\/\/iberoid-shop.com\/it\/","name":"Steroidi in linea","description":"Acquista steroidi online oggi in Spagna e Portogallo. Abbiamo il miglior servizio clienti del settore e prodotti di altissima qualit\u00e0","potentialAction":[{"@type":"SearchAction","target":{"@type":"EntryPoint","urlTemplate":"https:\/\/iberoid-shop.com\/it\/?s={search_term_string}"},"query-input":{"@type":"PropertyValueSpecification","valueRequired":true,"valueName":"search_term_string"}}],"inLanguage":"it-IT"}]},"product_brand":"MaxLab","product_price_amount":"35.00","product_price_currency":"EUR","og_availability":"out of stock","product_availability":"out of stock","product_condition":"new"},"_links":{"self":[{"href":"https:\/\/iberoid-shop.com\/it\/wp-json\/wp\/v2\/product\/9559","targetHints":{"allow":["GET"]}}],"collection":[{"href":"https:\/\/iberoid-shop.com\/it\/wp-json\/wp\/v2\/product"}],"about":[{"href":"https:\/\/iberoid-shop.com\/it\/wp-json\/wp\/v2\/types\/product"}],"replies":[{"embeddable":true,"href":"https:\/\/iberoid-shop.com\/it\/wp-json\/wp\/v2\/comments?post=9559"}],"wp:featuredmedia":[{"embeddable":true,"href":"https:\/\/iberoid-shop.com\/it\/wp-json\/wp\/v2\/media\/9560"}],"wp:attachment":[{"href":"https:\/\/iberoid-shop.com\/it\/wp-json\/wp\/v2\/media?parent=9559"}],"wp:term":[{"taxonomy":"product_brand","embeddable":true,"href":"https:\/\/iberoid-shop.com\/it\/wp-json\/wp\/v2\/product_brand?post=9559"},{"taxonomy":"product_cat","embeddable":true,"href":"https:\/\/iberoid-shop.com\/it\/wp-json\/wp\/v2\/product_cat?post=9559"},{"taxonomy":"product_tag","embeddable":true,"href":"https:\/\/iberoid-shop.com\/it\/wp-json\/wp\/v2\/product_tag?post=9559"}],"curies":[{"name":"wp","href":"https:\/\/api.w.org\/{rel}","templated":true}]}}