{"id":9554,"date":"2024-07-16T18:21:41","date_gmt":"2024-07-16T18:21:41","guid":{"rendered":"https:\/\/iberoid-shop.com\/?post_type=product&#038;p=9554"},"modified":"2025-08-06T07:04:01","modified_gmt":"2025-08-06T07:04:01","slug":"pack-3-testoged-e","status":"publish","type":"product","link":"https:\/\/iberoid-shop.com\/it\/product\/pack-3-testoged-e\/","title":{"rendered":"Pack 3 Testoged E"},"content":{"rendered":"<p>Confezione 3 Testoged E \/ 30 fiale<\/p>\n<p>Testoged E\u00a0 \u00e8 un prodotto di testosterone enantato di alta qualit\u00e0 prodotto da EPF (Euro Prime Farmaceuticals). Il testosterone enantato \u00e8 un ormone steroideo iniettabile a lunga durata d&#8217;azione che imita gli effetti del testosterone naturale. \u00c8 ampiamente utilizzato in medicina per la terapia sostitutiva del testosterone (TRT) e nel bodybuilding e nell&#8217;atletica per migliorare la massa muscolare, la forza e le prestazioni atletiche complessive. La versione EPF Premium indica un prodotto di qualit\u00e0 superiore, garantendo risultati affidabili ed efficaci per gli utenti che cercano di ottimizzare i propri livelli ormonali e le prestazioni fisiche.<\/p>\n<p>Testoged E \u00e8 uno steroide che, una volta nel corpo, si converte in estrogeni. Le persone usano Testoged E nelle cure per l\u2019aumento di peso. La dose raccomandata varia tra 250 mg e 500 mg a settimana e gli individui devono somministrare l&#8217;iniezione una volta ogni 3 giorni nel muscolo gluteo. Inoltre, poich\u00e9 Testoged E pu\u00f2 fermare la secrezione di testosterone nel corpo, i medici raccomandano una terapia post-ciclo composta da Clomid e Tamoxifene.<\/p>\n<p>Pack 3 Testoged E, se somministrato nelle dosi raccomandate e con la terapia post-ciclo, corregge o previene del tutto la comparsa di effetti collaterali. Questa terapia post-ciclo mira a regolare la produzione di testosterone da parte dell&#8217;organismo e inizia due o tre settimane dopo l&#8217;ultima iniezione di testosterone. La cura post ciclo inizia dopo questo periodo perch\u00e9 il testosterone rimane attivo nel corpo fino a tre settimane.<\/p>\n<p>In qualsiasi trattamento con steroidi \u00e8 importante seguire alcune regole essenziali per ottenere i risultati desiderati. Rispettare i pasti principali della giornata \u00e8 fondamentale. Il cibo deve essere ricco di proteine, vitamine, antiossidanti. Devi mangiare carne magra come manzo, pesce, pollo. Le verdure sono importanti. La frutta contiene antiossidanti e dona energia al corpo.<\/p>","protected":false},"excerpt":{"rendered":"<p>Confezione 3 Testoged E \/ 30 fiale Testoged E\u00a0 \u00e8 un prodotto di testosterone enantato di alta qualit\u00e0 prodotto da<\/p>\n","protected":false},"featured_media":9555,"comment_status":"open","ping_status":"closed","template":"","meta":[],"product_brand":[],"product_cat":[3474],"product_tag":[],"class_list":{"0":"post-9554","1":"product","2":"type-product","3":"status-publish","4":"has-post-thumbnail","6":"product_cat-packs","8":"first","9":"outofstock","10":"sale","11":"shipping-taxable","12":"purchasable","13":"product-type-simple"},"yoast_head":"<!-- This site is optimized with the Yoast SEO Premium plugin v24.4 (Yoast SEO v27.3) - https:\/\/yoast.com\/product\/yoast-seo-premium-wordpress\/ -->\n<title>Pack 3 Testoged E - buy online, the best price Steroidi in linea<\/title>\n<meta name=\"description\" content=\"Pack 3 Testoged E \u00e8 un prodotto di testosterone enantato di alta qualit\u00e0 prodotto da EPF (Euro Prime Farmaceuticals). Il testosterone enantato \u00e8 un prodotto a lunga durata d&#039;azione\" \/>\n<meta name=\"robots\" content=\"index, follow, max-snippet:-1, max-image-preview:large, max-video-preview:-1\" \/>\n<link rel=\"canonical\" href=\"https:\/\/iberoid-shop.com\/it\/product\/pack-3-testoged-e\/\" \/>\n<meta property=\"og:locale\" content=\"it_IT\" \/>\n<meta property=\"og:type\" content=\"article\" \/>\n<meta property=\"og:title\" content=\"Pack 3 Testoged E\" \/>\n<meta property=\"og:description\" content=\"Pack 3 Testoged E \u00e8 un prodotto di testosterone enantato di alta qualit\u00e0 prodotto da EPF (Euro Prime Farmaceuticals). Il testosterone enantato \u00e8 un prodotto a lunga durata d&#039;azione\" \/>\n<meta property=\"og:url\" content=\"https:\/\/iberoid-shop.com\/it\/product\/pack-3-testoged-e\/\" \/>\n<meta property=\"og:site_name\" content=\"Steroidi in linea\" \/>\n<meta property=\"article:modified_time\" content=\"2025-08-06T07:04:01+00:00\" \/>\n<meta property=\"og:image\" content=\"https:\/\/iberoid-shop.com\/wp-content\/uploads\/2024\/07\/3te-epf-scaled.jpg?v=1721154076\" \/>\n\t<meta property=\"og:image:width\" content=\"2560\" \/>\n\t<meta property=\"og:image:height\" content=\"1833\" \/>\n\t<meta property=\"og:image:type\" content=\"image\/jpeg\" \/>\n<meta name=\"twitter:card\" content=\"summary_large_image\" \/>\n<meta name=\"twitter:label1\" content=\"Prezzo\" \/>\n\t<meta name=\"twitter:data1\" content=\"&euro;90.00\" \/>\n\t<meta name=\"twitter:label2\" content=\"Disponibilit\u00e0\" \/>\n\t<meta name=\"twitter:data2\" content=\"Esaurito\" \/>\n<script type=\"application\/ld+json\" class=\"yoast-schema-graph\">{\"@context\":\"https:\\\/\\\/schema.org\",\"@graph\":[{\"@type\":\"WebPage\",\"@id\":\"https:\\\/\\\/iberoid-shop.com\\\/it\\\/product\\\/pack-3-testoged-e\\\/\",\"url\":\"https:\\\/\\\/iberoid-shop.com\\\/it\\\/product\\\/pack-3-testoged-e\\\/\",\"name\":\"Pack 3 Testoged E - buy online, the best price Steroidi in linea\",\"isPartOf\":{\"@id\":\"https:\\\/\\\/iberoid-shop.com\\\/it\\\/#website\"},\"primaryImageOfPage\":{\"@id\":\"https:\\\/\\\/iberoid-shop.com\\\/it\\\/product\\\/pack-3-testoged-e\\\/#primaryimage\"},\"image\":{\"@id\":\"https:\\\/\\\/iberoid-shop.com\\\/it\\\/product\\\/pack-3-testoged-e\\\/#primaryimage\"},\"thumbnailUrl\":\"https:\\\/\\\/iberoid-shop.com\\\/wp-content\\\/uploads\\\/2024\\\/07\\\/3te-epf-scaled.jpg?v=1721154076\",\"datePublished\":\"2024-07-16T18:21:41+00:00\",\"dateModified\":\"2025-08-06T07:04:01+00:00\",\"description\":\"Pack 3 Testoged E \u00e8 un prodotto di testosterone enantato di alta qualit\u00e0 prodotto da EPF (Euro Prime Farmaceuticals). Il testosterone enantato \u00e8 un prodotto a lunga durata d'azione\",\"breadcrumb\":{\"@id\":\"https:\\\/\\\/iberoid-shop.com\\\/it\\\/product\\\/pack-3-testoged-e\\\/#breadcrumb\"},\"inLanguage\":\"it-IT\",\"potentialAction\":[{\"@type\":\"ReadAction\",\"target\":[[\"https:\\\/\\\/iberoid-shop.com\\\/it\\\/product\\\/pack-3-testoged-e\\\/\"]]}]},{\"@type\":\"ImageObject\",\"inLanguage\":\"it-IT\",\"@id\":\"https:\\\/\\\/iberoid-shop.com\\\/it\\\/product\\\/pack-3-testoged-e\\\/#primaryimage\",\"url\":\"https:\\\/\\\/iberoid-shop.com\\\/wp-content\\\/uploads\\\/2024\\\/07\\\/3te-epf-scaled.jpg?v=1721154076\",\"contentUrl\":\"https:\\\/\\\/iberoid-shop.com\\\/wp-content\\\/uploads\\\/2024\\\/07\\\/3te-epf-scaled.jpg?v=1721154076\",\"width\":2560,\"height\":1833,\"caption\":\"Pack 3 Testoged E\"},{\"@type\":\"BreadcrumbList\",\"@id\":\"https:\\\/\\\/iberoid-shop.com\\\/it\\\/product\\\/pack-3-testoged-e\\\/#breadcrumb\",\"itemListElement\":[{\"@type\":\"ListItem\",\"position\":1,\"name\":\"Portada\",\"item\":\"https:\\\/\\\/iberoid-shop.com\\\/it\\\/\"},{\"@type\":\"ListItem\",\"position\":2,\"name\":\"Negozio\",\"item\":\"https:\\\/\\\/iberoid-shop.com\\\/it\\\/shop\\\/\"},{\"@type\":\"ListItem\",\"position\":3,\"name\":\"Pack 3 Testoged E\"}]},{\"@type\":\"WebSite\",\"@id\":\"https:\\\/\\\/iberoid-shop.com\\\/it\\\/#website\",\"url\":\"https:\\\/\\\/iberoid-shop.com\\\/it\\\/\",\"name\":\"Steroidi in linea\",\"description\":\"Acquista steroidi online oggi in Spagna e Portogallo. Abbiamo il miglior servizio clienti del settore e prodotti di altissima qualit\u00e0\",\"potentialAction\":[{\"@type\":\"SearchAction\",\"target\":{\"@type\":\"EntryPoint\",\"urlTemplate\":\"https:\\\/\\\/iberoid-shop.com\\\/it\\\/?s={search_term_string}\"},\"query-input\":{\"@type\":\"PropertyValueSpecification\",\"valueRequired\":true,\"valueName\":\"search_term_string\"}}],\"inLanguage\":\"it-IT\"}]}<\/script>\n<meta property=\"product:brand\" content=\"Euro Prime Pharmaceuticals (EPF)\" \/>\n<meta property=\"product:price:amount\" content=\"90.00\" \/>\n<meta property=\"product:price:currency\" content=\"EUR\" \/>\n<meta property=\"og:availability\" content=\"out of stock\" \/>\n<meta property=\"product:availability\" content=\"out of stock\" \/>\n<meta property=\"product:condition\" content=\"new\" \/>\n<!-- \/ Yoast SEO Premium plugin. -->","yoast_head_json":{"title":"Pack 3 Testoged E - buy online, the best price Steroidi in linea","description":"Pack 3 Testoged E \u00e8 un prodotto di testosterone enantato di alta qualit\u00e0 prodotto da EPF (Euro Prime Farmaceuticals). Il testosterone enantato \u00e8 un prodotto a lunga durata d'azione","robots":{"index":"index","follow":"follow","max-snippet":"max-snippet:-1","max-image-preview":"max-image-preview:large","max-video-preview":"max-video-preview:-1"},"canonical":"https:\/\/iberoid-shop.com\/it\/product\/pack-3-testoged-e\/","og_locale":"it_IT","og_type":"article","og_title":"Pack 3 Testoged E","og_description":"Pack 3 Testoged E \u00e8 un prodotto di testosterone enantato di alta qualit\u00e0 prodotto da EPF (Euro Prime Farmaceuticals). Il testosterone enantato \u00e8 un prodotto a lunga durata d'azione","og_url":"https:\/\/iberoid-shop.com\/it\/product\/pack-3-testoged-e\/","og_site_name":"Steroidi in linea","article_modified_time":"2025-08-06T07:04:01+00:00","og_image":[{"width":2560,"height":1833,"url":"https:\/\/iberoid-shop.com\/wp-content\/uploads\/2024\/07\/3te-epf-scaled.jpg?v=1721154076","type":"image\/jpeg"}],"twitter_card":"summary_large_image","twitter_misc":{"Prezzo":"&euro;90.00","Disponibilit\u00e0":"Esaurito"},"schema":{"@context":"https:\/\/schema.org","@graph":[{"@type":"WebPage","@id":"https:\/\/iberoid-shop.com\/it\/product\/pack-3-testoged-e\/","url":"https:\/\/iberoid-shop.com\/it\/product\/pack-3-testoged-e\/","name":"Pack 3 Testoged E - buy online, the best price Steroidi in linea","isPartOf":{"@id":"https:\/\/iberoid-shop.com\/it\/#website"},"primaryImageOfPage":{"@id":"https:\/\/iberoid-shop.com\/it\/product\/pack-3-testoged-e\/#primaryimage"},"image":{"@id":"https:\/\/iberoid-shop.com\/it\/product\/pack-3-testoged-e\/#primaryimage"},"thumbnailUrl":"https:\/\/iberoid-shop.com\/wp-content\/uploads\/2024\/07\/3te-epf-scaled.jpg?v=1721154076","datePublished":"2024-07-16T18:21:41+00:00","dateModified":"2025-08-06T07:04:01+00:00","description":"Pack 3 Testoged E \u00e8 un prodotto di testosterone enantato di alta qualit\u00e0 prodotto da EPF (Euro Prime Farmaceuticals). Il testosterone enantato \u00e8 un prodotto a lunga durata d'azione","breadcrumb":{"@id":"https:\/\/iberoid-shop.com\/it\/product\/pack-3-testoged-e\/#breadcrumb"},"inLanguage":"it-IT","potentialAction":[{"@type":"ReadAction","target":[["https:\/\/iberoid-shop.com\/it\/product\/pack-3-testoged-e\/"]]}]},{"@type":"ImageObject","inLanguage":"it-IT","@id":"https:\/\/iberoid-shop.com\/it\/product\/pack-3-testoged-e\/#primaryimage","url":"https:\/\/iberoid-shop.com\/wp-content\/uploads\/2024\/07\/3te-epf-scaled.jpg?v=1721154076","contentUrl":"https:\/\/iberoid-shop.com\/wp-content\/uploads\/2024\/07\/3te-epf-scaled.jpg?v=1721154076","width":2560,"height":1833,"caption":"Pack 3 Testoged E"},{"@type":"BreadcrumbList","@id":"https:\/\/iberoid-shop.com\/it\/product\/pack-3-testoged-e\/#breadcrumb","itemListElement":[{"@type":"ListItem","position":1,"name":"Portada","item":"https:\/\/iberoid-shop.com\/it\/"},{"@type":"ListItem","position":2,"name":"Negozio","item":"https:\/\/iberoid-shop.com\/it\/shop\/"},{"@type":"ListItem","position":3,"name":"Pack 3 Testoged E"}]},{"@type":"WebSite","@id":"https:\/\/iberoid-shop.com\/it\/#website","url":"https:\/\/iberoid-shop.com\/it\/","name":"Steroidi in linea","description":"Acquista steroidi online oggi in Spagna e Portogallo. Abbiamo il miglior servizio clienti del settore e prodotti di altissima qualit\u00e0","potentialAction":[{"@type":"SearchAction","target":{"@type":"EntryPoint","urlTemplate":"https:\/\/iberoid-shop.com\/it\/?s={search_term_string}"},"query-input":{"@type":"PropertyValueSpecification","valueRequired":true,"valueName":"search_term_string"}}],"inLanguage":"it-IT"}]},"product_brand":"Euro Prime Pharmaceuticals (EPF)","product_price_amount":"90.00","product_price_currency":"EUR","og_availability":"out of stock","product_availability":"out of stock","product_condition":"new"},"_links":{"self":[{"href":"https:\/\/iberoid-shop.com\/it\/wp-json\/wp\/v2\/product\/9554","targetHints":{"allow":["GET"]}}],"collection":[{"href":"https:\/\/iberoid-shop.com\/it\/wp-json\/wp\/v2\/product"}],"about":[{"href":"https:\/\/iberoid-shop.com\/it\/wp-json\/wp\/v2\/types\/product"}],"replies":[{"embeddable":true,"href":"https:\/\/iberoid-shop.com\/it\/wp-json\/wp\/v2\/comments?post=9554"}],"wp:featuredmedia":[{"embeddable":true,"href":"https:\/\/iberoid-shop.com\/it\/wp-json\/wp\/v2\/media\/9555"}],"wp:attachment":[{"href":"https:\/\/iberoid-shop.com\/it\/wp-json\/wp\/v2\/media?parent=9554"}],"wp:term":[{"taxonomy":"product_brand","embeddable":true,"href":"https:\/\/iberoid-shop.com\/it\/wp-json\/wp\/v2\/product_brand?post=9554"},{"taxonomy":"product_cat","embeddable":true,"href":"https:\/\/iberoid-shop.com\/it\/wp-json\/wp\/v2\/product_cat?post=9554"},{"taxonomy":"product_tag","embeddable":true,"href":"https:\/\/iberoid-shop.com\/it\/wp-json\/wp\/v2\/product_tag?post=9554"}],"curies":[{"name":"wp","href":"https:\/\/api.w.org\/{rel}","templated":true}]}}