{"id":9534,"date":"2024-07-13T13:02:44","date_gmt":"2024-07-13T13:02:44","guid":{"rendered":"https:\/\/iberoid-shop.com\/?post_type=product&#038;p=9534"},"modified":"2024-09-07T18:19:25","modified_gmt":"2024-09-07T18:19:25","slug":"stronba-stanozolol","status":"publish","type":"product","link":"https:\/\/iberoid-shop.com\/it\/product\/stronba-stanozolol\/","title":{"rendered":"STRONBA \/ stanozolol"},"content":{"rendered":"<p><strong>STRONBA \/ stanozololo <\/strong>10 mg\/105 compresse<\/p>\n<p>La confezione di Stronba contiene 100 compresse. Stanozolol tratta l&#8217;angioedema ereditario, una condizione che causa episodi di gonfiore del viso, delle estremit\u00e0, dei genitali, della parete intestinale e della gola.<\/p>\n<p>Stanozolol in Stronba pu\u00f2 ridurre la frequenza e la gravit\u00e0 di questi attacchi. Deriva dal diidrotestosterone, che mostra effetti pi\u00f9 lievi ad eccezione degli effetti collaterali androgenici associati. Dimostra una forte tendenza a promuovere la crescita muscolare.<\/p>\n<p><strong>Controindicazioni:<\/strong><\/p>\n<p>Stanozolol non \u00e8 indicato per i pazienti che soffrono di ipersensibilit\u00e0 al farmaco, cancro alla prostata, cancro al seno negli uomini, carcinoma mammario nelle donne con ipercalcemia, aterosclerosi grave, insufficienza epatica e renale, prostatite acuta e cronica, gravidanza e allattamento.<\/p>\n<h2>Somministrazione di STRONBA\/stanozololo:<\/h2>\n<p>La dose ottimale per gli adulti \u00e8 di 10-20 mg al giorno. La dose conservante \u00e8 di 5-10 mg\/die.<\/p>\n<p>Per ridurre al minimo la frequenza e la gravit\u00e0 degli attacchi di angioedema ereditario, i medici hanno adeguato le dosi individuali in base alla reattivit\u00e0 del paziente. Il trattamento inizia con una dose di 2 mg tre volte al giorno. Una volta ottenuto un effetto positivo, la dose viene gradualmente ridotta in un periodo da 1 a 3 mesi a 2 mg al giorno.<\/p>\n<p><strong>Azione medica:<\/strong><\/p>\n<p>Stanozolol \u00e8 uno steroide anabolizzante. Questo medicinale stimola i processi anabolici e inibisce quelli catabolici causati dai glucocorticoidi. Stanozol induce un aumento della massa muscolare, riduce i depositi di grasso, migliora i tessuti trofici, favorisce la deposizione di calcio nelle ossa, trattiene azoto, fosforo, zolfo, potassio, sodio e acqua nel corpo. L&#8217;attivit\u00e0 emopoietica \u00e8 causata dall&#8217;aumento del livello di sintesi dell&#8217;eritropoietina.<\/p>\n<p>L&#8217;azione antiallergica \u00e8 causata dall&#8217;aumento della frazione del complemento C1 nel siero. L&#8217;attivit\u00e0 androgenica moderata pu\u00f2 causare lo sviluppo di caratteristiche sessuali secondarie maschili.<\/p>\n<p><strong>Precauzioni:<\/strong><\/p>\n<p>Se compaiono i primi segni di virilizzazione (come abbassamento della voce, irsutismo, acne, clitoromegalia), interrompi l&#8217;assunzione di questo medicinale per evitare effetti collaterali indesiderati. \u00c8 necessario un monitoraggio regolare dei livelli di lipidi e colesterolo. L\u2019uso pediatrico deve essere supervisionato da uno specialista esperto per prevenire la calcificazione prematura dell\u2019osso epifisario.<\/p>\n<h2>Effetti collaterali:<\/h2>\n<p>Stanozol pu\u00f2 causare effetti collaterali diversi nelle donne e negli uomini. Presentano sintomi diversi negli uomini e nelle donne, ma in alcuni casi possono essere gli stessi.<\/p>\n<p>Donne &#8211; sintomi virilizzanti, inibizione della funzione ovarica, disturbi mestruali, ipercalcemia.<\/p>\n<p>Uomini: negli stadi prepuberali, i sintomi possono includere virilizzazione, iperpigmentazione cutanea idiopatica e cessazione della crescita (a causa della calcificazione delle zone di crescita epifisarie delle ossa tubolari). Durante le fasi postpuberali , i problemi comuni includono irritazione della vescica, ginecomastia e priapismo. Negli uomini anziani possono verificarsi condizioni come ipertrofia e\/o carcinoma prostatico.<\/p>\n<p>Uomini e donne: progressione dell&#8217;aterosclerosi, edema periferico, compromissione della funzionalit\u00e0 epatica con ittero, alterazioni dell&#8217;emocromo, dolore alle ossa tubulari lunghe, ipocoagulazione soggetta a sanguinamento.<\/p>\n<h2>Sovradosaggio:<\/h2>\n<p>Nel caso in cui si verificasse un sovradosaggio di Stanozol , cercare aiuto di emergenza.<\/p>","protected":false},"excerpt":{"rendered":"<p>STRONBA \/ stanozololo 10 mg\/105 compresse La confezione di Stronba contiene 100 compresse. Stanozolol tratta l&#8217;angioedema ereditario, una condizione che<\/p>\n","protected":false},"featured_media":9536,"comment_status":"open","ping_status":"closed","template":"","meta":[],"product_brand":[],"product_cat":[73],"product_tag":[],"class_list":{"0":"post-9534","1":"product","2":"type-product","3":"status-publish","4":"has-post-thumbnail","6":"product_cat-ssteroides_orales","8":"first","9":"outofstock","10":"shipping-taxable","11":"purchasable","12":"product-type-simple"},"yoast_head":"<!-- This site is optimized with the Yoast SEO Premium plugin v24.4 (Yoast SEO v27.0) - https:\/\/yoast.com\/product\/yoast-seo-premium-wordpress\/ -->\n<title>STRONBA \/ stanozolol - buy online at Steroidi in linea<\/title>\n<meta name=\"description\" content=\"STRONBA \/ stanozolol is an anabolic steroid. This medicine stimulates anabolic processes and inhibits the catabolic ones caused by the glucocorticoids.\" \/>\n<meta name=\"robots\" content=\"index, follow, max-snippet:-1, max-image-preview:large, max-video-preview:-1\" \/>\n<link rel=\"canonical\" href=\"https:\/\/iberoid-shop.com\/it\/product\/stronba-stanozolol\/\" \/>\n<meta property=\"og:locale\" content=\"it_IT\" \/>\n<meta property=\"og:type\" content=\"article\" \/>\n<meta property=\"og:title\" content=\"STRONBA \/ stanozolol\" \/>\n<meta property=\"og:description\" content=\"STRONBA \/ stanozolol is an anabolic steroid. This medicine stimulates anabolic processes and inhibits the catabolic ones caused by the glucocorticoids.\" \/>\n<meta property=\"og:url\" content=\"https:\/\/iberoid-shop.com\/it\/product\/stronba-stanozolol\/\" \/>\n<meta property=\"og:site_name\" content=\"Steroidi in linea\" \/>\n<meta property=\"article:modified_time\" content=\"2024-09-07T18:19:25+00:00\" \/>\n<meta property=\"og:image\" content=\"https:\/\/iberoid-shop.com\/wp-content\/uploads\/2024\/07\/PHARMA-GROUP-stronba-570x570-525x700-1.jpg?v=1720875718\" \/>\n\t<meta property=\"og:image:width\" content=\"525\" \/>\n\t<meta property=\"og:image:height\" content=\"700\" \/>\n\t<meta property=\"og:image:type\" content=\"image\/jpeg\" \/>\n<meta name=\"twitter:card\" content=\"summary_large_image\" \/>\n<meta name=\"twitter:label1\" content=\"Prezzo\" \/>\n\t<meta name=\"twitter:data1\" content=\"&euro;35.00\" \/>\n\t<meta name=\"twitter:label2\" content=\"Disponibilit\u00e0\" \/>\n\t<meta name=\"twitter:data2\" content=\"Esaurito\" \/>\n<script type=\"application\/ld+json\" class=\"yoast-schema-graph\">{\"@context\":\"https:\/\/schema.org\",\"@graph\":[{\"@type\":\"WebPage\",\"@id\":\"https:\/\/iberoid-shop.com\/it\/product\/stronba-stanozolol\/\",\"url\":\"https:\/\/iberoid-shop.com\/it\/product\/stronba-stanozolol\/\",\"name\":\"STRONBA \/ stanozolol - buy online at Steroidi in linea\",\"isPartOf\":{\"@id\":\"https:\/\/iberoid-shop.com\/it\/#website\"},\"primaryImageOfPage\":{\"@id\":\"https:\/\/iberoid-shop.com\/it\/product\/stronba-stanozolol\/#primaryimage\"},\"image\":{\"@id\":\"https:\/\/iberoid-shop.com\/it\/product\/stronba-stanozolol\/#primaryimage\"},\"thumbnailUrl\":\"https:\/\/iberoid-shop.com\/wp-content\/uploads\/2024\/07\/PHARMA-GROUP-stronba-570x570-525x700-1.jpg?v=1720875718\",\"datePublished\":\"2024-07-13T13:02:44+00:00\",\"dateModified\":\"2024-09-07T18:19:25+00:00\",\"description\":\"STRONBA \/ stanozolol is an anabolic steroid. This medicine stimulates anabolic processes and inhibits the catabolic ones caused by the glucocorticoids.\",\"breadcrumb\":{\"@id\":\"https:\/\/iberoid-shop.com\/it\/product\/stronba-stanozolol\/#breadcrumb\"},\"inLanguage\":\"it-IT\",\"potentialAction\":[{\"@type\":\"ReadAction\",\"target\":[[\"https:\/\/iberoid-shop.com\/it\/product\/stronba-stanozolol\/\"]]}]},{\"@type\":\"ImageObject\",\"inLanguage\":\"it-IT\",\"@id\":\"https:\/\/iberoid-shop.com\/it\/product\/stronba-stanozolol\/#primaryimage\",\"url\":\"https:\/\/iberoid-shop.com\/wp-content\/uploads\/2024\/07\/PHARMA-GROUP-stronba-570x570-525x700-1.jpg?v=1720875718\",\"contentUrl\":\"https:\/\/iberoid-shop.com\/wp-content\/uploads\/2024\/07\/PHARMA-GROUP-stronba-570x570-525x700-1.jpg?v=1720875718\",\"width\":525,\"height\":700,\"caption\":\"STRONBA \/ stanozolol\"},{\"@type\":\"BreadcrumbList\",\"@id\":\"https:\/\/iberoid-shop.com\/it\/product\/stronba-stanozolol\/#breadcrumb\",\"itemListElement\":[{\"@type\":\"ListItem\",\"position\":1,\"name\":\"Portada\",\"item\":\"https:\/\/iberoid-shop.com\/it\/\"},{\"@type\":\"ListItem\",\"position\":2,\"name\":\"Negozio\",\"item\":\"https:\/\/iberoid-shop.com\/it\/shop\/\"},{\"@type\":\"ListItem\",\"position\":3,\"name\":\"STRONBA \/ stanozolol\"}]},{\"@type\":\"WebSite\",\"@id\":\"https:\/\/iberoid-shop.com\/it\/#website\",\"url\":\"https:\/\/iberoid-shop.com\/it\/\",\"name\":\"Steroidi in linea\",\"description\":\"Acquista steroidi online oggi in Spagna e Portogallo. Abbiamo il miglior servizio clienti del settore e prodotti di altissima qualit\u00e0\",\"potentialAction\":[{\"@type\":\"SearchAction\",\"target\":{\"@type\":\"EntryPoint\",\"urlTemplate\":\"https:\/\/iberoid-shop.com\/it\/?s={search_term_string}\"},\"query-input\":{\"@type\":\"PropertyValueSpecification\",\"valueRequired\":true,\"valueName\":\"search_term_string\"}}],\"inLanguage\":\"it-IT\"}]}<\/script>\n<meta property=\"product:brand\" content=\"PHARMA GROUP\" \/>\n<meta property=\"product:price:amount\" content=\"35.00\" \/>\n<meta property=\"product:price:currency\" content=\"EUR\" \/>\n<meta property=\"og:availability\" content=\"out of stock\" \/>\n<meta property=\"product:availability\" content=\"out of stock\" \/>\n<meta property=\"product:condition\" content=\"new\" \/>\n<!-- \/ Yoast SEO Premium plugin. -->","yoast_head_json":{"title":"STRONBA \/ stanozolol - buy online at Steroidi in linea","description":"STRONBA \/ stanozolol is an anabolic steroid. This medicine stimulates anabolic processes and inhibits the catabolic ones caused by the glucocorticoids.","robots":{"index":"index","follow":"follow","max-snippet":"max-snippet:-1","max-image-preview":"max-image-preview:large","max-video-preview":"max-video-preview:-1"},"canonical":"https:\/\/iberoid-shop.com\/it\/product\/stronba-stanozolol\/","og_locale":"it_IT","og_type":"article","og_title":"STRONBA \/ stanozolol","og_description":"STRONBA \/ stanozolol is an anabolic steroid. This medicine stimulates anabolic processes and inhibits the catabolic ones caused by the glucocorticoids.","og_url":"https:\/\/iberoid-shop.com\/it\/product\/stronba-stanozolol\/","og_site_name":"Steroidi in linea","article_modified_time":"2024-09-07T18:19:25+00:00","og_image":[{"width":525,"height":700,"url":"https:\/\/iberoid-shop.com\/wp-content\/uploads\/2024\/07\/PHARMA-GROUP-stronba-570x570-525x700-1.jpg?v=1720875718","type":"image\/jpeg"}],"twitter_card":"summary_large_image","twitter_misc":{"Prezzo":"&euro;35.00","Disponibilit\u00e0":"Esaurito"},"schema":{"@context":"https:\/\/schema.org","@graph":[{"@type":"WebPage","@id":"https:\/\/iberoid-shop.com\/it\/product\/stronba-stanozolol\/","url":"https:\/\/iberoid-shop.com\/it\/product\/stronba-stanozolol\/","name":"STRONBA \/ stanozolol - buy online at Steroidi in linea","isPartOf":{"@id":"https:\/\/iberoid-shop.com\/it\/#website"},"primaryImageOfPage":{"@id":"https:\/\/iberoid-shop.com\/it\/product\/stronba-stanozolol\/#primaryimage"},"image":{"@id":"https:\/\/iberoid-shop.com\/it\/product\/stronba-stanozolol\/#primaryimage"},"thumbnailUrl":"https:\/\/iberoid-shop.com\/wp-content\/uploads\/2024\/07\/PHARMA-GROUP-stronba-570x570-525x700-1.jpg?v=1720875718","datePublished":"2024-07-13T13:02:44+00:00","dateModified":"2024-09-07T18:19:25+00:00","description":"STRONBA \/ stanozolol is an anabolic steroid. This medicine stimulates anabolic processes and inhibits the catabolic ones caused by the glucocorticoids.","breadcrumb":{"@id":"https:\/\/iberoid-shop.com\/it\/product\/stronba-stanozolol\/#breadcrumb"},"inLanguage":"it-IT","potentialAction":[{"@type":"ReadAction","target":[["https:\/\/iberoid-shop.com\/it\/product\/stronba-stanozolol\/"]]}]},{"@type":"ImageObject","inLanguage":"it-IT","@id":"https:\/\/iberoid-shop.com\/it\/product\/stronba-stanozolol\/#primaryimage","url":"https:\/\/iberoid-shop.com\/wp-content\/uploads\/2024\/07\/PHARMA-GROUP-stronba-570x570-525x700-1.jpg?v=1720875718","contentUrl":"https:\/\/iberoid-shop.com\/wp-content\/uploads\/2024\/07\/PHARMA-GROUP-stronba-570x570-525x700-1.jpg?v=1720875718","width":525,"height":700,"caption":"STRONBA \/ stanozolol"},{"@type":"BreadcrumbList","@id":"https:\/\/iberoid-shop.com\/it\/product\/stronba-stanozolol\/#breadcrumb","itemListElement":[{"@type":"ListItem","position":1,"name":"Portada","item":"https:\/\/iberoid-shop.com\/it\/"},{"@type":"ListItem","position":2,"name":"Negozio","item":"https:\/\/iberoid-shop.com\/it\/shop\/"},{"@type":"ListItem","position":3,"name":"STRONBA \/ stanozolol"}]},{"@type":"WebSite","@id":"https:\/\/iberoid-shop.com\/it\/#website","url":"https:\/\/iberoid-shop.com\/it\/","name":"Steroidi in linea","description":"Acquista steroidi online oggi in Spagna e Portogallo. Abbiamo il miglior servizio clienti del settore e prodotti di altissima qualit\u00e0","potentialAction":[{"@type":"SearchAction","target":{"@type":"EntryPoint","urlTemplate":"https:\/\/iberoid-shop.com\/it\/?s={search_term_string}"},"query-input":{"@type":"PropertyValueSpecification","valueRequired":true,"valueName":"search_term_string"}}],"inLanguage":"it-IT"}]},"product_brand":"PHARMA GROUP","product_price_amount":"35.00","product_price_currency":"EUR","og_availability":"out of stock","product_availability":"out of stock","product_condition":"new"},"_links":{"self":[{"href":"https:\/\/iberoid-shop.com\/it\/wp-json\/wp\/v2\/product\/9534","targetHints":{"allow":["GET"]}}],"collection":[{"href":"https:\/\/iberoid-shop.com\/it\/wp-json\/wp\/v2\/product"}],"about":[{"href":"https:\/\/iberoid-shop.com\/it\/wp-json\/wp\/v2\/types\/product"}],"replies":[{"embeddable":true,"href":"https:\/\/iberoid-shop.com\/it\/wp-json\/wp\/v2\/comments?post=9534"}],"wp:featuredmedia":[{"embeddable":true,"href":"https:\/\/iberoid-shop.com\/it\/wp-json\/wp\/v2\/media\/9536"}],"wp:attachment":[{"href":"https:\/\/iberoid-shop.com\/it\/wp-json\/wp\/v2\/media?parent=9534"}],"wp:term":[{"taxonomy":"product_brand","embeddable":true,"href":"https:\/\/iberoid-shop.com\/it\/wp-json\/wp\/v2\/product_brand?post=9534"},{"taxonomy":"product_cat","embeddable":true,"href":"https:\/\/iberoid-shop.com\/it\/wp-json\/wp\/v2\/product_cat?post=9534"},{"taxonomy":"product_tag","embeddable":true,"href":"https:\/\/iberoid-shop.com\/it\/wp-json\/wp\/v2\/product_tag?post=9534"}],"curies":[{"name":"wp","href":"https:\/\/api.w.org\/{rel}","templated":true}]}}