{"id":9514,"date":"2024-07-06T15:32:47","date_gmt":"2024-07-06T15:32:47","guid":{"rendered":"https:\/\/iberoid-shop.com\/?post_type=product&#038;p=9514"},"modified":"2026-03-29T16:22:50","modified_gmt":"2026-03-29T16:22:50","slug":"clenotech-clenbuterol","status":"publish","type":"product","link":"https:\/\/iberoid-shop.com\/it\/product\/clenotech-clenbuterol\/","title":{"rendered":"CLENOTECH \/ CLENBUTEROL"},"content":{"rendered":"<p>CLENOTECH \/ CLENBUTEROL 40mcg\/100 compresse<\/p>\n<p><strong>CLENOTECH \/ CLENBUTEROL<\/strong> \u00e8 un farmaco brucia grassi che aumenta il tasso metabolico. Anche se non \u00e8 approvato per l&#8217;uso negli Stati Uniti, alcuni atleti e bodybuilder usano il clenbuterolo per aiutarli a raggiungere i loro obiettivi di fitness.\u200cEcco cosa devi sapere su questo farmaco potente e rischioso.<br \/>\n<strong>Cos&#8217;\u00e8 il clenbuterolo?<\/strong><\/p>\n<p>Il clenbuterolo \u00e8 un farmaco non approvato per l&#8217;uso umano negli Stati Uniti. In alcuni paesi \u00e8 disponibile su prescrizione solo per le persone con asma o altri problemi respiratori. Dal 1998, la FDA ha consentito il clenbuterolo per il trattamento dei cavalli affetti da asma. Non \u00e8 consentito per gli animali utilizzati nella produzione alimentare.\u200c<\/p>\n<p>Il clenbuterolo \u00e8 una sostanza che ha effetti simili agli steroidi ed \u00e8 classificata come agonista beta2-adrenergico. Ci\u00f2 significa che stimola i recettori beta2-adrenergici nella gola. Il medicinale aiuta a rilassare i muscoli e i polmoni, facilitando la respirazione in caso di asma o di un&#8217;altra condizione respiratoria. Pu\u00f2 rimanere nel tuo corpo fino a 39 ore dopo averlo preso.<\/p>\n<p><strong>Clenbuterolo per il bodybuilding<\/strong><\/p>\n<p>Tuttavia, il clenbuterolo, chiamato anche clen, viene abusato da atleti e bodybuilder per la sua capacit\u00e0 di bruciare i grassi. Gli stessi recettori che si attivano quando si assume clenbuterolo per l&#8217;asma aiutano anche a bruciare i grassi e ad aumentare la massa muscolare magra. Gli atleti che usano clenbuterolo quotidianamente assumono in genere da 60 a 120 microgrammi al giorno. Normalmente questo viene assunto in combinazione con altri farmaci che migliorano le prestazioni o steroidi anabolizzanti.\u200c<\/p>\n<p>Il clenbuterolo aumenta la temperatura corporea attraverso un processo chiamato termogenesi. Una volta che la temperatura corporea \u00e8 alta, il tuo metabolismo \u00e8 pronto a bruciare pi\u00f9 calorie. Poich\u00e9 il grasso viene immagazzinato nel corpo come energia, il tuo corpo pu\u00f2 utilizzare le calorie che hai gi\u00e0 immagazzinato. Ci\u00f2 pu\u00f2 ridurre il grasso corporeo e ridurre il peso complessivo.\u200c<\/p>\n<p>Poich\u00e9 il clenbuterolo \u00e8 un broncodilatatore, apre le vie respiratorie quando lo prendi. Questo \u00e8 utile per chi soffre di asma. Per gli atleti, ci\u00f2 consente loro di aumentare la propria resistenza avendo pi\u00f9 flusso d&#8217;aria che si muove intorno al corpo. \u00c8 disponibile pi\u00f9 ossigeno, quindi puoi esibirti di pi\u00f9 e meglio.\u200c<\/p>\n<p>Anche se non \u00e8 legale negli Stati Uniti, atleti e bodybuilder continuano ad abusare di \u010clen per aiutarli a perdere peso e aumentare la massa muscolare. Molti lo vedono come un\u2019alternativa agli steroidi anabolizzanti, i farmaci che di solito vengono in mente quando si pensa alle sostanze che migliorano le prestazioni. Ha la reputazione di essere uno \u201csteroide non steroideo\u201d grazie alla sua capacit\u00e0 di imitare gli steroidi. Dal momento che tecnicamente non \u00e8 uno steroide, alcuni atleti vedono il clenbuterolo per il bodybuilding come un approccio pi\u00f9 \u201cnaturale\u201d alla costruzione muscolare.<\/p>\n<p><strong>Vantaggi dell&#8217;utilizzo di CLENOTECH \/ CLENBUTEROL<\/strong><\/p>\n<p>Anche se \u00e8 illegale e ha diversi effetti collaterali, molti atleti abusano ancora di clen.\u200c<\/p>\n<p>Meno effetti collaterali androgeni.Si ritiene che il clenbuterolo sia pi\u00f9 popolare degli steroidi anabolizzanti tra le bodybuilder perch\u00e9 presenta meno effetti collaterali androgeni. Gli steroidi in genere causano effetti collaterali come un aumento dei peli del viso o un abbassamento della voce. Non \u00e8 noto che il clenbuterolo causi questi.\u200c<\/p>\n<p>Perdita di peso rapida.Come notato, il clenbuterolo agisce aumentando il metabolismo, aiutandoti a bruciare i grassi. Uno studio ha coinvolto due gruppi di uomini in sovrappeso sottoposti alla stessa dieta rigorosa. A un gruppo \u00e8 stato somministrato clenbuterolo e all&#8217;altro no. Nel corso di dieci settimane, il gruppo che ha ricevuto clenbuterolo ha perso una media di 11,4 chilogrammi di grasso e il gruppo di controllo ha perso 8,7 chilogrammi di grasso.\u200c<\/p>\n<p>Soppressione dell&#8217;appetito.Molti bodybuilder si affidano al clenbuterolo prima di una prestazione o di una competizione imminente per eliminare il grasso in eccesso. Un effetto secondario di questo farmaco \u00e8 che aiuta a frenare l&#8217;appetito in modo da assumere meno calorie. Tuttavia, non tutte le persone sperimentano questo effetto.<\/p>","protected":false},"excerpt":{"rendered":"<p>CLENOTECH \/ CLENBUTEROL 40mcg\/100 compresse CLENOTECH \/ CLENBUTEROL \u00e8 un farmaco brucia grassi che aumenta il tasso metabolico. Anche se<\/p>\n","protected":false},"featured_media":9516,"comment_status":"open","ping_status":"closed","template":"","meta":[],"product_brand":[],"product_cat":[73],"product_tag":[],"class_list":{"0":"post-9514","1":"product","2":"type-product","3":"status-publish","4":"has-post-thumbnail","6":"product_cat-ssteroides_orales","8":"first","9":"outofstock","10":"sale","11":"shipping-taxable","12":"purchasable","13":"product-type-simple"},"yoast_head":"<!-- This site is optimized with the Yoast SEO Premium plugin v24.4 (Yoast SEO v27.0) - https:\/\/yoast.com\/product\/yoast-seo-premium-wordpress\/ -->\n<title>CLENOTECH \/ CLENBUTEROL - buy online at Steroidi in linea<\/title>\n<meta name=\"description\" content=\"CLENOTECH \/ CLENBUTEROL is a fat-burning drug that raises your metabolic rate. Even though it is not approved for use in the U.S., some athletes and bodybuilders\" \/>\n<meta name=\"robots\" content=\"index, follow, max-snippet:-1, max-image-preview:large, max-video-preview:-1\" \/>\n<link rel=\"canonical\" href=\"https:\/\/iberoid-shop.com\/it\/product\/clenotech-clenbuterol\/\" \/>\n<meta property=\"og:locale\" content=\"it_IT\" \/>\n<meta property=\"og:type\" content=\"article\" \/>\n<meta property=\"og:title\" content=\"CLENOTECH \/ CLENBUTEROL\" \/>\n<meta property=\"og:description\" content=\"CLENOTECH \/ CLENBUTEROL is a fat-burning drug that raises your metabolic rate. Even though it is not approved for use in the U.S., some athletes and bodybuilders\" \/>\n<meta property=\"og:url\" content=\"https:\/\/iberoid-shop.com\/it\/product\/clenotech-clenbuterol\/\" \/>\n<meta property=\"og:site_name\" content=\"Steroidi in linea\" \/>\n<meta property=\"article:modified_time\" content=\"2026-03-29T16:22:50+00:00\" \/>\n<meta property=\"og:image\" content=\"https:\/\/iberoid-shop.com\/wp-content\/uploads\/2024\/07\/cln-scaled.jpg?v=1720279939\" \/>\n\t<meta property=\"og:image:width\" content=\"1720\" \/>\n\t<meta property=\"og:image:height\" content=\"2560\" \/>\n\t<meta property=\"og:image:type\" content=\"image\/jpeg\" \/>\n<meta name=\"twitter:card\" content=\"summary_large_image\" \/>\n<meta name=\"twitter:label1\" content=\"Prezzo\" \/>\n\t<meta name=\"twitter:data1\" content=\"&euro;15.00\" \/>\n\t<meta name=\"twitter:label2\" content=\"Disponibilit\u00e0\" \/>\n\t<meta name=\"twitter:data2\" content=\"Esaurito\" \/>\n<script type=\"application\/ld+json\" class=\"yoast-schema-graph\">{\"@context\":\"https:\/\/schema.org\",\"@graph\":[{\"@type\":\"WebPage\",\"@id\":\"https:\/\/iberoid-shop.com\/it\/product\/clenotech-clenbuterol\/\",\"url\":\"https:\/\/iberoid-shop.com\/it\/product\/clenotech-clenbuterol\/\",\"name\":\"CLENOTECH \/ CLENBUTEROL - buy online at Steroidi in linea\",\"isPartOf\":{\"@id\":\"https:\/\/iberoid-shop.com\/it\/#website\"},\"primaryImageOfPage\":{\"@id\":\"https:\/\/iberoid-shop.com\/it\/product\/clenotech-clenbuterol\/#primaryimage\"},\"image\":{\"@id\":\"https:\/\/iberoid-shop.com\/it\/product\/clenotech-clenbuterol\/#primaryimage\"},\"thumbnailUrl\":\"https:\/\/iberoid-shop.com\/wp-content\/uploads\/2024\/07\/cln-scaled.jpg?v=1720279939\",\"datePublished\":\"2024-07-06T15:32:47+00:00\",\"dateModified\":\"2026-03-29T16:22:50+00:00\",\"description\":\"CLENOTECH \/ CLENBUTEROL is a fat-burning drug that raises your metabolic rate. Even though it is not approved for use in the U.S., some athletes and bodybuilders\",\"breadcrumb\":{\"@id\":\"https:\/\/iberoid-shop.com\/it\/product\/clenotech-clenbuterol\/#breadcrumb\"},\"inLanguage\":\"it-IT\",\"potentialAction\":[{\"@type\":\"ReadAction\",\"target\":[[\"https:\/\/iberoid-shop.com\/it\/product\/clenotech-clenbuterol\/\"]]}]},{\"@type\":\"ImageObject\",\"inLanguage\":\"it-IT\",\"@id\":\"https:\/\/iberoid-shop.com\/it\/product\/clenotech-clenbuterol\/#primaryimage\",\"url\":\"https:\/\/iberoid-shop.com\/wp-content\/uploads\/2024\/07\/cln-scaled.jpg?v=1720279939\",\"contentUrl\":\"https:\/\/iberoid-shop.com\/wp-content\/uploads\/2024\/07\/cln-scaled.jpg?v=1720279939\",\"width\":1720,\"height\":2560,\"caption\":\"CLENOTECH \/ CLENBUTEROL\"},{\"@type\":\"BreadcrumbList\",\"@id\":\"https:\/\/iberoid-shop.com\/it\/product\/clenotech-clenbuterol\/#breadcrumb\",\"itemListElement\":[{\"@type\":\"ListItem\",\"position\":1,\"name\":\"Portada\",\"item\":\"https:\/\/iberoid-shop.com\/it\/\"},{\"@type\":\"ListItem\",\"position\":2,\"name\":\"Negozio\",\"item\":\"https:\/\/iberoid-shop.com\/it\/shop\/\"},{\"@type\":\"ListItem\",\"position\":3,\"name\":\"CLENOTECH \/ CLENBUTEROL\"}]},{\"@type\":\"WebSite\",\"@id\":\"https:\/\/iberoid-shop.com\/it\/#website\",\"url\":\"https:\/\/iberoid-shop.com\/it\/\",\"name\":\"Steroidi in linea\",\"description\":\"Acquista steroidi online oggi in Spagna e Portogallo. Abbiamo il miglior servizio clienti del settore e prodotti di altissima qualit\u00e0\",\"potentialAction\":[{\"@type\":\"SearchAction\",\"target\":{\"@type\":\"EntryPoint\",\"urlTemplate\":\"https:\/\/iberoid-shop.com\/it\/?s={search_term_string}\"},\"query-input\":{\"@type\":\"PropertyValueSpecification\",\"valueRequired\":true,\"valueName\":\"search_term_string\"}}],\"inLanguage\":\"it-IT\"}]}<\/script>\n<meta property=\"product:price:amount\" content=\"15.00\" \/>\n<meta property=\"product:price:currency\" content=\"EUR\" \/>\n<meta property=\"og:availability\" content=\"out of stock\" \/>\n<meta property=\"product:availability\" content=\"out of stock\" \/>\n<meta property=\"product:condition\" content=\"new\" \/>\n<!-- \/ Yoast SEO Premium plugin. -->","yoast_head_json":{"title":"CLENOTECH \/ CLENBUTEROL - buy online at Steroidi in linea","description":"CLENOTECH \/ CLENBUTEROL is a fat-burning drug that raises your metabolic rate. Even though it is not approved for use in the U.S., some athletes and bodybuilders","robots":{"index":"index","follow":"follow","max-snippet":"max-snippet:-1","max-image-preview":"max-image-preview:large","max-video-preview":"max-video-preview:-1"},"canonical":"https:\/\/iberoid-shop.com\/it\/product\/clenotech-clenbuterol\/","og_locale":"it_IT","og_type":"article","og_title":"CLENOTECH \/ CLENBUTEROL","og_description":"CLENOTECH \/ CLENBUTEROL is a fat-burning drug that raises your metabolic rate. Even though it is not approved for use in the U.S., some athletes and bodybuilders","og_url":"https:\/\/iberoid-shop.com\/it\/product\/clenotech-clenbuterol\/","og_site_name":"Steroidi in linea","article_modified_time":"2026-03-29T16:22:50+00:00","og_image":[{"width":1720,"height":2560,"url":"https:\/\/iberoid-shop.com\/wp-content\/uploads\/2024\/07\/cln-scaled.jpg?v=1720279939","type":"image\/jpeg"}],"twitter_card":"summary_large_image","twitter_misc":{"Prezzo":"&euro;15.00","Disponibilit\u00e0":"Esaurito"},"schema":{"@context":"https:\/\/schema.org","@graph":[{"@type":"WebPage","@id":"https:\/\/iberoid-shop.com\/it\/product\/clenotech-clenbuterol\/","url":"https:\/\/iberoid-shop.com\/it\/product\/clenotech-clenbuterol\/","name":"CLENOTECH \/ CLENBUTEROL - buy online at Steroidi in linea","isPartOf":{"@id":"https:\/\/iberoid-shop.com\/it\/#website"},"primaryImageOfPage":{"@id":"https:\/\/iberoid-shop.com\/it\/product\/clenotech-clenbuterol\/#primaryimage"},"image":{"@id":"https:\/\/iberoid-shop.com\/it\/product\/clenotech-clenbuterol\/#primaryimage"},"thumbnailUrl":"https:\/\/iberoid-shop.com\/wp-content\/uploads\/2024\/07\/cln-scaled.jpg?v=1720279939","datePublished":"2024-07-06T15:32:47+00:00","dateModified":"2026-03-29T16:22:50+00:00","description":"CLENOTECH \/ CLENBUTEROL is a fat-burning drug that raises your metabolic rate. Even though it is not approved for use in the U.S., some athletes and bodybuilders","breadcrumb":{"@id":"https:\/\/iberoid-shop.com\/it\/product\/clenotech-clenbuterol\/#breadcrumb"},"inLanguage":"it-IT","potentialAction":[{"@type":"ReadAction","target":[["https:\/\/iberoid-shop.com\/it\/product\/clenotech-clenbuterol\/"]]}]},{"@type":"ImageObject","inLanguage":"it-IT","@id":"https:\/\/iberoid-shop.com\/it\/product\/clenotech-clenbuterol\/#primaryimage","url":"https:\/\/iberoid-shop.com\/wp-content\/uploads\/2024\/07\/cln-scaled.jpg?v=1720279939","contentUrl":"https:\/\/iberoid-shop.com\/wp-content\/uploads\/2024\/07\/cln-scaled.jpg?v=1720279939","width":1720,"height":2560,"caption":"CLENOTECH \/ CLENBUTEROL"},{"@type":"BreadcrumbList","@id":"https:\/\/iberoid-shop.com\/it\/product\/clenotech-clenbuterol\/#breadcrumb","itemListElement":[{"@type":"ListItem","position":1,"name":"Portada","item":"https:\/\/iberoid-shop.com\/it\/"},{"@type":"ListItem","position":2,"name":"Negozio","item":"https:\/\/iberoid-shop.com\/it\/shop\/"},{"@type":"ListItem","position":3,"name":"CLENOTECH \/ CLENBUTEROL"}]},{"@type":"WebSite","@id":"https:\/\/iberoid-shop.com\/it\/#website","url":"https:\/\/iberoid-shop.com\/it\/","name":"Steroidi in linea","description":"Acquista steroidi online oggi in Spagna e Portogallo. Abbiamo il miglior servizio clienti del settore e prodotti di altissima qualit\u00e0","potentialAction":[{"@type":"SearchAction","target":{"@type":"EntryPoint","urlTemplate":"https:\/\/iberoid-shop.com\/it\/?s={search_term_string}"},"query-input":{"@type":"PropertyValueSpecification","valueRequired":true,"valueName":"search_term_string"}}],"inLanguage":"it-IT"}]},"product_price_amount":"15.00","product_price_currency":"EUR","og_availability":"out of stock","product_availability":"out of stock","product_condition":"new"},"_links":{"self":[{"href":"https:\/\/iberoid-shop.com\/it\/wp-json\/wp\/v2\/product\/9514","targetHints":{"allow":["GET"]}}],"collection":[{"href":"https:\/\/iberoid-shop.com\/it\/wp-json\/wp\/v2\/product"}],"about":[{"href":"https:\/\/iberoid-shop.com\/it\/wp-json\/wp\/v2\/types\/product"}],"replies":[{"embeddable":true,"href":"https:\/\/iberoid-shop.com\/it\/wp-json\/wp\/v2\/comments?post=9514"}],"wp:featuredmedia":[{"embeddable":true,"href":"https:\/\/iberoid-shop.com\/it\/wp-json\/wp\/v2\/media\/9516"}],"wp:attachment":[{"href":"https:\/\/iberoid-shop.com\/it\/wp-json\/wp\/v2\/media?parent=9514"}],"wp:term":[{"taxonomy":"product_brand","embeddable":true,"href":"https:\/\/iberoid-shop.com\/it\/wp-json\/wp\/v2\/product_brand?post=9514"},{"taxonomy":"product_cat","embeddable":true,"href":"https:\/\/iberoid-shop.com\/it\/wp-json\/wp\/v2\/product_cat?post=9514"},{"taxonomy":"product_tag","embeddable":true,"href":"https:\/\/iberoid-shop.com\/it\/wp-json\/wp\/v2\/product_tag?post=9514"}],"curies":[{"name":"wp","href":"https:\/\/api.w.org\/{rel}","templated":true}]}}