{"id":9496,"date":"2024-06-19T12:15:25","date_gmt":"2024-06-19T12:15:25","guid":{"rendered":"https:\/\/iberoid-shop.com\/?post_type=product&#038;p=9496"},"modified":"2025-06-13T12:53:33","modified_gmt":"2025-06-13T12:53:33","slug":"sustanon","status":"publish","type":"product","link":"https:\/\/iberoid-shop.com\/it\/product\/sustanon\/","title":{"rendered":"SUSTANON"},"content":{"rendered":"<p><strong>SUSTANON \/10 ampolle<\/strong><\/p>\n<p><strong>Sustoged<\/strong> \u00e8 un farmaco steroideo prodotto da Euro Prime Pharmaceuticals, un&#8217;azienda farmaceutica moldava. Il farmaco si presenta sotto forma di iniezioni e contiene principi attivi: 30 mg di testosterone propionato, 60 mg di testosterone fenilpropionato, 60 mg di testosterone isocaproato e 100 mg di testosterone decanoato, insieme ad altri eccipienti. Inizialmente, i medici usavano il farmaco in medicina, dove il trattamento richiedeva la somministrazione dell\u2019ormone maschile testosterone per il normale funzionamento delle funzioni vitali del corpo umano.<\/p>\n<p>Negli sport moderni, gli atleti lo considerano un farmaco essenziale nei cicli di steroidi per aumentare qualitativamente la massa muscolare e aumentare la forza.<\/p>\n<p>Il farmaco ha una lunga durata d&#8217;azione grazie ai suoi quattro diversi esteri di testosterone, che iniziano a funzionare immediatamente dopo la somministrazione. Gli atleti possono ottenere risultati positivi iniettando Sustanon EPF una volta alla settimana in combinazione con l&#8217;attivit\u00e0 fisica e un&#8217;alimentazione sportiva adeguatamente bilanciata. Trova utilizzo nel bodybuilding, nel powerlifting e nel sollevamento pesi.<\/p>\n<p>Quali propriet\u00e0 sono inerenti a SUSTANON<\/p>\n<p>Sustoged \u00e8 caratterizzato da un effetto positivo sul corpo di un atleta:<\/p>\n<p>efficace nella costruzione muscolare rapida,<br \/>\naiuta ad aumentare la capacit\u00e0 fisica,<br \/>\nmigliora l&#8217;appetito,<br \/>\naumenta significativamente la libido durante il corso,<br \/>\naiuta a ripristinare forza ed energia dopo l&#8217;allenamento sportivo,<br \/>\nnon trattiene i liquidi nel corpo.<\/p>\n<p>Le recensioni su Euro Prime Sustanon lasciate da atleti professionisti confermano la razionalit\u00e0 di seguire un corso con Sustoged. L&#8217;azione del farmaco \u00e8 mirata all&#8217;attivazione e alla formazione di anelli di sangue e globuli rossi, che migliora l&#8217;ossigenazione delle fibre muscolari. Di conseguenza, l&#8217;atleta \u00e8 pi\u00f9 facile da tollerare l&#8217;attivit\u00e0 fisica. A causa dell&#8217;azione prolungata, l&#8217;aumento minimo della massa muscolare per un corso da solista \u00e8 di 4 chilogrammi e con la giusta dieta e una serie di esercizi sportivi \u00e8 possibile aggiungere 10 chilogrammi di peso. Quando somministrato, il farmaco non provoca bruciore, disagio e gonfiore nel sito di iniezione.<\/p>\n<p><strong>Caratteristiche di prendere Sustoged<\/strong><\/p>\n<p>La durata del corso e il dosaggio ottimale sono stabiliti da un medico qualificato o da un allenatore sportivo, guidato dai dati fisici dell&#8217;atleta e dagli obiettivi prefissati.<\/p>\n<p>Il dosaggio ottimale per un atleta principiante \u00e8 di 250 mg per via intramuscolare una volta alla settimana. Per gli atleti pi\u00f9 avanzati, per aumentare le prestazioni, la dose settimanale \u00e8 di 500-750 mg.<\/p>\n<p>Molto efficaci sono i cicli combinati di Sustanon EPF con farmaci steroidei orali, come Turinabol. Con il loro aiuto, puoi ottenere muscoli di alta qualit\u00e0 e aumentare la forza. Funzionano benissimo in combinazione con Stanozolol o Oxandrolone. Le combinazioni con Danabol, Anabol e Metano devono essere trattate con cautela, poich\u00e9 possono provocare l&#8217;accumulo di liquidi in eccesso e la formazione di uno strato di grasso.<\/p>","protected":false},"excerpt":{"rendered":"<p>SUSTANON \/10 ampolle Sustoged \u00e8 un farmaco steroideo prodotto da Euro Prime Pharmaceuticals, un&#8217;azienda farmaceutica moldava. Il farmaco si presenta<\/p>\n","protected":false},"featured_media":9498,"comment_status":"open","ping_status":"closed","template":"","meta":[],"product_brand":[],"product_cat":[69],"product_tag":[],"class_list":{"0":"post-9496","1":"product","2":"type-product","3":"status-publish","4":"has-post-thumbnail","6":"product_cat-esteroides_inyectables","8":"first","9":"outofstock","10":"sale","11":"shipping-taxable","12":"purchasable","13":"product-type-simple"},"yoast_head":"<!-- This site is optimized with the Yoast SEO Premium plugin v24.4 (Yoast SEO v27.0) - https:\/\/yoast.com\/product\/yoast-seo-premium-wordpress\/ -->\n<title>SUSTANON buy online - best price at Steroidi in linea<\/title>\n<meta name=\"description\" content=\"Sustanon is a steroid drug that Euro Prime Pharmaceuticals, a Moldovan pharmaceutical company, produces. The drug comes in the form of injections and\" \/>\n<meta name=\"robots\" content=\"index, follow, max-snippet:-1, max-image-preview:large, max-video-preview:-1\" \/>\n<link rel=\"canonical\" href=\"https:\/\/iberoid-shop.com\/it\/product\/sustanon\/\" \/>\n<meta property=\"og:locale\" content=\"it_IT\" \/>\n<meta property=\"og:type\" content=\"article\" \/>\n<meta property=\"og:title\" content=\"SUSTANON\" \/>\n<meta property=\"og:description\" content=\"Sustanon is a steroid drug that Euro Prime Pharmaceuticals, a Moldovan pharmaceutical company, produces. The drug comes in the form of injections and\" \/>\n<meta property=\"og:url\" content=\"https:\/\/iberoid-shop.com\/it\/product\/sustanon\/\" \/>\n<meta property=\"og:site_name\" content=\"Steroidi in linea\" \/>\n<meta property=\"article:modified_time\" content=\"2025-06-13T12:53:33+00:00\" \/>\n<meta property=\"og:image\" content=\"https:\/\/iberoid-shop.com\/wp-content\/uploads\/2024\/06\/sus.jpg?v=1718799298\" \/>\n\t<meta property=\"og:image:width\" content=\"594\" \/>\n\t<meta property=\"og:image:height\" content=\"627\" \/>\n\t<meta property=\"og:image:type\" content=\"image\/jpeg\" \/>\n<meta name=\"twitter:card\" content=\"summary_large_image\" \/>\n<meta name=\"twitter:label1\" content=\"Prezzo\" \/>\n\t<meta name=\"twitter:data1\" content=\"&euro;45.00\" \/>\n\t<meta name=\"twitter:label2\" content=\"Disponibilit\u00e0\" \/>\n\t<meta name=\"twitter:data2\" content=\"Esaurito\" \/>\n<script type=\"application\/ld+json\" class=\"yoast-schema-graph\">{\"@context\":\"https:\/\/schema.org\",\"@graph\":[{\"@type\":\"WebPage\",\"@id\":\"https:\/\/iberoid-shop.com\/it\/product\/sustanon\/\",\"url\":\"https:\/\/iberoid-shop.com\/it\/product\/sustanon\/\",\"name\":\"SUSTANON buy online - best price at Steroidi in linea\",\"isPartOf\":{\"@id\":\"https:\/\/iberoid-shop.com\/it\/#website\"},\"primaryImageOfPage\":{\"@id\":\"https:\/\/iberoid-shop.com\/it\/product\/sustanon\/#primaryimage\"},\"image\":{\"@id\":\"https:\/\/iberoid-shop.com\/it\/product\/sustanon\/#primaryimage\"},\"thumbnailUrl\":\"https:\/\/iberoid-shop.com\/wp-content\/uploads\/2024\/06\/sus.jpg?v=1718799298\",\"datePublished\":\"2024-06-19T12:15:25+00:00\",\"dateModified\":\"2025-06-13T12:53:33+00:00\",\"description\":\"Sustanon is a steroid drug that Euro Prime Pharmaceuticals, a Moldovan pharmaceutical company, produces. The drug comes in the form of injections and\",\"breadcrumb\":{\"@id\":\"https:\/\/iberoid-shop.com\/it\/product\/sustanon\/#breadcrumb\"},\"inLanguage\":\"it-IT\",\"potentialAction\":[{\"@type\":\"ReadAction\",\"target\":[[\"https:\/\/iberoid-shop.com\/it\/product\/sustanon\/\"]]}]},{\"@type\":\"ImageObject\",\"inLanguage\":\"it-IT\",\"@id\":\"https:\/\/iberoid-shop.com\/it\/product\/sustanon\/#primaryimage\",\"url\":\"https:\/\/iberoid-shop.com\/wp-content\/uploads\/2024\/06\/sus.jpg?v=1718799298\",\"contentUrl\":\"https:\/\/iberoid-shop.com\/wp-content\/uploads\/2024\/06\/sus.jpg?v=1718799298\",\"width\":594,\"height\":627,\"caption\":\"Sustanon , sustoged\"},{\"@type\":\"BreadcrumbList\",\"@id\":\"https:\/\/iberoid-shop.com\/it\/product\/sustanon\/#breadcrumb\",\"itemListElement\":[{\"@type\":\"ListItem\",\"position\":1,\"name\":\"Portada\",\"item\":\"https:\/\/iberoid-shop.com\/it\/\"},{\"@type\":\"ListItem\",\"position\":2,\"name\":\"Negozio\",\"item\":\"https:\/\/iberoid-shop.com\/it\/shop\/\"},{\"@type\":\"ListItem\",\"position\":3,\"name\":\"SUSTANON\"}]},{\"@type\":\"WebSite\",\"@id\":\"https:\/\/iberoid-shop.com\/it\/#website\",\"url\":\"https:\/\/iberoid-shop.com\/it\/\",\"name\":\"Steroidi in linea\",\"description\":\"Acquista steroidi online oggi in Spagna e Portogallo. Abbiamo il miglior servizio clienti del settore e prodotti di altissima qualit\u00e0\",\"potentialAction\":[{\"@type\":\"SearchAction\",\"target\":{\"@type\":\"EntryPoint\",\"urlTemplate\":\"https:\/\/iberoid-shop.com\/it\/?s={search_term_string}\"},\"query-input\":{\"@type\":\"PropertyValueSpecification\",\"valueRequired\":true,\"valueName\":\"search_term_string\"}}],\"inLanguage\":\"it-IT\"}]}<\/script>\n<meta property=\"product:brand\" content=\"Euro Prime Pharmaceuticals (EPF)\" \/>\n<meta property=\"product:price:amount\" content=\"45.00\" \/>\n<meta property=\"product:price:currency\" content=\"EUR\" \/>\n<meta property=\"og:availability\" content=\"out of stock\" \/>\n<meta property=\"product:availability\" content=\"out of stock\" \/>\n<meta property=\"product:condition\" content=\"new\" \/>\n<!-- \/ Yoast SEO Premium plugin. -->","yoast_head_json":{"title":"SUSTANON buy online - best price at Steroidi in linea","description":"Sustanon is a steroid drug that Euro Prime Pharmaceuticals, a Moldovan pharmaceutical company, produces. The drug comes in the form of injections and","robots":{"index":"index","follow":"follow","max-snippet":"max-snippet:-1","max-image-preview":"max-image-preview:large","max-video-preview":"max-video-preview:-1"},"canonical":"https:\/\/iberoid-shop.com\/it\/product\/sustanon\/","og_locale":"it_IT","og_type":"article","og_title":"SUSTANON","og_description":"Sustanon is a steroid drug that Euro Prime Pharmaceuticals, a Moldovan pharmaceutical company, produces. The drug comes in the form of injections and","og_url":"https:\/\/iberoid-shop.com\/it\/product\/sustanon\/","og_site_name":"Steroidi in linea","article_modified_time":"2025-06-13T12:53:33+00:00","og_image":[{"width":594,"height":627,"url":"https:\/\/iberoid-shop.com\/wp-content\/uploads\/2024\/06\/sus.jpg?v=1718799298","type":"image\/jpeg"}],"twitter_card":"summary_large_image","twitter_misc":{"Prezzo":"&euro;45.00","Disponibilit\u00e0":"Esaurito"},"schema":{"@context":"https:\/\/schema.org","@graph":[{"@type":"WebPage","@id":"https:\/\/iberoid-shop.com\/it\/product\/sustanon\/","url":"https:\/\/iberoid-shop.com\/it\/product\/sustanon\/","name":"SUSTANON buy online - best price at Steroidi in linea","isPartOf":{"@id":"https:\/\/iberoid-shop.com\/it\/#website"},"primaryImageOfPage":{"@id":"https:\/\/iberoid-shop.com\/it\/product\/sustanon\/#primaryimage"},"image":{"@id":"https:\/\/iberoid-shop.com\/it\/product\/sustanon\/#primaryimage"},"thumbnailUrl":"https:\/\/iberoid-shop.com\/wp-content\/uploads\/2024\/06\/sus.jpg?v=1718799298","datePublished":"2024-06-19T12:15:25+00:00","dateModified":"2025-06-13T12:53:33+00:00","description":"Sustanon is a steroid drug that Euro Prime Pharmaceuticals, a Moldovan pharmaceutical company, produces. The drug comes in the form of injections and","breadcrumb":{"@id":"https:\/\/iberoid-shop.com\/it\/product\/sustanon\/#breadcrumb"},"inLanguage":"it-IT","potentialAction":[{"@type":"ReadAction","target":[["https:\/\/iberoid-shop.com\/it\/product\/sustanon\/"]]}]},{"@type":"ImageObject","inLanguage":"it-IT","@id":"https:\/\/iberoid-shop.com\/it\/product\/sustanon\/#primaryimage","url":"https:\/\/iberoid-shop.com\/wp-content\/uploads\/2024\/06\/sus.jpg?v=1718799298","contentUrl":"https:\/\/iberoid-shop.com\/wp-content\/uploads\/2024\/06\/sus.jpg?v=1718799298","width":594,"height":627,"caption":"Sustanon , sustoged"},{"@type":"BreadcrumbList","@id":"https:\/\/iberoid-shop.com\/it\/product\/sustanon\/#breadcrumb","itemListElement":[{"@type":"ListItem","position":1,"name":"Portada","item":"https:\/\/iberoid-shop.com\/it\/"},{"@type":"ListItem","position":2,"name":"Negozio","item":"https:\/\/iberoid-shop.com\/it\/shop\/"},{"@type":"ListItem","position":3,"name":"SUSTANON"}]},{"@type":"WebSite","@id":"https:\/\/iberoid-shop.com\/it\/#website","url":"https:\/\/iberoid-shop.com\/it\/","name":"Steroidi in linea","description":"Acquista steroidi online oggi in Spagna e Portogallo. Abbiamo il miglior servizio clienti del settore e prodotti di altissima qualit\u00e0","potentialAction":[{"@type":"SearchAction","target":{"@type":"EntryPoint","urlTemplate":"https:\/\/iberoid-shop.com\/it\/?s={search_term_string}"},"query-input":{"@type":"PropertyValueSpecification","valueRequired":true,"valueName":"search_term_string"}}],"inLanguage":"it-IT"}]},"product_brand":"Euro Prime Pharmaceuticals (EPF)","product_price_amount":"45.00","product_price_currency":"EUR","og_availability":"out of stock","product_availability":"out of stock","product_condition":"new"},"_links":{"self":[{"href":"https:\/\/iberoid-shop.com\/it\/wp-json\/wp\/v2\/product\/9496","targetHints":{"allow":["GET"]}}],"collection":[{"href":"https:\/\/iberoid-shop.com\/it\/wp-json\/wp\/v2\/product"}],"about":[{"href":"https:\/\/iberoid-shop.com\/it\/wp-json\/wp\/v2\/types\/product"}],"replies":[{"embeddable":true,"href":"https:\/\/iberoid-shop.com\/it\/wp-json\/wp\/v2\/comments?post=9496"}],"wp:featuredmedia":[{"embeddable":true,"href":"https:\/\/iberoid-shop.com\/it\/wp-json\/wp\/v2\/media\/9498"}],"wp:attachment":[{"href":"https:\/\/iberoid-shop.com\/it\/wp-json\/wp\/v2\/media?parent=9496"}],"wp:term":[{"taxonomy":"product_brand","embeddable":true,"href":"https:\/\/iberoid-shop.com\/it\/wp-json\/wp\/v2\/product_brand?post=9496"},{"taxonomy":"product_cat","embeddable":true,"href":"https:\/\/iberoid-shop.com\/it\/wp-json\/wp\/v2\/product_cat?post=9496"},{"taxonomy":"product_tag","embeddable":true,"href":"https:\/\/iberoid-shop.com\/it\/wp-json\/wp\/v2\/product_tag?post=9496"}],"curies":[{"name":"wp","href":"https:\/\/api.w.org\/{rel}","templated":true}]}}