{"id":9461,"date":"2024-05-26T11:38:34","date_gmt":"2024-05-26T11:38:34","guid":{"rendered":"https:\/\/iberoid-shop.com\/?post_type=product&#038;p=9461"},"modified":"2025-05-11T13:11:21","modified_gmt":"2025-05-11T13:11:21","slug":"trenbolone-enanthate","status":"publish","type":"product","link":"https:\/\/iberoid-shop.com\/it\/product\/trenbolone-enanthate\/","title":{"rendered":"TRENBOLONE ENANTHATE"},"content":{"rendered":"<p><strong>Trenbolone Enanthate <\/strong>\u00e8 un potente farmaco farmacologico sportivo senza aromatizzazione. Il principale ingrediente attivo \u00e8 l&#8217;estere steroide trenbolone enantato. Il farmaco \u00e8 ampiamente richiesto nel campo del bodybuilding.<\/p>\n<p><strong>Descrizione di Trenbolone Enanthate<\/strong><\/p>\n<p>Trenbolone \u00e8 uno steroide di alta qualit\u00e0 con elevata attivit\u00e0 anabolica. \u00c8 simile in potenza al testosterone, ma non ha la tendenza ad aromatizzare. L&#8217;atleta non sar\u00e0 soggetto ad effetti collaterali come la conversione del testosterone in estrogeni o la ginecomastia. La sostanza inoltre non \u00e8 tossica per il fegato o i reni. Si trova sul mercato in tre forme eteree: esaidrobenzil carbonato, acetato ed enantato. La durata dell&#8217;azione dipende dal tipo di catena dell&#8217;estere, ma l&#8217;effetto di ciascuna \u00e8 simile, poich\u00e9 il trenbolone \u00e8 separato dall&#8217;estere nel corpo.<\/p>\n<p>Trenbolone enantato \u00e8 la seconda forma di estere pi\u00f9 duratura. Il periodo di azione della sostanza nel corpo dura 7-10 giorni. \u00c8 sufficiente che un atleta inietti il farmaco 1-2 volte a settimana per mantenere la sua concentrazione a un livello costantemente elevato. Le propriet\u00e0 farmacologiche dell&#8217;esaidrobenzilcarbonato sono simili al trenbolone.<\/p>\n<p>I farmaci a base di trenbolone sono molto richiesti nel settore sportivo. Sono utilizzati attivamente per il taglio e l&#8217;aumento di peso. La sostanza provoca un aumento attivo della massa muscolare, della forza, della resistenza, fornendo allo stesso tempo un&#8217;essiccazione di alta qualit\u00e0 della massa gi\u00e0 acquisita, aumentandone il sollievo e la densit\u00e0.<\/p>\n<p><strong>Effetto dell&#8217;uso<\/strong><\/p>\n<p>La chiave per un effetto di alta qualit\u00e0 senza interferenze negative \u00e8 un corso adeguatamente selezionato. Inizialmente, \u00e8 necessario sottoporsi a una consultazione e un esame con un medico. Controlla la compatibilit\u00e0 e le controindicazioni del tuo corpo. Successivamente, lo specialista seleziona un corso individuale.<\/p>\n<ul>\n<li>Aumento della forza fisica e della resistenza;<\/li>\n<li>Crescita muscolare attiva;<\/li>\n<li>Riduzione del grasso corporeo;<\/li>\n<li>Rimozione del cortisolo;<\/li>\n<li>Aumento della libido;<\/li>\n<li>Sollievo e densit\u00e0 muscolare;<\/li>\n<li>Aumento delle concentrazioni del fattore di crescita simile all\u2019insulina e dell\u2019ormone della crescita.<\/li>\n<\/ul>\n<p><strong>Effetti collaterali<\/strong><\/p>\n<p>Il farmaco tende a mostrare effetti collaterali minori in caso di sovradosaggio. In questo caso si consiglia di ridurre la dose o di interromperne l&#8217;assunzione.<\/p>\n<ul>\n<li>Calvizie;<\/li>\n<li>Crescita dei capelli di tipo maschile;<\/li>\n<li>Acne;<\/li>\n<li>Pelle grassa;<\/li>\n<li>Problemi di sonno;<\/li>\n<li>Aumento della pressione sanguigna;<\/li>\n<li>Aggressione.<\/li>\n<\/ul>\n<p><strong>Applicazione<\/strong><\/p>\n<p>La durata del corso \u00e8 di minimo 4 settimane. Se il corso dura pi\u00f9 di 6 settimane, \u00e8 accompagnato dall&#8217;assunzione di gonadotropina. Il dosaggio ottimale del farmaco \u00e8 di 200-300 mg a settimana. \u00c8 obbligatorio sottoporsi a PCT dopo aver terminato il ciclo di steroidi.<\/p>","protected":false},"excerpt":{"rendered":"<p>Trenbolone Enanthate \u00e8 un potente farmaco farmacologico sportivo senza aromatizzazione. Il principale ingrediente attivo \u00e8 l&#8217;estere steroide trenbolone enantato. Il<\/p>\n","protected":false},"featured_media":9463,"comment_status":"open","ping_status":"closed","template":"","meta":[],"product_brand":[],"product_cat":[69],"product_tag":[],"class_list":{"0":"post-9461","1":"product","2":"type-product","3":"status-publish","4":"has-post-thumbnail","6":"product_cat-esteroides_inyectables","8":"first","9":"outofstock","10":"shipping-taxable","11":"purchasable","12":"product-type-simple"},"yoast_head":"<!-- This site is optimized with the Yoast SEO Premium plugin v24.4 (Yoast SEO v27.0) - https:\/\/yoast.com\/product\/yoast-seo-premium-wordpress\/ -->\n<title>TRENBOLONE ENANTHATE - Steroidi in linea<\/title>\n<meta name=\"description\" content=\"Trenbolone Enanthate is a powerful sports pharmacological drug without aromatization. The main active ingredient is the ester steroid trenbolone enanthate.\" \/>\n<meta name=\"robots\" content=\"index, follow, max-snippet:-1, max-image-preview:large, max-video-preview:-1\" \/>\n<link rel=\"canonical\" href=\"https:\/\/iberoid-shop.com\/it\/product\/trenbolone-enanthate\/\" \/>\n<meta property=\"og:locale\" content=\"it_IT\" \/>\n<meta property=\"og:type\" content=\"article\" \/>\n<meta property=\"og:title\" content=\"TRENBOLONE ENANTHATE\" \/>\n<meta property=\"og:description\" content=\"Trenbolone Enanthate is a powerful sports pharmacological drug without aromatization. The main active ingredient is the ester steroid trenbolone enanthate.\" \/>\n<meta property=\"og:url\" content=\"https:\/\/iberoid-shop.com\/it\/product\/trenbolone-enanthate\/\" \/>\n<meta property=\"og:site_name\" content=\"Steroidi in linea\" \/>\n<meta property=\"article:modified_time\" content=\"2025-05-11T13:11:21+00:00\" \/>\n<meta property=\"og:image\" content=\"https:\/\/iberoid-shop.com\/wp-content\/uploads\/2024\/05\/TE-scaled.jpg?v=1716723478\" \/>\n\t<meta property=\"og:image:width\" content=\"1948\" \/>\n\t<meta property=\"og:image:height\" content=\"2560\" \/>\n\t<meta property=\"og:image:type\" content=\"image\/jpeg\" \/>\n<meta name=\"twitter:card\" content=\"summary_large_image\" \/>\n<meta name=\"twitter:label1\" content=\"Prezzo\" \/>\n\t<meta name=\"twitter:data1\" content=\"&euro;55.00\" \/>\n\t<meta name=\"twitter:label2\" content=\"Disponibilit\u00e0\" \/>\n\t<meta name=\"twitter:data2\" content=\"Esaurito\" \/>\n<script type=\"application\/ld+json\" class=\"yoast-schema-graph\">{\"@context\":\"https:\/\/schema.org\",\"@graph\":[{\"@type\":\"WebPage\",\"@id\":\"https:\/\/iberoid-shop.com\/it\/product\/trenbolone-enanthate\/\",\"url\":\"https:\/\/iberoid-shop.com\/it\/product\/trenbolone-enanthate\/\",\"name\":\"TRENBOLONE ENANTHATE - Steroidi in linea\",\"isPartOf\":{\"@id\":\"https:\/\/iberoid-shop.com\/it\/#website\"},\"primaryImageOfPage\":{\"@id\":\"https:\/\/iberoid-shop.com\/it\/product\/trenbolone-enanthate\/#primaryimage\"},\"image\":{\"@id\":\"https:\/\/iberoid-shop.com\/it\/product\/trenbolone-enanthate\/#primaryimage\"},\"thumbnailUrl\":\"https:\/\/iberoid-shop.com\/wp-content\/uploads\/2024\/05\/TE-scaled.jpg?v=1716723478\",\"datePublished\":\"2024-05-26T11:38:34+00:00\",\"dateModified\":\"2025-05-11T13:11:21+00:00\",\"description\":\"Trenbolone Enanthate is a powerful sports pharmacological drug without aromatization. The main active ingredient is the ester steroid trenbolone enanthate.\",\"breadcrumb\":{\"@id\":\"https:\/\/iberoid-shop.com\/it\/product\/trenbolone-enanthate\/#breadcrumb\"},\"inLanguage\":\"it-IT\",\"potentialAction\":[{\"@type\":\"ReadAction\",\"target\":[[\"https:\/\/iberoid-shop.com\/it\/product\/trenbolone-enanthate\/\"]]}]},{\"@type\":\"ImageObject\",\"inLanguage\":\"it-IT\",\"@id\":\"https:\/\/iberoid-shop.com\/it\/product\/trenbolone-enanthate\/#primaryimage\",\"url\":\"https:\/\/iberoid-shop.com\/wp-content\/uploads\/2024\/05\/TE-scaled.jpg?v=1716723478\",\"contentUrl\":\"https:\/\/iberoid-shop.com\/wp-content\/uploads\/2024\/05\/TE-scaled.jpg?v=1716723478\",\"width\":1948,\"height\":2560,\"caption\":\"TRENBOLONE ENANTHATE\"},{\"@type\":\"BreadcrumbList\",\"@id\":\"https:\/\/iberoid-shop.com\/it\/product\/trenbolone-enanthate\/#breadcrumb\",\"itemListElement\":[{\"@type\":\"ListItem\",\"position\":1,\"name\":\"Portada\",\"item\":\"https:\/\/iberoid-shop.com\/it\/\"},{\"@type\":\"ListItem\",\"position\":2,\"name\":\"Negozio\",\"item\":\"https:\/\/iberoid-shop.com\/it\/shop\/\"},{\"@type\":\"ListItem\",\"position\":3,\"name\":\"TRENBOLONE ENANTHATE\"}]},{\"@type\":\"WebSite\",\"@id\":\"https:\/\/iberoid-shop.com\/it\/#website\",\"url\":\"https:\/\/iberoid-shop.com\/it\/\",\"name\":\"Steroidi in linea\",\"description\":\"Acquista steroidi online oggi in Spagna e Portogallo. Abbiamo il miglior servizio clienti del settore e prodotti di altissima qualit\u00e0\",\"potentialAction\":[{\"@type\":\"SearchAction\",\"target\":{\"@type\":\"EntryPoint\",\"urlTemplate\":\"https:\/\/iberoid-shop.com\/it\/?s={search_term_string}\"},\"query-input\":{\"@type\":\"PropertyValueSpecification\",\"valueRequired\":true,\"valueName\":\"search_term_string\"}}],\"inLanguage\":\"it-IT\"}]}<\/script>\n<meta property=\"product:brand\" content=\"Vitality Meds\" \/>\n<meta property=\"product:price:amount\" content=\"55.00\" \/>\n<meta property=\"product:price:currency\" content=\"EUR\" \/>\n<meta property=\"og:availability\" content=\"out of stock\" \/>\n<meta property=\"product:availability\" content=\"out of stock\" \/>\n<meta property=\"product:condition\" content=\"new\" \/>\n<!-- \/ Yoast SEO Premium plugin. -->","yoast_head_json":{"title":"TRENBOLONE ENANTHATE - Steroidi in linea","description":"Trenbolone Enanthate is a powerful sports pharmacological drug without aromatization. The main active ingredient is the ester steroid trenbolone enanthate.","robots":{"index":"index","follow":"follow","max-snippet":"max-snippet:-1","max-image-preview":"max-image-preview:large","max-video-preview":"max-video-preview:-1"},"canonical":"https:\/\/iberoid-shop.com\/it\/product\/trenbolone-enanthate\/","og_locale":"it_IT","og_type":"article","og_title":"TRENBOLONE ENANTHATE","og_description":"Trenbolone Enanthate is a powerful sports pharmacological drug without aromatization. The main active ingredient is the ester steroid trenbolone enanthate.","og_url":"https:\/\/iberoid-shop.com\/it\/product\/trenbolone-enanthate\/","og_site_name":"Steroidi in linea","article_modified_time":"2025-05-11T13:11:21+00:00","og_image":[{"width":1948,"height":2560,"url":"https:\/\/iberoid-shop.com\/wp-content\/uploads\/2024\/05\/TE-scaled.jpg?v=1716723478","type":"image\/jpeg"}],"twitter_card":"summary_large_image","twitter_misc":{"Prezzo":"&euro;55.00","Disponibilit\u00e0":"Esaurito"},"schema":{"@context":"https:\/\/schema.org","@graph":[{"@type":"WebPage","@id":"https:\/\/iberoid-shop.com\/it\/product\/trenbolone-enanthate\/","url":"https:\/\/iberoid-shop.com\/it\/product\/trenbolone-enanthate\/","name":"TRENBOLONE ENANTHATE - Steroidi in linea","isPartOf":{"@id":"https:\/\/iberoid-shop.com\/it\/#website"},"primaryImageOfPage":{"@id":"https:\/\/iberoid-shop.com\/it\/product\/trenbolone-enanthate\/#primaryimage"},"image":{"@id":"https:\/\/iberoid-shop.com\/it\/product\/trenbolone-enanthate\/#primaryimage"},"thumbnailUrl":"https:\/\/iberoid-shop.com\/wp-content\/uploads\/2024\/05\/TE-scaled.jpg?v=1716723478","datePublished":"2024-05-26T11:38:34+00:00","dateModified":"2025-05-11T13:11:21+00:00","description":"Trenbolone Enanthate is a powerful sports pharmacological drug without aromatization. The main active ingredient is the ester steroid trenbolone enanthate.","breadcrumb":{"@id":"https:\/\/iberoid-shop.com\/it\/product\/trenbolone-enanthate\/#breadcrumb"},"inLanguage":"it-IT","potentialAction":[{"@type":"ReadAction","target":[["https:\/\/iberoid-shop.com\/it\/product\/trenbolone-enanthate\/"]]}]},{"@type":"ImageObject","inLanguage":"it-IT","@id":"https:\/\/iberoid-shop.com\/it\/product\/trenbolone-enanthate\/#primaryimage","url":"https:\/\/iberoid-shop.com\/wp-content\/uploads\/2024\/05\/TE-scaled.jpg?v=1716723478","contentUrl":"https:\/\/iberoid-shop.com\/wp-content\/uploads\/2024\/05\/TE-scaled.jpg?v=1716723478","width":1948,"height":2560,"caption":"TRENBOLONE ENANTHATE"},{"@type":"BreadcrumbList","@id":"https:\/\/iberoid-shop.com\/it\/product\/trenbolone-enanthate\/#breadcrumb","itemListElement":[{"@type":"ListItem","position":1,"name":"Portada","item":"https:\/\/iberoid-shop.com\/it\/"},{"@type":"ListItem","position":2,"name":"Negozio","item":"https:\/\/iberoid-shop.com\/it\/shop\/"},{"@type":"ListItem","position":3,"name":"TRENBOLONE ENANTHATE"}]},{"@type":"WebSite","@id":"https:\/\/iberoid-shop.com\/it\/#website","url":"https:\/\/iberoid-shop.com\/it\/","name":"Steroidi in linea","description":"Acquista steroidi online oggi in Spagna e Portogallo. Abbiamo il miglior servizio clienti del settore e prodotti di altissima qualit\u00e0","potentialAction":[{"@type":"SearchAction","target":{"@type":"EntryPoint","urlTemplate":"https:\/\/iberoid-shop.com\/it\/?s={search_term_string}"},"query-input":{"@type":"PropertyValueSpecification","valueRequired":true,"valueName":"search_term_string"}}],"inLanguage":"it-IT"}]},"product_brand":"Vitality Meds","product_price_amount":"55.00","product_price_currency":"EUR","og_availability":"out of stock","product_availability":"out of stock","product_condition":"new"},"_links":{"self":[{"href":"https:\/\/iberoid-shop.com\/it\/wp-json\/wp\/v2\/product\/9461","targetHints":{"allow":["GET"]}}],"collection":[{"href":"https:\/\/iberoid-shop.com\/it\/wp-json\/wp\/v2\/product"}],"about":[{"href":"https:\/\/iberoid-shop.com\/it\/wp-json\/wp\/v2\/types\/product"}],"replies":[{"embeddable":true,"href":"https:\/\/iberoid-shop.com\/it\/wp-json\/wp\/v2\/comments?post=9461"}],"wp:featuredmedia":[{"embeddable":true,"href":"https:\/\/iberoid-shop.com\/it\/wp-json\/wp\/v2\/media\/9463"}],"wp:attachment":[{"href":"https:\/\/iberoid-shop.com\/it\/wp-json\/wp\/v2\/media?parent=9461"}],"wp:term":[{"taxonomy":"product_brand","embeddable":true,"href":"https:\/\/iberoid-shop.com\/it\/wp-json\/wp\/v2\/product_brand?post=9461"},{"taxonomy":"product_cat","embeddable":true,"href":"https:\/\/iberoid-shop.com\/it\/wp-json\/wp\/v2\/product_cat?post=9461"},{"taxonomy":"product_tag","embeddable":true,"href":"https:\/\/iberoid-shop.com\/it\/wp-json\/wp\/v2\/product_tag?post=9461"}],"curies":[{"name":"wp","href":"https:\/\/api.w.org\/{rel}","templated":true}]}}