{"id":9458,"date":"2024-05-26T11:34:28","date_gmt":"2024-05-26T11:34:28","guid":{"rendered":"https:\/\/iberoid-shop.com\/?post_type=product&#038;p=9458"},"modified":"2026-03-22T12:07:24","modified_gmt":"2026-03-22T12:07:24","slug":"tri-trenbolone","status":"publish","type":"product","link":"https:\/\/iberoid-shop.com\/it\/product\/tri-trenbolone\/","title":{"rendered":"TRI-TRENBOLONE"},"content":{"rendered":"<p><strong>TRI-TRENBOLONE\/200MG-ml<\/strong> contiene acetato di trenbolone, trenbolone enantato, trenbolone esaidrobenzilcarbonato ;<\/p>\n<p><strong>Via di somministrazione<\/strong><\/p>\n<p>Solo per uso intramuscolare;<\/p>\n<p><strong>Indicazione:<\/strong><\/p>\n<p>I veterinari usano il TRI-TRENBOLONE sul bestiame per aumentare la crescita muscolare e l&#8217;appetito. Questo steroide non solo provoca una sostanziale crescita muscolare, ma aumenta anche la durezza, la densit\u00e0, la vascolarizzazione e la secchezza. \u00c8 ben noto come uno dei migliori potenziatori di forza disponibili.<\/p>\n<p><strong>Controindicazioni:<\/strong><\/p>\n<ul>\n<li>Non somministrare a bovini di et\u00e0 inferiore a 6 settimane<\/li>\n<li>Non utilizzare in manze che stanno producendo o potrebbero in futuro produrre latte o prodotti lattiero-caseari per il consumo umano<\/li>\n<li>Non somministrare a bovini accreditati HGP Free<\/li>\n<\/ul>\n<p><strong>Somministrazione di TRI-TRENBOLONE:<\/strong><\/p>\n<p>La dose ottimale di Trenbolone Enanthate \u00e8 300-600 mg a settimana. Adeguare il dosaggio in base alla prescrizione del medico. Il trattamento dipende da fattori quali l\u2019attivit\u00e0 fisica, l\u2019et\u00e0 e la gravit\u00e0 della condizione. Non utilizzare Trenbolone per pi\u00f9 di 10 settimane.<\/p>\n<p><strong>Azione medica:<\/strong><\/p>\n<p><strong>TRI-TRENBOLONE <\/strong>\u00e8 una combinazione di tre esteri di trenbolone: acetato di trenabolone , trenbolone enantato e trenbolone esaidrobenzilcarbonato . La presenza dell&#8217;estere acetato consente a Tri-Tren di visualizzare una rapida risposta fisiologica iniziale. Gli altri due esteri, che vengono rilasciati a velocit\u00e0 pi\u00f9 lente, prolungano la risposta fisiologica con una curva di assorbimento relativamente piatta per tutta la durata del ciclo di vita dell&#8217;iniezione.<\/p>\n<p>Il TRI-TRENBOLONE promuove notevolmente la sintesi proteica e crea un bilancio azotato positivo. Stimola l&#8217;appetito e migliora la conversione proteica. Test di laboratorio hanno dimostrato che l&#8217;acetato di trenbolone aumenta la sintesi proteica e riduce la deposizione di grasso. Promuove efficacemente dimensioni e forza se combinato con proteine e calorie adeguate, supporta i processi di costruzione dei tessuti corporei e pu\u00f2 invertire il catabolismo.<\/p>\n<p><strong>Precauzioni:<\/strong><\/p>\n<p>Trenbolone Enanthate non deve essere utilizzato se:<\/p>\n<p>Sei allergico a qualsiasi ingrediente di Trenbolone<\/p>\n<p>Se sei incinta, stai pianificando una gravidanza o stai allattando<\/p>\n<p>Hai un cancro al seno e sei maschio; cancro alla prostata noto o sospetto; o gravi problemi cardiaci, epatici o renali<\/p>\n<p>Contatta immediatamente il tuo medico o operatore sanitario se uno di questi casi ti riguarda.<\/p>\n<p><strong>Effetti collaterali:<\/strong><\/p>\n<p>Tri-Tren influisce sui livelli di testosterone, quindi l&#8217;uso di farmaci stimolanti come Clomid e HCG \u00e8 altamente consigliato alla fine della terapia con trenbolone. Questi prodotti aiutano a prevenire i disturbi ormonali; per esempio, i testicoli potrebbero non rispondere normalmente alla ripresa della produzione di gonadotropine se sono in uno stato atrofizzato.<\/p>\n<p>Gli effetti collaterali comuni di Tri-Tren sono pelle grassa, comportamento aggressivo, perdita di capelli e ritenzione idrica elevata . Molti pazienti hanno riferito che l&#8217;acne tende a comparire sulla parte inferiore del braccio, sulla parte superiore del braccio, sulla spalla, sul petto, sulla schiena e anche sul viso durante le prime fasi della terapia con questo farmaco.<\/p>","protected":false},"excerpt":{"rendered":"<p>TRI-TRENBOLONE\/200MG-ml contiene acetato di trenbolone, trenbolone enantato, trenbolone esaidrobenzilcarbonato ; Via di somministrazione Solo per uso intramuscolare; Indicazione: I veterinari<\/p>\n","protected":false},"featured_media":9460,"comment_status":"open","ping_status":"closed","template":"","meta":[],"product_brand":[],"product_cat":[69],"product_tag":[],"class_list":{"0":"post-9458","1":"product","2":"type-product","3":"status-publish","4":"has-post-thumbnail","6":"product_cat-esteroides_inyectables","8":"first","9":"outofstock","10":"sale","11":"shipping-taxable","12":"purchasable","13":"product-type-simple"},"yoast_head":"<!-- This site is optimized with the Yoast SEO Premium plugin v24.4 (Yoast SEO v27.3) - https:\/\/yoast.com\/product\/yoast-seo-premium-wordpress\/ -->\n<title>TRI-TRENBOLONE - Steroidi in linea<\/title>\n<meta name=\"description\" content=\"TRI-TRENBOLONE is a combination of three esters of Trenbolone: Trenabolone Acetate, Trenbolone Enanthate and Trenbolone Hexahydrobenzylcarbonate.\" \/>\n<meta name=\"robots\" content=\"index, follow, max-snippet:-1, max-image-preview:large, max-video-preview:-1\" \/>\n<link rel=\"canonical\" href=\"https:\/\/iberoid-shop.com\/it\/product\/tri-trenbolone\/\" \/>\n<meta property=\"og:locale\" content=\"it_IT\" \/>\n<meta property=\"og:type\" content=\"article\" \/>\n<meta property=\"og:title\" content=\"TRI-TRENBOLONE\" \/>\n<meta property=\"og:description\" content=\"TRI-TRENBOLONE is a combination of three esters of Trenbolone: Trenabolone Acetate, Trenbolone Enanthate and Trenbolone Hexahydrobenzylcarbonate.\" \/>\n<meta property=\"og:url\" content=\"https:\/\/iberoid-shop.com\/it\/product\/tri-trenbolone\/\" \/>\n<meta property=\"og:site_name\" content=\"Steroidi in linea\" \/>\n<meta property=\"article:modified_time\" content=\"2026-03-22T12:07:24+00:00\" \/>\n<meta property=\"og:image\" content=\"https:\/\/iberoid-shop.com\/wp-content\/uploads\/2024\/05\/TT-scaled.jpg?v=1716723230\" \/>\n\t<meta property=\"og:image:width\" content=\"1547\" \/>\n\t<meta property=\"og:image:height\" content=\"2560\" \/>\n\t<meta property=\"og:image:type\" content=\"image\/jpeg\" \/>\n<meta name=\"twitter:card\" content=\"summary_large_image\" \/>\n<meta name=\"twitter:label1\" content=\"Prezzo\" \/>\n\t<meta name=\"twitter:data1\" content=\"&euro;50.00\" \/>\n\t<meta name=\"twitter:label2\" content=\"Disponibilit\u00e0\" \/>\n\t<meta name=\"twitter:data2\" content=\"Esaurito\" \/>\n<script type=\"application\/ld+json\" class=\"yoast-schema-graph\">{\"@context\":\"https:\\\/\\\/schema.org\",\"@graph\":[{\"@type\":\"WebPage\",\"@id\":\"https:\\\/\\\/iberoid-shop.com\\\/it\\\/product\\\/tri-trenbolone\\\/\",\"url\":\"https:\\\/\\\/iberoid-shop.com\\\/it\\\/product\\\/tri-trenbolone\\\/\",\"name\":\"TRI-TRENBOLONE - Steroidi in linea\",\"isPartOf\":{\"@id\":\"https:\\\/\\\/iberoid.com\\\/#website\"},\"primaryImageOfPage\":{\"@id\":\"https:\\\/\\\/iberoid-shop.com\\\/it\\\/product\\\/tri-trenbolone\\\/#primaryimage\"},\"image\":{\"@id\":\"https:\\\/\\\/iberoid-shop.com\\\/it\\\/product\\\/tri-trenbolone\\\/#primaryimage\"},\"thumbnailUrl\":\"https:\\\/\\\/iberoid-shop.com\\\/wp-content\\\/uploads\\\/2024\\\/05\\\/TT-scaled.jpg?v=1716723230\",\"datePublished\":\"2024-05-26T11:34:28+00:00\",\"dateModified\":\"2026-03-22T12:07:24+00:00\",\"description\":\"TRI-TRENBOLONE is a combination of three esters of Trenbolone: Trenabolone Acetate, Trenbolone Enanthate and Trenbolone Hexahydrobenzylcarbonate.\",\"breadcrumb\":{\"@id\":\"https:\\\/\\\/iberoid-shop.com\\\/it\\\/product\\\/tri-trenbolone\\\/#breadcrumb\"},\"inLanguage\":\"it-IT\",\"potentialAction\":[{\"@type\":\"ReadAction\",\"target\":[[\"https:\\\/\\\/iberoid-shop.com\\\/it\\\/product\\\/tri-trenbolone\\\/\"]]}]},{\"@type\":\"ImageObject\",\"inLanguage\":\"it-IT\",\"@id\":\"https:\\\/\\\/iberoid-shop.com\\\/it\\\/product\\\/tri-trenbolone\\\/#primaryimage\",\"url\":\"https:\\\/\\\/iberoid-shop.com\\\/wp-content\\\/uploads\\\/2024\\\/05\\\/TT-scaled.jpg?v=1716723230\",\"contentUrl\":\"https:\\\/\\\/iberoid-shop.com\\\/wp-content\\\/uploads\\\/2024\\\/05\\\/TT-scaled.jpg?v=1716723230\",\"width\":1547,\"height\":2560,\"caption\":\"TRI-TRENBOLONE\"},{\"@type\":\"BreadcrumbList\",\"@id\":\"https:\\\/\\\/iberoid-shop.com\\\/it\\\/product\\\/tri-trenbolone\\\/#breadcrumb\",\"itemListElement\":[{\"@type\":\"ListItem\",\"position\":1,\"name\":\"Portada\",\"item\":\"https:\\\/\\\/iberoid.com\\\/\"},{\"@type\":\"ListItem\",\"position\":2,\"name\":\"Negozio\",\"item\":\"https:\\\/\\\/iberoid-shop.com\\\/it\\\/shop\\\/\"},{\"@type\":\"ListItem\",\"position\":3,\"name\":\"TRI-TRENBOLONE\"}]},{\"@type\":\"WebSite\",\"@id\":\"https:\\\/\\\/iberoid.com\\\/#website\",\"url\":\"https:\\\/\\\/iberoid.com\\\/\",\"name\":\"Steroidi in linea\",\"description\":\"Acquista steroidi online oggi in Spagna e Portogallo. Abbiamo il miglior servizio clienti del settore e prodotti di altissima qualit\u00e0\",\"potentialAction\":[{\"@type\":\"SearchAction\",\"target\":{\"@type\":\"EntryPoint\",\"urlTemplate\":\"https:\\\/\\\/iberoid.com\\\/?s={search_term_string}\"},\"query-input\":{\"@type\":\"PropertyValueSpecification\",\"valueRequired\":true,\"valueName\":\"search_term_string\"}}],\"inLanguage\":\"it-IT\"}]}<\/script>\n<meta property=\"product:brand\" content=\"Vitality Meds\" \/>\n<meta property=\"product:price:amount\" content=\"50.00\" \/>\n<meta property=\"product:price:currency\" content=\"EUR\" \/>\n<meta property=\"og:availability\" content=\"out of stock\" \/>\n<meta property=\"product:availability\" content=\"out of stock\" \/>\n<meta property=\"product:condition\" content=\"new\" \/>\n<!-- \/ Yoast SEO Premium plugin. -->","yoast_head_json":{"title":"TRI-TRENBOLONE - Steroidi in linea","description":"TRI-TRENBOLONE is a combination of three esters of Trenbolone: Trenabolone Acetate, Trenbolone Enanthate and Trenbolone Hexahydrobenzylcarbonate.","robots":{"index":"index","follow":"follow","max-snippet":"max-snippet:-1","max-image-preview":"max-image-preview:large","max-video-preview":"max-video-preview:-1"},"canonical":"https:\/\/iberoid-shop.com\/it\/product\/tri-trenbolone\/","og_locale":"it_IT","og_type":"article","og_title":"TRI-TRENBOLONE","og_description":"TRI-TRENBOLONE is a combination of three esters of Trenbolone: Trenabolone Acetate, Trenbolone Enanthate and Trenbolone Hexahydrobenzylcarbonate.","og_url":"https:\/\/iberoid-shop.com\/it\/product\/tri-trenbolone\/","og_site_name":"Steroidi in linea","article_modified_time":"2026-03-22T12:07:24+00:00","og_image":[{"width":1547,"height":2560,"url":"https:\/\/iberoid-shop.com\/wp-content\/uploads\/2024\/05\/TT-scaled.jpg?v=1716723230","type":"image\/jpeg"}],"twitter_card":"summary_large_image","twitter_misc":{"Prezzo":"&euro;50.00","Disponibilit\u00e0":"Esaurito"},"schema":{"@context":"https:\/\/schema.org","@graph":[{"@type":"WebPage","@id":"https:\/\/iberoid-shop.com\/it\/product\/tri-trenbolone\/","url":"https:\/\/iberoid-shop.com\/it\/product\/tri-trenbolone\/","name":"TRI-TRENBOLONE - Steroidi in linea","isPartOf":{"@id":"https:\/\/iberoid.com\/#website"},"primaryImageOfPage":{"@id":"https:\/\/iberoid-shop.com\/it\/product\/tri-trenbolone\/#primaryimage"},"image":{"@id":"https:\/\/iberoid-shop.com\/it\/product\/tri-trenbolone\/#primaryimage"},"thumbnailUrl":"https:\/\/iberoid-shop.com\/wp-content\/uploads\/2024\/05\/TT-scaled.jpg?v=1716723230","datePublished":"2024-05-26T11:34:28+00:00","dateModified":"2026-03-22T12:07:24+00:00","description":"TRI-TRENBOLONE is a combination of three esters of Trenbolone: Trenabolone Acetate, Trenbolone Enanthate and Trenbolone Hexahydrobenzylcarbonate.","breadcrumb":{"@id":"https:\/\/iberoid-shop.com\/it\/product\/tri-trenbolone\/#breadcrumb"},"inLanguage":"it-IT","potentialAction":[{"@type":"ReadAction","target":[["https:\/\/iberoid-shop.com\/it\/product\/tri-trenbolone\/"]]}]},{"@type":"ImageObject","inLanguage":"it-IT","@id":"https:\/\/iberoid-shop.com\/it\/product\/tri-trenbolone\/#primaryimage","url":"https:\/\/iberoid-shop.com\/wp-content\/uploads\/2024\/05\/TT-scaled.jpg?v=1716723230","contentUrl":"https:\/\/iberoid-shop.com\/wp-content\/uploads\/2024\/05\/TT-scaled.jpg?v=1716723230","width":1547,"height":2560,"caption":"TRI-TRENBOLONE"},{"@type":"BreadcrumbList","@id":"https:\/\/iberoid-shop.com\/it\/product\/tri-trenbolone\/#breadcrumb","itemListElement":[{"@type":"ListItem","position":1,"name":"Portada","item":"https:\/\/iberoid.com\/"},{"@type":"ListItem","position":2,"name":"Negozio","item":"https:\/\/iberoid-shop.com\/it\/shop\/"},{"@type":"ListItem","position":3,"name":"TRI-TRENBOLONE"}]},{"@type":"WebSite","@id":"https:\/\/iberoid.com\/#website","url":"https:\/\/iberoid.com\/","name":"Steroidi in linea","description":"Acquista steroidi online oggi in Spagna e Portogallo. Abbiamo il miglior servizio clienti del settore e prodotti di altissima qualit\u00e0","potentialAction":[{"@type":"SearchAction","target":{"@type":"EntryPoint","urlTemplate":"https:\/\/iberoid.com\/?s={search_term_string}"},"query-input":{"@type":"PropertyValueSpecification","valueRequired":true,"valueName":"search_term_string"}}],"inLanguage":"it-IT"}]},"product_brand":"Vitality Meds","product_price_amount":"50.00","product_price_currency":"EUR","og_availability":"out of stock","product_availability":"out of stock","product_condition":"new"},"_links":{"self":[{"href":"https:\/\/iberoid-shop.com\/it\/wp-json\/wp\/v2\/product\/9458","targetHints":{"allow":["GET"]}}],"collection":[{"href":"https:\/\/iberoid-shop.com\/it\/wp-json\/wp\/v2\/product"}],"about":[{"href":"https:\/\/iberoid-shop.com\/it\/wp-json\/wp\/v2\/types\/product"}],"replies":[{"embeddable":true,"href":"https:\/\/iberoid-shop.com\/it\/wp-json\/wp\/v2\/comments?post=9458"}],"wp:featuredmedia":[{"embeddable":true,"href":"https:\/\/iberoid-shop.com\/it\/wp-json\/wp\/v2\/media\/9460"}],"wp:attachment":[{"href":"https:\/\/iberoid-shop.com\/it\/wp-json\/wp\/v2\/media?parent=9458"}],"wp:term":[{"taxonomy":"product_brand","embeddable":true,"href":"https:\/\/iberoid-shop.com\/it\/wp-json\/wp\/v2\/product_brand?post=9458"},{"taxonomy":"product_cat","embeddable":true,"href":"https:\/\/iberoid-shop.com\/it\/wp-json\/wp\/v2\/product_cat?post=9458"},{"taxonomy":"product_tag","embeddable":true,"href":"https:\/\/iberoid-shop.com\/it\/wp-json\/wp\/v2\/product_tag?post=9458"}],"curies":[{"name":"wp","href":"https:\/\/api.w.org\/{rel}","templated":true}]}}