{"id":9299,"date":"2024-03-24T18:49:40","date_gmt":"2024-03-24T18:49:40","guid":{"rendered":"https:\/\/iberoid-shop.com\/?post_type=product&#038;p=9299"},"modified":"2026-03-29T16:25:08","modified_gmt":"2026-03-29T16:25:08","slug":"provitech-25-mesterolone","status":"publish","type":"product","link":"https:\/\/iberoid-shop.com\/it\/product\/provitech-25-mesterolone\/","title":{"rendered":"PROVITECH 25 ( Mesterolone )"},"content":{"rendered":"<p>PROVITECH \/ PROVIRON \/ 25 MG \/ 100 compresse \/ BIOTECH<\/p>\n<p>Il Mesterolone \u00e8 un farmaco utilizzato per sostituire il testosterone negli uomini affetti da ipogonadismo. L\u2019ipogonadismo \u00e8 uno stato in cui il corpo non produce testosterone. Il testosterone \u00e8 un ormone responsabile delle caratteristiche sessuali maschili. Non prenda questo medicinale se ti \u00e8 stato diagnosticato un cancro alla prostata.<\/p>\n<p>PROVITECH 25 contiene Mesterolone che appartiene al gruppo di medicinali chiamati Androgeni. \u00c8 usato solo per trattare i disturbi dell&#8217;erezione sessuale, l&#8217;infertilit\u00e0 maschile e l&#8217;ipogonadismo maschile. L\u2019ipogonadismo maschile \u00e8 una condizione in cui il corpo non produce abbastanza testosterone. Il testosterone \u00e8 essenziale per lo sviluppo e il mantenimento degli organi riproduttivi maschili e per altre caratteristiche maschili come la crescita dei capelli, la voce profonda, il desiderio sessuale, la massa muscolare e la distribuzione del grasso corporeo. \u00c8 destinato all&#8217;uso solo nei pazienti di sesso maschile.<\/p>\n<p>PROVITECH 25 ( Mesterolone ) non \u00e8 raccomandato per l&#8217;uso in pazienti con cancro alla prostata, cancro al seno maschile, alti livelli di calcio nel sangue o porfiria. PROVITECH 25 deve essere usato con cautela in pazienti con malattie renali o cardiache, malattie della prostata, diabete, emicrania, convulsioni o disturbi convulsivi, globuli rossi anomali o disturbi del sangue, apnea notturna , ecc. Consultare il proprio medico prima di prendere questo medicinale.<\/p>\n<p>Prima del trattamento con PROVITECH 25 ( Mesterolone ), il medico pu\u00f2 esaminare la tua prostata e potrebbe consigliarti di sottoporsi a test pertinenti per comprendere la tua condizione. GBNKEYWORD] non \u00e8 raccomandato per l&#8217;uso nei bambini e deve essere usato con cautela nei pazienti anziani di et\u00e0 pari o superiore a 65 anni. Consultare il proprio medico prima di prendere PROVITECH 25 ( Mesterolone ). Gli effetti collaterali pi\u00f9 comuni dell&#8217;assunzione di PROVITECH 25 sono mal di testa, ritenzione di liquidi, ingrossamento del seno, aumento del desiderio sessuale, acne, crescita eccessiva di peli, pubert\u00e0 prematura e crescita stentata. Consulta il tuo medico se uno qualsiasi dei sintomi peggiora.<\/p>\n<p><strong>USI DI PROVITECH 25 ( Mesterolone )<\/strong><\/p>\n<p>Utilizzato per trattare:<\/p>\n<ul>\n<li>Disturbi della potenza<\/li>\n<li>Infertilit\u00e0 maschile<\/li>\n<li>Ipogonadismo maschile<\/li>\n<\/ul>\n<p><strong>COME FUNZIONA PROVITECH 25 ( Mesterolone ).<\/strong><\/p>\n<p>PROVITECH 25 funziona in modo simile all&#8217;ormone sessuale maschile chiamato testosterone. Questo medicinale integra l&#8217;ormone maschile prodotto dall&#8217;organismo. Di conseguenza, aiuta a trattare le condizioni associate a bassi livelli di testosterone nel corpo.<\/p>\n<p><strong>ISTRUZIONI PER L&#8217;USO<\/strong><\/p>\n<p>Prendi PROVITECH 25 ( Mesterolone ) come consigliato dal tuo medico. Deglutisca il medicinale con un bicchiere d&#8217;acqua. Non frantumare o masticare il medicinale. Il medico decider\u00e0 la dose corretta, la durata del trattamento e la frequenza per te in base all&#8217;et\u00e0, al peso corporeo e alle condizioni della malattia. Non interrompere l&#8217;assunzione di PROVITECH 25 senza contattare il medico.<\/p>\n<p><strong>EFFETTI COLLATERALI<\/strong><\/p>\n<p><strong>COMUNE<\/strong><\/p>\n<ul>\n<li>Mal di testa<\/li>\n<li>Ritenzione idrica<\/li>\n<li>Ingrandimento del seno<\/li>\n<li>Aumento del desiderio sessuale<\/li>\n<li>Disturbi psichiatrici come aggressivit\u00e0, aumento o diminuzione dei livelli di energia, euforia o irritabilit\u00e0<\/li>\n<li>Acne<\/li>\n<li>Pelosit\u00e0 eccessiva<\/li>\n<li>Pubert\u00e0 prematura<\/li>\n<li>Crescita stentata<\/li>\n<\/ul>\n<p><strong>RARO<\/strong><\/p>\n<p>Interrompere l&#8217;assunzione di PROVITECH 25 ( Mesterolone ) e contattare immediatamente il medico se si verifica uno dei seguenti effetti collaterali:<\/p>\n<ul>\n<li>Sintomi di reazione allergica come respiro corto, respiro sibilante o difficolt\u00e0 di respirazione, gonfiore del viso, delle labbra, della lingua o di altre parti del corpo, eruzione cutanea, prurito o orticaria sulla pelle<\/li>\n<li>Sintomi di ingrossamento della prostata come cambiamenti nella minzione, sangue nelle urine o nello sperma<\/li>\n<li>Erezioni indesiderate, frequenti o prolungate e dolorose<\/li>\n<li>Forte dolore o dolorabilit\u00e0 allo stomaco<\/li>\n<li>Sentirsi poco bene<\/li>\n<li>Mal di stomaco prolungato, sangue nelle feci o nel vomito o colorazione giallastra della pelle e degli occhi<\/li>\n<\/ul>\n<p><strong>COME GESTIRE GLI EFFETTI COLLATERALI<\/strong><\/p>\n<p><strong>Mal di testa:<\/strong><\/p>\n<p>Riposati e rilassati. Bevi molti liquidi come acqua ed elettroliti. Se necessario, applicare un balsamo antidolorifico sulla fronte. Non consumare alcol. Consulta il tuo medico se il sintomo non migliora.<\/p>","protected":false},"excerpt":{"rendered":"<p>PROVITECH \/ PROVIRON \/ 25 MG \/ 100 compresse \/ BIOTECH Il Mesterolone \u00e8 un farmaco utilizzato per sostituire il<\/p>\n","protected":false},"featured_media":9301,"comment_status":"open","ping_status":"closed","template":"","meta":[],"product_brand":[],"product_cat":[73],"product_tag":[],"class_list":{"0":"post-9299","1":"product","2":"type-product","3":"status-publish","4":"has-post-thumbnail","6":"product_cat-ssteroides_orales","8":"first","9":"instock","10":"sale","11":"shipping-taxable","12":"purchasable","13":"product-type-simple"},"yoast_head":"<!-- This site is optimized with the Yoast SEO Premium plugin v24.4 (Yoast SEO v27.0) - https:\/\/yoast.com\/product\/yoast-seo-premium-wordpress\/ -->\n<title>PROVITECH 25 ( Mesterolone ) - Buy online at Steroidi in linea<\/title>\n<meta name=\"description\" content=\"PROVITECH 25 (Mesterolone) is a drug used to replace testosterone in men with hypogonadism. Furthermore, hypogonadism is a state where the body does\" \/>\n<meta name=\"robots\" content=\"index, follow, max-snippet:-1, max-image-preview:large, max-video-preview:-1\" \/>\n<link rel=\"canonical\" href=\"https:\/\/iberoid-shop.com\/it\/product\/provitech-25-mesterolone\/\" \/>\n<meta property=\"og:locale\" content=\"it_IT\" \/>\n<meta property=\"og:type\" content=\"article\" \/>\n<meta property=\"og:title\" content=\"PROVITECH 25 ( Mesterolone )\" \/>\n<meta property=\"og:description\" content=\"PROVITECH 25 (Mesterolone) is a drug used to replace testosterone in men with hypogonadism. Furthermore, hypogonadism is a state where the body does\" \/>\n<meta property=\"og:url\" content=\"https:\/\/iberoid-shop.com\/it\/product\/provitech-25-mesterolone\/\" \/>\n<meta property=\"og:site_name\" content=\"Steroidi in linea\" \/>\n<meta property=\"article:modified_time\" content=\"2026-03-29T16:25:08+00:00\" \/>\n<meta property=\"og:image\" content=\"https:\/\/iberoid-shop.com\/wp-content\/uploads\/2024\/03\/prov-bi.jpg?v=1711306254\" \/>\n\t<meta property=\"og:image:width\" content=\"1622\" \/>\n\t<meta property=\"og:image:height\" content=\"2048\" \/>\n\t<meta property=\"og:image:type\" content=\"image\/jpeg\" \/>\n<meta name=\"twitter:card\" content=\"summary_large_image\" \/>\n<meta name=\"twitter:label1\" content=\"Prezzo\" \/>\n\t<meta name=\"twitter:data1\" content=\"&euro;20.00\" \/>\n\t<meta name=\"twitter:label2\" content=\"Disponibilit\u00e0\" \/>\n\t<meta name=\"twitter:data2\" content=\"In stock\" \/>\n<script type=\"application\/ld+json\" class=\"yoast-schema-graph\">{\"@context\":\"https:\/\/schema.org\",\"@graph\":[{\"@type\":\"WebPage\",\"@id\":\"https:\/\/iberoid-shop.com\/it\/product\/provitech-25-mesterolone\/\",\"url\":\"https:\/\/iberoid-shop.com\/it\/product\/provitech-25-mesterolone\/\",\"name\":\"PROVITECH 25 ( Mesterolone ) - Buy online at Steroidi in linea\",\"isPartOf\":{\"@id\":\"https:\/\/iberoid-shop.com\/it\/#website\"},\"primaryImageOfPage\":{\"@id\":\"https:\/\/iberoid-shop.com\/it\/product\/provitech-25-mesterolone\/#primaryimage\"},\"image\":{\"@id\":\"https:\/\/iberoid-shop.com\/it\/product\/provitech-25-mesterolone\/#primaryimage\"},\"thumbnailUrl\":\"https:\/\/iberoid-shop.com\/wp-content\/uploads\/2024\/03\/prov-bi.jpg?v=1711306254\",\"datePublished\":\"2024-03-24T18:49:40+00:00\",\"dateModified\":\"2026-03-29T16:25:08+00:00\",\"description\":\"PROVITECH 25 (Mesterolone) is a drug used to replace testosterone in men with hypogonadism. Furthermore, hypogonadism is a state where the body does\",\"breadcrumb\":{\"@id\":\"https:\/\/iberoid-shop.com\/it\/product\/provitech-25-mesterolone\/#breadcrumb\"},\"inLanguage\":\"it-IT\",\"potentialAction\":[{\"@type\":\"ReadAction\",\"target\":[[\"https:\/\/iberoid-shop.com\/it\/product\/provitech-25-mesterolone\/\"]]}]},{\"@type\":\"ImageObject\",\"inLanguage\":\"it-IT\",\"@id\":\"https:\/\/iberoid-shop.com\/it\/product\/provitech-25-mesterolone\/#primaryimage\",\"url\":\"https:\/\/iberoid-shop.com\/wp-content\/uploads\/2024\/03\/prov-bi.jpg?v=1711306254\",\"contentUrl\":\"https:\/\/iberoid-shop.com\/wp-content\/uploads\/2024\/03\/prov-bi.jpg?v=1711306254\",\"width\":1622,\"height\":2048,\"caption\":\"PROVITECH 25 ( Mesterolone )\"},{\"@type\":\"BreadcrumbList\",\"@id\":\"https:\/\/iberoid-shop.com\/it\/product\/provitech-25-mesterolone\/#breadcrumb\",\"itemListElement\":[{\"@type\":\"ListItem\",\"position\":1,\"name\":\"Portada\",\"item\":\"https:\/\/iberoid-shop.com\/it\/\"},{\"@type\":\"ListItem\",\"position\":2,\"name\":\"Negozio\",\"item\":\"https:\/\/iberoid-shop.com\/it\/shop\/\"},{\"@type\":\"ListItem\",\"position\":3,\"name\":\"PROVITECH 25 ( Mesterolone )\"}]},{\"@type\":\"WebSite\",\"@id\":\"https:\/\/iberoid-shop.com\/it\/#website\",\"url\":\"https:\/\/iberoid-shop.com\/it\/\",\"name\":\"Steroidi in linea\",\"description\":\"Acquista steroidi online oggi in Spagna e Portogallo. Abbiamo il miglior servizio clienti del settore e prodotti di altissima qualit\u00e0\",\"potentialAction\":[{\"@type\":\"SearchAction\",\"target\":{\"@type\":\"EntryPoint\",\"urlTemplate\":\"https:\/\/iberoid-shop.com\/it\/?s={search_term_string}\"},\"query-input\":{\"@type\":\"PropertyValueSpecification\",\"valueRequired\":true,\"valueName\":\"search_term_string\"}}],\"inLanguage\":\"it-IT\"}]}<\/script>\n<meta property=\"product:price:amount\" content=\"20.00\" \/>\n<meta property=\"product:price:currency\" content=\"EUR\" \/>\n<meta property=\"og:availability\" content=\"instock\" \/>\n<meta property=\"product:availability\" content=\"instock\" \/>\n<meta property=\"product:condition\" content=\"new\" \/>\n<!-- \/ Yoast SEO Premium plugin. -->","yoast_head_json":{"title":"PROVITECH 25 ( Mesterolone ) - Buy online at Steroidi in linea","description":"PROVITECH 25 (Mesterolone) is a drug used to replace testosterone in men with hypogonadism. Furthermore, hypogonadism is a state where the body does","robots":{"index":"index","follow":"follow","max-snippet":"max-snippet:-1","max-image-preview":"max-image-preview:large","max-video-preview":"max-video-preview:-1"},"canonical":"https:\/\/iberoid-shop.com\/it\/product\/provitech-25-mesterolone\/","og_locale":"it_IT","og_type":"article","og_title":"PROVITECH 25 ( Mesterolone )","og_description":"PROVITECH 25 (Mesterolone) is a drug used to replace testosterone in men with hypogonadism. Furthermore, hypogonadism is a state where the body does","og_url":"https:\/\/iberoid-shop.com\/it\/product\/provitech-25-mesterolone\/","og_site_name":"Steroidi in linea","article_modified_time":"2026-03-29T16:25:08+00:00","og_image":[{"width":1622,"height":2048,"url":"https:\/\/iberoid-shop.com\/wp-content\/uploads\/2024\/03\/prov-bi.jpg?v=1711306254","type":"image\/jpeg"}],"twitter_card":"summary_large_image","twitter_misc":{"Prezzo":"&euro;20.00","Disponibilit\u00e0":"In stock"},"schema":{"@context":"https:\/\/schema.org","@graph":[{"@type":"WebPage","@id":"https:\/\/iberoid-shop.com\/it\/product\/provitech-25-mesterolone\/","url":"https:\/\/iberoid-shop.com\/it\/product\/provitech-25-mesterolone\/","name":"PROVITECH 25 ( Mesterolone ) - Buy online at Steroidi in linea","isPartOf":{"@id":"https:\/\/iberoid-shop.com\/it\/#website"},"primaryImageOfPage":{"@id":"https:\/\/iberoid-shop.com\/it\/product\/provitech-25-mesterolone\/#primaryimage"},"image":{"@id":"https:\/\/iberoid-shop.com\/it\/product\/provitech-25-mesterolone\/#primaryimage"},"thumbnailUrl":"https:\/\/iberoid-shop.com\/wp-content\/uploads\/2024\/03\/prov-bi.jpg?v=1711306254","datePublished":"2024-03-24T18:49:40+00:00","dateModified":"2026-03-29T16:25:08+00:00","description":"PROVITECH 25 (Mesterolone) is a drug used to replace testosterone in men with hypogonadism. Furthermore, hypogonadism is a state where the body does","breadcrumb":{"@id":"https:\/\/iberoid-shop.com\/it\/product\/provitech-25-mesterolone\/#breadcrumb"},"inLanguage":"it-IT","potentialAction":[{"@type":"ReadAction","target":[["https:\/\/iberoid-shop.com\/it\/product\/provitech-25-mesterolone\/"]]}]},{"@type":"ImageObject","inLanguage":"it-IT","@id":"https:\/\/iberoid-shop.com\/it\/product\/provitech-25-mesterolone\/#primaryimage","url":"https:\/\/iberoid-shop.com\/wp-content\/uploads\/2024\/03\/prov-bi.jpg?v=1711306254","contentUrl":"https:\/\/iberoid-shop.com\/wp-content\/uploads\/2024\/03\/prov-bi.jpg?v=1711306254","width":1622,"height":2048,"caption":"PROVITECH 25 ( Mesterolone )"},{"@type":"BreadcrumbList","@id":"https:\/\/iberoid-shop.com\/it\/product\/provitech-25-mesterolone\/#breadcrumb","itemListElement":[{"@type":"ListItem","position":1,"name":"Portada","item":"https:\/\/iberoid-shop.com\/it\/"},{"@type":"ListItem","position":2,"name":"Negozio","item":"https:\/\/iberoid-shop.com\/it\/shop\/"},{"@type":"ListItem","position":3,"name":"PROVITECH 25 ( Mesterolone )"}]},{"@type":"WebSite","@id":"https:\/\/iberoid-shop.com\/it\/#website","url":"https:\/\/iberoid-shop.com\/it\/","name":"Steroidi in linea","description":"Acquista steroidi online oggi in Spagna e Portogallo. Abbiamo il miglior servizio clienti del settore e prodotti di altissima qualit\u00e0","potentialAction":[{"@type":"SearchAction","target":{"@type":"EntryPoint","urlTemplate":"https:\/\/iberoid-shop.com\/it\/?s={search_term_string}"},"query-input":{"@type":"PropertyValueSpecification","valueRequired":true,"valueName":"search_term_string"}}],"inLanguage":"it-IT"}]},"product_price_amount":"20.00","product_price_currency":"EUR","og_availability":"instock","product_availability":"instock","product_condition":"new"},"_links":{"self":[{"href":"https:\/\/iberoid-shop.com\/it\/wp-json\/wp\/v2\/product\/9299","targetHints":{"allow":["GET"]}}],"collection":[{"href":"https:\/\/iberoid-shop.com\/it\/wp-json\/wp\/v2\/product"}],"about":[{"href":"https:\/\/iberoid-shop.com\/it\/wp-json\/wp\/v2\/types\/product"}],"replies":[{"embeddable":true,"href":"https:\/\/iberoid-shop.com\/it\/wp-json\/wp\/v2\/comments?post=9299"}],"wp:featuredmedia":[{"embeddable":true,"href":"https:\/\/iberoid-shop.com\/it\/wp-json\/wp\/v2\/media\/9301"}],"wp:attachment":[{"href":"https:\/\/iberoid-shop.com\/it\/wp-json\/wp\/v2\/media?parent=9299"}],"wp:term":[{"taxonomy":"product_brand","embeddable":true,"href":"https:\/\/iberoid-shop.com\/it\/wp-json\/wp\/v2\/product_brand?post=9299"},{"taxonomy":"product_cat","embeddable":true,"href":"https:\/\/iberoid-shop.com\/it\/wp-json\/wp\/v2\/product_cat?post=9299"},{"taxonomy":"product_tag","embeddable":true,"href":"https:\/\/iberoid-shop.com\/it\/wp-json\/wp\/v2\/product_tag?post=9299"}],"curies":[{"name":"wp","href":"https:\/\/api.w.org\/{rel}","templated":true}]}}