{"id":9171,"date":"2024-01-25T22:32:20","date_gmt":"2024-01-25T22:32:20","guid":{"rendered":"https:\/\/iberoid-shop.com\/?post_type=product&#038;p=9171"},"modified":"2026-02-08T12:06:14","modified_gmt":"2026-02-08T12:06:14","slug":"pack3testoged-c-testosteron-cypionate-epf-base","status":"publish","type":"product","link":"https:\/\/iberoid-shop.com\/it\/product\/pack3testoged-c-testosteron-cypionate-epf-base\/","title":{"rendered":"PACK 3 TESTOGED C &#8211; TESTOSTERON CYPIONATE"},"content":{"rendered":"<p><\/p>\n<p data-sourcepos=\"3:1-5:180\">L&#8217;iniezione di Testosterone Cipionato \u00e8 un androgeno soggetto a prescrizione medica utilizzato per trattare i sintomi di bassa testosterone negli uomini con ipogonadismo (una condizione in cui il corpo non produce abbastanza testosterone naturale). Il Testosterone Cipionato \u00e8 utilizzato solo per uomini con bassi livelli di testosterone causati da determinate condizioni mediche, incluse malattie dei testicoli, della ghiandola pituitaria o dell&#8217;ipotalamo che causano ipogonadismo. Questo medicinale non \u00e8 destinato al trattamento dei sintomi di bassa testosterone negli uomini associati all&#8217;invecchiamento (ipogonadismo legato all&#8217;et\u00e0). Potrebbero esserci altri usi del testosterone cipionato \u2014 il tuo medico o farmacista pu\u00f2 fornire consulenza medica e darti maggiori informazioni sul farmaco testosterone cipionato.<\/p>\n<p data-sourcepos=\"7:1-8:190\"><strong>Meccanismo d&#8217;Azione del Testosterone Cipionato<\/strong> Il testosterone cipionato (Depo-Testosterone) \u00e8 una terapia sostitutiva del testosterone che agisce nell&#8217;ipogonadismo sostituendo il testosterone che il tuo corpo non \u00e8 in grado di produrre.<\/p>\n<p data-sourcepos=\"10:1-12:329\"><strong>Dosi di Testosterone Cipionato<\/strong> Il Testosterone Cipionato (Depo-Testosterone) \u00e8 disponibile come soluzione iniettabile da 100 mg\/mL e 200 mg\/mL. Il dosaggio raccomandato dell&#8217;Iniezione di Testosterone Cipionato \u00e8 da 50 mg a 400 mg, somministrato ogni 2-4 settimane come iniezione intramuscolare profonda nel muscolo gluteo. Il tuo medico curante collaborer\u00e0 con te per trovare il dosaggio appropriato di testosterone cipionato (Depo-Testosterone) per te, poich\u00e9 dipende dalla tua et\u00e0 e dalla patologia trattata. Il tuo medico potrebbe aggiustare il dosaggio in base ai livelli di testosterone nel sangue, alla risposta al farmaco e agli effetti avversi.<\/p>\n<p data-sourcepos=\"14:1-14:42\"><strong>Indicazioni del Testosterone Cipionato<\/strong><\/p>\n<p data-sourcepos=\"16:1-23:237\"><strong>Come Usare il Testosterone Cipionato<\/strong> Il Testosterone Cipionato (Depo-Testosterone) si presenta come una soluzione (liquido) da iniettare nel muscolo del gluteo, di solito ogni 2-4 settimane da un infermiere o un medico in ambulatorio o clinica. Questo medicinale viene solitamente somministrato in una clinica o in ospedale. Se ti somministri questo medicinale a casa, impara prima tutte le istruzioni per la preparazione e la somministrazione dal tuo medico. Ispeziona visivamente il prodotto per eventuali particelle o scolorimento prima dell&#8217;uso. Il liquido non deve essere utilizzato se uno di questi \u00e8 presente. Impara le corrette misure di smaltimento e conservazione per i materiali sanitari. Il tuo farmacista ti fornir\u00e0 un foglietto illustrativo insieme a ogni prescrizione e ricarica. Ogni volta, assicurati di leggere attentamente queste informazioni. Usa questo medicinale regolarmente per ottenerne il massimo beneficio. Segna i giorni in cui riceverai un&#8217;iniezione su un calendario per aiutarti a ricordare. Chiedi al tuo team sanitario riguardo all&#8217;uso del testosterone cipionato nei bambini. Sebbene questo medicinale possa essere raccomandato per bambini anche di 12 anni per condizioni specifiche, si applicano delle precauzioni. <strong>Dose dimenticata:<\/strong> Se dimentichi di prendere una dose di testosterone cipionato, chiama il tuo medico e digli da quanto tempo non hai iniettato il testosterone cipionato. Il tuo medico ti aiuter\u00e0 a impostare un nuovo schema posologico. Non prendere due dosi di testosterone cipionato per compensare una dose dimenticata. <strong>Conservazione:<\/strong> Conservare il testosterone cipionato a temperatura ambiente (tra 15-30\u00b0C o 59-86\u00b0F) lontano da umidit\u00e0, calore e luce solare diretta. Tenere tutti i medicinali fuori dalla portata dei bambini e degli animali domestici.<\/p>\n<p><\/p>","protected":false},"excerpt":{"rendered":"<p>L&#8217;iniezione di Testosterone Cipionato \u00e8 un androgeno soggetto a prescrizione medica utilizzato per trattare i sintomi di bassa testosterone negli<\/p>\n","protected":false},"featured_media":3082,"comment_status":"open","ping_status":"closed","template":"","meta":[],"product_brand":[],"product_cat":[69],"product_tag":[],"class_list":{"0":"post-9171","1":"product","2":"type-product","3":"status-publish","4":"has-post-thumbnail","6":"product_cat-esteroides_inyectables","8":"first","9":"instock","10":"sale","11":"shipping-taxable","12":"purchasable","13":"product-type-simple"},"yoast_head":"<!-- This site is optimized with the Yoast SEO Premium plugin v24.4 (Yoast SEO v27.0) - https:\/\/yoast.com\/product\/yoast-seo-premium-wordpress\/ -->\n<title>PACK 3 TESTOGED C - TESTOSTERON CYPIONATE - Steroidi in linea<\/title>\n<meta name=\"description\" content=\"Cipionato di Testosterone: androgeno iniettabile per ipogonadismo maschile. Sostituisce il testosterone naturale non prodotto.\" \/>\n<meta name=\"robots\" content=\"index, follow, max-snippet:-1, max-image-preview:large, max-video-preview:-1\" \/>\n<link rel=\"canonical\" href=\"https:\/\/iberoid-shop.com\/it\/product\/pack3testoged-c-testosteron-cypionate-epf-base\/\" \/>\n<meta property=\"og:locale\" content=\"it_IT\" \/>\n<meta property=\"og:type\" content=\"article\" \/>\n<meta property=\"og:title\" content=\"PACK 3 TESTOGED C - TESTOSTERON CYPIONATE\" \/>\n<meta property=\"og:description\" content=\"Cipionato di Testosterone: androgeno iniettabile per ipogonadismo maschile. Sostituisce il testosterone naturale non prodotto.\" \/>\n<meta property=\"og:url\" content=\"https:\/\/iberoid-shop.com\/it\/product\/pack3testoged-c-testosteron-cypionate-epf-base\/\" \/>\n<meta property=\"og:site_name\" content=\"Steroidi in linea\" \/>\n<meta property=\"article:modified_time\" content=\"2026-02-08T12:06:14+00:00\" \/>\n<meta property=\"og:image\" content=\"https:\/\/iberoid-shop.com\/wp-content\/uploads\/2019\/11\/testoged_c.jpg?v=1756397789\" \/>\n\t<meta property=\"og:image:width\" content=\"700\" \/>\n\t<meta property=\"og:image:height\" content=\"700\" \/>\n\t<meta property=\"og:image:type\" content=\"image\/jpeg\" \/>\n<meta name=\"twitter:card\" content=\"summary_large_image\" \/>\n<meta name=\"twitter:label1\" content=\"Prezzo\" \/>\n\t<meta name=\"twitter:data1\" content=\"&euro;80.00\" \/>\n\t<meta name=\"twitter:label2\" content=\"Disponibilit\u00e0\" \/>\n\t<meta name=\"twitter:data2\" content=\"In stock\" \/>\n<script type=\"application\/ld+json\" class=\"yoast-schema-graph\">{\"@context\":\"https:\/\/schema.org\",\"@graph\":[{\"@type\":\"WebPage\",\"@id\":\"https:\/\/iberoid-shop.com\/it\/product\/pack3testoged-c-testosteron-cypionate-epf-base\/\",\"url\":\"https:\/\/iberoid-shop.com\/it\/product\/pack3testoged-c-testosteron-cypionate-epf-base\/\",\"name\":\"PACK 3 TESTOGED C - TESTOSTERON CYPIONATE - Steroidi in linea\",\"isPartOf\":{\"@id\":\"https:\/\/iberoid-shop.com\/it\/#website\"},\"primaryImageOfPage\":{\"@id\":\"https:\/\/iberoid-shop.com\/it\/product\/pack3testoged-c-testosteron-cypionate-epf-base\/#primaryimage\"},\"image\":{\"@id\":\"https:\/\/iberoid-shop.com\/it\/product\/pack3testoged-c-testosteron-cypionate-epf-base\/#primaryimage\"},\"thumbnailUrl\":\"https:\/\/iberoid-shop.com\/wp-content\/uploads\/2019\/11\/testoged_c.jpg?v=1756397789\",\"datePublished\":\"2024-01-25T22:32:20+00:00\",\"dateModified\":\"2026-02-08T12:06:14+00:00\",\"description\":\"Cipionato di Testosterone: androgeno iniettabile per ipogonadismo maschile. Sostituisce il testosterone naturale non prodotto.\",\"breadcrumb\":{\"@id\":\"https:\/\/iberoid-shop.com\/it\/product\/pack3testoged-c-testosteron-cypionate-epf-base\/#breadcrumb\"},\"inLanguage\":\"it-IT\",\"potentialAction\":[{\"@type\":\"ReadAction\",\"target\":[[\"https:\/\/iberoid-shop.com\/it\/product\/pack3testoged-c-testosteron-cypionate-epf-base\/\"]]}]},{\"@type\":\"ImageObject\",\"inLanguage\":\"it-IT\",\"@id\":\"https:\/\/iberoid-shop.com\/it\/product\/pack3testoged-c-testosteron-cypionate-epf-base\/#primaryimage\",\"url\":\"https:\/\/iberoid-shop.com\/wp-content\/uploads\/2019\/11\/testoged_c.jpg?v=1756397789\",\"contentUrl\":\"https:\/\/iberoid-shop.com\/wp-content\/uploads\/2019\/11\/testoged_c.jpg?v=1756397789\",\"width\":700,\"height\":700},{\"@type\":\"BreadcrumbList\",\"@id\":\"https:\/\/iberoid-shop.com\/it\/product\/pack3testoged-c-testosteron-cypionate-epf-base\/#breadcrumb\",\"itemListElement\":[{\"@type\":\"ListItem\",\"position\":1,\"name\":\"Portada\",\"item\":\"https:\/\/iberoid-shop.com\/it\/\"},{\"@type\":\"ListItem\",\"position\":2,\"name\":\"Negozio\",\"item\":\"https:\/\/iberoid-shop.com\/it\/shop\/\"},{\"@type\":\"ListItem\",\"position\":3,\"name\":\"PACK 3 TESTOGED C &#8211; TESTOSTERON CYPIONATE\"}]},{\"@type\":\"WebSite\",\"@id\":\"https:\/\/iberoid-shop.com\/it\/#website\",\"url\":\"https:\/\/iberoid-shop.com\/it\/\",\"name\":\"Steroidi in linea\",\"description\":\"Acquista steroidi online oggi in Spagna e Portogallo. Abbiamo il miglior servizio clienti del settore e prodotti di altissima qualit\u00e0\",\"potentialAction\":[{\"@type\":\"SearchAction\",\"target\":{\"@type\":\"EntryPoint\",\"urlTemplate\":\"https:\/\/iberoid-shop.com\/it\/?s={search_term_string}\"},\"query-input\":{\"@type\":\"PropertyValueSpecification\",\"valueRequired\":true,\"valueName\":\"search_term_string\"}}],\"inLanguage\":\"it-IT\"}]}<\/script>\n<meta property=\"product:brand\" content=\"Euro Prime Pharmaceuticals (EPF)\" \/>\n<meta property=\"product:price:amount\" content=\"80.00\" \/>\n<meta property=\"product:price:currency\" content=\"EUR\" \/>\n<meta property=\"og:availability\" content=\"instock\" \/>\n<meta property=\"product:availability\" content=\"instock\" \/>\n<meta property=\"product:condition\" content=\"new\" \/>\n<!-- \/ Yoast SEO Premium plugin. -->","yoast_head_json":{"title":"PACK 3 TESTOGED C - TESTOSTERON CYPIONATE - Steroidi in linea","description":"Cipionato di Testosterone: androgeno iniettabile per ipogonadismo maschile. Sostituisce il testosterone naturale non prodotto.","robots":{"index":"index","follow":"follow","max-snippet":"max-snippet:-1","max-image-preview":"max-image-preview:large","max-video-preview":"max-video-preview:-1"},"canonical":"https:\/\/iberoid-shop.com\/it\/product\/pack3testoged-c-testosteron-cypionate-epf-base\/","og_locale":"it_IT","og_type":"article","og_title":"PACK 3 TESTOGED C - TESTOSTERON CYPIONATE","og_description":"Cipionato di Testosterone: androgeno iniettabile per ipogonadismo maschile. Sostituisce il testosterone naturale non prodotto.","og_url":"https:\/\/iberoid-shop.com\/it\/product\/pack3testoged-c-testosteron-cypionate-epf-base\/","og_site_name":"Steroidi in linea","article_modified_time":"2026-02-08T12:06:14+00:00","og_image":[{"width":700,"height":700,"url":"https:\/\/iberoid-shop.com\/wp-content\/uploads\/2019\/11\/testoged_c.jpg?v=1756397789","type":"image\/jpeg"}],"twitter_card":"summary_large_image","twitter_misc":{"Prezzo":"&euro;80.00","Disponibilit\u00e0":"In stock"},"schema":{"@context":"https:\/\/schema.org","@graph":[{"@type":"WebPage","@id":"https:\/\/iberoid-shop.com\/it\/product\/pack3testoged-c-testosteron-cypionate-epf-base\/","url":"https:\/\/iberoid-shop.com\/it\/product\/pack3testoged-c-testosteron-cypionate-epf-base\/","name":"PACK 3 TESTOGED C - TESTOSTERON CYPIONATE - Steroidi in linea","isPartOf":{"@id":"https:\/\/iberoid-shop.com\/it\/#website"},"primaryImageOfPage":{"@id":"https:\/\/iberoid-shop.com\/it\/product\/pack3testoged-c-testosteron-cypionate-epf-base\/#primaryimage"},"image":{"@id":"https:\/\/iberoid-shop.com\/it\/product\/pack3testoged-c-testosteron-cypionate-epf-base\/#primaryimage"},"thumbnailUrl":"https:\/\/iberoid-shop.com\/wp-content\/uploads\/2019\/11\/testoged_c.jpg?v=1756397789","datePublished":"2024-01-25T22:32:20+00:00","dateModified":"2026-02-08T12:06:14+00:00","description":"Cipionato di Testosterone: androgeno iniettabile per ipogonadismo maschile. Sostituisce il testosterone naturale non prodotto.","breadcrumb":{"@id":"https:\/\/iberoid-shop.com\/it\/product\/pack3testoged-c-testosteron-cypionate-epf-base\/#breadcrumb"},"inLanguage":"it-IT","potentialAction":[{"@type":"ReadAction","target":[["https:\/\/iberoid-shop.com\/it\/product\/pack3testoged-c-testosteron-cypionate-epf-base\/"]]}]},{"@type":"ImageObject","inLanguage":"it-IT","@id":"https:\/\/iberoid-shop.com\/it\/product\/pack3testoged-c-testosteron-cypionate-epf-base\/#primaryimage","url":"https:\/\/iberoid-shop.com\/wp-content\/uploads\/2019\/11\/testoged_c.jpg?v=1756397789","contentUrl":"https:\/\/iberoid-shop.com\/wp-content\/uploads\/2019\/11\/testoged_c.jpg?v=1756397789","width":700,"height":700},{"@type":"BreadcrumbList","@id":"https:\/\/iberoid-shop.com\/it\/product\/pack3testoged-c-testosteron-cypionate-epf-base\/#breadcrumb","itemListElement":[{"@type":"ListItem","position":1,"name":"Portada","item":"https:\/\/iberoid-shop.com\/it\/"},{"@type":"ListItem","position":2,"name":"Negozio","item":"https:\/\/iberoid-shop.com\/it\/shop\/"},{"@type":"ListItem","position":3,"name":"PACK 3 TESTOGED C &#8211; TESTOSTERON CYPIONATE"}]},{"@type":"WebSite","@id":"https:\/\/iberoid-shop.com\/it\/#website","url":"https:\/\/iberoid-shop.com\/it\/","name":"Steroidi in linea","description":"Acquista steroidi online oggi in Spagna e Portogallo. Abbiamo il miglior servizio clienti del settore e prodotti di altissima qualit\u00e0","potentialAction":[{"@type":"SearchAction","target":{"@type":"EntryPoint","urlTemplate":"https:\/\/iberoid-shop.com\/it\/?s={search_term_string}"},"query-input":{"@type":"PropertyValueSpecification","valueRequired":true,"valueName":"search_term_string"}}],"inLanguage":"it-IT"}]},"product_brand":"Euro Prime Pharmaceuticals (EPF)","product_price_amount":"80.00","product_price_currency":"EUR","og_availability":"instock","product_availability":"instock","product_condition":"new"},"_links":{"self":[{"href":"https:\/\/iberoid-shop.com\/it\/wp-json\/wp\/v2\/product\/9171","targetHints":{"allow":["GET"]}}],"collection":[{"href":"https:\/\/iberoid-shop.com\/it\/wp-json\/wp\/v2\/product"}],"about":[{"href":"https:\/\/iberoid-shop.com\/it\/wp-json\/wp\/v2\/types\/product"}],"replies":[{"embeddable":true,"href":"https:\/\/iberoid-shop.com\/it\/wp-json\/wp\/v2\/comments?post=9171"}],"wp:featuredmedia":[{"embeddable":true,"href":"https:\/\/iberoid-shop.com\/it\/wp-json\/wp\/v2\/media\/3082"}],"wp:attachment":[{"href":"https:\/\/iberoid-shop.com\/it\/wp-json\/wp\/v2\/media?parent=9171"}],"wp:term":[{"taxonomy":"product_brand","embeddable":true,"href":"https:\/\/iberoid-shop.com\/it\/wp-json\/wp\/v2\/product_brand?post=9171"},{"taxonomy":"product_cat","embeddable":true,"href":"https:\/\/iberoid-shop.com\/it\/wp-json\/wp\/v2\/product_cat?post=9171"},{"taxonomy":"product_tag","embeddable":true,"href":"https:\/\/iberoid-shop.com\/it\/wp-json\/wp\/v2\/product_tag?post=9171"}],"curies":[{"name":"wp","href":"https:\/\/api.w.org\/{rel}","templated":true}]}}