{"id":9169,"date":"2024-01-25T22:22:08","date_gmt":"2024-01-25T22:22:08","guid":{"rendered":"https:\/\/iberoid-shop.com\/?post_type=product&#038;p=9169"},"modified":"2026-03-29T16:29:57","modified_gmt":"2026-03-29T16:29:57","slug":"pack3-nandroged","status":"publish","type":"product","link":"https:\/\/iberoid-shop.com\/it\/product\/pack3-nandroged\/","title":{"rendered":"PACK 3 NANDROGED"},"content":{"rendered":"<p>PACK 3 NANDROGED\/NANDROLONE\/EPF premium<\/p>\n<p><strong>NANDROGED<\/strong> \u00e8 uno steroide classico con un elevato effetto anabolizzante.<\/p>\n<p><strong>Principio attivo:<\/strong> Nandrolone decanoato.<\/p>\n<p>Il farmaco \u00e8 stato sintetizzato nel secolo scorso per scopi medici. \u00c8 stato utilizzato con successo nel trattamento di pazienti con disturbi del tessuto osseo. Dopo un po &#8216;hanno iniziato a usarlo nei corsi contro l&#8217;infezione da HIV. Gli atleti hanno immediatamente attirato l&#8217;attenzione sul farmaco e sulla sua vasta gamma di effetti. Popolare in tutti i paesi del mondo e utilizzato in tutti gli sport. Il corpo di ogni persona produce nandrolone solo in quantit\u00e0 minime. Pertanto, il farmaco viene assorbito facilmente e non provoca effetti collaterali. Una caratteristica distintiva dello steroide \u00e8 l&#8217;assenza di un atomo di carbonio nella 19a posizione. Inoltre non \u00e8 in grado di convertirsi in estrogeni come il testosterone.<\/p>\n<p>Vantaggi del nandroged<\/p>\n<p>Aumento della massa muscolare da 8 a 10 kg, a seconda del dosaggio e dell&#8217;individualit\u00e0 del corpo.<\/p>\n<p>Asciugatura del tessuto muscolare.<br \/>\nNessun rollback dopo aver completato il corso.<br \/>\nHa un effetto benefico sulle funzioni motorie delle articolazioni.<br \/>\nRafforza muscoli e legamenti.<br \/>\nTi consente di recuperare rapidamente tra gli allenamenti.<br \/>\nStimola le cellule immunitarie.<br \/>\nAumenta il lavoro di altri farmaci steroidi.<\/p>\n<p>Nandroged agisce sul corpo in modo delicato e graduale, evitando alcuni effetti collaterali. Il farmaco ha un&#8217;azione prolungata e questo deve essere tenuto in considerazione durante le iniezioni. Il farmaco \u00e8 efficace per 15 giorni, quindi non dovresti fare pi\u00f9 di 1 iniezione a settimana. La sostanza \u00e8 presente nel corpo per circa 1,5 anni. Gli atleti professionisti devono saperlo prima delle principali competizioni. Per nascondere questo steroide, esistono agenti mascheranti.<\/p>\n<p>Come prendere uno steroide anabolizzante.<\/p>\n<p>Prima del primo utilizzo assicurarsi di non essere allergici al principio attivo. Inoltre, se possibile, consultare un medico o un allenatore. Il risultato finale dipende dal dosaggio corretto. Dipende dal tipo di sport e dalla durata dell&#8217;uso di steroidi.<\/p>\n<p>Per gli atleti principianti, il dosaggio \u00e8 di 200 mg a settimana. Atleti e chimici esperti lo aumentano a 600 mg a settimana. Non \u00e8 consigliabile superare questi standard, n\u00e9 estendere il corso. Se un atleta vuole aumentare la sua forza o massa, dovrebbe ricorrere ad un ciclo combinato con Testosterone o Trenbolone. Dopo il completamento, segui un corso per ripristinare la produzione naturale del tuo testosterone.<\/p>\n<p>Reazioni negative.<\/p>\n<p>Naturalmente, come qualsiasi farmaco, il farmaco pu\u00f2 causare effetti collaterali in caso di sovradosaggio. In questo caso, possono seguire sintomi spiacevoli:<\/p>\n<p>Nausea, vomito, disturbi intestinali.<br \/>\nGinecomastia, rara.<br \/>\nAcne.<br \/>\nAnemia.<br \/>\nMal di testa, pressione sanguigna instabile.<br \/>\nDolore alle articolazioni e ai muscoli.<br \/>\nDovrai consultare un medico e ridurre il dosaggio al minimo. Non \u00e8 necessario ignorare le raccomandazioni degli specialisti; questo pu\u00f2 portare all&#8217;interruzione del funzionamento dell&#8217;intero corpo.<\/p>","protected":false},"excerpt":{"rendered":"<p>PACK 3 NANDROGED\/NANDROLONE\/EPF premium NANDROGED \u00e8 uno steroide classico con un elevato effetto anabolizzante. Principio attivo: Nandrolone decanoato. Il farmaco<\/p>\n","protected":false},"featured_media":9179,"comment_status":"open","ping_status":"closed","template":"","meta":[],"product_brand":[],"product_cat":[3474],"product_tag":[],"class_list":{"0":"post-9169","1":"product","2":"type-product","3":"status-publish","4":"has-post-thumbnail","6":"product_cat-packs","8":"first","9":"instock","10":"sale","11":"shipping-taxable","12":"purchasable","13":"product-type-simple"},"yoast_head":"<!-- This site is optimized with the Yoast SEO Premium plugin v24.4 (Yoast SEO v27.0) - https:\/\/yoast.com\/product\/yoast-seo-premium-wordpress\/ -->\n<title>PACK 3 NANDROGED - Steroidi in linea<\/title>\n<meta name=\"description\" content=\"NANDROGED (Decanoato di Nandrolone) \u00e8 un potente steroide anabolizzante che aumenta la massa muscolare, la forza e il recupero, con effetti collaterali minimi e senza conversione in estrogeni.\" \/>\n<meta name=\"robots\" content=\"index, follow, max-snippet:-1, max-image-preview:large, max-video-preview:-1\" \/>\n<link rel=\"canonical\" href=\"https:\/\/iberoid-shop.com\/it\/product\/pack3-nandroged\/\" \/>\n<meta property=\"og:locale\" content=\"it_IT\" \/>\n<meta property=\"og:type\" content=\"article\" \/>\n<meta property=\"og:title\" content=\"PACK 3 NANDROGED\" \/>\n<meta property=\"og:description\" content=\"NANDROGED (Decanoato di Nandrolone) \u00e8 un potente steroide anabolizzante che aumenta la massa muscolare, la forza e il recupero, con effetti collaterali minimi e senza conversione in estrogeni.\" \/>\n<meta property=\"og:url\" content=\"https:\/\/iberoid-shop.com\/it\/product\/pack3-nandroged\/\" \/>\n<meta property=\"og:site_name\" content=\"Steroidi in linea\" \/>\n<meta property=\"article:modified_time\" content=\"2026-03-29T16:29:57+00:00\" \/>\n<meta property=\"og:image\" content=\"https:\/\/iberoid-shop.com\/wp-content\/uploads\/2024\/01\/deca-scaled.jpg?v=1706371305\" \/>\n\t<meta property=\"og:image:width\" content=\"2560\" \/>\n\t<meta property=\"og:image:height\" content=\"1942\" \/>\n\t<meta property=\"og:image:type\" content=\"image\/jpeg\" \/>\n<meta name=\"twitter:card\" content=\"summary_large_image\" \/>\n<meta name=\"twitter:label1\" content=\"Prezzo\" \/>\n\t<meta name=\"twitter:data1\" content=\"&euro;110.00\" \/>\n\t<meta name=\"twitter:label2\" content=\"Disponibilit\u00e0\" \/>\n\t<meta name=\"twitter:data2\" content=\"In stock\" \/>\n<script type=\"application\/ld+json\" class=\"yoast-schema-graph\">{\"@context\":\"https:\/\/schema.org\",\"@graph\":[{\"@type\":\"WebPage\",\"@id\":\"https:\/\/iberoid-shop.com\/it\/product\/pack3-nandroged\/\",\"url\":\"https:\/\/iberoid-shop.com\/it\/product\/pack3-nandroged\/\",\"name\":\"PACK 3 NANDROGED - Steroidi in linea\",\"isPartOf\":{\"@id\":\"https:\/\/iberoid-shop.com\/it\/#website\"},\"primaryImageOfPage\":{\"@id\":\"https:\/\/iberoid-shop.com\/it\/product\/pack3-nandroged\/#primaryimage\"},\"image\":{\"@id\":\"https:\/\/iberoid-shop.com\/it\/product\/pack3-nandroged\/#primaryimage\"},\"thumbnailUrl\":\"https:\/\/iberoid-shop.com\/wp-content\/uploads\/2024\/01\/deca-scaled.jpg?v=1706371305\",\"datePublished\":\"2024-01-25T22:22:08+00:00\",\"dateModified\":\"2026-03-29T16:29:57+00:00\",\"description\":\"NANDROGED (Decanoato di Nandrolone) \u00e8 un potente steroide anabolizzante che aumenta la massa muscolare, la forza e il recupero, con effetti collaterali minimi e senza conversione in estrogeni.\",\"breadcrumb\":{\"@id\":\"https:\/\/iberoid-shop.com\/it\/product\/pack3-nandroged\/#breadcrumb\"},\"inLanguage\":\"it-IT\",\"potentialAction\":[{\"@type\":\"ReadAction\",\"target\":[[\"https:\/\/iberoid-shop.com\/it\/product\/pack3-nandroged\/\"]]}]},{\"@type\":\"ImageObject\",\"inLanguage\":\"it-IT\",\"@id\":\"https:\/\/iberoid-shop.com\/it\/product\/pack3-nandroged\/#primaryimage\",\"url\":\"https:\/\/iberoid-shop.com\/wp-content\/uploads\/2024\/01\/deca-scaled.jpg?v=1706371305\",\"contentUrl\":\"https:\/\/iberoid-shop.com\/wp-content\/uploads\/2024\/01\/deca-scaled.jpg?v=1706371305\",\"width\":2560,\"height\":1942},{\"@type\":\"BreadcrumbList\",\"@id\":\"https:\/\/iberoid-shop.com\/it\/product\/pack3-nandroged\/#breadcrumb\",\"itemListElement\":[{\"@type\":\"ListItem\",\"position\":1,\"name\":\"Portada\",\"item\":\"https:\/\/iberoid-shop.com\/it\/\"},{\"@type\":\"ListItem\",\"position\":2,\"name\":\"Negozio\",\"item\":\"https:\/\/iberoid-shop.com\/it\/shop\/\"},{\"@type\":\"ListItem\",\"position\":3,\"name\":\"PACK 3 NANDROGED\"}]},{\"@type\":\"WebSite\",\"@id\":\"https:\/\/iberoid-shop.com\/it\/#website\",\"url\":\"https:\/\/iberoid-shop.com\/it\/\",\"name\":\"Steroidi in linea\",\"description\":\"Acquista steroidi online oggi in Spagna e Portogallo. Abbiamo il miglior servizio clienti del settore e prodotti di altissima qualit\u00e0\",\"potentialAction\":[{\"@type\":\"SearchAction\",\"target\":{\"@type\":\"EntryPoint\",\"urlTemplate\":\"https:\/\/iberoid-shop.com\/it\/?s={search_term_string}\"},\"query-input\":{\"@type\":\"PropertyValueSpecification\",\"valueRequired\":true,\"valueName\":\"search_term_string\"}}],\"inLanguage\":\"it-IT\"}]}<\/script>\n<meta property=\"product:brand\" content=\"Euro Prime Pharmaceuticals (EPF)\" \/>\n<meta property=\"product:price:amount\" content=\"110.00\" \/>\n<meta property=\"product:price:currency\" content=\"EUR\" \/>\n<meta property=\"og:availability\" content=\"instock\" \/>\n<meta property=\"product:availability\" content=\"instock\" \/>\n<meta property=\"product:condition\" content=\"new\" \/>\n<!-- \/ Yoast SEO Premium plugin. -->","yoast_head_json":{"title":"PACK 3 NANDROGED - Steroidi in linea","description":"NANDROGED (Decanoato di Nandrolone) \u00e8 un potente steroide anabolizzante che aumenta la massa muscolare, la forza e il recupero, con effetti collaterali minimi e senza conversione in estrogeni.","robots":{"index":"index","follow":"follow","max-snippet":"max-snippet:-1","max-image-preview":"max-image-preview:large","max-video-preview":"max-video-preview:-1"},"canonical":"https:\/\/iberoid-shop.com\/it\/product\/pack3-nandroged\/","og_locale":"it_IT","og_type":"article","og_title":"PACK 3 NANDROGED","og_description":"NANDROGED (Decanoato di Nandrolone) \u00e8 un potente steroide anabolizzante che aumenta la massa muscolare, la forza e il recupero, con effetti collaterali minimi e senza conversione in estrogeni.","og_url":"https:\/\/iberoid-shop.com\/it\/product\/pack3-nandroged\/","og_site_name":"Steroidi in linea","article_modified_time":"2026-03-29T16:29:57+00:00","og_image":[{"width":2560,"height":1942,"url":"https:\/\/iberoid-shop.com\/wp-content\/uploads\/2024\/01\/deca-scaled.jpg?v=1706371305","type":"image\/jpeg"}],"twitter_card":"summary_large_image","twitter_misc":{"Prezzo":"&euro;110.00","Disponibilit\u00e0":"In stock"},"schema":{"@context":"https:\/\/schema.org","@graph":[{"@type":"WebPage","@id":"https:\/\/iberoid-shop.com\/it\/product\/pack3-nandroged\/","url":"https:\/\/iberoid-shop.com\/it\/product\/pack3-nandroged\/","name":"PACK 3 NANDROGED - Steroidi in linea","isPartOf":{"@id":"https:\/\/iberoid-shop.com\/it\/#website"},"primaryImageOfPage":{"@id":"https:\/\/iberoid-shop.com\/it\/product\/pack3-nandroged\/#primaryimage"},"image":{"@id":"https:\/\/iberoid-shop.com\/it\/product\/pack3-nandroged\/#primaryimage"},"thumbnailUrl":"https:\/\/iberoid-shop.com\/wp-content\/uploads\/2024\/01\/deca-scaled.jpg?v=1706371305","datePublished":"2024-01-25T22:22:08+00:00","dateModified":"2026-03-29T16:29:57+00:00","description":"NANDROGED (Decanoato di Nandrolone) \u00e8 un potente steroide anabolizzante che aumenta la massa muscolare, la forza e il recupero, con effetti collaterali minimi e senza conversione in estrogeni.","breadcrumb":{"@id":"https:\/\/iberoid-shop.com\/it\/product\/pack3-nandroged\/#breadcrumb"},"inLanguage":"it-IT","potentialAction":[{"@type":"ReadAction","target":[["https:\/\/iberoid-shop.com\/it\/product\/pack3-nandroged\/"]]}]},{"@type":"ImageObject","inLanguage":"it-IT","@id":"https:\/\/iberoid-shop.com\/it\/product\/pack3-nandroged\/#primaryimage","url":"https:\/\/iberoid-shop.com\/wp-content\/uploads\/2024\/01\/deca-scaled.jpg?v=1706371305","contentUrl":"https:\/\/iberoid-shop.com\/wp-content\/uploads\/2024\/01\/deca-scaled.jpg?v=1706371305","width":2560,"height":1942},{"@type":"BreadcrumbList","@id":"https:\/\/iberoid-shop.com\/it\/product\/pack3-nandroged\/#breadcrumb","itemListElement":[{"@type":"ListItem","position":1,"name":"Portada","item":"https:\/\/iberoid-shop.com\/it\/"},{"@type":"ListItem","position":2,"name":"Negozio","item":"https:\/\/iberoid-shop.com\/it\/shop\/"},{"@type":"ListItem","position":3,"name":"PACK 3 NANDROGED"}]},{"@type":"WebSite","@id":"https:\/\/iberoid-shop.com\/it\/#website","url":"https:\/\/iberoid-shop.com\/it\/","name":"Steroidi in linea","description":"Acquista steroidi online oggi in Spagna e Portogallo. Abbiamo il miglior servizio clienti del settore e prodotti di altissima qualit\u00e0","potentialAction":[{"@type":"SearchAction","target":{"@type":"EntryPoint","urlTemplate":"https:\/\/iberoid-shop.com\/it\/?s={search_term_string}"},"query-input":{"@type":"PropertyValueSpecification","valueRequired":true,"valueName":"search_term_string"}}],"inLanguage":"it-IT"}]},"product_brand":"Euro Prime Pharmaceuticals (EPF)","product_price_amount":"110.00","product_price_currency":"EUR","og_availability":"instock","product_availability":"instock","product_condition":"new"},"_links":{"self":[{"href":"https:\/\/iberoid-shop.com\/it\/wp-json\/wp\/v2\/product\/9169","targetHints":{"allow":["GET"]}}],"collection":[{"href":"https:\/\/iberoid-shop.com\/it\/wp-json\/wp\/v2\/product"}],"about":[{"href":"https:\/\/iberoid-shop.com\/it\/wp-json\/wp\/v2\/types\/product"}],"replies":[{"embeddable":true,"href":"https:\/\/iberoid-shop.com\/it\/wp-json\/wp\/v2\/comments?post=9169"}],"wp:featuredmedia":[{"embeddable":true,"href":"https:\/\/iberoid-shop.com\/it\/wp-json\/wp\/v2\/media\/9179"}],"wp:attachment":[{"href":"https:\/\/iberoid-shop.com\/it\/wp-json\/wp\/v2\/media?parent=9169"}],"wp:term":[{"taxonomy":"product_brand","embeddable":true,"href":"https:\/\/iberoid-shop.com\/it\/wp-json\/wp\/v2\/product_brand?post=9169"},{"taxonomy":"product_cat","embeddable":true,"href":"https:\/\/iberoid-shop.com\/it\/wp-json\/wp\/v2\/product_cat?post=9169"},{"taxonomy":"product_tag","embeddable":true,"href":"https:\/\/iberoid-shop.com\/it\/wp-json\/wp\/v2\/product_tag?post=9169"}],"curies":[{"name":"wp","href":"https:\/\/api.w.org\/{rel}","templated":true}]}}