{"id":9167,"date":"2024-01-25T21:44:46","date_gmt":"2024-01-25T21:44:46","guid":{"rendered":"https:\/\/iberoid-shop.com\/?post_type=product&#038;p=9167"},"modified":"2026-03-30T00:29:23","modified_gmt":"2026-03-30T00:29:23","slug":"pack3-trenbolone-enanthate","status":"publish","type":"product","link":"https:\/\/iberoid-shop.com\/it\/product\/pack3-trenbolone-enanthate\/","title":{"rendered":"PACK 3 TRENBOLONE ENANTHATE"},"content":{"rendered":"<p>CONFEZIONE 3 TRENBOLONE ENANTHATE EPF PREMIUM.<\/p>\n<p><strong>Trenbolone Enanthate<\/strong> \u00e8 un potente farmaco farmacologico sportivo senza aromatizzazione. Il principale ingrediente attivo \u00e8 l&#8217;estere steroide trenbolone enantato. Il farmaco \u00e8 ampiamente richiesto nel campo del bodybuilding. Gli atleti professionisti consigliano di acquistare il flacone da 10 ml di Trenbolone enanthate Magnus Trenbolone Enanthate (200 mg\/1 ml) ad Almaty per un corso di taglio e aumento di peso.<\/p>\n<p><strong>Descrizione<\/strong><\/p>\n<p>Trenbolone \u00e8 uno steroide di alta qualit\u00e0 con elevata attivit\u00e0 anabolica. \u00c8 simile in potenza al testosterone, ma non ha la tendenza ad aromatizzare. L&#8217;atleta non sar\u00e0 soggetto ad effetti collaterali come la conversione del testosterone in estrogeni o la ginecomastia. La sostanza inoltre non \u00e8 tossica per il fegato o i reni. Si trova sul mercato in tre forme eteree: esaidrobenzil carbonato, acetato ed enantato. La durata dell&#8217;azione dipende dal tipo di catena dell&#8217;estere, ma l&#8217;effetto di ciascuna \u00e8 simile, poich\u00e9 il trenbolone \u00e8 separato dall&#8217;estere nel corpo.<\/p>\n<p>Trenbolone enantato \u00e8 la seconda forma di estere pi\u00f9 duratura. Il periodo di azione della sostanza nel corpo dura 7-10 giorni. \u00c8 sufficiente che un atleta inietti il farmaco 1-2 volte a settimana per mantenere la sua concentrazione a un livello costantemente elevato. Le propriet\u00e0 farmacologiche dell&#8217;esaidrobenzilcarbonato sono simili al trenbolone.<\/p>\n<p>I farmaci a base di trenbolone sono molto richiesti nel settore sportivo. Sono utilizzati attivamente per il taglio e l&#8217;aumento di peso. La sostanza provoca un aumento attivo della massa muscolare, della forza, della resistenza, fornendo allo stesso tempo un&#8217;essiccazione di alta qualit\u00e0 della massa gi\u00e0 acquisita, aumentandone il sollievo e la densit\u00e0.<\/p>\n<p>Trenbolone Enanthate \u00e8 prodotto dalla famosa azienda farmaceutica Magnus. Questo \u00e8 un produttore indiano che produce steroidi a base di trenbolone in tutto il mondo in forma iniettabile in un flacone da 10 ml. La concentrazione della sostanza per 1 ml \u00e8 200 mg.<\/p>\n<p><strong>Effetto dell&#8217;uso<\/strong><\/p>\n<p>La chiave per un effetto di alta qualit\u00e0 senza interferenze negative \u00e8 un corso adeguatamente selezionato. Inizialmente, \u00e8 necessario sottoporsi a una consultazione e un esame con un medico. Controlla la compatibilit\u00e0 e le controindicazioni del tuo corpo. Successivamente, lo specialista seleziona un corso individuale.<\/p>\n<p>\u00b7 Aumento della forza fisica e della resistenza;<\/p>\n<p>\u00b7 Crescita muscolare attiva;<\/p>\n<p>\u00b7 Riduzione del grasso corporeo;<\/p>\n<p>\u00b7 Rimozione del cortisolo;<\/p>\n<p>\u00b7 Aumento della libido;<\/p>\n<p>\u00b7 Sollievo e densit\u00e0 muscolare;<\/p>\n<p>\u00b7 Aumento delle concentrazioni del fattore di crescita simile all&#8217;insulina e dell&#8217;ormone della crescita.<\/p>\n<p><strong>Effetti collaterali<\/strong><\/p>\n<p>Il farmaco tende a mostrare effetti collaterali minori in caso di sovradosaggio. In questo caso si consiglia di ridurre la dose o di interromperne l&#8217;assunzione.<\/p>\n<p>\u00b7 Calvizie;<\/p>\n<p>\u00b7 Crescita dei capelli di tipo maschile;<\/p>\n<p>\u00b7 Acne;<\/p>\n<p>\u00b7 Pelle grassa;<\/p>\n<p>\u00b7 Problemi di sonno;<\/p>\n<p>\u00b7 Aumento della pressione sanguigna;<\/p>\n<p>\u00b7 Aggressivit\u00e0.<\/p>\n<p>Applicazione<\/p>\n<p>La durata del corso \u00e8 di minimo 4 settimane. Se il corso dura pi\u00f9 di 6 settimane, \u00e8 accompagnato dall&#8217;assunzione di gonadotropina. Il dosaggio ottimale del farmaco \u00e8 di 200-300 mg a settimana. \u00c8 obbligatorio sottoporsi a PCT dopo aver terminato il ciclo di steroidi.<\/p>\n<p>&nbsp;<\/p>","protected":false},"excerpt":{"rendered":"<p>CONFEZIONE 3 TRENBOLONE ENANTHATE EPF PREMIUM. Trenbolone Enanthate \u00e8 un potente farmaco farmacologico sportivo senza aromatizzazione. Il principale ingrediente attivo<\/p>\n","protected":false},"featured_media":8860,"comment_status":"open","ping_status":"closed","template":"","meta":[],"product_brand":[],"product_cat":[3474],"product_tag":[],"class_list":{"0":"post-9167","1":"product","2":"type-product","3":"status-publish","4":"has-post-thumbnail","6":"product_cat-packs","8":"first","9":"instock","10":"sale","11":"shipping-taxable","12":"purchasable","13":"product-type-simple"},"yoast_head":"<!-- This site is optimized with the Yoast SEO Premium plugin v24.4 (Yoast SEO v27.0) - https:\/\/yoast.com\/product\/yoast-seo-premium-wordpress\/ -->\n<title>PACK 3 TRENBOLONE ENANTHATE - Steroidi in linea<\/title>\n<meta name=\"description\" content=\"PACK 3 Trenbolone Enantato \u00e8 un potente anabolizzante per crescita muscolare, forza e definizione, senza aromatizzazione ed effetti duraturi.\" \/>\n<meta name=\"robots\" content=\"index, follow, max-snippet:-1, max-image-preview:large, max-video-preview:-1\" \/>\n<link rel=\"canonical\" href=\"https:\/\/iberoid-shop.com\/it\/product\/pack3-trenbolone-enanthate\/\" \/>\n<meta property=\"og:locale\" content=\"it_IT\" \/>\n<meta property=\"og:type\" content=\"article\" \/>\n<meta property=\"og:title\" content=\"PACK 3 TRENBOLONE ENANTHATE\" \/>\n<meta property=\"og:description\" content=\"PACK 3 Trenbolone Enantato \u00e8 un potente anabolizzante per crescita muscolare, forza e definizione, senza aromatizzazione ed effetti duraturi.\" \/>\n<meta property=\"og:url\" content=\"https:\/\/iberoid-shop.com\/it\/product\/pack3-trenbolone-enanthate\/\" \/>\n<meta property=\"og:site_name\" content=\"Steroidi in linea\" \/>\n<meta property=\"article:modified_time\" content=\"2026-03-30T00:29:23+00:00\" \/>\n<meta property=\"og:image\" content=\"https:\/\/iberoid-shop.com\/wp-content\/uploads\/2023\/08\/trr.jpg?v=1693484142\" \/>\n\t<meta property=\"og:image:width\" content=\"720\" \/>\n\t<meta property=\"og:image:height\" content=\"1280\" \/>\n\t<meta property=\"og:image:type\" content=\"image\/jpeg\" \/>\n<meta name=\"twitter:card\" content=\"summary_large_image\" \/>\n<meta name=\"twitter:label1\" content=\"Prezzo\" \/>\n\t<meta name=\"twitter:data1\" content=\"&euro;130.00\" \/>\n\t<meta name=\"twitter:label2\" content=\"Disponibilit\u00e0\" \/>\n\t<meta name=\"twitter:data2\" content=\"In stock\" \/>\n<script type=\"application\/ld+json\" class=\"yoast-schema-graph\">{\"@context\":\"https:\/\/schema.org\",\"@graph\":[{\"@type\":\"WebPage\",\"@id\":\"https:\/\/iberoid-shop.com\/it\/product\/pack3-trenbolone-enanthate\/\",\"url\":\"https:\/\/iberoid-shop.com\/it\/product\/pack3-trenbolone-enanthate\/\",\"name\":\"PACK 3 TRENBOLONE ENANTHATE - Steroidi in linea\",\"isPartOf\":{\"@id\":\"https:\/\/iberoid-shop.com\/it\/#website\"},\"primaryImageOfPage\":{\"@id\":\"https:\/\/iberoid-shop.com\/it\/product\/pack3-trenbolone-enanthate\/#primaryimage\"},\"image\":{\"@id\":\"https:\/\/iberoid-shop.com\/it\/product\/pack3-trenbolone-enanthate\/#primaryimage\"},\"thumbnailUrl\":\"https:\/\/iberoid-shop.com\/wp-content\/uploads\/2023\/08\/trr.jpg?v=1693484142\",\"datePublished\":\"2024-01-25T21:44:46+00:00\",\"dateModified\":\"2026-03-30T00:29:23+00:00\",\"description\":\"PACK 3 Trenbolone Enantato \u00e8 un potente anabolizzante per crescita muscolare, forza e definizione, senza aromatizzazione ed effetti duraturi.\",\"breadcrumb\":{\"@id\":\"https:\/\/iberoid-shop.com\/it\/product\/pack3-trenbolone-enanthate\/#breadcrumb\"},\"inLanguage\":\"it-IT\",\"potentialAction\":[{\"@type\":\"ReadAction\",\"target\":[[\"https:\/\/iberoid-shop.com\/it\/product\/pack3-trenbolone-enanthate\/\"]]}]},{\"@type\":\"ImageObject\",\"inLanguage\":\"it-IT\",\"@id\":\"https:\/\/iberoid-shop.com\/it\/product\/pack3-trenbolone-enanthate\/#primaryimage\",\"url\":\"https:\/\/iberoid-shop.com\/wp-content\/uploads\/2023\/08\/trr.jpg?v=1693484142\",\"contentUrl\":\"https:\/\/iberoid-shop.com\/wp-content\/uploads\/2023\/08\/trr.jpg?v=1693484142\",\"width\":720,\"height\":1280},{\"@type\":\"BreadcrumbList\",\"@id\":\"https:\/\/iberoid-shop.com\/it\/product\/pack3-trenbolone-enanthate\/#breadcrumb\",\"itemListElement\":[{\"@type\":\"ListItem\",\"position\":1,\"name\":\"Portada\",\"item\":\"https:\/\/iberoid-shop.com\/it\/\"},{\"@type\":\"ListItem\",\"position\":2,\"name\":\"Negozio\",\"item\":\"https:\/\/iberoid-shop.com\/it\/shop\/\"},{\"@type\":\"ListItem\",\"position\":3,\"name\":\"PACK 3 TRENBOLONE ENANTHATE\"}]},{\"@type\":\"WebSite\",\"@id\":\"https:\/\/iberoid-shop.com\/it\/#website\",\"url\":\"https:\/\/iberoid-shop.com\/it\/\",\"name\":\"Steroidi in linea\",\"description\":\"Acquista steroidi online oggi in Spagna e Portogallo. Abbiamo il miglior servizio clienti del settore e prodotti di altissima qualit\u00e0\",\"potentialAction\":[{\"@type\":\"SearchAction\",\"target\":{\"@type\":\"EntryPoint\",\"urlTemplate\":\"https:\/\/iberoid-shop.com\/it\/?s={search_term_string}\"},\"query-input\":{\"@type\":\"PropertyValueSpecification\",\"valueRequired\":true,\"valueName\":\"search_term_string\"}}],\"inLanguage\":\"it-IT\"}]}<\/script>\n<meta property=\"product:brand\" content=\"Euro Prime Pharmaceuticals (EPF)\" \/>\n<meta property=\"product:price:amount\" content=\"130.00\" \/>\n<meta property=\"product:price:currency\" content=\"EUR\" \/>\n<meta property=\"og:availability\" content=\"instock\" \/>\n<meta property=\"product:availability\" content=\"instock\" \/>\n<meta property=\"product:condition\" content=\"new\" \/>\n<!-- \/ Yoast SEO Premium plugin. -->","yoast_head_json":{"title":"PACK 3 TRENBOLONE ENANTHATE - Steroidi in linea","description":"PACK 3 Trenbolone Enantato \u00e8 un potente anabolizzante per crescita muscolare, forza e definizione, senza aromatizzazione ed effetti duraturi.","robots":{"index":"index","follow":"follow","max-snippet":"max-snippet:-1","max-image-preview":"max-image-preview:large","max-video-preview":"max-video-preview:-1"},"canonical":"https:\/\/iberoid-shop.com\/it\/product\/pack3-trenbolone-enanthate\/","og_locale":"it_IT","og_type":"article","og_title":"PACK 3 TRENBOLONE ENANTHATE","og_description":"PACK 3 Trenbolone Enantato \u00e8 un potente anabolizzante per crescita muscolare, forza e definizione, senza aromatizzazione ed effetti duraturi.","og_url":"https:\/\/iberoid-shop.com\/it\/product\/pack3-trenbolone-enanthate\/","og_site_name":"Steroidi in linea","article_modified_time":"2026-03-30T00:29:23+00:00","og_image":[{"width":720,"height":1280,"url":"https:\/\/iberoid-shop.com\/wp-content\/uploads\/2023\/08\/trr.jpg?v=1693484142","type":"image\/jpeg"}],"twitter_card":"summary_large_image","twitter_misc":{"Prezzo":"&euro;130.00","Disponibilit\u00e0":"In stock"},"schema":{"@context":"https:\/\/schema.org","@graph":[{"@type":"WebPage","@id":"https:\/\/iberoid-shop.com\/it\/product\/pack3-trenbolone-enanthate\/","url":"https:\/\/iberoid-shop.com\/it\/product\/pack3-trenbolone-enanthate\/","name":"PACK 3 TRENBOLONE ENANTHATE - Steroidi in linea","isPartOf":{"@id":"https:\/\/iberoid-shop.com\/it\/#website"},"primaryImageOfPage":{"@id":"https:\/\/iberoid-shop.com\/it\/product\/pack3-trenbolone-enanthate\/#primaryimage"},"image":{"@id":"https:\/\/iberoid-shop.com\/it\/product\/pack3-trenbolone-enanthate\/#primaryimage"},"thumbnailUrl":"https:\/\/iberoid-shop.com\/wp-content\/uploads\/2023\/08\/trr.jpg?v=1693484142","datePublished":"2024-01-25T21:44:46+00:00","dateModified":"2026-03-30T00:29:23+00:00","description":"PACK 3 Trenbolone Enantato \u00e8 un potente anabolizzante per crescita muscolare, forza e definizione, senza aromatizzazione ed effetti duraturi.","breadcrumb":{"@id":"https:\/\/iberoid-shop.com\/it\/product\/pack3-trenbolone-enanthate\/#breadcrumb"},"inLanguage":"it-IT","potentialAction":[{"@type":"ReadAction","target":[["https:\/\/iberoid-shop.com\/it\/product\/pack3-trenbolone-enanthate\/"]]}]},{"@type":"ImageObject","inLanguage":"it-IT","@id":"https:\/\/iberoid-shop.com\/it\/product\/pack3-trenbolone-enanthate\/#primaryimage","url":"https:\/\/iberoid-shop.com\/wp-content\/uploads\/2023\/08\/trr.jpg?v=1693484142","contentUrl":"https:\/\/iberoid-shop.com\/wp-content\/uploads\/2023\/08\/trr.jpg?v=1693484142","width":720,"height":1280},{"@type":"BreadcrumbList","@id":"https:\/\/iberoid-shop.com\/it\/product\/pack3-trenbolone-enanthate\/#breadcrumb","itemListElement":[{"@type":"ListItem","position":1,"name":"Portada","item":"https:\/\/iberoid-shop.com\/it\/"},{"@type":"ListItem","position":2,"name":"Negozio","item":"https:\/\/iberoid-shop.com\/it\/shop\/"},{"@type":"ListItem","position":3,"name":"PACK 3 TRENBOLONE ENANTHATE"}]},{"@type":"WebSite","@id":"https:\/\/iberoid-shop.com\/it\/#website","url":"https:\/\/iberoid-shop.com\/it\/","name":"Steroidi in linea","description":"Acquista steroidi online oggi in Spagna e Portogallo. Abbiamo il miglior servizio clienti del settore e prodotti di altissima qualit\u00e0","potentialAction":[{"@type":"SearchAction","target":{"@type":"EntryPoint","urlTemplate":"https:\/\/iberoid-shop.com\/it\/?s={search_term_string}"},"query-input":{"@type":"PropertyValueSpecification","valueRequired":true,"valueName":"search_term_string"}}],"inLanguage":"it-IT"}]},"product_brand":"Euro Prime Pharmaceuticals (EPF)","product_price_amount":"130.00","product_price_currency":"EUR","og_availability":"instock","product_availability":"instock","product_condition":"new"},"_links":{"self":[{"href":"https:\/\/iberoid-shop.com\/it\/wp-json\/wp\/v2\/product\/9167","targetHints":{"allow":["GET"]}}],"collection":[{"href":"https:\/\/iberoid-shop.com\/it\/wp-json\/wp\/v2\/product"}],"about":[{"href":"https:\/\/iberoid-shop.com\/it\/wp-json\/wp\/v2\/types\/product"}],"replies":[{"embeddable":true,"href":"https:\/\/iberoid-shop.com\/it\/wp-json\/wp\/v2\/comments?post=9167"}],"wp:featuredmedia":[{"embeddable":true,"href":"https:\/\/iberoid-shop.com\/it\/wp-json\/wp\/v2\/media\/8860"}],"wp:attachment":[{"href":"https:\/\/iberoid-shop.com\/it\/wp-json\/wp\/v2\/media?parent=9167"}],"wp:term":[{"taxonomy":"product_brand","embeddable":true,"href":"https:\/\/iberoid-shop.com\/it\/wp-json\/wp\/v2\/product_brand?post=9167"},{"taxonomy":"product_cat","embeddable":true,"href":"https:\/\/iberoid-shop.com\/it\/wp-json\/wp\/v2\/product_cat?post=9167"},{"taxonomy":"product_tag","embeddable":true,"href":"https:\/\/iberoid-shop.com\/it\/wp-json\/wp\/v2\/product_tag?post=9167"}],"curies":[{"name":"wp","href":"https:\/\/api.w.org\/{rel}","templated":true}]}}