{"id":9103,"date":"2023-12-06T15:08:21","date_gmt":"2023-12-06T15:08:21","guid":{"rendered":"https:\/\/iberoid-shop.com\/?post_type=product&#038;p=9103"},"modified":"2026-03-30T00:29:23","modified_gmt":"2026-03-30T00:29:23","slug":"pack3-n-ject","status":"publish","type":"product","link":"https:\/\/iberoid-shop.com\/it\/product\/pack3-n-ject\/","title":{"rendered":"pack 3 N-JECT 200"},"content":{"rendered":"<p><\/p>\n<h1 class=\"h1\">N-JECT 200 10ML<\/h1>\n<p>NANDROLON DECANOATE \u00e8 un preparato anabolizzante iniettabile. Dopo l&#8217;iniezione, il nandrolone decanato viene gradualmente rilasciato dal deposito intramuscolare e successivamente idrolizzato a nandrolone.<\/p>\n<p>Le nandrolone sono indicate per l&#8217;osteoporosi dovuta a carenza di androgeni negli uomini ipogonadici. Inoltre, la cellula muscolare immagazziner\u00e0 pi\u00f9 azoto di quanto ne rilasci, in modo da ottenere un bilancio di azoto positivo. Un bilancio azotato positivo \u00e8 sinonimo di anabolismo e assimila una quantit\u00e0 di proteine maggiore del solito. Il risultato \u00e8 un bilancio positivo dell&#8217;azoto e il conseguente effetto di costruzione delle proteine.<\/p>\n<p>Il nandrolone decanoato, noto come deca, \u00e8 il prodotto pi\u00f9 utilizzato per i cicli di massa muscolare e rappresenta fino al 30% delle vendite totali di steroidi. Ha come principio attivo il nandrolone decanoato. Modo di somministrazione: la dose raccomandata varia da 400 mg a 600 mg a settimana. La dose ottimale per ciascuno viene calcolata moltiplicando 6 mg di deca durabolin per il numero di kg. Una volta somministrato, rimane attivo nell&#8217;organismo tra 7 e 10 giorni. La ritenzione idrica \u00e8 moderata.<\/p>","protected":false},"excerpt":{"rendered":"<p>N-JECT 200 10ML NANDROLON DECANOATE \u00e8 un preparato anabolizzante iniettabile. Dopo l&#8217;iniezione, il nandrolone decanato viene gradualmente rilasciato dal deposito<\/p>\n","protected":false},"featured_media":8399,"comment_status":"open","ping_status":"closed","template":"","meta":[],"product_brand":[],"product_cat":[69,3474],"product_tag":[],"class_list":{"0":"post-9103","1":"product","2":"type-product","3":"status-publish","4":"has-post-thumbnail","6":"product_cat-esteroides_inyectables","7":"product_cat-packs","9":"first","10":"instock","11":"sale","12":"shipping-taxable","13":"purchasable","14":"product-type-simple"},"yoast_head":"<!-- This site is optimized with the Yoast SEO Premium plugin v24.4 (Yoast SEO v27.3) - https:\/\/yoast.com\/product\/yoast-seo-premium-wordpress\/ -->\n<title>pack 3 N-JECT 200 - Steroidi in linea<\/title>\n<meta name=\"description\" content=\"Il NANDROLON DECANOATE (N-JECT 200) \u00e8 un popolare steroide iniettabile che promuove un bilancio azotato positivo per significativi guadagni di massa muscolare.\" \/>\n<meta name=\"robots\" content=\"index, follow, max-snippet:-1, max-image-preview:large, max-video-preview:-1\" \/>\n<link rel=\"canonical\" href=\"https:\/\/iberoid-shop.com\/it\/product\/pack3-n-ject\/\" \/>\n<meta property=\"og:locale\" content=\"it_IT\" \/>\n<meta property=\"og:type\" content=\"article\" \/>\n<meta property=\"og:title\" content=\"pack 3 N-JECT 200\" \/>\n<meta property=\"og:description\" content=\"Il NANDROLON DECANOATE (N-JECT 200) \u00e8 un popolare steroide iniettabile che promuove un bilancio azotato positivo per significativi guadagni di massa muscolare.\" \/>\n<meta property=\"og:url\" content=\"https:\/\/iberoid-shop.com\/it\/product\/pack3-n-ject\/\" \/>\n<meta property=\"og:site_name\" content=\"Steroidi in linea\" \/>\n<meta property=\"article:modified_time\" content=\"2026-03-30T00:29:23+00:00\" \/>\n<meta property=\"og:image\" content=\"https:\/\/iberoid-shop.com\/wp-content\/uploads\/2023\/03\/nject.jpg?v=1697732449\" \/>\n\t<meta property=\"og:image:width\" content=\"486\" \/>\n\t<meta property=\"og:image:height\" content=\"666\" \/>\n\t<meta property=\"og:image:type\" content=\"image\/jpeg\" \/>\n<meta name=\"twitter:card\" content=\"summary_large_image\" \/>\n<meta name=\"twitter:label1\" content=\"Prezzo\" \/>\n\t<meta name=\"twitter:data1\" content=\"&euro;55.00\" \/>\n\t<meta name=\"twitter:label2\" content=\"Disponibilit\u00e0\" \/>\n\t<meta name=\"twitter:data2\" content=\"In stock\" \/>\n<script type=\"application\/ld+json\" class=\"yoast-schema-graph\">{\"@context\":\"https:\\\/\\\/schema.org\",\"@graph\":[{\"@type\":\"WebPage\",\"@id\":\"https:\\\/\\\/iberoid-shop.com\\\/it\\\/product\\\/pack3-n-ject\\\/\",\"url\":\"https:\\\/\\\/iberoid-shop.com\\\/it\\\/product\\\/pack3-n-ject\\\/\",\"name\":\"pack 3 N-JECT 200 - Steroidi in linea\",\"isPartOf\":{\"@id\":\"https:\\\/\\\/iberoid-shop.com\\\/it\\\/#website\"},\"primaryImageOfPage\":{\"@id\":\"https:\\\/\\\/iberoid-shop.com\\\/it\\\/product\\\/pack3-n-ject\\\/#primaryimage\"},\"image\":{\"@id\":\"https:\\\/\\\/iberoid-shop.com\\\/it\\\/product\\\/pack3-n-ject\\\/#primaryimage\"},\"thumbnailUrl\":\"https:\\\/\\\/iberoid-shop.com\\\/wp-content\\\/uploads\\\/2023\\\/03\\\/nject.jpg?v=1697732449\",\"datePublished\":\"2023-12-06T15:08:21+00:00\",\"dateModified\":\"2026-03-30T00:29:23+00:00\",\"description\":\"Il NANDROLON DECANOATE (N-JECT 200) \u00e8 un popolare steroide iniettabile che promuove un bilancio azotato positivo per significativi guadagni di massa muscolare.\",\"breadcrumb\":{\"@id\":\"https:\\\/\\\/iberoid-shop.com\\\/it\\\/product\\\/pack3-n-ject\\\/#breadcrumb\"},\"inLanguage\":\"it-IT\",\"potentialAction\":[{\"@type\":\"ReadAction\",\"target\":[[\"https:\\\/\\\/iberoid-shop.com\\\/it\\\/product\\\/pack3-n-ject\\\/\"]]}]},{\"@type\":\"ImageObject\",\"inLanguage\":\"it-IT\",\"@id\":\"https:\\\/\\\/iberoid-shop.com\\\/it\\\/product\\\/pack3-n-ject\\\/#primaryimage\",\"url\":\"https:\\\/\\\/iberoid-shop.com\\\/wp-content\\\/uploads\\\/2023\\\/03\\\/nject.jpg?v=1697732449\",\"contentUrl\":\"https:\\\/\\\/iberoid-shop.com\\\/wp-content\\\/uploads\\\/2023\\\/03\\\/nject.jpg?v=1697732449\",\"width\":486,\"height\":666},{\"@type\":\"BreadcrumbList\",\"@id\":\"https:\\\/\\\/iberoid-shop.com\\\/it\\\/product\\\/pack3-n-ject\\\/#breadcrumb\",\"itemListElement\":[{\"@type\":\"ListItem\",\"position\":1,\"name\":\"Portada\",\"item\":\"https:\\\/\\\/iberoid-shop.com\\\/it\\\/\"},{\"@type\":\"ListItem\",\"position\":2,\"name\":\"Negozio\",\"item\":\"https:\\\/\\\/iberoid-shop.com\\\/it\\\/shop\\\/\"},{\"@type\":\"ListItem\",\"position\":3,\"name\":\"pack 3 N-JECT 200\"}]},{\"@type\":\"WebSite\",\"@id\":\"https:\\\/\\\/iberoid-shop.com\\\/it\\\/#website\",\"url\":\"https:\\\/\\\/iberoid-shop.com\\\/it\\\/\",\"name\":\"Steroidi in linea\",\"description\":\"Acquista steroidi online oggi in Spagna e Portogallo. Abbiamo il miglior servizio clienti del settore e prodotti di altissima qualit\u00e0\",\"potentialAction\":[{\"@type\":\"SearchAction\",\"target\":{\"@type\":\"EntryPoint\",\"urlTemplate\":\"https:\\\/\\\/iberoid-shop.com\\\/it\\\/?s={search_term_string}\"},\"query-input\":{\"@type\":\"PropertyValueSpecification\",\"valueRequired\":true,\"valueName\":\"search_term_string\"}}],\"inLanguage\":\"it-IT\"}]}<\/script>\n<meta property=\"product:brand\" content=\"Mp-Pharm\" \/>\n<meta property=\"product:price:amount\" content=\"55.00\" \/>\n<meta property=\"product:price:currency\" content=\"EUR\" \/>\n<meta property=\"og:availability\" content=\"instock\" \/>\n<meta property=\"product:availability\" content=\"instock\" \/>\n<meta property=\"product:condition\" content=\"new\" \/>\n<!-- \/ Yoast SEO Premium plugin. -->","yoast_head_json":{"title":"pack 3 N-JECT 200 - Steroidi in linea","description":"Il NANDROLON DECANOATE (N-JECT 200) \u00e8 un popolare steroide iniettabile che promuove un bilancio azotato positivo per significativi guadagni di massa muscolare.","robots":{"index":"index","follow":"follow","max-snippet":"max-snippet:-1","max-image-preview":"max-image-preview:large","max-video-preview":"max-video-preview:-1"},"canonical":"https:\/\/iberoid-shop.com\/it\/product\/pack3-n-ject\/","og_locale":"it_IT","og_type":"article","og_title":"pack 3 N-JECT 200","og_description":"Il NANDROLON DECANOATE (N-JECT 200) \u00e8 un popolare steroide iniettabile che promuove un bilancio azotato positivo per significativi guadagni di massa muscolare.","og_url":"https:\/\/iberoid-shop.com\/it\/product\/pack3-n-ject\/","og_site_name":"Steroidi in linea","article_modified_time":"2026-03-30T00:29:23+00:00","og_image":[{"width":486,"height":666,"url":"https:\/\/iberoid-shop.com\/wp-content\/uploads\/2023\/03\/nject.jpg?v=1697732449","type":"image\/jpeg"}],"twitter_card":"summary_large_image","twitter_misc":{"Prezzo":"&euro;55.00","Disponibilit\u00e0":"In stock"},"schema":{"@context":"https:\/\/schema.org","@graph":[{"@type":"WebPage","@id":"https:\/\/iberoid-shop.com\/it\/product\/pack3-n-ject\/","url":"https:\/\/iberoid-shop.com\/it\/product\/pack3-n-ject\/","name":"pack 3 N-JECT 200 - Steroidi in linea","isPartOf":{"@id":"https:\/\/iberoid-shop.com\/it\/#website"},"primaryImageOfPage":{"@id":"https:\/\/iberoid-shop.com\/it\/product\/pack3-n-ject\/#primaryimage"},"image":{"@id":"https:\/\/iberoid-shop.com\/it\/product\/pack3-n-ject\/#primaryimage"},"thumbnailUrl":"https:\/\/iberoid-shop.com\/wp-content\/uploads\/2023\/03\/nject.jpg?v=1697732449","datePublished":"2023-12-06T15:08:21+00:00","dateModified":"2026-03-30T00:29:23+00:00","description":"Il NANDROLON DECANOATE (N-JECT 200) \u00e8 un popolare steroide iniettabile che promuove un bilancio azotato positivo per significativi guadagni di massa muscolare.","breadcrumb":{"@id":"https:\/\/iberoid-shop.com\/it\/product\/pack3-n-ject\/#breadcrumb"},"inLanguage":"it-IT","potentialAction":[{"@type":"ReadAction","target":[["https:\/\/iberoid-shop.com\/it\/product\/pack3-n-ject\/"]]}]},{"@type":"ImageObject","inLanguage":"it-IT","@id":"https:\/\/iberoid-shop.com\/it\/product\/pack3-n-ject\/#primaryimage","url":"https:\/\/iberoid-shop.com\/wp-content\/uploads\/2023\/03\/nject.jpg?v=1697732449","contentUrl":"https:\/\/iberoid-shop.com\/wp-content\/uploads\/2023\/03\/nject.jpg?v=1697732449","width":486,"height":666},{"@type":"BreadcrumbList","@id":"https:\/\/iberoid-shop.com\/it\/product\/pack3-n-ject\/#breadcrumb","itemListElement":[{"@type":"ListItem","position":1,"name":"Portada","item":"https:\/\/iberoid-shop.com\/it\/"},{"@type":"ListItem","position":2,"name":"Negozio","item":"https:\/\/iberoid-shop.com\/it\/shop\/"},{"@type":"ListItem","position":3,"name":"pack 3 N-JECT 200"}]},{"@type":"WebSite","@id":"https:\/\/iberoid-shop.com\/it\/#website","url":"https:\/\/iberoid-shop.com\/it\/","name":"Steroidi in linea","description":"Acquista steroidi online oggi in Spagna e Portogallo. Abbiamo il miglior servizio clienti del settore e prodotti di altissima qualit\u00e0","potentialAction":[{"@type":"SearchAction","target":{"@type":"EntryPoint","urlTemplate":"https:\/\/iberoid-shop.com\/it\/?s={search_term_string}"},"query-input":{"@type":"PropertyValueSpecification","valueRequired":true,"valueName":"search_term_string"}}],"inLanguage":"it-IT"}]},"product_brand":"Mp-Pharm","product_price_amount":"55.00","product_price_currency":"EUR","og_availability":"instock","product_availability":"instock","product_condition":"new"},"_links":{"self":[{"href":"https:\/\/iberoid-shop.com\/it\/wp-json\/wp\/v2\/product\/9103","targetHints":{"allow":["GET"]}}],"collection":[{"href":"https:\/\/iberoid-shop.com\/it\/wp-json\/wp\/v2\/product"}],"about":[{"href":"https:\/\/iberoid-shop.com\/it\/wp-json\/wp\/v2\/types\/product"}],"replies":[{"embeddable":true,"href":"https:\/\/iberoid-shop.com\/it\/wp-json\/wp\/v2\/comments?post=9103"}],"wp:featuredmedia":[{"embeddable":true,"href":"https:\/\/iberoid-shop.com\/it\/wp-json\/wp\/v2\/media\/8399"}],"wp:attachment":[{"href":"https:\/\/iberoid-shop.com\/it\/wp-json\/wp\/v2\/media?parent=9103"}],"wp:term":[{"taxonomy":"product_brand","embeddable":true,"href":"https:\/\/iberoid-shop.com\/it\/wp-json\/wp\/v2\/product_brand?post=9103"},{"taxonomy":"product_cat","embeddable":true,"href":"https:\/\/iberoid-shop.com\/it\/wp-json\/wp\/v2\/product_cat?post=9103"},{"taxonomy":"product_tag","embeddable":true,"href":"https:\/\/iberoid-shop.com\/it\/wp-json\/wp\/v2\/product_tag?post=9103"}],"curies":[{"name":"wp","href":"https:\/\/api.w.org\/{rel}","templated":true}]}}