{"id":8912,"date":"2023-09-15T13:34:30","date_gmt":"2023-09-15T13:34:30","guid":{"rendered":"https:\/\/iberoid-shop.com\/?post_type=product&#038;p=8912"},"modified":"2024-12-05T21:03:53","modified_gmt":"2024-12-05T21:03:53","slug":"diaturabol-10-mg-turinabol-diamond-pharmagroup","status":"publish","type":"product","link":"https:\/\/iberoid-shop.com\/it\/product\/diaturabol-10-mg-turinabol-diamond-pharmagroup\/","title":{"rendered":"DIATURABOL 10 mg \/ TURINABOL"},"content":{"rendered":"<p>Turanabol \u00e8 uno steroide orale con clorodeidrometiltestosterone come principio attivo.<br \/>\n\u00c8 molto simile a Danabol, ma rispetto a Danabol ha una molecola di cloro in pi\u00f9. Questa differenza significa che Turanabol non provoca ritenzione idrica e non provoca ginecomastia. (rare eccezioni)<\/p>\n<p>Profilo steroide:<br \/>\n-Attivit\u00e0 anabolica 180%<br \/>\n-attivit\u00e0 androgenica 50%<br \/>\n-aromatizzazione (conversione in estrogeni)-No<br \/>\n-interrompere la propria produzione di testosterone-S\u00ec<br \/>\n&#8211; tossicit\u00e0 epatica &#8211; moderata<br \/>\n&#8211; periodo attivo &#8211; 16 ore<br \/>\n&#8211; il periodo di rilevamento del test \u00e8 di 250 giorni<\/p>\n<p>Questo steroide ha un effetto duraturo.<br \/>\nL&#8217;aumento della massa muscolare e della forza avviene gradualmente, ma anche la qualit\u00e0 muscolare \u00e8 secondo gli atleti di qualit\u00e0 superiore rispetto ad altri steroidi orali.<br \/>\nCome ho detto, il turanabol non provoca ritenzione idrica e non provoca ginecomastia. Non \u00e8 aromatizzato.<br \/>\nGli studi dimostrano che il turinabol riduce il rischio di formazione di coaguli sanguigni nei vasi sanguigni e nel cuore.<\/p>\n<p>Trattamenti con Torinobol.<br \/>\nDurante i preparativi per le Olimpiadi \u00e8 stato scelto il dosaggio ottimale riducendo al minimo gli effetti collaterali. Questo dosaggio \u00e8 di 20-40 mg di Turanabol al giorno, ma i bodybuilder non tengono conto di questi dosaggi e superano di gran lunga il dosaggio raggiungendo 100-150 mg al giorno.<\/p>\n<p>Turinabol pu\u00f2 essere utilizzato sia per cicli di crescita muscolare che per cicli di definizione. Se il ciclo semplice di turinabol non supera le 6-8 settimane, allora l\u2019uso di pregnyl o gonadotropina non \u00e8 indicato come post ciclo. Ma \u00e8 indicato l&#8217;uso del tamoxifene.<\/p>\n<p>Il semplice trattamento con turinabol \u00e8 considerato il ciclo di steroidi pi\u00f9 semplice per i principianti con effetti collaterali minimi. Per il primo ciclo verranno utilizzati 40 mg di turinabol al giorno per 6 settimane.<\/p>\n<p>Turinabol testosterone enantato<br \/>\nUtilizzeremo testosterone enantato o sustanon 250-500 mg a settimana e 20-30 mg di turinabol. Per aumentare la forza e la massa muscolare.<\/p>\n<p>Pugili, atleti, combattenti e altri atleti che non sono interessati ad aumentare la massa muscolare ma vogliono migliorare i propri risultati di forza e resistenza utilizzeranno un dosaggio inferiore di 10-20 mg di turinabol al giorno. L&#8217;ideale sarebbe dividerlo in 2 porzioni per mantenere il livello del principio attivo nel sangue durante tutta la giornata.<br \/>\nNon ha senso che venga utilizzato da coloro che hanno superato un test antidoping, perch\u00e9 il periodo di rilevamento \u00e8 estremamente lungo. Fino a 250 giorni.<\/p>\n<p>Effetti collaterali:<br \/>\nTurinabol \u00e8 indicato solo per gli uomini<br \/>\nNelle donne provoca un ispessimento della voce, la crescita dei peli del viso e altri effetti androgenici irreversibili!<br \/>\nPer gli uomini non \u00e8 consigliabile superare il ciclo di 8 settimane.<br \/>\nSe il periodo viene superato, potrebbero comparire i seguenti effetti collaterali:<br \/>\n\u2043 malattie del fegato<br \/>\n\u2043 Malattie della prostata<br \/>\n\u2043 Pelle grassa<br \/>\n\u2043 Insonnia<br \/>\n\u2043 Aggressivit\u00e0<br \/>\n\u2043 Chiusura dei segmenti ossei (i giovani non crescono pi\u00f9 in altezza)<br \/>\n\u2043 impotenza<\/p>\n<p>Questi effetti collaterali sono stati riscontrati in persone che hanno superato la dose raccomandata e hanno mantenuto i cicli di turinabol per 2-5 anni.<br \/>\nConsultare il proprio medico prima di iniziare a usare Turanabol.<\/p>","protected":false},"excerpt":{"rendered":"<p>Turanabol \u00e8 uno steroide orale con clorodeidrometiltestosterone come principio attivo. \u00c8 molto simile a Danabol, ma rispetto a Danabol ha<\/p>\n","protected":false},"featured_media":8915,"comment_status":"open","ping_status":"closed","template":"","meta":[],"product_brand":[],"product_cat":[73],"product_tag":[],"class_list":{"0":"post-8912","1":"product","2":"type-product","3":"status-publish","4":"has-post-thumbnail","6":"product_cat-ssteroides_orales","8":"first","9":"outofstock","10":"shipping-taxable","11":"purchasable","12":"product-type-simple"},"yoast_head":"<!-- This site is optimized with the Yoast SEO Premium plugin v24.4 (Yoast SEO v27.3) - https:\/\/yoast.com\/product\/yoast-seo-premium-wordpress\/ -->\n<title>DIATURABOL 10 mg \/ TURINABOL - Steroidi in linea<\/title>\n<meta name=\"robots\" content=\"index, follow, max-snippet:-1, max-image-preview:large, max-video-preview:-1\" \/>\n<link rel=\"canonical\" href=\"https:\/\/iberoid-shop.com\/it\/product\/diaturabol-10-mg-turinabol-diamond-pharmagroup\/\" \/>\n<meta property=\"og:locale\" content=\"it_IT\" \/>\n<meta property=\"og:type\" content=\"article\" \/>\n<meta property=\"og:title\" content=\"DIATURABOL 10 mg \/ TURINABOL\" \/>\n<meta property=\"og:description\" content=\"Turanabol \u00e8 uno steroide orale con clorodeidrometiltestosterone come principio attivo. \u00c8 molto simile a Danabol, ma rispetto a Danabol ha\" \/>\n<meta property=\"og:url\" content=\"https:\/\/iberoid-shop.com\/it\/product\/diaturabol-10-mg-turinabol-diamond-pharmagroup\/\" \/>\n<meta property=\"og:site_name\" content=\"Steroidi in linea\" \/>\n<meta property=\"article:modified_time\" content=\"2024-12-05T21:03:53+00:00\" \/>\n<meta property=\"og:image\" content=\"https:\/\/iberoid-shop.com\/wp-content\/uploads\/2023\/09\/diaturabol-10-2-1.png?v=1694784744\" \/>\n\t<meta property=\"og:image:width\" content=\"1250\" \/>\n\t<meta property=\"og:image:height\" content=\"1100\" \/>\n\t<meta property=\"og:image:type\" content=\"image\/png\" \/>\n<meta name=\"twitter:card\" content=\"summary_large_image\" \/>\n<meta name=\"twitter:label1\" content=\"Prezzo\" \/>\n\t<meta name=\"twitter:data1\" content=\"&euro;45.00\" \/>\n\t<meta name=\"twitter:label2\" content=\"Disponibilit\u00e0\" \/>\n\t<meta name=\"twitter:data2\" content=\"Esaurito\" \/>\n<script type=\"application\/ld+json\" class=\"yoast-schema-graph\">{\"@context\":\"https:\\\/\\\/schema.org\",\"@graph\":[{\"@type\":\"WebPage\",\"@id\":\"https:\\\/\\\/iberoid-shop.com\\\/it\\\/product\\\/diaturabol-10-mg-turinabol-diamond-pharmagroup\\\/\",\"url\":\"https:\\\/\\\/iberoid-shop.com\\\/it\\\/product\\\/diaturabol-10-mg-turinabol-diamond-pharmagroup\\\/\",\"name\":\"DIATURABOL 10 mg \\\/ TURINABOL - Steroidi in linea\",\"isPartOf\":{\"@id\":\"https:\\\/\\\/iberoid-shop.com\\\/it\\\/#website\"},\"primaryImageOfPage\":{\"@id\":\"https:\\\/\\\/iberoid-shop.com\\\/it\\\/product\\\/diaturabol-10-mg-turinabol-diamond-pharmagroup\\\/#primaryimage\"},\"image\":{\"@id\":\"https:\\\/\\\/iberoid-shop.com\\\/it\\\/product\\\/diaturabol-10-mg-turinabol-diamond-pharmagroup\\\/#primaryimage\"},\"thumbnailUrl\":\"https:\\\/\\\/iberoid-shop.com\\\/wp-content\\\/uploads\\\/2023\\\/09\\\/diaturabol-10-2-1.png?v=1694784744\",\"datePublished\":\"2023-09-15T13:34:30+00:00\",\"dateModified\":\"2024-12-05T21:03:53+00:00\",\"breadcrumb\":{\"@id\":\"https:\\\/\\\/iberoid-shop.com\\\/it\\\/product\\\/diaturabol-10-mg-turinabol-diamond-pharmagroup\\\/#breadcrumb\"},\"inLanguage\":\"it-IT\",\"potentialAction\":[{\"@type\":\"ReadAction\",\"target\":[[\"https:\\\/\\\/iberoid-shop.com\\\/it\\\/product\\\/diaturabol-10-mg-turinabol-diamond-pharmagroup\\\/\"]]}]},{\"@type\":\"ImageObject\",\"inLanguage\":\"it-IT\",\"@id\":\"https:\\\/\\\/iberoid-shop.com\\\/it\\\/product\\\/diaturabol-10-mg-turinabol-diamond-pharmagroup\\\/#primaryimage\",\"url\":\"https:\\\/\\\/iberoid-shop.com\\\/wp-content\\\/uploads\\\/2023\\\/09\\\/diaturabol-10-2-1.png?v=1694784744\",\"contentUrl\":\"https:\\\/\\\/iberoid-shop.com\\\/wp-content\\\/uploads\\\/2023\\\/09\\\/diaturabol-10-2-1.png?v=1694784744\",\"width\":1250,\"height\":1100},{\"@type\":\"BreadcrumbList\",\"@id\":\"https:\\\/\\\/iberoid-shop.com\\\/it\\\/product\\\/diaturabol-10-mg-turinabol-diamond-pharmagroup\\\/#breadcrumb\",\"itemListElement\":[{\"@type\":\"ListItem\",\"position\":1,\"name\":\"Portada\",\"item\":\"https:\\\/\\\/iberoid-shop.com\\\/it\\\/\"},{\"@type\":\"ListItem\",\"position\":2,\"name\":\"Negozio\",\"item\":\"https:\\\/\\\/iberoid-shop.com\\\/it\\\/shop\\\/\"},{\"@type\":\"ListItem\",\"position\":3,\"name\":\"DIATURABOL 10 mg \\\/ TURINABOL\"}]},{\"@type\":\"WebSite\",\"@id\":\"https:\\\/\\\/iberoid-shop.com\\\/it\\\/#website\",\"url\":\"https:\\\/\\\/iberoid-shop.com\\\/it\\\/\",\"name\":\"Steroidi in linea\",\"description\":\"Acquista steroidi online oggi in Spagna e Portogallo. Abbiamo il miglior servizio clienti del settore e prodotti di altissima qualit\u00e0\",\"potentialAction\":[{\"@type\":\"SearchAction\",\"target\":{\"@type\":\"EntryPoint\",\"urlTemplate\":\"https:\\\/\\\/iberoid-shop.com\\\/it\\\/?s={search_term_string}\"},\"query-input\":{\"@type\":\"PropertyValueSpecification\",\"valueRequired\":true,\"valueName\":\"search_term_string\"}}],\"inLanguage\":\"it-IT\"}]}<\/script>\n<meta property=\"product:brand\" content=\"Diamond Pharma\" \/>\n<meta property=\"product:price:amount\" content=\"45.00\" \/>\n<meta property=\"product:price:currency\" content=\"EUR\" \/>\n<meta property=\"og:availability\" content=\"out of stock\" \/>\n<meta property=\"product:availability\" content=\"out of stock\" \/>\n<meta property=\"product:condition\" content=\"new\" \/>\n<!-- \/ Yoast SEO Premium plugin. -->","yoast_head_json":{"title":"DIATURABOL 10 mg \/ TURINABOL - Steroidi in linea","robots":{"index":"index","follow":"follow","max-snippet":"max-snippet:-1","max-image-preview":"max-image-preview:large","max-video-preview":"max-video-preview:-1"},"canonical":"https:\/\/iberoid-shop.com\/it\/product\/diaturabol-10-mg-turinabol-diamond-pharmagroup\/","og_locale":"it_IT","og_type":"article","og_title":"DIATURABOL 10 mg \/ TURINABOL","og_description":"Turanabol \u00e8 uno steroide orale con clorodeidrometiltestosterone come principio attivo. \u00c8 molto simile a Danabol, ma rispetto a Danabol ha","og_url":"https:\/\/iberoid-shop.com\/it\/product\/diaturabol-10-mg-turinabol-diamond-pharmagroup\/","og_site_name":"Steroidi in linea","article_modified_time":"2024-12-05T21:03:53+00:00","og_image":[{"width":1250,"height":1100,"url":"https:\/\/iberoid-shop.com\/wp-content\/uploads\/2023\/09\/diaturabol-10-2-1.png?v=1694784744","type":"image\/png"}],"twitter_card":"summary_large_image","twitter_misc":{"Prezzo":"&euro;45.00","Disponibilit\u00e0":"Esaurito"},"schema":{"@context":"https:\/\/schema.org","@graph":[{"@type":"WebPage","@id":"https:\/\/iberoid-shop.com\/it\/product\/diaturabol-10-mg-turinabol-diamond-pharmagroup\/","url":"https:\/\/iberoid-shop.com\/it\/product\/diaturabol-10-mg-turinabol-diamond-pharmagroup\/","name":"DIATURABOL 10 mg \/ TURINABOL - Steroidi in linea","isPartOf":{"@id":"https:\/\/iberoid-shop.com\/it\/#website"},"primaryImageOfPage":{"@id":"https:\/\/iberoid-shop.com\/it\/product\/diaturabol-10-mg-turinabol-diamond-pharmagroup\/#primaryimage"},"image":{"@id":"https:\/\/iberoid-shop.com\/it\/product\/diaturabol-10-mg-turinabol-diamond-pharmagroup\/#primaryimage"},"thumbnailUrl":"https:\/\/iberoid-shop.com\/wp-content\/uploads\/2023\/09\/diaturabol-10-2-1.png?v=1694784744","datePublished":"2023-09-15T13:34:30+00:00","dateModified":"2024-12-05T21:03:53+00:00","breadcrumb":{"@id":"https:\/\/iberoid-shop.com\/it\/product\/diaturabol-10-mg-turinabol-diamond-pharmagroup\/#breadcrumb"},"inLanguage":"it-IT","potentialAction":[{"@type":"ReadAction","target":[["https:\/\/iberoid-shop.com\/it\/product\/diaturabol-10-mg-turinabol-diamond-pharmagroup\/"]]}]},{"@type":"ImageObject","inLanguage":"it-IT","@id":"https:\/\/iberoid-shop.com\/it\/product\/diaturabol-10-mg-turinabol-diamond-pharmagroup\/#primaryimage","url":"https:\/\/iberoid-shop.com\/wp-content\/uploads\/2023\/09\/diaturabol-10-2-1.png?v=1694784744","contentUrl":"https:\/\/iberoid-shop.com\/wp-content\/uploads\/2023\/09\/diaturabol-10-2-1.png?v=1694784744","width":1250,"height":1100},{"@type":"BreadcrumbList","@id":"https:\/\/iberoid-shop.com\/it\/product\/diaturabol-10-mg-turinabol-diamond-pharmagroup\/#breadcrumb","itemListElement":[{"@type":"ListItem","position":1,"name":"Portada","item":"https:\/\/iberoid-shop.com\/it\/"},{"@type":"ListItem","position":2,"name":"Negozio","item":"https:\/\/iberoid-shop.com\/it\/shop\/"},{"@type":"ListItem","position":3,"name":"DIATURABOL 10 mg \/ TURINABOL"}]},{"@type":"WebSite","@id":"https:\/\/iberoid-shop.com\/it\/#website","url":"https:\/\/iberoid-shop.com\/it\/","name":"Steroidi in linea","description":"Acquista steroidi online oggi in Spagna e Portogallo. Abbiamo il miglior servizio clienti del settore e prodotti di altissima qualit\u00e0","potentialAction":[{"@type":"SearchAction","target":{"@type":"EntryPoint","urlTemplate":"https:\/\/iberoid-shop.com\/it\/?s={search_term_string}"},"query-input":{"@type":"PropertyValueSpecification","valueRequired":true,"valueName":"search_term_string"}}],"inLanguage":"it-IT"}]},"product_brand":"Diamond Pharma","product_price_amount":"45.00","product_price_currency":"EUR","og_availability":"out of stock","product_availability":"out of stock","product_condition":"new"},"_links":{"self":[{"href":"https:\/\/iberoid-shop.com\/it\/wp-json\/wp\/v2\/product\/8912","targetHints":{"allow":["GET"]}}],"collection":[{"href":"https:\/\/iberoid-shop.com\/it\/wp-json\/wp\/v2\/product"}],"about":[{"href":"https:\/\/iberoid-shop.com\/it\/wp-json\/wp\/v2\/types\/product"}],"replies":[{"embeddable":true,"href":"https:\/\/iberoid-shop.com\/it\/wp-json\/wp\/v2\/comments?post=8912"}],"wp:featuredmedia":[{"embeddable":true,"href":"https:\/\/iberoid-shop.com\/it\/wp-json\/wp\/v2\/media\/8915"}],"wp:attachment":[{"href":"https:\/\/iberoid-shop.com\/it\/wp-json\/wp\/v2\/media?parent=8912"}],"wp:term":[{"taxonomy":"product_brand","embeddable":true,"href":"https:\/\/iberoid-shop.com\/it\/wp-json\/wp\/v2\/product_brand?post=8912"},{"taxonomy":"product_cat","embeddable":true,"href":"https:\/\/iberoid-shop.com\/it\/wp-json\/wp\/v2\/product_cat?post=8912"},{"taxonomy":"product_tag","embeddable":true,"href":"https:\/\/iberoid-shop.com\/it\/wp-json\/wp\/v2\/product_tag?post=8912"}],"curies":[{"name":"wp","href":"https:\/\/api.w.org\/{rel}","templated":true}]}}