{"id":8831,"date":"2023-08-18T13:54:51","date_gmt":"2023-08-18T13:54:51","guid":{"rendered":"https:\/\/iberoid-shop.com\/?post_type=product&#038;p=8831"},"modified":"2026-02-08T12:10:28","modified_gmt":"2026-02-08T12:10:28","slug":"testoged-ppremium-testosteron-propionate-epf","status":"publish","type":"product","link":"https:\/\/iberoid-shop.com\/it\/product\/testoged-ppremium-testosteron-propionate-epf\/","title":{"rendered":"TESTOGED P premium \/ TESTOSTERON PROPIONATE"},"content":{"rendered":"<p>Il principio attivo del flaconcino Golden Dragon Testoged P da 10 ml \u00e8 il testosterone propionato. Il farmaco era all\u2019inizio della creazione degli steroidi androgeni. Un gran numero di atleti ha apprezzato l\u2019efficacia di Testoged P in caso di crescita rapida di dimensioni e potenza, e tu potresti essere una di quelle persone! Rispetto al resto degli steroidi iniettabili, dove vengono utilizzati altri tipi di testosterone, Testoged P funziona veramente velocemente. Ci\u00f2 significa che la vita attiva del farmaco nell\u2019organismo del consumatore, dopo l\u2019iniezione, durer\u00e0 un giorno intero. Le funzioni androgene e anaboliche del farmaco sono le stesse produttive. Durante l&#8217;assunzione di questo farmaco durante il periodo di taglio, la massa muscolare verr\u00e0 sicuramente mantenuta.<\/p>\n<p>La somministrazione di Golden Dragon Testoged P 10ml stimola la ritenzione di azoto nei tessuti del corpo e supporta anche la sintesi delle proteine. Il farmaco \u00e8 utile anche per favorire l&#8217;afflusso di sangue alla muscolatura e per lo sviluppo di nuove fibre muscolari. Per il notevole aumento delle dimensioni muscolari, il farmaco potrebbe essere combinato con Nandrolone, Winstrol o Methandienone. Per evitare effetti negativi estrogenici, il farmaco viene solitamente combinato con Proviron o Tamoxifen.<\/p>\n<p>Dosaggio<\/p>\n<p>La dose abituale maschile va da 50 a 200 mg al giorno; la dose giornaliera femminile deve essere molto pi\u00f9 bassa, da 25 a 50 mg. Il funzionamento attivo del testosterone propionato viene raggiunto molto pi\u00f9 velocemente rispetto ai testosterone Cypionate ed Enathate. Gli atleti esperti preferiscono questa caratteristica specifica di Testoged P. Golden Dragon Testoged P \u00e8 efficace per circa due giorni, dopo la somministrazione di una dose da 50 mg. Sebbene, ad esempio, l\u2019assunzione di testosterone enantato mostri un aumento dell\u2019indice di testosterone fino a 14 giorni, la peculiarit\u00e0 benefica del testosterone propionato \u00e8 la sua rapida pulizia dall\u2019organismo dell\u2019utente. Questa caratteristica rende necessario assumere il farmaco pi\u00f9 spesso degli altri testosterone (per essere precisi, una volta al giorno o una volta ogni due giorni).<\/p>\n<p>La maggior parte dei cicli di steroidi si basa sul testosterone. Grazie alle sue caratteristiche, la potenza e la dimensione della muscolatura dell\u2019atleta vengono effettivamente aumentate.<\/p>\n<p>Effetti collaterali<\/p>\n<p>Poich\u00e9 il periodo di funzionamento attivo del Testosterone Propionato \u00e8 pi\u00f9 breve rispetto al periodo di Cypionate o Enanthate, il numero di possibili effetti negativi \u00e8 inferiore. In ogni caso, c\u2019\u00e8 sempre la possibilit\u00e0 che si manifestino effetti collaterali, quando si assume una dose superiore a quella consentita o quando l\u2019utente \u00e8 predisposto alla manifestazione di effetti negativi. Per evitare al massimo gli effetti indesiderati causati dagli estrogeni, sar\u00e0 necessario l&#8217;aggiunta di preparati antiestrogeni. Gli esempi di farmaci pi\u00f9 adatti sono Anastrozolo, Proviron e Tamoxifene. Gli effetti negativi di Testoged P sono i seguenti: brufoli, calvizie, sfregamenti e infiammazioni nel punto dell&#8217;iniezione, crescita accelerata dei peli sul corpo. L\u2019alta pressione sanguigna \u00e8 un effetto piuttosto raro della somministrazione di testosterone propionato. A causa del grave effetto mascolinizzante del farmaco, \u00e8 meglio per le atlete evitare l\u2019uso di Testoged P. Utilizzando dosi troppo elevate potrebbe verificarsi l&#8217;aromatizzazione.<\/p>","protected":false},"excerpt":{"rendered":"<p>Il principio attivo del flaconcino Golden Dragon Testoged P da 10 ml \u00e8 il testosterone propionato. Il farmaco era all\u2019inizio<\/p>\n","protected":false},"featured_media":8833,"comment_status":"open","ping_status":"closed","template":"","meta":[],"product_brand":[],"product_cat":[69],"product_tag":[],"class_list":{"0":"post-8831","1":"product","2":"type-product","3":"status-publish","4":"has-post-thumbnail","6":"product_cat-esteroides_inyectables","8":"first","9":"instock","10":"sale","11":"shipping-taxable","12":"purchasable","13":"product-type-simple"},"yoast_head":"<!-- This site is optimized with the Yoast SEO Premium plugin v24.4 (Yoast SEO v27.0) - https:\/\/yoast.com\/product\/yoast-seo-premium-wordpress\/ -->\n<title>TESTOGED P premium \/ TESTOSTERON PROPIONATE - Steroidi in linea<\/title>\n<meta name=\"description\" content=\"TESTOGED P (Testosterone Propionato) \u00e8 uno steroide ad azione rapida che promuove la crescita muscolare, la forza e la ritenzione di azoto.\" \/>\n<meta name=\"robots\" content=\"index, follow, max-snippet:-1, max-image-preview:large, max-video-preview:-1\" \/>\n<link rel=\"canonical\" href=\"https:\/\/iberoid-shop.com\/it\/product\/testoged-ppremium-testosteron-propionate-epf\/\" \/>\n<meta property=\"og:locale\" content=\"it_IT\" \/>\n<meta property=\"og:type\" content=\"article\" \/>\n<meta property=\"og:title\" content=\"TESTOGED P premium \/ TESTOSTERON PROPIONATE\" \/>\n<meta property=\"og:description\" content=\"TESTOGED P (Testosterone Propionato) \u00e8 uno steroide ad azione rapida che promuove la crescita muscolare, la forza e la ritenzione di azoto.\" \/>\n<meta property=\"og:url\" content=\"https:\/\/iberoid-shop.com\/it\/product\/testoged-ppremium-testosteron-propionate-epf\/\" \/>\n<meta property=\"og:site_name\" content=\"Steroidi in linea\" \/>\n<meta property=\"article:modified_time\" content=\"2026-02-08T12:10:28+00:00\" \/>\n<meta property=\"og:image\" content=\"https:\/\/iberoid-shop.com\/wp-content\/uploads\/2023\/08\/0f2ab18d1cf611e99f0c60eb6924318f_0f2ab18e1cf611e99f0c60eb6924318f.jpg?v=1692366799\" \/>\n\t<meta property=\"og:image:width\" content=\"964\" \/>\n\t<meta property=\"og:image:height\" content=\"1024\" \/>\n\t<meta property=\"og:image:type\" content=\"image\/jpeg\" \/>\n<meta name=\"twitter:card\" content=\"summary_large_image\" \/>\n<meta name=\"twitter:label1\" content=\"Prezzo\" \/>\n\t<meta name=\"twitter:data1\" content=\"&euro;35.00\" \/>\n\t<meta name=\"twitter:label2\" content=\"Disponibilit\u00e0\" \/>\n\t<meta name=\"twitter:data2\" content=\"In stock\" \/>\n<script type=\"application\/ld+json\" class=\"yoast-schema-graph\">{\"@context\":\"https:\/\/schema.org\",\"@graph\":[{\"@type\":\"WebPage\",\"@id\":\"https:\/\/iberoid-shop.com\/it\/product\/testoged-ppremium-testosteron-propionate-epf\/\",\"url\":\"https:\/\/iberoid-shop.com\/it\/product\/testoged-ppremium-testosteron-propionate-epf\/\",\"name\":\"TESTOGED P premium \/ TESTOSTERON PROPIONATE - Steroidi in linea\",\"isPartOf\":{\"@id\":\"https:\/\/iberoid-shop.com\/it\/#website\"},\"primaryImageOfPage\":{\"@id\":\"https:\/\/iberoid-shop.com\/it\/product\/testoged-ppremium-testosteron-propionate-epf\/#primaryimage\"},\"image\":{\"@id\":\"https:\/\/iberoid-shop.com\/it\/product\/testoged-ppremium-testosteron-propionate-epf\/#primaryimage\"},\"thumbnailUrl\":\"https:\/\/iberoid-shop.com\/wp-content\/uploads\/2023\/08\/0f2ab18d1cf611e99f0c60eb6924318f_0f2ab18e1cf611e99f0c60eb6924318f.jpg?v=1692366799\",\"datePublished\":\"2023-08-18T13:54:51+00:00\",\"dateModified\":\"2026-02-08T12:10:28+00:00\",\"description\":\"TESTOGED P (Testosterone Propionato) \u00e8 uno steroide ad azione rapida che promuove la crescita muscolare, la forza e la ritenzione di azoto.\",\"breadcrumb\":{\"@id\":\"https:\/\/iberoid-shop.com\/it\/product\/testoged-ppremium-testosteron-propionate-epf\/#breadcrumb\"},\"inLanguage\":\"it-IT\",\"potentialAction\":[{\"@type\":\"ReadAction\",\"target\":[[\"https:\/\/iberoid-shop.com\/it\/product\/testoged-ppremium-testosteron-propionate-epf\/\"]]}]},{\"@type\":\"ImageObject\",\"inLanguage\":\"it-IT\",\"@id\":\"https:\/\/iberoid-shop.com\/it\/product\/testoged-ppremium-testosteron-propionate-epf\/#primaryimage\",\"url\":\"https:\/\/iberoid-shop.com\/wp-content\/uploads\/2023\/08\/0f2ab18d1cf611e99f0c60eb6924318f_0f2ab18e1cf611e99f0c60eb6924318f.jpg?v=1692366799\",\"contentUrl\":\"https:\/\/iberoid-shop.com\/wp-content\/uploads\/2023\/08\/0f2ab18d1cf611e99f0c60eb6924318f_0f2ab18e1cf611e99f0c60eb6924318f.jpg?v=1692366799\",\"width\":964,\"height\":1024},{\"@type\":\"BreadcrumbList\",\"@id\":\"https:\/\/iberoid-shop.com\/it\/product\/testoged-ppremium-testosteron-propionate-epf\/#breadcrumb\",\"itemListElement\":[{\"@type\":\"ListItem\",\"position\":1,\"name\":\"Portada\",\"item\":\"https:\/\/iberoid-shop.com\/it\/\"},{\"@type\":\"ListItem\",\"position\":2,\"name\":\"Negozio\",\"item\":\"https:\/\/iberoid-shop.com\/it\/shop\/\"},{\"@type\":\"ListItem\",\"position\":3,\"name\":\"TESTOGED P premium \/ TESTOSTERON PROPIONATE\"}]},{\"@type\":\"WebSite\",\"@id\":\"https:\/\/iberoid-shop.com\/it\/#website\",\"url\":\"https:\/\/iberoid-shop.com\/it\/\",\"name\":\"Steroidi in linea\",\"description\":\"Acquista steroidi online oggi in Spagna e Portogallo. Abbiamo il miglior servizio clienti del settore e prodotti di altissima qualit\u00e0\",\"potentialAction\":[{\"@type\":\"SearchAction\",\"target\":{\"@type\":\"EntryPoint\",\"urlTemplate\":\"https:\/\/iberoid-shop.com\/it\/?s={search_term_string}\"},\"query-input\":{\"@type\":\"PropertyValueSpecification\",\"valueRequired\":true,\"valueName\":\"search_term_string\"}}],\"inLanguage\":\"it-IT\"}]}<\/script>\n<meta property=\"product:brand\" content=\"Euro Prime Pharmaceuticals (EPF)\" \/>\n<meta property=\"product:price:amount\" content=\"35.00\" \/>\n<meta property=\"product:price:currency\" content=\"EUR\" \/>\n<meta property=\"og:availability\" content=\"instock\" \/>\n<meta property=\"product:availability\" content=\"instock\" \/>\n<meta property=\"product:condition\" content=\"new\" \/>\n<!-- \/ Yoast SEO Premium plugin. -->","yoast_head_json":{"title":"TESTOGED P premium \/ TESTOSTERON PROPIONATE - Steroidi in linea","description":"TESTOGED P (Testosterone Propionato) \u00e8 uno steroide ad azione rapida che promuove la crescita muscolare, la forza e la ritenzione di azoto.","robots":{"index":"index","follow":"follow","max-snippet":"max-snippet:-1","max-image-preview":"max-image-preview:large","max-video-preview":"max-video-preview:-1"},"canonical":"https:\/\/iberoid-shop.com\/it\/product\/testoged-ppremium-testosteron-propionate-epf\/","og_locale":"it_IT","og_type":"article","og_title":"TESTOGED P premium \/ TESTOSTERON PROPIONATE","og_description":"TESTOGED P (Testosterone Propionato) \u00e8 uno steroide ad azione rapida che promuove la crescita muscolare, la forza e la ritenzione di azoto.","og_url":"https:\/\/iberoid-shop.com\/it\/product\/testoged-ppremium-testosteron-propionate-epf\/","og_site_name":"Steroidi in linea","article_modified_time":"2026-02-08T12:10:28+00:00","og_image":[{"width":964,"height":1024,"url":"https:\/\/iberoid-shop.com\/wp-content\/uploads\/2023\/08\/0f2ab18d1cf611e99f0c60eb6924318f_0f2ab18e1cf611e99f0c60eb6924318f.jpg?v=1692366799","type":"image\/jpeg"}],"twitter_card":"summary_large_image","twitter_misc":{"Prezzo":"&euro;35.00","Disponibilit\u00e0":"In stock"},"schema":{"@context":"https:\/\/schema.org","@graph":[{"@type":"WebPage","@id":"https:\/\/iberoid-shop.com\/it\/product\/testoged-ppremium-testosteron-propionate-epf\/","url":"https:\/\/iberoid-shop.com\/it\/product\/testoged-ppremium-testosteron-propionate-epf\/","name":"TESTOGED P premium \/ TESTOSTERON PROPIONATE - Steroidi in linea","isPartOf":{"@id":"https:\/\/iberoid-shop.com\/it\/#website"},"primaryImageOfPage":{"@id":"https:\/\/iberoid-shop.com\/it\/product\/testoged-ppremium-testosteron-propionate-epf\/#primaryimage"},"image":{"@id":"https:\/\/iberoid-shop.com\/it\/product\/testoged-ppremium-testosteron-propionate-epf\/#primaryimage"},"thumbnailUrl":"https:\/\/iberoid-shop.com\/wp-content\/uploads\/2023\/08\/0f2ab18d1cf611e99f0c60eb6924318f_0f2ab18e1cf611e99f0c60eb6924318f.jpg?v=1692366799","datePublished":"2023-08-18T13:54:51+00:00","dateModified":"2026-02-08T12:10:28+00:00","description":"TESTOGED P (Testosterone Propionato) \u00e8 uno steroide ad azione rapida che promuove la crescita muscolare, la forza e la ritenzione di azoto.","breadcrumb":{"@id":"https:\/\/iberoid-shop.com\/it\/product\/testoged-ppremium-testosteron-propionate-epf\/#breadcrumb"},"inLanguage":"it-IT","potentialAction":[{"@type":"ReadAction","target":[["https:\/\/iberoid-shop.com\/it\/product\/testoged-ppremium-testosteron-propionate-epf\/"]]}]},{"@type":"ImageObject","inLanguage":"it-IT","@id":"https:\/\/iberoid-shop.com\/it\/product\/testoged-ppremium-testosteron-propionate-epf\/#primaryimage","url":"https:\/\/iberoid-shop.com\/wp-content\/uploads\/2023\/08\/0f2ab18d1cf611e99f0c60eb6924318f_0f2ab18e1cf611e99f0c60eb6924318f.jpg?v=1692366799","contentUrl":"https:\/\/iberoid-shop.com\/wp-content\/uploads\/2023\/08\/0f2ab18d1cf611e99f0c60eb6924318f_0f2ab18e1cf611e99f0c60eb6924318f.jpg?v=1692366799","width":964,"height":1024},{"@type":"BreadcrumbList","@id":"https:\/\/iberoid-shop.com\/it\/product\/testoged-ppremium-testosteron-propionate-epf\/#breadcrumb","itemListElement":[{"@type":"ListItem","position":1,"name":"Portada","item":"https:\/\/iberoid-shop.com\/it\/"},{"@type":"ListItem","position":2,"name":"Negozio","item":"https:\/\/iberoid-shop.com\/it\/shop\/"},{"@type":"ListItem","position":3,"name":"TESTOGED P premium \/ TESTOSTERON PROPIONATE"}]},{"@type":"WebSite","@id":"https:\/\/iberoid-shop.com\/it\/#website","url":"https:\/\/iberoid-shop.com\/it\/","name":"Steroidi in linea","description":"Acquista steroidi online oggi in Spagna e Portogallo. Abbiamo il miglior servizio clienti del settore e prodotti di altissima qualit\u00e0","potentialAction":[{"@type":"SearchAction","target":{"@type":"EntryPoint","urlTemplate":"https:\/\/iberoid-shop.com\/it\/?s={search_term_string}"},"query-input":{"@type":"PropertyValueSpecification","valueRequired":true,"valueName":"search_term_string"}}],"inLanguage":"it-IT"}]},"product_brand":"Euro Prime Pharmaceuticals (EPF)","product_price_amount":"35.00","product_price_currency":"EUR","og_availability":"instock","product_availability":"instock","product_condition":"new"},"_links":{"self":[{"href":"https:\/\/iberoid-shop.com\/it\/wp-json\/wp\/v2\/product\/8831","targetHints":{"allow":["GET"]}}],"collection":[{"href":"https:\/\/iberoid-shop.com\/it\/wp-json\/wp\/v2\/product"}],"about":[{"href":"https:\/\/iberoid-shop.com\/it\/wp-json\/wp\/v2\/types\/product"}],"replies":[{"embeddable":true,"href":"https:\/\/iberoid-shop.com\/it\/wp-json\/wp\/v2\/comments?post=8831"}],"wp:featuredmedia":[{"embeddable":true,"href":"https:\/\/iberoid-shop.com\/it\/wp-json\/wp\/v2\/media\/8833"}],"wp:attachment":[{"href":"https:\/\/iberoid-shop.com\/it\/wp-json\/wp\/v2\/media?parent=8831"}],"wp:term":[{"taxonomy":"product_brand","embeddable":true,"href":"https:\/\/iberoid-shop.com\/it\/wp-json\/wp\/v2\/product_brand?post=8831"},{"taxonomy":"product_cat","embeddable":true,"href":"https:\/\/iberoid-shop.com\/it\/wp-json\/wp\/v2\/product_cat?post=8831"},{"taxonomy":"product_tag","embeddable":true,"href":"https:\/\/iberoid-shop.com\/it\/wp-json\/wp\/v2\/product_tag?post=8831"}],"curies":[{"name":"wp","href":"https:\/\/api.w.org\/{rel}","templated":true}]}}