{"id":8827,"date":"2023-08-15T16:19:05","date_gmt":"2023-08-15T16:19:05","guid":{"rendered":"https:\/\/iberoid-shop.com\/?post_type=product&#038;p=8827"},"modified":"2026-04-21T11:51:17","modified_gmt":"2026-04-21T11:51:17","slug":"trenoge-e-premium-trenbolone-enanthate-premium-epf","status":"publish","type":"product","link":"https:\/\/iberoid-shop.com\/it\/product\/trenoge-e-premium-trenbolone-enanthate-premium-epf\/","title":{"rendered":"TRENOGED E PREMIUM \/ TRENBOLONE ENANTHATE 200mg"},"content":{"rendered":"<p>Trenoged-E 10ml \u00e8 uno steroide iniettabile molto efficace e popolare tra i bodybuilder con propriet\u00e0 speciali, che non sono sempre evidenti agli utenti. Per determinare se sei adatto a Trenoged-E abbiamo raccolto tutti i fatti sullo steroide. Per aumentare l&#8217;efficienza del periodo di disintegrazione del trenbolone, viene aggiunto al Trenoged-E 10ml in natura. Quando interagisce con il recettore degli androgeni nelle cellule, il trenbolone viene prodotto come metabolita. Rispetto al testosterone, il trenbolone ha un raggio androgenico molto elevato: 500 rispetto a 100 del testosterone. Grazie all&#8217;elevato androgeno e ai cambiamenti nella combinazione di estrogeni e androgeni, lo steroide ha un&#8217;elevata efficienza e valore per i bodybuilder: la massa muscolare diventa forte e solida, l&#8217;acqua non rimane nel corpo. E non \u00e8 tutto. A causa dell&#8217;interazione degli androgeni nelle cellule AR del grasso e dei muscoli, si verifica un effetto diretto sul processo di combustione del tessuto adiposo. Cio\u00e8, maggiore \u00e8 l\u2019interazione degli androgeni nelle cellule A.R, maggiore \u00e8 l\u2019effetto bruciagrassi. Poich\u00e9 l&#8217;uso di alcuni steroidi aumenta il contenuto delle cellule AR, queste vengono utilizzate insieme allo steroide. Ad esempio, in combinazione con il testosterone, l\u2019effetto del processo di perdita di grasso \u00e8 massimizzato.<\/p>\n<p>Grazie al Trenbolone si verifica la formazione di globuli rossi, aumenta la velocit\u00e0 di produzione del glicogeno nel corpo e migliora il tasso di recupero. Gli effetti degli steroidi dipendono dal numero di dosi assunte. Solo questo porta alla crescita muscolare e alla composizione corporea. Tuttavia, \u00e8 importante notare che Trenoged-E influenza lo stato mentale di una persona aumentando il numero di sostanze chimiche nella corteccia cerebrale, che pu\u00f2 portare a manifestazioni di aggressivit\u00e0. Tuttavia, questo effetto pu\u00f2 essere considerato benefico per gli atleti che necessitano di migliorare le prestazioni di velocit\u00e0 e potenza.<\/p>\n<p>Dosaggio<\/p>\n<p>\u00c8 necessario utilizzare il farmaco solo una volta ogni sette giorni. In una porzione la dose media per l&#8217;uomo \u00e8 compresa tra 200 e 600 mg. Per quanto riguarda le donne, sconsigliano assolutamente l&#8217;assunzione di Trenoged-E perch\u00e9 ha un elevato effetto mascolinizzante. Lo steroide pu\u00f2 essere utilizzato in combinazione con composti come Winstrol o Primobolan. Questi steroidi anabolizzanti non aromatizzano nel corpo e contribuiscono alla crescita della massa muscolare magra. Allo stesso tempo, possono essere utilizzati farmaci come Dianabol o Testosterone. Dopo la fine del ciclo per consolidare i risultati ottenuti e recuperare il corpo si consiglia di assumere HCG, Clomifene o Tamoxifene.<\/p>\n<p>Effetti collaterali<\/p>\n<p>La struttura chimica dello steroide gli impedisce di aromatizzare nel corpo umano e quindi non accumula estrogeni nel corpo. Trenoged-E non provoca effetti negativi come la crescita del seno (uomini), la ritenzione idrica nell&#8217;organismo e la riduzione del processo di combustione dei grassi. Trenoged-E mostra resistenza all&#8217;enzima 5-alfa-reduttasi. Questo \u00e8 un enzima molto pericoloso, che porta a effetti spiacevoli come perdita di capelli, pelle grassa, comparsa di acne, ingrossamento della prostata. Trenoged-E ha le propriet\u00e0 di un progestinico e interagisce con il progesterone, l&#8217;ormone sessuale femminile. Questa interazione pu\u00f2 fornire conseguenze spiacevoli come la crescita del seno, l&#8217;atrofia testicolare (negli uomini), l&#8217;aumento dei livelli di colesterolo nel sangue, la violazione delle funzioni epatiche e renali. Questi effetti possono essere combattuti assumendo insieme a Trenoged-E steroidi come Letrozolo, Exemestane (antiestrogeno) e HCG utilizzati. La potente funzione del progestinico di Trenoged-E 10ml pu\u00f2 sopprimere a lungo la produzione naturale di testosterone nel corpo, il che pu\u00f2 portare ad una diminuzione dell&#8217;attivit\u00e0 sessuale e della disfunzione erettile. Pertanto, \u00e8 molto importante assumere testosterone insieme a Trenoged-E. Per mantenere un livello costante di trenbolone nel sangue, \u00e8 necessario effettuare iniezioni frequenti. Quindi, i principali effetti collaterali di Trenoged-E possono essere insonnia, aggressivit\u00e0, diminuzione della libido, disfunzione erettile, pressione alta. Ma tutti questi effetti collaterali possono essere ridotti o addirittura eliminati completamente.<\/p>","protected":false},"excerpt":{"rendered":"<p>Trenoged-E 10ml \u00e8 uno steroide iniettabile molto efficace e popolare tra i bodybuilder con propriet\u00e0 speciali, che non sono sempre<\/p>\n","protected":false},"featured_media":8829,"comment_status":"open","ping_status":"closed","template":"","meta":[],"product_brand":[],"product_cat":[69],"product_tag":[],"class_list":{"0":"post-8827","1":"product","2":"type-product","3":"status-publish","4":"has-post-thumbnail","6":"product_cat-esteroides_inyectables","8":"first","9":"instock","10":"sale","11":"shipping-taxable","12":"purchasable","13":"product-type-simple"},"yoast_head":"<!-- This site is optimized with the Yoast SEO Premium plugin v24.4 (Yoast SEO v27.3) - https:\/\/yoast.com\/product\/yoast-seo-premium-wordpress\/ -->\n<title>TRENOGED E PREMIUM \/ TRENBOLONE ENANTHATE 200mg - Steroidi in linea<\/title>\n<meta name=\"description\" content=\"Trenoged-E \u00e8 un potente steroide per la crescita muscolare solida, la forza e la perdita di grasso, senza ritenzione idrica.\" \/>\n<meta name=\"robots\" content=\"index, follow, max-snippet:-1, max-image-preview:large, max-video-preview:-1\" \/>\n<link rel=\"canonical\" href=\"https:\/\/iberoid-shop.com\/it\/product\/trenoge-e-premium-trenbolone-enanthate-premium-epf\/\" \/>\n<meta property=\"og:locale\" content=\"it_IT\" \/>\n<meta property=\"og:type\" content=\"article\" \/>\n<meta property=\"og:title\" content=\"TRENOGED E PREMIUM \/ TRENBOLONE ENANTHATE 200mg\" \/>\n<meta property=\"og:description\" content=\"Trenoged-E \u00e8 un potente steroide per la crescita muscolare solida, la forza e la perdita di grasso, senza ritenzione idrica.\" \/>\n<meta property=\"og:url\" content=\"https:\/\/iberoid-shop.com\/it\/product\/trenoge-e-premium-trenbolone-enanthate-premium-epf\/\" \/>\n<meta property=\"og:site_name\" content=\"Steroidi in linea\" \/>\n<meta property=\"article:modified_time\" content=\"2026-04-21T11:51:17+00:00\" \/>\n<meta property=\"og:image\" content=\"https:\/\/iberoid-shop.com\/wp-content\/uploads\/2023\/08\/epf-trenbolone-e-max-1024x1024-1.jpg?v=1692116328\" \/>\n\t<meta property=\"og:image:width\" content=\"900\" \/>\n\t<meta property=\"og:image:height\" content=\"900\" \/>\n\t<meta property=\"og:image:type\" content=\"image\/jpeg\" \/>\n<meta name=\"twitter:card\" content=\"summary_large_image\" \/>\n<meta name=\"twitter:label1\" content=\"Prezzo\" \/>\n\t<meta name=\"twitter:data1\" content=\"&euro;65.00\" \/>\n\t<meta name=\"twitter:label2\" content=\"Disponibilit\u00e0\" \/>\n\t<meta name=\"twitter:data2\" content=\"In stock\" \/>\n<script type=\"application\/ld+json\" class=\"yoast-schema-graph\">{\"@context\":\"https:\\\/\\\/schema.org\",\"@graph\":[{\"@type\":\"WebPage\",\"@id\":\"https:\\\/\\\/iberoid-shop.com\\\/it\\\/product\\\/trenoge-e-premium-trenbolone-enanthate-premium-epf\\\/\",\"url\":\"https:\\\/\\\/iberoid-shop.com\\\/it\\\/product\\\/trenoge-e-premium-trenbolone-enanthate-premium-epf\\\/\",\"name\":\"TRENOGED E PREMIUM \\\/ TRENBOLONE ENANTHATE 200mg - Steroidi in linea\",\"isPartOf\":{\"@id\":\"https:\\\/\\\/iberoid-shop.com\\\/it\\\/#website\"},\"primaryImageOfPage\":{\"@id\":\"https:\\\/\\\/iberoid-shop.com\\\/it\\\/product\\\/trenoge-e-premium-trenbolone-enanthate-premium-epf\\\/#primaryimage\"},\"image\":{\"@id\":\"https:\\\/\\\/iberoid-shop.com\\\/it\\\/product\\\/trenoge-e-premium-trenbolone-enanthate-premium-epf\\\/#primaryimage\"},\"thumbnailUrl\":\"https:\\\/\\\/iberoid-shop.com\\\/wp-content\\\/uploads\\\/2023\\\/08\\\/epf-trenbolone-e-max-1024x1024-1.jpg?v=1692116328\",\"datePublished\":\"2023-08-15T16:19:05+00:00\",\"dateModified\":\"2026-04-21T11:51:17+00:00\",\"description\":\"Trenoged-E \u00e8 un potente steroide per la crescita muscolare solida, la forza e la perdita di grasso, senza ritenzione idrica.\",\"breadcrumb\":{\"@id\":\"https:\\\/\\\/iberoid-shop.com\\\/it\\\/product\\\/trenoge-e-premium-trenbolone-enanthate-premium-epf\\\/#breadcrumb\"},\"inLanguage\":\"it-IT\",\"potentialAction\":[{\"@type\":\"ReadAction\",\"target\":[[\"https:\\\/\\\/iberoid-shop.com\\\/it\\\/product\\\/trenoge-e-premium-trenbolone-enanthate-premium-epf\\\/\"]]}]},{\"@type\":\"ImageObject\",\"inLanguage\":\"it-IT\",\"@id\":\"https:\\\/\\\/iberoid-shop.com\\\/it\\\/product\\\/trenoge-e-premium-trenbolone-enanthate-premium-epf\\\/#primaryimage\",\"url\":\"https:\\\/\\\/iberoid-shop.com\\\/wp-content\\\/uploads\\\/2023\\\/08\\\/epf-trenbolone-e-max-1024x1024-1.jpg?v=1692116328\",\"contentUrl\":\"https:\\\/\\\/iberoid-shop.com\\\/wp-content\\\/uploads\\\/2023\\\/08\\\/epf-trenbolone-e-max-1024x1024-1.jpg?v=1692116328\",\"width\":900,\"height\":900},{\"@type\":\"BreadcrumbList\",\"@id\":\"https:\\\/\\\/iberoid-shop.com\\\/it\\\/product\\\/trenoge-e-premium-trenbolone-enanthate-premium-epf\\\/#breadcrumb\",\"itemListElement\":[{\"@type\":\"ListItem\",\"position\":1,\"name\":\"Portada\",\"item\":\"https:\\\/\\\/iberoid-shop.com\\\/it\\\/\"},{\"@type\":\"ListItem\",\"position\":2,\"name\":\"Negozio\",\"item\":\"https:\\\/\\\/iberoid-shop.com\\\/it\\\/shop\\\/\"},{\"@type\":\"ListItem\",\"position\":3,\"name\":\"TRENOGED E PREMIUM \\\/ TRENBOLONE ENANTHATE 200mg\"}]},{\"@type\":\"WebSite\",\"@id\":\"https:\\\/\\\/iberoid-shop.com\\\/it\\\/#website\",\"url\":\"https:\\\/\\\/iberoid-shop.com\\\/it\\\/\",\"name\":\"Steroidi in linea\",\"description\":\"Acquista steroidi online oggi in Spagna e Portogallo. Abbiamo il miglior servizio clienti del settore e prodotti di altissima qualit\u00e0\",\"potentialAction\":[{\"@type\":\"SearchAction\",\"target\":{\"@type\":\"EntryPoint\",\"urlTemplate\":\"https:\\\/\\\/iberoid-shop.com\\\/it\\\/?s={search_term_string}\"},\"query-input\":{\"@type\":\"PropertyValueSpecification\",\"valueRequired\":true,\"valueName\":\"search_term_string\"}}],\"inLanguage\":\"it-IT\"}]}<\/script>\n<meta property=\"product:brand\" content=\"Euro Prime Pharmaceuticals (EPF)\" \/>\n<meta property=\"product:price:amount\" content=\"65.00\" \/>\n<meta property=\"product:price:currency\" content=\"EUR\" \/>\n<meta property=\"og:availability\" content=\"instock\" \/>\n<meta property=\"product:availability\" content=\"instock\" \/>\n<meta property=\"product:condition\" content=\"new\" \/>\n<!-- \/ Yoast SEO Premium plugin. -->","yoast_head_json":{"title":"TRENOGED E PREMIUM \/ TRENBOLONE ENANTHATE 200mg - Steroidi in linea","description":"Trenoged-E \u00e8 un potente steroide per la crescita muscolare solida, la forza e la perdita di grasso, senza ritenzione idrica.","robots":{"index":"index","follow":"follow","max-snippet":"max-snippet:-1","max-image-preview":"max-image-preview:large","max-video-preview":"max-video-preview:-1"},"canonical":"https:\/\/iberoid-shop.com\/it\/product\/trenoge-e-premium-trenbolone-enanthate-premium-epf\/","og_locale":"it_IT","og_type":"article","og_title":"TRENOGED E PREMIUM \/ TRENBOLONE ENANTHATE 200mg","og_description":"Trenoged-E \u00e8 un potente steroide per la crescita muscolare solida, la forza e la perdita di grasso, senza ritenzione idrica.","og_url":"https:\/\/iberoid-shop.com\/it\/product\/trenoge-e-premium-trenbolone-enanthate-premium-epf\/","og_site_name":"Steroidi in linea","article_modified_time":"2026-04-21T11:51:17+00:00","og_image":[{"width":900,"height":900,"url":"https:\/\/iberoid-shop.com\/wp-content\/uploads\/2023\/08\/epf-trenbolone-e-max-1024x1024-1.jpg?v=1692116328","type":"image\/jpeg"}],"twitter_card":"summary_large_image","twitter_misc":{"Prezzo":"&euro;65.00","Disponibilit\u00e0":"In stock"},"schema":{"@context":"https:\/\/schema.org","@graph":[{"@type":"WebPage","@id":"https:\/\/iberoid-shop.com\/it\/product\/trenoge-e-premium-trenbolone-enanthate-premium-epf\/","url":"https:\/\/iberoid-shop.com\/it\/product\/trenoge-e-premium-trenbolone-enanthate-premium-epf\/","name":"TRENOGED E PREMIUM \/ TRENBOLONE ENANTHATE 200mg - Steroidi in linea","isPartOf":{"@id":"https:\/\/iberoid-shop.com\/it\/#website"},"primaryImageOfPage":{"@id":"https:\/\/iberoid-shop.com\/it\/product\/trenoge-e-premium-trenbolone-enanthate-premium-epf\/#primaryimage"},"image":{"@id":"https:\/\/iberoid-shop.com\/it\/product\/trenoge-e-premium-trenbolone-enanthate-premium-epf\/#primaryimage"},"thumbnailUrl":"https:\/\/iberoid-shop.com\/wp-content\/uploads\/2023\/08\/epf-trenbolone-e-max-1024x1024-1.jpg?v=1692116328","datePublished":"2023-08-15T16:19:05+00:00","dateModified":"2026-04-21T11:51:17+00:00","description":"Trenoged-E \u00e8 un potente steroide per la crescita muscolare solida, la forza e la perdita di grasso, senza ritenzione idrica.","breadcrumb":{"@id":"https:\/\/iberoid-shop.com\/it\/product\/trenoge-e-premium-trenbolone-enanthate-premium-epf\/#breadcrumb"},"inLanguage":"it-IT","potentialAction":[{"@type":"ReadAction","target":[["https:\/\/iberoid-shop.com\/it\/product\/trenoge-e-premium-trenbolone-enanthate-premium-epf\/"]]}]},{"@type":"ImageObject","inLanguage":"it-IT","@id":"https:\/\/iberoid-shop.com\/it\/product\/trenoge-e-premium-trenbolone-enanthate-premium-epf\/#primaryimage","url":"https:\/\/iberoid-shop.com\/wp-content\/uploads\/2023\/08\/epf-trenbolone-e-max-1024x1024-1.jpg?v=1692116328","contentUrl":"https:\/\/iberoid-shop.com\/wp-content\/uploads\/2023\/08\/epf-trenbolone-e-max-1024x1024-1.jpg?v=1692116328","width":900,"height":900},{"@type":"BreadcrumbList","@id":"https:\/\/iberoid-shop.com\/it\/product\/trenoge-e-premium-trenbolone-enanthate-premium-epf\/#breadcrumb","itemListElement":[{"@type":"ListItem","position":1,"name":"Portada","item":"https:\/\/iberoid-shop.com\/it\/"},{"@type":"ListItem","position":2,"name":"Negozio","item":"https:\/\/iberoid-shop.com\/it\/shop\/"},{"@type":"ListItem","position":3,"name":"TRENOGED E PREMIUM \/ TRENBOLONE ENANTHATE 200mg"}]},{"@type":"WebSite","@id":"https:\/\/iberoid-shop.com\/it\/#website","url":"https:\/\/iberoid-shop.com\/it\/","name":"Steroidi in linea","description":"Acquista steroidi online oggi in Spagna e Portogallo. Abbiamo il miglior servizio clienti del settore e prodotti di altissima qualit\u00e0","potentialAction":[{"@type":"SearchAction","target":{"@type":"EntryPoint","urlTemplate":"https:\/\/iberoid-shop.com\/it\/?s={search_term_string}"},"query-input":{"@type":"PropertyValueSpecification","valueRequired":true,"valueName":"search_term_string"}}],"inLanguage":"it-IT"}]},"product_brand":"Euro Prime Pharmaceuticals (EPF)","product_price_amount":"65.00","product_price_currency":"EUR","og_availability":"instock","product_availability":"instock","product_condition":"new"},"_links":{"self":[{"href":"https:\/\/iberoid-shop.com\/it\/wp-json\/wp\/v2\/product\/8827","targetHints":{"allow":["GET"]}}],"collection":[{"href":"https:\/\/iberoid-shop.com\/it\/wp-json\/wp\/v2\/product"}],"about":[{"href":"https:\/\/iberoid-shop.com\/it\/wp-json\/wp\/v2\/types\/product"}],"replies":[{"embeddable":true,"href":"https:\/\/iberoid-shop.com\/it\/wp-json\/wp\/v2\/comments?post=8827"}],"wp:featuredmedia":[{"embeddable":true,"href":"https:\/\/iberoid-shop.com\/it\/wp-json\/wp\/v2\/media\/8829"}],"wp:attachment":[{"href":"https:\/\/iberoid-shop.com\/it\/wp-json\/wp\/v2\/media?parent=8827"}],"wp:term":[{"taxonomy":"product_brand","embeddable":true,"href":"https:\/\/iberoid-shop.com\/it\/wp-json\/wp\/v2\/product_brand?post=8827"},{"taxonomy":"product_cat","embeddable":true,"href":"https:\/\/iberoid-shop.com\/it\/wp-json\/wp\/v2\/product_cat?post=8827"},{"taxonomy":"product_tag","embeddable":true,"href":"https:\/\/iberoid-shop.com\/it\/wp-json\/wp\/v2\/product_tag?post=8827"}],"curies":[{"name":"wp","href":"https:\/\/api.w.org\/{rel}","templated":true}]}}