{"id":8778,"date":"2023-08-01T14:28:22","date_gmt":"2023-08-01T14:28:22","guid":{"rendered":"https:\/\/iberoid-shop.com\/?post_type=product&#038;p=8778"},"modified":"2024-02-01T20:39:48","modified_gmt":"2024-02-01T20:39:48","slug":"pack2-stanozolol10mgx-100-tablets-sp-laboratory","status":"publish","type":"product","link":"https:\/\/iberoid-shop.com\/it\/product\/pack2-stanozolol10mgx-100-tablets-sp-laboratory\/","title":{"rendered":"PACK2. SP-STANOZOLOL 10mg X 100 tablets"},"content":{"rendered":"<p>SP Stanozolol\u00a0\u00e8 il marchio del principio attivo con lo stesso nome:\u00a0Stanozolol. Questo \u00e8 uno steroide estremamente famoso per le sue propriet\u00e0 sorprendenti e uniche quando si tratta di miglioramento del fisico e delle prestazioni. Per questo motivo,\u00a0Stanozolol\u00a0meglio conosciuto come\u00a0Winstrol\u00a0\u00e8 uno degli steroidi pi\u00f9 famosi e ampiamente utilizzati, essendo tra i primi 3 pi\u00f9 utilizzati e considerato tra i migliori steroidi esistenti per scopi di taglio.<\/p>\n<p>SP Stanozolol\u00a0contenente il principio attivo\u00a0Stanozolol\u00a0\u00e8 prodotto da\u00a0SP Laboratories\u00a0ed \u00e8 considerato la versione generica di\u00a0Winstrol\u00a0motivo per cui puoi risparmiare un sacco di soldi acquistando questo prodotto specifico grazie ai suoi prezzi molto bassi, ma alla fine ricevi esattamente lo stesso prodotto con un nome diverso, ma esattamente lo stesso principio attivo e lo stesso prodotto di alta qualit\u00e0.<\/p>\n<p>Questo prodotto \u00e8 disponibile sotto forma di compresse orali che \u00e8 di gran lunga la forma di somministrazione pi\u00f9 utilizzata. Esiste anche una forma iniettabile di\u00a0Stanozolol\u00a0chiamata anche\u00a0Stanozolol Depot\u00a0o\u00a0Winstrol Depot,\u00a0venduta come\u00a0SP Stanoject\u00a0da\u00a0SP Laboratories. Tuttavia, lo stanozololo sotto forma di compresse \u00e8 molto pi\u00f9 preferito.<\/p>\n<p>Si tratta di uno steroide anabolizzante e androgeno (AAS) derivato dal diidrotestosterone (DHT) ed \u00e8 molto popolare storicamente e oggigiorno per scopi di miglioramento del fisico e delle prestazioni, in particolare per il taglio e l&#8217;indurimento. Il prodotto \u00e8 stato scoperto molti anni fa, negli anni &#8217;60, e sebbene in passato avesse alcuni usi medici, oggigiorno viene utilizzato solo come\u00a0Performance Enhancer Drug (PED)\u00a0o in medicina veterinaria.<\/p>\n<p>Quanto tempo rimane Winstrol nel tuo sistema? | Emivita di stanozololo<\/p>\n<p>Si ritiene che il Winstrol orale rimanga nell&#8217;organismo solo per circa 10 ore e ci\u00f2 \u00e8 dovuto all&#8217;emivita che \u00e8 di sole 4-5 ore circa. L&#8217;emivita \u00e8 il tempo in cui met\u00e0 del prodotto viene eliminata dall&#8217;organismo e, considerando che lo Stanozololo orale \u2013 Winstrol ha un&#8217;emivita di 4-5 ore, rimane attivo nell&#8217;organismo per non pi\u00f9 di 10 ore .<\/p>\n<p>Lo stanozololo iniettabile ha un&#8217;emivita leggermente pi\u00f9 lunga, ma \u00e8 comunque piuttosto breve per uno steroide iniettabile. Offre un&#8217;emivita di circa 18-24 ore e ci\u00f2 significa che la vita attiva \u00e8 di sole 36-48 ore. Ad ogni modo, questo prodotto specifico arriva sotto forma di compresse.<\/p>\n<p>A cosa serve Stanozolol? | Cosa fa Stanozolol? | Cosa fa Winstrol?<\/p>\n<p>Come \u00e8 stato accennato, oggi lo stanozololo viene ufficialmente utilizzato esclusivamente come medicinale veterinario. Tuttavia, in passato veniva utilizzato con discreto successo nel trattamento dell\u2019insufficienza venosa. Il prodotto stimola la fibrinolisi del sangue\u00a0ed \u00e8 per questo che \u00e8 stato studiato anche per altri usi medici.<\/p>\n<p>Tuttavia, al giorno d&#8217;oggi, il prodotto \u00e8 ampiamente utilizzato per scopi di miglioramento del fisico e delle prestazioni. Infatti, per essere pi\u00f9 specifici, per scopi di taglio e tempra. Questo\u00a0AAS\u00a0\u00e8 estremamente famoso poich\u00e9 \u00e8 considerato uno degli steroidi migliori e pi\u00f9 utili per tali scopi. Presenta alcune modifiche uniche strutturalmente, cambiamenti nell&#8217;anello A che offrono propriet\u00e0 e capacit\u00e0 di taglio sorprendenti.<\/p>\n<p>Stanozolol\u00a0ha una valutazione anabolica di 320 ed \u00e8 super favorevole rispetto alla valutazione androgenica di 30. Ed essendo un derivato del\u00a0DHT,\u00a0non ha aromatizzazione. Tutto ci\u00f2 fa s\u00ec che SP Stanozolol sia molto utile per preservare la massa muscolare, offrire un po&#8217; di guadagni muscolari (solo massa muscolare magra) e aiuta notevolmente a perdere grasso corporeo extra.<\/p>\n<p>Detto questo,\u00a0Stanozolol\u00a0&#8211;\u00a0Winstrol\u00a0viene utilizzato raramente nei cicli di carica principalmente perch\u00e9 esistono altri steroidi e altre opzioni che possono aiutare molto meglio con tali scopi. Ma per il taglio non c&#8217;\u00e8 quasi niente di meglio dello Stanozolol. L&#8217;unico prodotto che potrebbe superare in potenza lo stanozololo per tali scopi \u00e8 il trenbolone, ma questo steroide \u00e8 considerato molto pericoloso.<\/p>","protected":false},"excerpt":{"rendered":"<p>SP Stanozolol\u00a0\u00e8 il marchio del principio attivo con lo stesso nome:\u00a0Stanozolol. Questo \u00e8 uno steroide estremamente famoso per le sue<\/p>\n","protected":false},"featured_media":8776,"comment_status":"open","ping_status":"closed","template":"","meta":[],"product_brand":[],"product_cat":[3474],"product_tag":[],"class_list":{"0":"post-8778","1":"product","2":"type-product","3":"status-publish","4":"has-post-thumbnail","6":"product_cat-packs","8":"first","9":"outofstock","10":"sale","11":"shipping-taxable","12":"purchasable","13":"product-type-simple"},"yoast_head":"<!-- This site is optimized with the Yoast SEO Premium plugin v24.4 (Yoast SEO v27.3) - https:\/\/yoast.com\/product\/yoast-seo-premium-wordpress\/ -->\n<title>PACK2. SP-STANOZOLOL 10mg X 100 tablets - Steroidi in linea<\/title>\n<meta name=\"robots\" content=\"index, follow, max-snippet:-1, max-image-preview:large, max-video-preview:-1\" \/>\n<link rel=\"canonical\" href=\"https:\/\/iberoid-shop.com\/it\/product\/pack2-stanozolol10mgx-100-tablets-sp-laboratory\/\" \/>\n<meta property=\"og:locale\" content=\"it_IT\" \/>\n<meta property=\"og:type\" content=\"article\" \/>\n<meta property=\"og:title\" content=\"PACK2. SP-STANOZOLOL 10mg X 100 tablets\" \/>\n<meta property=\"og:description\" content=\"SP Stanozolol\u00a0\u00e8 il marchio del principio attivo con lo stesso nome:\u00a0Stanozolol. Questo \u00e8 uno steroide estremamente famoso per le sue\" \/>\n<meta property=\"og:url\" content=\"https:\/\/iberoid-shop.com\/it\/product\/pack2-stanozolol10mgx-100-tablets-sp-laboratory\/\" \/>\n<meta property=\"og:site_name\" content=\"Steroidi in linea\" \/>\n<meta property=\"article:modified_time\" content=\"2024-02-01T20:39:48+00:00\" \/>\n<meta property=\"og:image\" content=\"https:\/\/iberoid-shop.com\/wp-content\/uploads\/2023\/08\/product_168551689158cd2.png?v=1690899601\" \/>\n\t<meta property=\"og:image:width\" content=\"388\" \/>\n\t<meta property=\"og:image:height\" content=\"259\" \/>\n\t<meta property=\"og:image:type\" content=\"image\/png\" \/>\n<meta name=\"twitter:card\" content=\"summary_large_image\" \/>\n<meta name=\"twitter:label1\" content=\"Prezzo\" \/>\n\t<meta name=\"twitter:data1\" content=\"&euro;55.00\" \/>\n\t<meta name=\"twitter:label2\" content=\"Disponibilit\u00e0\" \/>\n\t<meta name=\"twitter:data2\" content=\"Esaurito\" \/>\n<script type=\"application\/ld+json\" class=\"yoast-schema-graph\">{\"@context\":\"https:\\\/\\\/schema.org\",\"@graph\":[{\"@type\":\"WebPage\",\"@id\":\"https:\\\/\\\/iberoid-shop.com\\\/it\\\/product\\\/pack2-stanozolol10mgx-100-tablets-sp-laboratory\\\/\",\"url\":\"https:\\\/\\\/iberoid-shop.com\\\/it\\\/product\\\/pack2-stanozolol10mgx-100-tablets-sp-laboratory\\\/\",\"name\":\"PACK2. SP-STANOZOLOL 10mg X 100 tablets - Steroidi in linea\",\"isPartOf\":{\"@id\":\"https:\\\/\\\/iberoid-shop.com\\\/it\\\/#website\"},\"primaryImageOfPage\":{\"@id\":\"https:\\\/\\\/iberoid-shop.com\\\/it\\\/product\\\/pack2-stanozolol10mgx-100-tablets-sp-laboratory\\\/#primaryimage\"},\"image\":{\"@id\":\"https:\\\/\\\/iberoid-shop.com\\\/it\\\/product\\\/pack2-stanozolol10mgx-100-tablets-sp-laboratory\\\/#primaryimage\"},\"thumbnailUrl\":\"https:\\\/\\\/iberoid-shop.com\\\/wp-content\\\/uploads\\\/2023\\\/08\\\/product_168551689158cd2.png?v=1690899601\",\"datePublished\":\"2023-08-01T14:28:22+00:00\",\"dateModified\":\"2024-02-01T20:39:48+00:00\",\"breadcrumb\":{\"@id\":\"https:\\\/\\\/iberoid-shop.com\\\/it\\\/product\\\/pack2-stanozolol10mgx-100-tablets-sp-laboratory\\\/#breadcrumb\"},\"inLanguage\":\"it-IT\",\"potentialAction\":[{\"@type\":\"ReadAction\",\"target\":[[\"https:\\\/\\\/iberoid-shop.com\\\/it\\\/product\\\/pack2-stanozolol10mgx-100-tablets-sp-laboratory\\\/\"]]}]},{\"@type\":\"ImageObject\",\"inLanguage\":\"it-IT\",\"@id\":\"https:\\\/\\\/iberoid-shop.com\\\/it\\\/product\\\/pack2-stanozolol10mgx-100-tablets-sp-laboratory\\\/#primaryimage\",\"url\":\"https:\\\/\\\/iberoid-shop.com\\\/wp-content\\\/uploads\\\/2023\\\/08\\\/product_168551689158cd2.png?v=1690899601\",\"contentUrl\":\"https:\\\/\\\/iberoid-shop.com\\\/wp-content\\\/uploads\\\/2023\\\/08\\\/product_168551689158cd2.png?v=1690899601\",\"width\":388,\"height\":259},{\"@type\":\"BreadcrumbList\",\"@id\":\"https:\\\/\\\/iberoid-shop.com\\\/it\\\/product\\\/pack2-stanozolol10mgx-100-tablets-sp-laboratory\\\/#breadcrumb\",\"itemListElement\":[{\"@type\":\"ListItem\",\"position\":1,\"name\":\"Portada\",\"item\":\"https:\\\/\\\/iberoid-shop.com\\\/it\\\/\"},{\"@type\":\"ListItem\",\"position\":2,\"name\":\"Negozio\",\"item\":\"https:\\\/\\\/iberoid-shop.com\\\/it\\\/shop\\\/\"},{\"@type\":\"ListItem\",\"position\":3,\"name\":\"PACK2. SP-STANOZOLOL 10mg X 100 tablets\"}]},{\"@type\":\"WebSite\",\"@id\":\"https:\\\/\\\/iberoid-shop.com\\\/it\\\/#website\",\"url\":\"https:\\\/\\\/iberoid-shop.com\\\/it\\\/\",\"name\":\"Steroidi in linea\",\"description\":\"Acquista steroidi online oggi in Spagna e Portogallo. Abbiamo il miglior servizio clienti del settore e prodotti di altissima qualit\u00e0\",\"potentialAction\":[{\"@type\":\"SearchAction\",\"target\":{\"@type\":\"EntryPoint\",\"urlTemplate\":\"https:\\\/\\\/iberoid-shop.com\\\/it\\\/?s={search_term_string}\"},\"query-input\":{\"@type\":\"PropertyValueSpecification\",\"valueRequired\":true,\"valueName\":\"search_term_string\"}}],\"inLanguage\":\"it-IT\"}]}<\/script>\n<meta property=\"product:brand\" content=\"SP Laboratories\" \/>\n<meta property=\"product:price:amount\" content=\"55.00\" \/>\n<meta property=\"product:price:currency\" content=\"EUR\" \/>\n<meta property=\"og:availability\" content=\"out of stock\" \/>\n<meta property=\"product:availability\" content=\"out of stock\" \/>\n<meta property=\"product:condition\" content=\"new\" \/>\n<!-- \/ Yoast SEO Premium plugin. -->","yoast_head_json":{"title":"PACK2. SP-STANOZOLOL 10mg X 100 tablets - Steroidi in linea","robots":{"index":"index","follow":"follow","max-snippet":"max-snippet:-1","max-image-preview":"max-image-preview:large","max-video-preview":"max-video-preview:-1"},"canonical":"https:\/\/iberoid-shop.com\/it\/product\/pack2-stanozolol10mgx-100-tablets-sp-laboratory\/","og_locale":"it_IT","og_type":"article","og_title":"PACK2. SP-STANOZOLOL 10mg X 100 tablets","og_description":"SP Stanozolol\u00a0\u00e8 il marchio del principio attivo con lo stesso nome:\u00a0Stanozolol. Questo \u00e8 uno steroide estremamente famoso per le sue","og_url":"https:\/\/iberoid-shop.com\/it\/product\/pack2-stanozolol10mgx-100-tablets-sp-laboratory\/","og_site_name":"Steroidi in linea","article_modified_time":"2024-02-01T20:39:48+00:00","og_image":[{"width":388,"height":259,"url":"https:\/\/iberoid-shop.com\/wp-content\/uploads\/2023\/08\/product_168551689158cd2.png?v=1690899601","type":"image\/png"}],"twitter_card":"summary_large_image","twitter_misc":{"Prezzo":"&euro;55.00","Disponibilit\u00e0":"Esaurito"},"schema":{"@context":"https:\/\/schema.org","@graph":[{"@type":"WebPage","@id":"https:\/\/iberoid-shop.com\/it\/product\/pack2-stanozolol10mgx-100-tablets-sp-laboratory\/","url":"https:\/\/iberoid-shop.com\/it\/product\/pack2-stanozolol10mgx-100-tablets-sp-laboratory\/","name":"PACK2. SP-STANOZOLOL 10mg X 100 tablets - Steroidi in linea","isPartOf":{"@id":"https:\/\/iberoid-shop.com\/it\/#website"},"primaryImageOfPage":{"@id":"https:\/\/iberoid-shop.com\/it\/product\/pack2-stanozolol10mgx-100-tablets-sp-laboratory\/#primaryimage"},"image":{"@id":"https:\/\/iberoid-shop.com\/it\/product\/pack2-stanozolol10mgx-100-tablets-sp-laboratory\/#primaryimage"},"thumbnailUrl":"https:\/\/iberoid-shop.com\/wp-content\/uploads\/2023\/08\/product_168551689158cd2.png?v=1690899601","datePublished":"2023-08-01T14:28:22+00:00","dateModified":"2024-02-01T20:39:48+00:00","breadcrumb":{"@id":"https:\/\/iberoid-shop.com\/it\/product\/pack2-stanozolol10mgx-100-tablets-sp-laboratory\/#breadcrumb"},"inLanguage":"it-IT","potentialAction":[{"@type":"ReadAction","target":[["https:\/\/iberoid-shop.com\/it\/product\/pack2-stanozolol10mgx-100-tablets-sp-laboratory\/"]]}]},{"@type":"ImageObject","inLanguage":"it-IT","@id":"https:\/\/iberoid-shop.com\/it\/product\/pack2-stanozolol10mgx-100-tablets-sp-laboratory\/#primaryimage","url":"https:\/\/iberoid-shop.com\/wp-content\/uploads\/2023\/08\/product_168551689158cd2.png?v=1690899601","contentUrl":"https:\/\/iberoid-shop.com\/wp-content\/uploads\/2023\/08\/product_168551689158cd2.png?v=1690899601","width":388,"height":259},{"@type":"BreadcrumbList","@id":"https:\/\/iberoid-shop.com\/it\/product\/pack2-stanozolol10mgx-100-tablets-sp-laboratory\/#breadcrumb","itemListElement":[{"@type":"ListItem","position":1,"name":"Portada","item":"https:\/\/iberoid-shop.com\/it\/"},{"@type":"ListItem","position":2,"name":"Negozio","item":"https:\/\/iberoid-shop.com\/it\/shop\/"},{"@type":"ListItem","position":3,"name":"PACK2. SP-STANOZOLOL 10mg X 100 tablets"}]},{"@type":"WebSite","@id":"https:\/\/iberoid-shop.com\/it\/#website","url":"https:\/\/iberoid-shop.com\/it\/","name":"Steroidi in linea","description":"Acquista steroidi online oggi in Spagna e Portogallo. Abbiamo il miglior servizio clienti del settore e prodotti di altissima qualit\u00e0","potentialAction":[{"@type":"SearchAction","target":{"@type":"EntryPoint","urlTemplate":"https:\/\/iberoid-shop.com\/it\/?s={search_term_string}"},"query-input":{"@type":"PropertyValueSpecification","valueRequired":true,"valueName":"search_term_string"}}],"inLanguage":"it-IT"}]},"product_brand":"SP Laboratories","product_price_amount":"55.00","product_price_currency":"EUR","og_availability":"out of stock","product_availability":"out of stock","product_condition":"new"},"_links":{"self":[{"href":"https:\/\/iberoid-shop.com\/it\/wp-json\/wp\/v2\/product\/8778","targetHints":{"allow":["GET"]}}],"collection":[{"href":"https:\/\/iberoid-shop.com\/it\/wp-json\/wp\/v2\/product"}],"about":[{"href":"https:\/\/iberoid-shop.com\/it\/wp-json\/wp\/v2\/types\/product"}],"replies":[{"embeddable":true,"href":"https:\/\/iberoid-shop.com\/it\/wp-json\/wp\/v2\/comments?post=8778"}],"wp:featuredmedia":[{"embeddable":true,"href":"https:\/\/iberoid-shop.com\/it\/wp-json\/wp\/v2\/media\/8776"}],"wp:attachment":[{"href":"https:\/\/iberoid-shop.com\/it\/wp-json\/wp\/v2\/media?parent=8778"}],"wp:term":[{"taxonomy":"product_brand","embeddable":true,"href":"https:\/\/iberoid-shop.com\/it\/wp-json\/wp\/v2\/product_brand?post=8778"},{"taxonomy":"product_cat","embeddable":true,"href":"https:\/\/iberoid-shop.com\/it\/wp-json\/wp\/v2\/product_cat?post=8778"},{"taxonomy":"product_tag","embeddable":true,"href":"https:\/\/iberoid-shop.com\/it\/wp-json\/wp\/v2\/product_tag?post=8778"}],"curies":[{"name":"wp","href":"https:\/\/api.w.org\/{rel}","templated":true}]}}