{"id":8738,"date":"2023-07-26T13:47:10","date_gmt":"2023-07-26T13:47:10","guid":{"rendered":"https:\/\/iberoid-shop.com\/?post_type=product&#038;p=8738"},"modified":"2025-05-11T13:19:51","modified_gmt":"2025-05-11T13:19:51","slug":"pak3-testosteron-propionateepf-30-ampollas","status":"publish","type":"product","link":"https:\/\/iberoid-shop.com\/it\/product\/pak3-testosteron-propionateepf-30-ampollas\/","title":{"rendered":"PAK3 &#8211; TESTOSTERON PROPIONATE \/ 30 AMPOLLAS\/EPF"},"content":{"rendered":"<p>Acquista testosterone propionato \u2013 Una forma complessa e sintetica di testosterone. \u00c8 un composto a singolo estere. Inoltre viene utilizzato per il rilascio controllato degli ormoni e per mantenere stabili i livelli ematici. \u00c8 molto utilizzato nel settore atletico per il miglioramento delle prestazioni atletiche.<\/p>\n<p>Effetti:<\/p>\n<p>Acquista testosterone propionato \u2013 Aumenta il testosterone. Questo \u00e8 un farmaco che migliora le prestazioni perch\u00e9 alti livelli di testosterone portano ad un aumento della massa muscolare magra e della forza.<\/p>\n<p>Il prodotto fornisce testosterone, che agisce come protettore muscolare e salva il corpo dalla perdita di tessuto muscolare.<\/p>\n<p>Benefici:<\/p>\n<p>Migliora le prestazioni<\/p>\n<p>Il testosterone propionato \u00e8 un farmaco che migliora le prestazioni. Non solo salva la massa muscolare ma costruisce anche pi\u00f9 tessuto muscolare. Ci\u00f2 aumenta la forza. Il prodotto porta ad un aumento del numero dei globuli rossi. I globuli rossi sono i trasportatori di ossigeno. Un aumento dell\u2019ossigenazione porta ad una maggiore forza muscolare, resistenza e riparazione dei tessuti danneggiati.<\/p>\n<p>Costruisce proteine<\/p>\n<p>Il prodotto ha anche propriet\u00e0 di costruzione delle proteine, che portano ad una migliore riparazione e sintesi di molti tessuti corporei. Poich\u00e9 le proteine sono gli elementi costitutivi dei tessuti del corpo. Il prodotto ha anche propriet\u00e0 di ritenzione dell&#8217;azoto. L\u2019azoto crea un ambiente anabolico. Tutti i tessuti magri contengono circa il 16% di azoto. Bassi livelli di azoto possono essere distruttivi per la massa muscolare.<\/p>\n<p>Riduce lo stress<\/p>\n<p>Il testosterone propionato riduce anche gli ormoni dello stress come il cortisolo. Dopo un certo livello, gli ormoni dello stress possono essere distruttivi e portare a danni muscolari. Gli ormoni dello stress promuovono anche gli ormoni che costruiscono il grasso e formano un ambiente catabolico. Ma il prodotto pu\u00f2 salvarti da tutti questi problemi.<\/p>","protected":false},"excerpt":{"rendered":"<p>Acquista testosterone propionato \u2013 Una forma complessa e sintetica di testosterone. \u00c8 un composto a singolo estere. Inoltre viene utilizzato<\/p>\n","protected":false},"featured_media":8740,"comment_status":"open","ping_status":"closed","template":"","meta":[],"product_brand":[],"product_cat":[3474],"product_tag":[],"class_list":{"0":"post-8738","1":"product","2":"type-product","3":"status-publish","4":"has-post-thumbnail","6":"product_cat-packs","8":"first","9":"outofstock","10":"sale","11":"shipping-taxable","12":"purchasable","13":"product-type-simple"},"yoast_head":"<!-- This site is optimized with the Yoast SEO Premium plugin v24.4 (Yoast SEO v27.3) - https:\/\/yoast.com\/product\/yoast-seo-premium-wordpress\/ -->\n<title>PAK3 - TESTOSTERON PROPIONATE \/ 30 AMPOLLAS\/EPF - Steroidi in linea<\/title>\n<meta name=\"robots\" content=\"index, follow, max-snippet:-1, max-image-preview:large, max-video-preview:-1\" \/>\n<link rel=\"canonical\" href=\"https:\/\/iberoid-shop.com\/it\/product\/pak3-testosteron-propionateepf-30-ampollas\/\" \/>\n<meta property=\"og:locale\" content=\"it_IT\" \/>\n<meta property=\"og:type\" content=\"article\" \/>\n<meta property=\"og:title\" content=\"PAK3 - TESTOSTERON PROPIONATE \/ 30 AMPOLLAS\/EPF\" \/>\n<meta property=\"og:description\" content=\"Acquista testosterone propionato \u2013 Una forma complessa e sintetica di testosterone. \u00c8 un composto a singolo estere. Inoltre viene utilizzato\" \/>\n<meta property=\"og:url\" content=\"https:\/\/iberoid-shop.com\/it\/product\/pak3-testosteron-propionateepf-30-ampollas\/\" \/>\n<meta property=\"og:site_name\" content=\"Steroidi in linea\" \/>\n<meta property=\"article:modified_time\" content=\"2025-05-11T13:19:51+00:00\" \/>\n<meta property=\"og:image\" content=\"https:\/\/iberoid-shop.com\/wp-content\/uploads\/2023\/07\/Testosterone-Propionate-EPF.jpg?v=1690379150\" \/>\n\t<meta property=\"og:image:width\" content=\"800\" \/>\n\t<meta property=\"og:image:height\" content=\"346\" \/>\n\t<meta property=\"og:image:type\" content=\"image\/jpeg\" \/>\n<meta name=\"twitter:card\" content=\"summary_large_image\" \/>\n<meta name=\"twitter:label1\" content=\"Prezzo\" \/>\n\t<meta name=\"twitter:data1\" content=\"&euro;55.00\" \/>\n\t<meta name=\"twitter:label2\" content=\"Disponibilit\u00e0\" \/>\n\t<meta name=\"twitter:data2\" content=\"Esaurito\" \/>\n<script type=\"application\/ld+json\" class=\"yoast-schema-graph\">{\"@context\":\"https:\\\/\\\/schema.org\",\"@graph\":[{\"@type\":\"WebPage\",\"@id\":\"https:\\\/\\\/iberoid-shop.com\\\/it\\\/product\\\/pak3-testosteron-propionateepf-30-ampollas\\\/\",\"url\":\"https:\\\/\\\/iberoid-shop.com\\\/it\\\/product\\\/pak3-testosteron-propionateepf-30-ampollas\\\/\",\"name\":\"PAK3 - TESTOSTERON PROPIONATE \\\/ 30 AMPOLLAS\\\/EPF - Steroidi in linea\",\"isPartOf\":{\"@id\":\"https:\\\/\\\/iberoid-shop.com\\\/it\\\/#website\"},\"primaryImageOfPage\":{\"@id\":\"https:\\\/\\\/iberoid-shop.com\\\/it\\\/product\\\/pak3-testosteron-propionateepf-30-ampollas\\\/#primaryimage\"},\"image\":{\"@id\":\"https:\\\/\\\/iberoid-shop.com\\\/it\\\/product\\\/pak3-testosteron-propionateepf-30-ampollas\\\/#primaryimage\"},\"thumbnailUrl\":\"https:\\\/\\\/iberoid-shop.com\\\/wp-content\\\/uploads\\\/2023\\\/07\\\/Testosterone-Propionate-EPF.jpg?v=1690379150\",\"datePublished\":\"2023-07-26T13:47:10+00:00\",\"dateModified\":\"2025-05-11T13:19:51+00:00\",\"breadcrumb\":{\"@id\":\"https:\\\/\\\/iberoid-shop.com\\\/it\\\/product\\\/pak3-testosteron-propionateepf-30-ampollas\\\/#breadcrumb\"},\"inLanguage\":\"it-IT\",\"potentialAction\":[{\"@type\":\"ReadAction\",\"target\":[[\"https:\\\/\\\/iberoid-shop.com\\\/it\\\/product\\\/pak3-testosteron-propionateepf-30-ampollas\\\/\"]]}]},{\"@type\":\"ImageObject\",\"inLanguage\":\"it-IT\",\"@id\":\"https:\\\/\\\/iberoid-shop.com\\\/it\\\/product\\\/pak3-testosteron-propionateepf-30-ampollas\\\/#primaryimage\",\"url\":\"https:\\\/\\\/iberoid-shop.com\\\/wp-content\\\/uploads\\\/2023\\\/07\\\/Testosterone-Propionate-EPF.jpg?v=1690379150\",\"contentUrl\":\"https:\\\/\\\/iberoid-shop.com\\\/wp-content\\\/uploads\\\/2023\\\/07\\\/Testosterone-Propionate-EPF.jpg?v=1690379150\",\"width\":800,\"height\":346},{\"@type\":\"BreadcrumbList\",\"@id\":\"https:\\\/\\\/iberoid-shop.com\\\/it\\\/product\\\/pak3-testosteron-propionateepf-30-ampollas\\\/#breadcrumb\",\"itemListElement\":[{\"@type\":\"ListItem\",\"position\":1,\"name\":\"Portada\",\"item\":\"https:\\\/\\\/iberoid-shop.com\\\/it\\\/\"},{\"@type\":\"ListItem\",\"position\":2,\"name\":\"Negozio\",\"item\":\"https:\\\/\\\/iberoid-shop.com\\\/it\\\/shop\\\/\"},{\"@type\":\"ListItem\",\"position\":3,\"name\":\"PAK3 &#8211; TESTOSTERON PROPIONATE \\\/ 30 AMPOLLAS\\\/EPF\"}]},{\"@type\":\"WebSite\",\"@id\":\"https:\\\/\\\/iberoid-shop.com\\\/it\\\/#website\",\"url\":\"https:\\\/\\\/iberoid-shop.com\\\/it\\\/\",\"name\":\"Steroidi in linea\",\"description\":\"Acquista steroidi online oggi in Spagna e Portogallo. Abbiamo il miglior servizio clienti del settore e prodotti di altissima qualit\u00e0\",\"potentialAction\":[{\"@type\":\"SearchAction\",\"target\":{\"@type\":\"EntryPoint\",\"urlTemplate\":\"https:\\\/\\\/iberoid-shop.com\\\/it\\\/?s={search_term_string}\"},\"query-input\":{\"@type\":\"PropertyValueSpecification\",\"valueRequired\":true,\"valueName\":\"search_term_string\"}}],\"inLanguage\":\"it-IT\"}]}<\/script>\n<meta property=\"product:brand\" content=\"Euro Prime Pharmaceuticals (EPF)\" \/>\n<meta property=\"product:price:amount\" content=\"55.00\" \/>\n<meta property=\"product:price:currency\" content=\"EUR\" \/>\n<meta property=\"og:availability\" content=\"out of stock\" \/>\n<meta property=\"product:availability\" content=\"out of stock\" \/>\n<meta property=\"product:condition\" content=\"new\" \/>\n<!-- \/ Yoast SEO Premium plugin. -->","yoast_head_json":{"title":"PAK3 - TESTOSTERON PROPIONATE \/ 30 AMPOLLAS\/EPF - Steroidi in linea","robots":{"index":"index","follow":"follow","max-snippet":"max-snippet:-1","max-image-preview":"max-image-preview:large","max-video-preview":"max-video-preview:-1"},"canonical":"https:\/\/iberoid-shop.com\/it\/product\/pak3-testosteron-propionateepf-30-ampollas\/","og_locale":"it_IT","og_type":"article","og_title":"PAK3 - TESTOSTERON PROPIONATE \/ 30 AMPOLLAS\/EPF","og_description":"Acquista testosterone propionato \u2013 Una forma complessa e sintetica di testosterone. \u00c8 un composto a singolo estere. Inoltre viene utilizzato","og_url":"https:\/\/iberoid-shop.com\/it\/product\/pak3-testosteron-propionateepf-30-ampollas\/","og_site_name":"Steroidi in linea","article_modified_time":"2025-05-11T13:19:51+00:00","og_image":[{"width":800,"height":346,"url":"https:\/\/iberoid-shop.com\/wp-content\/uploads\/2023\/07\/Testosterone-Propionate-EPF.jpg?v=1690379150","type":"image\/jpeg"}],"twitter_card":"summary_large_image","twitter_misc":{"Prezzo":"&euro;55.00","Disponibilit\u00e0":"Esaurito"},"schema":{"@context":"https:\/\/schema.org","@graph":[{"@type":"WebPage","@id":"https:\/\/iberoid-shop.com\/it\/product\/pak3-testosteron-propionateepf-30-ampollas\/","url":"https:\/\/iberoid-shop.com\/it\/product\/pak3-testosteron-propionateepf-30-ampollas\/","name":"PAK3 - TESTOSTERON PROPIONATE \/ 30 AMPOLLAS\/EPF - Steroidi in linea","isPartOf":{"@id":"https:\/\/iberoid-shop.com\/it\/#website"},"primaryImageOfPage":{"@id":"https:\/\/iberoid-shop.com\/it\/product\/pak3-testosteron-propionateepf-30-ampollas\/#primaryimage"},"image":{"@id":"https:\/\/iberoid-shop.com\/it\/product\/pak3-testosteron-propionateepf-30-ampollas\/#primaryimage"},"thumbnailUrl":"https:\/\/iberoid-shop.com\/wp-content\/uploads\/2023\/07\/Testosterone-Propionate-EPF.jpg?v=1690379150","datePublished":"2023-07-26T13:47:10+00:00","dateModified":"2025-05-11T13:19:51+00:00","breadcrumb":{"@id":"https:\/\/iberoid-shop.com\/it\/product\/pak3-testosteron-propionateepf-30-ampollas\/#breadcrumb"},"inLanguage":"it-IT","potentialAction":[{"@type":"ReadAction","target":[["https:\/\/iberoid-shop.com\/it\/product\/pak3-testosteron-propionateepf-30-ampollas\/"]]}]},{"@type":"ImageObject","inLanguage":"it-IT","@id":"https:\/\/iberoid-shop.com\/it\/product\/pak3-testosteron-propionateepf-30-ampollas\/#primaryimage","url":"https:\/\/iberoid-shop.com\/wp-content\/uploads\/2023\/07\/Testosterone-Propionate-EPF.jpg?v=1690379150","contentUrl":"https:\/\/iberoid-shop.com\/wp-content\/uploads\/2023\/07\/Testosterone-Propionate-EPF.jpg?v=1690379150","width":800,"height":346},{"@type":"BreadcrumbList","@id":"https:\/\/iberoid-shop.com\/it\/product\/pak3-testosteron-propionateepf-30-ampollas\/#breadcrumb","itemListElement":[{"@type":"ListItem","position":1,"name":"Portada","item":"https:\/\/iberoid-shop.com\/it\/"},{"@type":"ListItem","position":2,"name":"Negozio","item":"https:\/\/iberoid-shop.com\/it\/shop\/"},{"@type":"ListItem","position":3,"name":"PAK3 &#8211; TESTOSTERON PROPIONATE \/ 30 AMPOLLAS\/EPF"}]},{"@type":"WebSite","@id":"https:\/\/iberoid-shop.com\/it\/#website","url":"https:\/\/iberoid-shop.com\/it\/","name":"Steroidi in linea","description":"Acquista steroidi online oggi in Spagna e Portogallo. Abbiamo il miglior servizio clienti del settore e prodotti di altissima qualit\u00e0","potentialAction":[{"@type":"SearchAction","target":{"@type":"EntryPoint","urlTemplate":"https:\/\/iberoid-shop.com\/it\/?s={search_term_string}"},"query-input":{"@type":"PropertyValueSpecification","valueRequired":true,"valueName":"search_term_string"}}],"inLanguage":"it-IT"}]},"product_brand":"Euro Prime Pharmaceuticals (EPF)","product_price_amount":"55.00","product_price_currency":"EUR","og_availability":"out of stock","product_availability":"out of stock","product_condition":"new"},"_links":{"self":[{"href":"https:\/\/iberoid-shop.com\/it\/wp-json\/wp\/v2\/product\/8738","targetHints":{"allow":["GET"]}}],"collection":[{"href":"https:\/\/iberoid-shop.com\/it\/wp-json\/wp\/v2\/product"}],"about":[{"href":"https:\/\/iberoid-shop.com\/it\/wp-json\/wp\/v2\/types\/product"}],"replies":[{"embeddable":true,"href":"https:\/\/iberoid-shop.com\/it\/wp-json\/wp\/v2\/comments?post=8738"}],"wp:featuredmedia":[{"embeddable":true,"href":"https:\/\/iberoid-shop.com\/it\/wp-json\/wp\/v2\/media\/8740"}],"wp:attachment":[{"href":"https:\/\/iberoid-shop.com\/it\/wp-json\/wp\/v2\/media?parent=8738"}],"wp:term":[{"taxonomy":"product_brand","embeddable":true,"href":"https:\/\/iberoid-shop.com\/it\/wp-json\/wp\/v2\/product_brand?post=8738"},{"taxonomy":"product_cat","embeddable":true,"href":"https:\/\/iberoid-shop.com\/it\/wp-json\/wp\/v2\/product_cat?post=8738"},{"taxonomy":"product_tag","embeddable":true,"href":"https:\/\/iberoid-shop.com\/it\/wp-json\/wp\/v2\/product_tag?post=8738"}],"curies":[{"name":"wp","href":"https:\/\/api.w.org\/{rel}","templated":true}]}}