{"id":8731,"date":"2023-07-26T12:59:13","date_gmt":"2023-07-26T12:59:13","guid":{"rendered":"https:\/\/iberoid-shop.com\/?post_type=product&#038;p=8731"},"modified":"2024-05-12T15:55:18","modified_gmt":"2024-05-12T15:55:18","slug":"sarms-cardarine-20-mg-30-capsulas","status":"publish","type":"product","link":"https:\/\/iberoid-shop.com\/it\/product\/sarms-cardarine-20-mg-30-capsulas\/","title":{"rendered":"SARMS\/CARDARINE &#8211; 20 MG \/ 30 CAPSULAS"},"content":{"rendered":"<p>La maggior parte delle persone in genere confonde il potenziatore delle prestazioni Cardarine con un SARM. Non \u00e8 una SARM, per\u00f2. I sostenitori di Cardarine affermano che questo potrebbe stimolare questi recettori, consentendo al corpo di bruciare i grassi, migliorare la resistenza muscolare e sviluppare massa muscolare magra.<\/p>\n<p>Vantaggi e usi<\/p>\n<p>L&#8217;uso di Cardarine ha molti vantaggi. Includono quanto segue:<\/p>\n<p>Resistenza migliorata: uno dei principali vantaggi di Cardarine \u00e8 che migliora la resistenza. Ci\u00f2 consente agli atleti di esercitare uno sforzo maggiore per periodi di tempo pi\u00f9 lunghi, il che \u00e8 vantaggioso negli sport che richiedono uno sforzo anaerobico maggiore e resistenza.<br \/>\nCi sono prove che Cardarine promuova la perdita di grasso. Per coloro che desiderano ridurre la percentuale di grasso corporeo, questo pu\u00f2 essere utile.<br \/>\n\u00c8 stato dimostrato che Cardarine riduce l&#8217;infiammazione, il che \u00e8 vantaggioso per chi soffre di malattie come l&#8217;asma o l&#8217;artrite.<br \/>\n\u00c8 stato dimostrato che Cardarine migliora la salute cardiovascolare abbassando i livelli di colesterolo cattivo e aumentando i livelli di colesterolo buono.<br \/>\nAumento delle prestazioni fisiche: \u00e8 stato dimostrato che Cardarine aumenta le prestazioni fisiche negli individui anziani. Per le persone anziane che desiderano continuare a vivere uno stile di vita attivo mentre invecchiano, questo pu\u00f2 essere utile.<\/p>","protected":false},"excerpt":{"rendered":"<p>La maggior parte delle persone in genere confonde il potenziatore delle prestazioni Cardarine con un SARM. Non \u00e8 una SARM,<\/p>\n","protected":false},"featured_media":8733,"comment_status":"open","ping_status":"closed","template":"","meta":[],"product_brand":[],"product_cat":[73],"product_tag":[],"class_list":{"0":"post-8731","1":"product","2":"type-product","3":"status-publish","4":"has-post-thumbnail","6":"product_cat-ssteroides_orales","8":"first","9":"outofstock","10":"sale","11":"shipping-taxable","12":"purchasable","13":"product-type-simple"},"yoast_head":"<!-- This site is optimized with the Yoast SEO Premium plugin v24.4 (Yoast SEO v27.3) - https:\/\/yoast.com\/product\/yoast-seo-premium-wordpress\/ -->\n<title>SARMS\/CARDARINE - 20 MG \/ 30 CAPSULAS - Steroidi in linea<\/title>\n<meta name=\"robots\" content=\"index, follow, max-snippet:-1, max-image-preview:large, max-video-preview:-1\" \/>\n<link rel=\"canonical\" href=\"https:\/\/iberoid-shop.com\/it\/product\/sarms-cardarine-20-mg-30-capsulas\/\" \/>\n<meta property=\"og:locale\" content=\"it_IT\" \/>\n<meta property=\"og:type\" content=\"article\" \/>\n<meta property=\"og:title\" content=\"SARMS\/CARDARINE - 20 MG \/ 30 CAPSULAS\" \/>\n<meta property=\"og:description\" content=\"La maggior parte delle persone in genere confonde il potenziatore delle prestazioni Cardarine con un SARM. Non \u00e8 una SARM,\" \/>\n<meta property=\"og:url\" content=\"https:\/\/iberoid-shop.com\/it\/product\/sarms-cardarine-20-mg-30-capsulas\/\" \/>\n<meta property=\"og:site_name\" content=\"Steroidi in linea\" \/>\n<meta property=\"article:modified_time\" content=\"2024-05-12T15:55:18+00:00\" \/>\n<meta property=\"og:image\" content=\"https:\/\/iberoid-shop.com\/wp-content\/uploads\/2023\/07\/IMG-0762-scaled.jpg?v=1690376334\" \/>\n\t<meta property=\"og:image:width\" content=\"1920\" \/>\n\t<meta property=\"og:image:height\" content=\"2560\" \/>\n\t<meta property=\"og:image:type\" content=\"image\/jpeg\" \/>\n<meta name=\"twitter:card\" content=\"summary_large_image\" \/>\n<meta name=\"twitter:label1\" content=\"Prezzo\" \/>\n\t<meta name=\"twitter:data1\" content=\"&euro;25.00\" \/>\n\t<meta name=\"twitter:label2\" content=\"Disponibilit\u00e0\" \/>\n\t<meta name=\"twitter:data2\" content=\"Esaurito\" \/>\n<script type=\"application\/ld+json\" class=\"yoast-schema-graph\">{\"@context\":\"https:\\\/\\\/schema.org\",\"@graph\":[{\"@type\":\"WebPage\",\"@id\":\"https:\\\/\\\/iberoid-shop.com\\\/it\\\/product\\\/sarms-cardarine-20-mg-30-capsulas\\\/\",\"url\":\"https:\\\/\\\/iberoid-shop.com\\\/it\\\/product\\\/sarms-cardarine-20-mg-30-capsulas\\\/\",\"name\":\"SARMS\\\/CARDARINE - 20 MG \\\/ 30 CAPSULAS - Steroidi in linea\",\"isPartOf\":{\"@id\":\"https:\\\/\\\/iberoid-shop.com\\\/it\\\/#website\"},\"primaryImageOfPage\":{\"@id\":\"https:\\\/\\\/iberoid-shop.com\\\/it\\\/product\\\/sarms-cardarine-20-mg-30-capsulas\\\/#primaryimage\"},\"image\":{\"@id\":\"https:\\\/\\\/iberoid-shop.com\\\/it\\\/product\\\/sarms-cardarine-20-mg-30-capsulas\\\/#primaryimage\"},\"thumbnailUrl\":\"https:\\\/\\\/iberoid-shop.com\\\/wp-content\\\/uploads\\\/2023\\\/07\\\/IMG-0762-scaled.jpg?v=1690376334\",\"datePublished\":\"2023-07-26T12:59:13+00:00\",\"dateModified\":\"2024-05-12T15:55:18+00:00\",\"breadcrumb\":{\"@id\":\"https:\\\/\\\/iberoid-shop.com\\\/it\\\/product\\\/sarms-cardarine-20-mg-30-capsulas\\\/#breadcrumb\"},\"inLanguage\":\"it-IT\",\"potentialAction\":[{\"@type\":\"ReadAction\",\"target\":[[\"https:\\\/\\\/iberoid-shop.com\\\/it\\\/product\\\/sarms-cardarine-20-mg-30-capsulas\\\/\"]]}]},{\"@type\":\"ImageObject\",\"inLanguage\":\"it-IT\",\"@id\":\"https:\\\/\\\/iberoid-shop.com\\\/it\\\/product\\\/sarms-cardarine-20-mg-30-capsulas\\\/#primaryimage\",\"url\":\"https:\\\/\\\/iberoid-shop.com\\\/wp-content\\\/uploads\\\/2023\\\/07\\\/IMG-0762-scaled.jpg?v=1690376334\",\"contentUrl\":\"https:\\\/\\\/iberoid-shop.com\\\/wp-content\\\/uploads\\\/2023\\\/07\\\/IMG-0762-scaled.jpg?v=1690376334\",\"width\":1920,\"height\":2560},{\"@type\":\"BreadcrumbList\",\"@id\":\"https:\\\/\\\/iberoid-shop.com\\\/it\\\/product\\\/sarms-cardarine-20-mg-30-capsulas\\\/#breadcrumb\",\"itemListElement\":[{\"@type\":\"ListItem\",\"position\":1,\"name\":\"Portada\",\"item\":\"https:\\\/\\\/iberoid-shop.com\\\/it\\\/\"},{\"@type\":\"ListItem\",\"position\":2,\"name\":\"Negozio\",\"item\":\"https:\\\/\\\/iberoid-shop.com\\\/it\\\/shop\\\/\"},{\"@type\":\"ListItem\",\"position\":3,\"name\":\"SARMS\\\/CARDARINE &#8211; 20 MG \\\/ 30 CAPSULAS\"}]},{\"@type\":\"WebSite\",\"@id\":\"https:\\\/\\\/iberoid-shop.com\\\/it\\\/#website\",\"url\":\"https:\\\/\\\/iberoid-shop.com\\\/it\\\/\",\"name\":\"Steroidi in linea\",\"description\":\"Acquista steroidi online oggi in Spagna e Portogallo. Abbiamo il miglior servizio clienti del settore e prodotti di altissima qualit\u00e0\",\"potentialAction\":[{\"@type\":\"SearchAction\",\"target\":{\"@type\":\"EntryPoint\",\"urlTemplate\":\"https:\\\/\\\/iberoid-shop.com\\\/it\\\/?s={search_term_string}\"},\"query-input\":{\"@type\":\"PropertyValueSpecification\",\"valueRequired\":true,\"valueName\":\"search_term_string\"}}],\"inLanguage\":\"it-IT\"}]}<\/script>\n<meta property=\"product:price:amount\" content=\"25.00\" \/>\n<meta property=\"product:price:currency\" content=\"EUR\" \/>\n<meta property=\"og:availability\" content=\"out of stock\" \/>\n<meta property=\"product:availability\" content=\"out of stock\" \/>\n<meta property=\"product:condition\" content=\"new\" \/>\n<!-- \/ Yoast SEO Premium plugin. -->","yoast_head_json":{"title":"SARMS\/CARDARINE - 20 MG \/ 30 CAPSULAS - Steroidi in linea","robots":{"index":"index","follow":"follow","max-snippet":"max-snippet:-1","max-image-preview":"max-image-preview:large","max-video-preview":"max-video-preview:-1"},"canonical":"https:\/\/iberoid-shop.com\/it\/product\/sarms-cardarine-20-mg-30-capsulas\/","og_locale":"it_IT","og_type":"article","og_title":"SARMS\/CARDARINE - 20 MG \/ 30 CAPSULAS","og_description":"La maggior parte delle persone in genere confonde il potenziatore delle prestazioni Cardarine con un SARM. Non \u00e8 una SARM,","og_url":"https:\/\/iberoid-shop.com\/it\/product\/sarms-cardarine-20-mg-30-capsulas\/","og_site_name":"Steroidi in linea","article_modified_time":"2024-05-12T15:55:18+00:00","og_image":[{"width":1920,"height":2560,"url":"https:\/\/iberoid-shop.com\/wp-content\/uploads\/2023\/07\/IMG-0762-scaled.jpg?v=1690376334","type":"image\/jpeg"}],"twitter_card":"summary_large_image","twitter_misc":{"Prezzo":"&euro;25.00","Disponibilit\u00e0":"Esaurito"},"schema":{"@context":"https:\/\/schema.org","@graph":[{"@type":"WebPage","@id":"https:\/\/iberoid-shop.com\/it\/product\/sarms-cardarine-20-mg-30-capsulas\/","url":"https:\/\/iberoid-shop.com\/it\/product\/sarms-cardarine-20-mg-30-capsulas\/","name":"SARMS\/CARDARINE - 20 MG \/ 30 CAPSULAS - Steroidi in linea","isPartOf":{"@id":"https:\/\/iberoid-shop.com\/it\/#website"},"primaryImageOfPage":{"@id":"https:\/\/iberoid-shop.com\/it\/product\/sarms-cardarine-20-mg-30-capsulas\/#primaryimage"},"image":{"@id":"https:\/\/iberoid-shop.com\/it\/product\/sarms-cardarine-20-mg-30-capsulas\/#primaryimage"},"thumbnailUrl":"https:\/\/iberoid-shop.com\/wp-content\/uploads\/2023\/07\/IMG-0762-scaled.jpg?v=1690376334","datePublished":"2023-07-26T12:59:13+00:00","dateModified":"2024-05-12T15:55:18+00:00","breadcrumb":{"@id":"https:\/\/iberoid-shop.com\/it\/product\/sarms-cardarine-20-mg-30-capsulas\/#breadcrumb"},"inLanguage":"it-IT","potentialAction":[{"@type":"ReadAction","target":[["https:\/\/iberoid-shop.com\/it\/product\/sarms-cardarine-20-mg-30-capsulas\/"]]}]},{"@type":"ImageObject","inLanguage":"it-IT","@id":"https:\/\/iberoid-shop.com\/it\/product\/sarms-cardarine-20-mg-30-capsulas\/#primaryimage","url":"https:\/\/iberoid-shop.com\/wp-content\/uploads\/2023\/07\/IMG-0762-scaled.jpg?v=1690376334","contentUrl":"https:\/\/iberoid-shop.com\/wp-content\/uploads\/2023\/07\/IMG-0762-scaled.jpg?v=1690376334","width":1920,"height":2560},{"@type":"BreadcrumbList","@id":"https:\/\/iberoid-shop.com\/it\/product\/sarms-cardarine-20-mg-30-capsulas\/#breadcrumb","itemListElement":[{"@type":"ListItem","position":1,"name":"Portada","item":"https:\/\/iberoid-shop.com\/it\/"},{"@type":"ListItem","position":2,"name":"Negozio","item":"https:\/\/iberoid-shop.com\/it\/shop\/"},{"@type":"ListItem","position":3,"name":"SARMS\/CARDARINE &#8211; 20 MG \/ 30 CAPSULAS"}]},{"@type":"WebSite","@id":"https:\/\/iberoid-shop.com\/it\/#website","url":"https:\/\/iberoid-shop.com\/it\/","name":"Steroidi in linea","description":"Acquista steroidi online oggi in Spagna e Portogallo. Abbiamo il miglior servizio clienti del settore e prodotti di altissima qualit\u00e0","potentialAction":[{"@type":"SearchAction","target":{"@type":"EntryPoint","urlTemplate":"https:\/\/iberoid-shop.com\/it\/?s={search_term_string}"},"query-input":{"@type":"PropertyValueSpecification","valueRequired":true,"valueName":"search_term_string"}}],"inLanguage":"it-IT"}]},"product_price_amount":"25.00","product_price_currency":"EUR","og_availability":"out of stock","product_availability":"out of stock","product_condition":"new"},"_links":{"self":[{"href":"https:\/\/iberoid-shop.com\/it\/wp-json\/wp\/v2\/product\/8731","targetHints":{"allow":["GET"]}}],"collection":[{"href":"https:\/\/iberoid-shop.com\/it\/wp-json\/wp\/v2\/product"}],"about":[{"href":"https:\/\/iberoid-shop.com\/it\/wp-json\/wp\/v2\/types\/product"}],"replies":[{"embeddable":true,"href":"https:\/\/iberoid-shop.com\/it\/wp-json\/wp\/v2\/comments?post=8731"}],"wp:featuredmedia":[{"embeddable":true,"href":"https:\/\/iberoid-shop.com\/it\/wp-json\/wp\/v2\/media\/8733"}],"wp:attachment":[{"href":"https:\/\/iberoid-shop.com\/it\/wp-json\/wp\/v2\/media?parent=8731"}],"wp:term":[{"taxonomy":"product_brand","embeddable":true,"href":"https:\/\/iberoid-shop.com\/it\/wp-json\/wp\/v2\/product_brand?post=8731"},{"taxonomy":"product_cat","embeddable":true,"href":"https:\/\/iberoid-shop.com\/it\/wp-json\/wp\/v2\/product_cat?post=8731"},{"taxonomy":"product_tag","embeddable":true,"href":"https:\/\/iberoid-shop.com\/it\/wp-json\/wp\/v2\/product_tag?post=8731"}],"curies":[{"name":"wp","href":"https:\/\/api.w.org\/{rel}","templated":true}]}}