{"id":8725,"date":"2023-07-25T21:20:04","date_gmt":"2023-07-25T21:20:04","guid":{"rendered":"https:\/\/iberoid-shop.com\/?post_type=product&#038;p=8725"},"modified":"2026-01-21T10:17:54","modified_gmt":"2026-01-21T10:17:54","slug":"strombafort-10-mg-100tabs-balkan-pharmaceuticals","status":"publish","type":"product","link":"https:\/\/iberoid-shop.com\/it\/product\/strombafort-10-mg-100tabs-balkan-pharmaceuticals\/","title":{"rendered":"STROMBAFORT 10 MG \/ 100TABS"},"content":{"rendered":"<p>Strombafort (Stanozolol) migliora la crescita muscolare e ossea, nonch\u00e9 la produzione di sangue. Inoltre aumenta la resistenza del corpo e favorisce la combustione dei grassi. Stanozolol \u00e8 disponibile in compresse o fiale per iniezione. Il suo dosaggio dipende dallo scopo, dal sesso e dalla reazione individuale del corpo. Inoltre, lo stanozololo \u00e8 vietato nello sport e pu\u00f2 comportare la squalifica o una multa.<\/p>\n<p>Profilo steroideo di Strombafort<br \/>\nattivit\u00e0 anabolica &#8211; 320% del testosterone;<br \/>\nattivit\u00e0 androgenica &#8211; 30% del testosterone;<br \/>\naromatizzazione (conversione in estrogeni) &#8211; no;<br \/>\nmetodo di somministrazione: iniezioni e compresse;<br \/>\ntossicit\u00e0 epatica &#8211; moderata, sia per le forme iniettabili che per quelle compresse;<br \/>\nl&#8217;emivita per la forma orale \u00e8 di 18-24 ore;<br \/>\ntempo di rilevamento: da 200 a 240 giorni.<br \/>\nEffetti dell&#8217;assunzione di Strombafort<br \/>\naumento della massa muscolare: Strombafort pu\u00f2 aumentare la sintesi proteica e l&#8217;anabolismo, che pu\u00f2 portare ad un aumento della massa muscolare;<br \/>\nMigliorare la resistenza: Strombafort pu\u00f2 migliorare la circolazione sanguigna e il consumo di ossigeno dei muscoli, il che pu\u00f2 portare a una migliore resistenza e a una riduzione dell&#8217;affaticamento durante l&#8217;esercizio;<br \/>\nforza migliorata: Strombafort pu\u00f2 aumentare il livello di androgeni nel corpo, il che pu\u00f2 portare a un miglioramento della forza e della velocit\u00e0 delle contrazioni muscolari;<br \/>\nriduzione del grasso: Strombafort pu\u00f2 aiutare a ridurre la massa grassa, il che pu\u00f2 portare a una migliore definizione muscolare.<\/p>","protected":false},"excerpt":{"rendered":"<p>Strombafort (Stanozolol) migliora la crescita muscolare e ossea, nonch\u00e9 la produzione di sangue. Inoltre aumenta la resistenza del corpo e<\/p>\n","protected":false},"featured_media":8727,"comment_status":"open","ping_status":"closed","template":"","meta":[],"product_brand":[],"product_cat":[73,3474],"product_tag":[],"class_list":{"0":"post-8725","1":"product","2":"type-product","3":"status-publish","4":"has-post-thumbnail","6":"product_cat-ssteroides_orales","7":"product_cat-packs","9":"first","10":"outofstock","11":"shipping-taxable","12":"purchasable","13":"product-type-simple"},"yoast_head":"<!-- This site is optimized with the Yoast SEO Premium plugin v24.4 (Yoast SEO v27.3) - https:\/\/yoast.com\/product\/yoast-seo-premium-wordpress\/ -->\n<title>STROMBAFORT 10 MG \/ 100TABS - Steroidi in linea<\/title>\n<meta name=\"robots\" content=\"index, follow, max-snippet:-1, max-image-preview:large, max-video-preview:-1\" \/>\n<link rel=\"canonical\" href=\"https:\/\/iberoid-shop.com\/it\/product\/strombafort-10-mg-100tabs-balkan-pharmaceuticals\/\" \/>\n<meta property=\"og:locale\" content=\"it_IT\" \/>\n<meta property=\"og:type\" content=\"article\" \/>\n<meta property=\"og:title\" content=\"STROMBAFORT 10 MG \/ 100TABS\" \/>\n<meta property=\"og:description\" content=\"Strombafort (Stanozolol) migliora la crescita muscolare e ossea, nonch\u00e9 la produzione di sangue. Inoltre aumenta la resistenza del corpo e\" \/>\n<meta property=\"og:url\" content=\"https:\/\/iberoid-shop.com\/it\/product\/strombafort-10-mg-100tabs-balkan-pharmaceuticals\/\" \/>\n<meta property=\"og:site_name\" content=\"Steroidi in linea\" \/>\n<meta property=\"article:modified_time\" content=\"2026-01-21T10:17:54+00:00\" \/>\n<meta property=\"og:image\" content=\"https:\/\/iberoid-shop.com\/wp-content\/uploads\/2023\/07\/Strombafort-10-mg-Balkan-Pharmaceuticals.jpg?v=1690319859\" \/>\n\t<meta property=\"og:image:width\" content=\"1000\" \/>\n\t<meta property=\"og:image:height\" content=\"1000\" \/>\n\t<meta property=\"og:image:type\" content=\"image\/jpeg\" \/>\n<meta name=\"twitter:card\" content=\"summary_large_image\" \/>\n<meta name=\"twitter:label1\" content=\"Prezzo\" \/>\n\t<meta name=\"twitter:data1\" content=\"&euro;40.00\" \/>\n\t<meta name=\"twitter:label2\" content=\"Disponibilit\u00e0\" \/>\n\t<meta name=\"twitter:data2\" content=\"Esaurito\" \/>\n<script type=\"application\/ld+json\" class=\"yoast-schema-graph\">{\"@context\":\"https:\\\/\\\/schema.org\",\"@graph\":[{\"@type\":\"WebPage\",\"@id\":\"https:\\\/\\\/iberoid-shop.com\\\/it\\\/product\\\/strombafort-10-mg-100tabs-balkan-pharmaceuticals\\\/\",\"url\":\"https:\\\/\\\/iberoid-shop.com\\\/it\\\/product\\\/strombafort-10-mg-100tabs-balkan-pharmaceuticals\\\/\",\"name\":\"STROMBAFORT 10 MG \\\/ 100TABS - Steroidi in linea\",\"isPartOf\":{\"@id\":\"https:\\\/\\\/iberoid.com\\\/#website\"},\"primaryImageOfPage\":{\"@id\":\"https:\\\/\\\/iberoid-shop.com\\\/it\\\/product\\\/strombafort-10-mg-100tabs-balkan-pharmaceuticals\\\/#primaryimage\"},\"image\":{\"@id\":\"https:\\\/\\\/iberoid-shop.com\\\/it\\\/product\\\/strombafort-10-mg-100tabs-balkan-pharmaceuticals\\\/#primaryimage\"},\"thumbnailUrl\":\"https:\\\/\\\/iberoid-shop.com\\\/wp-content\\\/uploads\\\/2023\\\/07\\\/Strombafort-10-mg-Balkan-Pharmaceuticals.jpg?v=1690319859\",\"datePublished\":\"2023-07-25T21:20:04+00:00\",\"dateModified\":\"2026-01-21T10:17:54+00:00\",\"breadcrumb\":{\"@id\":\"https:\\\/\\\/iberoid-shop.com\\\/it\\\/product\\\/strombafort-10-mg-100tabs-balkan-pharmaceuticals\\\/#breadcrumb\"},\"inLanguage\":\"it-IT\",\"potentialAction\":[{\"@type\":\"ReadAction\",\"target\":[[\"https:\\\/\\\/iberoid-shop.com\\\/it\\\/product\\\/strombafort-10-mg-100tabs-balkan-pharmaceuticals\\\/\"]]}]},{\"@type\":\"ImageObject\",\"inLanguage\":\"it-IT\",\"@id\":\"https:\\\/\\\/iberoid-shop.com\\\/it\\\/product\\\/strombafort-10-mg-100tabs-balkan-pharmaceuticals\\\/#primaryimage\",\"url\":\"https:\\\/\\\/iberoid-shop.com\\\/wp-content\\\/uploads\\\/2023\\\/07\\\/Strombafort-10-mg-Balkan-Pharmaceuticals.jpg?v=1690319859\",\"contentUrl\":\"https:\\\/\\\/iberoid-shop.com\\\/wp-content\\\/uploads\\\/2023\\\/07\\\/Strombafort-10-mg-Balkan-Pharmaceuticals.jpg?v=1690319859\",\"width\":1000,\"height\":1000},{\"@type\":\"BreadcrumbList\",\"@id\":\"https:\\\/\\\/iberoid-shop.com\\\/it\\\/product\\\/strombafort-10-mg-100tabs-balkan-pharmaceuticals\\\/#breadcrumb\",\"itemListElement\":[{\"@type\":\"ListItem\",\"position\":1,\"name\":\"Portada\",\"item\":\"https:\\\/\\\/iberoid.com\\\/\"},{\"@type\":\"ListItem\",\"position\":2,\"name\":\"Negozio\",\"item\":\"https:\\\/\\\/iberoid-shop.com\\\/it\\\/shop\\\/\"},{\"@type\":\"ListItem\",\"position\":3,\"name\":\"STROMBAFORT 10 MG \\\/ 100TABS\"}]},{\"@type\":\"WebSite\",\"@id\":\"https:\\\/\\\/iberoid.com\\\/#website\",\"url\":\"https:\\\/\\\/iberoid.com\\\/\",\"name\":\"Steroidi in linea\",\"description\":\"Acquista steroidi online oggi in Spagna e Portogallo. Abbiamo il miglior servizio clienti del settore e prodotti di altissima qualit\u00e0\",\"potentialAction\":[{\"@type\":\"SearchAction\",\"target\":{\"@type\":\"EntryPoint\",\"urlTemplate\":\"https:\\\/\\\/iberoid.com\\\/?s={search_term_string}\"},\"query-input\":{\"@type\":\"PropertyValueSpecification\",\"valueRequired\":true,\"valueName\":\"search_term_string\"}}],\"inLanguage\":\"it-IT\"}]}<\/script>\n<meta property=\"product:brand\" content=\"Balkan Pharmaceuticals\" \/>\n<meta property=\"product:price:amount\" content=\"40.00\" \/>\n<meta property=\"product:price:currency\" content=\"EUR\" \/>\n<meta property=\"og:availability\" content=\"out of stock\" \/>\n<meta property=\"product:availability\" content=\"out of stock\" \/>\n<meta property=\"product:condition\" content=\"new\" \/>\n<!-- \/ Yoast SEO Premium plugin. -->","yoast_head_json":{"title":"STROMBAFORT 10 MG \/ 100TABS - Steroidi in linea","robots":{"index":"index","follow":"follow","max-snippet":"max-snippet:-1","max-image-preview":"max-image-preview:large","max-video-preview":"max-video-preview:-1"},"canonical":"https:\/\/iberoid-shop.com\/it\/product\/strombafort-10-mg-100tabs-balkan-pharmaceuticals\/","og_locale":"it_IT","og_type":"article","og_title":"STROMBAFORT 10 MG \/ 100TABS","og_description":"Strombafort (Stanozolol) migliora la crescita muscolare e ossea, nonch\u00e9 la produzione di sangue. Inoltre aumenta la resistenza del corpo e","og_url":"https:\/\/iberoid-shop.com\/it\/product\/strombafort-10-mg-100tabs-balkan-pharmaceuticals\/","og_site_name":"Steroidi in linea","article_modified_time":"2026-01-21T10:17:54+00:00","og_image":[{"width":1000,"height":1000,"url":"https:\/\/iberoid-shop.com\/wp-content\/uploads\/2023\/07\/Strombafort-10-mg-Balkan-Pharmaceuticals.jpg?v=1690319859","type":"image\/jpeg"}],"twitter_card":"summary_large_image","twitter_misc":{"Prezzo":"&euro;40.00","Disponibilit\u00e0":"Esaurito"},"schema":{"@context":"https:\/\/schema.org","@graph":[{"@type":"WebPage","@id":"https:\/\/iberoid-shop.com\/it\/product\/strombafort-10-mg-100tabs-balkan-pharmaceuticals\/","url":"https:\/\/iberoid-shop.com\/it\/product\/strombafort-10-mg-100tabs-balkan-pharmaceuticals\/","name":"STROMBAFORT 10 MG \/ 100TABS - Steroidi in linea","isPartOf":{"@id":"https:\/\/iberoid.com\/#website"},"primaryImageOfPage":{"@id":"https:\/\/iberoid-shop.com\/it\/product\/strombafort-10-mg-100tabs-balkan-pharmaceuticals\/#primaryimage"},"image":{"@id":"https:\/\/iberoid-shop.com\/it\/product\/strombafort-10-mg-100tabs-balkan-pharmaceuticals\/#primaryimage"},"thumbnailUrl":"https:\/\/iberoid-shop.com\/wp-content\/uploads\/2023\/07\/Strombafort-10-mg-Balkan-Pharmaceuticals.jpg?v=1690319859","datePublished":"2023-07-25T21:20:04+00:00","dateModified":"2026-01-21T10:17:54+00:00","breadcrumb":{"@id":"https:\/\/iberoid-shop.com\/it\/product\/strombafort-10-mg-100tabs-balkan-pharmaceuticals\/#breadcrumb"},"inLanguage":"it-IT","potentialAction":[{"@type":"ReadAction","target":[["https:\/\/iberoid-shop.com\/it\/product\/strombafort-10-mg-100tabs-balkan-pharmaceuticals\/"]]}]},{"@type":"ImageObject","inLanguage":"it-IT","@id":"https:\/\/iberoid-shop.com\/it\/product\/strombafort-10-mg-100tabs-balkan-pharmaceuticals\/#primaryimage","url":"https:\/\/iberoid-shop.com\/wp-content\/uploads\/2023\/07\/Strombafort-10-mg-Balkan-Pharmaceuticals.jpg?v=1690319859","contentUrl":"https:\/\/iberoid-shop.com\/wp-content\/uploads\/2023\/07\/Strombafort-10-mg-Balkan-Pharmaceuticals.jpg?v=1690319859","width":1000,"height":1000},{"@type":"BreadcrumbList","@id":"https:\/\/iberoid-shop.com\/it\/product\/strombafort-10-mg-100tabs-balkan-pharmaceuticals\/#breadcrumb","itemListElement":[{"@type":"ListItem","position":1,"name":"Portada","item":"https:\/\/iberoid.com\/"},{"@type":"ListItem","position":2,"name":"Negozio","item":"https:\/\/iberoid-shop.com\/it\/shop\/"},{"@type":"ListItem","position":3,"name":"STROMBAFORT 10 MG \/ 100TABS"}]},{"@type":"WebSite","@id":"https:\/\/iberoid.com\/#website","url":"https:\/\/iberoid.com\/","name":"Steroidi in linea","description":"Acquista steroidi online oggi in Spagna e Portogallo. Abbiamo il miglior servizio clienti del settore e prodotti di altissima qualit\u00e0","potentialAction":[{"@type":"SearchAction","target":{"@type":"EntryPoint","urlTemplate":"https:\/\/iberoid.com\/?s={search_term_string}"},"query-input":{"@type":"PropertyValueSpecification","valueRequired":true,"valueName":"search_term_string"}}],"inLanguage":"it-IT"}]},"product_brand":"Balkan Pharmaceuticals","product_price_amount":"40.00","product_price_currency":"EUR","og_availability":"out of stock","product_availability":"out of stock","product_condition":"new"},"_links":{"self":[{"href":"https:\/\/iberoid-shop.com\/it\/wp-json\/wp\/v2\/product\/8725","targetHints":{"allow":["GET"]}}],"collection":[{"href":"https:\/\/iberoid-shop.com\/it\/wp-json\/wp\/v2\/product"}],"about":[{"href":"https:\/\/iberoid-shop.com\/it\/wp-json\/wp\/v2\/types\/product"}],"replies":[{"embeddable":true,"href":"https:\/\/iberoid-shop.com\/it\/wp-json\/wp\/v2\/comments?post=8725"}],"wp:featuredmedia":[{"embeddable":true,"href":"https:\/\/iberoid-shop.com\/it\/wp-json\/wp\/v2\/media\/8727"}],"wp:attachment":[{"href":"https:\/\/iberoid-shop.com\/it\/wp-json\/wp\/v2\/media?parent=8725"}],"wp:term":[{"taxonomy":"product_brand","embeddable":true,"href":"https:\/\/iberoid-shop.com\/it\/wp-json\/wp\/v2\/product_brand?post=8725"},{"taxonomy":"product_cat","embeddable":true,"href":"https:\/\/iberoid-shop.com\/it\/wp-json\/wp\/v2\/product_cat?post=8725"},{"taxonomy":"product_tag","embeddable":true,"href":"https:\/\/iberoid-shop.com\/it\/wp-json\/wp\/v2\/product_tag?post=8725"}],"curies":[{"name":"wp","href":"https:\/\/api.w.org\/{rel}","templated":true}]}}