{"id":8703,"date":"2023-07-23T13:20:03","date_gmt":"2023-07-23T13:20:03","guid":{"rendered":"https:\/\/iberoid-shop.com\/?post_type=product&#038;p=8703"},"modified":"2025-04-13T16:38:38","modified_gmt":"2025-04-13T16:38:38","slug":"clenbuterol-40-mcg-balkan-pharmaceuticals","status":"publish","type":"product","link":"https:\/\/iberoid-shop.com\/it\/product\/clenbuterol-40-mcg-balkan-pharmaceuticals\/","title":{"rendered":"CLENBUTEROL 40 mcg"},"content":{"rendered":"<p>Il clenbuterolo viene utilizzato principalmente per aumentare la sintesi proteica aiutando ad accelerare il ritmo cardiaco. Si tratta fondamentalmente di un&#8217;ammina simpaticomimetica necessaria come decongestionante alle persone con disturbi respiratori. Aiuta le persone che soffrono di asma liberando le vie respiratorie e agendo come\u00a0\u00a0broncodilatatore.<\/p>\n<p>Il composto clenbuterolo appartiene ad una classe di farmaci chiamati beta2-agonisti la cui funzione principale \u00e8 quella di trattare l&#8217;asma e la seconda \u00e8 quella di integrare la perdita di liquidi.<\/p>\n<p>\u00c8 stato brevettato per la prima volta alla fine degli anni &#8217;60 ed \u00e8 stato utilizzato per la prima volta per scopi medici nel 1977.<\/p>\n<p>Uno degli aspetti positivi del clenbuterolo \u00e8 che non appartiene alla comunit\u00e0 degli steroidi, il che significa che non \u00e8 dannoso per gli ormoni naturali. Inoltre da solo pu\u00f2 aiutare a bruciare la maggior parte del grasso corporeo e a sostenere la sintesi proteica e questo \u00e8 il motivo per cui \u00e8 preferito dalla maggior parte degli atleti.<\/p>\n<p>Come funziona il clenbuterolo?<\/p>\n<p>\u00c8 stato analizzato che il clenbuterolo pu\u00f2 sia aumentare la massa muscolare che ridurre il grasso corporeo. Come detto in precedenza, viene utilizzato come integratore dimagrante per le sue propriet\u00e0.<\/p>\n<p>\u00c8 una preparazione orale di 0,04 milligrammi di sostanza clenbuterolo cloridrato per ogni compressa. La forma pi\u00f9 riconosciuta di clenbuterolo \u00e8 prodotta dalla Balkan Pharmaceuticals, riconosciuta da numerosi atleti.<\/p>\n<p>Un\u2019interpretazione errata comune sul clenbuterolo afferma che abbia propriet\u00e0 anaboliche e sviluppi massa muscolare se consumato in dosi pi\u00f9 elevate, ma \u00e8 completamente sbagliata. Quindi, non lasciarti trasportare da idee sbagliate e prova ad andare secondo ci\u00f2 che dice il tuo medico.<\/p>\n<p>Il farmaco ideale a base di clenbuterolo funzioner\u00e0 esattamente allo stesso modo, indipendentemente dal luogo di acquisto. Il clenbuterolo funziona come un agente da taglio utilizzato per i periodi di taglio e funziona bene come parte del regime PCT.<\/p>\n<p>Se desideri\u00a0acquistare Clenbuterol Balkan\u00a0per le tue necessit\u00e0, devi essere consapevole del dosaggio corretto e anche degli effetti collaterali.<\/p>","protected":false},"excerpt":{"rendered":"<p>Il clenbuterolo viene utilizzato principalmente per aumentare la sintesi proteica aiutando ad accelerare il ritmo cardiaco. Si tratta fondamentalmente di<\/p>\n","protected":false},"featured_media":8705,"comment_status":"open","ping_status":"closed","template":"","meta":[],"product_brand":[],"product_cat":[73],"product_tag":[],"class_list":{"0":"post-8703","1":"product","2":"type-product","3":"status-publish","4":"has-post-thumbnail","6":"product_cat-ssteroides_orales","8":"first","9":"outofstock","10":"sale","11":"shipping-taxable","12":"purchasable","13":"product-type-simple"},"yoast_head":"<!-- This site is optimized with the Yoast SEO Premium plugin v24.4 (Yoast SEO v27.3) - https:\/\/yoast.com\/product\/yoast-seo-premium-wordpress\/ -->\n<title>CLENBUTEROL 40 mcg - Steroidi in linea<\/title>\n<meta name=\"robots\" content=\"index, follow, max-snippet:-1, max-image-preview:large, max-video-preview:-1\" \/>\n<link rel=\"canonical\" href=\"https:\/\/iberoid-shop.com\/it\/product\/clenbuterol-40-mcg-balkan-pharmaceuticals\/\" \/>\n<meta property=\"og:locale\" content=\"it_IT\" \/>\n<meta property=\"og:type\" content=\"article\" \/>\n<meta property=\"og:title\" content=\"CLENBUTEROL 40 mcg\" \/>\n<meta property=\"og:description\" content=\"Il clenbuterolo viene utilizzato principalmente per aumentare la sintesi proteica aiutando ad accelerare il ritmo cardiaco. Si tratta fondamentalmente di\" \/>\n<meta property=\"og:url\" content=\"https:\/\/iberoid-shop.com\/it\/product\/clenbuterol-40-mcg-balkan-pharmaceuticals\/\" \/>\n<meta property=\"og:site_name\" content=\"Steroidi in linea\" \/>\n<meta property=\"article:modified_time\" content=\"2025-04-13T16:38:38+00:00\" \/>\n<meta property=\"og:image\" content=\"https:\/\/iberoid-shop.com\/wp-content\/uploads\/2023\/07\/product-131-648-scaled.jpg?v=1699260436\" \/>\n\t<meta property=\"og:image:width\" content=\"2560\" \/>\n\t<meta property=\"og:image:height\" content=\"1762\" \/>\n\t<meta property=\"og:image:type\" content=\"image\/jpeg\" \/>\n<meta name=\"twitter:card\" content=\"summary_large_image\" \/>\n<meta name=\"twitter:label1\" content=\"Prezzo\" \/>\n\t<meta name=\"twitter:data1\" content=\"&euro;30.00\" \/>\n\t<meta name=\"twitter:label2\" content=\"Disponibilit\u00e0\" \/>\n\t<meta name=\"twitter:data2\" content=\"Esaurito\" \/>\n<script type=\"application\/ld+json\" class=\"yoast-schema-graph\">{\"@context\":\"https:\\\/\\\/schema.org\",\"@graph\":[{\"@type\":\"WebPage\",\"@id\":\"https:\\\/\\\/iberoid-shop.com\\\/it\\\/product\\\/clenbuterol-40-mcg-balkan-pharmaceuticals\\\/\",\"url\":\"https:\\\/\\\/iberoid-shop.com\\\/it\\\/product\\\/clenbuterol-40-mcg-balkan-pharmaceuticals\\\/\",\"name\":\"CLENBUTEROL 40 mcg - Steroidi in linea\",\"isPartOf\":{\"@id\":\"https:\\\/\\\/iberoid.com\\\/#website\"},\"primaryImageOfPage\":{\"@id\":\"https:\\\/\\\/iberoid-shop.com\\\/it\\\/product\\\/clenbuterol-40-mcg-balkan-pharmaceuticals\\\/#primaryimage\"},\"image\":{\"@id\":\"https:\\\/\\\/iberoid-shop.com\\\/it\\\/product\\\/clenbuterol-40-mcg-balkan-pharmaceuticals\\\/#primaryimage\"},\"thumbnailUrl\":\"https:\\\/\\\/iberoid-shop.com\\\/wp-content\\\/uploads\\\/2023\\\/07\\\/product-131-648-scaled.jpg?v=1699260436\",\"datePublished\":\"2023-07-23T13:20:03+00:00\",\"dateModified\":\"2025-04-13T16:38:38+00:00\",\"breadcrumb\":{\"@id\":\"https:\\\/\\\/iberoid-shop.com\\\/it\\\/product\\\/clenbuterol-40-mcg-balkan-pharmaceuticals\\\/#breadcrumb\"},\"inLanguage\":\"it-IT\",\"potentialAction\":[{\"@type\":\"ReadAction\",\"target\":[[\"https:\\\/\\\/iberoid-shop.com\\\/it\\\/product\\\/clenbuterol-40-mcg-balkan-pharmaceuticals\\\/\"]]}]},{\"@type\":\"ImageObject\",\"inLanguage\":\"it-IT\",\"@id\":\"https:\\\/\\\/iberoid-shop.com\\\/it\\\/product\\\/clenbuterol-40-mcg-balkan-pharmaceuticals\\\/#primaryimage\",\"url\":\"https:\\\/\\\/iberoid-shop.com\\\/wp-content\\\/uploads\\\/2023\\\/07\\\/product-131-648-scaled.jpg?v=1699260436\",\"contentUrl\":\"https:\\\/\\\/iberoid-shop.com\\\/wp-content\\\/uploads\\\/2023\\\/07\\\/product-131-648-scaled.jpg?v=1699260436\",\"width\":2560,\"height\":1762},{\"@type\":\"BreadcrumbList\",\"@id\":\"https:\\\/\\\/iberoid-shop.com\\\/it\\\/product\\\/clenbuterol-40-mcg-balkan-pharmaceuticals\\\/#breadcrumb\",\"itemListElement\":[{\"@type\":\"ListItem\",\"position\":1,\"name\":\"Portada\",\"item\":\"https:\\\/\\\/iberoid.com\\\/\"},{\"@type\":\"ListItem\",\"position\":2,\"name\":\"Negozio\",\"item\":\"https:\\\/\\\/iberoid-shop.com\\\/it\\\/shop\\\/\"},{\"@type\":\"ListItem\",\"position\":3,\"name\":\"CLENBUTEROL 40 mcg\"}]},{\"@type\":\"WebSite\",\"@id\":\"https:\\\/\\\/iberoid.com\\\/#website\",\"url\":\"https:\\\/\\\/iberoid.com\\\/\",\"name\":\"Steroidi in linea\",\"description\":\"Acquista steroidi online oggi in Spagna e Portogallo. Abbiamo il miglior servizio clienti del settore e prodotti di altissima qualit\u00e0\",\"potentialAction\":[{\"@type\":\"SearchAction\",\"target\":{\"@type\":\"EntryPoint\",\"urlTemplate\":\"https:\\\/\\\/iberoid.com\\\/?s={search_term_string}\"},\"query-input\":{\"@type\":\"PropertyValueSpecification\",\"valueRequired\":true,\"valueName\":\"search_term_string\"}}],\"inLanguage\":\"it-IT\"}]}<\/script>\n<meta property=\"product:brand\" content=\"Balkan Pharmaceuticals\" \/>\n<meta property=\"product:price:amount\" content=\"30.00\" \/>\n<meta property=\"product:price:currency\" content=\"EUR\" \/>\n<meta property=\"og:availability\" content=\"out of stock\" \/>\n<meta property=\"product:availability\" content=\"out of stock\" \/>\n<meta property=\"product:condition\" content=\"new\" \/>\n<!-- \/ Yoast SEO Premium plugin. -->","yoast_head_json":{"title":"CLENBUTEROL 40 mcg - Steroidi in linea","robots":{"index":"index","follow":"follow","max-snippet":"max-snippet:-1","max-image-preview":"max-image-preview:large","max-video-preview":"max-video-preview:-1"},"canonical":"https:\/\/iberoid-shop.com\/it\/product\/clenbuterol-40-mcg-balkan-pharmaceuticals\/","og_locale":"it_IT","og_type":"article","og_title":"CLENBUTEROL 40 mcg","og_description":"Il clenbuterolo viene utilizzato principalmente per aumentare la sintesi proteica aiutando ad accelerare il ritmo cardiaco. Si tratta fondamentalmente di","og_url":"https:\/\/iberoid-shop.com\/it\/product\/clenbuterol-40-mcg-balkan-pharmaceuticals\/","og_site_name":"Steroidi in linea","article_modified_time":"2025-04-13T16:38:38+00:00","og_image":[{"width":2560,"height":1762,"url":"https:\/\/iberoid-shop.com\/wp-content\/uploads\/2023\/07\/product-131-648-scaled.jpg?v=1699260436","type":"image\/jpeg"}],"twitter_card":"summary_large_image","twitter_misc":{"Prezzo":"&euro;30.00","Disponibilit\u00e0":"Esaurito"},"schema":{"@context":"https:\/\/schema.org","@graph":[{"@type":"WebPage","@id":"https:\/\/iberoid-shop.com\/it\/product\/clenbuterol-40-mcg-balkan-pharmaceuticals\/","url":"https:\/\/iberoid-shop.com\/it\/product\/clenbuterol-40-mcg-balkan-pharmaceuticals\/","name":"CLENBUTEROL 40 mcg - Steroidi in linea","isPartOf":{"@id":"https:\/\/iberoid.com\/#website"},"primaryImageOfPage":{"@id":"https:\/\/iberoid-shop.com\/it\/product\/clenbuterol-40-mcg-balkan-pharmaceuticals\/#primaryimage"},"image":{"@id":"https:\/\/iberoid-shop.com\/it\/product\/clenbuterol-40-mcg-balkan-pharmaceuticals\/#primaryimage"},"thumbnailUrl":"https:\/\/iberoid-shop.com\/wp-content\/uploads\/2023\/07\/product-131-648-scaled.jpg?v=1699260436","datePublished":"2023-07-23T13:20:03+00:00","dateModified":"2025-04-13T16:38:38+00:00","breadcrumb":{"@id":"https:\/\/iberoid-shop.com\/it\/product\/clenbuterol-40-mcg-balkan-pharmaceuticals\/#breadcrumb"},"inLanguage":"it-IT","potentialAction":[{"@type":"ReadAction","target":[["https:\/\/iberoid-shop.com\/it\/product\/clenbuterol-40-mcg-balkan-pharmaceuticals\/"]]}]},{"@type":"ImageObject","inLanguage":"it-IT","@id":"https:\/\/iberoid-shop.com\/it\/product\/clenbuterol-40-mcg-balkan-pharmaceuticals\/#primaryimage","url":"https:\/\/iberoid-shop.com\/wp-content\/uploads\/2023\/07\/product-131-648-scaled.jpg?v=1699260436","contentUrl":"https:\/\/iberoid-shop.com\/wp-content\/uploads\/2023\/07\/product-131-648-scaled.jpg?v=1699260436","width":2560,"height":1762},{"@type":"BreadcrumbList","@id":"https:\/\/iberoid-shop.com\/it\/product\/clenbuterol-40-mcg-balkan-pharmaceuticals\/#breadcrumb","itemListElement":[{"@type":"ListItem","position":1,"name":"Portada","item":"https:\/\/iberoid.com\/"},{"@type":"ListItem","position":2,"name":"Negozio","item":"https:\/\/iberoid-shop.com\/it\/shop\/"},{"@type":"ListItem","position":3,"name":"CLENBUTEROL 40 mcg"}]},{"@type":"WebSite","@id":"https:\/\/iberoid.com\/#website","url":"https:\/\/iberoid.com\/","name":"Steroidi in linea","description":"Acquista steroidi online oggi in Spagna e Portogallo. Abbiamo il miglior servizio clienti del settore e prodotti di altissima qualit\u00e0","potentialAction":[{"@type":"SearchAction","target":{"@type":"EntryPoint","urlTemplate":"https:\/\/iberoid.com\/?s={search_term_string}"},"query-input":{"@type":"PropertyValueSpecification","valueRequired":true,"valueName":"search_term_string"}}],"inLanguage":"it-IT"}]},"product_brand":"Balkan Pharmaceuticals","product_price_amount":"30.00","product_price_currency":"EUR","og_availability":"out of stock","product_availability":"out of stock","product_condition":"new"},"_links":{"self":[{"href":"https:\/\/iberoid-shop.com\/it\/wp-json\/wp\/v2\/product\/8703","targetHints":{"allow":["GET"]}}],"collection":[{"href":"https:\/\/iberoid-shop.com\/it\/wp-json\/wp\/v2\/product"}],"about":[{"href":"https:\/\/iberoid-shop.com\/it\/wp-json\/wp\/v2\/types\/product"}],"replies":[{"embeddable":true,"href":"https:\/\/iberoid-shop.com\/it\/wp-json\/wp\/v2\/comments?post=8703"}],"wp:featuredmedia":[{"embeddable":true,"href":"https:\/\/iberoid-shop.com\/it\/wp-json\/wp\/v2\/media\/8705"}],"wp:attachment":[{"href":"https:\/\/iberoid-shop.com\/it\/wp-json\/wp\/v2\/media?parent=8703"}],"wp:term":[{"taxonomy":"product_brand","embeddable":true,"href":"https:\/\/iberoid-shop.com\/it\/wp-json\/wp\/v2\/product_brand?post=8703"},{"taxonomy":"product_cat","embeddable":true,"href":"https:\/\/iberoid-shop.com\/it\/wp-json\/wp\/v2\/product_cat?post=8703"},{"taxonomy":"product_tag","embeddable":true,"href":"https:\/\/iberoid-shop.com\/it\/wp-json\/wp\/v2\/product_tag?post=8703"}],"curies":[{"name":"wp","href":"https:\/\/api.w.org\/{rel}","templated":true}]}}