{"id":8556,"date":"2023-06-03T14:28:58","date_gmt":"2023-06-03T14:28:58","guid":{"rendered":"https:\/\/iberoid-shop.com\/?post_type=product&#038;p=8556"},"modified":"2026-02-08T12:11:15","modified_gmt":"2026-02-08T12:11:15","slug":"nandrolone-decanoate-nandroged-premium-epf","status":"publish","type":"product","link":"https:\/\/iberoid-shop.com\/it\/product\/nandrolone-decanoate-nandroged-premium-epf\/","title":{"rendered":"NANDROLONE DECANOATE \/ NANDROGED PREMIUM"},"content":{"rendered":"<p>Il nandrolone decanoato \u00e8 una forma iniettabile dello steroide anabolizzante nandrolone. L&#8217;estere decanoato fornisce un lento rilascio di nandrolone dal sito di iniezione, che dura fino a tre settimane. Il nandrolone \u00e8 molto simile al testosterone nella struttura, sebbene manchi di un atomo di carbonio nella 19a posizione (da qui il suo altro nome, 19nortestosterone). Come il testosterone, il nandrolone presenta propriet\u00e0 anaboliche relativamente forti. A differenza del testosterone, tuttavia, la sua attivit\u00e0 di costruzione dei tessuti \u00e8 accompagnata da deboli propriet\u00e0 androgene. Gran parte di ci\u00f2 ha a che fare con la riduzione del nandrolone in uno steroide pi\u00f9 debole, il diidronandrolone, negli stessi tessuti bersaglio sensibili agli androgeni che potenziano l\u2019azione del testosterone (convertendolo in DHT). Le propriet\u00e0 leggere del nandrolone decanoato lo hanno reso uno degli steroidi iniettabili pi\u00f9 popolari al mondo, molto apprezzato dagli atleti per la sua capacit\u00e0 di promuovere guadagni significativi di forza e massa muscolare magra senza forti effetti collaterali androgeni o estrogenici.<\/p>","protected":false},"excerpt":{"rendered":"<p>Il nandrolone decanoato \u00e8 una forma iniettabile dello steroide anabolizzante nandrolone. L&#8217;estere decanoato fornisce un lento rilascio di nandrolone dal<\/p>\n","protected":false},"featured_media":8557,"comment_status":"open","ping_status":"closed","template":"","meta":[],"product_brand":[],"product_cat":[69],"product_tag":[],"class_list":{"0":"post-8556","1":"product","2":"type-product","3":"status-publish","4":"has-post-thumbnail","6":"product_cat-esteroides_inyectables","8":"first","9":"instock","10":"sale","11":"shipping-taxable","12":"purchasable","13":"product-type-simple"},"yoast_head":"<!-- This site is optimized with the Yoast SEO Premium plugin v24.4 (Yoast SEO v27.0) - https:\/\/yoast.com\/product\/yoast-seo-premium-wordpress\/ -->\n<title>NANDROLONE DECANOATE \/ NANDROGED PREMIUM - Steroidi in linea<\/title>\n<meta name=\"description\" content=\"NANDROLONE DECANOATE \u00e8 uno steroide iniettabile popolare che aumenta massa magra, forza e recupero con effetti collaterali leggeri.\" \/>\n<meta name=\"robots\" content=\"index, follow, max-snippet:-1, max-image-preview:large, max-video-preview:-1\" \/>\n<link rel=\"canonical\" href=\"https:\/\/iberoid-shop.com\/it\/product\/nandrolone-decanoate-nandroged-premium-epf\/\" \/>\n<meta property=\"og:locale\" content=\"it_IT\" \/>\n<meta property=\"og:type\" content=\"article\" \/>\n<meta property=\"og:title\" content=\"NANDROLONE DECANOATE \/ NANDROGED PREMIUM\" \/>\n<meta property=\"og:description\" content=\"NANDROLONE DECANOATE \u00e8 uno steroide iniettabile popolare che aumenta massa magra, forza e recupero con effetti collaterali leggeri.\" \/>\n<meta property=\"og:url\" content=\"https:\/\/iberoid-shop.com\/it\/product\/nandrolone-decanoate-nandroged-premium-epf\/\" \/>\n<meta property=\"og:site_name\" content=\"Steroidi in linea\" \/>\n<meta property=\"article:modified_time\" content=\"2026-02-08T12:11:15+00:00\" \/>\n<meta property=\"og:image\" content=\"https:\/\/iberoid-shop.com\/wp-content\/uploads\/2023\/06\/dk.jpg?v=1690929355\" \/>\n\t<meta property=\"og:image:width\" content=\"1024\" \/>\n\t<meta property=\"og:image:height\" content=\"768\" \/>\n\t<meta property=\"og:image:type\" content=\"image\/jpeg\" \/>\n<meta name=\"twitter:card\" content=\"summary_large_image\" \/>\n<meta name=\"twitter:label1\" content=\"Prezzo\" \/>\n\t<meta name=\"twitter:data1\" content=\"&euro;50.00\" \/>\n\t<meta name=\"twitter:label2\" content=\"Disponibilit\u00e0\" \/>\n\t<meta name=\"twitter:data2\" content=\"In stock\" \/>\n<script type=\"application\/ld+json\" class=\"yoast-schema-graph\">{\"@context\":\"https:\/\/schema.org\",\"@graph\":[{\"@type\":\"WebPage\",\"@id\":\"https:\/\/iberoid-shop.com\/it\/product\/nandrolone-decanoate-nandroged-premium-epf\/\",\"url\":\"https:\/\/iberoid-shop.com\/it\/product\/nandrolone-decanoate-nandroged-premium-epf\/\",\"name\":\"NANDROLONE DECANOATE \/ NANDROGED PREMIUM - Steroidi in linea\",\"isPartOf\":{\"@id\":\"https:\/\/iberoid-shop.com\/it\/#website\"},\"primaryImageOfPage\":{\"@id\":\"https:\/\/iberoid-shop.com\/it\/product\/nandrolone-decanoate-nandroged-premium-epf\/#primaryimage\"},\"image\":{\"@id\":\"https:\/\/iberoid-shop.com\/it\/product\/nandrolone-decanoate-nandroged-premium-epf\/#primaryimage\"},\"thumbnailUrl\":\"https:\/\/iberoid-shop.com\/wp-content\/uploads\/2023\/06\/dk.jpg?v=1690929355\",\"datePublished\":\"2023-06-03T14:28:58+00:00\",\"dateModified\":\"2026-02-08T12:11:15+00:00\",\"description\":\"NANDROLONE DECANOATE \u00e8 uno steroide iniettabile popolare che aumenta massa magra, forza e recupero con effetti collaterali leggeri.\",\"breadcrumb\":{\"@id\":\"https:\/\/iberoid-shop.com\/it\/product\/nandrolone-decanoate-nandroged-premium-epf\/#breadcrumb\"},\"inLanguage\":\"it-IT\",\"potentialAction\":[{\"@type\":\"ReadAction\",\"target\":[[\"https:\/\/iberoid-shop.com\/it\/product\/nandrolone-decanoate-nandroged-premium-epf\/\"]]}]},{\"@type\":\"ImageObject\",\"inLanguage\":\"it-IT\",\"@id\":\"https:\/\/iberoid-shop.com\/it\/product\/nandrolone-decanoate-nandroged-premium-epf\/#primaryimage\",\"url\":\"https:\/\/iberoid-shop.com\/wp-content\/uploads\/2023\/06\/dk.jpg?v=1690929355\",\"contentUrl\":\"https:\/\/iberoid-shop.com\/wp-content\/uploads\/2023\/06\/dk.jpg?v=1690929355\",\"width\":1024,\"height\":768},{\"@type\":\"BreadcrumbList\",\"@id\":\"https:\/\/iberoid-shop.com\/it\/product\/nandrolone-decanoate-nandroged-premium-epf\/#breadcrumb\",\"itemListElement\":[{\"@type\":\"ListItem\",\"position\":1,\"name\":\"Portada\",\"item\":\"https:\/\/iberoid-shop.com\/it\/\"},{\"@type\":\"ListItem\",\"position\":2,\"name\":\"Negozio\",\"item\":\"https:\/\/iberoid-shop.com\/it\/shop\/\"},{\"@type\":\"ListItem\",\"position\":3,\"name\":\"NANDROLONE DECANOATE \/ NANDROGED PREMIUM\"}]},{\"@type\":\"WebSite\",\"@id\":\"https:\/\/iberoid-shop.com\/it\/#website\",\"url\":\"https:\/\/iberoid-shop.com\/it\/\",\"name\":\"Steroidi in linea\",\"description\":\"Acquista steroidi online oggi in Spagna e Portogallo. Abbiamo il miglior servizio clienti del settore e prodotti di altissima qualit\u00e0\",\"potentialAction\":[{\"@type\":\"SearchAction\",\"target\":{\"@type\":\"EntryPoint\",\"urlTemplate\":\"https:\/\/iberoid-shop.com\/it\/?s={search_term_string}\"},\"query-input\":{\"@type\":\"PropertyValueSpecification\",\"valueRequired\":true,\"valueName\":\"search_term_string\"}}],\"inLanguage\":\"it-IT\"}]}<\/script>\n<meta property=\"product:brand\" content=\"Euro Prime Pharmaceuticals (EPF)\" \/>\n<meta property=\"product:price:amount\" content=\"50.00\" \/>\n<meta property=\"product:price:currency\" content=\"EUR\" \/>\n<meta property=\"og:availability\" content=\"instock\" \/>\n<meta property=\"product:availability\" content=\"instock\" \/>\n<meta property=\"product:condition\" content=\"new\" \/>\n<!-- \/ Yoast SEO Premium plugin. -->","yoast_head_json":{"title":"NANDROLONE DECANOATE \/ NANDROGED PREMIUM - Steroidi in linea","description":"NANDROLONE DECANOATE \u00e8 uno steroide iniettabile popolare che aumenta massa magra, forza e recupero con effetti collaterali leggeri.","robots":{"index":"index","follow":"follow","max-snippet":"max-snippet:-1","max-image-preview":"max-image-preview:large","max-video-preview":"max-video-preview:-1"},"canonical":"https:\/\/iberoid-shop.com\/it\/product\/nandrolone-decanoate-nandroged-premium-epf\/","og_locale":"it_IT","og_type":"article","og_title":"NANDROLONE DECANOATE \/ NANDROGED PREMIUM","og_description":"NANDROLONE DECANOATE \u00e8 uno steroide iniettabile popolare che aumenta massa magra, forza e recupero con effetti collaterali leggeri.","og_url":"https:\/\/iberoid-shop.com\/it\/product\/nandrolone-decanoate-nandroged-premium-epf\/","og_site_name":"Steroidi in linea","article_modified_time":"2026-02-08T12:11:15+00:00","og_image":[{"width":1024,"height":768,"url":"https:\/\/iberoid-shop.com\/wp-content\/uploads\/2023\/06\/dk.jpg?v=1690929355","type":"image\/jpeg"}],"twitter_card":"summary_large_image","twitter_misc":{"Prezzo":"&euro;50.00","Disponibilit\u00e0":"In stock"},"schema":{"@context":"https:\/\/schema.org","@graph":[{"@type":"WebPage","@id":"https:\/\/iberoid-shop.com\/it\/product\/nandrolone-decanoate-nandroged-premium-epf\/","url":"https:\/\/iberoid-shop.com\/it\/product\/nandrolone-decanoate-nandroged-premium-epf\/","name":"NANDROLONE DECANOATE \/ NANDROGED PREMIUM - Steroidi in linea","isPartOf":{"@id":"https:\/\/iberoid-shop.com\/it\/#website"},"primaryImageOfPage":{"@id":"https:\/\/iberoid-shop.com\/it\/product\/nandrolone-decanoate-nandroged-premium-epf\/#primaryimage"},"image":{"@id":"https:\/\/iberoid-shop.com\/it\/product\/nandrolone-decanoate-nandroged-premium-epf\/#primaryimage"},"thumbnailUrl":"https:\/\/iberoid-shop.com\/wp-content\/uploads\/2023\/06\/dk.jpg?v=1690929355","datePublished":"2023-06-03T14:28:58+00:00","dateModified":"2026-02-08T12:11:15+00:00","description":"NANDROLONE DECANOATE \u00e8 uno steroide iniettabile popolare che aumenta massa magra, forza e recupero con effetti collaterali leggeri.","breadcrumb":{"@id":"https:\/\/iberoid-shop.com\/it\/product\/nandrolone-decanoate-nandroged-premium-epf\/#breadcrumb"},"inLanguage":"it-IT","potentialAction":[{"@type":"ReadAction","target":[["https:\/\/iberoid-shop.com\/it\/product\/nandrolone-decanoate-nandroged-premium-epf\/"]]}]},{"@type":"ImageObject","inLanguage":"it-IT","@id":"https:\/\/iberoid-shop.com\/it\/product\/nandrolone-decanoate-nandroged-premium-epf\/#primaryimage","url":"https:\/\/iberoid-shop.com\/wp-content\/uploads\/2023\/06\/dk.jpg?v=1690929355","contentUrl":"https:\/\/iberoid-shop.com\/wp-content\/uploads\/2023\/06\/dk.jpg?v=1690929355","width":1024,"height":768},{"@type":"BreadcrumbList","@id":"https:\/\/iberoid-shop.com\/it\/product\/nandrolone-decanoate-nandroged-premium-epf\/#breadcrumb","itemListElement":[{"@type":"ListItem","position":1,"name":"Portada","item":"https:\/\/iberoid-shop.com\/it\/"},{"@type":"ListItem","position":2,"name":"Negozio","item":"https:\/\/iberoid-shop.com\/it\/shop\/"},{"@type":"ListItem","position":3,"name":"NANDROLONE DECANOATE \/ NANDROGED PREMIUM"}]},{"@type":"WebSite","@id":"https:\/\/iberoid-shop.com\/it\/#website","url":"https:\/\/iberoid-shop.com\/it\/","name":"Steroidi in linea","description":"Acquista steroidi online oggi in Spagna e Portogallo. Abbiamo il miglior servizio clienti del settore e prodotti di altissima qualit\u00e0","potentialAction":[{"@type":"SearchAction","target":{"@type":"EntryPoint","urlTemplate":"https:\/\/iberoid-shop.com\/it\/?s={search_term_string}"},"query-input":{"@type":"PropertyValueSpecification","valueRequired":true,"valueName":"search_term_string"}}],"inLanguage":"it-IT"}]},"product_brand":"Euro Prime Pharmaceuticals (EPF)","product_price_amount":"50.00","product_price_currency":"EUR","og_availability":"instock","product_availability":"instock","product_condition":"new"},"_links":{"self":[{"href":"https:\/\/iberoid-shop.com\/it\/wp-json\/wp\/v2\/product\/8556","targetHints":{"allow":["GET"]}}],"collection":[{"href":"https:\/\/iberoid-shop.com\/it\/wp-json\/wp\/v2\/product"}],"about":[{"href":"https:\/\/iberoid-shop.com\/it\/wp-json\/wp\/v2\/types\/product"}],"replies":[{"embeddable":true,"href":"https:\/\/iberoid-shop.com\/it\/wp-json\/wp\/v2\/comments?post=8556"}],"wp:featuredmedia":[{"embeddable":true,"href":"https:\/\/iberoid-shop.com\/it\/wp-json\/wp\/v2\/media\/8557"}],"wp:attachment":[{"href":"https:\/\/iberoid-shop.com\/it\/wp-json\/wp\/v2\/media?parent=8556"}],"wp:term":[{"taxonomy":"product_brand","embeddable":true,"href":"https:\/\/iberoid-shop.com\/it\/wp-json\/wp\/v2\/product_brand?post=8556"},{"taxonomy":"product_cat","embeddable":true,"href":"https:\/\/iberoid-shop.com\/it\/wp-json\/wp\/v2\/product_cat?post=8556"},{"taxonomy":"product_tag","embeddable":true,"href":"https:\/\/iberoid-shop.com\/it\/wp-json\/wp\/v2\/product_tag?post=8556"}],"curies":[{"name":"wp","href":"https:\/\/api.w.org\/{rel}","templated":true}]}}