{"id":8514,"date":"2023-05-13T16:15:32","date_gmt":"2023-05-13T16:15:32","guid":{"rendered":"https:\/\/iberoid-shop.com\/?post_type=product&#038;p=8514"},"modified":"2024-12-05T21:16:45","modified_gmt":"2024-12-05T21:16:45","slug":"pak-3-genotropin-pfizer-12-mg-36-ui-pen","status":"publish","type":"product","link":"https:\/\/iberoid-shop.com\/it\/product\/pak-3-genotropin-pfizer-12-mg-36-ui-pen\/","title":{"rendered":"PAK 3 GENOTROPIN &#8211; 12 MG- 36 UI PEN"},"content":{"rendered":"<p>GENOTROPIN\u00ae 36 UI (12 mg), polvere e solvente per soluzione iniettabile<\/p>\n<p>Il principio attivo del medicinale \u00e8 la somatotropina (ormone umano della crescita, DNA ricombinante). Dopo la ricostituzione, ogni millilitro di soluzione iniettabile contiene 5,3 mg o 12 mg di somatotropina, corrispondenti rispettivamente a 16 UI di somatotropina, 36 UI (unit\u00e0 internazionali).<\/p>\n<p>Gli eccipienti sono: il compartimento precedente (con polvere) \u2013 glicina, mannitolo, sodio diidrogeno fosfato anidro, sodio idrogeno fosfato disodico anidro; scomparto posteriore (con solvente) &#8211; meta-cresolo, mannitolo, acqua per preparazioni iniettabili.<\/p>\n<p>Dopo la ricostituzione: glicina (acido aminoacetico), mannitolo, diidrogenofosfato disodico anidro, idrogenofosfato disodico anidro, meta-cresolo, acqua per preparazioni iniettabili.<\/p>\n<p>1. CHE COS&#8217;\u00c8 GENOTROPIN E A CHE COSA SERVE<\/p>\n<p>La genotropina appartiene ad un gruppo di farmaci chiamati somatotropine; la somatotropina da Genotropin \u00e8 ottenuta mediante tecnica di ricombinazione del DNA su colture batteriche di Escherichia coli. La struttura della somatotropina \u00e8 identica a quella dell&#8217;ormone della crescita umano secreto dalla ghiandola pituitaria.<\/p>\n<p>Genotropin \u00e8 disponibile in cartucce con due scomparti. Il compartimento anteriore contiene polvere con somatotropina. Lo scomparto posteriore contiene solvente. Dopo aver sciolto la polvere nel solvente, ciascuna cartuccia contiene 5,3 mg o 12 mg di somatotropina in un millilitro di soluzione iniettabile.<\/p>\n<p>Una scatola contiene 1 o 5 cartucce bicamerali.<\/p>\n<p>La somatotropina stimola la crescita, influenza il metabolismo e la secrezione di altri ormoni nel corpo.<\/p>\n<p>Nei bambini, Genotropin \u00e8 indicato per il trattamento dei disturbi della crescita dovuti a un&#8217;insufficiente secrezione dell&#8217;ormone della crescita, dei disturbi della crescita associati alla sindrome di Turner o all&#8217;insufficienza renale cronica. Viene utilizzato anche per il trattamento dei bambini con un peso alla nascita inferiore a quello corrispondente all&#8217;et\u00e0 gestazionale, che non sono cresciuti correttamente fino all&#8217;et\u00e0 di 4 anni o pi\u00f9. Inoltre, Genotropin \u00e8 indicato per i bambini affetti dalla sindrome di Prader-Willi, per migliorare la crescita e la composizione corporea.<\/p>\n<p>Negli adulti Genotropin \u00e8 indicato come terapia sostitutiva in caso di marcata insufficienza dell&#8217;ormone della crescita.<\/p>","protected":false},"excerpt":{"rendered":"<p>GENOTROPIN\u00ae 36 UI (12 mg), polvere e solvente per soluzione iniettabile Il principio attivo del medicinale \u00e8 la somatotropina (ormone<\/p>\n","protected":false},"featured_media":8515,"comment_status":"open","ping_status":"closed","template":"","meta":[],"product_brand":[],"product_cat":[76,3474],"product_tag":[],"class_list":{"0":"post-8514","1":"product","2":"type-product","3":"status-publish","4":"has-post-thumbnail","6":"product_cat-hgh_peptido","7":"product_cat-packs","9":"first","10":"outofstock","11":"shipping-taxable","12":"purchasable","13":"product-type-simple"},"yoast_head":"<!-- This site is optimized with the Yoast SEO Premium plugin v24.4 (Yoast SEO v27.0) - https:\/\/yoast.com\/product\/yoast-seo-premium-wordpress\/ -->\n<title>PAK 3 GENOTROPIN - 12 MG- 36 UI PEN - Steroidi in linea<\/title>\n<meta name=\"robots\" content=\"index, follow, max-snippet:-1, max-image-preview:large, max-video-preview:-1\" \/>\n<link rel=\"canonical\" href=\"https:\/\/iberoid-shop.com\/it\/product\/pak-3-genotropin-pfizer-12-mg-36-ui-pen\/\" \/>\n<meta property=\"og:locale\" content=\"it_IT\" \/>\n<meta property=\"og:type\" content=\"article\" \/>\n<meta property=\"og:title\" content=\"PAK 3 GENOTROPIN - 12 MG- 36 UI PEN\" \/>\n<meta property=\"og:description\" content=\"GENOTROPIN\u00ae 36 UI (12 mg), polvere e solvente per soluzione iniettabile Il principio attivo del medicinale \u00e8 la somatotropina (ormone\" \/>\n<meta property=\"og:url\" content=\"https:\/\/iberoid-shop.com\/it\/product\/pak-3-genotropin-pfizer-12-mg-36-ui-pen\/\" \/>\n<meta property=\"og:site_name\" content=\"Steroidi in linea\" \/>\n<meta property=\"article:modified_time\" content=\"2024-12-05T21:16:45+00:00\" \/>\n<meta property=\"og:image\" content=\"https:\/\/iberoid-shop.com\/wp-content\/uploads\/2023\/05\/3gen.webp\" \/>\n\t<meta property=\"og:image:width\" content=\"500\" \/>\n\t<meta property=\"og:image:height\" content=\"500\" \/>\n\t<meta property=\"og:image:type\" content=\"image\/webp\" \/>\n<meta name=\"twitter:card\" content=\"summary_large_image\" \/>\n<meta name=\"twitter:label1\" content=\"Prezzo\" \/>\n\t<meta name=\"twitter:data1\" content=\"&euro;320.00\" \/>\n\t<meta name=\"twitter:label2\" content=\"Disponibilit\u00e0\" \/>\n\t<meta name=\"twitter:data2\" content=\"Esaurito\" \/>\n<script type=\"application\/ld+json\" class=\"yoast-schema-graph\">{\"@context\":\"https:\/\/schema.org\",\"@graph\":[{\"@type\":\"WebPage\",\"@id\":\"https:\/\/iberoid-shop.com\/it\/product\/pak-3-genotropin-pfizer-12-mg-36-ui-pen\/\",\"url\":\"https:\/\/iberoid-shop.com\/it\/product\/pak-3-genotropin-pfizer-12-mg-36-ui-pen\/\",\"name\":\"PAK 3 GENOTROPIN - 12 MG- 36 UI PEN - Steroidi in linea\",\"isPartOf\":{\"@id\":\"https:\/\/iberoid-shop.com\/it\/#website\"},\"primaryImageOfPage\":{\"@id\":\"https:\/\/iberoid-shop.com\/it\/product\/pak-3-genotropin-pfizer-12-mg-36-ui-pen\/#primaryimage\"},\"image\":{\"@id\":\"https:\/\/iberoid-shop.com\/it\/product\/pak-3-genotropin-pfizer-12-mg-36-ui-pen\/#primaryimage\"},\"thumbnailUrl\":\"https:\/\/iberoid-shop.com\/wp-content\/uploads\/2023\/05\/3gen.webp\",\"datePublished\":\"2023-05-13T16:15:32+00:00\",\"dateModified\":\"2024-12-05T21:16:45+00:00\",\"breadcrumb\":{\"@id\":\"https:\/\/iberoid-shop.com\/it\/product\/pak-3-genotropin-pfizer-12-mg-36-ui-pen\/#breadcrumb\"},\"inLanguage\":\"it-IT\",\"potentialAction\":[{\"@type\":\"ReadAction\",\"target\":[[\"https:\/\/iberoid-shop.com\/it\/product\/pak-3-genotropin-pfizer-12-mg-36-ui-pen\/\"]]}]},{\"@type\":\"ImageObject\",\"inLanguage\":\"it-IT\",\"@id\":\"https:\/\/iberoid-shop.com\/it\/product\/pak-3-genotropin-pfizer-12-mg-36-ui-pen\/#primaryimage\",\"url\":\"https:\/\/iberoid-shop.com\/wp-content\/uploads\/2023\/05\/3gen.webp\",\"contentUrl\":\"https:\/\/iberoid-shop.com\/wp-content\/uploads\/2023\/05\/3gen.webp\",\"width\":500,\"height\":500},{\"@type\":\"BreadcrumbList\",\"@id\":\"https:\/\/iberoid-shop.com\/it\/product\/pak-3-genotropin-pfizer-12-mg-36-ui-pen\/#breadcrumb\",\"itemListElement\":[{\"@type\":\"ListItem\",\"position\":1,\"name\":\"Portada\",\"item\":\"https:\/\/iberoid-shop.com\/it\/\"},{\"@type\":\"ListItem\",\"position\":2,\"name\":\"Negozio\",\"item\":\"https:\/\/iberoid-shop.com\/it\/shop\/\"},{\"@type\":\"ListItem\",\"position\":3,\"name\":\"PAK 3 GENOTROPIN &#8211; 12 MG- 36 UI PEN\"}]},{\"@type\":\"WebSite\",\"@id\":\"https:\/\/iberoid-shop.com\/it\/#website\",\"url\":\"https:\/\/iberoid-shop.com\/it\/\",\"name\":\"Steroidi in linea\",\"description\":\"Acquista steroidi online oggi in Spagna e Portogallo. Abbiamo il miglior servizio clienti del settore e prodotti di altissima qualit\u00e0\",\"potentialAction\":[{\"@type\":\"SearchAction\",\"target\":{\"@type\":\"EntryPoint\",\"urlTemplate\":\"https:\/\/iberoid-shop.com\/it\/?s={search_term_string}\"},\"query-input\":{\"@type\":\"PropertyValueSpecification\",\"valueRequired\":true,\"valueName\":\"search_term_string\"}}],\"inLanguage\":\"it-IT\"}]}<\/script>\n<meta property=\"product:brand\" content=\"Pfizer\" \/>\n<meta property=\"product:price:amount\" content=\"320.00\" \/>\n<meta property=\"product:price:currency\" content=\"EUR\" \/>\n<meta property=\"og:availability\" content=\"out of stock\" \/>\n<meta property=\"product:availability\" content=\"out of stock\" \/>\n<meta property=\"product:condition\" content=\"new\" \/>\n<!-- \/ Yoast SEO Premium plugin. -->","yoast_head_json":{"title":"PAK 3 GENOTROPIN - 12 MG- 36 UI PEN - Steroidi in linea","robots":{"index":"index","follow":"follow","max-snippet":"max-snippet:-1","max-image-preview":"max-image-preview:large","max-video-preview":"max-video-preview:-1"},"canonical":"https:\/\/iberoid-shop.com\/it\/product\/pak-3-genotropin-pfizer-12-mg-36-ui-pen\/","og_locale":"it_IT","og_type":"article","og_title":"PAK 3 GENOTROPIN - 12 MG- 36 UI PEN","og_description":"GENOTROPIN\u00ae 36 UI (12 mg), polvere e solvente per soluzione iniettabile Il principio attivo del medicinale \u00e8 la somatotropina (ormone","og_url":"https:\/\/iberoid-shop.com\/it\/product\/pak-3-genotropin-pfizer-12-mg-36-ui-pen\/","og_site_name":"Steroidi in linea","article_modified_time":"2024-12-05T21:16:45+00:00","og_image":[{"width":500,"height":500,"url":"https:\/\/iberoid-shop.com\/wp-content\/uploads\/2023\/05\/3gen.webp","type":"image\/webp"}],"twitter_card":"summary_large_image","twitter_misc":{"Prezzo":"&euro;320.00","Disponibilit\u00e0":"Esaurito"},"schema":{"@context":"https:\/\/schema.org","@graph":[{"@type":"WebPage","@id":"https:\/\/iberoid-shop.com\/it\/product\/pak-3-genotropin-pfizer-12-mg-36-ui-pen\/","url":"https:\/\/iberoid-shop.com\/it\/product\/pak-3-genotropin-pfizer-12-mg-36-ui-pen\/","name":"PAK 3 GENOTROPIN - 12 MG- 36 UI PEN - Steroidi in linea","isPartOf":{"@id":"https:\/\/iberoid-shop.com\/it\/#website"},"primaryImageOfPage":{"@id":"https:\/\/iberoid-shop.com\/it\/product\/pak-3-genotropin-pfizer-12-mg-36-ui-pen\/#primaryimage"},"image":{"@id":"https:\/\/iberoid-shop.com\/it\/product\/pak-3-genotropin-pfizer-12-mg-36-ui-pen\/#primaryimage"},"thumbnailUrl":"https:\/\/iberoid-shop.com\/wp-content\/uploads\/2023\/05\/3gen.webp","datePublished":"2023-05-13T16:15:32+00:00","dateModified":"2024-12-05T21:16:45+00:00","breadcrumb":{"@id":"https:\/\/iberoid-shop.com\/it\/product\/pak-3-genotropin-pfizer-12-mg-36-ui-pen\/#breadcrumb"},"inLanguage":"it-IT","potentialAction":[{"@type":"ReadAction","target":[["https:\/\/iberoid-shop.com\/it\/product\/pak-3-genotropin-pfizer-12-mg-36-ui-pen\/"]]}]},{"@type":"ImageObject","inLanguage":"it-IT","@id":"https:\/\/iberoid-shop.com\/it\/product\/pak-3-genotropin-pfizer-12-mg-36-ui-pen\/#primaryimage","url":"https:\/\/iberoid-shop.com\/wp-content\/uploads\/2023\/05\/3gen.webp","contentUrl":"https:\/\/iberoid-shop.com\/wp-content\/uploads\/2023\/05\/3gen.webp","width":500,"height":500},{"@type":"BreadcrumbList","@id":"https:\/\/iberoid-shop.com\/it\/product\/pak-3-genotropin-pfizer-12-mg-36-ui-pen\/#breadcrumb","itemListElement":[{"@type":"ListItem","position":1,"name":"Portada","item":"https:\/\/iberoid-shop.com\/it\/"},{"@type":"ListItem","position":2,"name":"Negozio","item":"https:\/\/iberoid-shop.com\/it\/shop\/"},{"@type":"ListItem","position":3,"name":"PAK 3 GENOTROPIN &#8211; 12 MG- 36 UI PEN"}]},{"@type":"WebSite","@id":"https:\/\/iberoid-shop.com\/it\/#website","url":"https:\/\/iberoid-shop.com\/it\/","name":"Steroidi in linea","description":"Acquista steroidi online oggi in Spagna e Portogallo. Abbiamo il miglior servizio clienti del settore e prodotti di altissima qualit\u00e0","potentialAction":[{"@type":"SearchAction","target":{"@type":"EntryPoint","urlTemplate":"https:\/\/iberoid-shop.com\/it\/?s={search_term_string}"},"query-input":{"@type":"PropertyValueSpecification","valueRequired":true,"valueName":"search_term_string"}}],"inLanguage":"it-IT"}]},"product_brand":"Pfizer","product_price_amount":"320.00","product_price_currency":"EUR","og_availability":"out of stock","product_availability":"out of stock","product_condition":"new"},"_links":{"self":[{"href":"https:\/\/iberoid-shop.com\/it\/wp-json\/wp\/v2\/product\/8514","targetHints":{"allow":["GET"]}}],"collection":[{"href":"https:\/\/iberoid-shop.com\/it\/wp-json\/wp\/v2\/product"}],"about":[{"href":"https:\/\/iberoid-shop.com\/it\/wp-json\/wp\/v2\/types\/product"}],"replies":[{"embeddable":true,"href":"https:\/\/iberoid-shop.com\/it\/wp-json\/wp\/v2\/comments?post=8514"}],"wp:featuredmedia":[{"embeddable":true,"href":"https:\/\/iberoid-shop.com\/it\/wp-json\/wp\/v2\/media\/8515"}],"wp:attachment":[{"href":"https:\/\/iberoid-shop.com\/it\/wp-json\/wp\/v2\/media?parent=8514"}],"wp:term":[{"taxonomy":"product_brand","embeddable":true,"href":"https:\/\/iberoid-shop.com\/it\/wp-json\/wp\/v2\/product_brand?post=8514"},{"taxonomy":"product_cat","embeddable":true,"href":"https:\/\/iberoid-shop.com\/it\/wp-json\/wp\/v2\/product_cat?post=8514"},{"taxonomy":"product_tag","embeddable":true,"href":"https:\/\/iberoid-shop.com\/it\/wp-json\/wp\/v2\/product_tag?post=8514"}],"curies":[{"name":"wp","href":"https:\/\/api.w.org\/{rel}","templated":true}]}}