{"id":8398,"date":"2023-03-27T14:54:53","date_gmt":"2023-03-27T14:54:53","guid":{"rendered":"https:\/\/iberoid-shop.com\/?post_type=product&#038;p=8398"},"modified":"2026-01-25T14:25:25","modified_gmt":"2026-01-25T14:25:25","slug":"n-ject200-nandrolone-decanoate-mp-pharm","status":"publish","type":"product","link":"https:\/\/iberoid-shop.com\/it\/product\/n-ject200-nandrolone-decanoate-mp-pharm\/","title":{"rendered":"N-JECT200 \/ NANDROLONE DECANOATE"},"content":{"rendered":"<p>Nandrolone Decanoate Injection \u00e8 un farmaco prodotto dalla societ\u00e0 B.M. Prodotti farmaceutici. Il principio attivo di questo farmaco, Nandrolone Decanoato, \u00e8 comunemente indicato come Deca-Durabolin (o Deca in breve). Deca-Durabolin \u00e8 lo steroide iniettabile pi\u00f9 comune e pi\u00f9 utilizzato. La sua popolarit\u00e0 \u00e8 spiegata da una variet\u00e0 di possibilit\u00e0 di applicazione e da risultati tangibili. Il forte effetto anabolico di Deca-Durabolin si combina con una piccola componente androgenica, per cui Deca fornisce un buon aumento della massa e della forza muscolare.<\/p>\n<p>Effetti del Deca<br \/>\nCon l&#8217;uso corretto di Deca Durabolin, avrai la capacit\u00e0 di ottenere:<\/p>\n<p>Crescita muscolare pronunciata<br \/>\nOssa e legamenti rafforzati<br \/>\nEliminazione del dolore articolare attraverso l&#8217;aumento della produzione di liquido sinoviale<br \/>\nAumento del numero dei globuli rossi, che porta a un migliore trasporto di ossigeno. Ci\u00f2 si traduce in una maggiore resistenza.<br \/>\nSistema immunitario migliorato<br \/>\nConversione in estradiolo senza l&#8217;enzima aromatasi<br \/>\nMiglioramento dell&#8217;assorbimento intestinale degli aminoacidi e di altre sostanze utili<br \/>\nConsigli per l&#8217;uso<br \/>\nIl dosaggio ottimale di Nandrolone Decanoato \u00e8 compreso tra 200 e 600 mg a settimana. Esperimenti scientifici hanno dimostrato che i migliori risultati si ottengono assumendo 4 mg del farmaco per 1 kg di peso corporeo a settimana. Coloro che scelgono un dosaggio inferiore a 200 mg a settimana sentiranno solo un effetto anabolico molto debole, che sar\u00e0 notevolmente potenziato con l\u2019aumento delle dosi. Nell&#8217;intervallo di 200-600 mg a settimana, l&#8217;effetto anabolizzante aumenta quasi in modo direttamente proporzionale al dosaggio. Coloro che assumono un eccesso di 600 mg a settimana, spostano il rapporto tra effetti positivi-negativi ed effetti collaterali, perch\u00e9 in questo caso l&#8217;effetto anabolizzante non aumenta proporzionalmente ai dosaggi, cio\u00e8 1000 mg a settimana non daranno risultati migliori di 600 mg. Per i principianti nell\u2019uso di steroidi anabolizzanti, \u00e8 meglio attenersi a una dose di 200 mg a settimana.<\/p>","protected":false},"excerpt":{"rendered":"<p>Nandrolone Decanoate Injection \u00e8 un farmaco prodotto dalla societ\u00e0 B.M. Prodotti farmaceutici. Il principio attivo di questo farmaco, Nandrolone Decanoato,<\/p>\n","protected":false},"featured_media":8399,"comment_status":"open","ping_status":"closed","template":"","meta":[],"product_brand":[],"product_cat":[69],"product_tag":[],"class_list":{"0":"post-8398","1":"product","2":"type-product","3":"status-publish","4":"has-post-thumbnail","6":"product_cat-esteroides_inyectables","8":"first","9":"instock","10":"shipping-taxable","11":"purchasable","12":"product-type-simple"},"yoast_head":"<!-- This site is optimized with the Yoast SEO Premium plugin v24.4 (Yoast SEO v27.0) - https:\/\/yoast.com\/product\/yoast-seo-premium-wordpress\/ -->\n<title>N-JECT200 \/ NANDROLONE DECANOATE - Steroidi in linea<\/title>\n<meta name=\"description\" content=\"DECADURABOLIN (Decanoato di Nandrolone) aumenta massa muscolare, forza, resistenza e salute articolare con bassi effetti androgeni.\" \/>\n<meta name=\"robots\" content=\"index, follow, max-snippet:-1, max-image-preview:large, max-video-preview:-1\" \/>\n<link rel=\"canonical\" href=\"https:\/\/iberoid-shop.com\/it\/product\/n-ject200-nandrolone-decanoate-mp-pharm\/\" \/>\n<meta property=\"og:locale\" content=\"it_IT\" \/>\n<meta property=\"og:type\" content=\"article\" \/>\n<meta property=\"og:title\" content=\"N-JECT200 \/ NANDROLONE DECANOATE\" \/>\n<meta property=\"og:description\" content=\"DECADURABOLIN (Decanoato di Nandrolone) aumenta massa muscolare, forza, resistenza e salute articolare con bassi effetti androgeni.\" \/>\n<meta property=\"og:url\" content=\"https:\/\/iberoid-shop.com\/it\/product\/n-ject200-nandrolone-decanoate-mp-pharm\/\" \/>\n<meta property=\"og:site_name\" content=\"Steroidi in linea\" \/>\n<meta property=\"article:modified_time\" content=\"2026-01-25T14:25:25+00:00\" \/>\n<meta property=\"og:image\" content=\"https:\/\/iberoid-shop.com\/wp-content\/uploads\/2023\/03\/nject.jpg?v=1697732449\" \/>\n\t<meta property=\"og:image:width\" content=\"486\" \/>\n\t<meta property=\"og:image:height\" content=\"666\" \/>\n\t<meta property=\"og:image:type\" content=\"image\/jpeg\" \/>\n<meta name=\"twitter:card\" content=\"summary_large_image\" \/>\n<meta name=\"twitter:label1\" content=\"Prezzo\" \/>\n\t<meta name=\"twitter:data1\" content=\"&euro;30.00\" \/>\n\t<meta name=\"twitter:label2\" content=\"Disponibilit\u00e0\" \/>\n\t<meta name=\"twitter:data2\" content=\"In stock\" \/>\n<script type=\"application\/ld+json\" class=\"yoast-schema-graph\">{\"@context\":\"https:\/\/schema.org\",\"@graph\":[{\"@type\":\"WebPage\",\"@id\":\"https:\/\/iberoid-shop.com\/it\/product\/n-ject200-nandrolone-decanoate-mp-pharm\/\",\"url\":\"https:\/\/iberoid-shop.com\/it\/product\/n-ject200-nandrolone-decanoate-mp-pharm\/\",\"name\":\"N-JECT200 \/ NANDROLONE DECANOATE - Steroidi in linea\",\"isPartOf\":{\"@id\":\"https:\/\/iberoid-shop.com\/it\/#website\"},\"primaryImageOfPage\":{\"@id\":\"https:\/\/iberoid-shop.com\/it\/product\/n-ject200-nandrolone-decanoate-mp-pharm\/#primaryimage\"},\"image\":{\"@id\":\"https:\/\/iberoid-shop.com\/it\/product\/n-ject200-nandrolone-decanoate-mp-pharm\/#primaryimage\"},\"thumbnailUrl\":\"https:\/\/iberoid-shop.com\/wp-content\/uploads\/2023\/03\/nject.jpg?v=1697732449\",\"datePublished\":\"2023-03-27T14:54:53+00:00\",\"dateModified\":\"2026-01-25T14:25:25+00:00\",\"description\":\"DECADURABOLIN (Decanoato di Nandrolone) aumenta massa muscolare, forza, resistenza e salute articolare con bassi effetti androgeni.\",\"breadcrumb\":{\"@id\":\"https:\/\/iberoid-shop.com\/it\/product\/n-ject200-nandrolone-decanoate-mp-pharm\/#breadcrumb\"},\"inLanguage\":\"it-IT\",\"potentialAction\":[{\"@type\":\"ReadAction\",\"target\":[[\"https:\/\/iberoid-shop.com\/it\/product\/n-ject200-nandrolone-decanoate-mp-pharm\/\"]]}]},{\"@type\":\"ImageObject\",\"inLanguage\":\"it-IT\",\"@id\":\"https:\/\/iberoid-shop.com\/it\/product\/n-ject200-nandrolone-decanoate-mp-pharm\/#primaryimage\",\"url\":\"https:\/\/iberoid-shop.com\/wp-content\/uploads\/2023\/03\/nject.jpg?v=1697732449\",\"contentUrl\":\"https:\/\/iberoid-shop.com\/wp-content\/uploads\/2023\/03\/nject.jpg?v=1697732449\",\"width\":486,\"height\":666},{\"@type\":\"BreadcrumbList\",\"@id\":\"https:\/\/iberoid-shop.com\/it\/product\/n-ject200-nandrolone-decanoate-mp-pharm\/#breadcrumb\",\"itemListElement\":[{\"@type\":\"ListItem\",\"position\":1,\"name\":\"Portada\",\"item\":\"https:\/\/iberoid-shop.com\/it\/\"},{\"@type\":\"ListItem\",\"position\":2,\"name\":\"Negozio\",\"item\":\"https:\/\/iberoid-shop.com\/it\/shop\/\"},{\"@type\":\"ListItem\",\"position\":3,\"name\":\"N-JECT200 \/ NANDROLONE DECANOATE\"}]},{\"@type\":\"WebSite\",\"@id\":\"https:\/\/iberoid-shop.com\/it\/#website\",\"url\":\"https:\/\/iberoid-shop.com\/it\/\",\"name\":\"Steroidi in linea\",\"description\":\"Acquista steroidi online oggi in Spagna e Portogallo. Abbiamo il miglior servizio clienti del settore e prodotti di altissima qualit\u00e0\",\"potentialAction\":[{\"@type\":\"SearchAction\",\"target\":{\"@type\":\"EntryPoint\",\"urlTemplate\":\"https:\/\/iberoid-shop.com\/it\/?s={search_term_string}\"},\"query-input\":{\"@type\":\"PropertyValueSpecification\",\"valueRequired\":true,\"valueName\":\"search_term_string\"}}],\"inLanguage\":\"it-IT\"}]}<\/script>\n<meta property=\"product:brand\" content=\"Mp-Pharm\" \/>\n<meta property=\"product:price:amount\" content=\"30.00\" \/>\n<meta property=\"product:price:currency\" content=\"EUR\" \/>\n<meta property=\"og:availability\" content=\"instock\" \/>\n<meta property=\"product:availability\" content=\"instock\" \/>\n<meta property=\"product:condition\" content=\"new\" \/>\n<!-- \/ Yoast SEO Premium plugin. -->","yoast_head_json":{"title":"N-JECT200 \/ NANDROLONE DECANOATE - Steroidi in linea","description":"DECADURABOLIN (Decanoato di Nandrolone) aumenta massa muscolare, forza, resistenza e salute articolare con bassi effetti androgeni.","robots":{"index":"index","follow":"follow","max-snippet":"max-snippet:-1","max-image-preview":"max-image-preview:large","max-video-preview":"max-video-preview:-1"},"canonical":"https:\/\/iberoid-shop.com\/it\/product\/n-ject200-nandrolone-decanoate-mp-pharm\/","og_locale":"it_IT","og_type":"article","og_title":"N-JECT200 \/ NANDROLONE DECANOATE","og_description":"DECADURABOLIN (Decanoato di Nandrolone) aumenta massa muscolare, forza, resistenza e salute articolare con bassi effetti androgeni.","og_url":"https:\/\/iberoid-shop.com\/it\/product\/n-ject200-nandrolone-decanoate-mp-pharm\/","og_site_name":"Steroidi in linea","article_modified_time":"2026-01-25T14:25:25+00:00","og_image":[{"width":486,"height":666,"url":"https:\/\/iberoid-shop.com\/wp-content\/uploads\/2023\/03\/nject.jpg?v=1697732449","type":"image\/jpeg"}],"twitter_card":"summary_large_image","twitter_misc":{"Prezzo":"&euro;30.00","Disponibilit\u00e0":"In stock"},"schema":{"@context":"https:\/\/schema.org","@graph":[{"@type":"WebPage","@id":"https:\/\/iberoid-shop.com\/it\/product\/n-ject200-nandrolone-decanoate-mp-pharm\/","url":"https:\/\/iberoid-shop.com\/it\/product\/n-ject200-nandrolone-decanoate-mp-pharm\/","name":"N-JECT200 \/ NANDROLONE DECANOATE - Steroidi in linea","isPartOf":{"@id":"https:\/\/iberoid-shop.com\/it\/#website"},"primaryImageOfPage":{"@id":"https:\/\/iberoid-shop.com\/it\/product\/n-ject200-nandrolone-decanoate-mp-pharm\/#primaryimage"},"image":{"@id":"https:\/\/iberoid-shop.com\/it\/product\/n-ject200-nandrolone-decanoate-mp-pharm\/#primaryimage"},"thumbnailUrl":"https:\/\/iberoid-shop.com\/wp-content\/uploads\/2023\/03\/nject.jpg?v=1697732449","datePublished":"2023-03-27T14:54:53+00:00","dateModified":"2026-01-25T14:25:25+00:00","description":"DECADURABOLIN (Decanoato di Nandrolone) aumenta massa muscolare, forza, resistenza e salute articolare con bassi effetti androgeni.","breadcrumb":{"@id":"https:\/\/iberoid-shop.com\/it\/product\/n-ject200-nandrolone-decanoate-mp-pharm\/#breadcrumb"},"inLanguage":"it-IT","potentialAction":[{"@type":"ReadAction","target":[["https:\/\/iberoid-shop.com\/it\/product\/n-ject200-nandrolone-decanoate-mp-pharm\/"]]}]},{"@type":"ImageObject","inLanguage":"it-IT","@id":"https:\/\/iberoid-shop.com\/it\/product\/n-ject200-nandrolone-decanoate-mp-pharm\/#primaryimage","url":"https:\/\/iberoid-shop.com\/wp-content\/uploads\/2023\/03\/nject.jpg?v=1697732449","contentUrl":"https:\/\/iberoid-shop.com\/wp-content\/uploads\/2023\/03\/nject.jpg?v=1697732449","width":486,"height":666},{"@type":"BreadcrumbList","@id":"https:\/\/iberoid-shop.com\/it\/product\/n-ject200-nandrolone-decanoate-mp-pharm\/#breadcrumb","itemListElement":[{"@type":"ListItem","position":1,"name":"Portada","item":"https:\/\/iberoid-shop.com\/it\/"},{"@type":"ListItem","position":2,"name":"Negozio","item":"https:\/\/iberoid-shop.com\/it\/shop\/"},{"@type":"ListItem","position":3,"name":"N-JECT200 \/ NANDROLONE DECANOATE"}]},{"@type":"WebSite","@id":"https:\/\/iberoid-shop.com\/it\/#website","url":"https:\/\/iberoid-shop.com\/it\/","name":"Steroidi in linea","description":"Acquista steroidi online oggi in Spagna e Portogallo. Abbiamo il miglior servizio clienti del settore e prodotti di altissima qualit\u00e0","potentialAction":[{"@type":"SearchAction","target":{"@type":"EntryPoint","urlTemplate":"https:\/\/iberoid-shop.com\/it\/?s={search_term_string}"},"query-input":{"@type":"PropertyValueSpecification","valueRequired":true,"valueName":"search_term_string"}}],"inLanguage":"it-IT"}]},"product_brand":"Mp-Pharm","product_price_amount":"30.00","product_price_currency":"EUR","og_availability":"instock","product_availability":"instock","product_condition":"new"},"_links":{"self":[{"href":"https:\/\/iberoid-shop.com\/it\/wp-json\/wp\/v2\/product\/8398","targetHints":{"allow":["GET"]}}],"collection":[{"href":"https:\/\/iberoid-shop.com\/it\/wp-json\/wp\/v2\/product"}],"about":[{"href":"https:\/\/iberoid-shop.com\/it\/wp-json\/wp\/v2\/types\/product"}],"replies":[{"embeddable":true,"href":"https:\/\/iberoid-shop.com\/it\/wp-json\/wp\/v2\/comments?post=8398"}],"wp:featuredmedia":[{"embeddable":true,"href":"https:\/\/iberoid-shop.com\/it\/wp-json\/wp\/v2\/media\/8399"}],"wp:attachment":[{"href":"https:\/\/iberoid-shop.com\/it\/wp-json\/wp\/v2\/media?parent=8398"}],"wp:term":[{"taxonomy":"product_brand","embeddable":true,"href":"https:\/\/iberoid-shop.com\/it\/wp-json\/wp\/v2\/product_brand?post=8398"},{"taxonomy":"product_cat","embeddable":true,"href":"https:\/\/iberoid-shop.com\/it\/wp-json\/wp\/v2\/product_cat?post=8398"},{"taxonomy":"product_tag","embeddable":true,"href":"https:\/\/iberoid-shop.com\/it\/wp-json\/wp\/v2\/product_tag?post=8398"}],"curies":[{"name":"wp","href":"https:\/\/api.w.org\/{rel}","templated":true}]}}