{"id":8386,"date":"2023-03-26T12:17:56","date_gmt":"2023-03-26T12:17:56","guid":{"rendered":"https:\/\/iberoid-shop.com\/?post_type=product&#038;p=8386"},"modified":"2026-03-01T14:02:08","modified_gmt":"2026-03-01T14:02:08","slug":"pak2-somatek-75uix2-150-ui-somatropin","status":"publish","type":"product","link":"https:\/\/iberoid-shop.com\/it\/product\/pak2-somatek-75uix2-150-ui-somatropin\/","title":{"rendered":"PAK2 SOMATEK 75UI X2 &#8211; SOMATROPIN"},"content":{"rendered":"<p><\/p>\n<p class=\"\" data-start=\"0\" data-end=\"89\">Acquista <strong data-start=\"9\" data-end=\"42\">PB Laboratories SOMATEK 75 UI<\/strong> ormone della crescita domestico 191aa da 75 UI<\/p>\n<p class=\"\" data-start=\"91\" data-end=\"345\">\u2022 Stimola la crescita della massa muscolare magra<br data-start=\"140\" data-end=\"143\" \/>\u2022 Rende i muscoli pi\u00f9 densi e tonici<br data-start=\"179\" data-end=\"182\" \/>\u2022 Aumenta la forza<br data-start=\"200\" data-end=\"203\" \/>\u2022 Favorisce la perdita di grasso<br data-start=\"235\" data-end=\"238\" \/>\u2022 Effetto anti-invecchiamento<br data-start=\"267\" data-end=\"270\" \/>\u2022 Effetto positivo sulle articolazioni e allevia il dolore in queste aree<\/p>\n<p class=\"\" data-start=\"347\" data-end=\"369\"><strong data-start=\"347\" data-end=\"367\">Caratteristiche:<\/strong><\/p>\n<ul data-start=\"370\" data-end=\"468\">\n<li class=\"\" data-start=\"370\" data-end=\"399\">\n<p class=\"\" data-start=\"372\" data-end=\"399\">Emivita attiva: 3\u20133,5 ore<\/p>\n<\/li>\n<li class=\"\" data-start=\"400\" data-end=\"430\">\n<p class=\"\" data-start=\"402\" data-end=\"430\">Durata del ciclo: 2\u20136 mesi<\/p>\n<\/li>\n<li class=\"\" data-start=\"431\" data-end=\"468\">\n<p class=\"\" data-start=\"433\" data-end=\"468\">PCT dopo il ciclo: Non necessario<\/p>\n<\/li>\n<\/ul>\n<p class=\"\" data-start=\"470\" data-end=\"675\">\u00c8 un\u2019altra formulazione dell\u2019ormone della crescita umana ricombinante (HGH). <strong data-start=\"547\" data-end=\"562\">Somatropina<\/strong> viene utilizzata per trattare varie condizioni mediche, in modo simile ad <strong data-start=\"637\" data-end=\"649\">Ansomone<\/strong>. Ecco i punti principali:<\/p>\n<p class=\"\" data-start=\"677\" data-end=\"692\"><strong data-start=\"677\" data-end=\"690\">Utilizzi:<\/strong><\/p>\n<ul data-start=\"693\" data-end=\"1361\">\n<li class=\"\" data-start=\"693\" data-end=\"778\">\n<p class=\"\" data-start=\"695\" data-end=\"778\"><strong data-start=\"695\" data-end=\"733\">Deficit dell\u2019ormone della crescita<\/strong>: in bambini e adulti con carenza naturale.<\/p>\n<\/li>\n<li class=\"\" data-start=\"779\" data-end=\"886\">\n<p class=\"\" data-start=\"781\" data-end=\"886\"><strong data-start=\"781\" data-end=\"803\">Sindrome di Turner<\/strong>: per supportare la crescita nelle ragazze affette da questa condizione genetica.<\/p>\n<\/li>\n<li class=\"\" data-start=\"887\" data-end=\"962\">\n<p class=\"\" data-start=\"889\" data-end=\"962\"><strong data-start=\"889\" data-end=\"921\">Insufficienza renale cronica<\/strong>: nei bambini per favorire la crescita.<\/p>\n<\/li>\n<li class=\"\" data-start=\"963\" data-end=\"1066\">\n<p class=\"\" data-start=\"965\" data-end=\"1066\"><strong data-start=\"965\" data-end=\"1019\">Perdita muscolare o cachessia correlata a HIV\/AIDS<\/strong>: per aiutare a mantenere la massa muscolare.<\/p>\n<\/li>\n<li class=\"\" data-start=\"1067\" data-end=\"1150\">\n<p class=\"\" data-start=\"1069\" data-end=\"1150\"><strong data-start=\"1069\" data-end=\"1102\">Sindrome dell\u2019intestino corto<\/strong>: per migliorare l\u2019assorbimento dei nutrienti.<\/p>\n<\/li>\n<li class=\"\" data-start=\"1151\" data-end=\"1361\">\n<p class=\"\" data-start=\"1153\" data-end=\"1361\"><strong data-start=\"1153\" data-end=\"1213\">Anti-invecchiamento e crescita muscolare (uso off-label)<\/strong>: alcune persone lo usano per i potenziali effetti anti-et\u00e0 e per aumentare la massa muscolare, anche se non \u00e8 approvato dalle autorit\u00e0 sanitarie.<\/p>\n<\/li>\n<\/ul>\n<p class=\"\" data-start=\"1363\" data-end=\"1397\"><strong data-start=\"1363\" data-end=\"1395\">Somministrazione e dosaggio:<\/strong><\/p>\n<ul data-start=\"1398\" data-end=\"1527\">\n<li class=\"\" data-start=\"1398\" data-end=\"1447\">\n<p class=\"\" data-start=\"1400\" data-end=\"1447\">Somministrato tramite iniezione sottocutanea.<\/p>\n<\/li>\n<li class=\"\" data-start=\"1448\" data-end=\"1527\">\n<p class=\"\" data-start=\"1450\" data-end=\"1527\">Il dosaggio dipende dalla condizione trattata e dalla risposta individuale.<\/p>\n<\/li>\n<\/ul>\n<p class=\"\" data-start=\"1529\" data-end=\"1565\"><strong data-start=\"1529\" data-end=\"1563\">Possibili effetti collaterali:<\/strong><\/p>\n<ul data-start=\"1566\" data-end=\"1748\" data-is-last-node=\"\" data-is-only-node=\"\">\n<li class=\"\" data-start=\"1566\" data-end=\"1599\">\n<p class=\"\" data-start=\"1568\" data-end=\"1599\">Dolori articolari e muscolari<\/p>\n<\/li>\n<li class=\"\" data-start=\"1600\" data-end=\"1620\">\n<p class=\"\" data-start=\"1602\" data-end=\"1620\">Gonfiore (edema)<\/p>\n<\/li>\n<li class=\"\" data-start=\"1621\" data-end=\"1652\">\n<p class=\"\" data-start=\"1623\" data-end=\"1652\">Sindrome del tunnel carpale<\/p>\n<\/li>\n<li class=\"\" data-start=\"1653\" data-end=\"1687\">\n<p class=\"\" data-start=\"1655\" data-end=\"1687\">Aumento del rischio di diabete<\/p>\n<\/li>\n<li class=\"\" data-start=\"1688\" data-end=\"1704\">\n<p class=\"\" data-start=\"1690\" data-end=\"1704\">Mal di testa<\/p>\n<\/li>\n<li class=\"\" data-start=\"1705\" data-end=\"1715\">\n<p class=\"\" data-start=\"1707\" data-end=\"1715\">Nausea<\/p>\n<\/li>\n<li class=\"\" data-start=\"1716\" data-end=\"1748\">\n<p class=\"\" data-start=\"1718\" data-end=\"1748\">Reazioni nel sito di iniezione<\/p>\n<\/li>\n<\/ul>\n<p><\/p>","protected":false},"excerpt":{"rendered":"<p>Acquista PB Laboratories SOMATEK 75 UI ormone della crescita domestico 191aa da 75 UI \u2022 Stimola la crescita della massa<\/p>\n","protected":false},"featured_media":8389,"comment_status":"open","ping_status":"closed","template":"","meta":[],"product_brand":[],"product_cat":[76,3474],"product_tag":[],"class_list":{"0":"post-8386","1":"product","2":"type-product","3":"status-publish","4":"has-post-thumbnail","6":"product_cat-hgh_peptido","7":"product_cat-packs","9":"first","10":"outofstock","11":"sale","12":"shipping-taxable","13":"purchasable","14":"product-type-simple"},"yoast_head":"<!-- This site is optimized with the Yoast SEO Premium plugin v24.4 (Yoast SEO v27.3) - https:\/\/yoast.com\/product\/yoast-seo-premium-wordpress\/ -->\n<title>PAK2 SOMATEK 75UI X2 - SOMATROPIN - Steroidi in linea<\/title>\n<meta name=\"description\" content=\"SOMATEK HGH (Somatropina): Potenzia la massa muscolare magra, aiuta la perdita di grasso, anti-invecchiamento e supporta le articolazioni. Ormone della crescita ricombinante.\" \/>\n<meta name=\"robots\" content=\"index, follow, max-snippet:-1, max-image-preview:large, max-video-preview:-1\" \/>\n<link rel=\"canonical\" href=\"https:\/\/iberoid-shop.com\/it\/product\/pak2-somatek-75uix2-150-ui-somatropin\/\" \/>\n<meta property=\"og:locale\" content=\"it_IT\" \/>\n<meta property=\"og:type\" content=\"article\" \/>\n<meta property=\"og:title\" content=\"PAK2 SOMATEK 75UI X2 - SOMATROPIN\" \/>\n<meta property=\"og:description\" content=\"SOMATEK HGH (Somatropina): Potenzia la massa muscolare magra, aiuta la perdita di grasso, anti-invecchiamento e supporta le articolazioni. Ormone della crescita ricombinante.\" \/>\n<meta property=\"og:url\" content=\"https:\/\/iberoid-shop.com\/it\/product\/pak2-somatek-75uix2-150-ui-somatropin\/\" \/>\n<meta property=\"og:site_name\" content=\"Steroidi in linea\" \/>\n<meta property=\"article:modified_time\" content=\"2026-03-01T14:02:08+00:00\" \/>\n<meta property=\"og:image\" content=\"https:\/\/iberoid-shop.com\/wp-content\/uploads\/2023\/03\/2.-som.jpg?v=1710934319\" \/>\n\t<meta property=\"og:image:width\" content=\"1024\" \/>\n\t<meta property=\"og:image:height\" content=\"614\" \/>\n\t<meta property=\"og:image:type\" content=\"image\/jpeg\" \/>\n<meta name=\"twitter:card\" content=\"summary_large_image\" \/>\n<meta name=\"twitter:label1\" content=\"Prezzo\" \/>\n\t<meta name=\"twitter:data1\" content=\"&euro;100.00\" \/>\n\t<meta name=\"twitter:label2\" content=\"Disponibilit\u00e0\" \/>\n\t<meta name=\"twitter:data2\" content=\"Esaurito\" \/>\n<script type=\"application\/ld+json\" class=\"yoast-schema-graph\">{\"@context\":\"https:\\\/\\\/schema.org\",\"@graph\":[{\"@type\":\"WebPage\",\"@id\":\"https:\\\/\\\/iberoid-shop.com\\\/it\\\/product\\\/pak2-somatek-75uix2-150-ui-somatropin\\\/\",\"url\":\"https:\\\/\\\/iberoid-shop.com\\\/it\\\/product\\\/pak2-somatek-75uix2-150-ui-somatropin\\\/\",\"name\":\"PAK2 SOMATEK 75UI X2 - SOMATROPIN - Steroidi in linea\",\"isPartOf\":{\"@id\":\"https:\\\/\\\/iberoid-shop.com\\\/it\\\/#website\"},\"primaryImageOfPage\":{\"@id\":\"https:\\\/\\\/iberoid-shop.com\\\/it\\\/product\\\/pak2-somatek-75uix2-150-ui-somatropin\\\/#primaryimage\"},\"image\":{\"@id\":\"https:\\\/\\\/iberoid-shop.com\\\/it\\\/product\\\/pak2-somatek-75uix2-150-ui-somatropin\\\/#primaryimage\"},\"thumbnailUrl\":\"https:\\\/\\\/iberoid-shop.com\\\/wp-content\\\/uploads\\\/2023\\\/03\\\/2.-som.jpg?v=1710934319\",\"datePublished\":\"2023-03-26T12:17:56+00:00\",\"dateModified\":\"2026-03-01T14:02:08+00:00\",\"description\":\"SOMATEK HGH (Somatropina): Potenzia la massa muscolare magra, aiuta la perdita di grasso, anti-invecchiamento e supporta le articolazioni. Ormone della crescita ricombinante.\",\"breadcrumb\":{\"@id\":\"https:\\\/\\\/iberoid-shop.com\\\/it\\\/product\\\/pak2-somatek-75uix2-150-ui-somatropin\\\/#breadcrumb\"},\"inLanguage\":\"it-IT\",\"potentialAction\":[{\"@type\":\"ReadAction\",\"target\":[[\"https:\\\/\\\/iberoid-shop.com\\\/it\\\/product\\\/pak2-somatek-75uix2-150-ui-somatropin\\\/\"]]}]},{\"@type\":\"ImageObject\",\"inLanguage\":\"it-IT\",\"@id\":\"https:\\\/\\\/iberoid-shop.com\\\/it\\\/product\\\/pak2-somatek-75uix2-150-ui-somatropin\\\/#primaryimage\",\"url\":\"https:\\\/\\\/iberoid-shop.com\\\/wp-content\\\/uploads\\\/2023\\\/03\\\/2.-som.jpg?v=1710934319\",\"contentUrl\":\"https:\\\/\\\/iberoid-shop.com\\\/wp-content\\\/uploads\\\/2023\\\/03\\\/2.-som.jpg?v=1710934319\",\"width\":1024,\"height\":614},{\"@type\":\"BreadcrumbList\",\"@id\":\"https:\\\/\\\/iberoid-shop.com\\\/it\\\/product\\\/pak2-somatek-75uix2-150-ui-somatropin\\\/#breadcrumb\",\"itemListElement\":[{\"@type\":\"ListItem\",\"position\":1,\"name\":\"Portada\",\"item\":\"https:\\\/\\\/iberoid-shop.com\\\/it\\\/\"},{\"@type\":\"ListItem\",\"position\":2,\"name\":\"Negozio\",\"item\":\"https:\\\/\\\/iberoid-shop.com\\\/it\\\/shop\\\/\"},{\"@type\":\"ListItem\",\"position\":3,\"name\":\"PAK2 SOMATEK 75UI X2 &#8211; SOMATROPIN\"}]},{\"@type\":\"WebSite\",\"@id\":\"https:\\\/\\\/iberoid-shop.com\\\/it\\\/#website\",\"url\":\"https:\\\/\\\/iberoid-shop.com\\\/it\\\/\",\"name\":\"Steroidi in linea\",\"description\":\"Acquista steroidi online oggi in Spagna e Portogallo. Abbiamo il miglior servizio clienti del settore e prodotti di altissima qualit\u00e0\",\"potentialAction\":[{\"@type\":\"SearchAction\",\"target\":{\"@type\":\"EntryPoint\",\"urlTemplate\":\"https:\\\/\\\/iberoid-shop.com\\\/it\\\/?s={search_term_string}\"},\"query-input\":{\"@type\":\"PropertyValueSpecification\",\"valueRequired\":true,\"valueName\":\"search_term_string\"}}],\"inLanguage\":\"it-IT\"}]}<\/script>\n<meta property=\"product:brand\" content=\"Pb Laboratories\" \/>\n<meta property=\"product:price:amount\" content=\"100.00\" \/>\n<meta property=\"product:price:currency\" content=\"EUR\" \/>\n<meta property=\"og:availability\" content=\"out of stock\" \/>\n<meta property=\"product:availability\" content=\"out of stock\" \/>\n<meta property=\"product:condition\" content=\"new\" \/>\n<!-- \/ Yoast SEO Premium plugin. -->","yoast_head_json":{"title":"PAK2 SOMATEK 75UI X2 - SOMATROPIN - Steroidi in linea","description":"SOMATEK HGH (Somatropina): Potenzia la massa muscolare magra, aiuta la perdita di grasso, anti-invecchiamento e supporta le articolazioni. Ormone della crescita ricombinante.","robots":{"index":"index","follow":"follow","max-snippet":"max-snippet:-1","max-image-preview":"max-image-preview:large","max-video-preview":"max-video-preview:-1"},"canonical":"https:\/\/iberoid-shop.com\/it\/product\/pak2-somatek-75uix2-150-ui-somatropin\/","og_locale":"it_IT","og_type":"article","og_title":"PAK2 SOMATEK 75UI X2 - SOMATROPIN","og_description":"SOMATEK HGH (Somatropina): Potenzia la massa muscolare magra, aiuta la perdita di grasso, anti-invecchiamento e supporta le articolazioni. Ormone della crescita ricombinante.","og_url":"https:\/\/iberoid-shop.com\/it\/product\/pak2-somatek-75uix2-150-ui-somatropin\/","og_site_name":"Steroidi in linea","article_modified_time":"2026-03-01T14:02:08+00:00","og_image":[{"width":1024,"height":614,"url":"https:\/\/iberoid-shop.com\/wp-content\/uploads\/2023\/03\/2.-som.jpg?v=1710934319","type":"image\/jpeg"}],"twitter_card":"summary_large_image","twitter_misc":{"Prezzo":"&euro;100.00","Disponibilit\u00e0":"Esaurito"},"schema":{"@context":"https:\/\/schema.org","@graph":[{"@type":"WebPage","@id":"https:\/\/iberoid-shop.com\/it\/product\/pak2-somatek-75uix2-150-ui-somatropin\/","url":"https:\/\/iberoid-shop.com\/it\/product\/pak2-somatek-75uix2-150-ui-somatropin\/","name":"PAK2 SOMATEK 75UI X2 - SOMATROPIN - Steroidi in linea","isPartOf":{"@id":"https:\/\/iberoid-shop.com\/it\/#website"},"primaryImageOfPage":{"@id":"https:\/\/iberoid-shop.com\/it\/product\/pak2-somatek-75uix2-150-ui-somatropin\/#primaryimage"},"image":{"@id":"https:\/\/iberoid-shop.com\/it\/product\/pak2-somatek-75uix2-150-ui-somatropin\/#primaryimage"},"thumbnailUrl":"https:\/\/iberoid-shop.com\/wp-content\/uploads\/2023\/03\/2.-som.jpg?v=1710934319","datePublished":"2023-03-26T12:17:56+00:00","dateModified":"2026-03-01T14:02:08+00:00","description":"SOMATEK HGH (Somatropina): Potenzia la massa muscolare magra, aiuta la perdita di grasso, anti-invecchiamento e supporta le articolazioni. Ormone della crescita ricombinante.","breadcrumb":{"@id":"https:\/\/iberoid-shop.com\/it\/product\/pak2-somatek-75uix2-150-ui-somatropin\/#breadcrumb"},"inLanguage":"it-IT","potentialAction":[{"@type":"ReadAction","target":[["https:\/\/iberoid-shop.com\/it\/product\/pak2-somatek-75uix2-150-ui-somatropin\/"]]}]},{"@type":"ImageObject","inLanguage":"it-IT","@id":"https:\/\/iberoid-shop.com\/it\/product\/pak2-somatek-75uix2-150-ui-somatropin\/#primaryimage","url":"https:\/\/iberoid-shop.com\/wp-content\/uploads\/2023\/03\/2.-som.jpg?v=1710934319","contentUrl":"https:\/\/iberoid-shop.com\/wp-content\/uploads\/2023\/03\/2.-som.jpg?v=1710934319","width":1024,"height":614},{"@type":"BreadcrumbList","@id":"https:\/\/iberoid-shop.com\/it\/product\/pak2-somatek-75uix2-150-ui-somatropin\/#breadcrumb","itemListElement":[{"@type":"ListItem","position":1,"name":"Portada","item":"https:\/\/iberoid-shop.com\/it\/"},{"@type":"ListItem","position":2,"name":"Negozio","item":"https:\/\/iberoid-shop.com\/it\/shop\/"},{"@type":"ListItem","position":3,"name":"PAK2 SOMATEK 75UI X2 &#8211; SOMATROPIN"}]},{"@type":"WebSite","@id":"https:\/\/iberoid-shop.com\/it\/#website","url":"https:\/\/iberoid-shop.com\/it\/","name":"Steroidi in linea","description":"Acquista steroidi online oggi in Spagna e Portogallo. Abbiamo il miglior servizio clienti del settore e prodotti di altissima qualit\u00e0","potentialAction":[{"@type":"SearchAction","target":{"@type":"EntryPoint","urlTemplate":"https:\/\/iberoid-shop.com\/it\/?s={search_term_string}"},"query-input":{"@type":"PropertyValueSpecification","valueRequired":true,"valueName":"search_term_string"}}],"inLanguage":"it-IT"}]},"product_brand":"Pb Laboratories","product_price_amount":"100.00","product_price_currency":"EUR","og_availability":"out of stock","product_availability":"out of stock","product_condition":"new"},"_links":{"self":[{"href":"https:\/\/iberoid-shop.com\/it\/wp-json\/wp\/v2\/product\/8386","targetHints":{"allow":["GET"]}}],"collection":[{"href":"https:\/\/iberoid-shop.com\/it\/wp-json\/wp\/v2\/product"}],"about":[{"href":"https:\/\/iberoid-shop.com\/it\/wp-json\/wp\/v2\/types\/product"}],"replies":[{"embeddable":true,"href":"https:\/\/iberoid-shop.com\/it\/wp-json\/wp\/v2\/comments?post=8386"}],"wp:featuredmedia":[{"embeddable":true,"href":"https:\/\/iberoid-shop.com\/it\/wp-json\/wp\/v2\/media\/8389"}],"wp:attachment":[{"href":"https:\/\/iberoid-shop.com\/it\/wp-json\/wp\/v2\/media?parent=8386"}],"wp:term":[{"taxonomy":"product_brand","embeddable":true,"href":"https:\/\/iberoid-shop.com\/it\/wp-json\/wp\/v2\/product_brand?post=8386"},{"taxonomy":"product_cat","embeddable":true,"href":"https:\/\/iberoid-shop.com\/it\/wp-json\/wp\/v2\/product_cat?post=8386"},{"taxonomy":"product_tag","embeddable":true,"href":"https:\/\/iberoid-shop.com\/it\/wp-json\/wp\/v2\/product_tag?post=8386"}],"curies":[{"name":"wp","href":"https:\/\/api.w.org\/{rel}","templated":true}]}}