{"id":8282,"date":"2023-02-20T21:52:05","date_gmt":"2023-02-20T21:52:05","guid":{"rendered":"https:\/\/iberoid-shop.com\/?post_type=product&#038;p=8282"},"modified":"2023-07-28T11:17:45","modified_gmt":"2023-07-28T11:17:45","slug":"primobolan-diamod-pharma-group","status":"publish","type":"product","link":"https:\/\/iberoid-shop.com\/it\/product\/primobolan-diamod-pharma-group\/","title":{"rendered":"PRIMOBOLAN\/10"},"content":{"rendered":"<p><strong>PRIMOBOLAN<\/strong><\/p>\n<p>Primobolan ha un piccolo effetto androgenico e somministrando lo steroide non si avr\u00e0 un rapido aumento della massa muscolare o della forza ed \u00e8 necessario somministrarlo per un periodo di tempo pi\u00f9 lungo. La massa muscolare ottenuta con Primobolan sar\u00e0 di alta qualit\u00e0 e sar\u00e0 preservata anche dopo aver interrotto la somministrazione.<\/p>\n<p>Primobolan contribuisce anche alla combustione dei grassi e la dose raccomandata \u00e8 di 200-400 mg in media a settimana. Primobolan pu\u00f2 essere somministrato con altri steroidi in quanto \u00e8 uno steroide lieve. Iniezione di Primobolan 100 mg\/ml.<\/p>","protected":false},"excerpt":{"rendered":"<p>PRIMOBOLAN Primobolan ha un piccolo effetto androgenico e somministrando lo steroide non si avr\u00e0 un rapido aumento della massa muscolare<\/p>\n","protected":false},"featured_media":8283,"comment_status":"open","ping_status":"closed","template":"","meta":[],"product_brand":[],"product_cat":[69],"product_tag":[],"class_list":{"0":"post-8282","1":"product","2":"type-product","3":"status-publish","4":"has-post-thumbnail","6":"product_cat-esteroides_inyectables","8":"first","9":"outofstock","10":"shipping-taxable","11":"purchasable","12":"product-type-simple"},"yoast_head":"<!-- This site is optimized with the Yoast SEO Premium plugin v24.4 (Yoast SEO v27.3) - https:\/\/yoast.com\/product\/yoast-seo-premium-wordpress\/ -->\n<title>PRIMOBOLAN\/10  - Steroidi in linea<\/title>\n<meta name=\"robots\" content=\"index, follow, max-snippet:-1, max-image-preview:large, max-video-preview:-1\" \/>\n<link rel=\"canonical\" href=\"https:\/\/iberoid-shop.com\/it\/product\/primobolan-diamod-pharma-group\/\" \/>\n<meta property=\"og:locale\" content=\"it_IT\" \/>\n<meta property=\"og:type\" content=\"article\" \/>\n<meta property=\"og:title\" content=\"PRIMOBOLAN\/10\" \/>\n<meta property=\"og:description\" content=\"PRIMOBOLAN Primobolan ha un piccolo effetto androgenico e somministrando lo steroide non si avr\u00e0 un rapido aumento della massa muscolare\" \/>\n<meta property=\"og:url\" content=\"https:\/\/iberoid-shop.com\/it\/product\/primobolan-diamod-pharma-group\/\" \/>\n<meta property=\"og:site_name\" content=\"Steroidi in linea\" \/>\n<meta property=\"article:modified_time\" content=\"2023-07-28T11:17:45+00:00\" \/>\n<meta property=\"og:image\" content=\"https:\/\/iberoid-shop.com\/wp-content\/uploads\/2023\/02\/Diaprim-100.png?v=1688372886\" \/>\n\t<meta property=\"og:image:width\" content=\"553\" \/>\n\t<meta property=\"og:image:height\" content=\"553\" \/>\n\t<meta property=\"og:image:type\" content=\"image\/png\" \/>\n<meta name=\"twitter:card\" content=\"summary_large_image\" \/>\n<meta name=\"twitter:label1\" content=\"Prezzo\" \/>\n\t<meta name=\"twitter:data1\" content=\"&euro;75.00\" \/>\n\t<meta name=\"twitter:label2\" content=\"Disponibilit\u00e0\" \/>\n\t<meta name=\"twitter:data2\" content=\"Esaurito\" \/>\n<script type=\"application\/ld+json\" class=\"yoast-schema-graph\">{\"@context\":\"https:\\\/\\\/schema.org\",\"@graph\":[{\"@type\":\"WebPage\",\"@id\":\"https:\\\/\\\/iberoid-shop.com\\\/it\\\/product\\\/primobolan-diamod-pharma-group\\\/\",\"url\":\"https:\\\/\\\/iberoid-shop.com\\\/it\\\/product\\\/primobolan-diamod-pharma-group\\\/\",\"name\":\"PRIMOBOLAN\\\/10  - Steroidi in linea\",\"isPartOf\":{\"@id\":\"https:\\\/\\\/iberoid-shop.com\\\/it\\\/#website\"},\"primaryImageOfPage\":{\"@id\":\"https:\\\/\\\/iberoid-shop.com\\\/it\\\/product\\\/primobolan-diamod-pharma-group\\\/#primaryimage\"},\"image\":{\"@id\":\"https:\\\/\\\/iberoid-shop.com\\\/it\\\/product\\\/primobolan-diamod-pharma-group\\\/#primaryimage\"},\"thumbnailUrl\":\"https:\\\/\\\/iberoid-shop.com\\\/wp-content\\\/uploads\\\/2023\\\/02\\\/Diaprim-100.png?v=1688372886\",\"datePublished\":\"2023-02-20T21:52:05+00:00\",\"dateModified\":\"2023-07-28T11:17:45+00:00\",\"breadcrumb\":{\"@id\":\"https:\\\/\\\/iberoid-shop.com\\\/it\\\/product\\\/primobolan-diamod-pharma-group\\\/#breadcrumb\"},\"inLanguage\":\"it-IT\",\"potentialAction\":[{\"@type\":\"ReadAction\",\"target\":[[\"https:\\\/\\\/iberoid-shop.com\\\/it\\\/product\\\/primobolan-diamod-pharma-group\\\/\"]]}]},{\"@type\":\"ImageObject\",\"inLanguage\":\"it-IT\",\"@id\":\"https:\\\/\\\/iberoid-shop.com\\\/it\\\/product\\\/primobolan-diamod-pharma-group\\\/#primaryimage\",\"url\":\"https:\\\/\\\/iberoid-shop.com\\\/wp-content\\\/uploads\\\/2023\\\/02\\\/Diaprim-100.png?v=1688372886\",\"contentUrl\":\"https:\\\/\\\/iberoid-shop.com\\\/wp-content\\\/uploads\\\/2023\\\/02\\\/Diaprim-100.png?v=1688372886\",\"width\":553,\"height\":553},{\"@type\":\"BreadcrumbList\",\"@id\":\"https:\\\/\\\/iberoid-shop.com\\\/it\\\/product\\\/primobolan-diamod-pharma-group\\\/#breadcrumb\",\"itemListElement\":[{\"@type\":\"ListItem\",\"position\":1,\"name\":\"Portada\",\"item\":\"https:\\\/\\\/iberoid-shop.com\\\/it\\\/\"},{\"@type\":\"ListItem\",\"position\":2,\"name\":\"Negozio\",\"item\":\"https:\\\/\\\/iberoid-shop.com\\\/it\\\/shop\\\/\"},{\"@type\":\"ListItem\",\"position\":3,\"name\":\"PRIMOBOLAN\\\/10\"}]},{\"@type\":\"WebSite\",\"@id\":\"https:\\\/\\\/iberoid-shop.com\\\/it\\\/#website\",\"url\":\"https:\\\/\\\/iberoid-shop.com\\\/it\\\/\",\"name\":\"Steroidi in linea\",\"description\":\"Acquista steroidi online oggi in Spagna e Portogallo. Abbiamo il miglior servizio clienti del settore e prodotti di altissima qualit\u00e0\",\"potentialAction\":[{\"@type\":\"SearchAction\",\"target\":{\"@type\":\"EntryPoint\",\"urlTemplate\":\"https:\\\/\\\/iberoid-shop.com\\\/it\\\/?s={search_term_string}\"},\"query-input\":{\"@type\":\"PropertyValueSpecification\",\"valueRequired\":true,\"valueName\":\"search_term_string\"}}],\"inLanguage\":\"it-IT\"}]}<\/script>\n<meta property=\"product:brand\" content=\"Diamond Pharma\" \/>\n<meta property=\"product:price:amount\" content=\"75.00\" \/>\n<meta property=\"product:price:currency\" content=\"EUR\" \/>\n<meta property=\"og:availability\" content=\"out of stock\" \/>\n<meta property=\"product:availability\" content=\"out of stock\" \/>\n<meta property=\"product:condition\" content=\"new\" \/>\n<!-- \/ Yoast SEO Premium plugin. -->","yoast_head_json":{"title":"PRIMOBOLAN\/10  - Steroidi in linea","robots":{"index":"index","follow":"follow","max-snippet":"max-snippet:-1","max-image-preview":"max-image-preview:large","max-video-preview":"max-video-preview:-1"},"canonical":"https:\/\/iberoid-shop.com\/it\/product\/primobolan-diamod-pharma-group\/","og_locale":"it_IT","og_type":"article","og_title":"PRIMOBOLAN\/10","og_description":"PRIMOBOLAN Primobolan ha un piccolo effetto androgenico e somministrando lo steroide non si avr\u00e0 un rapido aumento della massa muscolare","og_url":"https:\/\/iberoid-shop.com\/it\/product\/primobolan-diamod-pharma-group\/","og_site_name":"Steroidi in linea","article_modified_time":"2023-07-28T11:17:45+00:00","og_image":[{"width":553,"height":553,"url":"https:\/\/iberoid-shop.com\/wp-content\/uploads\/2023\/02\/Diaprim-100.png?v=1688372886","type":"image\/png"}],"twitter_card":"summary_large_image","twitter_misc":{"Prezzo":"&euro;75.00","Disponibilit\u00e0":"Esaurito"},"schema":{"@context":"https:\/\/schema.org","@graph":[{"@type":"WebPage","@id":"https:\/\/iberoid-shop.com\/it\/product\/primobolan-diamod-pharma-group\/","url":"https:\/\/iberoid-shop.com\/it\/product\/primobolan-diamod-pharma-group\/","name":"PRIMOBOLAN\/10  - Steroidi in linea","isPartOf":{"@id":"https:\/\/iberoid-shop.com\/it\/#website"},"primaryImageOfPage":{"@id":"https:\/\/iberoid-shop.com\/it\/product\/primobolan-diamod-pharma-group\/#primaryimage"},"image":{"@id":"https:\/\/iberoid-shop.com\/it\/product\/primobolan-diamod-pharma-group\/#primaryimage"},"thumbnailUrl":"https:\/\/iberoid-shop.com\/wp-content\/uploads\/2023\/02\/Diaprim-100.png?v=1688372886","datePublished":"2023-02-20T21:52:05+00:00","dateModified":"2023-07-28T11:17:45+00:00","breadcrumb":{"@id":"https:\/\/iberoid-shop.com\/it\/product\/primobolan-diamod-pharma-group\/#breadcrumb"},"inLanguage":"it-IT","potentialAction":[{"@type":"ReadAction","target":[["https:\/\/iberoid-shop.com\/it\/product\/primobolan-diamod-pharma-group\/"]]}]},{"@type":"ImageObject","inLanguage":"it-IT","@id":"https:\/\/iberoid-shop.com\/it\/product\/primobolan-diamod-pharma-group\/#primaryimage","url":"https:\/\/iberoid-shop.com\/wp-content\/uploads\/2023\/02\/Diaprim-100.png?v=1688372886","contentUrl":"https:\/\/iberoid-shop.com\/wp-content\/uploads\/2023\/02\/Diaprim-100.png?v=1688372886","width":553,"height":553},{"@type":"BreadcrumbList","@id":"https:\/\/iberoid-shop.com\/it\/product\/primobolan-diamod-pharma-group\/#breadcrumb","itemListElement":[{"@type":"ListItem","position":1,"name":"Portada","item":"https:\/\/iberoid-shop.com\/it\/"},{"@type":"ListItem","position":2,"name":"Negozio","item":"https:\/\/iberoid-shop.com\/it\/shop\/"},{"@type":"ListItem","position":3,"name":"PRIMOBOLAN\/10"}]},{"@type":"WebSite","@id":"https:\/\/iberoid-shop.com\/it\/#website","url":"https:\/\/iberoid-shop.com\/it\/","name":"Steroidi in linea","description":"Acquista steroidi online oggi in Spagna e Portogallo. Abbiamo il miglior servizio clienti del settore e prodotti di altissima qualit\u00e0","potentialAction":[{"@type":"SearchAction","target":{"@type":"EntryPoint","urlTemplate":"https:\/\/iberoid-shop.com\/it\/?s={search_term_string}"},"query-input":{"@type":"PropertyValueSpecification","valueRequired":true,"valueName":"search_term_string"}}],"inLanguage":"it-IT"}]},"product_brand":"Diamond Pharma","product_price_amount":"75.00","product_price_currency":"EUR","og_availability":"out of stock","product_availability":"out of stock","product_condition":"new"},"_links":{"self":[{"href":"https:\/\/iberoid-shop.com\/it\/wp-json\/wp\/v2\/product\/8282","targetHints":{"allow":["GET"]}}],"collection":[{"href":"https:\/\/iberoid-shop.com\/it\/wp-json\/wp\/v2\/product"}],"about":[{"href":"https:\/\/iberoid-shop.com\/it\/wp-json\/wp\/v2\/types\/product"}],"replies":[{"embeddable":true,"href":"https:\/\/iberoid-shop.com\/it\/wp-json\/wp\/v2\/comments?post=8282"}],"wp:featuredmedia":[{"embeddable":true,"href":"https:\/\/iberoid-shop.com\/it\/wp-json\/wp\/v2\/media\/8283"}],"wp:attachment":[{"href":"https:\/\/iberoid-shop.com\/it\/wp-json\/wp\/v2\/media?parent=8282"}],"wp:term":[{"taxonomy":"product_brand","embeddable":true,"href":"https:\/\/iberoid-shop.com\/it\/wp-json\/wp\/v2\/product_brand?post=8282"},{"taxonomy":"product_cat","embeddable":true,"href":"https:\/\/iberoid-shop.com\/it\/wp-json\/wp\/v2\/product_cat?post=8282"},{"taxonomy":"product_tag","embeddable":true,"href":"https:\/\/iberoid-shop.com\/it\/wp-json\/wp\/v2\/product_tag?post=8282"}],"curies":[{"name":"wp","href":"https:\/\/api.w.org\/{rel}","templated":true}]}}