{"id":8144,"date":"2022-12-19T14:32:57","date_gmt":"2022-12-19T14:32:57","guid":{"rendered":"https:\/\/iberoid-shop.com\/?post_type=product&#038;p=8144"},"modified":"2026-01-11T17:51:40","modified_gmt":"2026-01-11T17:51:40","slug":"clomiged-clomifene-clomid-epf","status":"publish","type":"product","link":"https:\/\/iberoid-shop.com\/it\/product\/clomiged-clomifene-clomid-epf\/","title":{"rendered":"CLOMIGED &#8211; CLOMID 1 blister 20 pastillas\/50mg"},"content":{"rendered":"<p><\/p>\n<p data-path-to-node=\"1\"><b>Il Clomid dell&#8217;azienda moldava EPF \u00e8 molto popolare nello sport e nella medicina tradizionale. \u00c8 un forte antiestrogeno, appartenente alla classe dei bloccanti selettivi dei recettori degli estrogeni. Raccomandiamo di acquistare Clomid da EPF per la successiva terapia post-ciclo. Si noti che, nello sport, gli antiestrogeni sono utilizzati solo dagli uomini.<\/b><\/p>\n<h3 data-path-to-node=\"2\">Principali effetti del Clomid EPF<\/h3>\n<p data-path-to-node=\"3\">Come accennato in precedenza, il Clomid \u00e8 un antiestrogeno. Tuttavia, il suo meccanismo d&#8217;azione differisce in modo significativo da quello degli inibitori dell&#8217;aromatasi. Il citrato di clomifene non \u00e8 in grado di influenzare il processo di aromatizzazione. Per questo motivo, non ha senso usarlo direttamente durante il ciclo anabolico. Il componente attivo di questo farmaco \u00e8 in grado di bloccare efficacemente i recettori degli estrogeni. In parole povere, le molecole del farmaco si attaccano a questi recettori, impedendo all&#8217;ormone femminile di farlo.<\/p>\n<p data-path-to-node=\"4\">Di conseguenza, la concentrazione di estrogeni nel corpo non cambia, ma la loro attivit\u00e0 diminuisce. Un altro importante vantaggio di questo farmaco \u00e8 la sua capacit\u00e0 di stimolare la sintesi degli ormoni gonadotropici. Questo \u00e8 un altro motivo per cui gli atleti decidono di ordinare Clomid dal produttore EPF.<\/p>\n<p data-path-to-node=\"5\">Oggi \u00e8 noto con certezza che tutti gli steroidi sono in grado di sopprimere la funzionalit\u00e0 dell&#8217;asse ipofisario. \u00c8 abbastanza ovvio che i farmaci steroidei leggeri lo fanno in modo meno attivo rispetto a quelli forti. Dopo il completamento del ciclo anabolico, si osserva uno squilibrio del sistema endocrino nel corpo. Utilizzando il clomifene, non solo si riduce l&#8217;attivit\u00e0 degli ormoni femminili, ma si stimola anche la sintesi del testosterone endogeno.<\/p>\n<p data-path-to-node=\"6\"><b>Notiamo i principali effetti positivi del farmaco:<\/b><\/p>\n<ul data-path-to-node=\"7\">\n<li>\n<p data-path-to-node=\"7,0,0\">Normalizza la concentrazione di testosterone.<\/p>\n<\/li>\n<li>\n<p data-path-to-node=\"7,1,0\">Stimola la produzione di liquido seminale e ne migliora la qualit\u00e0.<\/p>\n<\/li>\n<li>\n<p data-path-to-node=\"7,2,0\">Blocca i recettori degli estrogeni.<\/p>\n<\/li>\n<\/ul>\n<p data-path-to-node=\"8\">Vale anche la pena notare che il prezzo del Clomid di EPF non sembra esagerato. Corrisponde pienamente all&#8217;efficacia del farmaco. Molti atleti principianti sono interessati a sapere se questo farmaco abbia i suoi effetti collaterali. Sfortunatamente, oggi non esistono farmaci completamente sicuri. Anche il citrato di clomifene, se usato in dosi elevate, pu\u00f2 causare effetti negativi. Tuttavia, sono estremamente rari, poich\u00e9 gli atleti nella maggior parte dei casi assumono clomifene in conformit\u00e0 con le raccomandazioni. Inoltre, va notato che \u00e8 un agente pi\u00f9 sicuro rispetto al tamoxifeno.<\/p>\n<hr data-path-to-node=\"9\" \/>\n<h3 data-path-to-node=\"10\">Come usare Clomifene EPF<\/h3>\n<p data-path-to-node=\"11\">L&#8217;elevata popolarit\u00e0 di questo antiestrogeno \u00e8 dimostrata dal numero di recensioni sul Clomid del produttore EPF. Questo farmaco \u00e8 molto popolare tra gli atleti. \u00c8 abbastanza ovvio che in una situazione del genere esistano gli schemi di utilizzo pi\u00f9 efficaci e sicuri per questo antiestrogeno.<\/p>\n<p data-path-to-node=\"12\">Il dosaggio giornaliero raccomandato \u00e8 compreso nell&#8217;intervallo di <b>25-150 mg<\/b>. Nel determinare la dose esatta, \u00e8 necessario concentrarsi sull&#8217;intensit\u00e0 del ciclo. Dopo aver utilizzato preparazioni steroidee leggere, \u00e8 sufficiente consumare <b>50 mg<\/b> di Clomid al giorno per <b>2-3 settimane<\/b>. Dopo un ciclo di media intensit\u00e0, assumere <b>50 mg<\/b> di antiestrogeno per due settimane, e poi <b>25 mg<\/b> nei successivi 14 giorni.<\/p>\n<p data-path-to-node=\"13\"><b>Lo schema di utilizzo dopo un ciclo molto forte \u00e8 diverso:<\/b><\/p>\n<ul data-path-to-node=\"14\">\n<li>\n<p data-path-to-node=\"14,0,0\">I primi 3 giorni: <b>150 mg<\/b> al giorno.<\/p>\n<\/li>\n<li>\n<p data-path-to-node=\"14,1,0\">Per le successive 7 settimane: <b>100 mg<\/b> ogni giorno.<\/p>\n<\/li>\n<li>\n<p data-path-to-node=\"14,2,0\">Per 14 giorni: <b>50 mg<\/b>.<\/p>\n<\/li>\n<li>\n<p data-path-to-node=\"14,3,0\"><b>25 mg<\/b> per le successive due settimane.<\/p>\n<\/li>\n<\/ul>\n<p data-path-to-node=\"15\">In conclusione, ricordiamo che dopo un ciclo di qualsiasi intensit\u00e0, \u00e8 necessario effettuare la terapia post-ciclo. Attraverso queste attivit\u00e0, aiuterete il corpo a recuperare.<\/p>\n<p><\/p>","protected":false},"excerpt":{"rendered":"<p>Il Clomid dell&#8217;azienda moldava EPF \u00e8 molto popolare nello sport e nella medicina tradizionale. \u00c8 un forte antiestrogeno, appartenente alla<\/p>\n","protected":false},"featured_media":5527,"comment_status":"open","ping_status":"closed","template":"","meta":[],"product_brand":[],"product_cat":[73],"product_tag":[],"class_list":{"0":"post-8144","1":"product","2":"type-product","3":"status-publish","4":"has-post-thumbnail","6":"product_cat-ssteroides_orales","8":"first","9":"outofstock","10":"shipping-taxable","11":"purchasable","12":"product-type-simple"},"yoast_head":"<!-- This site is optimized with the Yoast SEO Premium plugin v24.4 (Yoast SEO v27.3) - https:\/\/yoast.com\/product\/yoast-seo-premium-wordpress\/ -->\n<title>CLOMIGED - CLOMID 1 blister 20 pastillas\/50mg - Steroidi in linea<\/title>\n<meta name=\"description\" content=\"Clomid EPF \u00e8 un antiestrogeno top per la PCT. Blocca i recettori degli estrogeni e ripristina efficacemente il testosterone naturale.\" \/>\n<meta name=\"robots\" content=\"index, follow, max-snippet:-1, max-image-preview:large, max-video-preview:-1\" \/>\n<link rel=\"canonical\" href=\"https:\/\/iberoid-shop.com\/it\/product\/clomiged-clomifene-clomid-epf\/\" \/>\n<meta property=\"og:locale\" content=\"it_IT\" \/>\n<meta property=\"og:type\" content=\"article\" \/>\n<meta property=\"og:title\" content=\"CLOMIGED - CLOMID 1 blister 20 pastillas\/50mg\" \/>\n<meta property=\"og:description\" content=\"Clomid EPF \u00e8 un antiestrogeno top per la PCT. Blocca i recettori degli estrogeni e ripristina efficacemente il testosterone naturale.\" \/>\n<meta property=\"og:url\" content=\"https:\/\/iberoid-shop.com\/it\/product\/clomiged-clomifene-clomid-epf\/\" \/>\n<meta property=\"og:site_name\" content=\"Steroidi in linea\" \/>\n<meta property=\"article:modified_time\" content=\"2026-01-11T17:51:40+00:00\" \/>\n<meta property=\"og:image\" content=\"https:\/\/iberoid-shop.com\/wp-content\/uploads\/2020\/12\/CLOMIGED.jpg?v=1699330982\" \/>\n\t<meta property=\"og:image:width\" content=\"500\" \/>\n\t<meta property=\"og:image:height\" content=\"500\" \/>\n\t<meta property=\"og:image:type\" content=\"image\/jpeg\" \/>\n<meta name=\"twitter:card\" content=\"summary_large_image\" \/>\n<meta name=\"twitter:label1\" content=\"Prezzo\" \/>\n\t<meta name=\"twitter:data1\" content=\"&euro;25.00\" \/>\n\t<meta name=\"twitter:label2\" content=\"Disponibilit\u00e0\" \/>\n\t<meta name=\"twitter:data2\" content=\"Esaurito\" \/>\n<script type=\"application\/ld+json\" class=\"yoast-schema-graph\">{\"@context\":\"https:\\\/\\\/schema.org\",\"@graph\":[{\"@type\":\"WebPage\",\"@id\":\"https:\\\/\\\/iberoid-shop.com\\\/it\\\/product\\\/clomiged-clomifene-clomid-epf\\\/\",\"url\":\"https:\\\/\\\/iberoid-shop.com\\\/it\\\/product\\\/clomiged-clomifene-clomid-epf\\\/\",\"name\":\"CLOMIGED - CLOMID 1 blister 20 pastillas\\\/50mg - Steroidi in linea\",\"isPartOf\":{\"@id\":\"https:\\\/\\\/iberoid.com\\\/#website\"},\"primaryImageOfPage\":{\"@id\":\"https:\\\/\\\/iberoid-shop.com\\\/it\\\/product\\\/clomiged-clomifene-clomid-epf\\\/#primaryimage\"},\"image\":{\"@id\":\"https:\\\/\\\/iberoid-shop.com\\\/it\\\/product\\\/clomiged-clomifene-clomid-epf\\\/#primaryimage\"},\"thumbnailUrl\":\"https:\\\/\\\/iberoid-shop.com\\\/wp-content\\\/uploads\\\/2020\\\/12\\\/CLOMIGED.jpg?v=1699330982\",\"datePublished\":\"2022-12-19T14:32:57+00:00\",\"dateModified\":\"2026-01-11T17:51:40+00:00\",\"description\":\"Clomid EPF \u00e8 un antiestrogeno top per la PCT. Blocca i recettori degli estrogeni e ripristina efficacemente il testosterone naturale.\",\"breadcrumb\":{\"@id\":\"https:\\\/\\\/iberoid-shop.com\\\/it\\\/product\\\/clomiged-clomifene-clomid-epf\\\/#breadcrumb\"},\"inLanguage\":\"it-IT\",\"potentialAction\":[{\"@type\":\"ReadAction\",\"target\":[[\"https:\\\/\\\/iberoid-shop.com\\\/it\\\/product\\\/clomiged-clomifene-clomid-epf\\\/\"]]}]},{\"@type\":\"ImageObject\",\"inLanguage\":\"it-IT\",\"@id\":\"https:\\\/\\\/iberoid-shop.com\\\/it\\\/product\\\/clomiged-clomifene-clomid-epf\\\/#primaryimage\",\"url\":\"https:\\\/\\\/iberoid-shop.com\\\/wp-content\\\/uploads\\\/2020\\\/12\\\/CLOMIGED.jpg?v=1699330982\",\"contentUrl\":\"https:\\\/\\\/iberoid-shop.com\\\/wp-content\\\/uploads\\\/2020\\\/12\\\/CLOMIGED.jpg?v=1699330982\",\"width\":500,\"height\":500},{\"@type\":\"BreadcrumbList\",\"@id\":\"https:\\\/\\\/iberoid-shop.com\\\/it\\\/product\\\/clomiged-clomifene-clomid-epf\\\/#breadcrumb\",\"itemListElement\":[{\"@type\":\"ListItem\",\"position\":1,\"name\":\"Portada\",\"item\":\"https:\\\/\\\/iberoid.com\\\/\"},{\"@type\":\"ListItem\",\"position\":2,\"name\":\"Negozio\",\"item\":\"https:\\\/\\\/iberoid-shop.com\\\/it\\\/shop\\\/\"},{\"@type\":\"ListItem\",\"position\":3,\"name\":\"CLOMIGED &#8211; CLOMID 1 blister 20 pastillas\\\/50mg\"}]},{\"@type\":\"WebSite\",\"@id\":\"https:\\\/\\\/iberoid.com\\\/#website\",\"url\":\"https:\\\/\\\/iberoid.com\\\/\",\"name\":\"Steroidi in linea\",\"description\":\"Acquista steroidi online oggi in Spagna e Portogallo. Abbiamo il miglior servizio clienti del settore e prodotti di altissima qualit\u00e0\",\"potentialAction\":[{\"@type\":\"SearchAction\",\"target\":{\"@type\":\"EntryPoint\",\"urlTemplate\":\"https:\\\/\\\/iberoid.com\\\/?s={search_term_string}\"},\"query-input\":{\"@type\":\"PropertyValueSpecification\",\"valueRequired\":true,\"valueName\":\"search_term_string\"}}],\"inLanguage\":\"it-IT\"}]}<\/script>\n<meta property=\"product:brand\" content=\"Euro Prime Pharmaceuticals (EPF)\" \/>\n<meta property=\"product:price:amount\" content=\"25.00\" \/>\n<meta property=\"product:price:currency\" content=\"EUR\" \/>\n<meta property=\"og:availability\" content=\"out of stock\" \/>\n<meta property=\"product:availability\" content=\"out of stock\" \/>\n<meta property=\"product:condition\" content=\"new\" \/>\n<!-- \/ Yoast SEO Premium plugin. -->","yoast_head_json":{"title":"CLOMIGED - CLOMID 1 blister 20 pastillas\/50mg - Steroidi in linea","description":"Clomid EPF \u00e8 un antiestrogeno top per la PCT. Blocca i recettori degli estrogeni e ripristina efficacemente il testosterone naturale.","robots":{"index":"index","follow":"follow","max-snippet":"max-snippet:-1","max-image-preview":"max-image-preview:large","max-video-preview":"max-video-preview:-1"},"canonical":"https:\/\/iberoid-shop.com\/it\/product\/clomiged-clomifene-clomid-epf\/","og_locale":"it_IT","og_type":"article","og_title":"CLOMIGED - CLOMID 1 blister 20 pastillas\/50mg","og_description":"Clomid EPF \u00e8 un antiestrogeno top per la PCT. Blocca i recettori degli estrogeni e ripristina efficacemente il testosterone naturale.","og_url":"https:\/\/iberoid-shop.com\/it\/product\/clomiged-clomifene-clomid-epf\/","og_site_name":"Steroidi in linea","article_modified_time":"2026-01-11T17:51:40+00:00","og_image":[{"width":500,"height":500,"url":"https:\/\/iberoid-shop.com\/wp-content\/uploads\/2020\/12\/CLOMIGED.jpg?v=1699330982","type":"image\/jpeg"}],"twitter_card":"summary_large_image","twitter_misc":{"Prezzo":"&euro;25.00","Disponibilit\u00e0":"Esaurito"},"schema":{"@context":"https:\/\/schema.org","@graph":[{"@type":"WebPage","@id":"https:\/\/iberoid-shop.com\/it\/product\/clomiged-clomifene-clomid-epf\/","url":"https:\/\/iberoid-shop.com\/it\/product\/clomiged-clomifene-clomid-epf\/","name":"CLOMIGED - CLOMID 1 blister 20 pastillas\/50mg - Steroidi in linea","isPartOf":{"@id":"https:\/\/iberoid.com\/#website"},"primaryImageOfPage":{"@id":"https:\/\/iberoid-shop.com\/it\/product\/clomiged-clomifene-clomid-epf\/#primaryimage"},"image":{"@id":"https:\/\/iberoid-shop.com\/it\/product\/clomiged-clomifene-clomid-epf\/#primaryimage"},"thumbnailUrl":"https:\/\/iberoid-shop.com\/wp-content\/uploads\/2020\/12\/CLOMIGED.jpg?v=1699330982","datePublished":"2022-12-19T14:32:57+00:00","dateModified":"2026-01-11T17:51:40+00:00","description":"Clomid EPF \u00e8 un antiestrogeno top per la PCT. Blocca i recettori degli estrogeni e ripristina efficacemente il testosterone naturale.","breadcrumb":{"@id":"https:\/\/iberoid-shop.com\/it\/product\/clomiged-clomifene-clomid-epf\/#breadcrumb"},"inLanguage":"it-IT","potentialAction":[{"@type":"ReadAction","target":[["https:\/\/iberoid-shop.com\/it\/product\/clomiged-clomifene-clomid-epf\/"]]}]},{"@type":"ImageObject","inLanguage":"it-IT","@id":"https:\/\/iberoid-shop.com\/it\/product\/clomiged-clomifene-clomid-epf\/#primaryimage","url":"https:\/\/iberoid-shop.com\/wp-content\/uploads\/2020\/12\/CLOMIGED.jpg?v=1699330982","contentUrl":"https:\/\/iberoid-shop.com\/wp-content\/uploads\/2020\/12\/CLOMIGED.jpg?v=1699330982","width":500,"height":500},{"@type":"BreadcrumbList","@id":"https:\/\/iberoid-shop.com\/it\/product\/clomiged-clomifene-clomid-epf\/#breadcrumb","itemListElement":[{"@type":"ListItem","position":1,"name":"Portada","item":"https:\/\/iberoid.com\/"},{"@type":"ListItem","position":2,"name":"Negozio","item":"https:\/\/iberoid-shop.com\/it\/shop\/"},{"@type":"ListItem","position":3,"name":"CLOMIGED &#8211; CLOMID 1 blister 20 pastillas\/50mg"}]},{"@type":"WebSite","@id":"https:\/\/iberoid.com\/#website","url":"https:\/\/iberoid.com\/","name":"Steroidi in linea","description":"Acquista steroidi online oggi in Spagna e Portogallo. Abbiamo il miglior servizio clienti del settore e prodotti di altissima qualit\u00e0","potentialAction":[{"@type":"SearchAction","target":{"@type":"EntryPoint","urlTemplate":"https:\/\/iberoid.com\/?s={search_term_string}"},"query-input":{"@type":"PropertyValueSpecification","valueRequired":true,"valueName":"search_term_string"}}],"inLanguage":"it-IT"}]},"product_brand":"Euro Prime Pharmaceuticals (EPF)","product_price_amount":"25.00","product_price_currency":"EUR","og_availability":"out of stock","product_availability":"out of stock","product_condition":"new"},"_links":{"self":[{"href":"https:\/\/iberoid-shop.com\/it\/wp-json\/wp\/v2\/product\/8144","targetHints":{"allow":["GET"]}}],"collection":[{"href":"https:\/\/iberoid-shop.com\/it\/wp-json\/wp\/v2\/product"}],"about":[{"href":"https:\/\/iberoid-shop.com\/it\/wp-json\/wp\/v2\/types\/product"}],"replies":[{"embeddable":true,"href":"https:\/\/iberoid-shop.com\/it\/wp-json\/wp\/v2\/comments?post=8144"}],"wp:featuredmedia":[{"embeddable":true,"href":"https:\/\/iberoid-shop.com\/it\/wp-json\/wp\/v2\/media\/5527"}],"wp:attachment":[{"href":"https:\/\/iberoid-shop.com\/it\/wp-json\/wp\/v2\/media?parent=8144"}],"wp:term":[{"taxonomy":"product_brand","embeddable":true,"href":"https:\/\/iberoid-shop.com\/it\/wp-json\/wp\/v2\/product_brand?post=8144"},{"taxonomy":"product_cat","embeddable":true,"href":"https:\/\/iberoid-shop.com\/it\/wp-json\/wp\/v2\/product_cat?post=8144"},{"taxonomy":"product_tag","embeddable":true,"href":"https:\/\/iberoid-shop.com\/it\/wp-json\/wp\/v2\/product_tag?post=8144"}],"curies":[{"name":"wp","href":"https:\/\/api.w.org\/{rel}","templated":true}]}}