{"id":7889,"date":"2022-08-17T11:39:44","date_gmt":"2022-08-17T11:39:44","guid":{"rendered":"https:\/\/iberoid-shop.com\/?post_type=product&#038;p=7889"},"modified":"2025-09-25T13:25:25","modified_gmt":"2025-09-25T13:25:25","slug":"diastanon-350-mg-ml-sustanon-diamond","status":"publish","type":"product","link":"https:\/\/iberoid-shop.com\/it\/product\/diastanon-350-mg-ml-sustanon-diamond\/","title":{"rendered":"Diastanon 350 mg\/ml &#8211; Sustanon 350"},"content":{"rendered":"<p><\/p>\n<p class=\"\" data-start=\"0\" data-end=\"493\">Diastanon 350 \u00e8 una soluzione iniettabile prodotta da DIAMOND PHARMA GROUP che consiste in tre esteri diversi di testosterone: Testosterone Enantato, Testosterone Cypionato e Testosterone Propionato. \u00c8 progettato per rilasciare testosterone in modo rapido e sostenibile. Questo prodotto \u00e8 fabbricato utilizzando tecnologie di sintesi dei farmaci ad alta percentuale, con conseguente aumento della concentrazione del principio attivo del 40% per ml rispetto alla versione standard del Sustanon.<\/p>\n<p class=\"\" data-start=\"495\" data-end=\"523\"><strong data-start=\"495\" data-end=\"523\">Effetti di Diastanon 350<\/strong><\/p>\n<p class=\"\" data-start=\"525\" data-end=\"1093\">Tutte le forme di testosterone sono responsabili di promuovere la salute e il benessere, migliorando la libido, l&#8217;energia, l&#8217;immunit\u00e0, aumentando la perdita di grasso, aumentando e mantenendo la massa muscolare, prevenendo l&#8217;osteoporosi (perdita di densit\u00e0 ossea) e possibilmente proteggendo dalle malattie cardiache. Il testosterone \u00e8 popolare tra gli atleti per la sua capacit\u00e0 di stimolare aumenti drammatici della massa muscolare e della forza. Come ormone naturale, rimane lo steroide anabolizzante pi\u00f9 popolare ed \u00e8 comunemente usato come base per tutti i cicli.<\/p>\n<p class=\"\" data-start=\"1095\" data-end=\"1115\"><strong data-start=\"1095\" data-end=\"1115\">Regole per l&#8217;uso<\/strong><\/p>\n<p class=\"\" data-start=\"1117\" data-end=\"1912\">Il Diastanon 350 di DIAMOND PHARMA GROUP deve essere assunto una volta alla settimana e la dose varia da 350 a 700 mg. La durata del ciclo va da 6 a 8 settimane. \u00c8 importante notare che negli uomini, circa il 5% del testosterone subisce una riduzione 5\u03b1 per formare l&#8217;androgeno pi\u00f9 potente, la diidrotestosterone (DHT), noto anche come androstanolone. D&#8217;altra parte, circa lo 0,3% del testosterone viene convertito in estradiolo (l&#8217;ormone sessuale femminile principale) dalla aromatasi, un enzima espresso nel cervello, nel fegato e nel tessuto adiposo. Pertanto, ricordarsi di prendere precauzioni per evitare effetti collaterali correlati. In questo caso, consigliamo di fare esami del sangue regolari e di usare inibitori dell&#8217;aromatasi nel ciclo (se necessario, preferibilmente Anastrozolo).<\/p>\n<p class=\"\" data-start=\"1914\" data-end=\"1933\"><strong data-start=\"1914\" data-end=\"1933\">Cicli combinati<\/strong><\/p>\n<p class=\"\" data-start=\"1935\" data-end=\"2323\">Il Sustanon 350 funziona bene con molti altri composti, sia orali che iniettabili, come parte di un ciclo. Il Diastanon 350 pu\u00f2 essere combinato con farmaci come la Nandrolona per l&#8217;aumento della massa muscolare e Winstrol per asciugare e definire i muscoli. Un ciclo selezionato correttamente consente di ridurre la frequenza degli effetti collaterali e migliorare l&#8217;efficacia del ciclo.<\/p>\n<p class=\"\" data-start=\"2325\" data-end=\"2348\"><strong data-start=\"2325\" data-end=\"2348\">Effetti collaterali<\/strong><\/p>\n<p class=\"\" data-start=\"2350\" data-end=\"2767\">Il farmaco pu\u00f2 causare problemi di acne, aromatizzazione e ritenzione di acqua nel corpo. \u00c8 considerato non tossico per il fegato. Se \u00e8 la prima volta che usi una formulazione ad alta concentrazione, \u00e8 altamente consigliato iniettare solo \u00bd ml per verificare la risposta del corpo e prevenire possibili effetti collaterali, che possono includere dolore dopo l&#8217;iniezione (PIP), aumento della temperatura corporea, ecc.<\/p>\n<p><\/p>","protected":false},"excerpt":{"rendered":"<p>Diastanon 350 \u00e8 una soluzione iniettabile prodotta da DIAMOND PHARMA GROUP che consiste in tre esteri diversi di testosterone: Testosterone<\/p>\n","protected":false},"featured_media":7893,"comment_status":"open","ping_status":"closed","template":"","meta":[],"product_brand":[],"product_cat":[69],"product_tag":[],"class_list":{"0":"post-7889","1":"product","2":"type-product","3":"status-publish","4":"has-post-thumbnail","6":"product_cat-esteroides_inyectables","8":"first","9":"outofstock","10":"shipping-taxable","11":"purchasable","12":"product-type-simple"},"yoast_head":"<!-- This site is optimized with the Yoast SEO Premium plugin v24.4 (Yoast SEO v27.3) - https:\/\/yoast.com\/product\/yoast-seo-premium-wordpress\/ -->\n<title>Diastanon 350 mg\/ml - Sustanon 350 - Steroidi in linea<\/title>\n<meta name=\"robots\" content=\"index, follow, max-snippet:-1, max-image-preview:large, max-video-preview:-1\" \/>\n<link rel=\"canonical\" href=\"https:\/\/iberoid-shop.com\/it\/product\/diastanon-350-mg-ml-sustanon-diamond\/\" \/>\n<meta property=\"og:locale\" content=\"it_IT\" \/>\n<meta property=\"og:type\" content=\"article\" \/>\n<meta property=\"og:title\" content=\"Diastanon 350 mg\/ml - Sustanon 350\" \/>\n<meta property=\"og:description\" content=\"Diastanon 350 \u00e8 una soluzione iniettabile prodotta da DIAMOND PHARMA GROUP che consiste in tre esteri diversi di testosterone: Testosterone\" \/>\n<meta property=\"og:url\" content=\"https:\/\/iberoid-shop.com\/it\/product\/diastanon-350-mg-ml-sustanon-diamond\/\" \/>\n<meta property=\"og:site_name\" content=\"Steroidi in linea\" \/>\n<meta property=\"article:modified_time\" content=\"2025-09-25T13:25:25+00:00\" \/>\n<meta property=\"og:image\" content=\"https:\/\/iberoid-shop.com\/wp-content\/uploads\/2022\/08\/Diastanon-350.png?v=1749496559\" \/>\n\t<meta property=\"og:image:width\" content=\"553\" \/>\n\t<meta property=\"og:image:height\" content=\"553\" \/>\n\t<meta property=\"og:image:type\" content=\"image\/png\" \/>\n<meta name=\"twitter:card\" content=\"summary_large_image\" \/>\n<meta name=\"twitter:label1\" content=\"Prezzo\" \/>\n\t<meta name=\"twitter:data1\" content=\"&euro;50.00\" \/>\n\t<meta name=\"twitter:label2\" content=\"Disponibilit\u00e0\" \/>\n\t<meta name=\"twitter:data2\" content=\"Esaurito\" \/>\n<script type=\"application\/ld+json\" class=\"yoast-schema-graph\">{\"@context\":\"https:\\\/\\\/schema.org\",\"@graph\":[{\"@type\":\"WebPage\",\"@id\":\"https:\\\/\\\/iberoid-shop.com\\\/it\\\/product\\\/diastanon-350-mg-ml-sustanon-diamond\\\/\",\"url\":\"https:\\\/\\\/iberoid-shop.com\\\/it\\\/product\\\/diastanon-350-mg-ml-sustanon-diamond\\\/\",\"name\":\"Diastanon 350 mg\\\/ml - Sustanon 350 - Steroidi in linea\",\"isPartOf\":{\"@id\":\"https:\\\/\\\/iberoid.com\\\/#website\"},\"primaryImageOfPage\":{\"@id\":\"https:\\\/\\\/iberoid-shop.com\\\/it\\\/product\\\/diastanon-350-mg-ml-sustanon-diamond\\\/#primaryimage\"},\"image\":{\"@id\":\"https:\\\/\\\/iberoid-shop.com\\\/it\\\/product\\\/diastanon-350-mg-ml-sustanon-diamond\\\/#primaryimage\"},\"thumbnailUrl\":\"https:\\\/\\\/iberoid-shop.com\\\/wp-content\\\/uploads\\\/2022\\\/08\\\/Diastanon-350.png?v=1749496559\",\"datePublished\":\"2022-08-17T11:39:44+00:00\",\"dateModified\":\"2025-09-25T13:25:25+00:00\",\"breadcrumb\":{\"@id\":\"https:\\\/\\\/iberoid-shop.com\\\/it\\\/product\\\/diastanon-350-mg-ml-sustanon-diamond\\\/#breadcrumb\"},\"inLanguage\":\"it-IT\",\"potentialAction\":[{\"@type\":\"ReadAction\",\"target\":[[\"https:\\\/\\\/iberoid-shop.com\\\/it\\\/product\\\/diastanon-350-mg-ml-sustanon-diamond\\\/\"]]}]},{\"@type\":\"ImageObject\",\"inLanguage\":\"it-IT\",\"@id\":\"https:\\\/\\\/iberoid-shop.com\\\/it\\\/product\\\/diastanon-350-mg-ml-sustanon-diamond\\\/#primaryimage\",\"url\":\"https:\\\/\\\/iberoid-shop.com\\\/wp-content\\\/uploads\\\/2022\\\/08\\\/Diastanon-350.png?v=1749496559\",\"contentUrl\":\"https:\\\/\\\/iberoid-shop.com\\\/wp-content\\\/uploads\\\/2022\\\/08\\\/Diastanon-350.png?v=1749496559\",\"width\":553,\"height\":553},{\"@type\":\"BreadcrumbList\",\"@id\":\"https:\\\/\\\/iberoid-shop.com\\\/it\\\/product\\\/diastanon-350-mg-ml-sustanon-diamond\\\/#breadcrumb\",\"itemListElement\":[{\"@type\":\"ListItem\",\"position\":1,\"name\":\"Portada\",\"item\":\"https:\\\/\\\/iberoid.com\\\/\"},{\"@type\":\"ListItem\",\"position\":2,\"name\":\"Negozio\",\"item\":\"https:\\\/\\\/iberoid-shop.com\\\/it\\\/shop\\\/\"},{\"@type\":\"ListItem\",\"position\":3,\"name\":\"Diastanon 350 mg\\\/ml &#8211; Sustanon 350\"}]},{\"@type\":\"WebSite\",\"@id\":\"https:\\\/\\\/iberoid.com\\\/#website\",\"url\":\"https:\\\/\\\/iberoid.com\\\/\",\"name\":\"Steroidi in linea\",\"description\":\"Acquista steroidi online oggi in Spagna e Portogallo. Abbiamo il miglior servizio clienti del settore e prodotti di altissima qualit\u00e0\",\"potentialAction\":[{\"@type\":\"SearchAction\",\"target\":{\"@type\":\"EntryPoint\",\"urlTemplate\":\"https:\\\/\\\/iberoid.com\\\/?s={search_term_string}\"},\"query-input\":{\"@type\":\"PropertyValueSpecification\",\"valueRequired\":true,\"valueName\":\"search_term_string\"}}],\"inLanguage\":\"it-IT\"}]}<\/script>\n<meta property=\"product:brand\" content=\"Diamond Pharma\" \/>\n<meta property=\"product:price:amount\" content=\"50.00\" \/>\n<meta property=\"product:price:currency\" content=\"EUR\" \/>\n<meta property=\"og:availability\" content=\"out of stock\" \/>\n<meta property=\"product:availability\" content=\"out of stock\" \/>\n<meta property=\"product:condition\" content=\"new\" \/>\n<!-- \/ Yoast SEO Premium plugin. -->","yoast_head_json":{"title":"Diastanon 350 mg\/ml - Sustanon 350 - Steroidi in linea","robots":{"index":"index","follow":"follow","max-snippet":"max-snippet:-1","max-image-preview":"max-image-preview:large","max-video-preview":"max-video-preview:-1"},"canonical":"https:\/\/iberoid-shop.com\/it\/product\/diastanon-350-mg-ml-sustanon-diamond\/","og_locale":"it_IT","og_type":"article","og_title":"Diastanon 350 mg\/ml - Sustanon 350","og_description":"Diastanon 350 \u00e8 una soluzione iniettabile prodotta da DIAMOND PHARMA GROUP che consiste in tre esteri diversi di testosterone: Testosterone","og_url":"https:\/\/iberoid-shop.com\/it\/product\/diastanon-350-mg-ml-sustanon-diamond\/","og_site_name":"Steroidi in linea","article_modified_time":"2025-09-25T13:25:25+00:00","og_image":[{"width":553,"height":553,"url":"https:\/\/iberoid-shop.com\/wp-content\/uploads\/2022\/08\/Diastanon-350.png?v=1749496559","type":"image\/png"}],"twitter_card":"summary_large_image","twitter_misc":{"Prezzo":"&euro;50.00","Disponibilit\u00e0":"Esaurito"},"schema":{"@context":"https:\/\/schema.org","@graph":[{"@type":"WebPage","@id":"https:\/\/iberoid-shop.com\/it\/product\/diastanon-350-mg-ml-sustanon-diamond\/","url":"https:\/\/iberoid-shop.com\/it\/product\/diastanon-350-mg-ml-sustanon-diamond\/","name":"Diastanon 350 mg\/ml - Sustanon 350 - Steroidi in linea","isPartOf":{"@id":"https:\/\/iberoid.com\/#website"},"primaryImageOfPage":{"@id":"https:\/\/iberoid-shop.com\/it\/product\/diastanon-350-mg-ml-sustanon-diamond\/#primaryimage"},"image":{"@id":"https:\/\/iberoid-shop.com\/it\/product\/diastanon-350-mg-ml-sustanon-diamond\/#primaryimage"},"thumbnailUrl":"https:\/\/iberoid-shop.com\/wp-content\/uploads\/2022\/08\/Diastanon-350.png?v=1749496559","datePublished":"2022-08-17T11:39:44+00:00","dateModified":"2025-09-25T13:25:25+00:00","breadcrumb":{"@id":"https:\/\/iberoid-shop.com\/it\/product\/diastanon-350-mg-ml-sustanon-diamond\/#breadcrumb"},"inLanguage":"it-IT","potentialAction":[{"@type":"ReadAction","target":[["https:\/\/iberoid-shop.com\/it\/product\/diastanon-350-mg-ml-sustanon-diamond\/"]]}]},{"@type":"ImageObject","inLanguage":"it-IT","@id":"https:\/\/iberoid-shop.com\/it\/product\/diastanon-350-mg-ml-sustanon-diamond\/#primaryimage","url":"https:\/\/iberoid-shop.com\/wp-content\/uploads\/2022\/08\/Diastanon-350.png?v=1749496559","contentUrl":"https:\/\/iberoid-shop.com\/wp-content\/uploads\/2022\/08\/Diastanon-350.png?v=1749496559","width":553,"height":553},{"@type":"BreadcrumbList","@id":"https:\/\/iberoid-shop.com\/it\/product\/diastanon-350-mg-ml-sustanon-diamond\/#breadcrumb","itemListElement":[{"@type":"ListItem","position":1,"name":"Portada","item":"https:\/\/iberoid.com\/"},{"@type":"ListItem","position":2,"name":"Negozio","item":"https:\/\/iberoid-shop.com\/it\/shop\/"},{"@type":"ListItem","position":3,"name":"Diastanon 350 mg\/ml &#8211; Sustanon 350"}]},{"@type":"WebSite","@id":"https:\/\/iberoid.com\/#website","url":"https:\/\/iberoid.com\/","name":"Steroidi in linea","description":"Acquista steroidi online oggi in Spagna e Portogallo. Abbiamo il miglior servizio clienti del settore e prodotti di altissima qualit\u00e0","potentialAction":[{"@type":"SearchAction","target":{"@type":"EntryPoint","urlTemplate":"https:\/\/iberoid.com\/?s={search_term_string}"},"query-input":{"@type":"PropertyValueSpecification","valueRequired":true,"valueName":"search_term_string"}}],"inLanguage":"it-IT"}]},"product_brand":"Diamond Pharma","product_price_amount":"50.00","product_price_currency":"EUR","og_availability":"out of stock","product_availability":"out of stock","product_condition":"new"},"_links":{"self":[{"href":"https:\/\/iberoid-shop.com\/it\/wp-json\/wp\/v2\/product\/7889","targetHints":{"allow":["GET"]}}],"collection":[{"href":"https:\/\/iberoid-shop.com\/it\/wp-json\/wp\/v2\/product"}],"about":[{"href":"https:\/\/iberoid-shop.com\/it\/wp-json\/wp\/v2\/types\/product"}],"replies":[{"embeddable":true,"href":"https:\/\/iberoid-shop.com\/it\/wp-json\/wp\/v2\/comments?post=7889"}],"wp:featuredmedia":[{"embeddable":true,"href":"https:\/\/iberoid-shop.com\/it\/wp-json\/wp\/v2\/media\/7893"}],"wp:attachment":[{"href":"https:\/\/iberoid-shop.com\/it\/wp-json\/wp\/v2\/media?parent=7889"}],"wp:term":[{"taxonomy":"product_brand","embeddable":true,"href":"https:\/\/iberoid-shop.com\/it\/wp-json\/wp\/v2\/product_brand?post=7889"},{"taxonomy":"product_cat","embeddable":true,"href":"https:\/\/iberoid-shop.com\/it\/wp-json\/wp\/v2\/product_cat?post=7889"},{"taxonomy":"product_tag","embeddable":true,"href":"https:\/\/iberoid-shop.com\/it\/wp-json\/wp\/v2\/product_tag?post=7889"}],"curies":[{"name":"wp","href":"https:\/\/api.w.org\/{rel}","templated":true}]}}