{"id":7725,"date":"2022-06-06T13:10:17","date_gmt":"2022-06-06T13:10:17","guid":{"rendered":"https:\/\/iberoid-shop.com\/?post_type=product&#038;p=7725"},"modified":"2022-07-12T10:13:10","modified_gmt":"2022-07-12T10:13:10","slug":"oxandrolon-balkan-60-pastillas","status":"publish","type":"product","link":"https:\/\/iberoid-shop.com\/it\/product\/oxandrolon-balkan-60-pastillas\/","title":{"rendered":"OXANDROLON"},"content":{"rendered":"<p>Oxandrolone (anavar) \u00e8 uno steroide che non provoca quasi nessun effetto collaterale rispetto ad altri farmaci in questo settore. Oltre a questa caratteristica di questo steroide, ha molti vantaggi quando viene utilizzato. Probabilmente il motivo pi\u00f9 importante per cui \u00e8 preferito \u00e8 che non provoca alcun danno al fegato. In aggiunta a questo, non funziona raccogliendo acqua sui muscoli come fanno altri steroidi e non influisce sull&#8217;escrezione ormonale del corpo. I vantaggi di questo steroide non si limitano a questi. Perdere grasso \u00e8 il desiderio di molte persone e Oxandrolone (anavar) pu\u00f2 essere preferito da quelle persone in modo sicuro perch\u00e9 funziona riducendo l&#8217;appetito in modo che gli utenti non perdano peso improvvisamente e questo \u00e8 il modo sano. Questo steroide aumenta anche la forza del corpo in modo rapido ed efficace, per questo motivo \u00e8 per lo pi\u00f9 preferito da atleti e altri sportivi e rispetto ad altri steroidi, non provoca brusche diminuzioni di potenza e massa muscolare quando l&#8217;uso di questo steroide \u00e8 fermato. L&#8217;ultimo punto che va specificato \u00e8 che non provoca alcun effetto collaterale alle femmine, per questo motivo pu\u00f2 essere utilizzato tranquillamente da loro.<\/p>","protected":false},"excerpt":{"rendered":"<p>Oxandrolone (anavar) \u00e8 uno steroide che non provoca quasi nessun effetto collaterale rispetto ad altri farmaci in questo settore. Oltre<\/p>\n","protected":false},"featured_media":7726,"comment_status":"open","ping_status":"closed","template":"","meta":[],"product_brand":[],"product_cat":[73],"product_tag":[],"class_list":{"0":"post-7725","1":"product","2":"type-product","3":"status-publish","4":"has-post-thumbnail","6":"product_cat-ssteroides_orales","8":"first","9":"outofstock","10":"sale","11":"shipping-taxable","12":"purchasable","13":"product-type-simple"},"yoast_head":"<!-- This site is optimized with the Yoast SEO Premium plugin v24.4 (Yoast SEO v27.3) - https:\/\/yoast.com\/product\/yoast-seo-premium-wordpress\/ -->\n<title>OXANDROLON - Steroidi in linea<\/title>\n<meta name=\"robots\" content=\"index, follow, max-snippet:-1, max-image-preview:large, max-video-preview:-1\" \/>\n<link rel=\"canonical\" href=\"https:\/\/iberoid-shop.com\/it\/product\/oxandrolon-balkan-60-pastillas\/\" \/>\n<meta property=\"og:locale\" content=\"it_IT\" \/>\n<meta property=\"og:type\" content=\"article\" \/>\n<meta property=\"og:title\" content=\"OXANDROLON\" \/>\n<meta property=\"og:description\" content=\"Oxandrolone (anavar) \u00e8 uno steroide che non provoca quasi nessun effetto collaterale rispetto ad altri farmaci in questo settore. Oltre\" \/>\n<meta property=\"og:url\" content=\"https:\/\/iberoid-shop.com\/it\/product\/oxandrolon-balkan-60-pastillas\/\" \/>\n<meta property=\"og:site_name\" content=\"Steroidi in linea\" \/>\n<meta property=\"article:modified_time\" content=\"2022-07-12T10:13:10+00:00\" \/>\n<meta property=\"og:image\" content=\"https:\/\/iberoid-shop.com\/wp-content\/uploads\/2022\/06\/oxandrolona.webp\" \/>\n\t<meta property=\"og:image:width\" content=\"1000\" \/>\n\t<meta property=\"og:image:height\" content=\"1000\" \/>\n\t<meta property=\"og:image:type\" content=\"image\/webp\" \/>\n<meta name=\"twitter:card\" content=\"summary_large_image\" \/>\n<meta name=\"twitter:label1\" content=\"Prezzo\" \/>\n\t<meta name=\"twitter:data1\" content=\"&euro;50.00\" \/>\n\t<meta name=\"twitter:label2\" content=\"Disponibilit\u00e0\" \/>\n\t<meta name=\"twitter:data2\" content=\"Esaurito\" \/>\n<script type=\"application\/ld+json\" class=\"yoast-schema-graph\">{\"@context\":\"https:\\\/\\\/schema.org\",\"@graph\":[{\"@type\":\"WebPage\",\"@id\":\"https:\\\/\\\/iberoid-shop.com\\\/it\\\/product\\\/oxandrolon-balkan-60-pastillas\\\/\",\"url\":\"https:\\\/\\\/iberoid-shop.com\\\/it\\\/product\\\/oxandrolon-balkan-60-pastillas\\\/\",\"name\":\"OXANDROLON - Steroidi in linea\",\"isPartOf\":{\"@id\":\"https:\\\/\\\/iberoid.com\\\/#website\"},\"primaryImageOfPage\":{\"@id\":\"https:\\\/\\\/iberoid-shop.com\\\/it\\\/product\\\/oxandrolon-balkan-60-pastillas\\\/#primaryimage\"},\"image\":{\"@id\":\"https:\\\/\\\/iberoid-shop.com\\\/it\\\/product\\\/oxandrolon-balkan-60-pastillas\\\/#primaryimage\"},\"thumbnailUrl\":\"https:\\\/\\\/iberoid-shop.com\\\/wp-content\\\/uploads\\\/2022\\\/06\\\/oxandrolona.webp\",\"datePublished\":\"2022-06-06T13:10:17+00:00\",\"dateModified\":\"2022-07-12T10:13:10+00:00\",\"breadcrumb\":{\"@id\":\"https:\\\/\\\/iberoid-shop.com\\\/it\\\/product\\\/oxandrolon-balkan-60-pastillas\\\/#breadcrumb\"},\"inLanguage\":\"it-IT\",\"potentialAction\":[{\"@type\":\"ReadAction\",\"target\":[[\"https:\\\/\\\/iberoid-shop.com\\\/it\\\/product\\\/oxandrolon-balkan-60-pastillas\\\/\"]]}]},{\"@type\":\"ImageObject\",\"inLanguage\":\"it-IT\",\"@id\":\"https:\\\/\\\/iberoid-shop.com\\\/it\\\/product\\\/oxandrolon-balkan-60-pastillas\\\/#primaryimage\",\"url\":\"https:\\\/\\\/iberoid-shop.com\\\/wp-content\\\/uploads\\\/2022\\\/06\\\/oxandrolona.webp\",\"contentUrl\":\"https:\\\/\\\/iberoid-shop.com\\\/wp-content\\\/uploads\\\/2022\\\/06\\\/oxandrolona.webp\",\"width\":1000,\"height\":1000},{\"@type\":\"BreadcrumbList\",\"@id\":\"https:\\\/\\\/iberoid-shop.com\\\/it\\\/product\\\/oxandrolon-balkan-60-pastillas\\\/#breadcrumb\",\"itemListElement\":[{\"@type\":\"ListItem\",\"position\":1,\"name\":\"Portada\",\"item\":\"https:\\\/\\\/iberoid.com\\\/\"},{\"@type\":\"ListItem\",\"position\":2,\"name\":\"Negozio\",\"item\":\"https:\\\/\\\/iberoid-shop.com\\\/it\\\/shop\\\/\"},{\"@type\":\"ListItem\",\"position\":3,\"name\":\"OXANDROLON\"}]},{\"@type\":\"WebSite\",\"@id\":\"https:\\\/\\\/iberoid.com\\\/#website\",\"url\":\"https:\\\/\\\/iberoid.com\\\/\",\"name\":\"Steroidi in linea\",\"description\":\"Acquista steroidi online oggi in Spagna e Portogallo. Abbiamo il miglior servizio clienti del settore e prodotti di altissima qualit\u00e0\",\"potentialAction\":[{\"@type\":\"SearchAction\",\"target\":{\"@type\":\"EntryPoint\",\"urlTemplate\":\"https:\\\/\\\/iberoid.com\\\/?s={search_term_string}\"},\"query-input\":{\"@type\":\"PropertyValueSpecification\",\"valueRequired\":true,\"valueName\":\"search_term_string\"}}],\"inLanguage\":\"it-IT\"}]}<\/script>\n<meta property=\"product:brand\" content=\"Balkan Pharmaceuticals\" \/>\n<meta property=\"product:price:amount\" content=\"50.00\" \/>\n<meta property=\"product:price:currency\" content=\"EUR\" \/>\n<meta property=\"og:availability\" content=\"out of stock\" \/>\n<meta property=\"product:availability\" content=\"out of stock\" \/>\n<meta property=\"product:condition\" content=\"new\" \/>\n<!-- \/ Yoast SEO Premium plugin. -->","yoast_head_json":{"title":"OXANDROLON - Steroidi in linea","robots":{"index":"index","follow":"follow","max-snippet":"max-snippet:-1","max-image-preview":"max-image-preview:large","max-video-preview":"max-video-preview:-1"},"canonical":"https:\/\/iberoid-shop.com\/it\/product\/oxandrolon-balkan-60-pastillas\/","og_locale":"it_IT","og_type":"article","og_title":"OXANDROLON","og_description":"Oxandrolone (anavar) \u00e8 uno steroide che non provoca quasi nessun effetto collaterale rispetto ad altri farmaci in questo settore. Oltre","og_url":"https:\/\/iberoid-shop.com\/it\/product\/oxandrolon-balkan-60-pastillas\/","og_site_name":"Steroidi in linea","article_modified_time":"2022-07-12T10:13:10+00:00","og_image":[{"width":1000,"height":1000,"url":"https:\/\/iberoid-shop.com\/wp-content\/uploads\/2022\/06\/oxandrolona.webp","type":"image\/webp"}],"twitter_card":"summary_large_image","twitter_misc":{"Prezzo":"&euro;50.00","Disponibilit\u00e0":"Esaurito"},"schema":{"@context":"https:\/\/schema.org","@graph":[{"@type":"WebPage","@id":"https:\/\/iberoid-shop.com\/it\/product\/oxandrolon-balkan-60-pastillas\/","url":"https:\/\/iberoid-shop.com\/it\/product\/oxandrolon-balkan-60-pastillas\/","name":"OXANDROLON - Steroidi in linea","isPartOf":{"@id":"https:\/\/iberoid.com\/#website"},"primaryImageOfPage":{"@id":"https:\/\/iberoid-shop.com\/it\/product\/oxandrolon-balkan-60-pastillas\/#primaryimage"},"image":{"@id":"https:\/\/iberoid-shop.com\/it\/product\/oxandrolon-balkan-60-pastillas\/#primaryimage"},"thumbnailUrl":"https:\/\/iberoid-shop.com\/wp-content\/uploads\/2022\/06\/oxandrolona.webp","datePublished":"2022-06-06T13:10:17+00:00","dateModified":"2022-07-12T10:13:10+00:00","breadcrumb":{"@id":"https:\/\/iberoid-shop.com\/it\/product\/oxandrolon-balkan-60-pastillas\/#breadcrumb"},"inLanguage":"it-IT","potentialAction":[{"@type":"ReadAction","target":[["https:\/\/iberoid-shop.com\/it\/product\/oxandrolon-balkan-60-pastillas\/"]]}]},{"@type":"ImageObject","inLanguage":"it-IT","@id":"https:\/\/iberoid-shop.com\/it\/product\/oxandrolon-balkan-60-pastillas\/#primaryimage","url":"https:\/\/iberoid-shop.com\/wp-content\/uploads\/2022\/06\/oxandrolona.webp","contentUrl":"https:\/\/iberoid-shop.com\/wp-content\/uploads\/2022\/06\/oxandrolona.webp","width":1000,"height":1000},{"@type":"BreadcrumbList","@id":"https:\/\/iberoid-shop.com\/it\/product\/oxandrolon-balkan-60-pastillas\/#breadcrumb","itemListElement":[{"@type":"ListItem","position":1,"name":"Portada","item":"https:\/\/iberoid.com\/"},{"@type":"ListItem","position":2,"name":"Negozio","item":"https:\/\/iberoid-shop.com\/it\/shop\/"},{"@type":"ListItem","position":3,"name":"OXANDROLON"}]},{"@type":"WebSite","@id":"https:\/\/iberoid.com\/#website","url":"https:\/\/iberoid.com\/","name":"Steroidi in linea","description":"Acquista steroidi online oggi in Spagna e Portogallo. Abbiamo il miglior servizio clienti del settore e prodotti di altissima qualit\u00e0","potentialAction":[{"@type":"SearchAction","target":{"@type":"EntryPoint","urlTemplate":"https:\/\/iberoid.com\/?s={search_term_string}"},"query-input":{"@type":"PropertyValueSpecification","valueRequired":true,"valueName":"search_term_string"}}],"inLanguage":"it-IT"}]},"product_brand":"Balkan Pharmaceuticals","product_price_amount":"50.00","product_price_currency":"EUR","og_availability":"out of stock","product_availability":"out of stock","product_condition":"new"},"_links":{"self":[{"href":"https:\/\/iberoid-shop.com\/it\/wp-json\/wp\/v2\/product\/7725","targetHints":{"allow":["GET"]}}],"collection":[{"href":"https:\/\/iberoid-shop.com\/it\/wp-json\/wp\/v2\/product"}],"about":[{"href":"https:\/\/iberoid-shop.com\/it\/wp-json\/wp\/v2\/types\/product"}],"replies":[{"embeddable":true,"href":"https:\/\/iberoid-shop.com\/it\/wp-json\/wp\/v2\/comments?post=7725"}],"wp:featuredmedia":[{"embeddable":true,"href":"https:\/\/iberoid-shop.com\/it\/wp-json\/wp\/v2\/media\/7726"}],"wp:attachment":[{"href":"https:\/\/iberoid-shop.com\/it\/wp-json\/wp\/v2\/media?parent=7725"}],"wp:term":[{"taxonomy":"product_brand","embeddable":true,"href":"https:\/\/iberoid-shop.com\/it\/wp-json\/wp\/v2\/product_brand?post=7725"},{"taxonomy":"product_cat","embeddable":true,"href":"https:\/\/iberoid-shop.com\/it\/wp-json\/wp\/v2\/product_cat?post=7725"},{"taxonomy":"product_tag","embeddable":true,"href":"https:\/\/iberoid-shop.com\/it\/wp-json\/wp\/v2\/product_tag?post=7725"}],"curies":[{"name":"wp","href":"https:\/\/api.w.org\/{rel}","templated":true}]}}