{"id":7723,"date":"2022-06-06T13:08:07","date_gmt":"2022-06-06T13:08:07","guid":{"rendered":"https:\/\/iberoid-shop.com\/?post_type=product&#038;p=7723"},"modified":"2022-07-16T21:04:13","modified_gmt":"2022-07-16T21:04:13","slug":"turinabol-balkan-60-pastillas","status":"publish","type":"product","link":"https:\/\/iberoid-shop.com\/it\/product\/turinabol-balkan-60-pastillas\/","title":{"rendered":"TURANABOL"},"content":{"rendered":"<p>PHARMA TURANABOL DEI BALCANI<\/p>\n<p>Per ottenere solidi guadagni muscolari e guadagni di forza, Turinabol che non provoca rapidi guadagni di massa muscolare e forza, dovrebbe essere assunto nell&#8217;arco di diverse settimane. Per atleti e culturisti questo farmaco viene utilizzato per un aspetto fisico migliorato e compatto. A causa di qualsiasi rischio di effetti collaterali estrogenici, esiste una ritenzione idrica limitata o un rischio di ginecomastia. A causa della limitata ritenzione idrica \u00e8 possibile ottenere un duro sguardo ai muscoli.<\/p>\n<p>Questo steroide \u00e8 abbastanza diverso da Danabol a cui viene confrontato. La somiglianza tra questi due prodotti \u00e8 che entrambi sono 17-alfa-alchilati. Turanabol secondo Danabol ha un livello pi\u00f9 basso di attivit\u00e0 androgena, ma un migliore equilibrio tra effetti anabolici e androgeni.<\/p>\n<p>Dosaggio di Turanabol:\u00a040 &#8211; 50 mg \u00e8 il dosaggio giornaliero per buoni risultati. Con questo dosaggio l&#8217;effetto sar\u00e0 meraviglioso, crescita della massa muscolare e della forza e senza ritenzione idrica ed effetti collaterali degli estrogeni.<\/p>\n<p>Effetti collaterali di Turanabol;<\/p>\n<p>Nelle donne si pu\u00f2 vedere il virilismo. E anche riduzione della produzione di testosterone, ipertensione, comportamenti aggressivi incontrollabili, dolore gastrointestinale, danni al fegato, aumento di peso, riduzione della coagulazione del sangue nel corpo possono verificarsi a dosaggi elevati.<\/p>","protected":false},"excerpt":{"rendered":"<p>PHARMA TURANABOL DEI BALCANI Per ottenere solidi guadagni muscolari e guadagni di forza, Turinabol che non provoca rapidi guadagni di<\/p>\n","protected":false},"featured_media":7724,"comment_status":"open","ping_status":"closed","template":"","meta":[],"product_brand":[],"product_cat":[73],"product_tag":[],"class_list":{"0":"post-7723","1":"product","2":"type-product","3":"status-publish","4":"has-post-thumbnail","6":"product_cat-ssteroides_orales","8":"first","9":"outofstock","10":"sale","11":"shipping-taxable","12":"purchasable","13":"product-type-simple"},"yoast_head":"<!-- This site is optimized with the Yoast SEO Premium plugin v24.4 (Yoast SEO v27.3) - https:\/\/yoast.com\/product\/yoast-seo-premium-wordpress\/ -->\n<title>TURANABOL - Steroidi in linea<\/title>\n<meta name=\"robots\" content=\"index, follow, max-snippet:-1, max-image-preview:large, max-video-preview:-1\" \/>\n<link rel=\"canonical\" href=\"https:\/\/iberoid-shop.com\/it\/product\/turinabol-balkan-60-pastillas\/\" \/>\n<meta property=\"og:locale\" content=\"it_IT\" \/>\n<meta property=\"og:type\" content=\"article\" \/>\n<meta property=\"og:title\" content=\"TURANABOL\" \/>\n<meta property=\"og:description\" content=\"PHARMA TURANABOL DEI BALCANI Per ottenere solidi guadagni muscolari e guadagni di forza, Turinabol che non provoca rapidi guadagni di\" \/>\n<meta property=\"og:url\" content=\"https:\/\/iberoid-shop.com\/it\/product\/turinabol-balkan-60-pastillas\/\" \/>\n<meta property=\"og:site_name\" content=\"Steroidi in linea\" \/>\n<meta property=\"article:modified_time\" content=\"2022-07-16T21:04:13+00:00\" \/>\n<meta property=\"og:image\" content=\"https:\/\/iberoid-shop.com\/wp-content\/uploads\/2022\/06\/turi.jpg?v=1678119888\" \/>\n\t<meta property=\"og:image:width\" content=\"225\" \/>\n\t<meta property=\"og:image:height\" content=\"225\" \/>\n\t<meta property=\"og:image:type\" content=\"image\/jpeg\" \/>\n<meta name=\"twitter:card\" content=\"summary_large_image\" \/>\n<meta name=\"twitter:label1\" content=\"Prezzo\" \/>\n\t<meta name=\"twitter:data1\" content=\"&euro;25.00\" \/>\n\t<meta name=\"twitter:label2\" content=\"Disponibilit\u00e0\" \/>\n\t<meta name=\"twitter:data2\" content=\"Esaurito\" \/>\n<script type=\"application\/ld+json\" class=\"yoast-schema-graph\">{\"@context\":\"https:\\\/\\\/schema.org\",\"@graph\":[{\"@type\":\"WebPage\",\"@id\":\"https:\\\/\\\/iberoid-shop.com\\\/it\\\/product\\\/turinabol-balkan-60-pastillas\\\/\",\"url\":\"https:\\\/\\\/iberoid-shop.com\\\/it\\\/product\\\/turinabol-balkan-60-pastillas\\\/\",\"name\":\"TURANABOL - Steroidi in linea\",\"isPartOf\":{\"@id\":\"https:\\\/\\\/iberoid.com\\\/#website\"},\"primaryImageOfPage\":{\"@id\":\"https:\\\/\\\/iberoid-shop.com\\\/it\\\/product\\\/turinabol-balkan-60-pastillas\\\/#primaryimage\"},\"image\":{\"@id\":\"https:\\\/\\\/iberoid-shop.com\\\/it\\\/product\\\/turinabol-balkan-60-pastillas\\\/#primaryimage\"},\"thumbnailUrl\":\"https:\\\/\\\/iberoid-shop.com\\\/wp-content\\\/uploads\\\/2022\\\/06\\\/turi.jpg?v=1678119888\",\"datePublished\":\"2022-06-06T13:08:07+00:00\",\"dateModified\":\"2022-07-16T21:04:13+00:00\",\"breadcrumb\":{\"@id\":\"https:\\\/\\\/iberoid-shop.com\\\/it\\\/product\\\/turinabol-balkan-60-pastillas\\\/#breadcrumb\"},\"inLanguage\":\"it-IT\",\"potentialAction\":[{\"@type\":\"ReadAction\",\"target\":[[\"https:\\\/\\\/iberoid-shop.com\\\/it\\\/product\\\/turinabol-balkan-60-pastillas\\\/\"]]}]},{\"@type\":\"ImageObject\",\"inLanguage\":\"it-IT\",\"@id\":\"https:\\\/\\\/iberoid-shop.com\\\/it\\\/product\\\/turinabol-balkan-60-pastillas\\\/#primaryimage\",\"url\":\"https:\\\/\\\/iberoid-shop.com\\\/wp-content\\\/uploads\\\/2022\\\/06\\\/turi.jpg?v=1678119888\",\"contentUrl\":\"https:\\\/\\\/iberoid-shop.com\\\/wp-content\\\/uploads\\\/2022\\\/06\\\/turi.jpg?v=1678119888\",\"width\":225,\"height\":225},{\"@type\":\"BreadcrumbList\",\"@id\":\"https:\\\/\\\/iberoid-shop.com\\\/it\\\/product\\\/turinabol-balkan-60-pastillas\\\/#breadcrumb\",\"itemListElement\":[{\"@type\":\"ListItem\",\"position\":1,\"name\":\"Portada\",\"item\":\"https:\\\/\\\/iberoid.com\\\/\"},{\"@type\":\"ListItem\",\"position\":2,\"name\":\"Negozio\",\"item\":\"https:\\\/\\\/iberoid-shop.com\\\/it\\\/shop\\\/\"},{\"@type\":\"ListItem\",\"position\":3,\"name\":\"TURANABOL\"}]},{\"@type\":\"WebSite\",\"@id\":\"https:\\\/\\\/iberoid.com\\\/#website\",\"url\":\"https:\\\/\\\/iberoid.com\\\/\",\"name\":\"Steroidi in linea\",\"description\":\"Acquista steroidi online oggi in Spagna e Portogallo. Abbiamo il miglior servizio clienti del settore e prodotti di altissima qualit\u00e0\",\"potentialAction\":[{\"@type\":\"SearchAction\",\"target\":{\"@type\":\"EntryPoint\",\"urlTemplate\":\"https:\\\/\\\/iberoid.com\\\/?s={search_term_string}\"},\"query-input\":{\"@type\":\"PropertyValueSpecification\",\"valueRequired\":true,\"valueName\":\"search_term_string\"}}],\"inLanguage\":\"it-IT\"}]}<\/script>\n<meta property=\"product:brand\" content=\"Balkan Pharmaceuticals\" \/>\n<meta property=\"product:price:amount\" content=\"25.00\" \/>\n<meta property=\"product:price:currency\" content=\"EUR\" \/>\n<meta property=\"og:availability\" content=\"out of stock\" \/>\n<meta property=\"product:availability\" content=\"out of stock\" \/>\n<meta property=\"product:condition\" content=\"new\" \/>\n<!-- \/ Yoast SEO Premium plugin. -->","yoast_head_json":{"title":"TURANABOL - Steroidi in linea","robots":{"index":"index","follow":"follow","max-snippet":"max-snippet:-1","max-image-preview":"max-image-preview:large","max-video-preview":"max-video-preview:-1"},"canonical":"https:\/\/iberoid-shop.com\/it\/product\/turinabol-balkan-60-pastillas\/","og_locale":"it_IT","og_type":"article","og_title":"TURANABOL","og_description":"PHARMA TURANABOL DEI BALCANI Per ottenere solidi guadagni muscolari e guadagni di forza, Turinabol che non provoca rapidi guadagni di","og_url":"https:\/\/iberoid-shop.com\/it\/product\/turinabol-balkan-60-pastillas\/","og_site_name":"Steroidi in linea","article_modified_time":"2022-07-16T21:04:13+00:00","og_image":[{"width":225,"height":225,"url":"https:\/\/iberoid-shop.com\/wp-content\/uploads\/2022\/06\/turi.jpg?v=1678119888","type":"image\/jpeg"}],"twitter_card":"summary_large_image","twitter_misc":{"Prezzo":"&euro;25.00","Disponibilit\u00e0":"Esaurito"},"schema":{"@context":"https:\/\/schema.org","@graph":[{"@type":"WebPage","@id":"https:\/\/iberoid-shop.com\/it\/product\/turinabol-balkan-60-pastillas\/","url":"https:\/\/iberoid-shop.com\/it\/product\/turinabol-balkan-60-pastillas\/","name":"TURANABOL - Steroidi in linea","isPartOf":{"@id":"https:\/\/iberoid.com\/#website"},"primaryImageOfPage":{"@id":"https:\/\/iberoid-shop.com\/it\/product\/turinabol-balkan-60-pastillas\/#primaryimage"},"image":{"@id":"https:\/\/iberoid-shop.com\/it\/product\/turinabol-balkan-60-pastillas\/#primaryimage"},"thumbnailUrl":"https:\/\/iberoid-shop.com\/wp-content\/uploads\/2022\/06\/turi.jpg?v=1678119888","datePublished":"2022-06-06T13:08:07+00:00","dateModified":"2022-07-16T21:04:13+00:00","breadcrumb":{"@id":"https:\/\/iberoid-shop.com\/it\/product\/turinabol-balkan-60-pastillas\/#breadcrumb"},"inLanguage":"it-IT","potentialAction":[{"@type":"ReadAction","target":[["https:\/\/iberoid-shop.com\/it\/product\/turinabol-balkan-60-pastillas\/"]]}]},{"@type":"ImageObject","inLanguage":"it-IT","@id":"https:\/\/iberoid-shop.com\/it\/product\/turinabol-balkan-60-pastillas\/#primaryimage","url":"https:\/\/iberoid-shop.com\/wp-content\/uploads\/2022\/06\/turi.jpg?v=1678119888","contentUrl":"https:\/\/iberoid-shop.com\/wp-content\/uploads\/2022\/06\/turi.jpg?v=1678119888","width":225,"height":225},{"@type":"BreadcrumbList","@id":"https:\/\/iberoid-shop.com\/it\/product\/turinabol-balkan-60-pastillas\/#breadcrumb","itemListElement":[{"@type":"ListItem","position":1,"name":"Portada","item":"https:\/\/iberoid.com\/"},{"@type":"ListItem","position":2,"name":"Negozio","item":"https:\/\/iberoid-shop.com\/it\/shop\/"},{"@type":"ListItem","position":3,"name":"TURANABOL"}]},{"@type":"WebSite","@id":"https:\/\/iberoid.com\/#website","url":"https:\/\/iberoid.com\/","name":"Steroidi in linea","description":"Acquista steroidi online oggi in Spagna e Portogallo. Abbiamo il miglior servizio clienti del settore e prodotti di altissima qualit\u00e0","potentialAction":[{"@type":"SearchAction","target":{"@type":"EntryPoint","urlTemplate":"https:\/\/iberoid.com\/?s={search_term_string}"},"query-input":{"@type":"PropertyValueSpecification","valueRequired":true,"valueName":"search_term_string"}}],"inLanguage":"it-IT"}]},"product_brand":"Balkan Pharmaceuticals","product_price_amount":"25.00","product_price_currency":"EUR","og_availability":"out of stock","product_availability":"out of stock","product_condition":"new"},"_links":{"self":[{"href":"https:\/\/iberoid-shop.com\/it\/wp-json\/wp\/v2\/product\/7723","targetHints":{"allow":["GET"]}}],"collection":[{"href":"https:\/\/iberoid-shop.com\/it\/wp-json\/wp\/v2\/product"}],"about":[{"href":"https:\/\/iberoid-shop.com\/it\/wp-json\/wp\/v2\/types\/product"}],"replies":[{"embeddable":true,"href":"https:\/\/iberoid-shop.com\/it\/wp-json\/wp\/v2\/comments?post=7723"}],"wp:featuredmedia":[{"embeddable":true,"href":"https:\/\/iberoid-shop.com\/it\/wp-json\/wp\/v2\/media\/7724"}],"wp:attachment":[{"href":"https:\/\/iberoid-shop.com\/it\/wp-json\/wp\/v2\/media?parent=7723"}],"wp:term":[{"taxonomy":"product_brand","embeddable":true,"href":"https:\/\/iberoid-shop.com\/it\/wp-json\/wp\/v2\/product_brand?post=7723"},{"taxonomy":"product_cat","embeddable":true,"href":"https:\/\/iberoid-shop.com\/it\/wp-json\/wp\/v2\/product_cat?post=7723"},{"taxonomy":"product_tag","embeddable":true,"href":"https:\/\/iberoid-shop.com\/it\/wp-json\/wp\/v2\/product_tag?post=7723"}],"curies":[{"name":"wp","href":"https:\/\/api.w.org\/{rel}","templated":true}]}}