{"id":7691,"date":"2022-05-22T13:42:10","date_gmt":"2022-05-22T13:42:10","guid":{"rendered":"https:\/\/iberoid-shop.com\/?post_type=product&#038;p=7691"},"modified":"2024-07-11T09:36:46","modified_gmt":"2024-07-11T09:36:46","slug":"kigtropin-200-ui","status":"publish","type":"product","link":"https:\/\/iberoid-shop.com\/it\/product\/kigtropin-200-ui\/","title":{"rendered":"KIGTROPIN-200 UI"},"content":{"rendered":"<p>Kigtropin \u2014 con inteziro vanny mediante tecniche ricombinanti somatropina identica all&#8217;ormone della crescita umano. Composto da 191 aminoacidi. Il farmaco stimola la crescita scheletrica e somatica e ha anche un effetto pronunciato sui processi metabolici.<\/p>\n<p>L&#8217;ormone della crescita umano aumenta il tono e il metabolismo, quindi ti senti pi\u00f9 attivo e la massa grassa diminuisce. In effetti, il peso che guadagni con l&#8217;ormone della crescita \u00e8 puramente muscolare. A differenza degli steroidi, l&#8217;aumento di peso \u00e8 lento, in genere da 0,5 a 1 kg di massa muscolare ogni due o tre settimane di utilizzo. Quando usi gli steroidi, aumenti di peso in gran parte aumentando la quantit\u00e0 di liquidi nel tuo corpo. Applicando lo stesso ormone della crescita, guadagni esclusivamente massa muscolare. L&#8217;ormone della crescita inizia anche a bruciare i grassi per ottenere l&#8217;energia di cui ha bisogno. Pertanto, i bodybuilder possono mangiare quanto vogliono senza aumentare di peso dal tessuto adiposo.<\/p>\n<p>L&#8217;ormone della crescita umano aumenta la forza, aiuta l&#8217;aumento di peso sano e la perdita di grasso e riduce la perdita muscolare durante le pause di allenamento. Questi effetti collaterali dell&#8217;uso dell&#8217;ormone della crescita sono minimi e molto rari. Coloro che hanno utilizzato questo farmaco testimoniano il raggiungimento dei propri obiettivi. La kigtropina non provoca una crescita ossea anormale (acromegalia) perch\u00e9 le ossa smettono di crescere dopo la pubert\u00e0.<\/p>\n<p>Come funziona il peptide Kigtropin?<br \/>\nRiduzione del grasso corporeo (riduzione del grasso addominale).<br \/>\nAumento della massa muscolare e della forza fisica.<br \/>\nPercepire un senso di benessere generale.<br \/>\nMigliorare il sistema cardiovascolare.<br \/>\nMigliorare l&#8217;attivit\u00e0 cerebrale.<br \/>\nRipresa della rigenerazione e crescita dei tessuti di alcuni organi interni, che si atrofizzano con l&#8217;et\u00e0.<br \/>\nRidurre la probabilit\u00e0 che trascorrerai gli ultimi anni della tua vita in una casa di cura.<br \/>\nMiglioramento della pelle &#8211; riduzione delle rughe della pelle &#8211; rinnovamento della pelle &#8211; prevenzione dell&#8217;invecchiamento.<br \/>\nStimola la produzione di cellule del midollo osseo che producono globuli rossi.<br \/>\nMigliorare il tessuto osseo e rafforzare l&#8217;immunit\u00e0.<br \/>\nIndicazioni per l&#8217;uso di Kigtropin<\/p>\n<p>Per i bambini &#8211; ritardo della crescita dovuto all&#8217;insufficiente secrezione dell&#8217;ormone della crescita; ritardo della crescita nelle ragazze con disgenesia gonadica (sindrome di Shereshevsky-Turner); ritardo della crescita nei bambini in et\u00e0 prepuberale a causa di insufficienza renale cronica.<\/p>\n<p>Per gli adulti &#8211; deficit confermato congenito o acquisito dell&#8217;ormone della crescita (come terapia sostitutiva).<\/p>\n<p>Il farmaco Kigtropin stimola la crescita scheletrica e somatica e ha anche un effetto pronunciato sui processi metabolici; contribuisce alla normalizzazione della struttura corporea aumentando la massa muscolare e riducendo il grasso corporeo.<\/p>","protected":false},"excerpt":{"rendered":"<p>Kigtropin \u2014 con inteziro vanny mediante tecniche ricombinanti somatropina identica all&#8217;ormone della crescita umano. Composto da 191 aminoacidi. Il farmaco<\/p>\n","protected":false},"featured_media":7692,"comment_status":"open","ping_status":"closed","template":"","meta":[],"product_brand":[],"product_cat":[76],"product_tag":[],"class_list":{"0":"post-7691","1":"product","2":"type-product","3":"status-publish","4":"has-post-thumbnail","6":"product_cat-hgh_peptido","8":"first","9":"outofstock","10":"sale","11":"shipping-taxable","12":"purchasable","13":"product-type-simple"},"yoast_head":"<!-- This site is optimized with the Yoast SEO Premium plugin v24.4 (Yoast SEO v27.3) - https:\/\/yoast.com\/product\/yoast-seo-premium-wordpress\/ -->\n<title>KIGTROPIN-200 UI - Steroidi in linea<\/title>\n<meta name=\"robots\" content=\"index, follow, max-snippet:-1, max-image-preview:large, max-video-preview:-1\" \/>\n<link rel=\"canonical\" href=\"https:\/\/iberoid-shop.com\/it\/product\/kigtropin-200-ui\/\" \/>\n<meta property=\"og:locale\" content=\"it_IT\" \/>\n<meta property=\"og:type\" content=\"article\" \/>\n<meta property=\"og:title\" content=\"KIGTROPIN-200 UI\" \/>\n<meta property=\"og:description\" content=\"Kigtropin \u2014 con inteziro vanny mediante tecniche ricombinanti somatropina identica all&#8217;ormone della crescita umano. Composto da 191 aminoacidi. Il farmaco\" \/>\n<meta property=\"og:url\" content=\"https:\/\/iberoid-shop.com\/it\/product\/kigtropin-200-ui\/\" \/>\n<meta property=\"og:site_name\" content=\"Steroidi in linea\" \/>\n<meta property=\"article:modified_time\" content=\"2024-07-11T09:36:46+00:00\" \/>\n<meta property=\"og:image\" content=\"https:\/\/iberoid-shop.com\/wp-content\/uploads\/2022\/05\/kigtropin20-iu.png?v=1694094346\" \/>\n\t<meta property=\"og:image:width\" content=\"500\" \/>\n\t<meta property=\"og:image:height\" content=\"500\" \/>\n\t<meta property=\"og:image:type\" content=\"image\/png\" \/>\n<meta name=\"twitter:card\" content=\"summary_large_image\" \/>\n<meta name=\"twitter:label1\" content=\"Prezzo\" \/>\n\t<meta name=\"twitter:data1\" content=\"&euro;90.00\" \/>\n\t<meta name=\"twitter:label2\" content=\"Disponibilit\u00e0\" \/>\n\t<meta name=\"twitter:data2\" content=\"Esaurito\" \/>\n<script type=\"application\/ld+json\" class=\"yoast-schema-graph\">{\"@context\":\"https:\\\/\\\/schema.org\",\"@graph\":[{\"@type\":\"WebPage\",\"@id\":\"https:\\\/\\\/iberoid-shop.com\\\/it\\\/product\\\/kigtropin-200-ui\\\/\",\"url\":\"https:\\\/\\\/iberoid-shop.com\\\/it\\\/product\\\/kigtropin-200-ui\\\/\",\"name\":\"KIGTROPIN-200 UI - Steroidi in linea\",\"isPartOf\":{\"@id\":\"https:\\\/\\\/iberoid.com\\\/#website\"},\"primaryImageOfPage\":{\"@id\":\"https:\\\/\\\/iberoid-shop.com\\\/it\\\/product\\\/kigtropin-200-ui\\\/#primaryimage\"},\"image\":{\"@id\":\"https:\\\/\\\/iberoid-shop.com\\\/it\\\/product\\\/kigtropin-200-ui\\\/#primaryimage\"},\"thumbnailUrl\":\"https:\\\/\\\/iberoid-shop.com\\\/wp-content\\\/uploads\\\/2022\\\/05\\\/kigtropin20-iu.png?v=1694094346\",\"datePublished\":\"2022-05-22T13:42:10+00:00\",\"dateModified\":\"2024-07-11T09:36:46+00:00\",\"breadcrumb\":{\"@id\":\"https:\\\/\\\/iberoid-shop.com\\\/it\\\/product\\\/kigtropin-200-ui\\\/#breadcrumb\"},\"inLanguage\":\"it-IT\",\"potentialAction\":[{\"@type\":\"ReadAction\",\"target\":[[\"https:\\\/\\\/iberoid-shop.com\\\/it\\\/product\\\/kigtropin-200-ui\\\/\"]]}]},{\"@type\":\"ImageObject\",\"inLanguage\":\"it-IT\",\"@id\":\"https:\\\/\\\/iberoid-shop.com\\\/it\\\/product\\\/kigtropin-200-ui\\\/#primaryimage\",\"url\":\"https:\\\/\\\/iberoid-shop.com\\\/wp-content\\\/uploads\\\/2022\\\/05\\\/kigtropin20-iu.png?v=1694094346\",\"contentUrl\":\"https:\\\/\\\/iberoid-shop.com\\\/wp-content\\\/uploads\\\/2022\\\/05\\\/kigtropin20-iu.png?v=1694094346\",\"width\":500,\"height\":500},{\"@type\":\"BreadcrumbList\",\"@id\":\"https:\\\/\\\/iberoid-shop.com\\\/it\\\/product\\\/kigtropin-200-ui\\\/#breadcrumb\",\"itemListElement\":[{\"@type\":\"ListItem\",\"position\":1,\"name\":\"Portada\",\"item\":\"https:\\\/\\\/iberoid.com\\\/\"},{\"@type\":\"ListItem\",\"position\":2,\"name\":\"Negozio\",\"item\":\"https:\\\/\\\/iberoid-shop.com\\\/it\\\/shop\\\/\"},{\"@type\":\"ListItem\",\"position\":3,\"name\":\"KIGTROPIN-200 UI\"}]},{\"@type\":\"WebSite\",\"@id\":\"https:\\\/\\\/iberoid.com\\\/#website\",\"url\":\"https:\\\/\\\/iberoid.com\\\/\",\"name\":\"Steroidi in linea\",\"description\":\"Acquista steroidi online oggi in Spagna e Portogallo. Abbiamo il miglior servizio clienti del settore e prodotti di altissima qualit\u00e0\",\"potentialAction\":[{\"@type\":\"SearchAction\",\"target\":{\"@type\":\"EntryPoint\",\"urlTemplate\":\"https:\\\/\\\/iberoid.com\\\/?s={search_term_string}\"},\"query-input\":{\"@type\":\"PropertyValueSpecification\",\"valueRequired\":true,\"valueName\":\"search_term_string\"}}],\"inLanguage\":\"it-IT\"}]}<\/script>\n<meta property=\"product:price:amount\" content=\"90.00\" \/>\n<meta property=\"product:price:currency\" content=\"EUR\" \/>\n<meta property=\"og:availability\" content=\"out of stock\" \/>\n<meta property=\"product:availability\" content=\"out of stock\" \/>\n<meta property=\"product:condition\" content=\"new\" \/>\n<!-- \/ Yoast SEO Premium plugin. -->","yoast_head_json":{"title":"KIGTROPIN-200 UI - Steroidi in linea","robots":{"index":"index","follow":"follow","max-snippet":"max-snippet:-1","max-image-preview":"max-image-preview:large","max-video-preview":"max-video-preview:-1"},"canonical":"https:\/\/iberoid-shop.com\/it\/product\/kigtropin-200-ui\/","og_locale":"it_IT","og_type":"article","og_title":"KIGTROPIN-200 UI","og_description":"Kigtropin \u2014 con inteziro vanny mediante tecniche ricombinanti somatropina identica all&#8217;ormone della crescita umano. Composto da 191 aminoacidi. Il farmaco","og_url":"https:\/\/iberoid-shop.com\/it\/product\/kigtropin-200-ui\/","og_site_name":"Steroidi in linea","article_modified_time":"2024-07-11T09:36:46+00:00","og_image":[{"width":500,"height":500,"url":"https:\/\/iberoid-shop.com\/wp-content\/uploads\/2022\/05\/kigtropin20-iu.png?v=1694094346","type":"image\/png"}],"twitter_card":"summary_large_image","twitter_misc":{"Prezzo":"&euro;90.00","Disponibilit\u00e0":"Esaurito"},"schema":{"@context":"https:\/\/schema.org","@graph":[{"@type":"WebPage","@id":"https:\/\/iberoid-shop.com\/it\/product\/kigtropin-200-ui\/","url":"https:\/\/iberoid-shop.com\/it\/product\/kigtropin-200-ui\/","name":"KIGTROPIN-200 UI - Steroidi in linea","isPartOf":{"@id":"https:\/\/iberoid.com\/#website"},"primaryImageOfPage":{"@id":"https:\/\/iberoid-shop.com\/it\/product\/kigtropin-200-ui\/#primaryimage"},"image":{"@id":"https:\/\/iberoid-shop.com\/it\/product\/kigtropin-200-ui\/#primaryimage"},"thumbnailUrl":"https:\/\/iberoid-shop.com\/wp-content\/uploads\/2022\/05\/kigtropin20-iu.png?v=1694094346","datePublished":"2022-05-22T13:42:10+00:00","dateModified":"2024-07-11T09:36:46+00:00","breadcrumb":{"@id":"https:\/\/iberoid-shop.com\/it\/product\/kigtropin-200-ui\/#breadcrumb"},"inLanguage":"it-IT","potentialAction":[{"@type":"ReadAction","target":[["https:\/\/iberoid-shop.com\/it\/product\/kigtropin-200-ui\/"]]}]},{"@type":"ImageObject","inLanguage":"it-IT","@id":"https:\/\/iberoid-shop.com\/it\/product\/kigtropin-200-ui\/#primaryimage","url":"https:\/\/iberoid-shop.com\/wp-content\/uploads\/2022\/05\/kigtropin20-iu.png?v=1694094346","contentUrl":"https:\/\/iberoid-shop.com\/wp-content\/uploads\/2022\/05\/kigtropin20-iu.png?v=1694094346","width":500,"height":500},{"@type":"BreadcrumbList","@id":"https:\/\/iberoid-shop.com\/it\/product\/kigtropin-200-ui\/#breadcrumb","itemListElement":[{"@type":"ListItem","position":1,"name":"Portada","item":"https:\/\/iberoid.com\/"},{"@type":"ListItem","position":2,"name":"Negozio","item":"https:\/\/iberoid-shop.com\/it\/shop\/"},{"@type":"ListItem","position":3,"name":"KIGTROPIN-200 UI"}]},{"@type":"WebSite","@id":"https:\/\/iberoid.com\/#website","url":"https:\/\/iberoid.com\/","name":"Steroidi in linea","description":"Acquista steroidi online oggi in Spagna e Portogallo. Abbiamo il miglior servizio clienti del settore e prodotti di altissima qualit\u00e0","potentialAction":[{"@type":"SearchAction","target":{"@type":"EntryPoint","urlTemplate":"https:\/\/iberoid.com\/?s={search_term_string}"},"query-input":{"@type":"PropertyValueSpecification","valueRequired":true,"valueName":"search_term_string"}}],"inLanguage":"it-IT"}]},"product_price_amount":"90.00","product_price_currency":"EUR","og_availability":"out of stock","product_availability":"out of stock","product_condition":"new"},"_links":{"self":[{"href":"https:\/\/iberoid-shop.com\/it\/wp-json\/wp\/v2\/product\/7691","targetHints":{"allow":["GET"]}}],"collection":[{"href":"https:\/\/iberoid-shop.com\/it\/wp-json\/wp\/v2\/product"}],"about":[{"href":"https:\/\/iberoid-shop.com\/it\/wp-json\/wp\/v2\/types\/product"}],"replies":[{"embeddable":true,"href":"https:\/\/iberoid-shop.com\/it\/wp-json\/wp\/v2\/comments?post=7691"}],"wp:featuredmedia":[{"embeddable":true,"href":"https:\/\/iberoid-shop.com\/it\/wp-json\/wp\/v2\/media\/7692"}],"wp:attachment":[{"href":"https:\/\/iberoid-shop.com\/it\/wp-json\/wp\/v2\/media?parent=7691"}],"wp:term":[{"taxonomy":"product_brand","embeddable":true,"href":"https:\/\/iberoid-shop.com\/it\/wp-json\/wp\/v2\/product_brand?post=7691"},{"taxonomy":"product_cat","embeddable":true,"href":"https:\/\/iberoid-shop.com\/it\/wp-json\/wp\/v2\/product_cat?post=7691"},{"taxonomy":"product_tag","embeddable":true,"href":"https:\/\/iberoid-shop.com\/it\/wp-json\/wp\/v2\/product_tag?post=7691"}],"curies":[{"name":"wp","href":"https:\/\/api.w.org\/{rel}","templated":true}]}}