{"id":7673,"date":"2022-05-18T11:41:56","date_gmt":"2022-05-18T11:41:56","guid":{"rendered":"https:\/\/iberoid-shop.com\/?post_type=product&#038;p=7673"},"modified":"2026-04-10T08:05:54","modified_gmt":"2026-04-10T08:05:54","slug":"7673","status":"publish","type":"product","link":"https:\/\/iberoid-shop.com\/it\/product\/7673\/","title":{"rendered":"PACK3 PRIMOGED \/PRIMOBOLAN\/EPF PREMIUM10"},"content":{"rendered":"<p>Primobolan si trova sia in forma iniettabile che in compresse. Il primobolan iniettabile \u00e8 chiamato primobolan di deposito. La somministrazione di Primobolan non aiuta un rapido aumento della massa muscolare e della forza, quindi viene somministrata per un lungo periodo di tempo. Dopo la somministrazione di primobolan, la massa muscolare ottenuta sar\u00e0 di qualit\u00e0 senza grasso e senza grasso. La tabella sar\u00e0 mantenuta per la maggior parte. Per essere efficace, deve essere somministrato per un lungo periodo di tempo e in grandi quantit\u00e0. La soluzione orale deve essere utilizzata per 12 settimane, alla dose di almeno 500 mg\/settimana. Pu\u00f2 essere meglio combinato con il master, un altro ottimo steroide per la definizione.<\/p>\n<p>Una caratteristica importante del primobolan \u00e8 che contribuisce a bruciare i grassi. Primobolan aiuta anche nel trattamento dei tumori al seno, non \u00e8 necessario utilizzare antiestrogeni durante i cicli primobolan. Primobolan pu\u00f2 essere aggiunto alle cellule steroidee con un alto grado di ginecomastia, per prevenirlo. Il primobolan iniettabile \u00e8 migliore di quello iniettabile perch\u00e9 non passa attraverso il fegato ed \u00e8 pi\u00f9 efficiente. Il primobolan orale non \u00e8 tossico per il fegato. Tuttavia, \u00e8 necessario somministrarlo in dosi molto elevate di 100-200 mg\/die. Il ciclo primobolano orale dovrebbe durare almeno 6 settimane.<\/p>","protected":false},"excerpt":{"rendered":"<p>Primobolan si trova sia in forma iniettabile che in compresse. Il primobolan iniettabile \u00e8 chiamato primobolan di deposito. La somministrazione<\/p>\n","protected":false},"featured_media":7674,"comment_status":"open","ping_status":"closed","template":"","meta":[],"product_brand":[],"product_cat":[3474],"product_tag":[],"class_list":{"0":"post-7673","1":"product","2":"type-product","3":"status-publish","4":"has-post-thumbnail","6":"product_cat-packs","8":"first","9":"instock","10":"sale","11":"shipping-taxable","12":"purchasable","13":"product-type-simple"},"yoast_head":"<!-- This site is optimized with the Yoast SEO Premium plugin v24.4 (Yoast SEO v27.0) - https:\/\/yoast.com\/product\/yoast-seo-premium-wordpress\/ -->\n<title>PACK3 PRIMOGED \/PRIMOBOLAN\/EPF PREMIUM10 - Steroidi in linea<\/title>\n<meta name=\"description\" content=\"Primobolan offre un guadagno di massa muscolare magra di qualit\u00e0 nel tempo e aiuta a bruciare i grassi. Preferibile iniettabile; orale non \u00e8 tossico per il fegato.\" \/>\n<meta name=\"robots\" content=\"index, follow, max-snippet:-1, max-image-preview:large, max-video-preview:-1\" \/>\n<link rel=\"canonical\" href=\"https:\/\/iberoid-shop.com\/it\/product\/7673\/\" \/>\n<meta property=\"og:locale\" content=\"it_IT\" \/>\n<meta property=\"og:type\" content=\"article\" \/>\n<meta property=\"og:title\" content=\"PACK3 PRIMOGED \/PRIMOBOLAN\/EPF PREMIUM10\" \/>\n<meta property=\"og:description\" content=\"Primobolan offre un guadagno di massa muscolare magra di qualit\u00e0 nel tempo e aiuta a bruciare i grassi. Preferibile iniettabile; orale non \u00e8 tossico per il fegato.\" \/>\n<meta property=\"og:url\" content=\"https:\/\/iberoid-shop.com\/it\/product\/7673\/\" \/>\n<meta property=\"og:site_name\" content=\"Steroidi in linea\" \/>\n<meta property=\"article:modified_time\" content=\"2026-04-10T08:05:54+00:00\" \/>\n<meta property=\"og:image\" content=\"https:\/\/iberoid-shop.com\/wp-content\/uploads\/2022\/05\/PRM.jpg?v=1698649052\" \/>\n\t<meta property=\"og:image:width\" content=\"2321\" \/>\n\t<meta property=\"og:image:height\" content=\"1432\" \/>\n\t<meta property=\"og:image:type\" content=\"image\/jpeg\" \/>\n<meta name=\"twitter:card\" content=\"summary_large_image\" \/>\n<meta name=\"twitter:label1\" content=\"Prezzo\" \/>\n\t<meta name=\"twitter:data1\" content=\"&euro;110.00\" \/>\n\t<meta name=\"twitter:label2\" content=\"Disponibilit\u00e0\" \/>\n\t<meta name=\"twitter:data2\" content=\"In stock\" \/>\n<script type=\"application\/ld+json\" class=\"yoast-schema-graph\">{\"@context\":\"https:\/\/schema.org\",\"@graph\":[{\"@type\":\"WebPage\",\"@id\":\"https:\/\/iberoid-shop.com\/it\/product\/7673\/\",\"url\":\"https:\/\/iberoid-shop.com\/it\/product\/7673\/\",\"name\":\"PACK3 PRIMOGED \/PRIMOBOLAN\/EPF PREMIUM10 - Steroidi in linea\",\"isPartOf\":{\"@id\":\"https:\/\/iberoid-shop.com\/it\/#website\"},\"primaryImageOfPage\":{\"@id\":\"https:\/\/iberoid-shop.com\/it\/product\/7673\/#primaryimage\"},\"image\":{\"@id\":\"https:\/\/iberoid-shop.com\/it\/product\/7673\/#primaryimage\"},\"thumbnailUrl\":\"https:\/\/iberoid-shop.com\/wp-content\/uploads\/2022\/05\/PRM.jpg?v=1698649052\",\"datePublished\":\"2022-05-18T11:41:56+00:00\",\"dateModified\":\"2026-04-10T08:05:54+00:00\",\"description\":\"Primobolan offre un guadagno di massa muscolare magra di qualit\u00e0 nel tempo e aiuta a bruciare i grassi. Preferibile iniettabile; orale non \u00e8 tossico per il fegato.\",\"breadcrumb\":{\"@id\":\"https:\/\/iberoid-shop.com\/it\/product\/7673\/#breadcrumb\"},\"inLanguage\":\"it-IT\",\"potentialAction\":[{\"@type\":\"ReadAction\",\"target\":[[\"https:\/\/iberoid-shop.com\/it\/product\/7673\/\"]]}]},{\"@type\":\"ImageObject\",\"inLanguage\":\"it-IT\",\"@id\":\"https:\/\/iberoid-shop.com\/it\/product\/7673\/#primaryimage\",\"url\":\"https:\/\/iberoid-shop.com\/wp-content\/uploads\/2022\/05\/PRM.jpg?v=1698649052\",\"contentUrl\":\"https:\/\/iberoid-shop.com\/wp-content\/uploads\/2022\/05\/PRM.jpg?v=1698649052\",\"width\":2321,\"height\":1432},{\"@type\":\"BreadcrumbList\",\"@id\":\"https:\/\/iberoid-shop.com\/it\/product\/7673\/#breadcrumb\",\"itemListElement\":[{\"@type\":\"ListItem\",\"position\":1,\"name\":\"Portada\",\"item\":\"https:\/\/iberoid-shop.com\/it\/\"},{\"@type\":\"ListItem\",\"position\":2,\"name\":\"Negozio\",\"item\":\"https:\/\/iberoid-shop.com\/it\/shop\/\"},{\"@type\":\"ListItem\",\"position\":3,\"name\":\"PACK3 PRIMOGED \/PRIMOBOLAN\/EPF PREMIUM10\"}]},{\"@type\":\"WebSite\",\"@id\":\"https:\/\/iberoid-shop.com\/it\/#website\",\"url\":\"https:\/\/iberoid-shop.com\/it\/\",\"name\":\"Steroidi in linea\",\"description\":\"Acquista steroidi online oggi in Spagna e Portogallo. Abbiamo il miglior servizio clienti del settore e prodotti di altissima qualit\u00e0\",\"potentialAction\":[{\"@type\":\"SearchAction\",\"target\":{\"@type\":\"EntryPoint\",\"urlTemplate\":\"https:\/\/iberoid-shop.com\/it\/?s={search_term_string}\"},\"query-input\":{\"@type\":\"PropertyValueSpecification\",\"valueRequired\":true,\"valueName\":\"search_term_string\"}}],\"inLanguage\":\"it-IT\"}]}<\/script>\n<meta property=\"product:brand\" content=\"Euro Prime Pharmaceuticals (EPF)\" \/>\n<meta property=\"product:price:amount\" content=\"110.00\" \/>\n<meta property=\"product:price:currency\" content=\"EUR\" \/>\n<meta property=\"og:availability\" content=\"instock\" \/>\n<meta property=\"product:availability\" content=\"instock\" \/>\n<meta property=\"product:condition\" content=\"new\" \/>\n<!-- \/ Yoast SEO Premium plugin. -->","yoast_head_json":{"title":"PACK3 PRIMOGED \/PRIMOBOLAN\/EPF PREMIUM10 - Steroidi in linea","description":"Primobolan offre un guadagno di massa muscolare magra di qualit\u00e0 nel tempo e aiuta a bruciare i grassi. Preferibile iniettabile; orale non \u00e8 tossico per il fegato.","robots":{"index":"index","follow":"follow","max-snippet":"max-snippet:-1","max-image-preview":"max-image-preview:large","max-video-preview":"max-video-preview:-1"},"canonical":"https:\/\/iberoid-shop.com\/it\/product\/7673\/","og_locale":"it_IT","og_type":"article","og_title":"PACK3 PRIMOGED \/PRIMOBOLAN\/EPF PREMIUM10","og_description":"Primobolan offre un guadagno di massa muscolare magra di qualit\u00e0 nel tempo e aiuta a bruciare i grassi. Preferibile iniettabile; orale non \u00e8 tossico per il fegato.","og_url":"https:\/\/iberoid-shop.com\/it\/product\/7673\/","og_site_name":"Steroidi in linea","article_modified_time":"2026-04-10T08:05:54+00:00","og_image":[{"width":2321,"height":1432,"url":"https:\/\/iberoid-shop.com\/wp-content\/uploads\/2022\/05\/PRM.jpg?v=1698649052","type":"image\/jpeg"}],"twitter_card":"summary_large_image","twitter_misc":{"Prezzo":"&euro;110.00","Disponibilit\u00e0":"In stock"},"schema":{"@context":"https:\/\/schema.org","@graph":[{"@type":"WebPage","@id":"https:\/\/iberoid-shop.com\/it\/product\/7673\/","url":"https:\/\/iberoid-shop.com\/it\/product\/7673\/","name":"PACK3 PRIMOGED \/PRIMOBOLAN\/EPF PREMIUM10 - Steroidi in linea","isPartOf":{"@id":"https:\/\/iberoid-shop.com\/it\/#website"},"primaryImageOfPage":{"@id":"https:\/\/iberoid-shop.com\/it\/product\/7673\/#primaryimage"},"image":{"@id":"https:\/\/iberoid-shop.com\/it\/product\/7673\/#primaryimage"},"thumbnailUrl":"https:\/\/iberoid-shop.com\/wp-content\/uploads\/2022\/05\/PRM.jpg?v=1698649052","datePublished":"2022-05-18T11:41:56+00:00","dateModified":"2026-04-10T08:05:54+00:00","description":"Primobolan offre un guadagno di massa muscolare magra di qualit\u00e0 nel tempo e aiuta a bruciare i grassi. Preferibile iniettabile; orale non \u00e8 tossico per il fegato.","breadcrumb":{"@id":"https:\/\/iberoid-shop.com\/it\/product\/7673\/#breadcrumb"},"inLanguage":"it-IT","potentialAction":[{"@type":"ReadAction","target":[["https:\/\/iberoid-shop.com\/it\/product\/7673\/"]]}]},{"@type":"ImageObject","inLanguage":"it-IT","@id":"https:\/\/iberoid-shop.com\/it\/product\/7673\/#primaryimage","url":"https:\/\/iberoid-shop.com\/wp-content\/uploads\/2022\/05\/PRM.jpg?v=1698649052","contentUrl":"https:\/\/iberoid-shop.com\/wp-content\/uploads\/2022\/05\/PRM.jpg?v=1698649052","width":2321,"height":1432},{"@type":"BreadcrumbList","@id":"https:\/\/iberoid-shop.com\/it\/product\/7673\/#breadcrumb","itemListElement":[{"@type":"ListItem","position":1,"name":"Portada","item":"https:\/\/iberoid-shop.com\/it\/"},{"@type":"ListItem","position":2,"name":"Negozio","item":"https:\/\/iberoid-shop.com\/it\/shop\/"},{"@type":"ListItem","position":3,"name":"PACK3 PRIMOGED \/PRIMOBOLAN\/EPF PREMIUM10"}]},{"@type":"WebSite","@id":"https:\/\/iberoid-shop.com\/it\/#website","url":"https:\/\/iberoid-shop.com\/it\/","name":"Steroidi in linea","description":"Acquista steroidi online oggi in Spagna e Portogallo. Abbiamo il miglior servizio clienti del settore e prodotti di altissima qualit\u00e0","potentialAction":[{"@type":"SearchAction","target":{"@type":"EntryPoint","urlTemplate":"https:\/\/iberoid-shop.com\/it\/?s={search_term_string}"},"query-input":{"@type":"PropertyValueSpecification","valueRequired":true,"valueName":"search_term_string"}}],"inLanguage":"it-IT"}]},"product_brand":"Euro Prime Pharmaceuticals (EPF)","product_price_amount":"110.00","product_price_currency":"EUR","og_availability":"instock","product_availability":"instock","product_condition":"new"},"_links":{"self":[{"href":"https:\/\/iberoid-shop.com\/it\/wp-json\/wp\/v2\/product\/7673","targetHints":{"allow":["GET"]}}],"collection":[{"href":"https:\/\/iberoid-shop.com\/it\/wp-json\/wp\/v2\/product"}],"about":[{"href":"https:\/\/iberoid-shop.com\/it\/wp-json\/wp\/v2\/types\/product"}],"replies":[{"embeddable":true,"href":"https:\/\/iberoid-shop.com\/it\/wp-json\/wp\/v2\/comments?post=7673"}],"wp:featuredmedia":[{"embeddable":true,"href":"https:\/\/iberoid-shop.com\/it\/wp-json\/wp\/v2\/media\/7674"}],"wp:attachment":[{"href":"https:\/\/iberoid-shop.com\/it\/wp-json\/wp\/v2\/media?parent=7673"}],"wp:term":[{"taxonomy":"product_brand","embeddable":true,"href":"https:\/\/iberoid-shop.com\/it\/wp-json\/wp\/v2\/product_brand?post=7673"},{"taxonomy":"product_cat","embeddable":true,"href":"https:\/\/iberoid-shop.com\/it\/wp-json\/wp\/v2\/product_cat?post=7673"},{"taxonomy":"product_tag","embeddable":true,"href":"https:\/\/iberoid-shop.com\/it\/wp-json\/wp\/v2\/product_tag?post=7673"}],"curies":[{"name":"wp","href":"https:\/\/api.w.org\/{rel}","templated":true}]}}