{"id":7524,"date":"2022-04-02T14:23:34","date_gmt":"2022-04-02T14:23:34","guid":{"rendered":"https:\/\/iberoid-shop.com\/?post_type=product&#038;p=7524"},"modified":"2023-06-02T13:12:18","modified_gmt":"2023-06-02T13:12:18","slug":"deacnoate-generics-pharma","status":"publish","type":"product","link":"https:\/\/iberoid-shop.com\/it\/product\/deacnoate-generics-pharma\/","title":{"rendered":"DEACNOATE 200"},"content":{"rendered":"<p>Il nandrolone Deca \u00e8 uno steroide anabolizzante preferito dai bodybuilder per l&#8217;aumento muscolare, l&#8217;intensit\u00e0 ossea, la stimolazione dell&#8217;appetito e la produzione di globuli rossi sviluppata. Procura guadagni di forza riducendo il grasso corporeo. Con Deca le cellule muscolari conservano pi\u00f9 azoto di quanto rivelano in questo modo si ottiene un bilancio azotato positivo. Vale a dire un bilancio di azoto positivo significa crescita muscolare. Le cellule muscolari risparmiano pi\u00f9 proteine \u200b\u200bdel normale.<\/p>\n<p>A causa della bassa aromatizzazione, Deca Durabolin \u00e8 preferito come uno steroide sicuro dagli utenti di steroidi che sono sensibili agli effetti collaterali estrogenici. Solo ad alti dosaggi si produce l&#8217;aromatizzazione. Deca Durabolin causa ritenzione idrica ma meno del testosterone e anche ad alti dosaggi emerge un aspetto liscio e acquoso.<\/p>\n<p>Deca, come il boldenon, d\u00e0 buoni risultati quando viene utilizzato sia nei cicli &#8220;bulking&#8221; che &#8220;cutting&#8221;. La maggior parte dei bodybuilder combina Deca con diversi testosterone nel loro ciclo di carica. E anche Deca \u00e8 in armonia con Winstrol per alcuni atleti. Questo steroide \u00e8 pratico e pu\u00f2 essere impilato con molti altri steroidi per la crescita muscolare. La combinazione con Danabol e testosterone enantato, Deca mostra buoni risultati per lo sviluppo muscolare in un veloce. Per ottenere buoni risultati, i bodybuilder usano comunemente 15-40 mg di Dianabol al giorno e 200-400 mg di Deca a settimana. E anche con 400 mg di Deca a settimana e 500 mg di Sustanon a settimana si possono ottenere risultati pi\u00f9 rapidi. Proponiamo un ciclo con Deca, Testosterone Enanthate e Dianabol per ottenere potenza e massa muscolare ampiamente efficaci.<\/p>\n<p>Dosaggio di nandrolone Deca:<\/p>\n<p>200mg-600mg settimanale<\/p>","protected":false},"excerpt":{"rendered":"<p>Il nandrolone Deca \u00e8 uno steroide anabolizzante preferito dai bodybuilder per l&#8217;aumento muscolare, l&#8217;intensit\u00e0 ossea, la stimolazione dell&#8217;appetito e la<\/p>\n","protected":false},"featured_media":7525,"comment_status":"open","ping_status":"closed","template":"","meta":[],"product_brand":[],"product_cat":[69],"product_tag":[3483],"class_list":{"0":"post-7524","1":"product","2":"type-product","3":"status-publish","4":"has-post-thumbnail","6":"product_cat-esteroides_inyectables","7":"product_tag-nandrolon-decanoate-200","9":"first","10":"outofstock","11":"sale","12":"shipping-taxable","13":"purchasable","14":"product-type-simple"},"yoast_head":"<!-- This site is optimized with the Yoast SEO Premium plugin v24.4 (Yoast SEO v27.3) - https:\/\/yoast.com\/product\/yoast-seo-premium-wordpress\/ -->\n<title>DEACNOATE 200 - Steroidi in linea<\/title>\n<meta name=\"robots\" content=\"index, follow, max-snippet:-1, max-image-preview:large, max-video-preview:-1\" \/>\n<link rel=\"canonical\" href=\"https:\/\/iberoid-shop.com\/it\/product\/deacnoate-generics-pharma\/\" \/>\n<meta property=\"og:locale\" content=\"it_IT\" \/>\n<meta property=\"og:type\" content=\"article\" \/>\n<meta property=\"og:title\" content=\"DEACNOATE 200\" \/>\n<meta property=\"og:description\" content=\"Il nandrolone Deca \u00e8 uno steroide anabolizzante preferito dai bodybuilder per l&#8217;aumento muscolare, l&#8217;intensit\u00e0 ossea, la stimolazione dell&#8217;appetito e la\" \/>\n<meta property=\"og:url\" content=\"https:\/\/iberoid-shop.com\/it\/product\/deacnoate-generics-pharma\/\" \/>\n<meta property=\"og:site_name\" content=\"Steroidi in linea\" \/>\n<meta property=\"article:modified_time\" content=\"2023-06-02T13:12:18+00:00\" \/>\n<meta property=\"og:image\" content=\"https:\/\/iberoid-shop.com\/wp-content\/uploads\/2022\/04\/decanoate.jpg?v=1678119898\" \/>\n\t<meta property=\"og:image:width\" content=\"277\" \/>\n\t<meta property=\"og:image:height\" content=\"315\" \/>\n\t<meta property=\"og:image:type\" content=\"image\/jpeg\" \/>\n<meta name=\"twitter:card\" content=\"summary_large_image\" \/>\n<meta name=\"twitter:label1\" content=\"Prezzo\" \/>\n\t<meta name=\"twitter:data1\" content=\"&euro;35.00\" \/>\n\t<meta name=\"twitter:label2\" content=\"Disponibilit\u00e0\" \/>\n\t<meta name=\"twitter:data2\" content=\"Esaurito\" \/>\n<script type=\"application\/ld+json\" class=\"yoast-schema-graph\">{\"@context\":\"https:\\\/\\\/schema.org\",\"@graph\":[{\"@type\":\"WebPage\",\"@id\":\"https:\\\/\\\/iberoid-shop.com\\\/it\\\/product\\\/deacnoate-generics-pharma\\\/\",\"url\":\"https:\\\/\\\/iberoid-shop.com\\\/it\\\/product\\\/deacnoate-generics-pharma\\\/\",\"name\":\"DEACNOATE 200 - Steroidi in linea\",\"isPartOf\":{\"@id\":\"https:\\\/\\\/iberoid-shop.com\\\/it\\\/#website\"},\"primaryImageOfPage\":{\"@id\":\"https:\\\/\\\/iberoid-shop.com\\\/it\\\/product\\\/deacnoate-generics-pharma\\\/#primaryimage\"},\"image\":{\"@id\":\"https:\\\/\\\/iberoid-shop.com\\\/it\\\/product\\\/deacnoate-generics-pharma\\\/#primaryimage\"},\"thumbnailUrl\":\"https:\\\/\\\/iberoid-shop.com\\\/wp-content\\\/uploads\\\/2022\\\/04\\\/decanoate.jpg?v=1678119898\",\"datePublished\":\"2022-04-02T14:23:34+00:00\",\"dateModified\":\"2023-06-02T13:12:18+00:00\",\"breadcrumb\":{\"@id\":\"https:\\\/\\\/iberoid-shop.com\\\/it\\\/product\\\/deacnoate-generics-pharma\\\/#breadcrumb\"},\"inLanguage\":\"it-IT\",\"potentialAction\":[{\"@type\":\"ReadAction\",\"target\":[[\"https:\\\/\\\/iberoid-shop.com\\\/it\\\/product\\\/deacnoate-generics-pharma\\\/\"]]}]},{\"@type\":\"ImageObject\",\"inLanguage\":\"it-IT\",\"@id\":\"https:\\\/\\\/iberoid-shop.com\\\/it\\\/product\\\/deacnoate-generics-pharma\\\/#primaryimage\",\"url\":\"https:\\\/\\\/iberoid-shop.com\\\/wp-content\\\/uploads\\\/2022\\\/04\\\/decanoate.jpg?v=1678119898\",\"contentUrl\":\"https:\\\/\\\/iberoid-shop.com\\\/wp-content\\\/uploads\\\/2022\\\/04\\\/decanoate.jpg?v=1678119898\",\"width\":277,\"height\":315},{\"@type\":\"BreadcrumbList\",\"@id\":\"https:\\\/\\\/iberoid-shop.com\\\/it\\\/product\\\/deacnoate-generics-pharma\\\/#breadcrumb\",\"itemListElement\":[{\"@type\":\"ListItem\",\"position\":1,\"name\":\"Portada\",\"item\":\"https:\\\/\\\/iberoid-shop.com\\\/it\\\/\"},{\"@type\":\"ListItem\",\"position\":2,\"name\":\"Negozio\",\"item\":\"https:\\\/\\\/iberoid-shop.com\\\/it\\\/shop\\\/\"},{\"@type\":\"ListItem\",\"position\":3,\"name\":\"DEACNOATE 200\"}]},{\"@type\":\"WebSite\",\"@id\":\"https:\\\/\\\/iberoid-shop.com\\\/it\\\/#website\",\"url\":\"https:\\\/\\\/iberoid-shop.com\\\/it\\\/\",\"name\":\"Steroidi in linea\",\"description\":\"Acquista steroidi online oggi in Spagna e Portogallo. Abbiamo il miglior servizio clienti del settore e prodotti di altissima qualit\u00e0\",\"potentialAction\":[{\"@type\":\"SearchAction\",\"target\":{\"@type\":\"EntryPoint\",\"urlTemplate\":\"https:\\\/\\\/iberoid-shop.com\\\/it\\\/?s={search_term_string}\"},\"query-input\":{\"@type\":\"PropertyValueSpecification\",\"valueRequired\":true,\"valueName\":\"search_term_string\"}}],\"inLanguage\":\"it-IT\"}]}<\/script>\n<meta property=\"product:brand\" content=\"Generics Pharma\" \/>\n<meta property=\"product:price:amount\" content=\"35.00\" \/>\n<meta property=\"product:price:currency\" content=\"EUR\" \/>\n<meta property=\"og:availability\" content=\"out of stock\" \/>\n<meta property=\"product:availability\" content=\"out of stock\" \/>\n<meta property=\"product:condition\" content=\"new\" \/>\n<!-- \/ Yoast SEO Premium plugin. -->","yoast_head_json":{"title":"DEACNOATE 200 - Steroidi in linea","robots":{"index":"index","follow":"follow","max-snippet":"max-snippet:-1","max-image-preview":"max-image-preview:large","max-video-preview":"max-video-preview:-1"},"canonical":"https:\/\/iberoid-shop.com\/it\/product\/deacnoate-generics-pharma\/","og_locale":"it_IT","og_type":"article","og_title":"DEACNOATE 200","og_description":"Il nandrolone Deca \u00e8 uno steroide anabolizzante preferito dai bodybuilder per l&#8217;aumento muscolare, l&#8217;intensit\u00e0 ossea, la stimolazione dell&#8217;appetito e la","og_url":"https:\/\/iberoid-shop.com\/it\/product\/deacnoate-generics-pharma\/","og_site_name":"Steroidi in linea","article_modified_time":"2023-06-02T13:12:18+00:00","og_image":[{"width":277,"height":315,"url":"https:\/\/iberoid-shop.com\/wp-content\/uploads\/2022\/04\/decanoate.jpg?v=1678119898","type":"image\/jpeg"}],"twitter_card":"summary_large_image","twitter_misc":{"Prezzo":"&euro;35.00","Disponibilit\u00e0":"Esaurito"},"schema":{"@context":"https:\/\/schema.org","@graph":[{"@type":"WebPage","@id":"https:\/\/iberoid-shop.com\/it\/product\/deacnoate-generics-pharma\/","url":"https:\/\/iberoid-shop.com\/it\/product\/deacnoate-generics-pharma\/","name":"DEACNOATE 200 - Steroidi in linea","isPartOf":{"@id":"https:\/\/iberoid-shop.com\/it\/#website"},"primaryImageOfPage":{"@id":"https:\/\/iberoid-shop.com\/it\/product\/deacnoate-generics-pharma\/#primaryimage"},"image":{"@id":"https:\/\/iberoid-shop.com\/it\/product\/deacnoate-generics-pharma\/#primaryimage"},"thumbnailUrl":"https:\/\/iberoid-shop.com\/wp-content\/uploads\/2022\/04\/decanoate.jpg?v=1678119898","datePublished":"2022-04-02T14:23:34+00:00","dateModified":"2023-06-02T13:12:18+00:00","breadcrumb":{"@id":"https:\/\/iberoid-shop.com\/it\/product\/deacnoate-generics-pharma\/#breadcrumb"},"inLanguage":"it-IT","potentialAction":[{"@type":"ReadAction","target":[["https:\/\/iberoid-shop.com\/it\/product\/deacnoate-generics-pharma\/"]]}]},{"@type":"ImageObject","inLanguage":"it-IT","@id":"https:\/\/iberoid-shop.com\/it\/product\/deacnoate-generics-pharma\/#primaryimage","url":"https:\/\/iberoid-shop.com\/wp-content\/uploads\/2022\/04\/decanoate.jpg?v=1678119898","contentUrl":"https:\/\/iberoid-shop.com\/wp-content\/uploads\/2022\/04\/decanoate.jpg?v=1678119898","width":277,"height":315},{"@type":"BreadcrumbList","@id":"https:\/\/iberoid-shop.com\/it\/product\/deacnoate-generics-pharma\/#breadcrumb","itemListElement":[{"@type":"ListItem","position":1,"name":"Portada","item":"https:\/\/iberoid-shop.com\/it\/"},{"@type":"ListItem","position":2,"name":"Negozio","item":"https:\/\/iberoid-shop.com\/it\/shop\/"},{"@type":"ListItem","position":3,"name":"DEACNOATE 200"}]},{"@type":"WebSite","@id":"https:\/\/iberoid-shop.com\/it\/#website","url":"https:\/\/iberoid-shop.com\/it\/","name":"Steroidi in linea","description":"Acquista steroidi online oggi in Spagna e Portogallo. Abbiamo il miglior servizio clienti del settore e prodotti di altissima qualit\u00e0","potentialAction":[{"@type":"SearchAction","target":{"@type":"EntryPoint","urlTemplate":"https:\/\/iberoid-shop.com\/it\/?s={search_term_string}"},"query-input":{"@type":"PropertyValueSpecification","valueRequired":true,"valueName":"search_term_string"}}],"inLanguage":"it-IT"}]},"product_brand":"Generics Pharma","product_price_amount":"35.00","product_price_currency":"EUR","og_availability":"out of stock","product_availability":"out of stock","product_condition":"new"},"_links":{"self":[{"href":"https:\/\/iberoid-shop.com\/it\/wp-json\/wp\/v2\/product\/7524","targetHints":{"allow":["GET"]}}],"collection":[{"href":"https:\/\/iberoid-shop.com\/it\/wp-json\/wp\/v2\/product"}],"about":[{"href":"https:\/\/iberoid-shop.com\/it\/wp-json\/wp\/v2\/types\/product"}],"replies":[{"embeddable":true,"href":"https:\/\/iberoid-shop.com\/it\/wp-json\/wp\/v2\/comments?post=7524"}],"wp:featuredmedia":[{"embeddable":true,"href":"https:\/\/iberoid-shop.com\/it\/wp-json\/wp\/v2\/media\/7525"}],"wp:attachment":[{"href":"https:\/\/iberoid-shop.com\/it\/wp-json\/wp\/v2\/media?parent=7524"}],"wp:term":[{"taxonomy":"product_brand","embeddable":true,"href":"https:\/\/iberoid-shop.com\/it\/wp-json\/wp\/v2\/product_brand?post=7524"},{"taxonomy":"product_cat","embeddable":true,"href":"https:\/\/iberoid-shop.com\/it\/wp-json\/wp\/v2\/product_cat?post=7524"},{"taxonomy":"product_tag","embeddable":true,"href":"https:\/\/iberoid-shop.com\/it\/wp-json\/wp\/v2\/product_tag?post=7524"}],"curies":[{"name":"wp","href":"https:\/\/api.w.org\/{rel}","templated":true}]}}