{"id":7479,"date":"2022-03-21T20:43:43","date_gmt":"2022-03-21T20:43:43","guid":{"rendered":"https:\/\/iberoid-shop.com\/?post_type=product&#038;p=7479"},"modified":"2025-12-14T10:42:21","modified_gmt":"2025-12-14T10:42:21","slug":"anastrozol-1-mg-anastroged-epf-100-tablets","status":"publish","type":"product","link":"https:\/\/iberoid-shop.com\/it\/product\/anastrozol-1-mg-anastroged-epf-100-tablets\/","title":{"rendered":"anastrozol 1 mg &#8211; anastroged 100 tablets-EPF"},"content":{"rendered":"<p>Anastroged\u00a0\u00e8 un farmaco con effetto anti-estrogenico ed \u00e8 prodotto in compresse per somministrazione orale. Il principio attivo, Anastrozolo, viene utilizzato per eliminare le reazioni collaterali di natura estrogenica, come ginecomastia, ritenzione di liquidi nel corpo e altri. L&#8217;anastrozolo \u00e8 un potente agente con un&#8217;elevata attivit\u00e0 anti-estrogenica e supera molti farmaci di questo tipo. \u00c8 impossibile acquistare Anastrozolo in farmacia senza prescrizione medica, ma \u00e8 sempre disponibile per l&#8217;acquisto negli Stati Uniti sul nostro sito Web.<\/p>\n<p>L&#8217;efficacia di Anastrozolo<\/p>\n<p>Le principali propriet\u00e0 dell&#8217;Anastrozolo sono:<\/p>\n<p>Sopprime rapidamente l&#8217;aromatizzazione;<br \/>\nHa una potente propriet\u00e0 inibitoria;<br \/>\nSopprime pi\u00f9 della met\u00e0 degli estrogeni;<br \/>\nAumenta la produzione di testosterone naturale;<br \/>\nNon ha un effetto estrogenico e un effetto progestinico;<br \/>\nHa un alto assorbimento;<br \/>\nNon \u00e8 un farmaco steroideo.<br \/>\nCome usare Anastrozolo<\/p>\n<p>Il farmaco \u00e8 raccomandato per l&#8217;uso da parte di atleti esperti che usano lunghi cicli di steroidi ad alto dosaggio. Il farmaco non deve essere assunto dalle donne a causa di una possibile violazione del livello degli ormoni nel corpo, poich\u00e9 ci\u00f2 pu\u00f2 portare a notevoli problemi di salute.<\/p>\n<p>Anastrozolo pu\u00f2 essere assunto per scopi terapeutici alla dose di 0,25 mg al giorno o per eliminare gli effetti collaterali che si sono gi\u00e0 verificati dall&#8217;assunzione di farmaci steroidei. Il dosaggio giornaliero ottimale del farmaco va da 0,5 mg a 1 mg. Quando si assume questo farmaco, \u00e8 necessario escludere l&#8217;uso di alcol. Anastrozolo deve essere assunto a stomaco vuoto, lavato con abbondante acqua.<\/p>","protected":false},"excerpt":{"rendered":"<p>Anastroged\u00a0\u00e8 un farmaco con effetto anti-estrogenico ed \u00e8 prodotto in compresse per somministrazione orale. Il principio attivo, Anastrozolo, viene utilizzato<\/p>\n","protected":false},"featured_media":7480,"comment_status":"open","ping_status":"closed","template":"","meta":[],"product_brand":[],"product_cat":[73],"product_tag":[],"class_list":{"0":"post-7479","1":"product","2":"type-product","3":"status-publish","4":"has-post-thumbnail","6":"product_cat-ssteroides_orales","8":"first","9":"outofstock","10":"shipping-taxable","11":"purchasable","12":"product-type-simple"},"yoast_head":"<!-- This site is optimized with the Yoast SEO Premium plugin v24.4 (Yoast SEO v27.3) - https:\/\/yoast.com\/product\/yoast-seo-premium-wordpress\/ -->\n<title>anastrozol 1 mg - anastroged 100 tablets-EPF - Steroidi in linea<\/title>\n<meta name=\"description\" content=\"Anastroged (Anastrozolo) \u00e8 un potente antiestrogeno orale che riduce l\u2019aromatizzazione, aumenta il testosterone e previene gli effetti collaterali estrogenici.\" \/>\n<meta name=\"robots\" content=\"index, follow, max-snippet:-1, max-image-preview:large, max-video-preview:-1\" \/>\n<link rel=\"canonical\" href=\"https:\/\/iberoid-shop.com\/it\/product\/anastrozol-1-mg-anastroged-epf-100-tablets\/\" \/>\n<meta property=\"og:locale\" content=\"it_IT\" \/>\n<meta property=\"og:type\" content=\"article\" \/>\n<meta property=\"og:title\" content=\"anastrozol 1 mg - anastroged 100 tablets-EPF\" \/>\n<meta property=\"og:description\" content=\"Anastroged (Anastrozolo) \u00e8 un potente antiestrogeno orale che riduce l\u2019aromatizzazione, aumenta il testosterone e previene gli effetti collaterali estrogenici.\" \/>\n<meta property=\"og:url\" content=\"https:\/\/iberoid-shop.com\/it\/product\/anastrozol-1-mg-anastroged-epf-100-tablets\/\" \/>\n<meta property=\"og:site_name\" content=\"Steroidi in linea\" \/>\n<meta property=\"article:modified_time\" content=\"2025-12-14T10:42:21+00:00\" \/>\n<meta property=\"og:image\" content=\"https:\/\/iberoid-shop.com\/wp-content\/uploads\/2022\/03\/epf_anastroged-550x413w.jpg?v=1678119901\" \/>\n\t<meta property=\"og:image:width\" content=\"550\" \/>\n\t<meta property=\"og:image:height\" content=\"413\" \/>\n\t<meta property=\"og:image:type\" content=\"image\/jpeg\" \/>\n<meta name=\"twitter:card\" content=\"summary_large_image\" \/>\n<meta name=\"twitter:label1\" content=\"Prezzo\" \/>\n\t<meta name=\"twitter:data1\" content=\"&euro;60.00\" \/>\n\t<meta name=\"twitter:label2\" content=\"Disponibilit\u00e0\" \/>\n\t<meta name=\"twitter:data2\" content=\"Esaurito\" \/>\n<script type=\"application\/ld+json\" class=\"yoast-schema-graph\">{\"@context\":\"https:\\\/\\\/schema.org\",\"@graph\":[{\"@type\":\"WebPage\",\"@id\":\"https:\\\/\\\/iberoid-shop.com\\\/it\\\/product\\\/anastrozol-1-mg-anastroged-epf-100-tablets\\\/\",\"url\":\"https:\\\/\\\/iberoid-shop.com\\\/it\\\/product\\\/anastrozol-1-mg-anastroged-epf-100-tablets\\\/\",\"name\":\"anastrozol 1 mg - anastroged 100 tablets-EPF - Steroidi in linea\",\"isPartOf\":{\"@id\":\"https:\\\/\\\/iberoid-shop.com\\\/it\\\/#website\"},\"primaryImageOfPage\":{\"@id\":\"https:\\\/\\\/iberoid-shop.com\\\/it\\\/product\\\/anastrozol-1-mg-anastroged-epf-100-tablets\\\/#primaryimage\"},\"image\":{\"@id\":\"https:\\\/\\\/iberoid-shop.com\\\/it\\\/product\\\/anastrozol-1-mg-anastroged-epf-100-tablets\\\/#primaryimage\"},\"thumbnailUrl\":\"https:\\\/\\\/iberoid-shop.com\\\/wp-content\\\/uploads\\\/2022\\\/03\\\/epf_anastroged-550x413w.jpg?v=1678119901\",\"datePublished\":\"2022-03-21T20:43:43+00:00\",\"dateModified\":\"2025-12-14T10:42:21+00:00\",\"description\":\"Anastroged (Anastrozolo) \u00e8 un potente antiestrogeno orale che riduce l\u2019aromatizzazione, aumenta il testosterone e previene gli effetti collaterali estrogenici.\",\"breadcrumb\":{\"@id\":\"https:\\\/\\\/iberoid-shop.com\\\/it\\\/product\\\/anastrozol-1-mg-anastroged-epf-100-tablets\\\/#breadcrumb\"},\"inLanguage\":\"it-IT\",\"potentialAction\":[{\"@type\":\"ReadAction\",\"target\":[[\"https:\\\/\\\/iberoid-shop.com\\\/it\\\/product\\\/anastrozol-1-mg-anastroged-epf-100-tablets\\\/\"]]}]},{\"@type\":\"ImageObject\",\"inLanguage\":\"it-IT\",\"@id\":\"https:\\\/\\\/iberoid-shop.com\\\/it\\\/product\\\/anastrozol-1-mg-anastroged-epf-100-tablets\\\/#primaryimage\",\"url\":\"https:\\\/\\\/iberoid-shop.com\\\/wp-content\\\/uploads\\\/2022\\\/03\\\/epf_anastroged-550x413w.jpg?v=1678119901\",\"contentUrl\":\"https:\\\/\\\/iberoid-shop.com\\\/wp-content\\\/uploads\\\/2022\\\/03\\\/epf_anastroged-550x413w.jpg?v=1678119901\",\"width\":550,\"height\":413},{\"@type\":\"BreadcrumbList\",\"@id\":\"https:\\\/\\\/iberoid-shop.com\\\/it\\\/product\\\/anastrozol-1-mg-anastroged-epf-100-tablets\\\/#breadcrumb\",\"itemListElement\":[{\"@type\":\"ListItem\",\"position\":1,\"name\":\"Portada\",\"item\":\"https:\\\/\\\/iberoid-shop.com\\\/it\\\/\"},{\"@type\":\"ListItem\",\"position\":2,\"name\":\"Negozio\",\"item\":\"https:\\\/\\\/iberoid-shop.com\\\/it\\\/shop\\\/\"},{\"@type\":\"ListItem\",\"position\":3,\"name\":\"anastrozol 1 mg &#8211; anastroged 100 tablets-EPF\"}]},{\"@type\":\"WebSite\",\"@id\":\"https:\\\/\\\/iberoid-shop.com\\\/it\\\/#website\",\"url\":\"https:\\\/\\\/iberoid-shop.com\\\/it\\\/\",\"name\":\"Steroidi in linea\",\"description\":\"Acquista steroidi online oggi in Spagna e Portogallo. Abbiamo il miglior servizio clienti del settore e prodotti di altissima qualit\u00e0\",\"potentialAction\":[{\"@type\":\"SearchAction\",\"target\":{\"@type\":\"EntryPoint\",\"urlTemplate\":\"https:\\\/\\\/iberoid-shop.com\\\/it\\\/?s={search_term_string}\"},\"query-input\":{\"@type\":\"PropertyValueSpecification\",\"valueRequired\":true,\"valueName\":\"search_term_string\"}}],\"inLanguage\":\"it-IT\"}]}<\/script>\n<meta property=\"product:brand\" content=\"Euro Prime Pharmaceuticals (EPF)\" \/>\n<meta property=\"product:price:amount\" content=\"60.00\" \/>\n<meta property=\"product:price:currency\" content=\"EUR\" \/>\n<meta property=\"og:availability\" content=\"out of stock\" \/>\n<meta property=\"product:availability\" content=\"out of stock\" \/>\n<meta property=\"product:condition\" content=\"new\" \/>\n<!-- \/ Yoast SEO Premium plugin. -->","yoast_head_json":{"title":"anastrozol 1 mg - anastroged 100 tablets-EPF - Steroidi in linea","description":"Anastroged (Anastrozolo) \u00e8 un potente antiestrogeno orale che riduce l\u2019aromatizzazione, aumenta il testosterone e previene gli effetti collaterali estrogenici.","robots":{"index":"index","follow":"follow","max-snippet":"max-snippet:-1","max-image-preview":"max-image-preview:large","max-video-preview":"max-video-preview:-1"},"canonical":"https:\/\/iberoid-shop.com\/it\/product\/anastrozol-1-mg-anastroged-epf-100-tablets\/","og_locale":"it_IT","og_type":"article","og_title":"anastrozol 1 mg - anastroged 100 tablets-EPF","og_description":"Anastroged (Anastrozolo) \u00e8 un potente antiestrogeno orale che riduce l\u2019aromatizzazione, aumenta il testosterone e previene gli effetti collaterali estrogenici.","og_url":"https:\/\/iberoid-shop.com\/it\/product\/anastrozol-1-mg-anastroged-epf-100-tablets\/","og_site_name":"Steroidi in linea","article_modified_time":"2025-12-14T10:42:21+00:00","og_image":[{"width":550,"height":413,"url":"https:\/\/iberoid-shop.com\/wp-content\/uploads\/2022\/03\/epf_anastroged-550x413w.jpg?v=1678119901","type":"image\/jpeg"}],"twitter_card":"summary_large_image","twitter_misc":{"Prezzo":"&euro;60.00","Disponibilit\u00e0":"Esaurito"},"schema":{"@context":"https:\/\/schema.org","@graph":[{"@type":"WebPage","@id":"https:\/\/iberoid-shop.com\/it\/product\/anastrozol-1-mg-anastroged-epf-100-tablets\/","url":"https:\/\/iberoid-shop.com\/it\/product\/anastrozol-1-mg-anastroged-epf-100-tablets\/","name":"anastrozol 1 mg - anastroged 100 tablets-EPF - Steroidi in linea","isPartOf":{"@id":"https:\/\/iberoid-shop.com\/it\/#website"},"primaryImageOfPage":{"@id":"https:\/\/iberoid-shop.com\/it\/product\/anastrozol-1-mg-anastroged-epf-100-tablets\/#primaryimage"},"image":{"@id":"https:\/\/iberoid-shop.com\/it\/product\/anastrozol-1-mg-anastroged-epf-100-tablets\/#primaryimage"},"thumbnailUrl":"https:\/\/iberoid-shop.com\/wp-content\/uploads\/2022\/03\/epf_anastroged-550x413w.jpg?v=1678119901","datePublished":"2022-03-21T20:43:43+00:00","dateModified":"2025-12-14T10:42:21+00:00","description":"Anastroged (Anastrozolo) \u00e8 un potente antiestrogeno orale che riduce l\u2019aromatizzazione, aumenta il testosterone e previene gli effetti collaterali estrogenici.","breadcrumb":{"@id":"https:\/\/iberoid-shop.com\/it\/product\/anastrozol-1-mg-anastroged-epf-100-tablets\/#breadcrumb"},"inLanguage":"it-IT","potentialAction":[{"@type":"ReadAction","target":[["https:\/\/iberoid-shop.com\/it\/product\/anastrozol-1-mg-anastroged-epf-100-tablets\/"]]}]},{"@type":"ImageObject","inLanguage":"it-IT","@id":"https:\/\/iberoid-shop.com\/it\/product\/anastrozol-1-mg-anastroged-epf-100-tablets\/#primaryimage","url":"https:\/\/iberoid-shop.com\/wp-content\/uploads\/2022\/03\/epf_anastroged-550x413w.jpg?v=1678119901","contentUrl":"https:\/\/iberoid-shop.com\/wp-content\/uploads\/2022\/03\/epf_anastroged-550x413w.jpg?v=1678119901","width":550,"height":413},{"@type":"BreadcrumbList","@id":"https:\/\/iberoid-shop.com\/it\/product\/anastrozol-1-mg-anastroged-epf-100-tablets\/#breadcrumb","itemListElement":[{"@type":"ListItem","position":1,"name":"Portada","item":"https:\/\/iberoid-shop.com\/it\/"},{"@type":"ListItem","position":2,"name":"Negozio","item":"https:\/\/iberoid-shop.com\/it\/shop\/"},{"@type":"ListItem","position":3,"name":"anastrozol 1 mg &#8211; anastroged 100 tablets-EPF"}]},{"@type":"WebSite","@id":"https:\/\/iberoid-shop.com\/it\/#website","url":"https:\/\/iberoid-shop.com\/it\/","name":"Steroidi in linea","description":"Acquista steroidi online oggi in Spagna e Portogallo. Abbiamo il miglior servizio clienti del settore e prodotti di altissima qualit\u00e0","potentialAction":[{"@type":"SearchAction","target":{"@type":"EntryPoint","urlTemplate":"https:\/\/iberoid-shop.com\/it\/?s={search_term_string}"},"query-input":{"@type":"PropertyValueSpecification","valueRequired":true,"valueName":"search_term_string"}}],"inLanguage":"it-IT"}]},"product_brand":"Euro Prime Pharmaceuticals (EPF)","product_price_amount":"60.00","product_price_currency":"EUR","og_availability":"out of stock","product_availability":"out of stock","product_condition":"new"},"_links":{"self":[{"href":"https:\/\/iberoid-shop.com\/it\/wp-json\/wp\/v2\/product\/7479","targetHints":{"allow":["GET"]}}],"collection":[{"href":"https:\/\/iberoid-shop.com\/it\/wp-json\/wp\/v2\/product"}],"about":[{"href":"https:\/\/iberoid-shop.com\/it\/wp-json\/wp\/v2\/types\/product"}],"replies":[{"embeddable":true,"href":"https:\/\/iberoid-shop.com\/it\/wp-json\/wp\/v2\/comments?post=7479"}],"wp:featuredmedia":[{"embeddable":true,"href":"https:\/\/iberoid-shop.com\/it\/wp-json\/wp\/v2\/media\/7480"}],"wp:attachment":[{"href":"https:\/\/iberoid-shop.com\/it\/wp-json\/wp\/v2\/media?parent=7479"}],"wp:term":[{"taxonomy":"product_brand","embeddable":true,"href":"https:\/\/iberoid-shop.com\/it\/wp-json\/wp\/v2\/product_brand?post=7479"},{"taxonomy":"product_cat","embeddable":true,"href":"https:\/\/iberoid-shop.com\/it\/wp-json\/wp\/v2\/product_cat?post=7479"},{"taxonomy":"product_tag","embeddable":true,"href":"https:\/\/iberoid-shop.com\/it\/wp-json\/wp\/v2\/product_tag?post=7479"}],"curies":[{"name":"wp","href":"https:\/\/api.w.org\/{rel}","templated":true}]}}