{"id":7451,"date":"2022-03-16T13:46:01","date_gmt":"2022-03-16T13:46:01","guid":{"rendered":"https:\/\/iberoid-shop.com\/?post_type=product&#038;p=7451"},"modified":"2022-06-14T18:59:19","modified_gmt":"2022-06-14T18:59:19","slug":"stanozolol-injectable-cygnus","status":"publish","type":"product","link":"https:\/\/iberoid-shop.com\/it\/product\/stanozolol-injectable-cygnus\/","title":{"rendered":"Stanozolol Injectable"},"content":{"rendered":"<p>Stanozololo iniettabile<br \/>\nStanozolol pu\u00f2 aiutare a prevenire la distruzione del tessuto magro durante un ciclo di taglio. Tuttavia, pu\u00f2 anche avere il suo posto in un ciclo di carica se impilato con altri steroidi anabolizzanti.<br \/>\nDescrizione<br \/>\nLo stanozololo\u00a0(noto anche come winstrol) \u00e8 un derivato 17-alfa-alchilato del diidrotestosterone (DHT) con basse qualit\u00e0 androgene ma altamente anaboliche. \u00c8 stato sviluppato per la prima volta nel 1962 dalla societ\u00e0 farmaceutica globale americana Sterling-Winthrop Laboratories.<\/p>\n<p>Stanozolol\u00a0\u00e8 uno steroide anabolizzante. Penetrando nel nucleo cellulare, attiva l&#8217;apparato genetico della cellula, che porta ad un aumento della sintesi del DNA, dell&#8217;RNA e delle proteine \u200b\u200bstrutturali, dell&#8217;attivazione degli enzimi della catena respiratoria dei tessuti e dell&#8217;aumento della respirazione dei tessuti, della fosforilazione ossidativa, della sintesi di ATP e dell&#8217;accumulo di macroerg dentro la cella. Stimola l&#8217;anabolizzante e sopprime i processi catabolici causati dai glucocorticoidi. Porta ad un aumento della massa muscolare, riduzione dei depositi di grasso, migliora il trofismo tissutale, favorisce la deposizione di calcio nelle ossa, trattiene azoto, fosforo, zolfo, potassio, sodio e acqua nel corpo. L&#8217;azione ematopoietica \u00e8 associata ad un aumento della sintesi dell&#8217;eritropoietina.<\/p>","protected":false},"excerpt":{"rendered":"<p>Stanozololo iniettabile Stanozolol pu\u00f2 aiutare a prevenire la distruzione del tessuto magro durante un ciclo di taglio. Tuttavia, pu\u00f2 anche<\/p>\n","protected":false},"featured_media":7452,"comment_status":"open","ping_status":"closed","template":"","meta":[],"product_brand":[],"product_cat":[69],"product_tag":[],"class_list":{"0":"post-7451","1":"product","2":"type-product","3":"status-publish","4":"has-post-thumbnail","6":"product_cat-esteroides_inyectables","8":"first","9":"outofstock","10":"shipping-taxable","11":"purchasable","12":"product-type-simple"},"yoast_head":"<!-- This site is optimized with the Yoast SEO Premium plugin v24.4 (Yoast SEO v27.0) - https:\/\/yoast.com\/product\/yoast-seo-premium-wordpress\/ -->\n<title>Stanozolol Injectable - Steroidi in linea<\/title>\n<meta name=\"robots\" content=\"index, follow, max-snippet:-1, max-image-preview:large, max-video-preview:-1\" \/>\n<link rel=\"canonical\" href=\"https:\/\/iberoid-shop.com\/it\/product\/stanozolol-injectable-cygnus\/\" \/>\n<meta property=\"og:locale\" content=\"it_IT\" \/>\n<meta property=\"og:type\" content=\"article\" \/>\n<meta property=\"og:title\" content=\"Stanozolol Injectable\" \/>\n<meta property=\"og:description\" content=\"Stanozololo iniettabile Stanozolol pu\u00f2 aiutare a prevenire la distruzione del tessuto magro durante un ciclo di taglio. Tuttavia, pu\u00f2 anche\" \/>\n<meta property=\"og:url\" content=\"https:\/\/iberoid-shop.com\/it\/product\/stanozolol-injectable-cygnus\/\" \/>\n<meta property=\"og:site_name\" content=\"Steroidi in linea\" \/>\n<meta property=\"article:modified_time\" content=\"2022-06-14T18:59:19+00:00\" \/>\n<meta property=\"og:image\" content=\"https:\/\/iberoid-shop.com\/wp-content\/uploads\/2022\/03\/Stanozolol-50.jpg?v=1678119906\" \/>\n\t<meta property=\"og:image:width\" content=\"1000\" \/>\n\t<meta property=\"og:image:height\" content=\"698\" \/>\n\t<meta property=\"og:image:type\" content=\"image\/jpeg\" \/>\n<meta name=\"twitter:card\" content=\"summary_large_image\" \/>\n<meta name=\"twitter:label1\" content=\"Prezzo\" \/>\n\t<meta name=\"twitter:data1\" content=\"&euro;50.00\" \/>\n\t<meta name=\"twitter:label2\" content=\"Disponibilit\u00e0\" \/>\n\t<meta name=\"twitter:data2\" content=\"Esaurito\" \/>\n<script type=\"application\/ld+json\" class=\"yoast-schema-graph\">{\"@context\":\"https:\/\/schema.org\",\"@graph\":[{\"@type\":\"WebPage\",\"@id\":\"https:\/\/iberoid-shop.com\/it\/product\/stanozolol-injectable-cygnus\/\",\"url\":\"https:\/\/iberoid-shop.com\/it\/product\/stanozolol-injectable-cygnus\/\",\"name\":\"Stanozolol Injectable - Steroidi in linea\",\"isPartOf\":{\"@id\":\"https:\/\/iberoid-shop.com\/it\/#website\"},\"primaryImageOfPage\":{\"@id\":\"https:\/\/iberoid-shop.com\/it\/product\/stanozolol-injectable-cygnus\/#primaryimage\"},\"image\":{\"@id\":\"https:\/\/iberoid-shop.com\/it\/product\/stanozolol-injectable-cygnus\/#primaryimage\"},\"thumbnailUrl\":\"https:\/\/iberoid-shop.com\/wp-content\/uploads\/2022\/03\/Stanozolol-50.jpg?v=1678119906\",\"datePublished\":\"2022-03-16T13:46:01+00:00\",\"dateModified\":\"2022-06-14T18:59:19+00:00\",\"breadcrumb\":{\"@id\":\"https:\/\/iberoid-shop.com\/it\/product\/stanozolol-injectable-cygnus\/#breadcrumb\"},\"inLanguage\":\"it-IT\",\"potentialAction\":[{\"@type\":\"ReadAction\",\"target\":[[\"https:\/\/iberoid-shop.com\/it\/product\/stanozolol-injectable-cygnus\/\"]]}]},{\"@type\":\"ImageObject\",\"inLanguage\":\"it-IT\",\"@id\":\"https:\/\/iberoid-shop.com\/it\/product\/stanozolol-injectable-cygnus\/#primaryimage\",\"url\":\"https:\/\/iberoid-shop.com\/wp-content\/uploads\/2022\/03\/Stanozolol-50.jpg?v=1678119906\",\"contentUrl\":\"https:\/\/iberoid-shop.com\/wp-content\/uploads\/2022\/03\/Stanozolol-50.jpg?v=1678119906\",\"width\":1000,\"height\":698},{\"@type\":\"BreadcrumbList\",\"@id\":\"https:\/\/iberoid-shop.com\/it\/product\/stanozolol-injectable-cygnus\/#breadcrumb\",\"itemListElement\":[{\"@type\":\"ListItem\",\"position\":1,\"name\":\"Portada\",\"item\":\"https:\/\/iberoid-shop.com\/it\/\"},{\"@type\":\"ListItem\",\"position\":2,\"name\":\"Negozio\",\"item\":\"https:\/\/iberoid-shop.com\/it\/shop\/\"},{\"@type\":\"ListItem\",\"position\":3,\"name\":\"Stanozolol Injectable\"}]},{\"@type\":\"WebSite\",\"@id\":\"https:\/\/iberoid-shop.com\/it\/#website\",\"url\":\"https:\/\/iberoid-shop.com\/it\/\",\"name\":\"Steroidi in linea\",\"description\":\"Acquista steroidi online oggi in Spagna e Portogallo. Abbiamo il miglior servizio clienti del settore e prodotti di altissima qualit\u00e0\",\"potentialAction\":[{\"@type\":\"SearchAction\",\"target\":{\"@type\":\"EntryPoint\",\"urlTemplate\":\"https:\/\/iberoid-shop.com\/it\/?s={search_term_string}\"},\"query-input\":{\"@type\":\"PropertyValueSpecification\",\"valueRequired\":true,\"valueName\":\"search_term_string\"}}],\"inLanguage\":\"it-IT\"}]}<\/script>\n<meta property=\"product:brand\" content=\"Cygnus Pharmaceutical\" \/>\n<meta property=\"product:price:amount\" content=\"50.00\" \/>\n<meta property=\"product:price:currency\" content=\"EUR\" \/>\n<meta property=\"og:availability\" content=\"out of stock\" \/>\n<meta property=\"product:availability\" content=\"out of stock\" \/>\n<meta property=\"product:condition\" content=\"new\" \/>\n<!-- \/ Yoast SEO Premium plugin. -->","yoast_head_json":{"title":"Stanozolol Injectable - Steroidi in linea","robots":{"index":"index","follow":"follow","max-snippet":"max-snippet:-1","max-image-preview":"max-image-preview:large","max-video-preview":"max-video-preview:-1"},"canonical":"https:\/\/iberoid-shop.com\/it\/product\/stanozolol-injectable-cygnus\/","og_locale":"it_IT","og_type":"article","og_title":"Stanozolol Injectable","og_description":"Stanozololo iniettabile Stanozolol pu\u00f2 aiutare a prevenire la distruzione del tessuto magro durante un ciclo di taglio. Tuttavia, pu\u00f2 anche","og_url":"https:\/\/iberoid-shop.com\/it\/product\/stanozolol-injectable-cygnus\/","og_site_name":"Steroidi in linea","article_modified_time":"2022-06-14T18:59:19+00:00","og_image":[{"width":1000,"height":698,"url":"https:\/\/iberoid-shop.com\/wp-content\/uploads\/2022\/03\/Stanozolol-50.jpg?v=1678119906","type":"image\/jpeg"}],"twitter_card":"summary_large_image","twitter_misc":{"Prezzo":"&euro;50.00","Disponibilit\u00e0":"Esaurito"},"schema":{"@context":"https:\/\/schema.org","@graph":[{"@type":"WebPage","@id":"https:\/\/iberoid-shop.com\/it\/product\/stanozolol-injectable-cygnus\/","url":"https:\/\/iberoid-shop.com\/it\/product\/stanozolol-injectable-cygnus\/","name":"Stanozolol Injectable - Steroidi in linea","isPartOf":{"@id":"https:\/\/iberoid-shop.com\/it\/#website"},"primaryImageOfPage":{"@id":"https:\/\/iberoid-shop.com\/it\/product\/stanozolol-injectable-cygnus\/#primaryimage"},"image":{"@id":"https:\/\/iberoid-shop.com\/it\/product\/stanozolol-injectable-cygnus\/#primaryimage"},"thumbnailUrl":"https:\/\/iberoid-shop.com\/wp-content\/uploads\/2022\/03\/Stanozolol-50.jpg?v=1678119906","datePublished":"2022-03-16T13:46:01+00:00","dateModified":"2022-06-14T18:59:19+00:00","breadcrumb":{"@id":"https:\/\/iberoid-shop.com\/it\/product\/stanozolol-injectable-cygnus\/#breadcrumb"},"inLanguage":"it-IT","potentialAction":[{"@type":"ReadAction","target":[["https:\/\/iberoid-shop.com\/it\/product\/stanozolol-injectable-cygnus\/"]]}]},{"@type":"ImageObject","inLanguage":"it-IT","@id":"https:\/\/iberoid-shop.com\/it\/product\/stanozolol-injectable-cygnus\/#primaryimage","url":"https:\/\/iberoid-shop.com\/wp-content\/uploads\/2022\/03\/Stanozolol-50.jpg?v=1678119906","contentUrl":"https:\/\/iberoid-shop.com\/wp-content\/uploads\/2022\/03\/Stanozolol-50.jpg?v=1678119906","width":1000,"height":698},{"@type":"BreadcrumbList","@id":"https:\/\/iberoid-shop.com\/it\/product\/stanozolol-injectable-cygnus\/#breadcrumb","itemListElement":[{"@type":"ListItem","position":1,"name":"Portada","item":"https:\/\/iberoid-shop.com\/it\/"},{"@type":"ListItem","position":2,"name":"Negozio","item":"https:\/\/iberoid-shop.com\/it\/shop\/"},{"@type":"ListItem","position":3,"name":"Stanozolol Injectable"}]},{"@type":"WebSite","@id":"https:\/\/iberoid-shop.com\/it\/#website","url":"https:\/\/iberoid-shop.com\/it\/","name":"Steroidi in linea","description":"Acquista steroidi online oggi in Spagna e Portogallo. Abbiamo il miglior servizio clienti del settore e prodotti di altissima qualit\u00e0","potentialAction":[{"@type":"SearchAction","target":{"@type":"EntryPoint","urlTemplate":"https:\/\/iberoid-shop.com\/it\/?s={search_term_string}"},"query-input":{"@type":"PropertyValueSpecification","valueRequired":true,"valueName":"search_term_string"}}],"inLanguage":"it-IT"}]},"product_brand":"Cygnus Pharmaceutical","product_price_amount":"50.00","product_price_currency":"EUR","og_availability":"out of stock","product_availability":"out of stock","product_condition":"new"},"_links":{"self":[{"href":"https:\/\/iberoid-shop.com\/it\/wp-json\/wp\/v2\/product\/7451","targetHints":{"allow":["GET"]}}],"collection":[{"href":"https:\/\/iberoid-shop.com\/it\/wp-json\/wp\/v2\/product"}],"about":[{"href":"https:\/\/iberoid-shop.com\/it\/wp-json\/wp\/v2\/types\/product"}],"replies":[{"embeddable":true,"href":"https:\/\/iberoid-shop.com\/it\/wp-json\/wp\/v2\/comments?post=7451"}],"wp:featuredmedia":[{"embeddable":true,"href":"https:\/\/iberoid-shop.com\/it\/wp-json\/wp\/v2\/media\/7452"}],"wp:attachment":[{"href":"https:\/\/iberoid-shop.com\/it\/wp-json\/wp\/v2\/media?parent=7451"}],"wp:term":[{"taxonomy":"product_brand","embeddable":true,"href":"https:\/\/iberoid-shop.com\/it\/wp-json\/wp\/v2\/product_brand?post=7451"},{"taxonomy":"product_cat","embeddable":true,"href":"https:\/\/iberoid-shop.com\/it\/wp-json\/wp\/v2\/product_cat?post=7451"},{"taxonomy":"product_tag","embeddable":true,"href":"https:\/\/iberoid-shop.com\/it\/wp-json\/wp\/v2\/product_tag?post=7451"}],"curies":[{"name":"wp","href":"https:\/\/api.w.org\/{rel}","templated":true}]}}