{"id":7381,"date":"2022-03-04T20:16:49","date_gmt":"2022-03-04T20:16:49","guid":{"rendered":"https:\/\/iberoid-shop.com\/?post_type=product&#038;p=7381"},"modified":"2022-05-27T13:39:00","modified_gmt":"2022-05-27T13:39:00","slug":"sp-masteron-1ml-5-ampollas-caja","status":"publish","type":"product","link":"https:\/\/iberoid-shop.com\/it\/product\/sp-masteron-1ml-5-ampollas-caja\/","title":{"rendered":"Sp Masteron 100mg 10x1ml"},"content":{"rendered":"<p><strong>SP LABS MASTERON 100mg 10x1ml<\/strong><\/p>\n<p><strong>MASTERON, DROSTANOLON PROPIONATO<\/strong><\/p>\n<p>Masteron verr\u00e0 visualizzato nel modo pi\u00f9 efficiente durante un ciclo di taglio. Tuttavia, affinch\u00e9 gli effetti siano veramente apprezzati, l&#8217;individuo dovr\u00e0 essere estremamente magro. Questo \u00e8 il motivo per cui l&#8217;ormone si trova pi\u00f9 comunemente alla fine dei cicli di preparazione delle gare di bodybuilding poich\u00e9 l&#8217;individuo dovrebbe gi\u00e0 essere abbastanza magro in questa fase. Il Masteron aggiunto lo aiuter\u00e0 a perdere quell&#8217;ultimo pezzo di grasso che spesso resiste a vita alla fine di un ciclo. Garantir\u00e0 anche che il suo fisico appaia il pi\u00f9 duro possibile. Naturalmente, l&#8217;effetto anti-estrogenico migliorer\u00e0 semplicemente questo aspetto generale. Per coloro che non sono bodybuilder magri competitivi, \u00e8 possibile che gli effetti di Masteron non siano cos\u00ec evidenti. L&#8217;individuo che ha meno del 10% di grasso corporeo dovrebbe essere in grado di notare alcuni risultati e produrre un aspetto pi\u00f9 duro e asciutto, ma molto pi\u00f9 del 10% e gli effetti potrebbero non essere cos\u00ec pronunciati.<\/p>\n<p>In quanto potente androgeno, Masteron pu\u00f2 avvantaggiare l&#8217;atleta che cerca una spinta in forza. Questo pu\u00f2 essere uno steroide molto utile per un atleta che segue una dieta ipocalorica nel tentativo di mantenere un peso corporeo specifico necessario per la sua ricerca. L&#8217;individuo potrebbe facilmente godere di moderati aumenti di forza e un leggero miglioramento del recupero e della resistenza muscolare senza un aumento di peso corporeo indesiderato.<\/p>\n<p>Come agente di carica, gli effetti di Masteron si riveleranno piuttosto deboli. \u00c8 possibile che l&#8217;ormone possa fornire guadagni di massa simili a Primobolan Depot, che non sarebbe nemmeno cos\u00ec forte, se la dose totale fosse sufficientemente alta. Tuttavia, il relativo aumento di dimensioni sar\u00e0 molto moderato con molti steroidi anabolizzanti molto pi\u00f9 adatti per questo periodo di integrazione steroidea. Ci sono quelli che potrebbero voler includere Masteron in un piano di massa per i suoi effetti anti-estrogenici e di perdita di grasso. Quest&#8217;ultimo assicurerebbe che mantenessero il loro guadagno di grasso corporeo ridotto al minimo durante le fasi di carica fuori stagione, ma questo non \u00e8 un motivo sufficiente per usarlo in questa fase. Il grasso corporeo dovrebbe essere controllabile senza di esso. Per quanto riguarda gli effetti anti-estrogenici, i cicli fuori stagione sono normalmente costituiti da grandi quantit\u00e0 di attivit\u00e0 dell&#8217;aromatasi a causa di alte dosi di testosterone. L&#8217;attivit\u00e0 del progesterone \u00e8 anche comunemente elevata con l&#8217;aggiunta di composti di nandrolone e possibile trenbolone. Considera ulteriori Anadrol o Dianabol e questa attivit\u00e0 estrogenica pu\u00f2 diventare molto pronunciata. Sfortunatamente, pur possedendo effetti anti-estrogenici, Masteron non sar\u00e0 abbastanza forte per combattere questo livello di attivit\u00e0 estrogenica.<\/p>","protected":false},"excerpt":{"rendered":"<p>SP LABS MASTERON 100mg 10x1ml MASTERON, DROSTANOLON PROPIONATO Masteron verr\u00e0 visualizzato nel modo pi\u00f9 efficiente durante un ciclo di taglio.<\/p>\n","protected":false},"featured_media":7382,"comment_status":"open","ping_status":"closed","template":"","meta":[],"product_brand":[],"product_cat":[69],"product_tag":[],"class_list":{"0":"post-7381","1":"product","2":"type-product","3":"status-publish","4":"has-post-thumbnail","6":"product_cat-esteroides_inyectables","8":"first","9":"outofstock","10":"sale","11":"shipping-taxable","12":"purchasable","13":"product-type-simple"},"yoast_head":"<!-- This site is optimized with the Yoast SEO Premium plugin v24.4 (Yoast SEO v27.3) - https:\/\/yoast.com\/product\/yoast-seo-premium-wordpress\/ -->\n<title>Sp Masteron 100mg 10x1ml - Steroidi in linea<\/title>\n<meta name=\"robots\" content=\"index, follow, max-snippet:-1, max-image-preview:large, max-video-preview:-1\" \/>\n<link rel=\"canonical\" href=\"https:\/\/iberoid-shop.com\/it\/product\/sp-masteron-1ml-5-ampollas-caja\/\" \/>\n<meta property=\"og:locale\" content=\"it_IT\" \/>\n<meta property=\"og:type\" content=\"article\" \/>\n<meta property=\"og:title\" content=\"Sp Masteron 100mg 10x1ml\" \/>\n<meta property=\"og:description\" content=\"SP LABS MASTERON 100mg 10x1ml MASTERON, DROSTANOLON PROPIONATO Masteron verr\u00e0 visualizzato nel modo pi\u00f9 efficiente durante un ciclo di taglio.\" \/>\n<meta property=\"og:url\" content=\"https:\/\/iberoid-shop.com\/it\/product\/sp-masteron-1ml-5-ampollas-caja\/\" \/>\n<meta property=\"og:site_name\" content=\"Steroidi in linea\" \/>\n<meta property=\"article:modified_time\" content=\"2022-05-27T13:39:00+00:00\" \/>\n<meta property=\"og:image\" content=\"https:\/\/iberoid-shop.com\/wp-content\/uploads\/2022\/03\/SP-MASTERON-1ML-500x500-1.jpg?v=1678119914\" \/>\n\t<meta property=\"og:image:width\" content=\"500\" \/>\n\t<meta property=\"og:image:height\" content=\"500\" \/>\n\t<meta property=\"og:image:type\" content=\"image\/jpeg\" \/>\n<meta name=\"twitter:card\" content=\"summary_large_image\" \/>\n<meta name=\"twitter:label1\" content=\"Prezzo\" \/>\n\t<meta name=\"twitter:data1\" content=\"&euro;30.00\" \/>\n\t<meta name=\"twitter:label2\" content=\"Disponibilit\u00e0\" \/>\n\t<meta name=\"twitter:data2\" content=\"Esaurito\" \/>\n<script type=\"application\/ld+json\" class=\"yoast-schema-graph\">{\"@context\":\"https:\\\/\\\/schema.org\",\"@graph\":[{\"@type\":\"WebPage\",\"@id\":\"https:\\\/\\\/iberoid-shop.com\\\/it\\\/product\\\/sp-masteron-1ml-5-ampollas-caja\\\/\",\"url\":\"https:\\\/\\\/iberoid-shop.com\\\/it\\\/product\\\/sp-masteron-1ml-5-ampollas-caja\\\/\",\"name\":\"Sp Masteron 100mg 10x1ml - Steroidi in linea\",\"isPartOf\":{\"@id\":\"https:\\\/\\\/iberoid-shop.com\\\/it\\\/#website\"},\"primaryImageOfPage\":{\"@id\":\"https:\\\/\\\/iberoid-shop.com\\\/it\\\/product\\\/sp-masteron-1ml-5-ampollas-caja\\\/#primaryimage\"},\"image\":{\"@id\":\"https:\\\/\\\/iberoid-shop.com\\\/it\\\/product\\\/sp-masteron-1ml-5-ampollas-caja\\\/#primaryimage\"},\"thumbnailUrl\":\"https:\\\/\\\/iberoid-shop.com\\\/wp-content\\\/uploads\\\/2022\\\/03\\\/SP-MASTERON-1ML-500x500-1.jpg?v=1678119914\",\"datePublished\":\"2022-03-04T20:16:49+00:00\",\"dateModified\":\"2022-05-27T13:39:00+00:00\",\"breadcrumb\":{\"@id\":\"https:\\\/\\\/iberoid-shop.com\\\/it\\\/product\\\/sp-masteron-1ml-5-ampollas-caja\\\/#breadcrumb\"},\"inLanguage\":\"it-IT\",\"potentialAction\":[{\"@type\":\"ReadAction\",\"target\":[[\"https:\\\/\\\/iberoid-shop.com\\\/it\\\/product\\\/sp-masteron-1ml-5-ampollas-caja\\\/\"]]}]},{\"@type\":\"ImageObject\",\"inLanguage\":\"it-IT\",\"@id\":\"https:\\\/\\\/iberoid-shop.com\\\/it\\\/product\\\/sp-masteron-1ml-5-ampollas-caja\\\/#primaryimage\",\"url\":\"https:\\\/\\\/iberoid-shop.com\\\/wp-content\\\/uploads\\\/2022\\\/03\\\/SP-MASTERON-1ML-500x500-1.jpg?v=1678119914\",\"contentUrl\":\"https:\\\/\\\/iberoid-shop.com\\\/wp-content\\\/uploads\\\/2022\\\/03\\\/SP-MASTERON-1ML-500x500-1.jpg?v=1678119914\",\"width\":500,\"height\":500},{\"@type\":\"BreadcrumbList\",\"@id\":\"https:\\\/\\\/iberoid-shop.com\\\/it\\\/product\\\/sp-masteron-1ml-5-ampollas-caja\\\/#breadcrumb\",\"itemListElement\":[{\"@type\":\"ListItem\",\"position\":1,\"name\":\"Portada\",\"item\":\"https:\\\/\\\/iberoid-shop.com\\\/it\\\/\"},{\"@type\":\"ListItem\",\"position\":2,\"name\":\"Negozio\",\"item\":\"https:\\\/\\\/iberoid-shop.com\\\/it\\\/shop\\\/\"},{\"@type\":\"ListItem\",\"position\":3,\"name\":\"Sp Masteron 100mg 10x1ml\"}]},{\"@type\":\"WebSite\",\"@id\":\"https:\\\/\\\/iberoid-shop.com\\\/it\\\/#website\",\"url\":\"https:\\\/\\\/iberoid-shop.com\\\/it\\\/\",\"name\":\"Steroidi in linea\",\"description\":\"Acquista steroidi online oggi in Spagna e Portogallo. Abbiamo il miglior servizio clienti del settore e prodotti di altissima qualit\u00e0\",\"potentialAction\":[{\"@type\":\"SearchAction\",\"target\":{\"@type\":\"EntryPoint\",\"urlTemplate\":\"https:\\\/\\\/iberoid-shop.com\\\/it\\\/?s={search_term_string}\"},\"query-input\":{\"@type\":\"PropertyValueSpecification\",\"valueRequired\":true,\"valueName\":\"search_term_string\"}}],\"inLanguage\":\"it-IT\"}]}<\/script>\n<meta property=\"product:brand\" content=\"SP Laboratories\" \/>\n<meta property=\"product:price:amount\" content=\"30.00\" \/>\n<meta property=\"product:price:currency\" content=\"EUR\" \/>\n<meta property=\"og:availability\" content=\"out of stock\" \/>\n<meta property=\"product:availability\" content=\"out of stock\" \/>\n<meta property=\"product:condition\" content=\"new\" \/>\n<!-- \/ Yoast SEO Premium plugin. -->","yoast_head_json":{"title":"Sp Masteron 100mg 10x1ml - Steroidi in linea","robots":{"index":"index","follow":"follow","max-snippet":"max-snippet:-1","max-image-preview":"max-image-preview:large","max-video-preview":"max-video-preview:-1"},"canonical":"https:\/\/iberoid-shop.com\/it\/product\/sp-masteron-1ml-5-ampollas-caja\/","og_locale":"it_IT","og_type":"article","og_title":"Sp Masteron 100mg 10x1ml","og_description":"SP LABS MASTERON 100mg 10x1ml MASTERON, DROSTANOLON PROPIONATO Masteron verr\u00e0 visualizzato nel modo pi\u00f9 efficiente durante un ciclo di taglio.","og_url":"https:\/\/iberoid-shop.com\/it\/product\/sp-masteron-1ml-5-ampollas-caja\/","og_site_name":"Steroidi in linea","article_modified_time":"2022-05-27T13:39:00+00:00","og_image":[{"width":500,"height":500,"url":"https:\/\/iberoid-shop.com\/wp-content\/uploads\/2022\/03\/SP-MASTERON-1ML-500x500-1.jpg?v=1678119914","type":"image\/jpeg"}],"twitter_card":"summary_large_image","twitter_misc":{"Prezzo":"&euro;30.00","Disponibilit\u00e0":"Esaurito"},"schema":{"@context":"https:\/\/schema.org","@graph":[{"@type":"WebPage","@id":"https:\/\/iberoid-shop.com\/it\/product\/sp-masteron-1ml-5-ampollas-caja\/","url":"https:\/\/iberoid-shop.com\/it\/product\/sp-masteron-1ml-5-ampollas-caja\/","name":"Sp Masteron 100mg 10x1ml - Steroidi in linea","isPartOf":{"@id":"https:\/\/iberoid-shop.com\/it\/#website"},"primaryImageOfPage":{"@id":"https:\/\/iberoid-shop.com\/it\/product\/sp-masteron-1ml-5-ampollas-caja\/#primaryimage"},"image":{"@id":"https:\/\/iberoid-shop.com\/it\/product\/sp-masteron-1ml-5-ampollas-caja\/#primaryimage"},"thumbnailUrl":"https:\/\/iberoid-shop.com\/wp-content\/uploads\/2022\/03\/SP-MASTERON-1ML-500x500-1.jpg?v=1678119914","datePublished":"2022-03-04T20:16:49+00:00","dateModified":"2022-05-27T13:39:00+00:00","breadcrumb":{"@id":"https:\/\/iberoid-shop.com\/it\/product\/sp-masteron-1ml-5-ampollas-caja\/#breadcrumb"},"inLanguage":"it-IT","potentialAction":[{"@type":"ReadAction","target":[["https:\/\/iberoid-shop.com\/it\/product\/sp-masteron-1ml-5-ampollas-caja\/"]]}]},{"@type":"ImageObject","inLanguage":"it-IT","@id":"https:\/\/iberoid-shop.com\/it\/product\/sp-masteron-1ml-5-ampollas-caja\/#primaryimage","url":"https:\/\/iberoid-shop.com\/wp-content\/uploads\/2022\/03\/SP-MASTERON-1ML-500x500-1.jpg?v=1678119914","contentUrl":"https:\/\/iberoid-shop.com\/wp-content\/uploads\/2022\/03\/SP-MASTERON-1ML-500x500-1.jpg?v=1678119914","width":500,"height":500},{"@type":"BreadcrumbList","@id":"https:\/\/iberoid-shop.com\/it\/product\/sp-masteron-1ml-5-ampollas-caja\/#breadcrumb","itemListElement":[{"@type":"ListItem","position":1,"name":"Portada","item":"https:\/\/iberoid-shop.com\/it\/"},{"@type":"ListItem","position":2,"name":"Negozio","item":"https:\/\/iberoid-shop.com\/it\/shop\/"},{"@type":"ListItem","position":3,"name":"Sp Masteron 100mg 10x1ml"}]},{"@type":"WebSite","@id":"https:\/\/iberoid-shop.com\/it\/#website","url":"https:\/\/iberoid-shop.com\/it\/","name":"Steroidi in linea","description":"Acquista steroidi online oggi in Spagna e Portogallo. Abbiamo il miglior servizio clienti del settore e prodotti di altissima qualit\u00e0","potentialAction":[{"@type":"SearchAction","target":{"@type":"EntryPoint","urlTemplate":"https:\/\/iberoid-shop.com\/it\/?s={search_term_string}"},"query-input":{"@type":"PropertyValueSpecification","valueRequired":true,"valueName":"search_term_string"}}],"inLanguage":"it-IT"}]},"product_brand":"SP Laboratories","product_price_amount":"30.00","product_price_currency":"EUR","og_availability":"out of stock","product_availability":"out of stock","product_condition":"new"},"_links":{"self":[{"href":"https:\/\/iberoid-shop.com\/it\/wp-json\/wp\/v2\/product\/7381","targetHints":{"allow":["GET"]}}],"collection":[{"href":"https:\/\/iberoid-shop.com\/it\/wp-json\/wp\/v2\/product"}],"about":[{"href":"https:\/\/iberoid-shop.com\/it\/wp-json\/wp\/v2\/types\/product"}],"replies":[{"embeddable":true,"href":"https:\/\/iberoid-shop.com\/it\/wp-json\/wp\/v2\/comments?post=7381"}],"wp:featuredmedia":[{"embeddable":true,"href":"https:\/\/iberoid-shop.com\/it\/wp-json\/wp\/v2\/media\/7382"}],"wp:attachment":[{"href":"https:\/\/iberoid-shop.com\/it\/wp-json\/wp\/v2\/media?parent=7381"}],"wp:term":[{"taxonomy":"product_brand","embeddable":true,"href":"https:\/\/iberoid-shop.com\/it\/wp-json\/wp\/v2\/product_brand?post=7381"},{"taxonomy":"product_cat","embeddable":true,"href":"https:\/\/iberoid-shop.com\/it\/wp-json\/wp\/v2\/product_cat?post=7381"},{"taxonomy":"product_tag","embeddable":true,"href":"https:\/\/iberoid-shop.com\/it\/wp-json\/wp\/v2\/product_tag?post=7381"}],"curies":[{"name":"wp","href":"https:\/\/api.w.org\/{rel}","templated":true}]}}