{"id":7379,"date":"2022-03-04T20:12:04","date_gmt":"2022-03-04T20:12:04","guid":{"rendered":"https:\/\/iberoid-shop.com\/?post_type=product&#038;p=7379"},"modified":"2022-05-27T13:39:00","modified_gmt":"2022-05-27T13:39:00","slug":"strombaject-10ml-balkan-pharmaceuticals","status":"publish","type":"product","link":"https:\/\/iberoid-shop.com\/it\/product\/strombaject-10ml-balkan-pharmaceuticals\/","title":{"rendered":"Strombaject Aqua"},"content":{"rendered":"<p><strong>Strombaject<\/strong> \u00e8 un potente farmaco androgeno-anabolizzante con una breve durata d&#8217;azione. Efficace per un ciclo di asciugatura, grazie al quale Winstrol \u00e8 consigliato per l&#8217;acquisto dagli atleti di bodybuilding pi\u00f9 esperti.<\/p>\n<p><strong>Caratteristiche del farmaco<\/strong><\/p>\n<p>L&#8217;azienda farmaceutica sportiva Balkan della Moldova \u00e8 uno dei migliori produttori di steroidi. Strombaject aqua \u00e8 un preparato veloce e potente con un&#8217;elevata attivit\u00e0 anabolica e una bassa attivit\u00e0 androgenica. Disponibile in flacone da 10 ml. 1 ml contiene 50 mg di principio attivo. \u00c8 una sospensione acquosa per iniezione intramuscolare.<\/p>\n<p><strong>Stoccaggio domestico<\/strong><\/p>\n<p>\u00c8 meglio conservare lo steroide in frigorifero a 2-8 gradi centigradi. Prima dell&#8217;iniezione, la soluzione viene portata a temperatura ambiente. Non congelare. Se la conservazione non avviene in frigorifero, \u00e8 necessario in un luogo buio e asciutto a una temperatura non superiore a 25 \u00b0C.<\/p>\n<p><strong>Effetto farmacologico<\/strong><\/p>\n<p>Anabolic ha una breve emivita. Per mantenere una concentrazione elevata a un livello costante, \u00e8 necessario iniettare uno steroide ogni giorno.<\/p>\n<p><strong>Strombaject aqua<\/strong> non ha alcun effetto sull&#8217;aumento della crescita delle fibre muscolari. L&#8217;azione del farmaco \u00e8 mirata a bruciare il peso in eccesso, la manifestazione del tracciamento dei muscoli, tutto per un&#8217;essiccazione di alta qualit\u00e0.<\/p>\n<p><strong>Effetto dell&#8217;applicazione<\/strong><br \/>\nSollievo;<br \/>\nAsciugare il corpo;<br \/>\nRimozione del liquido in eccesso;<br \/>\nAumento dell&#8217;appetito;<br \/>\nAumento della forza fisica e della resistenza.<\/p>\n<p><strong>Effetti collaterali<\/strong><\/p>\n<p>Lo steroide non aromatizza, cio\u00e8 non subisce la conversione in estrogeni. Ma pu\u00f2 mostrare androgeni e altri effetti collaterali:<\/p>\n<p>Alta pressione sanguigna;<br \/>\nColesterolo alto;<br \/>\nDolore da iniezioni;<br \/>\nDolori articolari;<br \/>\nCalvizie;<br \/>\nAcne;<br \/>\nSoppressione della secrezione di testosterone.<\/p>\n<p><strong>Applicazione<\/strong><\/p>\n<p>Somministrare un&#8217;iniezione di Winstrol 30-50 mg al giorno. Il corso dura 4-6 settimane.<\/p>","protected":false},"excerpt":{"rendered":"<p>Strombaject \u00e8 un potente farmaco androgeno-anabolizzante con una breve durata d&#8217;azione. Efficace per un ciclo di asciugatura, grazie al quale<\/p>\n","protected":false},"featured_media":7380,"comment_status":"open","ping_status":"closed","template":"","meta":[],"product_brand":[],"product_cat":[69],"product_tag":[],"class_list":{"0":"post-7379","1":"product","2":"type-product","3":"status-publish","4":"has-post-thumbnail","6":"product_cat-esteroides_inyectables","8":"first","9":"outofstock","10":"sale","11":"shipping-taxable","12":"purchasable","13":"product-type-simple"},"yoast_head":"<!-- This site is optimized with the Yoast SEO Premium plugin v24.4 (Yoast SEO v27.3) - https:\/\/yoast.com\/product\/yoast-seo-premium-wordpress\/ -->\n<title>Strombaject Aqua - Steroidi in linea<\/title>\n<meta name=\"robots\" content=\"index, follow, max-snippet:-1, max-image-preview:large, max-video-preview:-1\" \/>\n<link rel=\"canonical\" href=\"https:\/\/iberoid-shop.com\/it\/product\/strombaject-10ml-balkan-pharmaceuticals\/\" \/>\n<meta property=\"og:locale\" content=\"it_IT\" \/>\n<meta property=\"og:type\" content=\"article\" \/>\n<meta property=\"og:title\" content=\"Strombaject Aqua\" \/>\n<meta property=\"og:description\" content=\"Strombaject \u00e8 un potente farmaco androgeno-anabolizzante con una breve durata d&#8217;azione. Efficace per un ciclo di asciugatura, grazie al quale\" \/>\n<meta property=\"og:url\" content=\"https:\/\/iberoid-shop.com\/it\/product\/strombaject-10ml-balkan-pharmaceuticals\/\" \/>\n<meta property=\"og:site_name\" content=\"Steroidi in linea\" \/>\n<meta property=\"article:modified_time\" content=\"2022-05-27T13:39:00+00:00\" \/>\n<meta property=\"og:image\" content=\"https:\/\/iberoid-shop.com\/wp-content\/uploads\/2022\/03\/STRMB.jpg?v=1678119914\" \/>\n\t<meta property=\"og:image:width\" content=\"768\" \/>\n\t<meta property=\"og:image:height\" content=\"768\" \/>\n\t<meta property=\"og:image:type\" content=\"image\/jpeg\" \/>\n<meta name=\"twitter:card\" content=\"summary_large_image\" \/>\n<meta name=\"twitter:label1\" content=\"Prezzo\" \/>\n\t<meta name=\"twitter:data1\" content=\"&euro;50.00\" \/>\n\t<meta name=\"twitter:label2\" content=\"Disponibilit\u00e0\" \/>\n\t<meta name=\"twitter:data2\" content=\"Esaurito\" \/>\n<script type=\"application\/ld+json\" class=\"yoast-schema-graph\">{\"@context\":\"https:\\\/\\\/schema.org\",\"@graph\":[{\"@type\":\"WebPage\",\"@id\":\"https:\\\/\\\/iberoid-shop.com\\\/it\\\/product\\\/strombaject-10ml-balkan-pharmaceuticals\\\/\",\"url\":\"https:\\\/\\\/iberoid-shop.com\\\/it\\\/product\\\/strombaject-10ml-balkan-pharmaceuticals\\\/\",\"name\":\"Strombaject Aqua - Steroidi in linea\",\"isPartOf\":{\"@id\":\"https:\\\/\\\/iberoid-shop.com\\\/it\\\/#website\"},\"primaryImageOfPage\":{\"@id\":\"https:\\\/\\\/iberoid-shop.com\\\/it\\\/product\\\/strombaject-10ml-balkan-pharmaceuticals\\\/#primaryimage\"},\"image\":{\"@id\":\"https:\\\/\\\/iberoid-shop.com\\\/it\\\/product\\\/strombaject-10ml-balkan-pharmaceuticals\\\/#primaryimage\"},\"thumbnailUrl\":\"https:\\\/\\\/iberoid-shop.com\\\/wp-content\\\/uploads\\\/2022\\\/03\\\/STRMB.jpg?v=1678119914\",\"datePublished\":\"2022-03-04T20:12:04+00:00\",\"dateModified\":\"2022-05-27T13:39:00+00:00\",\"breadcrumb\":{\"@id\":\"https:\\\/\\\/iberoid-shop.com\\\/it\\\/product\\\/strombaject-10ml-balkan-pharmaceuticals\\\/#breadcrumb\"},\"inLanguage\":\"it-IT\",\"potentialAction\":[{\"@type\":\"ReadAction\",\"target\":[[\"https:\\\/\\\/iberoid-shop.com\\\/it\\\/product\\\/strombaject-10ml-balkan-pharmaceuticals\\\/\"]]}]},{\"@type\":\"ImageObject\",\"inLanguage\":\"it-IT\",\"@id\":\"https:\\\/\\\/iberoid-shop.com\\\/it\\\/product\\\/strombaject-10ml-balkan-pharmaceuticals\\\/#primaryimage\",\"url\":\"https:\\\/\\\/iberoid-shop.com\\\/wp-content\\\/uploads\\\/2022\\\/03\\\/STRMB.jpg?v=1678119914\",\"contentUrl\":\"https:\\\/\\\/iberoid-shop.com\\\/wp-content\\\/uploads\\\/2022\\\/03\\\/STRMB.jpg?v=1678119914\",\"width\":768,\"height\":768},{\"@type\":\"BreadcrumbList\",\"@id\":\"https:\\\/\\\/iberoid-shop.com\\\/it\\\/product\\\/strombaject-10ml-balkan-pharmaceuticals\\\/#breadcrumb\",\"itemListElement\":[{\"@type\":\"ListItem\",\"position\":1,\"name\":\"Portada\",\"item\":\"https:\\\/\\\/iberoid-shop.com\\\/it\\\/\"},{\"@type\":\"ListItem\",\"position\":2,\"name\":\"Negozio\",\"item\":\"https:\\\/\\\/iberoid-shop.com\\\/it\\\/shop\\\/\"},{\"@type\":\"ListItem\",\"position\":3,\"name\":\"Strombaject Aqua\"}]},{\"@type\":\"WebSite\",\"@id\":\"https:\\\/\\\/iberoid-shop.com\\\/it\\\/#website\",\"url\":\"https:\\\/\\\/iberoid-shop.com\\\/it\\\/\",\"name\":\"Steroidi in linea\",\"description\":\"Acquista steroidi online oggi in Spagna e Portogallo. Abbiamo il miglior servizio clienti del settore e prodotti di altissima qualit\u00e0\",\"potentialAction\":[{\"@type\":\"SearchAction\",\"target\":{\"@type\":\"EntryPoint\",\"urlTemplate\":\"https:\\\/\\\/iberoid-shop.com\\\/it\\\/?s={search_term_string}\"},\"query-input\":{\"@type\":\"PropertyValueSpecification\",\"valueRequired\":true,\"valueName\":\"search_term_string\"}}],\"inLanguage\":\"it-IT\"}]}<\/script>\n<meta property=\"product:brand\" content=\"Balkan Pharmaceuticals\" \/>\n<meta property=\"product:price:amount\" content=\"50.00\" \/>\n<meta property=\"product:price:currency\" content=\"EUR\" \/>\n<meta property=\"og:availability\" content=\"out of stock\" \/>\n<meta property=\"product:availability\" content=\"out of stock\" \/>\n<meta property=\"product:condition\" content=\"new\" \/>\n<!-- \/ Yoast SEO Premium plugin. -->","yoast_head_json":{"title":"Strombaject Aqua - Steroidi in linea","robots":{"index":"index","follow":"follow","max-snippet":"max-snippet:-1","max-image-preview":"max-image-preview:large","max-video-preview":"max-video-preview:-1"},"canonical":"https:\/\/iberoid-shop.com\/it\/product\/strombaject-10ml-balkan-pharmaceuticals\/","og_locale":"it_IT","og_type":"article","og_title":"Strombaject Aqua","og_description":"Strombaject \u00e8 un potente farmaco androgeno-anabolizzante con una breve durata d&#8217;azione. Efficace per un ciclo di asciugatura, grazie al quale","og_url":"https:\/\/iberoid-shop.com\/it\/product\/strombaject-10ml-balkan-pharmaceuticals\/","og_site_name":"Steroidi in linea","article_modified_time":"2022-05-27T13:39:00+00:00","og_image":[{"width":768,"height":768,"url":"https:\/\/iberoid-shop.com\/wp-content\/uploads\/2022\/03\/STRMB.jpg?v=1678119914","type":"image\/jpeg"}],"twitter_card":"summary_large_image","twitter_misc":{"Prezzo":"&euro;50.00","Disponibilit\u00e0":"Esaurito"},"schema":{"@context":"https:\/\/schema.org","@graph":[{"@type":"WebPage","@id":"https:\/\/iberoid-shop.com\/it\/product\/strombaject-10ml-balkan-pharmaceuticals\/","url":"https:\/\/iberoid-shop.com\/it\/product\/strombaject-10ml-balkan-pharmaceuticals\/","name":"Strombaject Aqua - Steroidi in linea","isPartOf":{"@id":"https:\/\/iberoid-shop.com\/it\/#website"},"primaryImageOfPage":{"@id":"https:\/\/iberoid-shop.com\/it\/product\/strombaject-10ml-balkan-pharmaceuticals\/#primaryimage"},"image":{"@id":"https:\/\/iberoid-shop.com\/it\/product\/strombaject-10ml-balkan-pharmaceuticals\/#primaryimage"},"thumbnailUrl":"https:\/\/iberoid-shop.com\/wp-content\/uploads\/2022\/03\/STRMB.jpg?v=1678119914","datePublished":"2022-03-04T20:12:04+00:00","dateModified":"2022-05-27T13:39:00+00:00","breadcrumb":{"@id":"https:\/\/iberoid-shop.com\/it\/product\/strombaject-10ml-balkan-pharmaceuticals\/#breadcrumb"},"inLanguage":"it-IT","potentialAction":[{"@type":"ReadAction","target":[["https:\/\/iberoid-shop.com\/it\/product\/strombaject-10ml-balkan-pharmaceuticals\/"]]}]},{"@type":"ImageObject","inLanguage":"it-IT","@id":"https:\/\/iberoid-shop.com\/it\/product\/strombaject-10ml-balkan-pharmaceuticals\/#primaryimage","url":"https:\/\/iberoid-shop.com\/wp-content\/uploads\/2022\/03\/STRMB.jpg?v=1678119914","contentUrl":"https:\/\/iberoid-shop.com\/wp-content\/uploads\/2022\/03\/STRMB.jpg?v=1678119914","width":768,"height":768},{"@type":"BreadcrumbList","@id":"https:\/\/iberoid-shop.com\/it\/product\/strombaject-10ml-balkan-pharmaceuticals\/#breadcrumb","itemListElement":[{"@type":"ListItem","position":1,"name":"Portada","item":"https:\/\/iberoid-shop.com\/it\/"},{"@type":"ListItem","position":2,"name":"Negozio","item":"https:\/\/iberoid-shop.com\/it\/shop\/"},{"@type":"ListItem","position":3,"name":"Strombaject Aqua"}]},{"@type":"WebSite","@id":"https:\/\/iberoid-shop.com\/it\/#website","url":"https:\/\/iberoid-shop.com\/it\/","name":"Steroidi in linea","description":"Acquista steroidi online oggi in Spagna e Portogallo. Abbiamo il miglior servizio clienti del settore e prodotti di altissima qualit\u00e0","potentialAction":[{"@type":"SearchAction","target":{"@type":"EntryPoint","urlTemplate":"https:\/\/iberoid-shop.com\/it\/?s={search_term_string}"},"query-input":{"@type":"PropertyValueSpecification","valueRequired":true,"valueName":"search_term_string"}}],"inLanguage":"it-IT"}]},"product_brand":"Balkan Pharmaceuticals","product_price_amount":"50.00","product_price_currency":"EUR","og_availability":"out of stock","product_availability":"out of stock","product_condition":"new"},"_links":{"self":[{"href":"https:\/\/iberoid-shop.com\/it\/wp-json\/wp\/v2\/product\/7379","targetHints":{"allow":["GET"]}}],"collection":[{"href":"https:\/\/iberoid-shop.com\/it\/wp-json\/wp\/v2\/product"}],"about":[{"href":"https:\/\/iberoid-shop.com\/it\/wp-json\/wp\/v2\/types\/product"}],"replies":[{"embeddable":true,"href":"https:\/\/iberoid-shop.com\/it\/wp-json\/wp\/v2\/comments?post=7379"}],"wp:featuredmedia":[{"embeddable":true,"href":"https:\/\/iberoid-shop.com\/it\/wp-json\/wp\/v2\/media\/7380"}],"wp:attachment":[{"href":"https:\/\/iberoid-shop.com\/it\/wp-json\/wp\/v2\/media?parent=7379"}],"wp:term":[{"taxonomy":"product_brand","embeddable":true,"href":"https:\/\/iberoid-shop.com\/it\/wp-json\/wp\/v2\/product_brand?post=7379"},{"taxonomy":"product_cat","embeddable":true,"href":"https:\/\/iberoid-shop.com\/it\/wp-json\/wp\/v2\/product_cat?post=7379"},{"taxonomy":"product_tag","embeddable":true,"href":"https:\/\/iberoid-shop.com\/it\/wp-json\/wp\/v2\/product_tag?post=7379"}],"curies":[{"name":"wp","href":"https:\/\/api.w.org\/{rel}","templated":true}]}}