{"id":7377,"date":"2022-03-04T20:08:45","date_gmt":"2022-03-04T20:08:45","guid":{"rendered":"https:\/\/iberoid-shop.com\/?post_type=product&#038;p=7377"},"modified":"2023-08-12T15:27:59","modified_gmt":"2023-08-12T15:27:59","slug":"methandriol-dipropionate-75-mg-ml-10-ml-sp-laboratories","status":"publish","type":"product","link":"https:\/\/iberoid-shop.com\/it\/product\/methandriol-dipropionate-75-mg-ml-10-ml-sp-laboratories\/","title":{"rendered":"SP Methandriol 75mg"},"content":{"rendered":"<p>Methandriol 75mg\/ml (Methandriol Dipropionate) \u00e8 una forma del Methandriol dipropionato disciolto in acqua, ma Methandriol Dipropionate rimane efficace per un periodo di tempo pi\u00f9 lungo. Da un lato, il methandriolo dipropionato pu\u00f2 essere sciolto nell&#8217;olio a scopo iniettabile e, dall&#8217;altro, il methandriolo dipropionato \u00e8 prodotto sotto forma di compresse poich\u00e9 \u00e8 efficace anche se assunto per via orale SP Methandriol 75mg\/ml (Methandriol Dipropionate) ha un forte anabolico e componente androgena in modo che sia adatto per l&#8217;accumulo di forza e massa muscolare. L&#8217;effetto pu\u00f2 essere paragonato a un incrocio tra Deca-Durabolin e Testosterone enantato. Come il testosterone, contribuisce ad aumentare sia la forza che i muscoli ma non trattiene pi\u00f9 acqua del Deca-Durabolin.<\/p>\n<p>I migliori risultati possono essere ottenuti, tuttavia, se Mehandriol 75 mg\/ml\u00a0non viene assunto da solo ma in combinazione con un altro steroide. Questo perch\u00e9 SP Methanriol 75mg\/ml \u00e8 in grado di amplificare gli effetti di altri composti steroidei. Lo fa sensibilizzando sempre pi\u00f9 i recettori androgeni della cellula muscolare, consentendo a una quantit\u00e0 maggiore di molecole di steroidi degli steroidi assunti in aggiunta di essere assorbita dai recettori. Questo spiega anche perch\u00e9 SP Methandriol 75mg\/ml (Methandriol Dipropionate) iniettabile oggi \u00e8 disponibile solo come composto combinato con una sostanza steroidea aggiuntivaMethandriol 75mg\/ml (Methandriol Dipropionate) \u00e8 disponibile solo negli steroidi veterinari australiani Drive, Spectriol, Geldabol e Filibol Forte in modo che l&#8217;approvvigionamento del composto sia difficile.<\/p>\n<p>I pochi atleti che usano questo farmaco riferiscono buoni guadagni di forza, un solido guadagno muscolare e una bassa ritenzione idrica. Gli steroidi combinati aromatizzano solo leggermente, quindi, quando si assume solo SP Methandriol 75 mg\/ml (Methandriol Dipropionate), l&#8217;uso di antiestrogeni \u00e8 forse appropriato. La forma iniettabile \u00e8 solo leggermente tossica.<\/p>\n<p>Il dosaggio abituale per gli atleti \u00e8 di 100 mg ogni 2-3 giorni. In Europa \u00e8 disponibile solo la forma orale di SP Methandriol 75mg\/ml (Methandriol Dipropionate). Anche in questo caso \u00e8 utile combinare M.D. con un altro steroide, preferibilmente iniettabile. La dose giornaliera normale \u00e8 di 40-60 mg e viene solitamente assunta in 2-3 dosi individuali distribuite nell&#8217;arco di un giorno. Le compresse vengono generalmente assunte solo per 4-6 settimane poich\u00e9 l&#8217;effetto diminuisce rapidamente, richiedendo quindi dosaggi pi\u00f9 elevati. Sono inoltre I 7-alfa alchilati quindi anche un basso dosaggio e una breve assunzione possono essere dannosi per il fegato. A causa del suo effetto androgeno, le donne usano raramente SP Methanriol 75 mg\/ml (Methandriol Dipropionate) Possibili effetti collaterali della forma della compressa possono essere livelli elevati di tossine epatiche, dolore gastrointestinale, acne, ginecomastia,<\/p>","protected":false},"excerpt":{"rendered":"<p>Methandriol 75mg\/ml (Methandriol Dipropionate) \u00e8 una forma del Methandriol dipropionato disciolto in acqua, ma Methandriol Dipropionate rimane efficace per un<\/p>\n","protected":false},"featured_media":7378,"comment_status":"open","ping_status":"closed","template":"","meta":[],"product_brand":[],"product_cat":[69],"product_tag":[],"class_list":{"0":"post-7377","1":"product","2":"type-product","3":"status-publish","4":"has-post-thumbnail","6":"product_cat-esteroides_inyectables","8":"first","9":"outofstock","10":"sale","11":"shipping-taxable","12":"purchasable","13":"product-type-simple"},"yoast_head":"<!-- This site is optimized with the Yoast SEO Premium plugin v24.4 (Yoast SEO v27.3) - https:\/\/yoast.com\/product\/yoast-seo-premium-wordpress\/ -->\n<title>SP Methandriol 75mg - Steroidi in linea<\/title>\n<meta name=\"robots\" content=\"index, follow, max-snippet:-1, max-image-preview:large, max-video-preview:-1\" \/>\n<link rel=\"canonical\" href=\"https:\/\/iberoid-shop.com\/it\/product\/methandriol-dipropionate-75-mg-ml-10-ml-sp-laboratories\/\" \/>\n<meta property=\"og:locale\" content=\"it_IT\" \/>\n<meta property=\"og:type\" content=\"article\" \/>\n<meta property=\"og:title\" content=\"SP Methandriol 75mg\" \/>\n<meta property=\"og:description\" content=\"Methandriol 75mg\/ml (Methandriol Dipropionate) \u00e8 una forma del Methandriol dipropionato disciolto in acqua, ma Methandriol Dipropionate rimane efficace per un\" \/>\n<meta property=\"og:url\" content=\"https:\/\/iberoid-shop.com\/it\/product\/methandriol-dipropionate-75-mg-ml-10-ml-sp-laboratories\/\" \/>\n<meta property=\"og:site_name\" content=\"Steroidi in linea\" \/>\n<meta property=\"article:modified_time\" content=\"2023-08-12T15:27:59+00:00\" \/>\n<meta property=\"og:image\" content=\"https:\/\/iberoid-shop.com\/wp-content\/uploads\/2022\/03\/Methandriol_Dipropionate_sp_lab-500x500-1.jpg?v=1690929355\" \/>\n\t<meta property=\"og:image:width\" content=\"500\" \/>\n\t<meta property=\"og:image:height\" content=\"500\" \/>\n\t<meta property=\"og:image:type\" content=\"image\/jpeg\" \/>\n<meta name=\"twitter:card\" content=\"summary_large_image\" \/>\n<meta name=\"twitter:label1\" content=\"Prezzo\" \/>\n\t<meta name=\"twitter:data1\" content=\"&euro;30.00\" \/>\n\t<meta name=\"twitter:label2\" content=\"Disponibilit\u00e0\" \/>\n\t<meta name=\"twitter:data2\" content=\"Esaurito\" \/>\n<script type=\"application\/ld+json\" class=\"yoast-schema-graph\">{\"@context\":\"https:\\\/\\\/schema.org\",\"@graph\":[{\"@type\":\"WebPage\",\"@id\":\"https:\\\/\\\/iberoid-shop.com\\\/it\\\/product\\\/methandriol-dipropionate-75-mg-ml-10-ml-sp-laboratories\\\/\",\"url\":\"https:\\\/\\\/iberoid-shop.com\\\/it\\\/product\\\/methandriol-dipropionate-75-mg-ml-10-ml-sp-laboratories\\\/\",\"name\":\"SP Methandriol 75mg - Steroidi in linea\",\"isPartOf\":{\"@id\":\"https:\\\/\\\/iberoid.com\\\/#website\"},\"primaryImageOfPage\":{\"@id\":\"https:\\\/\\\/iberoid-shop.com\\\/it\\\/product\\\/methandriol-dipropionate-75-mg-ml-10-ml-sp-laboratories\\\/#primaryimage\"},\"image\":{\"@id\":\"https:\\\/\\\/iberoid-shop.com\\\/it\\\/product\\\/methandriol-dipropionate-75-mg-ml-10-ml-sp-laboratories\\\/#primaryimage\"},\"thumbnailUrl\":\"https:\\\/\\\/iberoid-shop.com\\\/wp-content\\\/uploads\\\/2022\\\/03\\\/Methandriol_Dipropionate_sp_lab-500x500-1.jpg?v=1690929355\",\"datePublished\":\"2022-03-04T20:08:45+00:00\",\"dateModified\":\"2023-08-12T15:27:59+00:00\",\"breadcrumb\":{\"@id\":\"https:\\\/\\\/iberoid-shop.com\\\/it\\\/product\\\/methandriol-dipropionate-75-mg-ml-10-ml-sp-laboratories\\\/#breadcrumb\"},\"inLanguage\":\"it-IT\",\"potentialAction\":[{\"@type\":\"ReadAction\",\"target\":[[\"https:\\\/\\\/iberoid-shop.com\\\/it\\\/product\\\/methandriol-dipropionate-75-mg-ml-10-ml-sp-laboratories\\\/\"]]}]},{\"@type\":\"ImageObject\",\"inLanguage\":\"it-IT\",\"@id\":\"https:\\\/\\\/iberoid-shop.com\\\/it\\\/product\\\/methandriol-dipropionate-75-mg-ml-10-ml-sp-laboratories\\\/#primaryimage\",\"url\":\"https:\\\/\\\/iberoid-shop.com\\\/wp-content\\\/uploads\\\/2022\\\/03\\\/Methandriol_Dipropionate_sp_lab-500x500-1.jpg?v=1690929355\",\"contentUrl\":\"https:\\\/\\\/iberoid-shop.com\\\/wp-content\\\/uploads\\\/2022\\\/03\\\/Methandriol_Dipropionate_sp_lab-500x500-1.jpg?v=1690929355\",\"width\":500,\"height\":500},{\"@type\":\"BreadcrumbList\",\"@id\":\"https:\\\/\\\/iberoid-shop.com\\\/it\\\/product\\\/methandriol-dipropionate-75-mg-ml-10-ml-sp-laboratories\\\/#breadcrumb\",\"itemListElement\":[{\"@type\":\"ListItem\",\"position\":1,\"name\":\"Portada\",\"item\":\"https:\\\/\\\/iberoid.com\\\/\"},{\"@type\":\"ListItem\",\"position\":2,\"name\":\"Negozio\",\"item\":\"https:\\\/\\\/iberoid-shop.com\\\/it\\\/shop\\\/\"},{\"@type\":\"ListItem\",\"position\":3,\"name\":\"SP Methandriol 75mg\"}]},{\"@type\":\"WebSite\",\"@id\":\"https:\\\/\\\/iberoid.com\\\/#website\",\"url\":\"https:\\\/\\\/iberoid.com\\\/\",\"name\":\"Steroidi in linea\",\"description\":\"Acquista steroidi online oggi in Spagna e Portogallo. Abbiamo il miglior servizio clienti del settore e prodotti di altissima qualit\u00e0\",\"potentialAction\":[{\"@type\":\"SearchAction\",\"target\":{\"@type\":\"EntryPoint\",\"urlTemplate\":\"https:\\\/\\\/iberoid.com\\\/?s={search_term_string}\"},\"query-input\":{\"@type\":\"PropertyValueSpecification\",\"valueRequired\":true,\"valueName\":\"search_term_string\"}}],\"inLanguage\":\"it-IT\"}]}<\/script>\n<meta property=\"product:brand\" content=\"SP Laboratories\" \/>\n<meta property=\"product:price:amount\" content=\"30.00\" \/>\n<meta property=\"product:price:currency\" content=\"EUR\" \/>\n<meta property=\"og:availability\" content=\"out of stock\" \/>\n<meta property=\"product:availability\" content=\"out of stock\" \/>\n<meta property=\"product:condition\" content=\"new\" \/>\n<!-- \/ Yoast SEO Premium plugin. -->","yoast_head_json":{"title":"SP Methandriol 75mg - Steroidi in linea","robots":{"index":"index","follow":"follow","max-snippet":"max-snippet:-1","max-image-preview":"max-image-preview:large","max-video-preview":"max-video-preview:-1"},"canonical":"https:\/\/iberoid-shop.com\/it\/product\/methandriol-dipropionate-75-mg-ml-10-ml-sp-laboratories\/","og_locale":"it_IT","og_type":"article","og_title":"SP Methandriol 75mg","og_description":"Methandriol 75mg\/ml (Methandriol Dipropionate) \u00e8 una forma del Methandriol dipropionato disciolto in acqua, ma Methandriol Dipropionate rimane efficace per un","og_url":"https:\/\/iberoid-shop.com\/it\/product\/methandriol-dipropionate-75-mg-ml-10-ml-sp-laboratories\/","og_site_name":"Steroidi in linea","article_modified_time":"2023-08-12T15:27:59+00:00","og_image":[{"width":500,"height":500,"url":"https:\/\/iberoid-shop.com\/wp-content\/uploads\/2022\/03\/Methandriol_Dipropionate_sp_lab-500x500-1.jpg?v=1690929355","type":"image\/jpeg"}],"twitter_card":"summary_large_image","twitter_misc":{"Prezzo":"&euro;30.00","Disponibilit\u00e0":"Esaurito"},"schema":{"@context":"https:\/\/schema.org","@graph":[{"@type":"WebPage","@id":"https:\/\/iberoid-shop.com\/it\/product\/methandriol-dipropionate-75-mg-ml-10-ml-sp-laboratories\/","url":"https:\/\/iberoid-shop.com\/it\/product\/methandriol-dipropionate-75-mg-ml-10-ml-sp-laboratories\/","name":"SP Methandriol 75mg - Steroidi in linea","isPartOf":{"@id":"https:\/\/iberoid.com\/#website"},"primaryImageOfPage":{"@id":"https:\/\/iberoid-shop.com\/it\/product\/methandriol-dipropionate-75-mg-ml-10-ml-sp-laboratories\/#primaryimage"},"image":{"@id":"https:\/\/iberoid-shop.com\/it\/product\/methandriol-dipropionate-75-mg-ml-10-ml-sp-laboratories\/#primaryimage"},"thumbnailUrl":"https:\/\/iberoid-shop.com\/wp-content\/uploads\/2022\/03\/Methandriol_Dipropionate_sp_lab-500x500-1.jpg?v=1690929355","datePublished":"2022-03-04T20:08:45+00:00","dateModified":"2023-08-12T15:27:59+00:00","breadcrumb":{"@id":"https:\/\/iberoid-shop.com\/it\/product\/methandriol-dipropionate-75-mg-ml-10-ml-sp-laboratories\/#breadcrumb"},"inLanguage":"it-IT","potentialAction":[{"@type":"ReadAction","target":[["https:\/\/iberoid-shop.com\/it\/product\/methandriol-dipropionate-75-mg-ml-10-ml-sp-laboratories\/"]]}]},{"@type":"ImageObject","inLanguage":"it-IT","@id":"https:\/\/iberoid-shop.com\/it\/product\/methandriol-dipropionate-75-mg-ml-10-ml-sp-laboratories\/#primaryimage","url":"https:\/\/iberoid-shop.com\/wp-content\/uploads\/2022\/03\/Methandriol_Dipropionate_sp_lab-500x500-1.jpg?v=1690929355","contentUrl":"https:\/\/iberoid-shop.com\/wp-content\/uploads\/2022\/03\/Methandriol_Dipropionate_sp_lab-500x500-1.jpg?v=1690929355","width":500,"height":500},{"@type":"BreadcrumbList","@id":"https:\/\/iberoid-shop.com\/it\/product\/methandriol-dipropionate-75-mg-ml-10-ml-sp-laboratories\/#breadcrumb","itemListElement":[{"@type":"ListItem","position":1,"name":"Portada","item":"https:\/\/iberoid.com\/"},{"@type":"ListItem","position":2,"name":"Negozio","item":"https:\/\/iberoid-shop.com\/it\/shop\/"},{"@type":"ListItem","position":3,"name":"SP Methandriol 75mg"}]},{"@type":"WebSite","@id":"https:\/\/iberoid.com\/#website","url":"https:\/\/iberoid.com\/","name":"Steroidi in linea","description":"Acquista steroidi online oggi in Spagna e Portogallo. Abbiamo il miglior servizio clienti del settore e prodotti di altissima qualit\u00e0","potentialAction":[{"@type":"SearchAction","target":{"@type":"EntryPoint","urlTemplate":"https:\/\/iberoid.com\/?s={search_term_string}"},"query-input":{"@type":"PropertyValueSpecification","valueRequired":true,"valueName":"search_term_string"}}],"inLanguage":"it-IT"}]},"product_brand":"SP Laboratories","product_price_amount":"30.00","product_price_currency":"EUR","og_availability":"out of stock","product_availability":"out of stock","product_condition":"new"},"_links":{"self":[{"href":"https:\/\/iberoid-shop.com\/it\/wp-json\/wp\/v2\/product\/7377","targetHints":{"allow":["GET"]}}],"collection":[{"href":"https:\/\/iberoid-shop.com\/it\/wp-json\/wp\/v2\/product"}],"about":[{"href":"https:\/\/iberoid-shop.com\/it\/wp-json\/wp\/v2\/types\/product"}],"replies":[{"embeddable":true,"href":"https:\/\/iberoid-shop.com\/it\/wp-json\/wp\/v2\/comments?post=7377"}],"wp:featuredmedia":[{"embeddable":true,"href":"https:\/\/iberoid-shop.com\/it\/wp-json\/wp\/v2\/media\/7378"}],"wp:attachment":[{"href":"https:\/\/iberoid-shop.com\/it\/wp-json\/wp\/v2\/media?parent=7377"}],"wp:term":[{"taxonomy":"product_brand","embeddable":true,"href":"https:\/\/iberoid-shop.com\/it\/wp-json\/wp\/v2\/product_brand?post=7377"},{"taxonomy":"product_cat","embeddable":true,"href":"https:\/\/iberoid-shop.com\/it\/wp-json\/wp\/v2\/product_cat?post=7377"},{"taxonomy":"product_tag","embeddable":true,"href":"https:\/\/iberoid-shop.com\/it\/wp-json\/wp\/v2\/product_tag?post=7377"}],"curies":[{"name":"wp","href":"https:\/\/api.w.org\/{rel}","templated":true}]}}